{"id":60461,"date":"2020-05-09T12:08:40","date_gmt":"2020-05-09T10:08:40","guid":{"rendered":"https:\/\/teiaeducation.ch\/product\/blanko-puzzle-aus-karton-arts-crafts\/"},"modified":"2025-12-04T00:02:33","modified_gmt":"2025-12-03T23:02:33","slug":"blanko-puzzle-aus-karton-arts-crafts","status":"publish","type":"product","link":"https:\/\/teiaeducation.ch\/de\/produkt\/blanko-puzzle-aus-karton-arts-crafts\/","title":{"rendered":"Blanko Puzzle aus Karton &#8211; Arts &amp; Crafts"},"content":{"rendered":"<p>Mit dem Blanko Puzzle aus Karton aus der Heutink Arts &amp; Crafts Kollektion kann das Kind sein eigenes Puzzle gestalten und dekorieren! Das Puzzle wird in den Niederlanden hergestellt, ist komplett einfarbig und enth\u00e4lt 30 Puzzleteile.<\/p>\n<p>Das Puzzle kann je nach Kreativit\u00e4t des Kindes z. B. mit <a href=\"https:\/\/teiaeducation.ch\/product\/3-sided-inset-pencils-pink-nienhuis-montessori\/\">Bleistiften<\/a>, <a href=\"https:\/\/teiaeducation.ch\/product\/felt-tip-pens-pouch-of-10-arts-crafts\/\">Filzstiften<\/a> oder <a href=\"https:\/\/teiaeducation.ch\/product\/long-wax-crayons-12-arts-crafts\/\">Wachsmalkreiden<\/a> ausgemalt werden.<\/p>\n<p>Das umfangreiche Angebot an Kunsthandwerksmaterialien, das von Heutink International speziell ausgew\u00e4hlt wurde, erm\u00f6glicht es Kindern jeden Alters und jeder F\u00e4higkeit, kreativ zu sein, ihre Fantasie zu nutzen und ihr k\u00fcnstlerisches Potenzial zu erkunden. Diese ungiftigen Kreativmaterialien erm\u00f6glichen es Kindern, ihre k\u00fcnstlerischen F\u00e4higkeiten frei zu erforschen, was zur Entwicklung ihrer motorischen F\u00e4higkeiten, ihrer sozialen und emotionalen Intelligenz, ihrer r\u00e4umlichen Orientierung, ihrer Konzentration, ihrer Kommunikations- und Probleml\u00f6sungsf\u00e4higkeiten beitr\u00e4gt. Alle angebotenen Produkte sind von h\u00f6chster Qualit\u00e4t, sie sind sicher und nachhaltig.<\/p>\n<p>Das Puzzle ist 21 mal 30 Zentimeter gro\u00df.<\/p>\n<p>Inhalt:<\/p>\n<p>1 Blanko Puzzle aus Karton<\/p>\n","protected":false},"excerpt":{"rendered":"<p>Artikelnummer: E0621123<\/p>\n<p>Das Blanko Puzzle aus Karton aus der Heutink Arts &amp; Crafts Kollektion enth\u00e4lt 30 Puzzleteile und erm\u00f6glicht es dem Kind, sein eigenes Puzzle zu erstellen!<\/p>\n","protected":false},"featured_media":60462,"comment_status":"open","ping_status":"closed","template":"","meta":[],"product_brand":[],"product_cat":[21444,21445,21446,21594,23651,21490,21447,21457,21443,21563,22362,21494,21495,21496,21564,21450],"product_tag":[29070,29022],"class_list":{"0":"post-60461","1":"product","2":"type-product","3":"status-publish","4":"has-post-thumbnail","6":"product_cat-1-3-jahre-kleinkind","7":"product_cat-3-6-jahre-vorschule","8":"product_cat-6-12-jahre-grundschule","9":"product_cat-arts-crafts-heutink","10":"product_cat-back-to-school-de","11":"product_cat-geschenk-guide-kreativ","12":"product_cat-malen-basteln","13":"product_cat-malen","14":"product_cat-nach-alter","15":"product_cat-neuheiten","16":"product_cat-saisonale-kollektionen","17":"product_cat-schulbedarf-fuer-zuhause","18":"product_cat-schulbedarf-fuer-zuhause-3-6-jahre","19":"product_cat-schulbedarf-fuer-zuhause-6-12-jahre","20":"product_cat-unsere-marken","21":"product_cat-zeichnen-malen","22":"product_tag-blanko-puzzle-aus-karton","23":"product_tag-naturliches-material","25":"first","26":"instock","27":"taxable","28":"shipping-taxable","29":"purchasable","30":"product-type-simple"},"yoast_head":"<!-- This site is optimized with the Yoast SEO plugin v27.1.1 - https:\/\/yoast.com\/product\/yoast-seo-wordpress\/ -->\n<title>Blanko Puzzle aus Karton - Arts &amp; Crafts - Teia Education &amp; Play<\/title>\n<meta name=\"description\" content=\"Das Blanko Puzzle aus Karton aus der Heutink Arts &amp; Crafts Kollektion enth\u00e4lt 30 Puzzleteile und erm\u00f6glicht es dem Kind, sein eigenes Puzzle zu erstellen.\" \/>\n<meta name=\"robots\" content=\"index, follow, max-snippet:-1, max-image-preview:large, max-video-preview:-1\" \/>\n<link rel=\"canonical\" href=\"https:\/\/teiaeducation.ch\/de\/produkt\/blanko-puzzle-aus-karton-arts-crafts\/\" \/>\n<meta property=\"og:locale\" content=\"de_DE\" \/>\n<meta property=\"og:type\" content=\"article\" \/>\n<meta property=\"og:title\" content=\"Blanko Puzzle aus Karton - Arts &amp; Crafts - Teia Education &amp; Play\" \/>\n<meta property=\"og:description\" content=\"Das Blanko Puzzle aus Karton aus der Heutink Arts &amp; Crafts Kollektion enth\u00e4lt 30 Puzzleteile und erm\u00f6glicht es dem Kind, sein eigenes Puzzle zu erstellen.\" \/>\n<meta property=\"og:url\" content=\"https:\/\/teiaeducation.ch\/de\/produkt\/blanko-puzzle-aus-karton-arts-crafts\/\" \/>\n<meta property=\"og:site_name\" content=\"Sustainable Educational Products &amp; Ecological Toys\u00a0\" \/>\n<meta property=\"article:publisher\" content=\"https:\/\/www.facebook.com\/teiaeducation\/\" \/>\n<meta property=\"article:modified_time\" content=\"2025-12-03T23:02:33+00:00\" \/>\n<meta property=\"og:image\" content=\"https:\/\/teiaeducation.ch\/wp-content\/uploads\/2020\/05\/Cardboard-puzzle-blank-Arts-Crafts-scaled-scaled.jpg\" \/>\n\t<meta property=\"og:image:width\" content=\"2048\" \/>\n\t<meta property=\"og:image:height\" content=\"2048\" \/>\n\t<meta property=\"og:image:type\" content=\"image\/jpeg\" \/>\n<script type=\"application\/ld+json\" class=\"yoast-schema-graph\">{\"@context\":\"https:\/\/schema.org\",\"@graph\":[{\"@type\":\"WebPage\",\"@id\":\"https:\/\/teiaeducation.ch\/de\/produkt\/blanko-puzzle-aus-karton-arts-crafts\/\",\"url\":\"https:\/\/teiaeducation.ch\/de\/produkt\/blanko-puzzle-aus-karton-arts-crafts\/\",\"name\":\"Blanko Puzzle aus Karton - Arts &amp; Crafts - Teia Education & Play\",\"isPartOf\":{\"@id\":\"https:\/\/teiaeducation.ch\/de\/#website\"},\"primaryImageOfPage\":{\"@id\":\"https:\/\/teiaeducation.ch\/de\/produkt\/blanko-puzzle-aus-karton-arts-crafts\/#primaryimage\"},\"image\":{\"@id\":\"https:\/\/teiaeducation.ch\/de\/produkt\/blanko-puzzle-aus-karton-arts-crafts\/#primaryimage\"},\"thumbnailUrl\":\"https:\/\/teiaeducation.ch\/wp-content\/uploads\/2020\/05\/Cardboard-puzzle-blank-Arts-Crafts-scaled-scaled.jpg\",\"datePublished\":\"2020-05-09T10:08:40+00:00\",\"dateModified\":\"2025-12-03T23:02:33+00:00\",\"description\":\"Das Blanko Puzzle aus Karton aus der Heutink Arts & Crafts Kollektion enth\u00e4lt 30 Puzzleteile und erm\u00f6glicht es dem Kind, sein eigenes Puzzle zu erstellen.\",\"breadcrumb\":{\"@id\":\"https:\/\/teiaeducation.ch\/de\/produkt\/blanko-puzzle-aus-karton-arts-crafts\/#breadcrumb\"},\"inLanguage\":\"de-CH\",\"potentialAction\":[{\"@type\":\"ReadAction\",\"target\":[\"https:\/\/teiaeducation.ch\/de\/produkt\/blanko-puzzle-aus-karton-arts-crafts\/\"]}]},{\"@type\":\"ImageObject\",\"inLanguage\":\"de-CH\",\"@id\":\"https:\/\/teiaeducation.ch\/de\/produkt\/blanko-puzzle-aus-karton-arts-crafts\/#primaryimage\",\"url\":\"https:\/\/teiaeducation.ch\/wp-content\/uploads\/2020\/05\/Cardboard-puzzle-blank-Arts-Crafts-scaled-scaled.jpg\",\"contentUrl\":\"https:\/\/teiaeducation.ch\/wp-content\/uploads\/2020\/05\/Cardboard-puzzle-blank-Arts-Crafts-scaled-scaled.jpg\",\"width\":2048,\"height\":2048,\"caption\":\"Blanko Puzzle aus Karton - Arts &amp; Crafts\"},{\"@type\":\"BreadcrumbList\",\"@id\":\"https:\/\/teiaeducation.ch\/de\/produkt\/blanko-puzzle-aus-karton-arts-crafts\/#breadcrumb\",\"itemListElement\":[{\"@type\":\"ListItem\",\"position\":1,\"name\":\"Home\",\"item\":\"https:\/\/teiaeducation.ch\/de\/\"},{\"@type\":\"ListItem\",\"position\":2,\"name\":\"Laden\",\"item\":\"https:\/\/teiaeducation.ch\/de\/shop\/\"},{\"@type\":\"ListItem\",\"position\":3,\"name\":\"Blanko Puzzle aus Karton &#8211; Arts &amp; Crafts\"}]},{\"@type\":\"WebSite\",\"@id\":\"https:\/\/teiaeducation.ch\/de\/#website\",\"url\":\"https:\/\/teiaeducation.ch\/de\/\",\"name\":\"Sustainable Educational Products &amp; Ecological Toys\u00a0\",\"description\":\"Specialised Swiss shop selling sustainable educational toys and games, AMI certified Montessori materials, handmade ecological wooden Waldorf toys and arts &amp; crafts supplies, school supplies, children&#039;s furniture and Montessori reference and parenting books.\",\"publisher\":{\"@id\":\"https:\/\/teiaeducation.ch\/de\/#organization\"},\"alternateName\":\"Teia Education & Play\",\"potentialAction\":[{\"@type\":\"SearchAction\",\"target\":{\"@type\":\"EntryPoint\",\"urlTemplate\":\"https:\/\/teiaeducation.ch\/de\/?s={search_term_string}\"},\"query-input\":{\"@type\":\"PropertyValueSpecification\",\"valueRequired\":true,\"valueName\":\"search_term_string\"}}],\"inLanguage\":\"de-CH\"},{\"@type\":\"Organization\",\"@id\":\"https:\/\/teiaeducation.ch\/de\/#organization\",\"name\":\"Teia Education & Play\",\"url\":\"https:\/\/teiaeducation.ch\/de\/\",\"logo\":{\"@type\":\"ImageObject\",\"inLanguage\":\"de-CH\",\"@id\":\"https:\/\/teiaeducation.ch\/de\/#\/schema\/logo\/image\/\",\"url\":\"https:\/\/teiaeducation.ch\/wp-content\/uploads\/2020\/11\/Teia-Education-Switzerland-e1620156442216.jpg\",\"contentUrl\":\"https:\/\/teiaeducation.ch\/wp-content\/uploads\/2020\/11\/Teia-Education-Switzerland-e1620156442216.jpg\",\"width\":166,\"height\":145,\"caption\":\"Teia Education & Play\"},\"image\":{\"@id\":\"https:\/\/teiaeducation.ch\/de\/#\/schema\/logo\/image\/\"},\"sameAs\":[\"https:\/\/www.facebook.com\/teiaeducation\/\",\"https:\/\/x.com\/EducationTeia\",\"https:\/\/www.instagram.com\/teia.education\/\",\"https:\/\/www.linkedin.com\/company\/35501660\",\"https:\/\/www.pinterest.ch\/TeiaEducation\/\"]}]}<\/script>\n<!-- \/ Yoast SEO plugin. -->","yoast_head_json":{"title":"Blanko Puzzle aus Karton - Arts &amp; Crafts - Teia Education & Play","description":"Das Blanko Puzzle aus Karton aus der Heutink Arts & Crafts Kollektion enth\u00e4lt 30 Puzzleteile und erm\u00f6glicht es dem Kind, sein eigenes Puzzle zu erstellen.","robots":{"index":"index","follow":"follow","max-snippet":"max-snippet:-1","max-image-preview":"max-image-preview:large","max-video-preview":"max-video-preview:-1"},"canonical":"https:\/\/teiaeducation.ch\/de\/produkt\/blanko-puzzle-aus-karton-arts-crafts\/","og_locale":"de_DE","og_type":"article","og_title":"Blanko Puzzle aus Karton - Arts &amp; Crafts - Teia Education & Play","og_description":"Das Blanko Puzzle aus Karton aus der Heutink Arts & Crafts Kollektion enth\u00e4lt 30 Puzzleteile und erm\u00f6glicht es dem Kind, sein eigenes Puzzle zu erstellen.","og_url":"https:\/\/teiaeducation.ch\/de\/produkt\/blanko-puzzle-aus-karton-arts-crafts\/","og_site_name":"Sustainable Educational Products &amp; Ecological Toys\u00a0","article_publisher":"https:\/\/www.facebook.com\/teiaeducation\/","article_modified_time":"2025-12-03T23:02:33+00:00","og_image":[{"width":2048,"height":2048,"url":"https:\/\/teiaeducation.ch\/wp-content\/uploads\/2020\/05\/Cardboard-puzzle-blank-Arts-Crafts-scaled-scaled.jpg","type":"image\/jpeg"}],"schema":{"@context":"https:\/\/schema.org","@graph":[{"@type":"WebPage","@id":"https:\/\/teiaeducation.ch\/de\/produkt\/blanko-puzzle-aus-karton-arts-crafts\/","url":"https:\/\/teiaeducation.ch\/de\/produkt\/blanko-puzzle-aus-karton-arts-crafts\/","name":"Blanko Puzzle aus Karton - Arts &amp; Crafts - Teia Education & Play","isPartOf":{"@id":"https:\/\/teiaeducation.ch\/de\/#website"},"primaryImageOfPage":{"@id":"https:\/\/teiaeducation.ch\/de\/produkt\/blanko-puzzle-aus-karton-arts-crafts\/#primaryimage"},"image":{"@id":"https:\/\/teiaeducation.ch\/de\/produkt\/blanko-puzzle-aus-karton-arts-crafts\/#primaryimage"},"thumbnailUrl":"https:\/\/teiaeducation.ch\/wp-content\/uploads\/2020\/05\/Cardboard-puzzle-blank-Arts-Crafts-scaled-scaled.jpg","datePublished":"2020-05-09T10:08:40+00:00","dateModified":"2025-12-03T23:02:33+00:00","description":"Das Blanko Puzzle aus Karton aus der Heutink Arts & Crafts Kollektion enth\u00e4lt 30 Puzzleteile und erm\u00f6glicht es dem Kind, sein eigenes Puzzle zu erstellen.","breadcrumb":{"@id":"https:\/\/teiaeducation.ch\/de\/produkt\/blanko-puzzle-aus-karton-arts-crafts\/#breadcrumb"},"inLanguage":"de-CH","potentialAction":[{"@type":"ReadAction","target":["https:\/\/teiaeducation.ch\/de\/produkt\/blanko-puzzle-aus-karton-arts-crafts\/"]}]},{"@type":"ImageObject","inLanguage":"de-CH","@id":"https:\/\/teiaeducation.ch\/de\/produkt\/blanko-puzzle-aus-karton-arts-crafts\/#primaryimage","url":"https:\/\/teiaeducation.ch\/wp-content\/uploads\/2020\/05\/Cardboard-puzzle-blank-Arts-Crafts-scaled-scaled.jpg","contentUrl":"https:\/\/teiaeducation.ch\/wp-content\/uploads\/2020\/05\/Cardboard-puzzle-blank-Arts-Crafts-scaled-scaled.jpg","width":2048,"height":2048,"caption":"Blanko Puzzle aus Karton - Arts &amp; Crafts"},{"@type":"BreadcrumbList","@id":"https:\/\/teiaeducation.ch\/de\/produkt\/blanko-puzzle-aus-karton-arts-crafts\/#breadcrumb","itemListElement":[{"@type":"ListItem","position":1,"name":"Home","item":"https:\/\/teiaeducation.ch\/de\/"},{"@type":"ListItem","position":2,"name":"Laden","item":"https:\/\/teiaeducation.ch\/de\/shop\/"},{"@type":"ListItem","position":3,"name":"Blanko Puzzle aus Karton &#8211; Arts &amp; Crafts"}]},{"@type":"WebSite","@id":"https:\/\/teiaeducation.ch\/de\/#website","url":"https:\/\/teiaeducation.ch\/de\/","name":"Sustainable Educational Products &amp; Ecological Toys\u00a0","description":"Specialised Swiss shop selling sustainable educational toys and games, AMI certified Montessori materials, handmade ecological wooden Waldorf toys and arts &amp; crafts supplies, school supplies, children&#039;s furniture and Montessori reference and parenting books.","publisher":{"@id":"https:\/\/teiaeducation.ch\/de\/#organization"},"alternateName":"Teia Education & Play","potentialAction":[{"@type":"SearchAction","target":{"@type":"EntryPoint","urlTemplate":"https:\/\/teiaeducation.ch\/de\/?s={search_term_string}"},"query-input":{"@type":"PropertyValueSpecification","valueRequired":true,"valueName":"search_term_string"}}],"inLanguage":"de-CH"},{"@type":"Organization","@id":"https:\/\/teiaeducation.ch\/de\/#organization","name":"Teia Education & Play","url":"https:\/\/teiaeducation.ch\/de\/","logo":{"@type":"ImageObject","inLanguage":"de-CH","@id":"https:\/\/teiaeducation.ch\/de\/#\/schema\/logo\/image\/","url":"https:\/\/teiaeducation.ch\/wp-content\/uploads\/2020\/11\/Teia-Education-Switzerland-e1620156442216.jpg","contentUrl":"https:\/\/teiaeducation.ch\/wp-content\/uploads\/2020\/11\/Teia-Education-Switzerland-e1620156442216.jpg","width":166,"height":145,"caption":"Teia Education & Play"},"image":{"@id":"https:\/\/teiaeducation.ch\/de\/#\/schema\/logo\/image\/"},"sameAs":["https:\/\/www.facebook.com\/teiaeducation\/","https:\/\/x.com\/EducationTeia","https:\/\/www.instagram.com\/teia.education\/","https:\/\/www.linkedin.com\/company\/35501660","https:\/\/www.pinterest.ch\/TeiaEducation\/"]}]}},"_links":{"self":[{"href":"https:\/\/teiaeducation.ch\/de\/wp-json\/wp\/v2\/product\/60461","targetHints":{"allow":["GET"]}}],"collection":[{"href":"https:\/\/teiaeducation.ch\/de\/wp-json\/wp\/v2\/product"}],"about":[{"href":"https:\/\/teiaeducation.ch\/de\/wp-json\/wp\/v2\/types\/product"}],"replies":[{"embeddable":true,"href":"https:\/\/teiaeducation.ch\/de\/wp-json\/wp\/v2\/comments?post=60461"}],"wp:featuredmedia":[{"embeddable":true,"href":"https:\/\/teiaeducation.ch\/de\/wp-json\/wp\/v2\/media\/60462"}],"wp:attachment":[{"href":"https:\/\/teiaeducation.ch\/de\/wp-json\/wp\/v2\/media?parent=60461"}],"wp:term":[{"taxonomy":"product_brand","embeddable":true,"href":"https:\/\/teiaeducation.ch\/de\/wp-json\/wp\/v2\/product_brand?post=60461"},{"taxonomy":"product_cat","embeddable":true,"href":"https:\/\/teiaeducation.ch\/de\/wp-json\/wp\/v2\/product_cat?post=60461"},{"taxonomy":"product_tag","embeddable":true,"href":"https:\/\/teiaeducation.ch\/de\/wp-json\/wp\/v2\/product_tag?post=60461"}],"curies":[{"name":"wp","href":"https:\/\/api.w.org\/{rel}","templated":true}]}}