{"id":60467,"date":"2021-01-17T20:42:41","date_gmt":"2021-01-17T19:42:41","guid":{"rendered":"https:\/\/teiaeducation.ch\/product\/phonetische-bilder-und-etiketten-englisch-nienhuis-montessori\/"},"modified":"2024-08-27T12:57:02","modified_gmt":"2024-08-27T10:57:02","slug":"phonetische-bilder-und-etiketten-englisch-nienhuis-montessori","status":"publish","type":"product","link":"https:\/\/teiaeducation.ch\/de\/produkt\/phonetische-bilder-und-etiketten-englisch-nienhuis-montessori\/","title":{"rendered":"Phonetische Bilder und Etiketten (Englisch) &#8211; Nienhuis Montessori"},"content":{"rendered":"<p>Das Nienhuis Montessori Phonetische Bilder und Etiketten in Englisch ist ein Lehrplanunterst\u00fctzungsmaterial aus dem Bereich <a href=\"https:\/\/teiaeducation.ch\/product-category\/brands\/nienhuis-montessori-educational-materials\/nienhuis-language\/\">Sprache<\/a>.<\/p>\n<p>Dieses Set enth\u00e4lt 160 Karten, auf denen jeweils ein einzelnes Objekt abgebildet ist, sowie die passenden Etiketten.<\/p>\n<p>Die Karten und Etiketten sind in Schwarz-Wei\u00df auf laminiertem Karton gedruckt, um die Haltbarkeit zu gew\u00e4hrleisten.<\/p>\n<p>Dieses <a href=\"https:\/\/teiaeducation.ch\/product-category\/education-method\/the-montessori-pedagogy-materials-toys\/\">Montessori-Material<\/a> ist f\u00fcr Kinder ab 5 Jahren geeignet.<\/p>\n<p>Inhalt:<\/p>\n<p>1 Satz phonetischer Bilder und Etiketten<\/p>\n<p><em>Wir haben diesen Artikel derzeit nicht auf Lager, aber er ist auf Vorbestellung erh\u00e4ltlich. Dieser Artikel wird f\u00fcr Sie bei unserem Lieferanten bestellt. Aufgrund der Einfuhr aus der Europ\u00e4ischen Union in die Schweiz erwarten wir eine Lieferzeit von 2 bis maximal 3 Wochen.<\/em><\/p>\n\t<div id=\"gap-1142849806\" class=\"gap-element clearfix\" style=\"display:block; height:auto;\">\n\t\t\n<style>\n#gap-1142849806 {\n  padding-top: 20px;\n}\n<\/style>\n\t<\/div>\n\t\n<h2>\u00dcber Nienhuis Montessori<\/h2>\n<p>Die Niederl\u00e4ndische Marke <a href=\"https:\/\/teiaeducation.ch\/product-category\/brands\/nienhuis-montessori-educational-materials\/\">Nienhuis Montessori<\/a> ist die weltweit f\u00fchrende <a href=\"https:\/\/teiaeducation.ch\/what-is-montessori-education\/\">Montessori-Marke<\/a>, die das Erbe von Maria Montessori ehrt und fortf\u00fchrt und das breiteste und innovativste Sortiment an Montessori-Materialien, <a href=\"https:\/\/teiaeducation.ch\/product-category\/classroom-essentials\/montessori-furniture\/\">-M\u00f6beln<\/a> und <a href=\"https:\/\/teiaeducation.ch\/product-category\/brands\/nienhuis-montessori-educational-materials\/add-ons\/\">verwandten Produkten<\/a> herstellt. Die hochwertigen Nienhuis Montessori Produkte geben den Kindern die Werkzeuge, die sie brauchen, um Unabhangig und kritisch zu denken. Alle Nienhuis Montessori Materialien sind vom Materialkomitee der Association Montessori Internationale (<a href=\"https:\/\/montessori-ami.org\/\">AMI<\/a>) zertifiziert und werden sorgf\u00e4ltig hergestellt, um Schwierigkeiten zu isolieren, so dass die Kinder sich konzentrieren, lernen und sich entwickeln k\u00f6nnen.<\/p>\n<p>Nienhuis Montessori ist eine der Marken des Niederlandischen Unternehmens Heutink International, das weltweit die besten pedagogischen Marken anbietet, die auf <a href=\"https:\/\/teiaeducation.ch\/product-category\/hgh-quality-toys-play\/\">spielerisches<\/a> Lernen ausgerichtet sind.<\/p>\n","protected":false},"excerpt":{"rendered":"<p>Artikelnummer: 563400<\/p>\n<p>Das Nienhuis Montessori Phonetische Bilder und Etiketten Set enth\u00e4lt 160 Karten, auf denen jeweils ein Gegenstand abgebildet ist, sowie die dazugeh\u00f6rigen Etiketten.<\/p>\n","protected":false},"featured_media":60468,"comment_status":"open","ping_status":"closed","template":"","meta":[],"product_brand":[],"product_cat":[21445,21446,21524,21479,21571,21509,21499,21498,21481,21443,21563,21572,21501,21494,21651,21564],"product_tag":[23108,22981,29075,26006,26034],"class_list":{"0":"post-60467","1":"product","2":"type-product","3":"status-publish","4":"has-post-thumbnail","6":"product_cat-3-6-jahre-vorschule","7":"product_cat-6-12-jahre-grundschule","8":"product_cat-alphabetisierung-sprache","9":"product_cat-lernmaterialien-spielzeug-montessori-waldorf-steiner-froebel","10":"product_cat-curriculum-erganzung-nienhuis-montessori","11":"product_cat-lernthemen","12":"product_cat-lernunterstuetzung","13":"product_cat-montessori-materialien-fuer-zuhause-schulbedarf-fuer-zuhause","14":"product_cat-montessori-paedagogik-material-spielzeug","15":"product_cat-nach-alter","16":"product_cat-neuheiten","17":"product_cat-nienhuis-montessori-schweiz","18":"product_cat-nomenklatur-karten","19":"product_cat-schulbedarf-fuer-zuhause","20":"product_cat-sprache-nienhuis-montessori","21":"product_cat-unsere-marken","22":"product_tag-montessori-kleinkind-3-6","23":"product_tag-nienhuis-montessori-de","24":"product_tag-phonetische-bilder-und-etiketten-nienhuis-montessori","25":"product_tag-sprache","26":"product_tag-unterstutzung-des-lehrplans","28":"first","29":"onbackorder","30":"sold-individually","31":"taxable","32":"shipping-taxable","33":"purchasable","34":"product-type-simple"},"yoast_head":"<!-- This site is optimized with the Yoast SEO plugin v27.1.1 - https:\/\/yoast.com\/product\/yoast-seo-wordpress\/ -->\n<title>Phonetische Bilder und Etiketten (Englisch) - Nienhuis Montessori<\/title>\n<meta name=\"description\" content=\"Das Nienhuis Montessori Phonetische Bilder und Etiketten Set enth\u00e4lt 160 Karten, auf denen ein Gegenstand abgebildet ist, und die dazugeh\u00f6rigen Etiketten.\" \/>\n<meta name=\"robots\" content=\"index, follow, max-snippet:-1, max-image-preview:large, max-video-preview:-1\" \/>\n<link rel=\"canonical\" href=\"https:\/\/teiaeducation.ch\/de\/produkt\/phonetische-bilder-und-etiketten-englisch-nienhuis-montessori\/\" \/>\n<meta property=\"og:locale\" content=\"de_DE\" \/>\n<meta property=\"og:type\" content=\"article\" \/>\n<meta property=\"og:title\" content=\"Phonetische Bilder und Etiketten (Englisch) - Nienhuis Montessori\" \/>\n<meta property=\"og:description\" content=\"Das Nienhuis Montessori Phonetische Bilder und Etiketten Set enth\u00e4lt 160 Karten, auf denen ein Gegenstand abgebildet ist, und die dazugeh\u00f6rigen Etiketten.\" \/>\n<meta property=\"og:url\" content=\"https:\/\/teiaeducation.ch\/de\/produkt\/phonetische-bilder-und-etiketten-englisch-nienhuis-montessori\/\" \/>\n<meta property=\"og:site_name\" content=\"Sustainable Educational Products &amp; Ecological Toys\u00a0\" \/>\n<meta property=\"article:publisher\" content=\"https:\/\/www.facebook.com\/teiaeducation\/\" \/>\n<meta property=\"article:modified_time\" content=\"2024-08-27T10:57:02+00:00\" \/>\n<meta property=\"og:image\" content=\"https:\/\/teiaeducation.ch\/wp-content\/uploads\/2019\/05\/400_563400_main_or_1-scaled-scaled.jpg\" \/>\n\t<meta property=\"og:image:width\" content=\"2048\" \/>\n\t<meta property=\"og:image:height\" content=\"2048\" \/>\n\t<meta property=\"og:image:type\" content=\"image\/jpeg\" \/>\n<script type=\"application\/ld+json\" class=\"yoast-schema-graph\">{\"@context\":\"https:\/\/schema.org\",\"@graph\":[{\"@type\":\"WebPage\",\"@id\":\"https:\/\/teiaeducation.ch\/de\/produkt\/phonetische-bilder-und-etiketten-englisch-nienhuis-montessori\/\",\"url\":\"https:\/\/teiaeducation.ch\/de\/produkt\/phonetische-bilder-und-etiketten-englisch-nienhuis-montessori\/\",\"name\":\"Phonetische Bilder und Etiketten (Englisch) - Nienhuis Montessori\",\"isPartOf\":{\"@id\":\"https:\/\/teiaeducation.ch\/de\/#website\"},\"primaryImageOfPage\":{\"@id\":\"https:\/\/teiaeducation.ch\/de\/produkt\/phonetische-bilder-und-etiketten-englisch-nienhuis-montessori\/#primaryimage\"},\"image\":{\"@id\":\"https:\/\/teiaeducation.ch\/de\/produkt\/phonetische-bilder-und-etiketten-englisch-nienhuis-montessori\/#primaryimage\"},\"thumbnailUrl\":\"https:\/\/teiaeducation.ch\/wp-content\/uploads\/2019\/05\/400_563400_main_or_1-scaled-scaled.jpg\",\"datePublished\":\"2021-01-17T19:42:41+00:00\",\"dateModified\":\"2024-08-27T10:57:02+00:00\",\"description\":\"Das Nienhuis Montessori Phonetische Bilder und Etiketten Set enth\u00e4lt 160 Karten, auf denen ein Gegenstand abgebildet ist, und die dazugeh\u00f6rigen Etiketten.\",\"breadcrumb\":{\"@id\":\"https:\/\/teiaeducation.ch\/de\/produkt\/phonetische-bilder-und-etiketten-englisch-nienhuis-montessori\/#breadcrumb\"},\"inLanguage\":\"de-CH\",\"potentialAction\":[{\"@type\":\"ReadAction\",\"target\":[\"https:\/\/teiaeducation.ch\/de\/produkt\/phonetische-bilder-und-etiketten-englisch-nienhuis-montessori\/\"]}]},{\"@type\":\"ImageObject\",\"inLanguage\":\"de-CH\",\"@id\":\"https:\/\/teiaeducation.ch\/de\/produkt\/phonetische-bilder-und-etiketten-englisch-nienhuis-montessori\/#primaryimage\",\"url\":\"https:\/\/teiaeducation.ch\/wp-content\/uploads\/2019\/05\/400_563400_main_or_1-scaled-scaled.jpg\",\"contentUrl\":\"https:\/\/teiaeducation.ch\/wp-content\/uploads\/2019\/05\/400_563400_main_or_1-scaled-scaled.jpg\",\"width\":2048,\"height\":2048,\"caption\":\"Phonetische Bilder und Etiketten (Englisch) - Nienhuis Montessori\"},{\"@type\":\"BreadcrumbList\",\"@id\":\"https:\/\/teiaeducation.ch\/de\/produkt\/phonetische-bilder-und-etiketten-englisch-nienhuis-montessori\/#breadcrumb\",\"itemListElement\":[{\"@type\":\"ListItem\",\"position\":1,\"name\":\"Home\",\"item\":\"https:\/\/teiaeducation.ch\/de\/\"},{\"@type\":\"ListItem\",\"position\":2,\"name\":\"Laden\",\"item\":\"https:\/\/teiaeducation.ch\/de\/shop\/\"},{\"@type\":\"ListItem\",\"position\":3,\"name\":\"Unsere Marken\",\"item\":\"https:\/\/teiaeducation.ch\/de\/produkt-kategorie\/unsere-marken\/\"},{\"@type\":\"ListItem\",\"position\":4,\"name\":\"Nienhuis Montessori Schweiz\",\"item\":\"https:\/\/teiaeducation.ch\/de\/produkt-kategorie\/unsere-marken\/nienhuis-montessori-schweiz\/\"},{\"@type\":\"ListItem\",\"position\":5,\"name\":\"Curriculum Erg\u00e4nzung Material\",\"item\":\"https:\/\/teiaeducation.ch\/de\/produkt-kategorie\/unsere-marken\/nienhuis-montessori-schweiz\/curriculum-erganzung-nienhuis-montessori\/\"},{\"@type\":\"ListItem\",\"position\":6,\"name\":\"Phonetische Bilder und Etiketten (Englisch) &#8211; Nienhuis Montessori\"}]},{\"@type\":\"WebSite\",\"@id\":\"https:\/\/teiaeducation.ch\/de\/#website\",\"url\":\"https:\/\/teiaeducation.ch\/de\/\",\"name\":\"Sustainable Educational Products &amp; Ecological Toys\u00a0\",\"description\":\"Specialised Swiss shop selling sustainable educational toys and games, AMI certified Montessori materials, handmade ecological wooden Waldorf toys and arts &amp; crafts supplies, school supplies, children&#039;s furniture and Montessori reference and parenting books.\",\"publisher\":{\"@id\":\"https:\/\/teiaeducation.ch\/de\/#organization\"},\"alternateName\":\"Teia Education & Play\",\"potentialAction\":[{\"@type\":\"SearchAction\",\"target\":{\"@type\":\"EntryPoint\",\"urlTemplate\":\"https:\/\/teiaeducation.ch\/de\/?s={search_term_string}\"},\"query-input\":{\"@type\":\"PropertyValueSpecification\",\"valueRequired\":true,\"valueName\":\"search_term_string\"}}],\"inLanguage\":\"de-CH\"},{\"@type\":\"Organization\",\"@id\":\"https:\/\/teiaeducation.ch\/de\/#organization\",\"name\":\"Teia Education & Play\",\"url\":\"https:\/\/teiaeducation.ch\/de\/\",\"logo\":{\"@type\":\"ImageObject\",\"inLanguage\":\"de-CH\",\"@id\":\"https:\/\/teiaeducation.ch\/de\/#\/schema\/logo\/image\/\",\"url\":\"https:\/\/teiaeducation.ch\/wp-content\/uploads\/2020\/11\/Teia-Education-Switzerland-e1620156442216.jpg\",\"contentUrl\":\"https:\/\/teiaeducation.ch\/wp-content\/uploads\/2020\/11\/Teia-Education-Switzerland-e1620156442216.jpg\",\"width\":166,\"height\":145,\"caption\":\"Teia Education & Play\"},\"image\":{\"@id\":\"https:\/\/teiaeducation.ch\/de\/#\/schema\/logo\/image\/\"},\"sameAs\":[\"https:\/\/www.facebook.com\/teiaeducation\/\",\"https:\/\/x.com\/EducationTeia\",\"https:\/\/www.instagram.com\/teia.education\/\",\"https:\/\/www.linkedin.com\/company\/35501660\",\"https:\/\/www.pinterest.ch\/TeiaEducation\/\"]}]}<\/script>\n<!-- \/ Yoast SEO plugin. -->","yoast_head_json":{"title":"Phonetische Bilder und Etiketten (Englisch) - Nienhuis Montessori","description":"Das Nienhuis Montessori Phonetische Bilder und Etiketten Set enth\u00e4lt 160 Karten, auf denen ein Gegenstand abgebildet ist, und die dazugeh\u00f6rigen Etiketten.","robots":{"index":"index","follow":"follow","max-snippet":"max-snippet:-1","max-image-preview":"max-image-preview:large","max-video-preview":"max-video-preview:-1"},"canonical":"https:\/\/teiaeducation.ch\/de\/produkt\/phonetische-bilder-und-etiketten-englisch-nienhuis-montessori\/","og_locale":"de_DE","og_type":"article","og_title":"Phonetische Bilder und Etiketten (Englisch) - Nienhuis Montessori","og_description":"Das Nienhuis Montessori Phonetische Bilder und Etiketten Set enth\u00e4lt 160 Karten, auf denen ein Gegenstand abgebildet ist, und die dazugeh\u00f6rigen Etiketten.","og_url":"https:\/\/teiaeducation.ch\/de\/produkt\/phonetische-bilder-und-etiketten-englisch-nienhuis-montessori\/","og_site_name":"Sustainable Educational Products &amp; Ecological Toys\u00a0","article_publisher":"https:\/\/www.facebook.com\/teiaeducation\/","article_modified_time":"2024-08-27T10:57:02+00:00","og_image":[{"width":2048,"height":2048,"url":"https:\/\/teiaeducation.ch\/wp-content\/uploads\/2019\/05\/400_563400_main_or_1-scaled-scaled.jpg","type":"image\/jpeg"}],"schema":{"@context":"https:\/\/schema.org","@graph":[{"@type":"WebPage","@id":"https:\/\/teiaeducation.ch\/de\/produkt\/phonetische-bilder-und-etiketten-englisch-nienhuis-montessori\/","url":"https:\/\/teiaeducation.ch\/de\/produkt\/phonetische-bilder-und-etiketten-englisch-nienhuis-montessori\/","name":"Phonetische Bilder und Etiketten (Englisch) - Nienhuis Montessori","isPartOf":{"@id":"https:\/\/teiaeducation.ch\/de\/#website"},"primaryImageOfPage":{"@id":"https:\/\/teiaeducation.ch\/de\/produkt\/phonetische-bilder-und-etiketten-englisch-nienhuis-montessori\/#primaryimage"},"image":{"@id":"https:\/\/teiaeducation.ch\/de\/produkt\/phonetische-bilder-und-etiketten-englisch-nienhuis-montessori\/#primaryimage"},"thumbnailUrl":"https:\/\/teiaeducation.ch\/wp-content\/uploads\/2019\/05\/400_563400_main_or_1-scaled-scaled.jpg","datePublished":"2021-01-17T19:42:41+00:00","dateModified":"2024-08-27T10:57:02+00:00","description":"Das Nienhuis Montessori Phonetische Bilder und Etiketten Set enth\u00e4lt 160 Karten, auf denen ein Gegenstand abgebildet ist, und die dazugeh\u00f6rigen Etiketten.","breadcrumb":{"@id":"https:\/\/teiaeducation.ch\/de\/produkt\/phonetische-bilder-und-etiketten-englisch-nienhuis-montessori\/#breadcrumb"},"inLanguage":"de-CH","potentialAction":[{"@type":"ReadAction","target":["https:\/\/teiaeducation.ch\/de\/produkt\/phonetische-bilder-und-etiketten-englisch-nienhuis-montessori\/"]}]},{"@type":"ImageObject","inLanguage":"de-CH","@id":"https:\/\/teiaeducation.ch\/de\/produkt\/phonetische-bilder-und-etiketten-englisch-nienhuis-montessori\/#primaryimage","url":"https:\/\/teiaeducation.ch\/wp-content\/uploads\/2019\/05\/400_563400_main_or_1-scaled-scaled.jpg","contentUrl":"https:\/\/teiaeducation.ch\/wp-content\/uploads\/2019\/05\/400_563400_main_or_1-scaled-scaled.jpg","width":2048,"height":2048,"caption":"Phonetische Bilder und Etiketten (Englisch) - Nienhuis Montessori"},{"@type":"BreadcrumbList","@id":"https:\/\/teiaeducation.ch\/de\/produkt\/phonetische-bilder-und-etiketten-englisch-nienhuis-montessori\/#breadcrumb","itemListElement":[{"@type":"ListItem","position":1,"name":"Home","item":"https:\/\/teiaeducation.ch\/de\/"},{"@type":"ListItem","position":2,"name":"Laden","item":"https:\/\/teiaeducation.ch\/de\/shop\/"},{"@type":"ListItem","position":3,"name":"Unsere Marken","item":"https:\/\/teiaeducation.ch\/de\/produkt-kategorie\/unsere-marken\/"},{"@type":"ListItem","position":4,"name":"Nienhuis Montessori Schweiz","item":"https:\/\/teiaeducation.ch\/de\/produkt-kategorie\/unsere-marken\/nienhuis-montessori-schweiz\/"},{"@type":"ListItem","position":5,"name":"Curriculum Erg\u00e4nzung Material","item":"https:\/\/teiaeducation.ch\/de\/produkt-kategorie\/unsere-marken\/nienhuis-montessori-schweiz\/curriculum-erganzung-nienhuis-montessori\/"},{"@type":"ListItem","position":6,"name":"Phonetische Bilder und Etiketten (Englisch) &#8211; Nienhuis Montessori"}]},{"@type":"WebSite","@id":"https:\/\/teiaeducation.ch\/de\/#website","url":"https:\/\/teiaeducation.ch\/de\/","name":"Sustainable Educational Products &amp; Ecological Toys\u00a0","description":"Specialised Swiss shop selling sustainable educational toys and games, AMI certified Montessori materials, handmade ecological wooden Waldorf toys and arts &amp; crafts supplies, school supplies, children&#039;s furniture and Montessori reference and parenting books.","publisher":{"@id":"https:\/\/teiaeducation.ch\/de\/#organization"},"alternateName":"Teia Education & Play","potentialAction":[{"@type":"SearchAction","target":{"@type":"EntryPoint","urlTemplate":"https:\/\/teiaeducation.ch\/de\/?s={search_term_string}"},"query-input":{"@type":"PropertyValueSpecification","valueRequired":true,"valueName":"search_term_string"}}],"inLanguage":"de-CH"},{"@type":"Organization","@id":"https:\/\/teiaeducation.ch\/de\/#organization","name":"Teia Education & Play","url":"https:\/\/teiaeducation.ch\/de\/","logo":{"@type":"ImageObject","inLanguage":"de-CH","@id":"https:\/\/teiaeducation.ch\/de\/#\/schema\/logo\/image\/","url":"https:\/\/teiaeducation.ch\/wp-content\/uploads\/2020\/11\/Teia-Education-Switzerland-e1620156442216.jpg","contentUrl":"https:\/\/teiaeducation.ch\/wp-content\/uploads\/2020\/11\/Teia-Education-Switzerland-e1620156442216.jpg","width":166,"height":145,"caption":"Teia Education & Play"},"image":{"@id":"https:\/\/teiaeducation.ch\/de\/#\/schema\/logo\/image\/"},"sameAs":["https:\/\/www.facebook.com\/teiaeducation\/","https:\/\/x.com\/EducationTeia","https:\/\/www.instagram.com\/teia.education\/","https:\/\/www.linkedin.com\/company\/35501660","https:\/\/www.pinterest.ch\/TeiaEducation\/"]}]}},"_links":{"self":[{"href":"https:\/\/teiaeducation.ch\/de\/wp-json\/wp\/v2\/product\/60467","targetHints":{"allow":["GET"]}}],"collection":[{"href":"https:\/\/teiaeducation.ch\/de\/wp-json\/wp\/v2\/product"}],"about":[{"href":"https:\/\/teiaeducation.ch\/de\/wp-json\/wp\/v2\/types\/product"}],"replies":[{"embeddable":true,"href":"https:\/\/teiaeducation.ch\/de\/wp-json\/wp\/v2\/comments?post=60467"}],"wp:featuredmedia":[{"embeddable":true,"href":"https:\/\/teiaeducation.ch\/de\/wp-json\/wp\/v2\/media\/60468"}],"wp:attachment":[{"href":"https:\/\/teiaeducation.ch\/de\/wp-json\/wp\/v2\/media?parent=60467"}],"wp:term":[{"taxonomy":"product_brand","embeddable":true,"href":"https:\/\/teiaeducation.ch\/de\/wp-json\/wp\/v2\/product_brand?post=60467"},{"taxonomy":"product_cat","embeddable":true,"href":"https:\/\/teiaeducation.ch\/de\/wp-json\/wp\/v2\/product_cat?post=60467"},{"taxonomy":"product_tag","embeddable":true,"href":"https:\/\/teiaeducation.ch\/de\/wp-json\/wp\/v2\/product_tag?post=60467"}],"curies":[{"name":"wp","href":"https:\/\/api.w.org\/{rel}","templated":true}]}}