{"id":60479,"date":"2021-01-29T11:59:39","date_gmt":"2021-01-29T10:59:39","guid":{"rendered":"https:\/\/teiaeducation.ch\/product\/lesebuch-und-karten-zum-schwarzen-band-englisch-nienhuis-montessori\/"},"modified":"2024-05-10T14:37:24","modified_gmt":"2024-05-10T12:37:24","slug":"lesebuch-und-karten-zum-schwarzen-band-englisch-nienhuis-montessori","status":"publish","type":"product","link":"https:\/\/teiaeducation.ch\/de\/produkt\/lesebuch-und-karten-zum-schwarzen-band-englisch-nienhuis-montessori\/","title":{"rendered":"Lesebuch und Karten zum Schwarzen Band (Englisch) &#8211; Nienhuis Montessori"},"content":{"rendered":"<p>Lesebuch und Karten zum Schwarzen Band \/ Material zur Montessori-Geschichte im Zeitstrahl &#8211; Nienhuis Montessori<\/p>\n<p>Die Nienhuis Montessori-Tiere und das Buch f\u00fcr das schwarze Band sind ein erg\u00e4nzendes Set mit Material f\u00fcr die Zeitleiste, das mit dem <a href=\"https:\/\/teiaeducation.ch\/product\/the-black-ribbon-nienhuis-montessori\/\">schwarzen Band<\/a> von Nienhuis Montessori verwendet werden kann.<\/p>\n<p>Dieses Set enth\u00e4lt eine Auswahl realistischer pr\u00e4historischer Tiere und dazugeh\u00f6riger revolution\u00e4rer Fr\u00fchmenschen-Figuren (nicht alle Tiere und Fr\u00fchmenschen aus dem Buch sind enthalten), ein Set mit allen im Buch abgebildeten Tieren und Fr\u00fchmenschen, gedruckt auf dicken Polypropylen-Karten. Dazu geh\u00f6rt auch ein Buch, das einen guten \u00dcberblick und eine detaillierte Erkl\u00e4rung der Entwicklung der Erde \u00fcber einen Zeitraum von Milliarden von Jahren bietet.<\/p>\n<p>Dieses Material kann f\u00fcr verschiedene Aktivit\u00e4ten im Montessori-Klassenzimmer und in der vorbereiteten Umgebung verwendet werden, z. B. zur Erstellung von Zeitleisten, zur Darstellung der Entwicklung des Menschen, zur Bestimmung von Zeitr\u00e4umen in der Geschichte, zur Erstellung von Kalendern und zur Erforschung des Sonnensystems. Die Tiere und das Buchset werden auf dem ausgerollten schwarzen Band platziert und erm\u00f6glichen es den Kindern, eine visuelle &#8220;Geschichte&#8221; des Themas, das sie untersuchen, zu erstellen und ein besseres Verst\u00e4ndnis daf\u00fcr zu bekommen, wie lange die Entwicklung der Erde gedauert hat.<\/p>\n<p>Die niederl\u00e4ndische Marke Nienhuis Montessori ist die weltweit f\u00fchrende Montessori Marke, die das Erbe von Maria Montessori ehrt und fortf\u00fchrt und das breiteste und innovativste Sortiment an Montessori-Materialien, M\u00f6beln und verwandten Produkten herstellt. Die hochwertigen Nienhuis Montessori Produkte geben den Kindern die Werkzeuge, die sie brauchen, um Unabhangig und kritisch zu denken. Alle Nienhuis Montessori Materialien sind vom Materialkomitee der Association Montessori Internationale (<a href=\"https:\/\/montessori-ami.org\/\">AMI<\/a>) zertifiziert und werden sorgf\u00e4ltig hergestellt, um Schwierigkeiten zu isolieren, so dass die Kinder sich konzentrieren, lernen und sich entwickeln k\u00f6nnen.<\/p>\n<p>Nienhuis Montessori ist eine der Marken des Niederlandischen Unternehmens Heutink International, das weltweit die besten pedagogischen Marken anbietet, die auf spielerisches Lernen ausgerichtet sind.<\/p>\n<p>Dieses Material ist f\u00fcr Kinder ab 6 Jahren geeignet.<\/p>\n<p>Inhalt:<\/p>\n<p>12-14 realistische Fig\u00fcrchen<br \/>\n27 Bildkarten aus dickem Polypropylen<br \/>\n1 B\u00fcch<br \/>\n* Das schwarze Band ist nicht enthalten<\/p>\n<p><em>We currently do not have this item in stock, but it is available on pre-order. We will order this item for you from our supplier. Due to importation from the European Union to Switzerland please allow 2 to maximum 3 weeks for delivery. <\/em><\/p>\n\t<div id=\"gap-783455188\" class=\"gap-element clearfix\" style=\"display:block; height:auto;\">\n\t\t\n<style>\n#gap-783455188 {\n  padding-top: 20px;\n}\n<\/style>\n\t<\/div>\n\t\n","protected":false},"excerpt":{"rendered":"<p>Artikelnummer: <span data-sheets-value=\"{\"1\":2,\"2\":\"069551\"}\" data-sheets-userformat=\"{\"2\":6329,\"3\":{\"1\":1},\"6\":{\"1\":[{\"1\":2,\"2\":0,\"5\":[null,2,12582912]},{\"1\":0,\"2\":0,\"3\":1},{\"1\":1,\"2\":0,\"4\":1}]},\"7\":{\"1\":[{\"1\":2,\"2\":0,\"5\":[null,2,12582912]},{\"1\":0,\"2\":0,\"3\":3},{\"1\":1,\"2\":0,\"4\":2}]},\"8\":{\"1\":[{\"1\":2,\"2\":0,\"5\":[null,2,12582912]},{\"1\":0,\"2\":0,\"3\":1},{\"1\":1,\"2\":0,\"4\":1}]},\"10\":2,\"14\":[null,2,0],\"15\":\"Trebuchet MS\"}\">069551<\/span><\/p>\n<p>Die Nienhuis Montessori-Tiere und das Nienhuis-Buch sind ein erg\u00e4nzendes Set von Zeitleistenmaterial f\u00fcr die Geschichte, das zusammen mit dem schwarzen Band f\u00fcr verschiedene Aktivit\u00e4ten im Klassenzimmer und in der vorbereiteten Umgebung verwendet wird.<\/p>\n","protected":false},"featured_media":73382,"comment_status":"closed","ping_status":"closed","template":"","meta":[],"product_brand":[],"product_cat":[21446,21476,21500,21479,21571,21514,21515,21649,21474,21510,21509,21499,21498,21481,21443,21572,21494,21496,21564,21519,21520,21522],"product_tag":[23474,23473,26531,23120,23469,26530,29092,23470,23119],"class_list":{"0":"post-60479","1":"product","2":"type-product","3":"status-publish","4":"has-post-thumbnail","6":"product_cat-6-12-jahre-grundschule","7":"product_cat-6-12-jahre-klassenzimmer-pack","8":"product_cat-aktivitaetssets","9":"product_cat-lernmaterialien-spielzeug-montessori-waldorf-steiner-froebel","10":"product_cat-curriculum-erganzung-nienhuis-montessori","11":"product_cat-dinosaurier","12":"product_cat-erde-universum","13":"product_cat-geschichte-nienhuis-montessori","14":"product_cat-klassenzimmer-essenzien","15":"product_cat-kultur-wissenschaft","16":"product_cat-lernthemen","17":"product_cat-lernunterstuetzung","18":"product_cat-montessori-materialien-fuer-zuhause-schulbedarf-fuer-zuhause","19":"product_cat-montessori-paedagogik-material-spielzeug","20":"product_cat-nach-alter","21":"product_cat-nienhuis-montessori-schweiz","22":"product_cat-schulbedarf-fuer-zuhause","23":"product_cat-schulbedarf-fuer-zuhause-6-12-jahre","24":"product_cat-unsere-marken","25":"product_cat-vorgeschichte","26":"product_cat-wissenschaft","27":"product_cat-zeitlinien","28":"product_tag-heutink-international-schweiz","29":"product_tag-lehrmittel-schweiz","30":"product_tag-montessori-geschichte","31":"product_tag-montessori-material-schweiz","32":"product_tag-montessori-material-schweiz-de","33":"product_tag-montessori-zeitleisten","34":"product_tag-nienhuis-montessori-lesebuch-und-karten-zum-schwarzen-band","35":"product_tag-nienhuis-montessori-schweiz-de-2","36":"product_tag-nienhuis-montessori-schweiz-de","38":"first","39":"onbackorder","40":"taxable","41":"shipping-taxable","42":"purchasable","43":"product-type-simple"},"yoast_head":"<!-- This site is optimized with the Yoast SEO plugin v27.1.1 - https:\/\/yoast.com\/product\/yoast-seo-wordpress\/ -->\n<title>Lesebuch und Karten zum Schwarzen Band (Englisch) - Nienhuis Montessori<\/title>\n<meta name=\"description\" content=\"Die Nienhuis Montessori-Tiere und das Nienhuis-Buch sind ein erg\u00e4nzendes Material f\u00fcr die Zeitleiste, das zusammen mit dem schwarzen Band f\u00fcr verschiedene Aktivit\u00e4ten verwendet wird.\" \/>\n<meta name=\"robots\" content=\"index, follow, max-snippet:-1, max-image-preview:large, max-video-preview:-1\" \/>\n<link rel=\"canonical\" href=\"https:\/\/teiaeducation.ch\/de\/produkt\/lesebuch-und-karten-zum-schwarzen-band-englisch-nienhuis-montessori\/\" \/>\n<meta property=\"og:locale\" content=\"de_DE\" \/>\n<meta property=\"og:type\" content=\"article\" \/>\n<meta property=\"og:title\" content=\"Lesebuch und Karten zum Schwarzen Band (Englisch) - Nienhuis Montessori\" \/>\n<meta property=\"og:description\" content=\"Die Nienhuis Montessori-Tiere und das Nienhuis-Buch sind ein erg\u00e4nzendes Material f\u00fcr die Zeitleiste, das zusammen mit dem schwarzen Band f\u00fcr verschiedene Aktivit\u00e4ten verwendet wird.\" \/>\n<meta property=\"og:url\" content=\"https:\/\/teiaeducation.ch\/de\/produkt\/lesebuch-und-karten-zum-schwarzen-band-englisch-nienhuis-montessori\/\" \/>\n<meta property=\"og:site_name\" content=\"Sustainable Educational Products &amp; Ecological Toys\u00a0\" \/>\n<meta property=\"article:publisher\" content=\"https:\/\/www.facebook.com\/teiaeducation\/\" \/>\n<meta property=\"article:modified_time\" content=\"2024-05-10T12:37:24+00:00\" \/>\n<meta property=\"og:image\" content=\"https:\/\/teiaeducation.ch\/wp-content\/uploads\/2019\/02\/069550.jpg\" \/>\n\t<meta property=\"og:image:width\" content=\"900\" \/>\n\t<meta property=\"og:image:height\" content=\"900\" \/>\n\t<meta property=\"og:image:type\" content=\"image\/jpeg\" \/>\n<script type=\"application\/ld+json\" class=\"yoast-schema-graph\">{\"@context\":\"https:\/\/schema.org\",\"@graph\":[{\"@type\":\"WebPage\",\"@id\":\"https:\/\/teiaeducation.ch\/de\/produkt\/lesebuch-und-karten-zum-schwarzen-band-englisch-nienhuis-montessori\/\",\"url\":\"https:\/\/teiaeducation.ch\/de\/produkt\/lesebuch-und-karten-zum-schwarzen-band-englisch-nienhuis-montessori\/\",\"name\":\"Lesebuch und Karten zum Schwarzen Band (Englisch) - Nienhuis Montessori\",\"isPartOf\":{\"@id\":\"https:\/\/teiaeducation.ch\/de\/#website\"},\"primaryImageOfPage\":{\"@id\":\"https:\/\/teiaeducation.ch\/de\/produkt\/lesebuch-und-karten-zum-schwarzen-band-englisch-nienhuis-montessori\/#primaryimage\"},\"image\":{\"@id\":\"https:\/\/teiaeducation.ch\/de\/produkt\/lesebuch-und-karten-zum-schwarzen-band-englisch-nienhuis-montessori\/#primaryimage\"},\"thumbnailUrl\":\"https:\/\/teiaeducation.ch\/wp-content\/uploads\/2021\/01\/history-timeline-material-Animals-and-book-for-the-black-ribbon-Nienhuis-Montessori-scaled.webp\",\"datePublished\":\"2021-01-29T10:59:39+00:00\",\"dateModified\":\"2024-05-10T12:37:24+00:00\",\"description\":\"Die Nienhuis Montessori-Tiere und das Nienhuis-Buch sind ein erg\u00e4nzendes Material f\u00fcr die Zeitleiste, das zusammen mit dem schwarzen Band f\u00fcr verschiedene Aktivit\u00e4ten verwendet wird.\",\"breadcrumb\":{\"@id\":\"https:\/\/teiaeducation.ch\/de\/produkt\/lesebuch-und-karten-zum-schwarzen-band-englisch-nienhuis-montessori\/#breadcrumb\"},\"inLanguage\":\"de-CH\",\"potentialAction\":[{\"@type\":\"ReadAction\",\"target\":[\"https:\/\/teiaeducation.ch\/de\/produkt\/lesebuch-und-karten-zum-schwarzen-band-englisch-nienhuis-montessori\/\"]}]},{\"@type\":\"ImageObject\",\"inLanguage\":\"de-CH\",\"@id\":\"https:\/\/teiaeducation.ch\/de\/produkt\/lesebuch-und-karten-zum-schwarzen-band-englisch-nienhuis-montessori\/#primaryimage\",\"url\":\"https:\/\/teiaeducation.ch\/wp-content\/uploads\/2021\/01\/history-timeline-material-Animals-and-book-for-the-black-ribbon-Nienhuis-Montessori-scaled.webp\",\"contentUrl\":\"https:\/\/teiaeducation.ch\/wp-content\/uploads\/2021\/01\/history-timeline-material-Animals-and-book-for-the-black-ribbon-Nienhuis-Montessori-scaled.webp\",\"width\":2048,\"height\":2048,\"caption\":\"history timeline material Cards and book for the black ribbon - Nienhuis Montessori\"},{\"@type\":\"BreadcrumbList\",\"@id\":\"https:\/\/teiaeducation.ch\/de\/produkt\/lesebuch-und-karten-zum-schwarzen-band-englisch-nienhuis-montessori\/#breadcrumb\",\"itemListElement\":[{\"@type\":\"ListItem\",\"position\":1,\"name\":\"Home\",\"item\":\"https:\/\/teiaeducation.ch\/de\/\"},{\"@type\":\"ListItem\",\"position\":2,\"name\":\"Laden\",\"item\":\"https:\/\/teiaeducation.ch\/de\/shop\/\"},{\"@type\":\"ListItem\",\"position\":3,\"name\":\"Lesebuch und Karten zum Schwarzen Band (Englisch) &#8211; Nienhuis Montessori\"}]},{\"@type\":\"WebSite\",\"@id\":\"https:\/\/teiaeducation.ch\/de\/#website\",\"url\":\"https:\/\/teiaeducation.ch\/de\/\",\"name\":\"Sustainable Educational Products &amp; Ecological Toys\u00a0\",\"description\":\"Specialised Swiss shop selling sustainable educational toys and games, AMI certified Montessori materials, handmade ecological wooden Waldorf toys and arts &amp; crafts supplies, school supplies, children&#039;s furniture and Montessori reference and parenting books.\",\"publisher\":{\"@id\":\"https:\/\/teiaeducation.ch\/de\/#organization\"},\"alternateName\":\"Teia Education & Play\",\"potentialAction\":[{\"@type\":\"SearchAction\",\"target\":{\"@type\":\"EntryPoint\",\"urlTemplate\":\"https:\/\/teiaeducation.ch\/de\/?s={search_term_string}\"},\"query-input\":{\"@type\":\"PropertyValueSpecification\",\"valueRequired\":true,\"valueName\":\"search_term_string\"}}],\"inLanguage\":\"de-CH\"},{\"@type\":\"Organization\",\"@id\":\"https:\/\/teiaeducation.ch\/de\/#organization\",\"name\":\"Teia Education & Play\",\"url\":\"https:\/\/teiaeducation.ch\/de\/\",\"logo\":{\"@type\":\"ImageObject\",\"inLanguage\":\"de-CH\",\"@id\":\"https:\/\/teiaeducation.ch\/de\/#\/schema\/logo\/image\/\",\"url\":\"https:\/\/teiaeducation.ch\/wp-content\/uploads\/2020\/11\/Teia-Education-Switzerland-e1620156442216.jpg\",\"contentUrl\":\"https:\/\/teiaeducation.ch\/wp-content\/uploads\/2020\/11\/Teia-Education-Switzerland-e1620156442216.jpg\",\"width\":166,\"height\":145,\"caption\":\"Teia Education & Play\"},\"image\":{\"@id\":\"https:\/\/teiaeducation.ch\/de\/#\/schema\/logo\/image\/\"},\"sameAs\":[\"https:\/\/www.facebook.com\/teiaeducation\/\",\"https:\/\/x.com\/EducationTeia\",\"https:\/\/www.instagram.com\/teia.education\/\",\"https:\/\/www.linkedin.com\/company\/35501660\",\"https:\/\/www.pinterest.ch\/TeiaEducation\/\"]}]}<\/script>\n<!-- \/ Yoast SEO plugin. -->","yoast_head_json":{"title":"Lesebuch und Karten zum Schwarzen Band (Englisch) - Nienhuis Montessori","description":"Die Nienhuis Montessori-Tiere und das Nienhuis-Buch sind ein erg\u00e4nzendes Material f\u00fcr die Zeitleiste, das zusammen mit dem schwarzen Band f\u00fcr verschiedene Aktivit\u00e4ten verwendet wird.","robots":{"index":"index","follow":"follow","max-snippet":"max-snippet:-1","max-image-preview":"max-image-preview:large","max-video-preview":"max-video-preview:-1"},"canonical":"https:\/\/teiaeducation.ch\/de\/produkt\/lesebuch-und-karten-zum-schwarzen-band-englisch-nienhuis-montessori\/","og_locale":"de_DE","og_type":"article","og_title":"Lesebuch und Karten zum Schwarzen Band (Englisch) - Nienhuis Montessori","og_description":"Die Nienhuis Montessori-Tiere und das Nienhuis-Buch sind ein erg\u00e4nzendes Material f\u00fcr die Zeitleiste, das zusammen mit dem schwarzen Band f\u00fcr verschiedene Aktivit\u00e4ten verwendet wird.","og_url":"https:\/\/teiaeducation.ch\/de\/produkt\/lesebuch-und-karten-zum-schwarzen-band-englisch-nienhuis-montessori\/","og_site_name":"Sustainable Educational Products &amp; Ecological Toys\u00a0","article_publisher":"https:\/\/www.facebook.com\/teiaeducation\/","article_modified_time":"2024-05-10T12:37:24+00:00","og_image":[{"width":900,"height":900,"url":"https:\/\/teiaeducation.ch\/wp-content\/uploads\/2019\/02\/069550.jpg","type":"image\/jpeg"}],"schema":{"@context":"https:\/\/schema.org","@graph":[{"@type":"WebPage","@id":"https:\/\/teiaeducation.ch\/de\/produkt\/lesebuch-und-karten-zum-schwarzen-band-englisch-nienhuis-montessori\/","url":"https:\/\/teiaeducation.ch\/de\/produkt\/lesebuch-und-karten-zum-schwarzen-band-englisch-nienhuis-montessori\/","name":"Lesebuch und Karten zum Schwarzen Band (Englisch) - Nienhuis Montessori","isPartOf":{"@id":"https:\/\/teiaeducation.ch\/de\/#website"},"primaryImageOfPage":{"@id":"https:\/\/teiaeducation.ch\/de\/produkt\/lesebuch-und-karten-zum-schwarzen-band-englisch-nienhuis-montessori\/#primaryimage"},"image":{"@id":"https:\/\/teiaeducation.ch\/de\/produkt\/lesebuch-und-karten-zum-schwarzen-band-englisch-nienhuis-montessori\/#primaryimage"},"thumbnailUrl":"https:\/\/teiaeducation.ch\/wp-content\/uploads\/2021\/01\/history-timeline-material-Animals-and-book-for-the-black-ribbon-Nienhuis-Montessori-scaled.webp","datePublished":"2021-01-29T10:59:39+00:00","dateModified":"2024-05-10T12:37:24+00:00","description":"Die Nienhuis Montessori-Tiere und das Nienhuis-Buch sind ein erg\u00e4nzendes Material f\u00fcr die Zeitleiste, das zusammen mit dem schwarzen Band f\u00fcr verschiedene Aktivit\u00e4ten verwendet wird.","breadcrumb":{"@id":"https:\/\/teiaeducation.ch\/de\/produkt\/lesebuch-und-karten-zum-schwarzen-band-englisch-nienhuis-montessori\/#breadcrumb"},"inLanguage":"de-CH","potentialAction":[{"@type":"ReadAction","target":["https:\/\/teiaeducation.ch\/de\/produkt\/lesebuch-und-karten-zum-schwarzen-band-englisch-nienhuis-montessori\/"]}]},{"@type":"ImageObject","inLanguage":"de-CH","@id":"https:\/\/teiaeducation.ch\/de\/produkt\/lesebuch-und-karten-zum-schwarzen-band-englisch-nienhuis-montessori\/#primaryimage","url":"https:\/\/teiaeducation.ch\/wp-content\/uploads\/2021\/01\/history-timeline-material-Animals-and-book-for-the-black-ribbon-Nienhuis-Montessori-scaled.webp","contentUrl":"https:\/\/teiaeducation.ch\/wp-content\/uploads\/2021\/01\/history-timeline-material-Animals-and-book-for-the-black-ribbon-Nienhuis-Montessori-scaled.webp","width":2048,"height":2048,"caption":"history timeline material Cards and book for the black ribbon - Nienhuis Montessori"},{"@type":"BreadcrumbList","@id":"https:\/\/teiaeducation.ch\/de\/produkt\/lesebuch-und-karten-zum-schwarzen-band-englisch-nienhuis-montessori\/#breadcrumb","itemListElement":[{"@type":"ListItem","position":1,"name":"Home","item":"https:\/\/teiaeducation.ch\/de\/"},{"@type":"ListItem","position":2,"name":"Laden","item":"https:\/\/teiaeducation.ch\/de\/shop\/"},{"@type":"ListItem","position":3,"name":"Lesebuch und Karten zum Schwarzen Band (Englisch) &#8211; Nienhuis Montessori"}]},{"@type":"WebSite","@id":"https:\/\/teiaeducation.ch\/de\/#website","url":"https:\/\/teiaeducation.ch\/de\/","name":"Sustainable Educational Products &amp; Ecological Toys\u00a0","description":"Specialised Swiss shop selling sustainable educational toys and games, AMI certified Montessori materials, handmade ecological wooden Waldorf toys and arts &amp; crafts supplies, school supplies, children&#039;s furniture and Montessori reference and parenting books.","publisher":{"@id":"https:\/\/teiaeducation.ch\/de\/#organization"},"alternateName":"Teia Education & Play","potentialAction":[{"@type":"SearchAction","target":{"@type":"EntryPoint","urlTemplate":"https:\/\/teiaeducation.ch\/de\/?s={search_term_string}"},"query-input":{"@type":"PropertyValueSpecification","valueRequired":true,"valueName":"search_term_string"}}],"inLanguage":"de-CH"},{"@type":"Organization","@id":"https:\/\/teiaeducation.ch\/de\/#organization","name":"Teia Education & Play","url":"https:\/\/teiaeducation.ch\/de\/","logo":{"@type":"ImageObject","inLanguage":"de-CH","@id":"https:\/\/teiaeducation.ch\/de\/#\/schema\/logo\/image\/","url":"https:\/\/teiaeducation.ch\/wp-content\/uploads\/2020\/11\/Teia-Education-Switzerland-e1620156442216.jpg","contentUrl":"https:\/\/teiaeducation.ch\/wp-content\/uploads\/2020\/11\/Teia-Education-Switzerland-e1620156442216.jpg","width":166,"height":145,"caption":"Teia Education & Play"},"image":{"@id":"https:\/\/teiaeducation.ch\/de\/#\/schema\/logo\/image\/"},"sameAs":["https:\/\/www.facebook.com\/teiaeducation\/","https:\/\/x.com\/EducationTeia","https:\/\/www.instagram.com\/teia.education\/","https:\/\/www.linkedin.com\/company\/35501660","https:\/\/www.pinterest.ch\/TeiaEducation\/"]}]}},"_links":{"self":[{"href":"https:\/\/teiaeducation.ch\/de\/wp-json\/wp\/v2\/product\/60479","targetHints":{"allow":["GET"]}}],"collection":[{"href":"https:\/\/teiaeducation.ch\/de\/wp-json\/wp\/v2\/product"}],"about":[{"href":"https:\/\/teiaeducation.ch\/de\/wp-json\/wp\/v2\/types\/product"}],"replies":[{"embeddable":true,"href":"https:\/\/teiaeducation.ch\/de\/wp-json\/wp\/v2\/comments?post=60479"}],"wp:featuredmedia":[{"embeddable":true,"href":"https:\/\/teiaeducation.ch\/de\/wp-json\/wp\/v2\/media\/73382"}],"wp:attachment":[{"href":"https:\/\/teiaeducation.ch\/de\/wp-json\/wp\/v2\/media?parent=60479"}],"wp:term":[{"taxonomy":"product_brand","embeddable":true,"href":"https:\/\/teiaeducation.ch\/de\/wp-json\/wp\/v2\/product_brand?post=60479"},{"taxonomy":"product_cat","embeddable":true,"href":"https:\/\/teiaeducation.ch\/de\/wp-json\/wp\/v2\/product_cat?post=60479"},{"taxonomy":"product_tag","embeddable":true,"href":"https:\/\/teiaeducation.ch\/de\/wp-json\/wp\/v2\/product_tag?post=60479"}],"curies":[{"name":"wp","href":"https:\/\/api.w.org\/{rel}","templated":true}]}}