{"id":60482,"date":"2021-01-29T11:50:46","date_gmt":"2021-01-29T10:50:46","guid":{"rendered":"https:\/\/teiaeducation.ch\/product\/zeitleiste-der-fruehen-menschen-grossanzeige-englisch-nienhuis-montessori\/"},"modified":"2024-05-10T14:44:35","modified_gmt":"2024-05-10T12:44:35","slug":"zeitleiste-der-fruehen-menschen-grossanzeige-englisch-nienhuis-montessori","status":"publish","type":"product","link":"https:\/\/teiaeducation.ch\/de\/produkt\/zeitleiste-der-fruehen-menschen-grossanzeige-englisch-nienhuis-montessori\/","title":{"rendered":"Zeitleiste der fr\u00fchen Menschen: Gro\u00dfanzeige (Englisch) &#8211; Nienhuis Montessori"},"content":{"rendered":"<p>Zeitleiste der fr\u00fchen Menschen: Gro\u00dfanzeige (Englisch) &#8211; Nienhuis Montessori<\/p>\n<p>Diese gro\u00dfe Darstellung der Nienhuis-Montessori-Timeline der fr\u00fchen Menschen basiert auf den neuesten Forschungsergebnissen und zeigt die Entwicklung des Menschen von den fr\u00fchen Australopithecinen bis zu den heutigen Homoniden. Die Zeitleiste verwendet aktuelle Fotos (mit freundlicher Genehmigung von Skulls Unlimited Inc.) und wird aktualisiert, um den aktuellen Forschungsstand zu zeigen, der unsere m\u00f6gliche gemeinsame Abstammung mit dem Neandertaler zeigt. Die <a href=\"https:\/\/teiaeducation.ch\/product-category\/curriculum-areas\/culture-science\/time-lines\/\">Zeitleiste<\/a> der fr\u00fchen Menschen zeigt auch die klimatischen und kontinentalen Ver\u00e4nderungen des Planeten Erde sowie die Entwicklung der Werkzeugtechnologie.<\/p>\n<p>Mit der offiziellen Bekanntgabe des Homo naledi im September zeigt die Nienhuis Montessori Timeline of Early Humans 2015 Edition nun den gesch\u00e4tzten Platz dieser neuen Spezies im Stammbaum des Menschen. Obwohl die Entdeckung im Jahr 2013 stattfand, wurde eine Aktualisierung der Informationen bis zur offiziellen Bekanntgabe und Anerkennung der Fakten durch die wissenschaftliche Gemeinschaft verschoben.<\/p>\n<p>Es wird empfohlen, die Nienhuis-Montessori-Diagramme f\u00fcr menschliche Migrationsmuster (ELC-5079) zu verwenden, um die Dynamik zu zeigen, die den Menschen zur Migration antreibt, und die Kr\u00e4fte zu erkl\u00e4ren, die hinter dem Aufstieg und Fall menschlicher Populationen stehen.<\/p>\n<p>Der Nienhuis Montessori Zeitstrahl des fr\u00fchen Menschen ist ca. 5,5 x 2,9 Meter gro\u00df und f\u00fcr Kinder ab 6 Jahren geeignet.<\/p>\n<p>Inhalt:<\/p>\n<p>1 Zeitleiste<\/p>\n<p><em>We currently do not have this item in stock, but it is available on pre-order. We will order this item for you from our supplier. Due to importation from the European Union to Switzerland please allow 2 to maximum 3 weeks for delivery. <\/em><\/p>\n\t<div id=\"gap-33507723\" class=\"gap-element clearfix\" style=\"display:block; height:auto;\">\n\t\t\n<style>\n#gap-33507723 {\n  padding-top: 20px;\n}\n<\/style>\n\t<\/div>\n\t\n","protected":false},"excerpt":{"rendered":"<p>Artikelnummer: TL026<\/p>\n<p>Diese gro\u00dfe Darstellung der Nienhuis-Montessori-Zeitleiste der fr\u00fchen Menschen wurde aktualisiert, um die aktuellen Forschungsergebnisse zu zeigen, die unsere m\u00f6gliche gemeinsame Abstammung mit dem Neandertaler zeigen.<\/p>\n","protected":false},"featured_media":60483,"comment_status":"open","ping_status":"closed","template":"","meta":[],"product_brand":[],"product_cat":[21446,21500,21524,21479,21571,21515,21649,21510,21509,21499,21498,21481,21443,21572,21494,21496,21511,21564,21519,21520,21536,21522],"product_tag":[29093,26005,29095,22981,26034,29094,29096,29097],"class_list":{"0":"post-60482","1":"product","2":"type-product","3":"status-publish","4":"has-post-thumbnail","6":"product_cat-6-12-jahre-grundschule","7":"product_cat-aktivitaetssets","8":"product_cat-alphabetisierung-sprache","9":"product_cat-lernmaterialien-spielzeug-montessori-waldorf-steiner-froebel","10":"product_cat-curriculum-erganzung-nienhuis-montessori","11":"product_cat-erde-universum","12":"product_cat-geschichte-nienhuis-montessori","13":"product_cat-kultur-wissenschaft","14":"product_cat-lernthemen","15":"product_cat-lernunterstuetzung","16":"product_cat-montessori-materialien-fuer-zuhause-schulbedarf-fuer-zuhause","17":"product_cat-montessori-paedagogik-material-spielzeug","18":"product_cat-nach-alter","19":"product_cat-nienhuis-montessori-schweiz","20":"product_cat-schulbedarf-fuer-zuhause","21":"product_cat-schulbedarf-fuer-zuhause-6-12-jahre","22":"product_cat-tiergeographie-zoologie","23":"product_cat-unsere-marken","24":"product_cat-vorgeschichte","25":"product_cat-wissenschaft","26":"product_cat-wortschatz","27":"product_cat-zeitlinien","28":"product_tag-geschichte","29":"product_tag-grundschule-6-12-jahre","30":"product_tag-montessori-zeitleisten-de","31":"product_tag-nienhuis-montessori-de","32":"product_tag-unterstutzung-des-lehrplans","33":"product_tag-zeitleiste-der-fruhen-menschen-grosanzeige-nienhuis-montessori","34":"product_tag-zeitleiste-des-lebens","35":"product_tag-zeitleiste-des-menschlichen-lernens","37":"first","38":"onbackorder","39":"sold-individually","40":"taxable","41":"shipping-taxable","42":"purchasable","43":"product-type-simple"},"yoast_head":"<!-- This site is optimized with the Yoast SEO plugin v27.3 - https:\/\/yoast.com\/product\/yoast-seo-wordpress\/ -->\n<title>Zeitleiste der fr\u00fchen Menschen: Gro\u00dfanzeige (Englisch) - Nienhuis Montessori<\/title>\n<meta name=\"description\" content=\"Diese gro\u00dfe Darstellung der Nienhuis-Montessori-Zeitlinie der fr\u00fchen Menschen zeigt die Entwicklung des Menschen von den fr\u00fchen Australopithecinen bis zu den heutigen Homoniden.\" \/>\n<meta name=\"robots\" content=\"index, follow, max-snippet:-1, max-image-preview:large, max-video-preview:-1\" \/>\n<link rel=\"canonical\" href=\"https:\/\/teiaeducation.ch\/de\/produkt\/zeitleiste-der-fruehen-menschen-grossanzeige-englisch-nienhuis-montessori\/\" \/>\n<meta property=\"og:locale\" content=\"de_DE\" \/>\n<meta property=\"og:type\" content=\"article\" \/>\n<meta property=\"og:title\" content=\"Zeitleiste der fr\u00fchen Menschen: Gro\u00dfanzeige (Englisch) - Nienhuis Montessori\" \/>\n<meta property=\"og:description\" content=\"Diese gro\u00dfe Darstellung der Nienhuis-Montessori-Zeitlinie der fr\u00fchen Menschen zeigt die Entwicklung des Menschen von den fr\u00fchen Australopithecinen bis zu den heutigen Homoniden.\" \/>\n<meta property=\"og:url\" content=\"https:\/\/teiaeducation.ch\/de\/produkt\/zeitleiste-der-fruehen-menschen-grossanzeige-englisch-nienhuis-montessori\/\" \/>\n<meta property=\"og:site_name\" content=\"Sustainable Educational Products &amp; Ecological Toys\u00a0\" \/>\n<meta property=\"article:publisher\" content=\"https:\/\/www.facebook.com\/teiaeducation\/\" \/>\n<meta property=\"article:modified_time\" content=\"2024-05-10T12:44:35+00:00\" \/>\n<meta property=\"og:image\" content=\"https:\/\/teiaeducation.ch\/wp-content\/uploads\/2019\/05\/400_TL026_main_or_1-scaled-scaled.jpg\" \/>\n\t<meta property=\"og:image:width\" content=\"2048\" \/>\n\t<meta property=\"og:image:height\" content=\"2048\" \/>\n\t<meta property=\"og:image:type\" content=\"image\/jpeg\" \/>\n<script type=\"application\/ld+json\" class=\"yoast-schema-graph\">{\"@context\":\"https:\\\/\\\/schema.org\",\"@graph\":[{\"@type\":\"WebPage\",\"@id\":\"https:\\\/\\\/teiaeducation.ch\\\/de\\\/produkt\\\/zeitleiste-der-fruehen-menschen-grossanzeige-englisch-nienhuis-montessori\\\/\",\"url\":\"https:\\\/\\\/teiaeducation.ch\\\/de\\\/produkt\\\/zeitleiste-der-fruehen-menschen-grossanzeige-englisch-nienhuis-montessori\\\/\",\"name\":\"Zeitleiste der fr\u00fchen Menschen: Gro\u00dfanzeige (Englisch) - Nienhuis Montessori\",\"isPartOf\":{\"@id\":\"https:\\\/\\\/teiaeducation.ch\\\/de\\\/#website\"},\"primaryImageOfPage\":{\"@id\":\"https:\\\/\\\/teiaeducation.ch\\\/de\\\/produkt\\\/zeitleiste-der-fruehen-menschen-grossanzeige-englisch-nienhuis-montessori\\\/#primaryimage\"},\"image\":{\"@id\":\"https:\\\/\\\/teiaeducation.ch\\\/de\\\/produkt\\\/zeitleiste-der-fruehen-menschen-grossanzeige-englisch-nienhuis-montessori\\\/#primaryimage\"},\"thumbnailUrl\":\"https:\\\/\\\/teiaeducation.ch\\\/wp-content\\\/uploads\\\/2019\\\/05\\\/400_TL026_main_or_1-scaled-scaled.jpg\",\"datePublished\":\"2021-01-29T10:50:46+00:00\",\"dateModified\":\"2024-05-10T12:44:35+00:00\",\"description\":\"Diese gro\u00dfe Darstellung der Nienhuis-Montessori-Zeitlinie der fr\u00fchen Menschen zeigt die Entwicklung des Menschen von den fr\u00fchen Australopithecinen bis zu den heutigen Homoniden.\",\"breadcrumb\":{\"@id\":\"https:\\\/\\\/teiaeducation.ch\\\/de\\\/produkt\\\/zeitleiste-der-fruehen-menschen-grossanzeige-englisch-nienhuis-montessori\\\/#breadcrumb\"},\"inLanguage\":\"de-CH\",\"potentialAction\":[{\"@type\":\"ReadAction\",\"target\":[\"https:\\\/\\\/teiaeducation.ch\\\/de\\\/produkt\\\/zeitleiste-der-fruehen-menschen-grossanzeige-englisch-nienhuis-montessori\\\/\"]}]},{\"@type\":\"ImageObject\",\"inLanguage\":\"de-CH\",\"@id\":\"https:\\\/\\\/teiaeducation.ch\\\/de\\\/produkt\\\/zeitleiste-der-fruehen-menschen-grossanzeige-englisch-nienhuis-montessori\\\/#primaryimage\",\"url\":\"https:\\\/\\\/teiaeducation.ch\\\/wp-content\\\/uploads\\\/2019\\\/05\\\/400_TL026_main_or_1-scaled-scaled.jpg\",\"contentUrl\":\"https:\\\/\\\/teiaeducation.ch\\\/wp-content\\\/uploads\\\/2019\\\/05\\\/400_TL026_main_or_1-scaled-scaled.jpg\",\"width\":2048,\"height\":2048,\"caption\":\"Zeitleiste der fr\u00fchen Menschen: Gro\u00dfanzeige (Englisch) - Nienhuis Montessori\"},{\"@type\":\"BreadcrumbList\",\"@id\":\"https:\\\/\\\/teiaeducation.ch\\\/de\\\/produkt\\\/zeitleiste-der-fruehen-menschen-grossanzeige-englisch-nienhuis-montessori\\\/#breadcrumb\",\"itemListElement\":[{\"@type\":\"ListItem\",\"position\":1,\"name\":\"Home\",\"item\":\"https:\\\/\\\/teiaeducation.ch\\\/de\\\/\"},{\"@type\":\"ListItem\",\"position\":2,\"name\":\"Laden\",\"item\":\"https:\\\/\\\/teiaeducation.ch\\\/de\\\/shop\\\/\"},{\"@type\":\"ListItem\",\"position\":3,\"name\":\"Unsere Marken\",\"item\":\"https:\\\/\\\/teiaeducation.ch\\\/de\\\/produkt-kategorie\\\/unsere-marken\\\/\"},{\"@type\":\"ListItem\",\"position\":4,\"name\":\"Nienhuis Montessori Schweiz\",\"item\":\"https:\\\/\\\/teiaeducation.ch\\\/de\\\/produkt-kategorie\\\/unsere-marken\\\/nienhuis-montessori-schweiz\\\/\"},{\"@type\":\"ListItem\",\"position\":5,\"name\":\"Curriculum Erg\u00e4nzung Material\",\"item\":\"https:\\\/\\\/teiaeducation.ch\\\/de\\\/produkt-kategorie\\\/unsere-marken\\\/nienhuis-montessori-schweiz\\\/curriculum-erganzung-nienhuis-montessori\\\/\"},{\"@type\":\"ListItem\",\"position\":6,\"name\":\"Zeitleiste der fr\u00fchen Menschen: Gro\u00dfanzeige (Englisch) &#8211; Nienhuis Montessori\"}]},{\"@type\":\"WebSite\",\"@id\":\"https:\\\/\\\/teiaeducation.ch\\\/de\\\/#website\",\"url\":\"https:\\\/\\\/teiaeducation.ch\\\/de\\\/\",\"name\":\"Sustainable Educational Products &amp; Ecological Toys\u00a0\",\"description\":\"Specialised Swiss shop selling sustainable educational toys and games, AMI certified Montessori materials, handmade ecological wooden Waldorf toys and arts &amp; crafts supplies, school supplies, children&#039;s furniture and Montessori reference and parenting books.\",\"publisher\":{\"@id\":\"https:\\\/\\\/teiaeducation.ch\\\/de\\\/#organization\"},\"alternateName\":\"Teia Education & Play\",\"potentialAction\":[{\"@type\":\"SearchAction\",\"target\":{\"@type\":\"EntryPoint\",\"urlTemplate\":\"https:\\\/\\\/teiaeducation.ch\\\/de\\\/?s={search_term_string}\"},\"query-input\":{\"@type\":\"PropertyValueSpecification\",\"valueRequired\":true,\"valueName\":\"search_term_string\"}}],\"inLanguage\":\"de-CH\"},{\"@type\":\"Organization\",\"@id\":\"https:\\\/\\\/teiaeducation.ch\\\/de\\\/#organization\",\"name\":\"Teia Education & Play\",\"url\":\"https:\\\/\\\/teiaeducation.ch\\\/de\\\/\",\"logo\":{\"@type\":\"ImageObject\",\"inLanguage\":\"de-CH\",\"@id\":\"https:\\\/\\\/teiaeducation.ch\\\/de\\\/#\\\/schema\\\/logo\\\/image\\\/\",\"url\":\"https:\\\/\\\/teiaeducation.ch\\\/wp-content\\\/uploads\\\/2020\\\/11\\\/Teia-Education-Switzerland-e1620156442216.jpg\",\"contentUrl\":\"https:\\\/\\\/teiaeducation.ch\\\/wp-content\\\/uploads\\\/2020\\\/11\\\/Teia-Education-Switzerland-e1620156442216.jpg\",\"width\":166,\"height\":145,\"caption\":\"Teia Education & Play\"},\"image\":{\"@id\":\"https:\\\/\\\/teiaeducation.ch\\\/de\\\/#\\\/schema\\\/logo\\\/image\\\/\"},\"sameAs\":[\"https:\\\/\\\/www.facebook.com\\\/teiaeducation\\\/\",\"https:\\\/\\\/x.com\\\/EducationTeia\",\"https:\\\/\\\/www.instagram.com\\\/teia.education\\\/\",\"https:\\\/\\\/www.linkedin.com\\\/company\\\/35501660\",\"https:\\\/\\\/www.pinterest.ch\\\/TeiaEducation\\\/\"]}]}<\/script>\n<!-- \/ Yoast SEO plugin. -->","yoast_head_json":{"title":"Zeitleiste der fr\u00fchen Menschen: Gro\u00dfanzeige (Englisch) - Nienhuis Montessori","description":"Diese gro\u00dfe Darstellung der Nienhuis-Montessori-Zeitlinie der fr\u00fchen Menschen zeigt die Entwicklung des Menschen von den fr\u00fchen Australopithecinen bis zu den heutigen Homoniden.","robots":{"index":"index","follow":"follow","max-snippet":"max-snippet:-1","max-image-preview":"max-image-preview:large","max-video-preview":"max-video-preview:-1"},"canonical":"https:\/\/teiaeducation.ch\/de\/produkt\/zeitleiste-der-fruehen-menschen-grossanzeige-englisch-nienhuis-montessori\/","og_locale":"de_DE","og_type":"article","og_title":"Zeitleiste der fr\u00fchen Menschen: Gro\u00dfanzeige (Englisch) - Nienhuis Montessori","og_description":"Diese gro\u00dfe Darstellung der Nienhuis-Montessori-Zeitlinie der fr\u00fchen Menschen zeigt die Entwicklung des Menschen von den fr\u00fchen Australopithecinen bis zu den heutigen Homoniden.","og_url":"https:\/\/teiaeducation.ch\/de\/produkt\/zeitleiste-der-fruehen-menschen-grossanzeige-englisch-nienhuis-montessori\/","og_site_name":"Sustainable Educational Products &amp; Ecological Toys\u00a0","article_publisher":"https:\/\/www.facebook.com\/teiaeducation\/","article_modified_time":"2024-05-10T12:44:35+00:00","og_image":[{"width":2048,"height":2048,"url":"https:\/\/teiaeducation.ch\/wp-content\/uploads\/2019\/05\/400_TL026_main_or_1-scaled-scaled.jpg","type":"image\/jpeg"}],"schema":{"@context":"https:\/\/schema.org","@graph":[{"@type":"WebPage","@id":"https:\/\/teiaeducation.ch\/de\/produkt\/zeitleiste-der-fruehen-menschen-grossanzeige-englisch-nienhuis-montessori\/","url":"https:\/\/teiaeducation.ch\/de\/produkt\/zeitleiste-der-fruehen-menschen-grossanzeige-englisch-nienhuis-montessori\/","name":"Zeitleiste der fr\u00fchen Menschen: Gro\u00dfanzeige (Englisch) - Nienhuis Montessori","isPartOf":{"@id":"https:\/\/teiaeducation.ch\/de\/#website"},"primaryImageOfPage":{"@id":"https:\/\/teiaeducation.ch\/de\/produkt\/zeitleiste-der-fruehen-menschen-grossanzeige-englisch-nienhuis-montessori\/#primaryimage"},"image":{"@id":"https:\/\/teiaeducation.ch\/de\/produkt\/zeitleiste-der-fruehen-menschen-grossanzeige-englisch-nienhuis-montessori\/#primaryimage"},"thumbnailUrl":"https:\/\/teiaeducation.ch\/wp-content\/uploads\/2019\/05\/400_TL026_main_or_1-scaled-scaled.jpg","datePublished":"2021-01-29T10:50:46+00:00","dateModified":"2024-05-10T12:44:35+00:00","description":"Diese gro\u00dfe Darstellung der Nienhuis-Montessori-Zeitlinie der fr\u00fchen Menschen zeigt die Entwicklung des Menschen von den fr\u00fchen Australopithecinen bis zu den heutigen Homoniden.","breadcrumb":{"@id":"https:\/\/teiaeducation.ch\/de\/produkt\/zeitleiste-der-fruehen-menschen-grossanzeige-englisch-nienhuis-montessori\/#breadcrumb"},"inLanguage":"de-CH","potentialAction":[{"@type":"ReadAction","target":["https:\/\/teiaeducation.ch\/de\/produkt\/zeitleiste-der-fruehen-menschen-grossanzeige-englisch-nienhuis-montessori\/"]}]},{"@type":"ImageObject","inLanguage":"de-CH","@id":"https:\/\/teiaeducation.ch\/de\/produkt\/zeitleiste-der-fruehen-menschen-grossanzeige-englisch-nienhuis-montessori\/#primaryimage","url":"https:\/\/teiaeducation.ch\/wp-content\/uploads\/2019\/05\/400_TL026_main_or_1-scaled-scaled.jpg","contentUrl":"https:\/\/teiaeducation.ch\/wp-content\/uploads\/2019\/05\/400_TL026_main_or_1-scaled-scaled.jpg","width":2048,"height":2048,"caption":"Zeitleiste der fr\u00fchen Menschen: Gro\u00dfanzeige (Englisch) - Nienhuis Montessori"},{"@type":"BreadcrumbList","@id":"https:\/\/teiaeducation.ch\/de\/produkt\/zeitleiste-der-fruehen-menschen-grossanzeige-englisch-nienhuis-montessori\/#breadcrumb","itemListElement":[{"@type":"ListItem","position":1,"name":"Home","item":"https:\/\/teiaeducation.ch\/de\/"},{"@type":"ListItem","position":2,"name":"Laden","item":"https:\/\/teiaeducation.ch\/de\/shop\/"},{"@type":"ListItem","position":3,"name":"Unsere Marken","item":"https:\/\/teiaeducation.ch\/de\/produkt-kategorie\/unsere-marken\/"},{"@type":"ListItem","position":4,"name":"Nienhuis Montessori Schweiz","item":"https:\/\/teiaeducation.ch\/de\/produkt-kategorie\/unsere-marken\/nienhuis-montessori-schweiz\/"},{"@type":"ListItem","position":5,"name":"Curriculum Erg\u00e4nzung Material","item":"https:\/\/teiaeducation.ch\/de\/produkt-kategorie\/unsere-marken\/nienhuis-montessori-schweiz\/curriculum-erganzung-nienhuis-montessori\/"},{"@type":"ListItem","position":6,"name":"Zeitleiste der fr\u00fchen Menschen: Gro\u00dfanzeige (Englisch) &#8211; Nienhuis Montessori"}]},{"@type":"WebSite","@id":"https:\/\/teiaeducation.ch\/de\/#website","url":"https:\/\/teiaeducation.ch\/de\/","name":"Sustainable Educational Products &amp; Ecological Toys\u00a0","description":"Specialised Swiss shop selling sustainable educational toys and games, AMI certified Montessori materials, handmade ecological wooden Waldorf toys and arts &amp; crafts supplies, school supplies, children&#039;s furniture and Montessori reference and parenting books.","publisher":{"@id":"https:\/\/teiaeducation.ch\/de\/#organization"},"alternateName":"Teia Education & Play","potentialAction":[{"@type":"SearchAction","target":{"@type":"EntryPoint","urlTemplate":"https:\/\/teiaeducation.ch\/de\/?s={search_term_string}"},"query-input":{"@type":"PropertyValueSpecification","valueRequired":true,"valueName":"search_term_string"}}],"inLanguage":"de-CH"},{"@type":"Organization","@id":"https:\/\/teiaeducation.ch\/de\/#organization","name":"Teia Education & Play","url":"https:\/\/teiaeducation.ch\/de\/","logo":{"@type":"ImageObject","inLanguage":"de-CH","@id":"https:\/\/teiaeducation.ch\/de\/#\/schema\/logo\/image\/","url":"https:\/\/teiaeducation.ch\/wp-content\/uploads\/2020\/11\/Teia-Education-Switzerland-e1620156442216.jpg","contentUrl":"https:\/\/teiaeducation.ch\/wp-content\/uploads\/2020\/11\/Teia-Education-Switzerland-e1620156442216.jpg","width":166,"height":145,"caption":"Teia Education & Play"},"image":{"@id":"https:\/\/teiaeducation.ch\/de\/#\/schema\/logo\/image\/"},"sameAs":["https:\/\/www.facebook.com\/teiaeducation\/","https:\/\/x.com\/EducationTeia","https:\/\/www.instagram.com\/teia.education\/","https:\/\/www.linkedin.com\/company\/35501660","https:\/\/www.pinterest.ch\/TeiaEducation\/"]}]}},"_links":{"self":[{"href":"https:\/\/teiaeducation.ch\/de\/wp-json\/wp\/v2\/product\/60482","targetHints":{"allow":["GET"]}}],"collection":[{"href":"https:\/\/teiaeducation.ch\/de\/wp-json\/wp\/v2\/product"}],"about":[{"href":"https:\/\/teiaeducation.ch\/de\/wp-json\/wp\/v2\/types\/product"}],"replies":[{"embeddable":true,"href":"https:\/\/teiaeducation.ch\/de\/wp-json\/wp\/v2\/comments?post=60482"}],"wp:featuredmedia":[{"embeddable":true,"href":"https:\/\/teiaeducation.ch\/de\/wp-json\/wp\/v2\/media\/60483"}],"wp:attachment":[{"href":"https:\/\/teiaeducation.ch\/de\/wp-json\/wp\/v2\/media?parent=60482"}],"wp:term":[{"taxonomy":"product_brand","embeddable":true,"href":"https:\/\/teiaeducation.ch\/de\/wp-json\/wp\/v2\/product_brand?post=60482"},{"taxonomy":"product_cat","embeddable":true,"href":"https:\/\/teiaeducation.ch\/de\/wp-json\/wp\/v2\/product_cat?post=60482"},{"taxonomy":"product_tag","embeddable":true,"href":"https:\/\/teiaeducation.ch\/de\/wp-json\/wp\/v2\/product_tag?post=60482"}],"curies":[{"name":"wp","href":"https:\/\/api.w.org\/{rel}","templated":true}]}}