{"id":60498,"date":"2021-01-27T12:15:47","date_gmt":"2021-01-27T11:15:47","guid":{"rendered":"https:\/\/teiaeducation.ch\/product\/tellurium-englisch-nienhuis-montessori\/"},"modified":"2024-05-13T16:17:03","modified_gmt":"2024-05-13T14:17:03","slug":"tellurium-englisch-nienhuis-montessori","status":"publish","type":"product","link":"https:\/\/teiaeducation.ch\/de\/produkt\/tellurium-englisch-nienhuis-montessori\/","title":{"rendered":"Tellurium (Englisch) &#8211; Nienhuis Montessori"},"content":{"rendered":"<p>Tellurium \/ Kosmisches Unterrichtsmaterial &#8211; Nienhuis Montessori<\/p>\n<p>Das Nienhuis Montessori Tellurium ist ein attraktives und fesselndes Anreicherungsmaterial, das eine vereinfachte Nachbildung des Sonnensystems darstellt. Das Tellurium-Modell ist Teil des Lehrplans f\u00fcr kosmische Erziehung und wird zur Veranschaulichung der Bewegung von <a href=\"https:\/\/teiaeducation.ch\/product-category\/curriculum-areas\/culture-science\/earth-universe\/\">Erde<\/a> und Mond um die Sonne verwendet.<\/p>\n<p>Abgeleitet vom lateinischen Wort tellus, das Erde bedeutet, ist das Tellurium kein Abbild der Wirklichkeit, sondern ein Modell zur Erkl\u00e4rung der verschiedenen Prinzipien von Tag und Nacht, der Jahreszeiten und der Positionen des Mondes. Tellurium ist ein visuelles Hilfsmittel, mit dem das Kind die faszinierenden Effekte beobachten kann, die durch die Rotationsbewegungen in unserem Sonne-Erde-Mond-System entstehen.<\/p>\n<p>Die Arbeit mit diesem Material bereichert das Wissen des Kindes \u00fcber die 3 gro\u00dfen Drehungen:<\/p>\n<p>\u2022 Die Drehung der Erde um ihre Achse an jedem Tag, die Tag und Nacht bedeutet: tags\u00fcber sehen wir die Sonne, und nachts sehen wir den Mond und die Sterne, die sich \u00fcber den Himmel bewegen.<br \/>\n\u2022 Die Umdrehung des Mondes um die Erde etwa alle vier Wochen: das bedeutet die verschiedenen Mondphasen.<br \/>\n\u2022 Die Drehung der Erde (mit dem Mond) um die Sonne in einem Jahr: So haben wir Jahreszeiten und einen tieferen Einblick, warum wir andere Sternbilder sehen k\u00f6nnen.<\/p>\n<p>Ein Blitzlicht oder \u201eSonnenlicht\u201c kann auf die Erde und den Mond projiziert werden, um die unterschiedlichen Auswirkungen der Erd- und Mondumdrehung zu demonstrieren. Das Tellurium-Set enth\u00e4lt eine Puppenfigur, die <span class=\"tlid-translation translation\" lang=\"en\"><span class=\"\" title=\"\">mit Klebebuddies<\/span><\/span> auf dem Globus befestigt werden kann, damit sich die Kinder leichter in die Situation hineinversetzen k\u00f6nnen. Eine Bedienungsanleitung, die weitere Hinweise zur Verwendung des Telluriums enth\u00e4lt, ist ebenfalls enthalten.<\/p>\n<p>Ein Aktivit\u00e4tsset, das f\u00fcr zus\u00e4tzliche \u00dcbungen mit dem Tellurium verwendet werden kann, ist auch <a href=\"https:\/\/teiaeducation.ch\/product\/tellurium-activity-set-nienhuis-montessori\/\">separat<\/a> erh\u00e4ltlich.<\/p>\n<p>Die niederl\u00e4ndische Marke Nienhuis Montessori ist die weltweit f\u00fchrende Montessori Marke, die das Erbe von Maria Montessori ehrt und fortf\u00fchrt und das breiteste und innovativste Sortiment an Montessori-Materialien, M\u00f6beln und verwandten Produkten herstellt. Die hochwertigen Nienhuis Montessori Produkte geben den Kindern die Werkzeuge, die sie brauchen, um Unabhangig und kritisch zu denken. Alle Nienhuis Montessori Materialien sind vom Materialkomitee der Association Montessori Internationale (<a href=\"https:\/\/montessori-ami.org\/\">AMI<\/a>) zertifiziert und werden sorgf\u00e4ltig hergestellt, um Schwierigkeiten zu isolieren, so dass die Kinder sich konzentrieren, lernen und sich entwickeln k\u00f6nnen.<\/p>\n<p>Nienhuis Montessori ist eine der Marken des Niederlandischen Unternehmens Heutink International, das weltweit die besten pedagogischen Marken anbietet, die auf spielerisches Lernen ausgerichtet sind.<\/p>\n<p>Dieses Material ist f\u00fcr Kinder ab 6 Jahren geeignet.<\/p>\n<p>Inhalt:<\/p>\n<p><span class=\"tlid-translation translation\" lang=\"en\"><span class=\"\" title=\"\">1 Arm f\u00fcr das Tellurium<br \/>\n1 Fu\u00df und Achse f\u00fcr die Sonne<br \/>\n1 schr\u00e4ger Abstandshalter f\u00fcr die Achse des Globus<br \/>\n2 Kalenderscheiben<br \/>\n1 Sonne<br \/>\n1 Globus<br \/>\n1 Mond mit Achse und Halterung<br \/>\n1 Maglite-Taschenlampe<br \/>\n1 Puppe mit Klebebuddies<br \/>\nEine Bedienungsanleitung<\/span><\/span><\/p>\n<p><em>We currently do not have this item in stock, but it is available on pre-order. We will order this item for you from our supplier. Due to importation from the European Union to Switzerland please allow 2 to maximum 3 weeks for delivery. <\/em><\/p>\n\t<div id=\"gap-741763398\" class=\"gap-element clearfix\" style=\"display:block; height:auto;\">\n\t\t\n<style>\n#gap-741763398 {\n  padding-top: 20px;\n}\n<\/style>\n\t<\/div>\n\t\n","protected":false},"excerpt":{"rendered":"<p>Artikelnummer: 085101<\/p>\n<p>Das Nienhuis Montessori Tellurium ist ein Material f\u00fcr den kosmischen Unterricht, mit dem sich die Bewegung der Erde und des Mondes um die Sonne veranschaulichen l\u00e4sst.<\/p>\n","protected":false},"featured_media":60499,"comment_status":"closed","ping_status":"closed","template":"","meta":[],"product_brand":[],"product_cat":[21446,21476,21500,21479,21571,21554,21515,21647,21474,21510,21509,21499,21537,21498,21481,21443,21572,21494,21496,21564,21520],"product_tag":[26035,26005,23108,26555,23120,23107,26556,22981,23119,29101,23109,26554],"class_list":{"0":"post-60498","1":"product","2":"type-product","3":"status-publish","4":"has-post-thumbnail","6":"product_cat-6-12-jahre-grundschule","7":"product_cat-6-12-jahre-klassenzimmer-pack","8":"product_cat-aktivitaetssets","9":"product_cat-lernmaterialien-spielzeug-montessori-waldorf-steiner-froebel","10":"product_cat-curriculum-erganzung-nienhuis-montessori","11":"product_cat-die-zeit","12":"product_cat-erde-universum","13":"product_cat-geographie-nienhuis-montessori","14":"product_cat-klassenzimmer-essenzien","15":"product_cat-kultur-wissenschaft","16":"product_cat-lernthemen","17":"product_cat-lernunterstuetzung","18":"product_cat-mathematik-rechnen","19":"product_cat-montessori-materialien-fuer-zuhause-schulbedarf-fuer-zuhause","20":"product_cat-montessori-paedagogik-material-spielzeug","21":"product_cat-nach-alter","22":"product_cat-nienhuis-montessori-schweiz","23":"product_cat-schulbedarf-fuer-zuhause","24":"product_cat-schulbedarf-fuer-zuhause-6-12-jahre","25":"product_cat-unsere-marken","26":"product_cat-wissenschaft","27":"product_tag-geographie-de","28":"product_tag-grundschule-6-12-jahre","29":"product_tag-montessori-kleinkind-3-6","30":"product_tag-montessori-kosmische-erziehung","31":"product_tag-montessori-material-schweiz","32":"product_tag-montessori-sinnesmaterial-de","33":"product_tag-montessori-sonnensystem","34":"product_tag-nienhuis-montessori-de","35":"product_tag-nienhuis-montessori-schweiz-de","36":"product_tag-nienhuis-montessori-tellurium-de","37":"product_tag-rosa-turm-montessori","38":"product_tag-universum-und-erde","40":"first","41":"onbackorder","42":"taxable","43":"shipping-taxable","44":"purchasable","45":"product-type-simple"},"yoast_head":"<!-- This site is optimized with the Yoast SEO plugin v27.1.1 - https:\/\/yoast.com\/product\/yoast-seo-wordpress\/ -->\n<title>Tellurium - Nienhuis Montessori<\/title>\n<meta name=\"description\" content=\"Das Nienhuis Montessori Tellurium ist ein Material f\u00fcr den kosmischen Unterricht, mit dem sich die Bewegung der Erde und des Mondes um die Sonne veranschaulichen l\u00e4sst.\" \/>\n<meta name=\"robots\" content=\"index, follow, max-snippet:-1, max-image-preview:large, max-video-preview:-1\" \/>\n<link rel=\"canonical\" href=\"https:\/\/teiaeducation.ch\/de\/produkt\/tellurium-englisch-nienhuis-montessori\/\" \/>\n<meta property=\"og:locale\" content=\"de_DE\" \/>\n<meta property=\"og:type\" content=\"article\" \/>\n<meta property=\"og:title\" content=\"Tellurium - Nienhuis Montessori\" \/>\n<meta property=\"og:description\" content=\"Das Nienhuis Montessori Tellurium ist ein Material f\u00fcr den kosmischen Unterricht, mit dem sich die Bewegung der Erde und des Mondes um die Sonne veranschaulichen l\u00e4sst.\" \/>\n<meta property=\"og:url\" content=\"https:\/\/teiaeducation.ch\/de\/produkt\/tellurium-englisch-nienhuis-montessori\/\" \/>\n<meta property=\"og:site_name\" content=\"Sustainable Educational Products &amp; Ecological Toys\u00a0\" \/>\n<meta property=\"article:publisher\" content=\"https:\/\/www.facebook.com\/teiaeducation\/\" \/>\n<meta property=\"article:modified_time\" content=\"2024-05-13T14:17:03+00:00\" \/>\n<meta property=\"og:image\" content=\"https:\/\/teiaeducation.ch\/wp-content\/uploads\/2019\/05\/400_085101_main_or_1-scaled-scaled.jpg\" \/>\n\t<meta property=\"og:image:width\" content=\"2048\" \/>\n\t<meta property=\"og:image:height\" content=\"2048\" \/>\n\t<meta property=\"og:image:type\" content=\"image\/jpeg\" \/>\n<script type=\"application\/ld+json\" class=\"yoast-schema-graph\">{\"@context\":\"https:\/\/schema.org\",\"@graph\":[{\"@type\":\"WebPage\",\"@id\":\"https:\/\/teiaeducation.ch\/de\/produkt\/tellurium-englisch-nienhuis-montessori\/\",\"url\":\"https:\/\/teiaeducation.ch\/de\/produkt\/tellurium-englisch-nienhuis-montessori\/\",\"name\":\"Tellurium - Nienhuis Montessori\",\"isPartOf\":{\"@id\":\"https:\/\/teiaeducation.ch\/de\/#website\"},\"primaryImageOfPage\":{\"@id\":\"https:\/\/teiaeducation.ch\/de\/produkt\/tellurium-englisch-nienhuis-montessori\/#primaryimage\"},\"image\":{\"@id\":\"https:\/\/teiaeducation.ch\/de\/produkt\/tellurium-englisch-nienhuis-montessori\/#primaryimage\"},\"thumbnailUrl\":\"https:\/\/teiaeducation.ch\/wp-content\/uploads\/2019\/05\/400_085101_main_or_1-scaled-scaled.jpg\",\"datePublished\":\"2021-01-27T11:15:47+00:00\",\"dateModified\":\"2024-05-13T14:17:03+00:00\",\"description\":\"Das Nienhuis Montessori Tellurium ist ein Material f\u00fcr den kosmischen Unterricht, mit dem sich die Bewegung der Erde und des Mondes um die Sonne veranschaulichen l\u00e4sst.\",\"breadcrumb\":{\"@id\":\"https:\/\/teiaeducation.ch\/de\/produkt\/tellurium-englisch-nienhuis-montessori\/#breadcrumb\"},\"inLanguage\":\"de-CH\",\"potentialAction\":[{\"@type\":\"ReadAction\",\"target\":[\"https:\/\/teiaeducation.ch\/de\/produkt\/tellurium-englisch-nienhuis-montessori\/\"]}]},{\"@type\":\"ImageObject\",\"inLanguage\":\"de-CH\",\"@id\":\"https:\/\/teiaeducation.ch\/de\/produkt\/tellurium-englisch-nienhuis-montessori\/#primaryimage\",\"url\":\"https:\/\/teiaeducation.ch\/wp-content\/uploads\/2019\/05\/400_085101_main_or_1-scaled-scaled.jpg\",\"contentUrl\":\"https:\/\/teiaeducation.ch\/wp-content\/uploads\/2019\/05\/400_085101_main_or_1-scaled-scaled.jpg\",\"width\":2048,\"height\":2048,\"caption\":\"Tellurium (Englisch) - Nienhuis Montessori\"},{\"@type\":\"BreadcrumbList\",\"@id\":\"https:\/\/teiaeducation.ch\/de\/produkt\/tellurium-englisch-nienhuis-montessori\/#breadcrumb\",\"itemListElement\":[{\"@type\":\"ListItem\",\"position\":1,\"name\":\"Home\",\"item\":\"https:\/\/teiaeducation.ch\/de\/\"},{\"@type\":\"ListItem\",\"position\":2,\"name\":\"Laden\",\"item\":\"https:\/\/teiaeducation.ch\/de\/shop\/\"},{\"@type\":\"ListItem\",\"position\":3,\"name\":\"Unsere Marken\",\"item\":\"https:\/\/teiaeducation.ch\/de\/produkt-kategorie\/unsere-marken\/\"},{\"@type\":\"ListItem\",\"position\":4,\"name\":\"Nienhuis Montessori Schweiz\",\"item\":\"https:\/\/teiaeducation.ch\/de\/produkt-kategorie\/unsere-marken\/nienhuis-montessori-schweiz\/\"},{\"@type\":\"ListItem\",\"position\":5,\"name\":\"Curriculum Erg\u00e4nzung Material\",\"item\":\"https:\/\/teiaeducation.ch\/de\/produkt-kategorie\/unsere-marken\/nienhuis-montessori-schweiz\/curriculum-erganzung-nienhuis-montessori\/\"},{\"@type\":\"ListItem\",\"position\":6,\"name\":\"Tellurium (Englisch) &#8211; Nienhuis Montessori\"}]},{\"@type\":\"WebSite\",\"@id\":\"https:\/\/teiaeducation.ch\/de\/#website\",\"url\":\"https:\/\/teiaeducation.ch\/de\/\",\"name\":\"Sustainable Educational Products &amp; Ecological Toys\u00a0\",\"description\":\"Specialised Swiss shop selling sustainable educational toys and games, AMI certified Montessori materials, handmade ecological wooden Waldorf toys and arts &amp; crafts supplies, school supplies, children&#039;s furniture and Montessori reference and parenting books.\",\"publisher\":{\"@id\":\"https:\/\/teiaeducation.ch\/de\/#organization\"},\"alternateName\":\"Teia Education & Play\",\"potentialAction\":[{\"@type\":\"SearchAction\",\"target\":{\"@type\":\"EntryPoint\",\"urlTemplate\":\"https:\/\/teiaeducation.ch\/de\/?s={search_term_string}\"},\"query-input\":{\"@type\":\"PropertyValueSpecification\",\"valueRequired\":true,\"valueName\":\"search_term_string\"}}],\"inLanguage\":\"de-CH\"},{\"@type\":\"Organization\",\"@id\":\"https:\/\/teiaeducation.ch\/de\/#organization\",\"name\":\"Teia Education & Play\",\"url\":\"https:\/\/teiaeducation.ch\/de\/\",\"logo\":{\"@type\":\"ImageObject\",\"inLanguage\":\"de-CH\",\"@id\":\"https:\/\/teiaeducation.ch\/de\/#\/schema\/logo\/image\/\",\"url\":\"https:\/\/teiaeducation.ch\/wp-content\/uploads\/2020\/11\/Teia-Education-Switzerland-e1620156442216.jpg\",\"contentUrl\":\"https:\/\/teiaeducation.ch\/wp-content\/uploads\/2020\/11\/Teia-Education-Switzerland-e1620156442216.jpg\",\"width\":166,\"height\":145,\"caption\":\"Teia Education & Play\"},\"image\":{\"@id\":\"https:\/\/teiaeducation.ch\/de\/#\/schema\/logo\/image\/\"},\"sameAs\":[\"https:\/\/www.facebook.com\/teiaeducation\/\",\"https:\/\/x.com\/EducationTeia\",\"https:\/\/www.instagram.com\/teia.education\/\",\"https:\/\/www.linkedin.com\/company\/35501660\",\"https:\/\/www.pinterest.ch\/TeiaEducation\/\"]}]}<\/script>\n<!-- \/ Yoast SEO plugin. -->","yoast_head_json":{"title":"Tellurium - Nienhuis Montessori","description":"Das Nienhuis Montessori Tellurium ist ein Material f\u00fcr den kosmischen Unterricht, mit dem sich die Bewegung der Erde und des Mondes um die Sonne veranschaulichen l\u00e4sst.","robots":{"index":"index","follow":"follow","max-snippet":"max-snippet:-1","max-image-preview":"max-image-preview:large","max-video-preview":"max-video-preview:-1"},"canonical":"https:\/\/teiaeducation.ch\/de\/produkt\/tellurium-englisch-nienhuis-montessori\/","og_locale":"de_DE","og_type":"article","og_title":"Tellurium - Nienhuis Montessori","og_description":"Das Nienhuis Montessori Tellurium ist ein Material f\u00fcr den kosmischen Unterricht, mit dem sich die Bewegung der Erde und des Mondes um die Sonne veranschaulichen l\u00e4sst.","og_url":"https:\/\/teiaeducation.ch\/de\/produkt\/tellurium-englisch-nienhuis-montessori\/","og_site_name":"Sustainable Educational Products &amp; Ecological Toys\u00a0","article_publisher":"https:\/\/www.facebook.com\/teiaeducation\/","article_modified_time":"2024-05-13T14:17:03+00:00","og_image":[{"width":2048,"height":2048,"url":"https:\/\/teiaeducation.ch\/wp-content\/uploads\/2019\/05\/400_085101_main_or_1-scaled-scaled.jpg","type":"image\/jpeg"}],"schema":{"@context":"https:\/\/schema.org","@graph":[{"@type":"WebPage","@id":"https:\/\/teiaeducation.ch\/de\/produkt\/tellurium-englisch-nienhuis-montessori\/","url":"https:\/\/teiaeducation.ch\/de\/produkt\/tellurium-englisch-nienhuis-montessori\/","name":"Tellurium - Nienhuis Montessori","isPartOf":{"@id":"https:\/\/teiaeducation.ch\/de\/#website"},"primaryImageOfPage":{"@id":"https:\/\/teiaeducation.ch\/de\/produkt\/tellurium-englisch-nienhuis-montessori\/#primaryimage"},"image":{"@id":"https:\/\/teiaeducation.ch\/de\/produkt\/tellurium-englisch-nienhuis-montessori\/#primaryimage"},"thumbnailUrl":"https:\/\/teiaeducation.ch\/wp-content\/uploads\/2019\/05\/400_085101_main_or_1-scaled-scaled.jpg","datePublished":"2021-01-27T11:15:47+00:00","dateModified":"2024-05-13T14:17:03+00:00","description":"Das Nienhuis Montessori Tellurium ist ein Material f\u00fcr den kosmischen Unterricht, mit dem sich die Bewegung der Erde und des Mondes um die Sonne veranschaulichen l\u00e4sst.","breadcrumb":{"@id":"https:\/\/teiaeducation.ch\/de\/produkt\/tellurium-englisch-nienhuis-montessori\/#breadcrumb"},"inLanguage":"de-CH","potentialAction":[{"@type":"ReadAction","target":["https:\/\/teiaeducation.ch\/de\/produkt\/tellurium-englisch-nienhuis-montessori\/"]}]},{"@type":"ImageObject","inLanguage":"de-CH","@id":"https:\/\/teiaeducation.ch\/de\/produkt\/tellurium-englisch-nienhuis-montessori\/#primaryimage","url":"https:\/\/teiaeducation.ch\/wp-content\/uploads\/2019\/05\/400_085101_main_or_1-scaled-scaled.jpg","contentUrl":"https:\/\/teiaeducation.ch\/wp-content\/uploads\/2019\/05\/400_085101_main_or_1-scaled-scaled.jpg","width":2048,"height":2048,"caption":"Tellurium (Englisch) - Nienhuis Montessori"},{"@type":"BreadcrumbList","@id":"https:\/\/teiaeducation.ch\/de\/produkt\/tellurium-englisch-nienhuis-montessori\/#breadcrumb","itemListElement":[{"@type":"ListItem","position":1,"name":"Home","item":"https:\/\/teiaeducation.ch\/de\/"},{"@type":"ListItem","position":2,"name":"Laden","item":"https:\/\/teiaeducation.ch\/de\/shop\/"},{"@type":"ListItem","position":3,"name":"Unsere Marken","item":"https:\/\/teiaeducation.ch\/de\/produkt-kategorie\/unsere-marken\/"},{"@type":"ListItem","position":4,"name":"Nienhuis Montessori Schweiz","item":"https:\/\/teiaeducation.ch\/de\/produkt-kategorie\/unsere-marken\/nienhuis-montessori-schweiz\/"},{"@type":"ListItem","position":5,"name":"Curriculum Erg\u00e4nzung Material","item":"https:\/\/teiaeducation.ch\/de\/produkt-kategorie\/unsere-marken\/nienhuis-montessori-schweiz\/curriculum-erganzung-nienhuis-montessori\/"},{"@type":"ListItem","position":6,"name":"Tellurium (Englisch) &#8211; Nienhuis Montessori"}]},{"@type":"WebSite","@id":"https:\/\/teiaeducation.ch\/de\/#website","url":"https:\/\/teiaeducation.ch\/de\/","name":"Sustainable Educational Products &amp; Ecological Toys\u00a0","description":"Specialised Swiss shop selling sustainable educational toys and games, AMI certified Montessori materials, handmade ecological wooden Waldorf toys and arts &amp; crafts supplies, school supplies, children&#039;s furniture and Montessori reference and parenting books.","publisher":{"@id":"https:\/\/teiaeducation.ch\/de\/#organization"},"alternateName":"Teia Education & Play","potentialAction":[{"@type":"SearchAction","target":{"@type":"EntryPoint","urlTemplate":"https:\/\/teiaeducation.ch\/de\/?s={search_term_string}"},"query-input":{"@type":"PropertyValueSpecification","valueRequired":true,"valueName":"search_term_string"}}],"inLanguage":"de-CH"},{"@type":"Organization","@id":"https:\/\/teiaeducation.ch\/de\/#organization","name":"Teia Education & Play","url":"https:\/\/teiaeducation.ch\/de\/","logo":{"@type":"ImageObject","inLanguage":"de-CH","@id":"https:\/\/teiaeducation.ch\/de\/#\/schema\/logo\/image\/","url":"https:\/\/teiaeducation.ch\/wp-content\/uploads\/2020\/11\/Teia-Education-Switzerland-e1620156442216.jpg","contentUrl":"https:\/\/teiaeducation.ch\/wp-content\/uploads\/2020\/11\/Teia-Education-Switzerland-e1620156442216.jpg","width":166,"height":145,"caption":"Teia Education & Play"},"image":{"@id":"https:\/\/teiaeducation.ch\/de\/#\/schema\/logo\/image\/"},"sameAs":["https:\/\/www.facebook.com\/teiaeducation\/","https:\/\/x.com\/EducationTeia","https:\/\/www.instagram.com\/teia.education\/","https:\/\/www.linkedin.com\/company\/35501660","https:\/\/www.pinterest.ch\/TeiaEducation\/"]}]}},"_links":{"self":[{"href":"https:\/\/teiaeducation.ch\/de\/wp-json\/wp\/v2\/product\/60498","targetHints":{"allow":["GET"]}}],"collection":[{"href":"https:\/\/teiaeducation.ch\/de\/wp-json\/wp\/v2\/product"}],"about":[{"href":"https:\/\/teiaeducation.ch\/de\/wp-json\/wp\/v2\/types\/product"}],"replies":[{"embeddable":true,"href":"https:\/\/teiaeducation.ch\/de\/wp-json\/wp\/v2\/comments?post=60498"}],"wp:featuredmedia":[{"embeddable":true,"href":"https:\/\/teiaeducation.ch\/de\/wp-json\/wp\/v2\/media\/60499"}],"wp:attachment":[{"href":"https:\/\/teiaeducation.ch\/de\/wp-json\/wp\/v2\/media?parent=60498"}],"wp:term":[{"taxonomy":"product_brand","embeddable":true,"href":"https:\/\/teiaeducation.ch\/de\/wp-json\/wp\/v2\/product_brand?post=60498"},{"taxonomy":"product_cat","embeddable":true,"href":"https:\/\/teiaeducation.ch\/de\/wp-json\/wp\/v2\/product_cat?post=60498"},{"taxonomy":"product_tag","embeddable":true,"href":"https:\/\/teiaeducation.ch\/de\/wp-json\/wp\/v2\/product_tag?post=60498"}],"curies":[{"name":"wp","href":"https:\/\/api.w.org\/{rel}","templated":true}]}}