{"id":60507,"date":"2021-01-27T12:11:34","date_gmt":"2021-01-27T11:11:34","guid":{"rendered":"https:\/\/teiaeducation.ch\/product\/phasen-des-mondes-nomenklaturkarten-englisch-nienhuis-montessori\/"},"modified":"2024-05-13T16:35:29","modified_gmt":"2024-05-13T14:35:29","slug":"phasen-des-mondes-nomenklaturkarten-englisch-nienhuis-montessori","status":"publish","type":"product","link":"https:\/\/teiaeducation.ch\/de\/produkt\/phasen-des-mondes-nomenklaturkarten-englisch-nienhuis-montessori\/","title":{"rendered":"Phasen des Mondes Nomenklaturkarten (Englisch) &#8211; Nienhuis Montessori"},"content":{"rendered":"<p>Phasen des Mondes Nomenklaturkarten (Englisch) &#8211; Nienhuis Montessori<\/p>\n<p>Die Nienhuis Montessori-Mondphasen-<a href=\"https:\/\/teiaeducation.ch\/product-category\/curriculum-support\/nomenclature-cards\/\">Nomenklaturkarten<\/a> ist erg\u00e4nzendes Material, das als Unterst\u00fctzung f\u00fcr die gro\u00dfen kosmischen Bildungslektionen verwendet werden kann. Die Nomenklaturkarten umfassen zwei S\u00e4tze von achtzehn klassifizierten Karten. Das Set enth\u00e4lt die dreiteiligen Nomenklaturkarten mit Bildern und Beschriftungen, passenden Bildern und passender Nomenklatur: ein Set mit separaten Beschriftungen und ein Kontrollset mit Beschriftung am unteren Rand. Die Karten sind aus dickem, wei\u00dfem Plastik, auf dem die Mondphasen und ihre Namen aufgedruckt sind.<\/p>\n<p>Das Nomenklaturkartenset Mondphasen enth\u00e4lt die folgenden Karten mit Definitionen:<\/p>\n<p>\u2022 Die neue Mondphase<br \/>\n\u2022 Die zunehmende Mondsichelphase<br \/>\n\u2022 Die erste Viertelmondphase<br \/>\n\u2022 Die Phase des zunehmenden Gibbous-Monds<br \/>\n\u2022 Die Vollmondphase<br \/>\n\u2022 Die abnehmende Gibbous-Mondphase<br \/>\n\u2022 Die letzte Viertelmondphase<br \/>\n\u2022 Die abnehmende Mondsichelphase<\/p>\n<p>Ein Heft zur Unterst\u00fctzung des Unterrichts sowie eine Wandtafel sind ebenfalls enthalten.<\/p>\n<p>Dieses Material ist f\u00fcr Kinder ab 6 Jahren geeignet.<\/p>\n<p>Inhalt:<\/p>\n<p>2 S\u00e4tze mit 18 dicken Plastik-Nomenklaturkarten<\/p>\n<p><em>We currently do not have this item in stock, but it is available on pre-order. We will order this item for you from our supplier. Due to importation from the European Union to Switzerland please allow 2 to maximum 3 weeks for delivery. <\/em><\/p>\n\t<div id=\"gap-1331537152\" class=\"gap-element clearfix\" style=\"display:block; height:auto;\">\n\t\t\n<style>\n#gap-1331537152 {\n  padding-top: 20px;\n}\n<\/style>\n\t<\/div>\n\t\n","protected":false},"excerpt":{"rendered":"<p>Artikelnummer: ELC5016<\/p>\n<p>Die Nienhuis Montessori-Mondphasen-Nomenklaturkarten sind erg\u00e4nzendes Material, das als Unterst\u00fctzung f\u00fcr die gro\u00dfen kosmischen Erziehungslektionen verwendet werden kann.<\/p>\n","protected":false},"featured_media":60508,"comment_status":"open","ping_status":"closed","template":"","meta":[],"product_brand":[],"product_cat":[21446,21524,21479,21571,21515,21647,21510,21509,21499,21481,21443,21572,21501,21564,21536],"product_tag":[29103,26005,23120,22981,26807,29102,26006,26034],"class_list":{"0":"post-60507","1":"product","2":"type-product","3":"status-publish","4":"has-post-thumbnail","6":"product_cat-6-12-jahre-grundschule","7":"product_cat-alphabetisierung-sprache","8":"product_cat-lernmaterialien-spielzeug-montessori-waldorf-steiner-froebel","9":"product_cat-curriculum-erganzung-nienhuis-montessori","10":"product_cat-erde-universum","11":"product_cat-geographie-nienhuis-montessori","12":"product_cat-kultur-wissenschaft","13":"product_cat-lernthemen","14":"product_cat-lernunterstuetzung","15":"product_cat-montessori-paedagogik-material-spielzeug","16":"product_cat-nach-alter","17":"product_cat-nienhuis-montessori-schweiz","18":"product_cat-nomenklatur-karten","19":"product_cat-unsere-marken","20":"product_cat-wortschatz","21":"product_tag-die-phasen-des-mondes-kennenlernen","22":"product_tag-grundschule-6-12-jahre","23":"product_tag-montessori-material-schweiz","24":"product_tag-nienhuis-montessori-de","25":"product_tag-nienhuis-montessori-materialien","26":"product_tag-phasen-des-mondes-nomenklaturkarten-nienhuis-montessori","27":"product_tag-sprache","28":"product_tag-unterstutzung-des-lehrplans","30":"first","31":"onbackorder","32":"sold-individually","33":"taxable","34":"shipping-taxable","35":"purchasable","36":"product-type-simple"},"yoast_head":"<!-- This site is optimized with the Yoast SEO Premium plugin v25.8 (Yoast SEO v27.4) - https:\/\/yoast.com\/product\/yoast-seo-premium-wordpress\/ -->\n<title>Phasen des Mondes Nomenklaturkarten (Englisch) - Nienhuis Montessori<\/title>\n<meta name=\"description\" content=\"Die Nienhuis Montessori-Mondphasen-Nomenklaturkarten sind erg\u00e4nzendes Material, das als Unterst\u00fctzung f\u00fcr die gro\u00dfen kosmischen Erziehungslektionen verwendet werden kann.\" \/>\n<meta name=\"robots\" content=\"index, follow, max-snippet:-1, max-image-preview:large, max-video-preview:-1\" \/>\n<link rel=\"canonical\" href=\"https:\/\/teiaeducation.ch\/de\/produkt\/phasen-des-mondes-nomenklaturkarten-englisch-nienhuis-montessori\/\" \/>\n<meta property=\"og:locale\" content=\"de_DE\" \/>\n<meta property=\"og:type\" content=\"article\" \/>\n<meta property=\"og:title\" content=\"Phasen des Mondes Nomenklaturkarten (Englisch) - Nienhuis Montessori\" \/>\n<meta property=\"og:description\" content=\"Die Nienhuis Montessori-Mondphasen-Nomenklaturkarten sind erg\u00e4nzendes Material, das als Unterst\u00fctzung f\u00fcr die gro\u00dfen kosmischen Erziehungslektionen verwendet werden kann.\" \/>\n<meta property=\"og:url\" content=\"https:\/\/teiaeducation.ch\/de\/produkt\/phasen-des-mondes-nomenklaturkarten-englisch-nienhuis-montessori\/\" \/>\n<meta property=\"og:site_name\" content=\"Sustainable Educational Products &amp; Ecological Toys\u00a0\" \/>\n<meta property=\"article:publisher\" content=\"https:\/\/www.facebook.com\/teiaeducation\/\" \/>\n<meta property=\"article:modified_time\" content=\"2024-05-13T14:35:29+00:00\" \/>\n<meta property=\"og:image\" content=\"https:\/\/teiaeducation.ch\/wp-content\/uploads\/2019\/05\/400_ELC5016_main_or_1-scaled-scaled.jpg\" \/>\n\t<meta property=\"og:image:width\" content=\"2048\" \/>\n\t<meta property=\"og:image:height\" content=\"2048\" \/>\n\t<meta property=\"og:image:type\" content=\"image\/jpeg\" \/>\n<script type=\"application\/ld+json\" class=\"yoast-schema-graph\">{\"@context\":\"https:\\\/\\\/schema.org\",\"@graph\":[{\"@type\":\"WebPage\",\"@id\":\"https:\\\/\\\/teiaeducation.ch\\\/de\\\/produkt\\\/phasen-des-mondes-nomenklaturkarten-englisch-nienhuis-montessori\\\/\",\"url\":\"https:\\\/\\\/teiaeducation.ch\\\/de\\\/produkt\\\/phasen-des-mondes-nomenklaturkarten-englisch-nienhuis-montessori\\\/\",\"name\":\"Phasen des Mondes Nomenklaturkarten (Englisch) - Nienhuis Montessori\",\"isPartOf\":{\"@id\":\"https:\\\/\\\/teiaeducation.ch\\\/de\\\/#website\"},\"primaryImageOfPage\":{\"@id\":\"https:\\\/\\\/teiaeducation.ch\\\/de\\\/produkt\\\/phasen-des-mondes-nomenklaturkarten-englisch-nienhuis-montessori\\\/#primaryimage\"},\"image\":{\"@id\":\"https:\\\/\\\/teiaeducation.ch\\\/de\\\/produkt\\\/phasen-des-mondes-nomenklaturkarten-englisch-nienhuis-montessori\\\/#primaryimage\"},\"thumbnailUrl\":\"https:\\\/\\\/teiaeducation.ch\\\/wp-content\\\/uploads\\\/2019\\\/05\\\/400_ELC5016_main_or_1-scaled-scaled.jpg\",\"datePublished\":\"2021-01-27T11:11:34+00:00\",\"dateModified\":\"2024-05-13T14:35:29+00:00\",\"description\":\"Die Nienhuis Montessori-Mondphasen-Nomenklaturkarten sind erg\u00e4nzendes Material, das als Unterst\u00fctzung f\u00fcr die gro\u00dfen kosmischen Erziehungslektionen verwendet werden kann.\",\"breadcrumb\":{\"@id\":\"https:\\\/\\\/teiaeducation.ch\\\/de\\\/produkt\\\/phasen-des-mondes-nomenklaturkarten-englisch-nienhuis-montessori\\\/#breadcrumb\"},\"inLanguage\":\"de-CH\",\"potentialAction\":[{\"@type\":\"ReadAction\",\"target\":[\"https:\\\/\\\/teiaeducation.ch\\\/de\\\/produkt\\\/phasen-des-mondes-nomenklaturkarten-englisch-nienhuis-montessori\\\/\"]}]},{\"@type\":\"ImageObject\",\"inLanguage\":\"de-CH\",\"@id\":\"https:\\\/\\\/teiaeducation.ch\\\/de\\\/produkt\\\/phasen-des-mondes-nomenklaturkarten-englisch-nienhuis-montessori\\\/#primaryimage\",\"url\":\"https:\\\/\\\/teiaeducation.ch\\\/wp-content\\\/uploads\\\/2019\\\/05\\\/400_ELC5016_main_or_1-scaled-scaled.jpg\",\"contentUrl\":\"https:\\\/\\\/teiaeducation.ch\\\/wp-content\\\/uploads\\\/2019\\\/05\\\/400_ELC5016_main_or_1-scaled-scaled.jpg\",\"width\":2048,\"height\":2048,\"caption\":\"Phasen des Mondes Nomenklaturkarten (Englisch) - Nienhuis Montessori\"},{\"@type\":\"BreadcrumbList\",\"@id\":\"https:\\\/\\\/teiaeducation.ch\\\/de\\\/produkt\\\/phasen-des-mondes-nomenklaturkarten-englisch-nienhuis-montessori\\\/#breadcrumb\",\"itemListElement\":[{\"@type\":\"ListItem\",\"position\":1,\"name\":\"Home\",\"item\":\"https:\\\/\\\/teiaeducation.ch\\\/de\\\/\"},{\"@type\":\"ListItem\",\"position\":2,\"name\":\"Laden\",\"item\":\"https:\\\/\\\/teiaeducation.ch\\\/de\\\/shop\\\/\"},{\"@type\":\"ListItem\",\"position\":3,\"name\":\"Phasen des Mondes Nomenklaturkarten (Englisch) &#8211; Nienhuis Montessori\"}]},{\"@type\":\"WebSite\",\"@id\":\"https:\\\/\\\/teiaeducation.ch\\\/de\\\/#website\",\"url\":\"https:\\\/\\\/teiaeducation.ch\\\/de\\\/\",\"name\":\"Sustainable Educational Products &amp; Ecological Toys\u00a0\",\"description\":\"Specialised Swiss shop selling sustainable educational toys and games, AMI certified Montessori materials, handmade ecological wooden Waldorf toys and arts &amp; crafts supplies, school supplies, children&#039;s furniture and Montessori reference and parenting books.\",\"publisher\":{\"@id\":\"https:\\\/\\\/teiaeducation.ch\\\/de\\\/#organization\"},\"alternateName\":\"Teia Education & Play\",\"potentialAction\":[{\"@type\":\"SearchAction\",\"target\":{\"@type\":\"EntryPoint\",\"urlTemplate\":\"https:\\\/\\\/teiaeducation.ch\\\/de\\\/?s={search_term_string}\"},\"query-input\":{\"@type\":\"PropertyValueSpecification\",\"valueRequired\":true,\"valueName\":\"search_term_string\"}}],\"inLanguage\":\"de-CH\"},{\"@type\":\"Organization\",\"@id\":\"https:\\\/\\\/teiaeducation.ch\\\/de\\\/#organization\",\"name\":\"Teia Education & Play\",\"url\":\"https:\\\/\\\/teiaeducation.ch\\\/de\\\/\",\"logo\":{\"@type\":\"ImageObject\",\"inLanguage\":\"de-CH\",\"@id\":\"https:\\\/\\\/teiaeducation.ch\\\/de\\\/#\\\/schema\\\/logo\\\/image\\\/\",\"url\":\"https:\\\/\\\/teiaeducation.ch\\\/wp-content\\\/uploads\\\/2020\\\/11\\\/Teia-Education-Switzerland-e1620156442216.jpg\",\"contentUrl\":\"https:\\\/\\\/teiaeducation.ch\\\/wp-content\\\/uploads\\\/2020\\\/11\\\/Teia-Education-Switzerland-e1620156442216.jpg\",\"width\":166,\"height\":145,\"caption\":\"Teia Education & Play\"},\"image\":{\"@id\":\"https:\\\/\\\/teiaeducation.ch\\\/de\\\/#\\\/schema\\\/logo\\\/image\\\/\"},\"sameAs\":[\"https:\\\/\\\/www.facebook.com\\\/teiaeducation\\\/\",\"https:\\\/\\\/x.com\\\/EducationTeia\",\"https:\\\/\\\/www.instagram.com\\\/teia.education\\\/\",\"https:\\\/\\\/www.linkedin.com\\\/company\\\/35501660\",\"https:\\\/\\\/www.pinterest.ch\\\/TeiaEducation\\\/\"]}]}<\/script>\n<meta property=\"product:price:amount\" content=\"54.90\" \/>\n<meta property=\"product:price:currency\" content=\"CHF\" \/>\n<meta property=\"og:availability\" content=\"backorder\" \/>\n<meta property=\"product:availability\" content=\"available for order\" \/>\n<meta property=\"product:retailer_item_id\" content=\"423ea445a32c\" \/>\n<meta property=\"product:condition\" content=\"new\" \/>\n<!-- \/ Yoast SEO Premium plugin. -->","yoast_head_json":{"title":"Phasen des Mondes Nomenklaturkarten (Englisch) - Nienhuis Montessori","description":"Die Nienhuis Montessori-Mondphasen-Nomenklaturkarten sind erg\u00e4nzendes Material, das als Unterst\u00fctzung f\u00fcr die gro\u00dfen kosmischen Erziehungslektionen verwendet werden kann.","robots":{"index":"index","follow":"follow","max-snippet":"max-snippet:-1","max-image-preview":"max-image-preview:large","max-video-preview":"max-video-preview:-1"},"canonical":"https:\/\/teiaeducation.ch\/de\/produkt\/phasen-des-mondes-nomenklaturkarten-englisch-nienhuis-montessori\/","og_locale":"de_DE","og_type":"article","og_title":"Phasen des Mondes Nomenklaturkarten (Englisch) - Nienhuis Montessori","og_description":"Die Nienhuis Montessori-Mondphasen-Nomenklaturkarten sind erg\u00e4nzendes Material, das als Unterst\u00fctzung f\u00fcr die gro\u00dfen kosmischen Erziehungslektionen verwendet werden kann.","og_url":"https:\/\/teiaeducation.ch\/de\/produkt\/phasen-des-mondes-nomenklaturkarten-englisch-nienhuis-montessori\/","og_site_name":"Sustainable Educational Products &amp; Ecological Toys\u00a0","article_publisher":"https:\/\/www.facebook.com\/teiaeducation\/","article_modified_time":"2024-05-13T14:35:29+00:00","og_image":[{"width":2048,"height":2048,"url":"https:\/\/teiaeducation.ch\/wp-content\/uploads\/2019\/05\/400_ELC5016_main_or_1-scaled-scaled.jpg","type":"image\/jpeg"}],"schema":{"@context":"https:\/\/schema.org","@graph":[{"@type":"WebPage","@id":"https:\/\/teiaeducation.ch\/de\/produkt\/phasen-des-mondes-nomenklaturkarten-englisch-nienhuis-montessori\/","url":"https:\/\/teiaeducation.ch\/de\/produkt\/phasen-des-mondes-nomenklaturkarten-englisch-nienhuis-montessori\/","name":"Phasen des Mondes Nomenklaturkarten (Englisch) - Nienhuis Montessori","isPartOf":{"@id":"https:\/\/teiaeducation.ch\/de\/#website"},"primaryImageOfPage":{"@id":"https:\/\/teiaeducation.ch\/de\/produkt\/phasen-des-mondes-nomenklaturkarten-englisch-nienhuis-montessori\/#primaryimage"},"image":{"@id":"https:\/\/teiaeducation.ch\/de\/produkt\/phasen-des-mondes-nomenklaturkarten-englisch-nienhuis-montessori\/#primaryimage"},"thumbnailUrl":"https:\/\/teiaeducation.ch\/wp-content\/uploads\/2019\/05\/400_ELC5016_main_or_1-scaled-scaled.jpg","datePublished":"2021-01-27T11:11:34+00:00","dateModified":"2024-05-13T14:35:29+00:00","description":"Die Nienhuis Montessori-Mondphasen-Nomenklaturkarten sind erg\u00e4nzendes Material, das als Unterst\u00fctzung f\u00fcr die gro\u00dfen kosmischen Erziehungslektionen verwendet werden kann.","breadcrumb":{"@id":"https:\/\/teiaeducation.ch\/de\/produkt\/phasen-des-mondes-nomenklaturkarten-englisch-nienhuis-montessori\/#breadcrumb"},"inLanguage":"de-CH","potentialAction":[{"@type":"ReadAction","target":["https:\/\/teiaeducation.ch\/de\/produkt\/phasen-des-mondes-nomenklaturkarten-englisch-nienhuis-montessori\/"]}]},{"@type":"ImageObject","inLanguage":"de-CH","@id":"https:\/\/teiaeducation.ch\/de\/produkt\/phasen-des-mondes-nomenklaturkarten-englisch-nienhuis-montessori\/#primaryimage","url":"https:\/\/teiaeducation.ch\/wp-content\/uploads\/2019\/05\/400_ELC5016_main_or_1-scaled-scaled.jpg","contentUrl":"https:\/\/teiaeducation.ch\/wp-content\/uploads\/2019\/05\/400_ELC5016_main_or_1-scaled-scaled.jpg","width":2048,"height":2048,"caption":"Phasen des Mondes Nomenklaturkarten (Englisch) - Nienhuis Montessori"},{"@type":"BreadcrumbList","@id":"https:\/\/teiaeducation.ch\/de\/produkt\/phasen-des-mondes-nomenklaturkarten-englisch-nienhuis-montessori\/#breadcrumb","itemListElement":[{"@type":"ListItem","position":1,"name":"Home","item":"https:\/\/teiaeducation.ch\/de\/"},{"@type":"ListItem","position":2,"name":"Laden","item":"https:\/\/teiaeducation.ch\/de\/shop\/"},{"@type":"ListItem","position":3,"name":"Phasen des Mondes Nomenklaturkarten (Englisch) &#8211; Nienhuis Montessori"}]},{"@type":"WebSite","@id":"https:\/\/teiaeducation.ch\/de\/#website","url":"https:\/\/teiaeducation.ch\/de\/","name":"Sustainable Educational Products &amp; Ecological Toys\u00a0","description":"Specialised Swiss shop selling sustainable educational toys and games, AMI certified Montessori materials, handmade ecological wooden Waldorf toys and arts &amp; crafts supplies, school supplies, children&#039;s furniture and Montessori reference and parenting books.","publisher":{"@id":"https:\/\/teiaeducation.ch\/de\/#organization"},"alternateName":"Teia Education & Play","potentialAction":[{"@type":"SearchAction","target":{"@type":"EntryPoint","urlTemplate":"https:\/\/teiaeducation.ch\/de\/?s={search_term_string}"},"query-input":{"@type":"PropertyValueSpecification","valueRequired":true,"valueName":"search_term_string"}}],"inLanguage":"de-CH"},{"@type":"Organization","@id":"https:\/\/teiaeducation.ch\/de\/#organization","name":"Teia Education & Play","url":"https:\/\/teiaeducation.ch\/de\/","logo":{"@type":"ImageObject","inLanguage":"de-CH","@id":"https:\/\/teiaeducation.ch\/de\/#\/schema\/logo\/image\/","url":"https:\/\/teiaeducation.ch\/wp-content\/uploads\/2020\/11\/Teia-Education-Switzerland-e1620156442216.jpg","contentUrl":"https:\/\/teiaeducation.ch\/wp-content\/uploads\/2020\/11\/Teia-Education-Switzerland-e1620156442216.jpg","width":166,"height":145,"caption":"Teia Education & Play"},"image":{"@id":"https:\/\/teiaeducation.ch\/de\/#\/schema\/logo\/image\/"},"sameAs":["https:\/\/www.facebook.com\/teiaeducation\/","https:\/\/x.com\/EducationTeia","https:\/\/www.instagram.com\/teia.education\/","https:\/\/www.linkedin.com\/company\/35501660","https:\/\/www.pinterest.ch\/TeiaEducation\/"]}]},"product_price_amount":"54.90","product_price_currency":"CHF","og_availability":"backorder","product_availability":"available for order","product_retailer_item_id":"423ea445a32c","product_condition":"new"},"_links":{"self":[{"href":"https:\/\/teiaeducation.ch\/de\/wp-json\/wp\/v2\/product\/60507","targetHints":{"allow":["GET"]}}],"collection":[{"href":"https:\/\/teiaeducation.ch\/de\/wp-json\/wp\/v2\/product"}],"about":[{"href":"https:\/\/teiaeducation.ch\/de\/wp-json\/wp\/v2\/types\/product"}],"replies":[{"embeddable":true,"href":"https:\/\/teiaeducation.ch\/de\/wp-json\/wp\/v2\/comments?post=60507"}],"wp:featuredmedia":[{"embeddable":true,"href":"https:\/\/teiaeducation.ch\/de\/wp-json\/wp\/v2\/media\/60508"}],"wp:attachment":[{"href":"https:\/\/teiaeducation.ch\/de\/wp-json\/wp\/v2\/media?parent=60507"}],"wp:term":[{"taxonomy":"product_brand","embeddable":true,"href":"https:\/\/teiaeducation.ch\/de\/wp-json\/wp\/v2\/product_brand?post=60507"},{"taxonomy":"product_cat","embeddable":true,"href":"https:\/\/teiaeducation.ch\/de\/wp-json\/wp\/v2\/product_cat?post=60507"},{"taxonomy":"product_tag","embeddable":true,"href":"https:\/\/teiaeducation.ch\/de\/wp-json\/wp\/v2\/product_tag?post=60507"}],"curies":[{"name":"wp","href":"https:\/\/api.w.org\/{rel}","templated":true}]}}