{"id":60556,"date":"2021-01-26T09:47:58","date_gmt":"2021-01-26T08:47:58","guid":{"rendered":"https:\/\/teiaeducation.ch\/product\/kontrollkarten-fuer-die-botanischen-puzzles-englisch-nienhuis-montessori\/"},"modified":"2024-05-14T13:34:11","modified_gmt":"2024-05-14T11:34:11","slug":"kontrollkarten-fuer-die-botanischen-puzzles-englisch-nienhuis-montessori","status":"publish","type":"product","link":"https:\/\/teiaeducation.ch\/de\/produkt\/kontrollkarten-fuer-die-botanischen-puzzles-englisch-nienhuis-montessori\/","title":{"rendered":"Kontrollkarten f\u00fcr die Botanischen Puzzles (Englisch) &#8211; Nienhuis Montessori"},"content":{"rendered":"<p>Kontrollkarten f\u00fcr die Botanischen Puzzles (Englisch) &#8211; Nienhuis Montessori<\/p>\n<p>Die Nienhuis Montessori Kontrollkarten f\u00fcr die Botanischen Puzzles bestehen aus vier Arbeitskarten, vier Kontrollkarten und zwanzig Namenskarten aus dickem Kunststoff. Das Aktivit\u00e4tsset ist erg\u00e4nzendes Material zu den Botanikr\u00e4tseln. Auf den vier Kontrollkarten sind die Bezeichnungen der Bestandteile einer Pflanze (Baum), eines Blattes, einer Bl\u00fcte und einer Wurzel aufgedruckt. Die vier Arbeitskarten zeigen nur die Umrisse des Botanikpuzzles, so dass das Kind die Namensk\u00e4rtchen den entsprechenden Bauteilen zuordnen kann.<\/p>\n<p>Dieses Material ist f\u00fcr Kinder ab 5 Jahren geeignet.<\/p>\n<p>Inhalt:<\/p>\n<p>4 Kontrollkarten<br \/>\n4 Arbeitskarten<br \/>\n20 Namenskarten<br \/>\n1 Aufbewahrungsbox aus Holz mit F\u00e4chern und Deckel (33 x 25 x 4,5 cm)<\/p>\n<p><em>We currently do not have this item in stock, but it is available on pre-order. We will order this item for you from our supplier. Due to importation from the European Union to Switzerland please allow 2 to maximum 3 weeks for delivery. <\/em><\/p>\n\t<div id=\"gap-1126009574\" class=\"gap-element clearfix\" style=\"display:block; height:auto;\">\n\t\t\n<style>\n#gap-1126009574 {\n  padding-top: 20px;\n}\n<\/style>\n\t<\/div>\n\t\n","protected":false},"excerpt":{"rendered":"<p>Artikelnummer: 020201<\/p>\n","protected":false},"featured_media":60557,"comment_status":"closed","ping_status":"closed","template":"","meta":[],"product_brand":[],"product_cat":[21475,21445,21446,21476,21500,21479,21570,21512,21670,21474,21510,21509,21499,21481,21443,21572,21564],"product_tag":[23474,25729,24315,23473,24316,23120,26558,26559,29110,23119],"class_list":{"0":"post-60556","1":"product","2":"type-product","3":"status-publish","4":"has-post-thumbnail","6":"product_cat-3-6-jahre-klassenzimmer-pack","7":"product_cat-3-6-jahre-vorschule","8":"product_cat-6-12-jahre-grundschule","9":"product_cat-6-12-jahre-klassenzimmer-pack","10":"product_cat-aktivitaetssets","11":"product_cat-lernmaterialien-spielzeug-montessori-waldorf-steiner-froebel","12":"product_cat-biologie-nienhuis-montessori","13":"product_cat-botanik","14":"product_cat-fruehjahrskollektion","15":"product_cat-klassenzimmer-essenzien","16":"product_cat-kultur-wissenschaft","17":"product_cat-lernthemen","18":"product_cat-lernunterstuetzung","19":"product_cat-montessori-paedagogik-material-spielzeug","20":"product_cat-nach-alter","21":"product_cat-nienhuis-montessori-schweiz","22":"product_cat-unsere-marken","23":"product_tag-heutink-international-schweiz","24":"product_tag-holzpuzzle","25":"product_tag-holzspielzeug","26":"product_tag-lehrmittel-schweiz","27":"product_tag-lernspielzeug-schweiz","28":"product_tag-montessori-material-schweiz","29":"product_tag-nienhuis-montessori-biologie-de","30":"product_tag-nienhuis-montessori-botanie-de","31":"product_tag-nienhuis-montessori-kontrollkarten-fur-die-botanischen-puzzles","32":"product_tag-nienhuis-montessori-schweiz-de","34":"first","35":"onbackorder","36":"taxable","37":"shipping-taxable","38":"purchasable","39":"product-type-simple"},"yoast_head":"<!-- This site is optimized with the Yoast SEO plugin v27.3 - https:\/\/yoast.com\/product\/yoast-seo-wordpress\/ -->\n<title>Kontrollkarten f\u00fcr die Botanischen Puzzles (Englisch) - Nienhuis Montessori - Teia Education &amp; Play<\/title>\n<meta name=\"description\" content=\"Die Nienhuis Montessori Kontrollkarten f\u00fcr die Botanischen Puzzles bestehen aus vier Arbeitskarten, vier Kontrollkarten und zwanzig Namenskarten, die in einer Holzbox aufbewahrt werden.\" \/>\n<meta name=\"robots\" content=\"index, follow, max-snippet:-1, max-image-preview:large, max-video-preview:-1\" \/>\n<link rel=\"canonical\" href=\"https:\/\/teiaeducation.ch\/de\/produkt\/kontrollkarten-fuer-die-botanischen-puzzles-englisch-nienhuis-montessori\/\" \/>\n<meta property=\"og:locale\" content=\"de_DE\" \/>\n<meta property=\"og:type\" content=\"article\" \/>\n<meta property=\"og:title\" content=\"Kontrollkarten f\u00fcr die Botanischen Puzzles (Englisch) - Nienhuis Montessori - Teia Education &amp; Play\" \/>\n<meta property=\"og:description\" content=\"Die Nienhuis Montessori Kontrollkarten f\u00fcr die Botanischen Puzzles bestehen aus vier Arbeitskarten, vier Kontrollkarten und zwanzig Namenskarten, die in einer Holzbox aufbewahrt werden.\" \/>\n<meta property=\"og:url\" content=\"https:\/\/teiaeducation.ch\/de\/produkt\/kontrollkarten-fuer-die-botanischen-puzzles-englisch-nienhuis-montessori\/\" \/>\n<meta property=\"og:site_name\" content=\"Sustainable Educational Products &amp; Ecological Toys\u00a0\" \/>\n<meta property=\"article:publisher\" content=\"https:\/\/www.facebook.com\/teiaeducation\/\" \/>\n<meta property=\"article:modified_time\" content=\"2024-05-14T11:34:11+00:00\" \/>\n<meta property=\"og:image\" content=\"https:\/\/teiaeducation.ch\/wp-content\/uploads\/2019\/02\/020202.jpg\" \/>\n\t<meta property=\"og:image:width\" content=\"900\" \/>\n\t<meta property=\"og:image:height\" content=\"900\" \/>\n\t<meta property=\"og:image:type\" content=\"image\/jpeg\" \/>\n<script type=\"application\/ld+json\" class=\"yoast-schema-graph\">{\"@context\":\"https:\\\/\\\/schema.org\",\"@graph\":[{\"@type\":\"WebPage\",\"@id\":\"https:\\\/\\\/teiaeducation.ch\\\/de\\\/produkt\\\/kontrollkarten-fuer-die-botanischen-puzzles-englisch-nienhuis-montessori\\\/\",\"url\":\"https:\\\/\\\/teiaeducation.ch\\\/de\\\/produkt\\\/kontrollkarten-fuer-die-botanischen-puzzles-englisch-nienhuis-montessori\\\/\",\"name\":\"Kontrollkarten f\u00fcr die Botanischen Puzzles (Englisch) - Nienhuis Montessori - Teia Education & Play\",\"isPartOf\":{\"@id\":\"https:\\\/\\\/teiaeducation.ch\\\/de\\\/#website\"},\"primaryImageOfPage\":{\"@id\":\"https:\\\/\\\/teiaeducation.ch\\\/de\\\/produkt\\\/kontrollkarten-fuer-die-botanischen-puzzles-englisch-nienhuis-montessori\\\/#primaryimage\"},\"image\":{\"@id\":\"https:\\\/\\\/teiaeducation.ch\\\/de\\\/produkt\\\/kontrollkarten-fuer-die-botanischen-puzzles-englisch-nienhuis-montessori\\\/#primaryimage\"},\"thumbnailUrl\":\"https:\\\/\\\/teiaeducation.ch\\\/wp-content\\\/uploads\\\/2019\\\/02\\\/020202.jpg\",\"datePublished\":\"2021-01-26T08:47:58+00:00\",\"dateModified\":\"2024-05-14T11:34:11+00:00\",\"description\":\"Die Nienhuis Montessori Kontrollkarten f\u00fcr die Botanischen Puzzles bestehen aus vier Arbeitskarten, vier Kontrollkarten und zwanzig Namenskarten, die in einer Holzbox aufbewahrt werden.\",\"breadcrumb\":{\"@id\":\"https:\\\/\\\/teiaeducation.ch\\\/de\\\/produkt\\\/kontrollkarten-fuer-die-botanischen-puzzles-englisch-nienhuis-montessori\\\/#breadcrumb\"},\"inLanguage\":\"de-CH\",\"potentialAction\":[{\"@type\":\"ReadAction\",\"target\":[\"https:\\\/\\\/teiaeducation.ch\\\/de\\\/produkt\\\/kontrollkarten-fuer-die-botanischen-puzzles-englisch-nienhuis-montessori\\\/\"]}]},{\"@type\":\"ImageObject\",\"inLanguage\":\"de-CH\",\"@id\":\"https:\\\/\\\/teiaeducation.ch\\\/de\\\/produkt\\\/kontrollkarten-fuer-die-botanischen-puzzles-englisch-nienhuis-montessori\\\/#primaryimage\",\"url\":\"https:\\\/\\\/teiaeducation.ch\\\/wp-content\\\/uploads\\\/2019\\\/02\\\/020202.jpg\",\"contentUrl\":\"https:\\\/\\\/teiaeducation.ch\\\/wp-content\\\/uploads\\\/2019\\\/02\\\/020202.jpg\",\"width\":900,\"height\":900,\"caption\":\"Kontrollkarten f\u00fcr die Botanischen Puzzles (Englisch) - Nienhuis Montessori\"},{\"@type\":\"BreadcrumbList\",\"@id\":\"https:\\\/\\\/teiaeducation.ch\\\/de\\\/produkt\\\/kontrollkarten-fuer-die-botanischen-puzzles-englisch-nienhuis-montessori\\\/#breadcrumb\",\"itemListElement\":[{\"@type\":\"ListItem\",\"position\":1,\"name\":\"Home\",\"item\":\"https:\\\/\\\/teiaeducation.ch\\\/de\\\/\"},{\"@type\":\"ListItem\",\"position\":2,\"name\":\"Laden\",\"item\":\"https:\\\/\\\/teiaeducation.ch\\\/de\\\/shop\\\/\"},{\"@type\":\"ListItem\",\"position\":3,\"name\":\"Kontrollkarten f\u00fcr die Botanischen Puzzles (Englisch) &#8211; Nienhuis Montessori\"}]},{\"@type\":\"WebSite\",\"@id\":\"https:\\\/\\\/teiaeducation.ch\\\/de\\\/#website\",\"url\":\"https:\\\/\\\/teiaeducation.ch\\\/de\\\/\",\"name\":\"Sustainable Educational Products &amp; Ecological Toys\u00a0\",\"description\":\"Specialised Swiss shop selling sustainable educational toys and games, AMI certified Montessori materials, handmade ecological wooden Waldorf toys and arts &amp; crafts supplies, school supplies, children&#039;s furniture and Montessori reference and parenting books.\",\"publisher\":{\"@id\":\"https:\\\/\\\/teiaeducation.ch\\\/de\\\/#organization\"},\"alternateName\":\"Teia Education & Play\",\"potentialAction\":[{\"@type\":\"SearchAction\",\"target\":{\"@type\":\"EntryPoint\",\"urlTemplate\":\"https:\\\/\\\/teiaeducation.ch\\\/de\\\/?s={search_term_string}\"},\"query-input\":{\"@type\":\"PropertyValueSpecification\",\"valueRequired\":true,\"valueName\":\"search_term_string\"}}],\"inLanguage\":\"de-CH\"},{\"@type\":\"Organization\",\"@id\":\"https:\\\/\\\/teiaeducation.ch\\\/de\\\/#organization\",\"name\":\"Teia Education & Play\",\"url\":\"https:\\\/\\\/teiaeducation.ch\\\/de\\\/\",\"logo\":{\"@type\":\"ImageObject\",\"inLanguage\":\"de-CH\",\"@id\":\"https:\\\/\\\/teiaeducation.ch\\\/de\\\/#\\\/schema\\\/logo\\\/image\\\/\",\"url\":\"https:\\\/\\\/teiaeducation.ch\\\/wp-content\\\/uploads\\\/2020\\\/11\\\/Teia-Education-Switzerland-e1620156442216.jpg\",\"contentUrl\":\"https:\\\/\\\/teiaeducation.ch\\\/wp-content\\\/uploads\\\/2020\\\/11\\\/Teia-Education-Switzerland-e1620156442216.jpg\",\"width\":166,\"height\":145,\"caption\":\"Teia Education & Play\"},\"image\":{\"@id\":\"https:\\\/\\\/teiaeducation.ch\\\/de\\\/#\\\/schema\\\/logo\\\/image\\\/\"},\"sameAs\":[\"https:\\\/\\\/www.facebook.com\\\/teiaeducation\\\/\",\"https:\\\/\\\/x.com\\\/EducationTeia\",\"https:\\\/\\\/www.instagram.com\\\/teia.education\\\/\",\"https:\\\/\\\/www.linkedin.com\\\/company\\\/35501660\",\"https:\\\/\\\/www.pinterest.ch\\\/TeiaEducation\\\/\"]}]}<\/script>\n<!-- \/ Yoast SEO plugin. -->","yoast_head_json":{"title":"Kontrollkarten f\u00fcr die Botanischen Puzzles (Englisch) - Nienhuis Montessori - Teia Education & Play","description":"Die Nienhuis Montessori Kontrollkarten f\u00fcr die Botanischen Puzzles bestehen aus vier Arbeitskarten, vier Kontrollkarten und zwanzig Namenskarten, die in einer Holzbox aufbewahrt werden.","robots":{"index":"index","follow":"follow","max-snippet":"max-snippet:-1","max-image-preview":"max-image-preview:large","max-video-preview":"max-video-preview:-1"},"canonical":"https:\/\/teiaeducation.ch\/de\/produkt\/kontrollkarten-fuer-die-botanischen-puzzles-englisch-nienhuis-montessori\/","og_locale":"de_DE","og_type":"article","og_title":"Kontrollkarten f\u00fcr die Botanischen Puzzles (Englisch) - Nienhuis Montessori - Teia Education & Play","og_description":"Die Nienhuis Montessori Kontrollkarten f\u00fcr die Botanischen Puzzles bestehen aus vier Arbeitskarten, vier Kontrollkarten und zwanzig Namenskarten, die in einer Holzbox aufbewahrt werden.","og_url":"https:\/\/teiaeducation.ch\/de\/produkt\/kontrollkarten-fuer-die-botanischen-puzzles-englisch-nienhuis-montessori\/","og_site_name":"Sustainable Educational Products &amp; Ecological Toys\u00a0","article_publisher":"https:\/\/www.facebook.com\/teiaeducation\/","article_modified_time":"2024-05-14T11:34:11+00:00","og_image":[{"width":900,"height":900,"url":"https:\/\/teiaeducation.ch\/wp-content\/uploads\/2019\/02\/020202.jpg","type":"image\/jpeg"}],"schema":{"@context":"https:\/\/schema.org","@graph":[{"@type":"WebPage","@id":"https:\/\/teiaeducation.ch\/de\/produkt\/kontrollkarten-fuer-die-botanischen-puzzles-englisch-nienhuis-montessori\/","url":"https:\/\/teiaeducation.ch\/de\/produkt\/kontrollkarten-fuer-die-botanischen-puzzles-englisch-nienhuis-montessori\/","name":"Kontrollkarten f\u00fcr die Botanischen Puzzles (Englisch) - Nienhuis Montessori - Teia Education & Play","isPartOf":{"@id":"https:\/\/teiaeducation.ch\/de\/#website"},"primaryImageOfPage":{"@id":"https:\/\/teiaeducation.ch\/de\/produkt\/kontrollkarten-fuer-die-botanischen-puzzles-englisch-nienhuis-montessori\/#primaryimage"},"image":{"@id":"https:\/\/teiaeducation.ch\/de\/produkt\/kontrollkarten-fuer-die-botanischen-puzzles-englisch-nienhuis-montessori\/#primaryimage"},"thumbnailUrl":"https:\/\/teiaeducation.ch\/wp-content\/uploads\/2019\/02\/020202.jpg","datePublished":"2021-01-26T08:47:58+00:00","dateModified":"2024-05-14T11:34:11+00:00","description":"Die Nienhuis Montessori Kontrollkarten f\u00fcr die Botanischen Puzzles bestehen aus vier Arbeitskarten, vier Kontrollkarten und zwanzig Namenskarten, die in einer Holzbox aufbewahrt werden.","breadcrumb":{"@id":"https:\/\/teiaeducation.ch\/de\/produkt\/kontrollkarten-fuer-die-botanischen-puzzles-englisch-nienhuis-montessori\/#breadcrumb"},"inLanguage":"de-CH","potentialAction":[{"@type":"ReadAction","target":["https:\/\/teiaeducation.ch\/de\/produkt\/kontrollkarten-fuer-die-botanischen-puzzles-englisch-nienhuis-montessori\/"]}]},{"@type":"ImageObject","inLanguage":"de-CH","@id":"https:\/\/teiaeducation.ch\/de\/produkt\/kontrollkarten-fuer-die-botanischen-puzzles-englisch-nienhuis-montessori\/#primaryimage","url":"https:\/\/teiaeducation.ch\/wp-content\/uploads\/2019\/02\/020202.jpg","contentUrl":"https:\/\/teiaeducation.ch\/wp-content\/uploads\/2019\/02\/020202.jpg","width":900,"height":900,"caption":"Kontrollkarten f\u00fcr die Botanischen Puzzles (Englisch) - Nienhuis Montessori"},{"@type":"BreadcrumbList","@id":"https:\/\/teiaeducation.ch\/de\/produkt\/kontrollkarten-fuer-die-botanischen-puzzles-englisch-nienhuis-montessori\/#breadcrumb","itemListElement":[{"@type":"ListItem","position":1,"name":"Home","item":"https:\/\/teiaeducation.ch\/de\/"},{"@type":"ListItem","position":2,"name":"Laden","item":"https:\/\/teiaeducation.ch\/de\/shop\/"},{"@type":"ListItem","position":3,"name":"Kontrollkarten f\u00fcr die Botanischen Puzzles (Englisch) &#8211; Nienhuis Montessori"}]},{"@type":"WebSite","@id":"https:\/\/teiaeducation.ch\/de\/#website","url":"https:\/\/teiaeducation.ch\/de\/","name":"Sustainable Educational Products &amp; Ecological Toys\u00a0","description":"Specialised Swiss shop selling sustainable educational toys and games, AMI certified Montessori materials, handmade ecological wooden Waldorf toys and arts &amp; crafts supplies, school supplies, children&#039;s furniture and Montessori reference and parenting books.","publisher":{"@id":"https:\/\/teiaeducation.ch\/de\/#organization"},"alternateName":"Teia Education & Play","potentialAction":[{"@type":"SearchAction","target":{"@type":"EntryPoint","urlTemplate":"https:\/\/teiaeducation.ch\/de\/?s={search_term_string}"},"query-input":{"@type":"PropertyValueSpecification","valueRequired":true,"valueName":"search_term_string"}}],"inLanguage":"de-CH"},{"@type":"Organization","@id":"https:\/\/teiaeducation.ch\/de\/#organization","name":"Teia Education & Play","url":"https:\/\/teiaeducation.ch\/de\/","logo":{"@type":"ImageObject","inLanguage":"de-CH","@id":"https:\/\/teiaeducation.ch\/de\/#\/schema\/logo\/image\/","url":"https:\/\/teiaeducation.ch\/wp-content\/uploads\/2020\/11\/Teia-Education-Switzerland-e1620156442216.jpg","contentUrl":"https:\/\/teiaeducation.ch\/wp-content\/uploads\/2020\/11\/Teia-Education-Switzerland-e1620156442216.jpg","width":166,"height":145,"caption":"Teia Education & Play"},"image":{"@id":"https:\/\/teiaeducation.ch\/de\/#\/schema\/logo\/image\/"},"sameAs":["https:\/\/www.facebook.com\/teiaeducation\/","https:\/\/x.com\/EducationTeia","https:\/\/www.instagram.com\/teia.education\/","https:\/\/www.linkedin.com\/company\/35501660","https:\/\/www.pinterest.ch\/TeiaEducation\/"]}]}},"_links":{"self":[{"href":"https:\/\/teiaeducation.ch\/de\/wp-json\/wp\/v2\/product\/60556","targetHints":{"allow":["GET"]}}],"collection":[{"href":"https:\/\/teiaeducation.ch\/de\/wp-json\/wp\/v2\/product"}],"about":[{"href":"https:\/\/teiaeducation.ch\/de\/wp-json\/wp\/v2\/types\/product"}],"replies":[{"embeddable":true,"href":"https:\/\/teiaeducation.ch\/de\/wp-json\/wp\/v2\/comments?post=60556"}],"wp:featuredmedia":[{"embeddable":true,"href":"https:\/\/teiaeducation.ch\/de\/wp-json\/wp\/v2\/media\/60557"}],"wp:attachment":[{"href":"https:\/\/teiaeducation.ch\/de\/wp-json\/wp\/v2\/media?parent=60556"}],"wp:term":[{"taxonomy":"product_brand","embeddable":true,"href":"https:\/\/teiaeducation.ch\/de\/wp-json\/wp\/v2\/product_brand?post=60556"},{"taxonomy":"product_cat","embeddable":true,"href":"https:\/\/teiaeducation.ch\/de\/wp-json\/wp\/v2\/product_cat?post=60556"},{"taxonomy":"product_tag","embeddable":true,"href":"https:\/\/teiaeducation.ch\/de\/wp-json\/wp\/v2\/product_tag?post=60556"}],"curies":[{"name":"wp","href":"https:\/\/api.w.org\/{rel}","templated":true}]}}