{"id":60559,"date":"2021-01-26T09:29:31","date_gmt":"2021-01-26T08:29:31","guid":{"rendered":"https:\/\/teiaeducation.ch\/product\/tiere-aus-aller-welt-englisch-nienhuis-montessori\/"},"modified":"2024-05-14T13:42:41","modified_gmt":"2024-05-14T11:42:41","slug":"tiere-aus-aller-welt-englisch-nienhuis-montessori","status":"publish","type":"product","link":"https:\/\/teiaeducation.ch\/de\/produkt\/tiere-aus-aller-welt-englisch-nienhuis-montessori\/","title":{"rendered":"Tiere aus aller Welt (Englisch) &#8211; Nienhuis Montessori"},"content":{"rendered":"<p>Tiere aus aller Welt \/ Montessori-Material f\u00fcr Geografie und Biologie &#8211; Nienhuis Montessori<\/p>\n<p>Das Nienhuis Montessori Tiere aus aller Welt ist ein Aktivit\u00e4tsset und f\u00fcr Kinder geeignet, die lesen k\u00f6nnen. Dieses Set enth\u00e4lt Materialien zur Darstellung und Beschreibung von vier Tierarten aus jedem der sieben Kontinente: 28 Tierbeschreibungskarten, 28 Bildkarten, 7 Kontinent-Tabellenkarten und ein spiralgebundenes Kontrollheft.<\/p>\n<p>Als Teil der Montessori-Materialien f\u00fcr Biologie und Geografie ist das Set \u201eTiere der Welt\u201c eine Erg\u00e4nzung zur <a href=\"https:\/\/teiaeducation.ch\/product\/the-animal-continent-box-nienhuis-montessori\/\">Box \u201eTierkontinente\u201c<\/a> (separat erh\u00e4ltlich) und bietet eine erste Einf\u00fchrung in die Tierarten aller sieben Kontinente der Welt. Durch die Arbeit mit der Tier-Kontinent-Box und die gedankliche Besch\u00e4ftigung mit den Kontinenten wird das Kind angeregt, mit der Puzzlekarte der Weltteile zu arbeiten.<\/p>\n<p>Die niederl\u00e4ndische Marke Nienhuis Montessori ist die weltweit f\u00fchrende Montessori Marke, die das Erbe von Maria Montessori ehrt und fortf\u00fchrt und das breiteste und innovativste Sortiment an Montessori-Materialien, M\u00f6beln und verwandten Produkten herstellt. Die hochwertigen Nienhuis Montessori Produkte geben den Kindern die Werkzeuge, die sie brauchen, um Unabhangig und kritisch zu denken. Alle Nienhuis Montessori Materialien sind vom Materialkomitee der Association Montessori Internationale (<a href=\"https:\/\/montessori-ami.org\/\">AMI<\/a>) zertifiziert und werden sorgf\u00e4ltig hergestellt, um Schwierigkeiten zu isolieren, so dass die Kinder sich konzentrieren, lernen und sich entwickeln k\u00f6nnen.<\/p>\n<p>Nienhuis Montessori ist eine der Marken des Niederlandischen Unternehmens Heutink International, das weltweit die besten pedagogischen Marken anbietet, die auf spielerisches Lernen ausgerichtet sind.<\/p>\n<p>Dieses Material ist f\u00fcr Kinder ab 6 Jahren geeignet.<\/p>\n<p>Inhalt:<\/p>\n<p>28 Tiere Beschreibung<br \/>\n28 Bildkarten<br \/>\n7 Kontinent-Tab-Karten<br \/>\n1 spiralgebundenes Kontrollheft<br \/>\n1 Aufbewahrungshalter aus Holz<br \/>\nGebrauchsanweisung<\/p>\n<p><em>We currently do not have this item in stock, but it is available on pre-order. We will order this item for you from our supplier. Due to importation from the European Union to Switzerland please allow 2 to maximum 3 weeks for delivery. <\/em><\/p>\n\t<div id=\"gap-595422535\" class=\"gap-element clearfix\" style=\"display:block; height:auto;\">\n\t\t\n<style>\n#gap-595422535 {\n  padding-top: 20px;\n}\n<\/style>\n\t<\/div>\n\t\n","protected":false},"excerpt":{"rendered":"<p>Artikelnummer: 066601<\/p>\n<p>Nienhuis Montessori Tiere aus aller Welt ist ein erg\u00e4nzendes Material zu Biologie und Geografie und eine erste Einf\u00fchrung in die Tierarten aller 7 Kontinente.<\/p>\n","protected":false},"featured_media":56795,"comment_status":"closed","ping_status":"closed","template":"","meta":[],"product_brand":[],"product_cat":[21446,21500,21524,21479,21570,21571,21515,21647,21510,21509,21499,21481,21443,21572,21511,21523,21564,21536],"product_tag":[23473,24316,26017,23120,23469,26558,23470,23119,29111,26544],"class_list":{"0":"post-60559","1":"product","2":"type-product","3":"status-publish","4":"has-post-thumbnail","6":"product_cat-6-12-jahre-grundschule","7":"product_cat-aktivitaetssets","8":"product_cat-alphabetisierung-sprache","9":"product_cat-lernmaterialien-spielzeug-montessori-waldorf-steiner-froebel","10":"product_cat-biologie-nienhuis-montessori","11":"product_cat-curriculum-erganzung-nienhuis-montessori","12":"product_cat-erde-universum","13":"product_cat-geographie-nienhuis-montessori","14":"product_cat-kultur-wissenschaft","15":"product_cat-lernthemen","16":"product_cat-lernunterstuetzung","17":"product_cat-montessori-paedagogik-material-spielzeug","18":"product_cat-nach-alter","19":"product_cat-nienhuis-montessori-schweiz","20":"product_cat-tiergeographie-zoologie","21":"product_cat-topographie-de","22":"product_cat-unsere-marken","23":"product_cat-wortschatz","24":"product_tag-lehrmittel-schweiz","25":"product_tag-lernspielzeug-schweiz","26":"product_tag-montessori-geographie","27":"product_tag-montessori-material-schweiz","28":"product_tag-montessori-material-schweiz-de","29":"product_tag-nienhuis-montessori-biologie-de","30":"product_tag-nienhuis-montessori-schweiz-de-2","31":"product_tag-nienhuis-montessori-schweiz-de","32":"product_tag-nienhuis-montessori-tiere-aus-aller-welt","33":"product_tag-padagogisches-holz","35":"first","36":"onbackorder","37":"taxable","38":"shipping-taxable","39":"purchasable","40":"product-type-simple"},"yoast_head":"<!-- This site is optimized with the Yoast SEO plugin v27.1.1 - https:\/\/yoast.com\/product\/yoast-seo-wordpress\/ -->\n<title>Tiere aus aller Welt (Englisch) - Nienhuis Montessori<\/title>\n<meta name=\"description\" content=\"Nienhuis Montessori Tiere aus aller Welt ist ein erg\u00e4nzendes Material zu Biologie und Geografie und eine Einf\u00fchrung in die Tierarten der Kontinente.\" \/>\n<meta name=\"robots\" content=\"index, follow, max-snippet:-1, max-image-preview:large, max-video-preview:-1\" \/>\n<link rel=\"canonical\" href=\"https:\/\/teiaeducation.ch\/de\/produkt\/tiere-aus-aller-welt-englisch-nienhuis-montessori\/\" \/>\n<meta property=\"og:locale\" content=\"de_DE\" \/>\n<meta property=\"og:type\" content=\"article\" \/>\n<meta property=\"og:title\" content=\"Tiere aus aller Welt (Englisch) - Nienhuis Montessori\" \/>\n<meta property=\"og:description\" content=\"Nienhuis Montessori Tiere aus aller Welt ist ein erg\u00e4nzendes Material zu Biologie und Geografie und eine Einf\u00fchrung in die Tierarten der Kontinente.\" \/>\n<meta property=\"og:url\" content=\"https:\/\/teiaeducation.ch\/de\/produkt\/tiere-aus-aller-welt-englisch-nienhuis-montessori\/\" \/>\n<meta property=\"og:site_name\" content=\"Sustainable Educational Products &amp; Ecological Toys\u00a0\" \/>\n<meta property=\"article:publisher\" content=\"https:\/\/www.facebook.com\/teiaeducation\/\" \/>\n<meta property=\"article:modified_time\" content=\"2024-05-14T11:42:41+00:00\" \/>\n<meta property=\"og:image\" content=\"https:\/\/teiaeducation.ch\/wp-content\/uploads\/2019\/01\/066601-1.jpg\" \/>\n\t<meta property=\"og:image:width\" content=\"900\" \/>\n\t<meta property=\"og:image:height\" content=\"900\" \/>\n\t<meta property=\"og:image:type\" content=\"image\/jpeg\" \/>\n<script type=\"application\/ld+json\" class=\"yoast-schema-graph\">{\"@context\":\"https:\/\/schema.org\",\"@graph\":[{\"@type\":\"WebPage\",\"@id\":\"https:\/\/teiaeducation.ch\/de\/produkt\/tiere-aus-aller-welt-englisch-nienhuis-montessori\/\",\"url\":\"https:\/\/teiaeducation.ch\/de\/produkt\/tiere-aus-aller-welt-englisch-nienhuis-montessori\/\",\"name\":\"Tiere aus aller Welt (Englisch) - Nienhuis Montessori\",\"isPartOf\":{\"@id\":\"https:\/\/teiaeducation.ch\/de\/#website\"},\"primaryImageOfPage\":{\"@id\":\"https:\/\/teiaeducation.ch\/de\/produkt\/tiere-aus-aller-welt-englisch-nienhuis-montessori\/#primaryimage\"},\"image\":{\"@id\":\"https:\/\/teiaeducation.ch\/de\/produkt\/tiere-aus-aller-welt-englisch-nienhuis-montessori\/#primaryimage\"},\"thumbnailUrl\":\"https:\/\/teiaeducation.ch\/wp-content\/uploads\/2019\/01\/066601-1.jpg\",\"datePublished\":\"2021-01-26T08:29:31+00:00\",\"dateModified\":\"2024-05-14T11:42:41+00:00\",\"description\":\"Nienhuis Montessori Tiere aus aller Welt ist ein erg\u00e4nzendes Material zu Biologie und Geografie und eine Einf\u00fchrung in die Tierarten der Kontinente.\",\"breadcrumb\":{\"@id\":\"https:\/\/teiaeducation.ch\/de\/produkt\/tiere-aus-aller-welt-englisch-nienhuis-montessori\/#breadcrumb\"},\"inLanguage\":\"de-CH\",\"potentialAction\":[{\"@type\":\"ReadAction\",\"target\":[\"https:\/\/teiaeducation.ch\/de\/produkt\/tiere-aus-aller-welt-englisch-nienhuis-montessori\/\"]}]},{\"@type\":\"ImageObject\",\"inLanguage\":\"de-CH\",\"@id\":\"https:\/\/teiaeducation.ch\/de\/produkt\/tiere-aus-aller-welt-englisch-nienhuis-montessori\/#primaryimage\",\"url\":\"https:\/\/teiaeducation.ch\/wp-content\/uploads\/2019\/01\/066601-1.jpg\",\"contentUrl\":\"https:\/\/teiaeducation.ch\/wp-content\/uploads\/2019\/01\/066601-1.jpg\",\"width\":900,\"height\":900,\"caption\":\"Montessori Geographie Biologie Material Tiere der Welt - Nienhuis Montessori\"},{\"@type\":\"BreadcrumbList\",\"@id\":\"https:\/\/teiaeducation.ch\/de\/produkt\/tiere-aus-aller-welt-englisch-nienhuis-montessori\/#breadcrumb\",\"itemListElement\":[{\"@type\":\"ListItem\",\"position\":1,\"name\":\"Home\",\"item\":\"https:\/\/teiaeducation.ch\/de\/\"},{\"@type\":\"ListItem\",\"position\":2,\"name\":\"Laden\",\"item\":\"https:\/\/teiaeducation.ch\/de\/shop\/\"},{\"@type\":\"ListItem\",\"position\":3,\"name\":\"Tiere aus aller Welt (Englisch) &#8211; Nienhuis Montessori\"}]},{\"@type\":\"WebSite\",\"@id\":\"https:\/\/teiaeducation.ch\/de\/#website\",\"url\":\"https:\/\/teiaeducation.ch\/de\/\",\"name\":\"Sustainable Educational Products &amp; Ecological Toys\u00a0\",\"description\":\"Specialised Swiss shop selling sustainable educational toys and games, AMI certified Montessori materials, handmade ecological wooden Waldorf toys and arts &amp; crafts supplies, school supplies, children&#039;s furniture and Montessori reference and parenting books.\",\"publisher\":{\"@id\":\"https:\/\/teiaeducation.ch\/de\/#organization\"},\"alternateName\":\"Teia Education & Play\",\"potentialAction\":[{\"@type\":\"SearchAction\",\"target\":{\"@type\":\"EntryPoint\",\"urlTemplate\":\"https:\/\/teiaeducation.ch\/de\/?s={search_term_string}\"},\"query-input\":{\"@type\":\"PropertyValueSpecification\",\"valueRequired\":true,\"valueName\":\"search_term_string\"}}],\"inLanguage\":\"de-CH\"},{\"@type\":\"Organization\",\"@id\":\"https:\/\/teiaeducation.ch\/de\/#organization\",\"name\":\"Teia Education & Play\",\"url\":\"https:\/\/teiaeducation.ch\/de\/\",\"logo\":{\"@type\":\"ImageObject\",\"inLanguage\":\"de-CH\",\"@id\":\"https:\/\/teiaeducation.ch\/de\/#\/schema\/logo\/image\/\",\"url\":\"https:\/\/teiaeducation.ch\/wp-content\/uploads\/2020\/11\/Teia-Education-Switzerland-e1620156442216.jpg\",\"contentUrl\":\"https:\/\/teiaeducation.ch\/wp-content\/uploads\/2020\/11\/Teia-Education-Switzerland-e1620156442216.jpg\",\"width\":166,\"height\":145,\"caption\":\"Teia Education & Play\"},\"image\":{\"@id\":\"https:\/\/teiaeducation.ch\/de\/#\/schema\/logo\/image\/\"},\"sameAs\":[\"https:\/\/www.facebook.com\/teiaeducation\/\",\"https:\/\/x.com\/EducationTeia\",\"https:\/\/www.instagram.com\/teia.education\/\",\"https:\/\/www.linkedin.com\/company\/35501660\",\"https:\/\/www.pinterest.ch\/TeiaEducation\/\"]}]}<\/script>\n<!-- \/ Yoast SEO plugin. -->","yoast_head_json":{"title":"Tiere aus aller Welt (Englisch) - Nienhuis Montessori","description":"Nienhuis Montessori Tiere aus aller Welt ist ein erg\u00e4nzendes Material zu Biologie und Geografie und eine Einf\u00fchrung in die Tierarten der Kontinente.","robots":{"index":"index","follow":"follow","max-snippet":"max-snippet:-1","max-image-preview":"max-image-preview:large","max-video-preview":"max-video-preview:-1"},"canonical":"https:\/\/teiaeducation.ch\/de\/produkt\/tiere-aus-aller-welt-englisch-nienhuis-montessori\/","og_locale":"de_DE","og_type":"article","og_title":"Tiere aus aller Welt (Englisch) - Nienhuis Montessori","og_description":"Nienhuis Montessori Tiere aus aller Welt ist ein erg\u00e4nzendes Material zu Biologie und Geografie und eine Einf\u00fchrung in die Tierarten der Kontinente.","og_url":"https:\/\/teiaeducation.ch\/de\/produkt\/tiere-aus-aller-welt-englisch-nienhuis-montessori\/","og_site_name":"Sustainable Educational Products &amp; Ecological Toys\u00a0","article_publisher":"https:\/\/www.facebook.com\/teiaeducation\/","article_modified_time":"2024-05-14T11:42:41+00:00","og_image":[{"width":900,"height":900,"url":"https:\/\/teiaeducation.ch\/wp-content\/uploads\/2019\/01\/066601-1.jpg","type":"image\/jpeg"}],"schema":{"@context":"https:\/\/schema.org","@graph":[{"@type":"WebPage","@id":"https:\/\/teiaeducation.ch\/de\/produkt\/tiere-aus-aller-welt-englisch-nienhuis-montessori\/","url":"https:\/\/teiaeducation.ch\/de\/produkt\/tiere-aus-aller-welt-englisch-nienhuis-montessori\/","name":"Tiere aus aller Welt (Englisch) - Nienhuis Montessori","isPartOf":{"@id":"https:\/\/teiaeducation.ch\/de\/#website"},"primaryImageOfPage":{"@id":"https:\/\/teiaeducation.ch\/de\/produkt\/tiere-aus-aller-welt-englisch-nienhuis-montessori\/#primaryimage"},"image":{"@id":"https:\/\/teiaeducation.ch\/de\/produkt\/tiere-aus-aller-welt-englisch-nienhuis-montessori\/#primaryimage"},"thumbnailUrl":"https:\/\/teiaeducation.ch\/wp-content\/uploads\/2019\/01\/066601-1.jpg","datePublished":"2021-01-26T08:29:31+00:00","dateModified":"2024-05-14T11:42:41+00:00","description":"Nienhuis Montessori Tiere aus aller Welt ist ein erg\u00e4nzendes Material zu Biologie und Geografie und eine Einf\u00fchrung in die Tierarten der Kontinente.","breadcrumb":{"@id":"https:\/\/teiaeducation.ch\/de\/produkt\/tiere-aus-aller-welt-englisch-nienhuis-montessori\/#breadcrumb"},"inLanguage":"de-CH","potentialAction":[{"@type":"ReadAction","target":["https:\/\/teiaeducation.ch\/de\/produkt\/tiere-aus-aller-welt-englisch-nienhuis-montessori\/"]}]},{"@type":"ImageObject","inLanguage":"de-CH","@id":"https:\/\/teiaeducation.ch\/de\/produkt\/tiere-aus-aller-welt-englisch-nienhuis-montessori\/#primaryimage","url":"https:\/\/teiaeducation.ch\/wp-content\/uploads\/2019\/01\/066601-1.jpg","contentUrl":"https:\/\/teiaeducation.ch\/wp-content\/uploads\/2019\/01\/066601-1.jpg","width":900,"height":900,"caption":"Montessori Geographie Biologie Material Tiere der Welt - Nienhuis Montessori"},{"@type":"BreadcrumbList","@id":"https:\/\/teiaeducation.ch\/de\/produkt\/tiere-aus-aller-welt-englisch-nienhuis-montessori\/#breadcrumb","itemListElement":[{"@type":"ListItem","position":1,"name":"Home","item":"https:\/\/teiaeducation.ch\/de\/"},{"@type":"ListItem","position":2,"name":"Laden","item":"https:\/\/teiaeducation.ch\/de\/shop\/"},{"@type":"ListItem","position":3,"name":"Tiere aus aller Welt (Englisch) &#8211; Nienhuis Montessori"}]},{"@type":"WebSite","@id":"https:\/\/teiaeducation.ch\/de\/#website","url":"https:\/\/teiaeducation.ch\/de\/","name":"Sustainable Educational Products &amp; Ecological Toys\u00a0","description":"Specialised Swiss shop selling sustainable educational toys and games, AMI certified Montessori materials, handmade ecological wooden Waldorf toys and arts &amp; crafts supplies, school supplies, children&#039;s furniture and Montessori reference and parenting books.","publisher":{"@id":"https:\/\/teiaeducation.ch\/de\/#organization"},"alternateName":"Teia Education & Play","potentialAction":[{"@type":"SearchAction","target":{"@type":"EntryPoint","urlTemplate":"https:\/\/teiaeducation.ch\/de\/?s={search_term_string}"},"query-input":{"@type":"PropertyValueSpecification","valueRequired":true,"valueName":"search_term_string"}}],"inLanguage":"de-CH"},{"@type":"Organization","@id":"https:\/\/teiaeducation.ch\/de\/#organization","name":"Teia Education & Play","url":"https:\/\/teiaeducation.ch\/de\/","logo":{"@type":"ImageObject","inLanguage":"de-CH","@id":"https:\/\/teiaeducation.ch\/de\/#\/schema\/logo\/image\/","url":"https:\/\/teiaeducation.ch\/wp-content\/uploads\/2020\/11\/Teia-Education-Switzerland-e1620156442216.jpg","contentUrl":"https:\/\/teiaeducation.ch\/wp-content\/uploads\/2020\/11\/Teia-Education-Switzerland-e1620156442216.jpg","width":166,"height":145,"caption":"Teia Education & Play"},"image":{"@id":"https:\/\/teiaeducation.ch\/de\/#\/schema\/logo\/image\/"},"sameAs":["https:\/\/www.facebook.com\/teiaeducation\/","https:\/\/x.com\/EducationTeia","https:\/\/www.instagram.com\/teia.education\/","https:\/\/www.linkedin.com\/company\/35501660","https:\/\/www.pinterest.ch\/TeiaEducation\/"]}]}},"_links":{"self":[{"href":"https:\/\/teiaeducation.ch\/de\/wp-json\/wp\/v2\/product\/60559","targetHints":{"allow":["GET"]}}],"collection":[{"href":"https:\/\/teiaeducation.ch\/de\/wp-json\/wp\/v2\/product"}],"about":[{"href":"https:\/\/teiaeducation.ch\/de\/wp-json\/wp\/v2\/types\/product"}],"replies":[{"embeddable":true,"href":"https:\/\/teiaeducation.ch\/de\/wp-json\/wp\/v2\/comments?post=60559"}],"wp:featuredmedia":[{"embeddable":true,"href":"https:\/\/teiaeducation.ch\/de\/wp-json\/wp\/v2\/media\/56795"}],"wp:attachment":[{"href":"https:\/\/teiaeducation.ch\/de\/wp-json\/wp\/v2\/media?parent=60559"}],"wp:term":[{"taxonomy":"product_brand","embeddable":true,"href":"https:\/\/teiaeducation.ch\/de\/wp-json\/wp\/v2\/product_brand?post=60559"},{"taxonomy":"product_cat","embeddable":true,"href":"https:\/\/teiaeducation.ch\/de\/wp-json\/wp\/v2\/product_cat?post=60559"},{"taxonomy":"product_tag","embeddable":true,"href":"https:\/\/teiaeducation.ch\/de\/wp-json\/wp\/v2\/product_tag?post=60559"}],"curies":[{"name":"wp","href":"https:\/\/api.w.org\/{rel}","templated":true}]}}