{"id":60602,"date":"2021-01-22T15:36:27","date_gmt":"2021-01-22T14:36:27","guid":{"rendered":"https:\/\/teiaeducation.ch\/product\/kasten-mit-aufgabenkarten-fuer-die-ziffern-und-chips-englisch-nienhuis-montessori\/"},"modified":"2024-05-14T13:47:09","modified_gmt":"2024-05-14T11:47:09","slug":"kasten-mit-aufgabenkarten-fuer-die-ziffern-und-chips-englisch-nienhuis-montessori","status":"publish","type":"product","link":"https:\/\/teiaeducation.ch\/de\/produkt\/kasten-mit-aufgabenkarten-fuer-die-ziffern-und-chips-englisch-nienhuis-montessori\/","title":{"rendered":"Kasten mit Aufgabenkarten f\u00fcr die Ziffern und Chips (Englisch) &#8211; Nienhuis Montessori"},"content":{"rendered":"<p>Der Nienhuis Montessori Kasten mit Aufgabenkarten f\u00fcr die Ziffern und Chips ist ein erg\u00e4nzendes Mathematikmaterial, das f\u00fcr zus\u00e4tzliche \u00dcbungen mit den <a href=\"https:\/\/teiaeducation.ch\/product\/cut-out-numerals-international-version-nienhuis-montessori\/\">ausgeschnittenen Ziffern<\/a> und <a href=\"https:\/\/teiaeducation.ch\/product\/counters-red-nienhuis-montessori\/\">Z\u00e4hlern<\/a> verwendet werden kann. Dieses Set besteht aus \u00dcbungskarten, Trennbl\u00e4ttern und einer Holzbox zur Aufbewahrung.<\/p>\n<p>Die niederl\u00e4ndische Marke Nienhuis Montessori ist die weltweit f\u00fchrende Montessori Marke, die das Erbe von Maria Montessori ehrt und fortf\u00fchrt und das breiteste und innovativste Sortiment an Montessori-Materialien, M\u00f6beln und verwandten Produkten herstellt. Die hochwertigen Nienhuis Montessori Produkte geben den Kindern die Werkzeuge, die sie brauchen, um Unabhangig und kritisch zu denken. Alle Nienhuis Montessori Materialien sind vom Materialkomitee der Association Montessori Internationale (<a href=\"https:\/\/montessori-ami.org\/\">AMI<\/a>) zertifiziert und werden sorgf\u00e4ltig hergestellt, um Schwierigkeiten zu isolieren, so dass die Kinder sich konzentrieren, lernen und sich entwickeln k\u00f6nnen.<\/p>\n<p>Nienhuis Montessori ist eine der Marken des Niederlandischen Unternehmens Heutink International, das weltweit die besten pedagogischen Marken anbietet, die auf spielerisches Lernen ausgerichtet sind.<\/p>\n<p>Dieses Material ist f\u00fcr Kinder ab 4 Jahren geeignet.<\/p>\n<p>Inhalt:<\/p>\n<p>1 Satz dicker Plastik-\u00dcbungskarten mit Trennbl\u00e4ttern<br \/>\n1 h\u00f6lzerne Aufbewahrungskasten<\/p>\n","protected":false},"excerpt":{"rendered":"<p>Artikelnummer: 062001<\/p>\n<p>Der Nienhuis Montessori Kasten mit Aufgabenkarten f\u00fcr die Ziffern und Chips ist erg\u00e4nzendes Mathematikmaterial, das f\u00fcr zus\u00e4tzliche \u00dcbungen verwendet werden kann.<\/p>\n","protected":false},"featured_media":60603,"comment_status":"open","ping_status":"closed","template":"","meta":[],"product_brand":[],"product_cat":[21445,21446,21500,21479,21509,21499,21537,21652,21481,21443,21563,21572,21564,21540,21547],"product_tag":[26001,23108,22981,26781],"class_list":{"0":"post-60602","1":"product","2":"type-product","3":"status-publish","4":"has-post-thumbnail","6":"product_cat-3-6-jahre-vorschule","7":"product_cat-6-12-jahre-grundschule","8":"product_cat-aktivitaetssets","9":"product_cat-lernmaterialien-spielzeug-montessori-waldorf-steiner-froebel","10":"product_cat-lernthemen","11":"product_cat-lernunterstuetzung","12":"product_cat-mathematik-rechnen","13":"product_cat-mathematik-nienhuis-montessori","14":"product_cat-montessori-paedagogik-material-spielzeug","15":"product_cat-nach-alter","16":"product_cat-neuheiten","17":"product_cat-nienhuis-montessori-schweiz","18":"product_cat-unsere-marken","19":"product_cat-zaehlen","20":"product_cat-ziffern","21":"product_tag-mathematik","22":"product_tag-montessori-kleinkind-3-6","23":"product_tag-nienhuis-montessori-de","24":"product_tag-zahlenverstandnis-und-zahlen","26":"first","27":"onbackorder","28":"sold-individually","29":"taxable","30":"shipping-taxable","31":"purchasable","32":"product-type-simple"},"yoast_head":"<!-- This site is optimized with the Yoast SEO plugin v27.1.1 - https:\/\/yoast.com\/product\/yoast-seo-wordpress\/ -->\n<title>Kasten mit Aufgabenkarten f\u00fcr die Ziffern und Chips (Englisch) - Nienhuis Montessori<\/title>\n<meta name=\"description\" content=\"Der Nienhuis Montessori Kasten mit Aufgabenkarten f\u00fcr die Ziffern und Chips ist erg\u00e4nzendes Mathematikmaterial, das f\u00fcr zus\u00e4tzliche \u00dcbungen verwendet werden kann.\" \/>\n<meta name=\"robots\" content=\"index, follow, max-snippet:-1, max-image-preview:large, max-video-preview:-1\" \/>\n<link rel=\"canonical\" href=\"https:\/\/teiaeducation.ch\/de\/produkt\/kasten-mit-aufgabenkarten-fuer-die-ziffern-und-chips-englisch-nienhuis-montessori\/\" \/>\n<meta property=\"og:locale\" content=\"de_DE\" \/>\n<meta property=\"og:type\" content=\"article\" \/>\n<meta property=\"og:title\" content=\"Kasten mit Aufgabenkarten f\u00fcr die Ziffern und Chips (Englisch) - Nienhuis Montessori\" \/>\n<meta property=\"og:description\" content=\"Der Nienhuis Montessori Kasten mit Aufgabenkarten f\u00fcr die Ziffern und Chips ist erg\u00e4nzendes Mathematikmaterial, das f\u00fcr zus\u00e4tzliche \u00dcbungen verwendet werden kann.\" \/>\n<meta property=\"og:url\" content=\"https:\/\/teiaeducation.ch\/de\/produkt\/kasten-mit-aufgabenkarten-fuer-die-ziffern-und-chips-englisch-nienhuis-montessori\/\" \/>\n<meta property=\"og:site_name\" content=\"Sustainable Educational Products &amp; Ecological Toys\u00a0\" \/>\n<meta property=\"article:publisher\" content=\"https:\/\/www.facebook.com\/teiaeducation\/\" \/>\n<meta property=\"article:modified_time\" content=\"2024-05-14T11:47:09+00:00\" \/>\n<meta property=\"og:image\" content=\"https:\/\/teiaeducation.ch\/wp-content\/uploads\/2019\/05\/400_062001_main_or_1-scaled-scaled.jpg\" \/>\n\t<meta property=\"og:image:width\" content=\"2048\" \/>\n\t<meta property=\"og:image:height\" content=\"2048\" \/>\n\t<meta property=\"og:image:type\" content=\"image\/jpeg\" \/>\n<script type=\"application\/ld+json\" class=\"yoast-schema-graph\">{\"@context\":\"https:\/\/schema.org\",\"@graph\":[{\"@type\":\"WebPage\",\"@id\":\"https:\/\/teiaeducation.ch\/de\/produkt\/kasten-mit-aufgabenkarten-fuer-die-ziffern-und-chips-englisch-nienhuis-montessori\/\",\"url\":\"https:\/\/teiaeducation.ch\/de\/produkt\/kasten-mit-aufgabenkarten-fuer-die-ziffern-und-chips-englisch-nienhuis-montessori\/\",\"name\":\"Kasten mit Aufgabenkarten f\u00fcr die Ziffern und Chips (Englisch) - Nienhuis Montessori\",\"isPartOf\":{\"@id\":\"https:\/\/teiaeducation.ch\/de\/#website\"},\"primaryImageOfPage\":{\"@id\":\"https:\/\/teiaeducation.ch\/de\/produkt\/kasten-mit-aufgabenkarten-fuer-die-ziffern-und-chips-englisch-nienhuis-montessori\/#primaryimage\"},\"image\":{\"@id\":\"https:\/\/teiaeducation.ch\/de\/produkt\/kasten-mit-aufgabenkarten-fuer-die-ziffern-und-chips-englisch-nienhuis-montessori\/#primaryimage\"},\"thumbnailUrl\":\"https:\/\/teiaeducation.ch\/wp-content\/uploads\/2019\/05\/400_062001_main_or_1-scaled-scaled.jpg\",\"datePublished\":\"2021-01-22T14:36:27+00:00\",\"dateModified\":\"2024-05-14T11:47:09+00:00\",\"description\":\"Der Nienhuis Montessori Kasten mit Aufgabenkarten f\u00fcr die Ziffern und Chips ist erg\u00e4nzendes Mathematikmaterial, das f\u00fcr zus\u00e4tzliche \u00dcbungen verwendet werden kann.\",\"breadcrumb\":{\"@id\":\"https:\/\/teiaeducation.ch\/de\/produkt\/kasten-mit-aufgabenkarten-fuer-die-ziffern-und-chips-englisch-nienhuis-montessori\/#breadcrumb\"},\"inLanguage\":\"de-CH\",\"potentialAction\":[{\"@type\":\"ReadAction\",\"target\":[\"https:\/\/teiaeducation.ch\/de\/produkt\/kasten-mit-aufgabenkarten-fuer-die-ziffern-und-chips-englisch-nienhuis-montessori\/\"]}]},{\"@type\":\"ImageObject\",\"inLanguage\":\"de-CH\",\"@id\":\"https:\/\/teiaeducation.ch\/de\/produkt\/kasten-mit-aufgabenkarten-fuer-die-ziffern-und-chips-englisch-nienhuis-montessori\/#primaryimage\",\"url\":\"https:\/\/teiaeducation.ch\/wp-content\/uploads\/2019\/05\/400_062001_main_or_1-scaled-scaled.jpg\",\"contentUrl\":\"https:\/\/teiaeducation.ch\/wp-content\/uploads\/2019\/05\/400_062001_main_or_1-scaled-scaled.jpg\",\"width\":2048,\"height\":2048,\"caption\":\"Kasten mit Aufgabenkarten f\u00fcr die Ziffern und Chips (Englisch) - Nienhuis Montessori\"},{\"@type\":\"BreadcrumbList\",\"@id\":\"https:\/\/teiaeducation.ch\/de\/produkt\/kasten-mit-aufgabenkarten-fuer-die-ziffern-und-chips-englisch-nienhuis-montessori\/#breadcrumb\",\"itemListElement\":[{\"@type\":\"ListItem\",\"position\":1,\"name\":\"Home\",\"item\":\"https:\/\/teiaeducation.ch\/de\/\"},{\"@type\":\"ListItem\",\"position\":2,\"name\":\"Laden\",\"item\":\"https:\/\/teiaeducation.ch\/de\/shop\/\"},{\"@type\":\"ListItem\",\"position\":3,\"name\":\"Unsere Marken\",\"item\":\"https:\/\/teiaeducation.ch\/de\/produkt-kategorie\/unsere-marken\/\"},{\"@type\":\"ListItem\",\"position\":4,\"name\":\"Nienhuis Montessori Schweiz\",\"item\":\"https:\/\/teiaeducation.ch\/de\/produkt-kategorie\/unsere-marken\/nienhuis-montessori-schweiz\/\"},{\"@type\":\"ListItem\",\"position\":5,\"name\":\"Mathematik Material\",\"item\":\"https:\/\/teiaeducation.ch\/de\/produkt-kategorie\/unsere-marken\/nienhuis-montessori-schweiz\/mathematik-nienhuis-montessori\/\"},{\"@type\":\"ListItem\",\"position\":6,\"name\":\"Kasten mit Aufgabenkarten f\u00fcr die Ziffern und Chips (Englisch) &#8211; Nienhuis Montessori\"}]},{\"@type\":\"WebSite\",\"@id\":\"https:\/\/teiaeducation.ch\/de\/#website\",\"url\":\"https:\/\/teiaeducation.ch\/de\/\",\"name\":\"Sustainable Educational Products &amp; Ecological Toys\u00a0\",\"description\":\"Specialised Swiss shop selling sustainable educational toys and games, AMI certified Montessori materials, handmade ecological wooden Waldorf toys and arts &amp; crafts supplies, school supplies, children&#039;s furniture and Montessori reference and parenting books.\",\"publisher\":{\"@id\":\"https:\/\/teiaeducation.ch\/de\/#organization\"},\"alternateName\":\"Teia Education & Play\",\"potentialAction\":[{\"@type\":\"SearchAction\",\"target\":{\"@type\":\"EntryPoint\",\"urlTemplate\":\"https:\/\/teiaeducation.ch\/de\/?s={search_term_string}\"},\"query-input\":{\"@type\":\"PropertyValueSpecification\",\"valueRequired\":true,\"valueName\":\"search_term_string\"}}],\"inLanguage\":\"de-CH\"},{\"@type\":\"Organization\",\"@id\":\"https:\/\/teiaeducation.ch\/de\/#organization\",\"name\":\"Teia Education & Play\",\"url\":\"https:\/\/teiaeducation.ch\/de\/\",\"logo\":{\"@type\":\"ImageObject\",\"inLanguage\":\"de-CH\",\"@id\":\"https:\/\/teiaeducation.ch\/de\/#\/schema\/logo\/image\/\",\"url\":\"https:\/\/teiaeducation.ch\/wp-content\/uploads\/2020\/11\/Teia-Education-Switzerland-e1620156442216.jpg\",\"contentUrl\":\"https:\/\/teiaeducation.ch\/wp-content\/uploads\/2020\/11\/Teia-Education-Switzerland-e1620156442216.jpg\",\"width\":166,\"height\":145,\"caption\":\"Teia Education & Play\"},\"image\":{\"@id\":\"https:\/\/teiaeducation.ch\/de\/#\/schema\/logo\/image\/\"},\"sameAs\":[\"https:\/\/www.facebook.com\/teiaeducation\/\",\"https:\/\/x.com\/EducationTeia\",\"https:\/\/www.instagram.com\/teia.education\/\",\"https:\/\/www.linkedin.com\/company\/35501660\",\"https:\/\/www.pinterest.ch\/TeiaEducation\/\"]}]}<\/script>\n<!-- \/ Yoast SEO plugin. -->","yoast_head_json":{"title":"Kasten mit Aufgabenkarten f\u00fcr die Ziffern und Chips (Englisch) - Nienhuis Montessori","description":"Der Nienhuis Montessori Kasten mit Aufgabenkarten f\u00fcr die Ziffern und Chips ist erg\u00e4nzendes Mathematikmaterial, das f\u00fcr zus\u00e4tzliche \u00dcbungen verwendet werden kann.","robots":{"index":"index","follow":"follow","max-snippet":"max-snippet:-1","max-image-preview":"max-image-preview:large","max-video-preview":"max-video-preview:-1"},"canonical":"https:\/\/teiaeducation.ch\/de\/produkt\/kasten-mit-aufgabenkarten-fuer-die-ziffern-und-chips-englisch-nienhuis-montessori\/","og_locale":"de_DE","og_type":"article","og_title":"Kasten mit Aufgabenkarten f\u00fcr die Ziffern und Chips (Englisch) - Nienhuis Montessori","og_description":"Der Nienhuis Montessori Kasten mit Aufgabenkarten f\u00fcr die Ziffern und Chips ist erg\u00e4nzendes Mathematikmaterial, das f\u00fcr zus\u00e4tzliche \u00dcbungen verwendet werden kann.","og_url":"https:\/\/teiaeducation.ch\/de\/produkt\/kasten-mit-aufgabenkarten-fuer-die-ziffern-und-chips-englisch-nienhuis-montessori\/","og_site_name":"Sustainable Educational Products &amp; Ecological Toys\u00a0","article_publisher":"https:\/\/www.facebook.com\/teiaeducation\/","article_modified_time":"2024-05-14T11:47:09+00:00","og_image":[{"width":2048,"height":2048,"url":"https:\/\/teiaeducation.ch\/wp-content\/uploads\/2019\/05\/400_062001_main_or_1-scaled-scaled.jpg","type":"image\/jpeg"}],"schema":{"@context":"https:\/\/schema.org","@graph":[{"@type":"WebPage","@id":"https:\/\/teiaeducation.ch\/de\/produkt\/kasten-mit-aufgabenkarten-fuer-die-ziffern-und-chips-englisch-nienhuis-montessori\/","url":"https:\/\/teiaeducation.ch\/de\/produkt\/kasten-mit-aufgabenkarten-fuer-die-ziffern-und-chips-englisch-nienhuis-montessori\/","name":"Kasten mit Aufgabenkarten f\u00fcr die Ziffern und Chips (Englisch) - Nienhuis Montessori","isPartOf":{"@id":"https:\/\/teiaeducation.ch\/de\/#website"},"primaryImageOfPage":{"@id":"https:\/\/teiaeducation.ch\/de\/produkt\/kasten-mit-aufgabenkarten-fuer-die-ziffern-und-chips-englisch-nienhuis-montessori\/#primaryimage"},"image":{"@id":"https:\/\/teiaeducation.ch\/de\/produkt\/kasten-mit-aufgabenkarten-fuer-die-ziffern-und-chips-englisch-nienhuis-montessori\/#primaryimage"},"thumbnailUrl":"https:\/\/teiaeducation.ch\/wp-content\/uploads\/2019\/05\/400_062001_main_or_1-scaled-scaled.jpg","datePublished":"2021-01-22T14:36:27+00:00","dateModified":"2024-05-14T11:47:09+00:00","description":"Der Nienhuis Montessori Kasten mit Aufgabenkarten f\u00fcr die Ziffern und Chips ist erg\u00e4nzendes Mathematikmaterial, das f\u00fcr zus\u00e4tzliche \u00dcbungen verwendet werden kann.","breadcrumb":{"@id":"https:\/\/teiaeducation.ch\/de\/produkt\/kasten-mit-aufgabenkarten-fuer-die-ziffern-und-chips-englisch-nienhuis-montessori\/#breadcrumb"},"inLanguage":"de-CH","potentialAction":[{"@type":"ReadAction","target":["https:\/\/teiaeducation.ch\/de\/produkt\/kasten-mit-aufgabenkarten-fuer-die-ziffern-und-chips-englisch-nienhuis-montessori\/"]}]},{"@type":"ImageObject","inLanguage":"de-CH","@id":"https:\/\/teiaeducation.ch\/de\/produkt\/kasten-mit-aufgabenkarten-fuer-die-ziffern-und-chips-englisch-nienhuis-montessori\/#primaryimage","url":"https:\/\/teiaeducation.ch\/wp-content\/uploads\/2019\/05\/400_062001_main_or_1-scaled-scaled.jpg","contentUrl":"https:\/\/teiaeducation.ch\/wp-content\/uploads\/2019\/05\/400_062001_main_or_1-scaled-scaled.jpg","width":2048,"height":2048,"caption":"Kasten mit Aufgabenkarten f\u00fcr die Ziffern und Chips (Englisch) - Nienhuis Montessori"},{"@type":"BreadcrumbList","@id":"https:\/\/teiaeducation.ch\/de\/produkt\/kasten-mit-aufgabenkarten-fuer-die-ziffern-und-chips-englisch-nienhuis-montessori\/#breadcrumb","itemListElement":[{"@type":"ListItem","position":1,"name":"Home","item":"https:\/\/teiaeducation.ch\/de\/"},{"@type":"ListItem","position":2,"name":"Laden","item":"https:\/\/teiaeducation.ch\/de\/shop\/"},{"@type":"ListItem","position":3,"name":"Unsere Marken","item":"https:\/\/teiaeducation.ch\/de\/produkt-kategorie\/unsere-marken\/"},{"@type":"ListItem","position":4,"name":"Nienhuis Montessori Schweiz","item":"https:\/\/teiaeducation.ch\/de\/produkt-kategorie\/unsere-marken\/nienhuis-montessori-schweiz\/"},{"@type":"ListItem","position":5,"name":"Mathematik Material","item":"https:\/\/teiaeducation.ch\/de\/produkt-kategorie\/unsere-marken\/nienhuis-montessori-schweiz\/mathematik-nienhuis-montessori\/"},{"@type":"ListItem","position":6,"name":"Kasten mit Aufgabenkarten f\u00fcr die Ziffern und Chips (Englisch) &#8211; Nienhuis Montessori"}]},{"@type":"WebSite","@id":"https:\/\/teiaeducation.ch\/de\/#website","url":"https:\/\/teiaeducation.ch\/de\/","name":"Sustainable Educational Products &amp; Ecological Toys\u00a0","description":"Specialised Swiss shop selling sustainable educational toys and games, AMI certified Montessori materials, handmade ecological wooden Waldorf toys and arts &amp; crafts supplies, school supplies, children&#039;s furniture and Montessori reference and parenting books.","publisher":{"@id":"https:\/\/teiaeducation.ch\/de\/#organization"},"alternateName":"Teia Education & Play","potentialAction":[{"@type":"SearchAction","target":{"@type":"EntryPoint","urlTemplate":"https:\/\/teiaeducation.ch\/de\/?s={search_term_string}"},"query-input":{"@type":"PropertyValueSpecification","valueRequired":true,"valueName":"search_term_string"}}],"inLanguage":"de-CH"},{"@type":"Organization","@id":"https:\/\/teiaeducation.ch\/de\/#organization","name":"Teia Education & Play","url":"https:\/\/teiaeducation.ch\/de\/","logo":{"@type":"ImageObject","inLanguage":"de-CH","@id":"https:\/\/teiaeducation.ch\/de\/#\/schema\/logo\/image\/","url":"https:\/\/teiaeducation.ch\/wp-content\/uploads\/2020\/11\/Teia-Education-Switzerland-e1620156442216.jpg","contentUrl":"https:\/\/teiaeducation.ch\/wp-content\/uploads\/2020\/11\/Teia-Education-Switzerland-e1620156442216.jpg","width":166,"height":145,"caption":"Teia Education & Play"},"image":{"@id":"https:\/\/teiaeducation.ch\/de\/#\/schema\/logo\/image\/"},"sameAs":["https:\/\/www.facebook.com\/teiaeducation\/","https:\/\/x.com\/EducationTeia","https:\/\/www.instagram.com\/teia.education\/","https:\/\/www.linkedin.com\/company\/35501660","https:\/\/www.pinterest.ch\/TeiaEducation\/"]}]}},"_links":{"self":[{"href":"https:\/\/teiaeducation.ch\/de\/wp-json\/wp\/v2\/product\/60602","targetHints":{"allow":["GET"]}}],"collection":[{"href":"https:\/\/teiaeducation.ch\/de\/wp-json\/wp\/v2\/product"}],"about":[{"href":"https:\/\/teiaeducation.ch\/de\/wp-json\/wp\/v2\/types\/product"}],"replies":[{"embeddable":true,"href":"https:\/\/teiaeducation.ch\/de\/wp-json\/wp\/v2\/comments?post=60602"}],"wp:featuredmedia":[{"embeddable":true,"href":"https:\/\/teiaeducation.ch\/de\/wp-json\/wp\/v2\/media\/60603"}],"wp:attachment":[{"href":"https:\/\/teiaeducation.ch\/de\/wp-json\/wp\/v2\/media?parent=60602"}],"wp:term":[{"taxonomy":"product_brand","embeddable":true,"href":"https:\/\/teiaeducation.ch\/de\/wp-json\/wp\/v2\/product_brand?post=60602"},{"taxonomy":"product_cat","embeddable":true,"href":"https:\/\/teiaeducation.ch\/de\/wp-json\/wp\/v2\/product_cat?post=60602"},{"taxonomy":"product_tag","embeddable":true,"href":"https:\/\/teiaeducation.ch\/de\/wp-json\/wp\/v2\/product_tag?post=60602"}],"curies":[{"name":"wp","href":"https:\/\/api.w.org\/{rel}","templated":true}]}}