{"id":60625,"date":"2021-01-22T08:59:32","date_gmt":"2021-01-22T07:59:32","guid":{"rendered":"https:\/\/teiaeducation.ch\/product\/uhrenspiel-englisch-nienhuis-montessori\/"},"modified":"2024-05-14T14:21:51","modified_gmt":"2024-05-14T12:21:51","slug":"uhrenspiel-englisch-nienhuis-montessori","status":"publish","type":"product","link":"https:\/\/teiaeducation.ch\/de\/produkt\/uhrenspiel-englisch-nienhuis-montessori\/","title":{"rendered":"Uhrenspiel (Englisch) &#8211; Nienhuis Montessori"},"content":{"rendered":"<p>Die Uhrenspiel \/ Montessori-Mathematisches Material &#8211; Nienhuis Montessori<\/p>\n<p>Die Nienhuis Montessori-Uhrenspiel ist ein Aktivit\u00e4tsset, das dem Kind das Konzept der Zeit n\u00e4her bringt. Das Set enth\u00e4lt 48 h\u00f6lzerne Ziffernblatttafeln, 48 h\u00f6lzerne Beschriftungstafeln, 2 h\u00f6lzerne Arbeitsst\u00e4nder, eine h\u00f6lzerne Aufbewahrungsbox mit F\u00e4chern und eine Gebrauchsanweisung mit Anleitungen.<\/p>\n<p>In der Uhrenspiel wird die Zeit in 4 Abschnitten dargestellt: die ganze Stunde, eine Viertelstunde nach der Stunde, eine halbe Stunde nach der Stunde und eine Viertelstunde vor der Stunde. Jedes einzelne Ziffernblatt ist auf einer Holztafel abgebildet, auf der die Uhrzeit sowohl in der Zeigerstellung als auch mit dem Namen am unteren Rand der Tafel angegeben ist.<\/p>\n<p>Die h\u00f6lzernen Arbeitsst\u00e4nder haben einen Schlitz zur Aufnahme der Tabletten. Wenn man die Tabletten in den St\u00e4ndern platziert, werden die aufgedruckten W\u00f6rter auf der Unterseite verdeckt. Die separaten Beschriftungstabletten k\u00f6nnen vom Kind auf den St\u00e4nder vor das Gesicht gelegt werden, um das Gesicht mit der Beschriftung zu verbinden und so die Uhrzeit zu benennen. Die Gesichter und Etiketten sind in 4 verschiedenen Farben gedruckt, um die \u00dcbungen zu kodieren und voneinander zu trennen.<\/p>\n<p>Die \u00dcbung mit der <a href=\"https:\/\/teiaeducation.ch\/product\/clock-with-movable-hands-nienhuis-montessori\/\">Uhr <\/a> f\u00f6rdert sowohl die visuelle Wahrnehmung als auch die Sprache und kann mit der Nienhuis Lernuhr mit beweglichen Zeigern und Zahlen verwendet werden.<\/p>\n<p>Die Niederl\u00e4ndische Marke Nienhuis Montessori ist die weltweit f\u00fchrende Montessori Marke, die das Erbe von Maria Montessori ehrt und fortf\u00fchrt und das breiteste und innovativste Sortiment an Montessori-Materialien, M\u00f6beln und verwandten Produkten herstellt. Die hochwertigen Nienhuis Montessori Produkte geben den Kindern die Werkzeuge, die sie brauchen, um Unabhangig und kritisch zu denken. Das gesamte Nienhuis Material ist vom Materialausschuss der Association Montessori Internationale (<a href=\"https:\/\/montessori-ami.org\/\">AMI<\/a>) zertifiziert und wurde sorgf\u00e4ltig hergestellt, um die Schwierigkeiten zu isolieren, damit sich die Kinder konzentrieren k\u00f6nnen, ihre F\u00e4higkeiten verbessern und sich entwickeln k\u00f6nnen.<\/p>\n<p>Nienhuis Montessori ist eine der Marken des Niederlandischen Unternehmens Heutink International, das weltweit die besten pedagogischen Marken anbietet, die auf spielerisches Lernen ausgerichtet sind.<\/p>\n<p>Dieses Material ist f\u00fcr Kinder ab 6 Jahren geeignet.<\/p>\n<p>Inhalt:<\/p>\n<p>48 h\u00f6lzerne Ziffernblatttafeln<br \/>\n48 Holzetikettentafeln<br \/>\n2 Holzarbeitsst\u00e4nder<br \/>\n1 h\u00f6lzerne Aufbewahrungsbox mit F\u00e4chern<br \/>\nEine Bedienungsanleitung<\/p>\n","protected":false},"excerpt":{"rendered":"<p>Artikelnummer: 310101<\/p>\n<p>Die Nienhuis Montessori Uhr \u00dcbung ist ein mathematisches Aktivit\u00e4tsset, das dem Kind das Konzept der Zeit in 4 Segmenten n\u00e4her bringt.<\/p>\n","protected":false},"featured_media":60626,"comment_status":"closed","ping_status":"closed","template":"","meta":[],"product_brand":[],"product_cat":[21446,21500,21524,23651,21479,21571,21554,21488,21491,21509,21499,21537,21652,21481,21443,21572,22362,21494,21496,21564,21536],"product_tag":[26005,26001,26813,29119,29120,22981],"class_list":{"0":"post-60625","1":"product","2":"type-product","3":"status-publish","4":"has-post-thumbnail","6":"product_cat-6-12-jahre-grundschule","7":"product_cat-aktivitaetssets","8":"product_cat-alphabetisierung-sprache","9":"product_cat-back-to-school-de","10":"product_cat-lernmaterialien-spielzeug-montessori-waldorf-steiner-froebel","11":"product_cat-curriculum-erganzung-nienhuis-montessori","12":"product_cat-die-zeit","13":"product_cat-geschenk-guide-6-12-jahre-grundschule","14":"product_cat-geschenk-guide-lerngeschenke","15":"product_cat-lernthemen","16":"product_cat-lernunterstuetzung","17":"product_cat-mathematik-rechnen","18":"product_cat-mathematik-nienhuis-montessori","19":"product_cat-montessori-paedagogik-material-spielzeug","20":"product_cat-nach-alter","21":"product_cat-nienhuis-montessori-schweiz","22":"product_cat-saisonale-kollektionen","23":"product_cat-schulbedarf-fuer-zuhause","24":"product_cat-schulbedarf-fuer-zuhause-6-12-jahre","25":"product_cat-unsere-marken","26":"product_cat-wortschatz","27":"product_tag-grundschule-6-12-jahre","28":"product_tag-mathematik","29":"product_tag-messen-und-wiegen","30":"product_tag-montessori-uhrenspiel","31":"product_tag-montessori-lernen-uber-die-zeit","32":"product_tag-nienhuis-montessori-de","34":"first","35":"instock","36":"sold-individually","37":"taxable","38":"shipping-taxable","39":"purchasable","40":"product-type-simple"},"yoast_head":"<!-- This site is optimized with the Yoast SEO Premium plugin v25.8 (Yoast SEO v27.4) - https:\/\/yoast.com\/product\/yoast-seo-premium-wordpress\/ -->\n<title>Uhrenspiel - Nienhuis Montessori<\/title>\n<meta name=\"description\" content=\"Die Nienhuis Montessori Uhr \u00dcbung ist ein mathematisches Aktivit\u00e4tsset, das dem Kind das Konzept der Zeit in 4 Segmenten n\u00e4her bringt.\" \/>\n<meta name=\"robots\" content=\"index, follow, max-snippet:-1, max-image-preview:large, max-video-preview:-1\" \/>\n<link rel=\"canonical\" href=\"https:\/\/teiaeducation.ch\/de\/produkt\/uhrenspiel-englisch-nienhuis-montessori\/\" \/>\n<meta property=\"og:locale\" content=\"de_DE\" \/>\n<meta property=\"og:type\" content=\"article\" \/>\n<meta property=\"og:title\" content=\"Uhrenspiel (Englisch) - Nienhuis Montessori\" \/>\n<meta property=\"og:description\" content=\"Die Nienhuis Montessori Uhr \u00dcbung ist ein mathematisches Aktivit\u00e4tsset, das dem Kind das Konzept der Zeit in 4 Segmenten n\u00e4her bringt.\" \/>\n<meta property=\"og:url\" content=\"https:\/\/teiaeducation.ch\/de\/produkt\/uhrenspiel-englisch-nienhuis-montessori\/\" \/>\n<meta property=\"og:site_name\" content=\"Sustainable Educational Products &amp; Ecological Toys\u00a0\" \/>\n<meta property=\"article:publisher\" content=\"https:\/\/www.facebook.com\/teiaeducation\/\" \/>\n<meta property=\"article:modified_time\" content=\"2024-05-14T12:21:51+00:00\" \/>\n<meta property=\"og:image\" content=\"https:\/\/teiaeducation.ch\/wp-content\/uploads\/2019\/05\/400_310101_main_or_1-scaled-scaled.jpg\" \/>\n\t<meta property=\"og:image:width\" content=\"2048\" \/>\n\t<meta property=\"og:image:height\" content=\"2048\" \/>\n\t<meta property=\"og:image:type\" content=\"image\/jpeg\" \/>\n<script type=\"application\/ld+json\" class=\"yoast-schema-graph\">{\"@context\":\"https:\\\/\\\/schema.org\",\"@graph\":[{\"@type\":\"WebPage\",\"@id\":\"https:\\\/\\\/teiaeducation.ch\\\/de\\\/produkt\\\/uhrenspiel-englisch-nienhuis-montessori\\\/\",\"url\":\"https:\\\/\\\/teiaeducation.ch\\\/de\\\/produkt\\\/uhrenspiel-englisch-nienhuis-montessori\\\/\",\"name\":\"Uhrenspiel - Nienhuis Montessori\",\"isPartOf\":{\"@id\":\"https:\\\/\\\/teiaeducation.ch\\\/de\\\/#website\"},\"primaryImageOfPage\":{\"@id\":\"https:\\\/\\\/teiaeducation.ch\\\/de\\\/produkt\\\/uhrenspiel-englisch-nienhuis-montessori\\\/#primaryimage\"},\"image\":{\"@id\":\"https:\\\/\\\/teiaeducation.ch\\\/de\\\/produkt\\\/uhrenspiel-englisch-nienhuis-montessori\\\/#primaryimage\"},\"thumbnailUrl\":\"https:\\\/\\\/teiaeducation.ch\\\/wp-content\\\/uploads\\\/2019\\\/05\\\/400_310101_main_or_1-scaled-scaled.jpg\",\"datePublished\":\"2021-01-22T07:59:32+00:00\",\"dateModified\":\"2024-05-14T12:21:51+00:00\",\"description\":\"Die Nienhuis Montessori Uhr \u00dcbung ist ein mathematisches Aktivit\u00e4tsset, das dem Kind das Konzept der Zeit in 4 Segmenten n\u00e4her bringt.\",\"breadcrumb\":{\"@id\":\"https:\\\/\\\/teiaeducation.ch\\\/de\\\/produkt\\\/uhrenspiel-englisch-nienhuis-montessori\\\/#breadcrumb\"},\"inLanguage\":\"de-CH\",\"potentialAction\":[{\"@type\":\"ReadAction\",\"target\":[\"https:\\\/\\\/teiaeducation.ch\\\/de\\\/produkt\\\/uhrenspiel-englisch-nienhuis-montessori\\\/\"]}]},{\"@type\":\"ImageObject\",\"inLanguage\":\"de-CH\",\"@id\":\"https:\\\/\\\/teiaeducation.ch\\\/de\\\/produkt\\\/uhrenspiel-englisch-nienhuis-montessori\\\/#primaryimage\",\"url\":\"https:\\\/\\\/teiaeducation.ch\\\/wp-content\\\/uploads\\\/2019\\\/05\\\/400_310101_main_or_1-scaled-scaled.jpg\",\"contentUrl\":\"https:\\\/\\\/teiaeducation.ch\\\/wp-content\\\/uploads\\\/2019\\\/05\\\/400_310101_main_or_1-scaled-scaled.jpg\",\"width\":2048,\"height\":2048,\"caption\":\"Uhrenspiel (Englisch) - Nienhuis Montessori\"},{\"@type\":\"BreadcrumbList\",\"@id\":\"https:\\\/\\\/teiaeducation.ch\\\/de\\\/produkt\\\/uhrenspiel-englisch-nienhuis-montessori\\\/#breadcrumb\",\"itemListElement\":[{\"@type\":\"ListItem\",\"position\":1,\"name\":\"Home\",\"item\":\"https:\\\/\\\/teiaeducation.ch\\\/de\\\/\"},{\"@type\":\"ListItem\",\"position\":2,\"name\":\"Laden\",\"item\":\"https:\\\/\\\/teiaeducation.ch\\\/de\\\/shop\\\/\"},{\"@type\":\"ListItem\",\"position\":3,\"name\":\"Uhrenspiel (Englisch) &#8211; Nienhuis Montessori\"}]},{\"@type\":\"WebSite\",\"@id\":\"https:\\\/\\\/teiaeducation.ch\\\/de\\\/#website\",\"url\":\"https:\\\/\\\/teiaeducation.ch\\\/de\\\/\",\"name\":\"Sustainable Educational Products &amp; Ecological Toys\u00a0\",\"description\":\"Specialised Swiss shop selling sustainable educational toys and games, AMI certified Montessori materials, handmade ecological wooden Waldorf toys and arts &amp; crafts supplies, school supplies, children&#039;s furniture and Montessori reference and parenting books.\",\"publisher\":{\"@id\":\"https:\\\/\\\/teiaeducation.ch\\\/de\\\/#organization\"},\"alternateName\":\"Teia Education & Play\",\"potentialAction\":[{\"@type\":\"SearchAction\",\"target\":{\"@type\":\"EntryPoint\",\"urlTemplate\":\"https:\\\/\\\/teiaeducation.ch\\\/de\\\/?s={search_term_string}\"},\"query-input\":{\"@type\":\"PropertyValueSpecification\",\"valueRequired\":true,\"valueName\":\"search_term_string\"}}],\"inLanguage\":\"de-CH\"},{\"@type\":\"Organization\",\"@id\":\"https:\\\/\\\/teiaeducation.ch\\\/de\\\/#organization\",\"name\":\"Teia Education & Play\",\"url\":\"https:\\\/\\\/teiaeducation.ch\\\/de\\\/\",\"logo\":{\"@type\":\"ImageObject\",\"inLanguage\":\"de-CH\",\"@id\":\"https:\\\/\\\/teiaeducation.ch\\\/de\\\/#\\\/schema\\\/logo\\\/image\\\/\",\"url\":\"https:\\\/\\\/teiaeducation.ch\\\/wp-content\\\/uploads\\\/2020\\\/11\\\/Teia-Education-Switzerland-e1620156442216.jpg\",\"contentUrl\":\"https:\\\/\\\/teiaeducation.ch\\\/wp-content\\\/uploads\\\/2020\\\/11\\\/Teia-Education-Switzerland-e1620156442216.jpg\",\"width\":166,\"height\":145,\"caption\":\"Teia Education & Play\"},\"image\":{\"@id\":\"https:\\\/\\\/teiaeducation.ch\\\/de\\\/#\\\/schema\\\/logo\\\/image\\\/\"},\"sameAs\":[\"https:\\\/\\\/www.facebook.com\\\/teiaeducation\\\/\",\"https:\\\/\\\/x.com\\\/EducationTeia\",\"https:\\\/\\\/www.instagram.com\\\/teia.education\\\/\",\"https:\\\/\\\/www.linkedin.com\\\/company\\\/35501660\",\"https:\\\/\\\/www.pinterest.ch\\\/TeiaEducation\\\/\"]}]}<\/script>\n<meta property=\"product:price:amount\" content=\"195.00\" \/>\n<meta property=\"product:price:currency\" content=\"CHF\" \/>\n<meta property=\"og:availability\" content=\"instock\" \/>\n<meta property=\"product:availability\" content=\"instock\" \/>\n<meta property=\"product:retailer_item_id\" content=\"cd62c1559b48\" \/>\n<meta property=\"product:condition\" content=\"new\" \/>\n<!-- \/ Yoast SEO Premium plugin. -->","yoast_head_json":{"title":"Uhrenspiel - Nienhuis Montessori","description":"Die Nienhuis Montessori Uhr \u00dcbung ist ein mathematisches Aktivit\u00e4tsset, das dem Kind das Konzept der Zeit in 4 Segmenten n\u00e4her bringt.","robots":{"index":"index","follow":"follow","max-snippet":"max-snippet:-1","max-image-preview":"max-image-preview:large","max-video-preview":"max-video-preview:-1"},"canonical":"https:\/\/teiaeducation.ch\/de\/produkt\/uhrenspiel-englisch-nienhuis-montessori\/","og_locale":"de_DE","og_type":"article","og_title":"Uhrenspiel (Englisch) - Nienhuis Montessori","og_description":"Die Nienhuis Montessori Uhr \u00dcbung ist ein mathematisches Aktivit\u00e4tsset, das dem Kind das Konzept der Zeit in 4 Segmenten n\u00e4her bringt.","og_url":"https:\/\/teiaeducation.ch\/de\/produkt\/uhrenspiel-englisch-nienhuis-montessori\/","og_site_name":"Sustainable Educational Products &amp; Ecological Toys\u00a0","article_publisher":"https:\/\/www.facebook.com\/teiaeducation\/","article_modified_time":"2024-05-14T12:21:51+00:00","og_image":[{"width":2048,"height":2048,"url":"https:\/\/teiaeducation.ch\/wp-content\/uploads\/2019\/05\/400_310101_main_or_1-scaled-scaled.jpg","type":"image\/jpeg"}],"schema":{"@context":"https:\/\/schema.org","@graph":[{"@type":"WebPage","@id":"https:\/\/teiaeducation.ch\/de\/produkt\/uhrenspiel-englisch-nienhuis-montessori\/","url":"https:\/\/teiaeducation.ch\/de\/produkt\/uhrenspiel-englisch-nienhuis-montessori\/","name":"Uhrenspiel - Nienhuis Montessori","isPartOf":{"@id":"https:\/\/teiaeducation.ch\/de\/#website"},"primaryImageOfPage":{"@id":"https:\/\/teiaeducation.ch\/de\/produkt\/uhrenspiel-englisch-nienhuis-montessori\/#primaryimage"},"image":{"@id":"https:\/\/teiaeducation.ch\/de\/produkt\/uhrenspiel-englisch-nienhuis-montessori\/#primaryimage"},"thumbnailUrl":"https:\/\/teiaeducation.ch\/wp-content\/uploads\/2019\/05\/400_310101_main_or_1-scaled-scaled.jpg","datePublished":"2021-01-22T07:59:32+00:00","dateModified":"2024-05-14T12:21:51+00:00","description":"Die Nienhuis Montessori Uhr \u00dcbung ist ein mathematisches Aktivit\u00e4tsset, das dem Kind das Konzept der Zeit in 4 Segmenten n\u00e4her bringt.","breadcrumb":{"@id":"https:\/\/teiaeducation.ch\/de\/produkt\/uhrenspiel-englisch-nienhuis-montessori\/#breadcrumb"},"inLanguage":"de-CH","potentialAction":[{"@type":"ReadAction","target":["https:\/\/teiaeducation.ch\/de\/produkt\/uhrenspiel-englisch-nienhuis-montessori\/"]}]},{"@type":"ImageObject","inLanguage":"de-CH","@id":"https:\/\/teiaeducation.ch\/de\/produkt\/uhrenspiel-englisch-nienhuis-montessori\/#primaryimage","url":"https:\/\/teiaeducation.ch\/wp-content\/uploads\/2019\/05\/400_310101_main_or_1-scaled-scaled.jpg","contentUrl":"https:\/\/teiaeducation.ch\/wp-content\/uploads\/2019\/05\/400_310101_main_or_1-scaled-scaled.jpg","width":2048,"height":2048,"caption":"Uhrenspiel (Englisch) - Nienhuis Montessori"},{"@type":"BreadcrumbList","@id":"https:\/\/teiaeducation.ch\/de\/produkt\/uhrenspiel-englisch-nienhuis-montessori\/#breadcrumb","itemListElement":[{"@type":"ListItem","position":1,"name":"Home","item":"https:\/\/teiaeducation.ch\/de\/"},{"@type":"ListItem","position":2,"name":"Laden","item":"https:\/\/teiaeducation.ch\/de\/shop\/"},{"@type":"ListItem","position":3,"name":"Uhrenspiel (Englisch) &#8211; Nienhuis Montessori"}]},{"@type":"WebSite","@id":"https:\/\/teiaeducation.ch\/de\/#website","url":"https:\/\/teiaeducation.ch\/de\/","name":"Sustainable Educational Products &amp; Ecological Toys\u00a0","description":"Specialised Swiss shop selling sustainable educational toys and games, AMI certified Montessori materials, handmade ecological wooden Waldorf toys and arts &amp; crafts supplies, school supplies, children&#039;s furniture and Montessori reference and parenting books.","publisher":{"@id":"https:\/\/teiaeducation.ch\/de\/#organization"},"alternateName":"Teia Education & Play","potentialAction":[{"@type":"SearchAction","target":{"@type":"EntryPoint","urlTemplate":"https:\/\/teiaeducation.ch\/de\/?s={search_term_string}"},"query-input":{"@type":"PropertyValueSpecification","valueRequired":true,"valueName":"search_term_string"}}],"inLanguage":"de-CH"},{"@type":"Organization","@id":"https:\/\/teiaeducation.ch\/de\/#organization","name":"Teia Education & Play","url":"https:\/\/teiaeducation.ch\/de\/","logo":{"@type":"ImageObject","inLanguage":"de-CH","@id":"https:\/\/teiaeducation.ch\/de\/#\/schema\/logo\/image\/","url":"https:\/\/teiaeducation.ch\/wp-content\/uploads\/2020\/11\/Teia-Education-Switzerland-e1620156442216.jpg","contentUrl":"https:\/\/teiaeducation.ch\/wp-content\/uploads\/2020\/11\/Teia-Education-Switzerland-e1620156442216.jpg","width":166,"height":145,"caption":"Teia Education & Play"},"image":{"@id":"https:\/\/teiaeducation.ch\/de\/#\/schema\/logo\/image\/"},"sameAs":["https:\/\/www.facebook.com\/teiaeducation\/","https:\/\/x.com\/EducationTeia","https:\/\/www.instagram.com\/teia.education\/","https:\/\/www.linkedin.com\/company\/35501660","https:\/\/www.pinterest.ch\/TeiaEducation\/"]}]},"product_price_amount":"195.00","product_price_currency":"CHF","og_availability":"instock","product_availability":"instock","product_retailer_item_id":"cd62c1559b48","product_condition":"new"},"_links":{"self":[{"href":"https:\/\/teiaeducation.ch\/de\/wp-json\/wp\/v2\/product\/60625","targetHints":{"allow":["GET"]}}],"collection":[{"href":"https:\/\/teiaeducation.ch\/de\/wp-json\/wp\/v2\/product"}],"about":[{"href":"https:\/\/teiaeducation.ch\/de\/wp-json\/wp\/v2\/types\/product"}],"replies":[{"embeddable":true,"href":"https:\/\/teiaeducation.ch\/de\/wp-json\/wp\/v2\/comments?post=60625"}],"wp:featuredmedia":[{"embeddable":true,"href":"https:\/\/teiaeducation.ch\/de\/wp-json\/wp\/v2\/media\/60626"}],"wp:attachment":[{"href":"https:\/\/teiaeducation.ch\/de\/wp-json\/wp\/v2\/media?parent=60625"}],"wp:term":[{"taxonomy":"product_brand","embeddable":true,"href":"https:\/\/teiaeducation.ch\/de\/wp-json\/wp\/v2\/product_brand?post=60625"},{"taxonomy":"product_cat","embeddable":true,"href":"https:\/\/teiaeducation.ch\/de\/wp-json\/wp\/v2\/product_cat?post=60625"},{"taxonomy":"product_tag","embeddable":true,"href":"https:\/\/teiaeducation.ch\/de\/wp-json\/wp\/v2\/product_tag?post=60625"}],"curies":[{"name":"wp","href":"https:\/\/api.w.org\/{rel}","templated":true}]}}