{"id":60627,"date":"2021-01-17T21:03:58","date_gmt":"2021-01-17T20:03:58","guid":{"rendered":"https:\/\/teiaeducation.ch\/product\/doppelte-sandpapierbuchstaben-us-kursivschrift-nienhuis-montessori\/"},"modified":"2024-05-14T14:27:13","modified_gmt":"2024-05-14T12:27:13","slug":"doppelte-sandpapierbuchstaben-us-kursivschrift-nienhuis-montessori","status":"publish","type":"product","link":"https:\/\/teiaeducation.ch\/de\/produkt\/doppelte-sandpapierbuchstaben-us-kursivschrift-nienhuis-montessori\/","title":{"rendered":"Doppelte Sandpapierbuchstaben: US-Kursivschrift &#8211; Nienhuis Montessori"},"content":{"rendered":"<p>Die doppelten Sandpapierbuchstaben (Phonogramme) von Nienhuis Montessori in US-Kursivschrift erm\u00f6glichen es dem Kind, die Feinheiten der <a href=\"https:\/\/teiaeducation.ch\/product-category\/brands\/nienhuis-montessori\/language\/\">Sprache<\/a> zu erkunden und zu verstehen. Die Arbeit mit diesem Material f\u00f6rdert das Verst\u00e4ndnis f\u00fcr die Ungereimtheiten im Englischen, indem einem Laut repr\u00e4sentative Buchstaben zugeordnet werden. Das \u00dcben mit den Sandpapierbuchstaben ist einer der ersten Schritte eines Kindes zum Lesen und Schreiben, und die Sandpapier-Phonogramme sind die nat\u00fcrliche Erweiterung.<\/p>\n<p>Das Set mit doppelten Sandpapierbuchstaben besteht aus sechzehn gr\u00fcn gestrichenen Holztafeln, auf denen die doppelten Sandpapierbuchstaben in US-Kursivschrift angebracht sind, die \u201eSchl\u00fcssel\u201c-Laute (Phonogramme) darstellen, die nicht durch einzelne Buchstaben des Alphabets abgedeckt sind.<\/p>\n<p>Die 16 enthaltenen Doppelbuchstabenkombinationen sind:<br \/>\nch, sh, th, qu, ai, au, ar, ee, er, ie, oa, oo, oy, or, ou, ue.<\/p>\n<p>Die kursiven Sandpapierbuchstaben f\u00fchren die Hand beim <a href=\"https:\/\/teiaeducation.ch\/product-category\/learning-themes\/literacy-language\/learning-to-write\/\">Schreiben<\/a>, da das Kind die Buchstabenformen in der Art und Richtung nachzeichnet, in der sie geschrieben werden, was mit dem H\u00f6ren und Aussprechen des Klangs und dem Sehen des Symbols kombiniert werden sollte. Jede Tafel hat links und rechts einen Platz, den das Kind mit einer Hand festhalten kann, w\u00e4hrend es mit der anderen die Buchstaben nachzeichnet.<\/p>\n<p>In der Montessori Lernmethode haben Buchstaben sowohl Laute als auch Namen. Eine Pr\u00e4sentation der Buchstaben f\u00fchrt das Kind durch alle Laute der Buchstaben, gefolgt von der Pr\u00e4sentation des Namens.<\/p>\n<p>Eine <a href=\"https:\/\/teiaeducation.ch\/product\/double-sandpaper-letters-box-nienhuis-montessori\/\">Holzbox<\/a> zur Aufbewahrung der kursiven Sandpapierbuchstaben ist ebenfalls separat erh\u00e4ltlich.<\/p>\n<p>Die Niederl\u00e4ndische Marke <a href=\"https:\/\/teiaeducation.ch\/product-category\/brands\/nienhuis-montessori-educational-materials\/\">Nienhuis Montessori<\/a> ist die weltweit f\u00fchrende Montessori-Marke, die das Erbe von Maria Montessori ehrt und fortf\u00fchrt und das breiteste und innovativste Sortiment an Montessori-Materialien, <a href=\"https:\/\/teiaeducation.ch\/product-category\/classroom-essentials\/montessori-furniture\/\">M\u00f6beln<\/a> und <a href=\"https:\/\/teiaeducation.ch\/product-category\/brands\/nienhuis-montessori-educational-materials\/add-ons\/\">verwandten Produkten<\/a> herstellt. Die hochwertigen Nienhuis Montessori Produkte geben den Kindern die Werkzeuge, die sie brauchen, um Unabhangig und kritisch zu denken. Alle Nienhuis Montessori Materialien sind vom Materialkomitee der Association Montessori Internationale (<a href=\"https:\/\/montessori-ami.org\/\">AMI<\/a>) zertifiziert und werden sorgf\u00e4ltig hergestellt, um Schwierigkeiten zu isolieren, so dass die Kinder sich konzentrieren, lernen und sich entwickeln k\u00f6nnen.<\/p>\n<p>Nienhuis Montessori ist eine der Marken des Niederlandischen Unternehmens Heutink International, das weltweit die besten pedagogischen Marken anbietet, die auf spielerisches Lernen ausgerichtet sind.<\/p>\n<p>Dieses <a href=\"https:\/\/teiaeducation.ch\/product-category\/education-method\/the-montessori-pedagogy-materials-toys\/\">Montessori<\/a> Material ist f\u00fcr Kinder im Alter von 3-6 Jahren geeignet.<\/p>\n<p>Inhalt:<\/p>\n<p>16 gr\u00fcn gestrichene Holzbretter mit doppelten Sandpapierbuchstaben im internationalen Druck, montiert auf<\/p>\n<p><em>We currently do not have this item in stock, but it is available on pre-order. We will order this item for you from our supplier. Due to importation from the European Union to Switzerland please allow 2 to maximum 3 weeks for delivery. <\/em><\/p>\n\t<div id=\"gap-6153659\" class=\"gap-element clearfix\" style=\"display:block; height:auto;\">\n\t\t\n<style>\n#gap-6153659 {\n  padding-top: 20px;\n}\n<\/style>\n\t<\/div>\n\t\n","protected":false},"excerpt":{"rendered":"<p>Artikelnummer: 0056B4<\/p>\n<p>Die kursiven doppelten Sandpapierbuchstaben (Phonogramme) von Nienhuis Montessori US helfen, die Feinheiten und Ungereimtheiten der Sprache zu erforschen und zu verstehen.<\/p>\n","protected":false},"featured_media":60628,"comment_status":"closed","ping_status":"closed","template":"","meta":[],"product_brand":[],"product_cat":[21445,21524,21479,21532,21509,21530,21498,21481,21559,21443,21572,21531,21494,21557,21562,21651,21564],"product_tag":[27698,23100,23469,23120,26920,29121,23032,23470,23119,26928],"class_list":{"0":"post-60627","1":"product","2":"type-product","3":"status-publish","4":"has-post-thumbnail","6":"product_cat-3-6-jahre-vorschule","7":"product_cat-alphabetisierung-sprache","8":"product_cat-lernmaterialien-spielzeug-montessori-waldorf-steiner-froebel","9":"product_cat-buchstaben-das-alphabet","10":"product_cat-lernthemen","11":"product_cat-lesen-lernen","12":"product_cat-montessori-materialien-fuer-zuhause-schulbedarf-fuer-zuhause","13":"product_cat-montessori-paedagogik-material-spielzeug","14":"product_cat-motorische-fertigkeiten","15":"product_cat-nach-alter","16":"product_cat-nienhuis-montessori-schweiz","17":"product_cat-schreiben-lernen","18":"product_cat-schulbedarf-fuer-zuhause","19":"product_cat-sensorische-motorische-fertigkeiten","20":"product_cat-sinne","21":"product_cat-sprache-nienhuis-montessori","22":"product_cat-unsere-marken","23":"product_tag-3-6-jahre","24":"product_tag-montessori-de","25":"product_tag-montessori-material-schweiz-de","26":"product_tag-montessori-material-schweiz","27":"product_tag-montessori-sprache-de","28":"product_tag-nienhuis-montessori-kursive-doppelte-sandpapierbuchstaben","29":"product_tag-nienhuis-montessori-sandpapierbuchstaben","30":"product_tag-nienhuis-montessori-schweiz-de-2","31":"product_tag-nienhuis-montessori-schweiz-de","32":"product_tag-nienhuis-montessori-kasten-fur-buchstabenverbindungen","34":"first","35":"onbackorder","36":"taxable","37":"shipping-taxable","38":"purchasable","39":"product-type-simple"},"yoast_head":"<!-- This site is optimized with the Yoast SEO Premium plugin v25.8 (Yoast SEO v27.4) - https:\/\/yoast.com\/product\/yoast-seo-premium-wordpress\/ -->\n<title>Doppelte Sandpapierbuchstaben: US-Kursivschrift - Nienhuis Montessori<\/title>\n<meta name=\"description\" content=\"Die kursiven doppelten Sandpapierbuchstaben (Phonogramme) von Nienhuis Montessori US helfen, die Feinheiten und Ungereimtheiten der Sprache zu erforschen und zu verstehen.\" \/>\n<meta name=\"robots\" content=\"index, follow, max-snippet:-1, max-image-preview:large, max-video-preview:-1\" \/>\n<link rel=\"canonical\" href=\"https:\/\/teiaeducation.ch\/de\/produkt\/doppelte-sandpapierbuchstaben-us-kursivschrift-nienhuis-montessori\/\" \/>\n<meta property=\"og:locale\" content=\"de_DE\" \/>\n<meta property=\"og:type\" content=\"article\" \/>\n<meta property=\"og:title\" content=\"Doppelte Sandpapierbuchstaben: US-Kursivschrift - Nienhuis Montessori\" \/>\n<meta property=\"og:description\" content=\"Die kursiven doppelten Sandpapierbuchstaben (Phonogramme) von Nienhuis Montessori US helfen, die Feinheiten und Ungereimtheiten der Sprache zu erforschen und zu verstehen.\" \/>\n<meta property=\"og:url\" content=\"https:\/\/teiaeducation.ch\/de\/produkt\/doppelte-sandpapierbuchstaben-us-kursivschrift-nienhuis-montessori\/\" \/>\n<meta property=\"og:site_name\" content=\"Sustainable Educational Products &amp; Ecological Toys\u00a0\" \/>\n<meta property=\"article:publisher\" content=\"https:\/\/www.facebook.com\/teiaeducation\/\" \/>\n<meta property=\"article:modified_time\" content=\"2024-05-14T12:27:13+00:00\" \/>\n<meta property=\"og:image\" content=\"https:\/\/teiaeducation.ch\/wp-content\/uploads\/2019\/01\/0056B4.jpg\" \/>\n\t<meta property=\"og:image:width\" content=\"900\" \/>\n\t<meta property=\"og:image:height\" content=\"900\" \/>\n\t<meta property=\"og:image:type\" content=\"image\/jpeg\" \/>\n<script type=\"application\/ld+json\" class=\"yoast-schema-graph\">{\"@context\":\"https:\\\/\\\/schema.org\",\"@graph\":[{\"@type\":\"WebPage\",\"@id\":\"https:\\\/\\\/teiaeducation.ch\\\/de\\\/produkt\\\/doppelte-sandpapierbuchstaben-us-kursivschrift-nienhuis-montessori\\\/\",\"url\":\"https:\\\/\\\/teiaeducation.ch\\\/de\\\/produkt\\\/doppelte-sandpapierbuchstaben-us-kursivschrift-nienhuis-montessori\\\/\",\"name\":\"Doppelte Sandpapierbuchstaben: US-Kursivschrift - Nienhuis Montessori\",\"isPartOf\":{\"@id\":\"https:\\\/\\\/teiaeducation.ch\\\/de\\\/#website\"},\"primaryImageOfPage\":{\"@id\":\"https:\\\/\\\/teiaeducation.ch\\\/de\\\/produkt\\\/doppelte-sandpapierbuchstaben-us-kursivschrift-nienhuis-montessori\\\/#primaryimage\"},\"image\":{\"@id\":\"https:\\\/\\\/teiaeducation.ch\\\/de\\\/produkt\\\/doppelte-sandpapierbuchstaben-us-kursivschrift-nienhuis-montessori\\\/#primaryimage\"},\"thumbnailUrl\":\"https:\\\/\\\/teiaeducation.ch\\\/wp-content\\\/uploads\\\/2019\\\/01\\\/0056B4.jpg\",\"datePublished\":\"2021-01-17T20:03:58+00:00\",\"dateModified\":\"2024-05-14T12:27:13+00:00\",\"description\":\"Die kursiven doppelten Sandpapierbuchstaben (Phonogramme) von Nienhuis Montessori US helfen, die Feinheiten und Ungereimtheiten der Sprache zu erforschen und zu verstehen.\",\"breadcrumb\":{\"@id\":\"https:\\\/\\\/teiaeducation.ch\\\/de\\\/produkt\\\/doppelte-sandpapierbuchstaben-us-kursivschrift-nienhuis-montessori\\\/#breadcrumb\"},\"inLanguage\":\"de-CH\",\"potentialAction\":[{\"@type\":\"ReadAction\",\"target\":[\"https:\\\/\\\/teiaeducation.ch\\\/de\\\/produkt\\\/doppelte-sandpapierbuchstaben-us-kursivschrift-nienhuis-montessori\\\/\"]}]},{\"@type\":\"ImageObject\",\"inLanguage\":\"de-CH\",\"@id\":\"https:\\\/\\\/teiaeducation.ch\\\/de\\\/produkt\\\/doppelte-sandpapierbuchstaben-us-kursivschrift-nienhuis-montessori\\\/#primaryimage\",\"url\":\"https:\\\/\\\/teiaeducation.ch\\\/wp-content\\\/uploads\\\/2019\\\/01\\\/0056B4.jpg\",\"contentUrl\":\"https:\\\/\\\/teiaeducation.ch\\\/wp-content\\\/uploads\\\/2019\\\/01\\\/0056B4.jpg\",\"width\":900,\"height\":900,\"caption\":\"Doppelte Sandpapierbuchstaben: US-Kursivschrift - Nienhuis Montessori\"},{\"@type\":\"BreadcrumbList\",\"@id\":\"https:\\\/\\\/teiaeducation.ch\\\/de\\\/produkt\\\/doppelte-sandpapierbuchstaben-us-kursivschrift-nienhuis-montessori\\\/#breadcrumb\",\"itemListElement\":[{\"@type\":\"ListItem\",\"position\":1,\"name\":\"Home\",\"item\":\"https:\\\/\\\/teiaeducation.ch\\\/de\\\/\"},{\"@type\":\"ListItem\",\"position\":2,\"name\":\"Laden\",\"item\":\"https:\\\/\\\/teiaeducation.ch\\\/de\\\/shop\\\/\"},{\"@type\":\"ListItem\",\"position\":3,\"name\":\"Lernthemen\",\"item\":\"https:\\\/\\\/teiaeducation.ch\\\/de\\\/produkt-kategorie\\\/lernthemen\\\/\"},{\"@type\":\"ListItem\",\"position\":4,\"name\":\"Alphabetisierung &amp; Sprache\",\"item\":\"https:\\\/\\\/teiaeducation.ch\\\/de\\\/produkt-kategorie\\\/lernthemen\\\/alphabetisierung-sprache\\\/\"},{\"@type\":\"ListItem\",\"position\":5,\"name\":\"Buchstaben &amp; das Alphabet\",\"item\":\"https:\\\/\\\/teiaeducation.ch\\\/de\\\/produkt-kategorie\\\/lernthemen\\\/alphabetisierung-sprache\\\/buchstaben-das-alphabet\\\/\"},{\"@type\":\"ListItem\",\"position\":6,\"name\":\"Doppelte Sandpapierbuchstaben: US-Kursivschrift &#8211; Nienhuis Montessori\"}]},{\"@type\":\"WebSite\",\"@id\":\"https:\\\/\\\/teiaeducation.ch\\\/de\\\/#website\",\"url\":\"https:\\\/\\\/teiaeducation.ch\\\/de\\\/\",\"name\":\"Sustainable Educational Products &amp; Ecological Toys\u00a0\",\"description\":\"Specialised Swiss shop selling sustainable educational toys and games, AMI certified Montessori materials, handmade ecological wooden Waldorf toys and arts &amp; crafts supplies, school supplies, children&#039;s furniture and Montessori reference and parenting books.\",\"publisher\":{\"@id\":\"https:\\\/\\\/teiaeducation.ch\\\/de\\\/#organization\"},\"alternateName\":\"Teia Education & Play\",\"potentialAction\":[{\"@type\":\"SearchAction\",\"target\":{\"@type\":\"EntryPoint\",\"urlTemplate\":\"https:\\\/\\\/teiaeducation.ch\\\/de\\\/?s={search_term_string}\"},\"query-input\":{\"@type\":\"PropertyValueSpecification\",\"valueRequired\":true,\"valueName\":\"search_term_string\"}}],\"inLanguage\":\"de-CH\"},{\"@type\":\"Organization\",\"@id\":\"https:\\\/\\\/teiaeducation.ch\\\/de\\\/#organization\",\"name\":\"Teia Education & Play\",\"url\":\"https:\\\/\\\/teiaeducation.ch\\\/de\\\/\",\"logo\":{\"@type\":\"ImageObject\",\"inLanguage\":\"de-CH\",\"@id\":\"https:\\\/\\\/teiaeducation.ch\\\/de\\\/#\\\/schema\\\/logo\\\/image\\\/\",\"url\":\"https:\\\/\\\/teiaeducation.ch\\\/wp-content\\\/uploads\\\/2020\\\/11\\\/Teia-Education-Switzerland-e1620156442216.jpg\",\"contentUrl\":\"https:\\\/\\\/teiaeducation.ch\\\/wp-content\\\/uploads\\\/2020\\\/11\\\/Teia-Education-Switzerland-e1620156442216.jpg\",\"width\":166,\"height\":145,\"caption\":\"Teia Education & Play\"},\"image\":{\"@id\":\"https:\\\/\\\/teiaeducation.ch\\\/de\\\/#\\\/schema\\\/logo\\\/image\\\/\"},\"sameAs\":[\"https:\\\/\\\/www.facebook.com\\\/teiaeducation\\\/\",\"https:\\\/\\\/x.com\\\/EducationTeia\",\"https:\\\/\\\/www.instagram.com\\\/teia.education\\\/\",\"https:\\\/\\\/www.linkedin.com\\\/company\\\/35501660\",\"https:\\\/\\\/www.pinterest.ch\\\/TeiaEducation\\\/\"]}]}<\/script>\n<meta property=\"product:price:amount\" content=\"121.90\" \/>\n<meta property=\"product:price:currency\" content=\"CHF\" \/>\n<meta property=\"og:availability\" content=\"backorder\" \/>\n<meta property=\"product:availability\" content=\"available for order\" \/>\n<meta property=\"product:retailer_item_id\" content=\"00000000000000000000000000000000000000000000003397\" \/>\n<meta property=\"product:condition\" content=\"new\" \/>\n<!-- \/ Yoast SEO Premium plugin. -->","yoast_head_json":{"title":"Doppelte Sandpapierbuchstaben: US-Kursivschrift - Nienhuis Montessori","description":"Die kursiven doppelten Sandpapierbuchstaben (Phonogramme) von Nienhuis Montessori US helfen, die Feinheiten und Ungereimtheiten der Sprache zu erforschen und zu verstehen.","robots":{"index":"index","follow":"follow","max-snippet":"max-snippet:-1","max-image-preview":"max-image-preview:large","max-video-preview":"max-video-preview:-1"},"canonical":"https:\/\/teiaeducation.ch\/de\/produkt\/doppelte-sandpapierbuchstaben-us-kursivschrift-nienhuis-montessori\/","og_locale":"de_DE","og_type":"article","og_title":"Doppelte Sandpapierbuchstaben: US-Kursivschrift - Nienhuis Montessori","og_description":"Die kursiven doppelten Sandpapierbuchstaben (Phonogramme) von Nienhuis Montessori US helfen, die Feinheiten und Ungereimtheiten der Sprache zu erforschen und zu verstehen.","og_url":"https:\/\/teiaeducation.ch\/de\/produkt\/doppelte-sandpapierbuchstaben-us-kursivschrift-nienhuis-montessori\/","og_site_name":"Sustainable Educational Products &amp; Ecological Toys\u00a0","article_publisher":"https:\/\/www.facebook.com\/teiaeducation\/","article_modified_time":"2024-05-14T12:27:13+00:00","og_image":[{"width":900,"height":900,"url":"https:\/\/teiaeducation.ch\/wp-content\/uploads\/2019\/01\/0056B4.jpg","type":"image\/jpeg"}],"schema":{"@context":"https:\/\/schema.org","@graph":[{"@type":"WebPage","@id":"https:\/\/teiaeducation.ch\/de\/produkt\/doppelte-sandpapierbuchstaben-us-kursivschrift-nienhuis-montessori\/","url":"https:\/\/teiaeducation.ch\/de\/produkt\/doppelte-sandpapierbuchstaben-us-kursivschrift-nienhuis-montessori\/","name":"Doppelte Sandpapierbuchstaben: US-Kursivschrift - Nienhuis Montessori","isPartOf":{"@id":"https:\/\/teiaeducation.ch\/de\/#website"},"primaryImageOfPage":{"@id":"https:\/\/teiaeducation.ch\/de\/produkt\/doppelte-sandpapierbuchstaben-us-kursivschrift-nienhuis-montessori\/#primaryimage"},"image":{"@id":"https:\/\/teiaeducation.ch\/de\/produkt\/doppelte-sandpapierbuchstaben-us-kursivschrift-nienhuis-montessori\/#primaryimage"},"thumbnailUrl":"https:\/\/teiaeducation.ch\/wp-content\/uploads\/2019\/01\/0056B4.jpg","datePublished":"2021-01-17T20:03:58+00:00","dateModified":"2024-05-14T12:27:13+00:00","description":"Die kursiven doppelten Sandpapierbuchstaben (Phonogramme) von Nienhuis Montessori US helfen, die Feinheiten und Ungereimtheiten der Sprache zu erforschen und zu verstehen.","breadcrumb":{"@id":"https:\/\/teiaeducation.ch\/de\/produkt\/doppelte-sandpapierbuchstaben-us-kursivschrift-nienhuis-montessori\/#breadcrumb"},"inLanguage":"de-CH","potentialAction":[{"@type":"ReadAction","target":["https:\/\/teiaeducation.ch\/de\/produkt\/doppelte-sandpapierbuchstaben-us-kursivschrift-nienhuis-montessori\/"]}]},{"@type":"ImageObject","inLanguage":"de-CH","@id":"https:\/\/teiaeducation.ch\/de\/produkt\/doppelte-sandpapierbuchstaben-us-kursivschrift-nienhuis-montessori\/#primaryimage","url":"https:\/\/teiaeducation.ch\/wp-content\/uploads\/2019\/01\/0056B4.jpg","contentUrl":"https:\/\/teiaeducation.ch\/wp-content\/uploads\/2019\/01\/0056B4.jpg","width":900,"height":900,"caption":"Doppelte Sandpapierbuchstaben: US-Kursivschrift - Nienhuis Montessori"},{"@type":"BreadcrumbList","@id":"https:\/\/teiaeducation.ch\/de\/produkt\/doppelte-sandpapierbuchstaben-us-kursivschrift-nienhuis-montessori\/#breadcrumb","itemListElement":[{"@type":"ListItem","position":1,"name":"Home","item":"https:\/\/teiaeducation.ch\/de\/"},{"@type":"ListItem","position":2,"name":"Laden","item":"https:\/\/teiaeducation.ch\/de\/shop\/"},{"@type":"ListItem","position":3,"name":"Lernthemen","item":"https:\/\/teiaeducation.ch\/de\/produkt-kategorie\/lernthemen\/"},{"@type":"ListItem","position":4,"name":"Alphabetisierung &amp; Sprache","item":"https:\/\/teiaeducation.ch\/de\/produkt-kategorie\/lernthemen\/alphabetisierung-sprache\/"},{"@type":"ListItem","position":5,"name":"Buchstaben &amp; das Alphabet","item":"https:\/\/teiaeducation.ch\/de\/produkt-kategorie\/lernthemen\/alphabetisierung-sprache\/buchstaben-das-alphabet\/"},{"@type":"ListItem","position":6,"name":"Doppelte Sandpapierbuchstaben: US-Kursivschrift &#8211; Nienhuis Montessori"}]},{"@type":"WebSite","@id":"https:\/\/teiaeducation.ch\/de\/#website","url":"https:\/\/teiaeducation.ch\/de\/","name":"Sustainable Educational Products &amp; Ecological Toys\u00a0","description":"Specialised Swiss shop selling sustainable educational toys and games, AMI certified Montessori materials, handmade ecological wooden Waldorf toys and arts &amp; crafts supplies, school supplies, children&#039;s furniture and Montessori reference and parenting books.","publisher":{"@id":"https:\/\/teiaeducation.ch\/de\/#organization"},"alternateName":"Teia Education & Play","potentialAction":[{"@type":"SearchAction","target":{"@type":"EntryPoint","urlTemplate":"https:\/\/teiaeducation.ch\/de\/?s={search_term_string}"},"query-input":{"@type":"PropertyValueSpecification","valueRequired":true,"valueName":"search_term_string"}}],"inLanguage":"de-CH"},{"@type":"Organization","@id":"https:\/\/teiaeducation.ch\/de\/#organization","name":"Teia Education & Play","url":"https:\/\/teiaeducation.ch\/de\/","logo":{"@type":"ImageObject","inLanguage":"de-CH","@id":"https:\/\/teiaeducation.ch\/de\/#\/schema\/logo\/image\/","url":"https:\/\/teiaeducation.ch\/wp-content\/uploads\/2020\/11\/Teia-Education-Switzerland-e1620156442216.jpg","contentUrl":"https:\/\/teiaeducation.ch\/wp-content\/uploads\/2020\/11\/Teia-Education-Switzerland-e1620156442216.jpg","width":166,"height":145,"caption":"Teia Education & Play"},"image":{"@id":"https:\/\/teiaeducation.ch\/de\/#\/schema\/logo\/image\/"},"sameAs":["https:\/\/www.facebook.com\/teiaeducation\/","https:\/\/x.com\/EducationTeia","https:\/\/www.instagram.com\/teia.education\/","https:\/\/www.linkedin.com\/company\/35501660","https:\/\/www.pinterest.ch\/TeiaEducation\/"]}]},"product_price_amount":"121.90","product_price_currency":"CHF","og_availability":"backorder","product_availability":"available for order","product_retailer_item_id":"00000000000000000000000000000000000000000000003397","product_condition":"new"},"_links":{"self":[{"href":"https:\/\/teiaeducation.ch\/de\/wp-json\/wp\/v2\/product\/60627","targetHints":{"allow":["GET"]}}],"collection":[{"href":"https:\/\/teiaeducation.ch\/de\/wp-json\/wp\/v2\/product"}],"about":[{"href":"https:\/\/teiaeducation.ch\/de\/wp-json\/wp\/v2\/types\/product"}],"replies":[{"embeddable":true,"href":"https:\/\/teiaeducation.ch\/de\/wp-json\/wp\/v2\/comments?post=60627"}],"wp:featuredmedia":[{"embeddable":true,"href":"https:\/\/teiaeducation.ch\/de\/wp-json\/wp\/v2\/media\/60628"}],"wp:attachment":[{"href":"https:\/\/teiaeducation.ch\/de\/wp-json\/wp\/v2\/media?parent=60627"}],"wp:term":[{"taxonomy":"product_brand","embeddable":true,"href":"https:\/\/teiaeducation.ch\/de\/wp-json\/wp\/v2\/product_brand?post=60627"},{"taxonomy":"product_cat","embeddable":true,"href":"https:\/\/teiaeducation.ch\/de\/wp-json\/wp\/v2\/product_cat?post=60627"},{"taxonomy":"product_tag","embeddable":true,"href":"https:\/\/teiaeducation.ch\/de\/wp-json\/wp\/v2\/product_tag?post=60627"}],"curies":[{"name":"wp","href":"https:\/\/api.w.org\/{rel}","templated":true}]}}