{"id":60674,"date":"2021-01-17T21:01:36","date_gmt":"2021-01-17T20:01:36","guid":{"rendered":"https:\/\/teiaeducation.ch\/product\/doppelte-sandpapierbuchstaben-franzoesische-kursivschrift-nienhuis-montessori\/"},"modified":"2024-05-16T13:50:08","modified_gmt":"2024-05-16T11:50:08","slug":"doppelte-sandpapierbuchstaben-franzoesische-kursivschrift-nienhuis-montessori","status":"publish","type":"product","link":"https:\/\/teiaeducation.ch\/de\/produkt\/doppelte-sandpapierbuchstaben-franzoesische-kursivschrift-nienhuis-montessori\/","title":{"rendered":"Doppelte Sandpapierbuchstaben: Franz\u00f6sische Kursivschrift &#8211; Nienhuis Montessori"},"content":{"rendered":"<p>Doppelte Sandpapierbuchstaben: Franz\u00f6sische Kursivschrift &#8211; Nienhuis Montessori<\/p>\n<p>Die Nienhuis Montessori Franz\u00f6sisch kursiv Doppelte Sandpapierbuchstaben (Phonogramme) sind eine Erg\u00e4nzung zu den <a href=\"https:\/\/teiaeducation.ch\/product\/double-sandpaper-letters-us-cursive-nienhuis-montessori\/\" target=\"_blank\" rel=\"noopener noreferrer\">kursiven US-Phonogrammen<\/a> und erm\u00f6glichen es dem Kind, die Feinheiten der Sprache zu erforschen und zu verstehen. Die Arbeit mit diesem Material f\u00f6rdert das Verst\u00e4ndnis f\u00fcr die Ungereimtheiten im Franz\u00f6sischen, indem einem Laut repr\u00e4sentative Buchstaben zugeordnet werden. Das \u00dcben mit den Sandpapierbuchstaben ist einer der ersten Schritte eines Kindes zum Lesen und Schreiben, und die Sandpapier-Phonogramme sind die nat\u00fcrliche Erweiterung. Das Set Doppelte Sandpapierbuchstaben enth\u00e4lt acht gr\u00fcn gestrichene Holztafeln, auf denen die doppelten Sandpapierbuchstaben in franz\u00f6sischer Kursivschrift angebracht sind, die \u201eSchl\u00fcssel\u201c-Laute (Phonogramme) darstellen, die nicht durch einzelne Buchstaben des Alphabets abgedeckt sind.<\/p>\n<p>Die 8 enthaltenen Doppelbuchstabenkombinationen sind:<br \/>\nou, an, oi, ai, in, \u00e9, ch and gn.<\/p>\n<p>Die kursiven Sandpapierbuchstaben f\u00fchren die Hand beim Schreiben, da das Kind die Buchstabenformen in der Art und Richtung nachzeichnet, in der sie geschrieben werden, was mit dem H\u00f6ren und Aussprechen des Klangs und dem Sehen des Symbols kombiniert werden sollte. Jede Tafel hat links und rechts einen Platz, den das Kind mit einer Hand festhalten kann, w\u00e4hrend es mit der anderen die Buchstaben nachzeichnet.<\/p>\n<p>In der Montessori Lernmethode haben Buchstaben sowohl Laute als auch Namen. Eine Pr\u00e4sentation der Buchstaben f\u00fchrt das Kind durch alle Laute der Buchstaben, gefolgt von der Pr\u00e4sentation des Namens.<\/p>\n<p>Eine <a href=\"https:\/\/teiaeducation.ch\/product\/double-sandpaper-letters-box-nienhuis-montessori\/\">Holzbox<\/a> zur Aufbewahrung der kursiven Sandpapierbuchstaben ist ebenfalls separat erh\u00e4ltlich.<\/p>\n<p>Dieses Montessori Material ist f\u00fcr Kinder im Alter von 3-6 Jahren geeignet.<\/p>\n<p>Inhalt:<\/p>\n<p>8 gr\u00fcn gestrichene Holzbretter mit doppelten Sandpapierbuchstaben in franz\u00f6sischer Kursivschrift, montiert auf<\/p>\n","protected":false},"excerpt":{"rendered":"<p>Artikelnummer: 005603<\/p>\n","protected":false},"featured_media":60675,"comment_status":"closed","ping_status":"closed","template":"","meta":[],"product_brand":[],"product_cat":[21475,21445,21524,21479,21532,21534,21474,21509,21481,21559,21443,21572,21531,21557,21562,21651,21564],"product_tag":[29126,29125,26921,23108,23120,26920,22981,23119,26006],"class_list":{"0":"post-60674","1":"product","2":"type-product","3":"status-publish","4":"has-post-thumbnail","6":"product_cat-3-6-jahre-klassenzimmer-pack","7":"product_cat-3-6-jahre-vorschule","8":"product_cat-alphabetisierung-sprache","9":"product_cat-lernmaterialien-spielzeug-montessori-waldorf-steiner-froebel","10":"product_cat-buchstaben-das-alphabet","11":"product_cat-klang","12":"product_cat-klassenzimmer-essenzien","13":"product_cat-lernthemen","14":"product_cat-montessori-paedagogik-material-spielzeug","15":"product_cat-motorische-fertigkeiten","16":"product_cat-nach-alter","17":"product_cat-nienhuis-montessori-schweiz","18":"product_cat-schreiben-lernen","19":"product_cat-sensorische-motorische-fertigkeiten","20":"product_cat-sinne","21":"product_cat-sprache-nienhuis-montessori","22":"product_cat-unsere-marken","23":"product_tag-doppelte-sandpapierbuchstaben-franzosische-kursivschrift","24":"product_tag-fremdsprache","25":"product_tag-lesen","26":"product_tag-montessori-kleinkind-3-6","27":"product_tag-montessori-material-schweiz","28":"product_tag-montessori-sprache-de","29":"product_tag-nienhuis-montessori-de","30":"product_tag-nienhuis-montessori-schweiz-de","31":"product_tag-sprache","33":"first","34":"instock","35":"taxable","36":"shipping-taxable","37":"purchasable","38":"product-type-simple"},"yoast_head":"<!-- This site is optimized with the Yoast SEO plugin v27.1.1 - https:\/\/yoast.com\/product\/yoast-seo-wordpress\/ -->\n<title>Doppelte Sandpapierbuchstaben: Franz\u00f6sische Kursivschrift Nienhuis Montessori<\/title>\n<meta name=\"description\" content=\"Die Nienhuis Montessori Franz\u00f6sisch kursiv Doppelte Sandpapierbuchstaben (Phonogramme) erm\u00f6glichen es dem Kind, die Feinheiten der Sprache zu erforschen und zu verstehen.\" \/>\n<meta name=\"robots\" content=\"index, follow, max-snippet:-1, max-image-preview:large, max-video-preview:-1\" \/>\n<link rel=\"canonical\" href=\"https:\/\/teiaeducation.ch\/de\/produkt\/doppelte-sandpapierbuchstaben-franzoesische-kursivschrift-nienhuis-montessori\/\" \/>\n<meta property=\"og:locale\" content=\"de_DE\" \/>\n<meta property=\"og:type\" content=\"article\" \/>\n<meta property=\"og:title\" content=\"Doppelte Sandpapierbuchstaben: Franz\u00f6sische Kursivschrift Nienhuis Montessori\" \/>\n<meta property=\"og:description\" content=\"Die Nienhuis Montessori Franz\u00f6sisch kursiv Doppelte Sandpapierbuchstaben (Phonogramme) erm\u00f6glichen es dem Kind, die Feinheiten der Sprache zu erforschen und zu verstehen.\" \/>\n<meta property=\"og:url\" content=\"https:\/\/teiaeducation.ch\/de\/produkt\/doppelte-sandpapierbuchstaben-franzoesische-kursivschrift-nienhuis-montessori\/\" \/>\n<meta property=\"og:site_name\" content=\"Sustainable Educational Products &amp; Ecological Toys\u00a0\" \/>\n<meta property=\"article:publisher\" content=\"https:\/\/www.facebook.com\/teiaeducation\/\" \/>\n<meta property=\"article:modified_time\" content=\"2024-05-16T11:50:08+00:00\" \/>\n<meta property=\"og:image\" content=\"https:\/\/teiaeducation.ch\/wp-content\/uploads\/2019\/05\/400_005603_main_or_1-scaled-scaled.jpg\" \/>\n\t<meta property=\"og:image:width\" content=\"2048\" \/>\n\t<meta property=\"og:image:height\" content=\"1188\" \/>\n\t<meta property=\"og:image:type\" content=\"image\/jpeg\" \/>\n<script type=\"application\/ld+json\" class=\"yoast-schema-graph\">{\"@context\":\"https:\/\/schema.org\",\"@graph\":[{\"@type\":\"WebPage\",\"@id\":\"https:\/\/teiaeducation.ch\/de\/produkt\/doppelte-sandpapierbuchstaben-franzoesische-kursivschrift-nienhuis-montessori\/\",\"url\":\"https:\/\/teiaeducation.ch\/de\/produkt\/doppelte-sandpapierbuchstaben-franzoesische-kursivschrift-nienhuis-montessori\/\",\"name\":\"Doppelte Sandpapierbuchstaben: Franz\u00f6sische Kursivschrift Nienhuis Montessori\",\"isPartOf\":{\"@id\":\"https:\/\/teiaeducation.ch\/de\/#website\"},\"primaryImageOfPage\":{\"@id\":\"https:\/\/teiaeducation.ch\/de\/produkt\/doppelte-sandpapierbuchstaben-franzoesische-kursivschrift-nienhuis-montessori\/#primaryimage\"},\"image\":{\"@id\":\"https:\/\/teiaeducation.ch\/de\/produkt\/doppelte-sandpapierbuchstaben-franzoesische-kursivschrift-nienhuis-montessori\/#primaryimage\"},\"thumbnailUrl\":\"https:\/\/teiaeducation.ch\/wp-content\/uploads\/2019\/05\/400_005603_main_or_1-scaled-scaled.jpg\",\"datePublished\":\"2021-01-17T20:01:36+00:00\",\"dateModified\":\"2024-05-16T11:50:08+00:00\",\"description\":\"Die Nienhuis Montessori Franz\u00f6sisch kursiv Doppelte Sandpapierbuchstaben (Phonogramme) erm\u00f6glichen es dem Kind, die Feinheiten der Sprache zu erforschen und zu verstehen.\",\"breadcrumb\":{\"@id\":\"https:\/\/teiaeducation.ch\/de\/produkt\/doppelte-sandpapierbuchstaben-franzoesische-kursivschrift-nienhuis-montessori\/#breadcrumb\"},\"inLanguage\":\"de-CH\",\"potentialAction\":[{\"@type\":\"ReadAction\",\"target\":[\"https:\/\/teiaeducation.ch\/de\/produkt\/doppelte-sandpapierbuchstaben-franzoesische-kursivschrift-nienhuis-montessori\/\"]}]},{\"@type\":\"ImageObject\",\"inLanguage\":\"de-CH\",\"@id\":\"https:\/\/teiaeducation.ch\/de\/produkt\/doppelte-sandpapierbuchstaben-franzoesische-kursivschrift-nienhuis-montessori\/#primaryimage\",\"url\":\"https:\/\/teiaeducation.ch\/wp-content\/uploads\/2019\/05\/400_005603_main_or_1-scaled-scaled.jpg\",\"contentUrl\":\"https:\/\/teiaeducation.ch\/wp-content\/uploads\/2019\/05\/400_005603_main_or_1-scaled-scaled.jpg\",\"width\":2048,\"height\":1188,\"caption\":\"Doppelte Sandpapierbuchstaben: Franz\u00f6sische Kursivschrift - Nienhuis Montessori\"},{\"@type\":\"BreadcrumbList\",\"@id\":\"https:\/\/teiaeducation.ch\/de\/produkt\/doppelte-sandpapierbuchstaben-franzoesische-kursivschrift-nienhuis-montessori\/#breadcrumb\",\"itemListElement\":[{\"@type\":\"ListItem\",\"position\":1,\"name\":\"Home\",\"item\":\"https:\/\/teiaeducation.ch\/de\/\"},{\"@type\":\"ListItem\",\"position\":2,\"name\":\"Laden\",\"item\":\"https:\/\/teiaeducation.ch\/de\/shop\/\"},{\"@type\":\"ListItem\",\"position\":3,\"name\":\"Lernthemen\",\"item\":\"https:\/\/teiaeducation.ch\/de\/produkt-kategorie\/lernthemen\/\"},{\"@type\":\"ListItem\",\"position\":4,\"name\":\"Alphabetisierung &amp; Sprache\",\"item\":\"https:\/\/teiaeducation.ch\/de\/produkt-kategorie\/lernthemen\/alphabetisierung-sprache\/\"},{\"@type\":\"ListItem\",\"position\":5,\"name\":\"Buchstaben &amp; das Alphabet\",\"item\":\"https:\/\/teiaeducation.ch\/de\/produkt-kategorie\/lernthemen\/alphabetisierung-sprache\/buchstaben-das-alphabet\/\"},{\"@type\":\"ListItem\",\"position\":6,\"name\":\"Doppelte Sandpapierbuchstaben: Franz\u00f6sische Kursivschrift &#8211; Nienhuis Montessori\"}]},{\"@type\":\"WebSite\",\"@id\":\"https:\/\/teiaeducation.ch\/de\/#website\",\"url\":\"https:\/\/teiaeducation.ch\/de\/\",\"name\":\"Sustainable Educational Products &amp; Ecological Toys\u00a0\",\"description\":\"Specialised Swiss shop selling sustainable educational toys and games, AMI certified Montessori materials, handmade ecological wooden Waldorf toys and arts &amp; crafts supplies, school supplies, children&#039;s furniture and Montessori reference and parenting books.\",\"publisher\":{\"@id\":\"https:\/\/teiaeducation.ch\/de\/#organization\"},\"alternateName\":\"Teia Education & Play\",\"potentialAction\":[{\"@type\":\"SearchAction\",\"target\":{\"@type\":\"EntryPoint\",\"urlTemplate\":\"https:\/\/teiaeducation.ch\/de\/?s={search_term_string}\"},\"query-input\":{\"@type\":\"PropertyValueSpecification\",\"valueRequired\":true,\"valueName\":\"search_term_string\"}}],\"inLanguage\":\"de-CH\"},{\"@type\":\"Organization\",\"@id\":\"https:\/\/teiaeducation.ch\/de\/#organization\",\"name\":\"Teia Education & Play\",\"url\":\"https:\/\/teiaeducation.ch\/de\/\",\"logo\":{\"@type\":\"ImageObject\",\"inLanguage\":\"de-CH\",\"@id\":\"https:\/\/teiaeducation.ch\/de\/#\/schema\/logo\/image\/\",\"url\":\"https:\/\/teiaeducation.ch\/wp-content\/uploads\/2020\/11\/Teia-Education-Switzerland-e1620156442216.jpg\",\"contentUrl\":\"https:\/\/teiaeducation.ch\/wp-content\/uploads\/2020\/11\/Teia-Education-Switzerland-e1620156442216.jpg\",\"width\":166,\"height\":145,\"caption\":\"Teia Education & Play\"},\"image\":{\"@id\":\"https:\/\/teiaeducation.ch\/de\/#\/schema\/logo\/image\/\"},\"sameAs\":[\"https:\/\/www.facebook.com\/teiaeducation\/\",\"https:\/\/x.com\/EducationTeia\",\"https:\/\/www.instagram.com\/teia.education\/\",\"https:\/\/www.linkedin.com\/company\/35501660\",\"https:\/\/www.pinterest.ch\/TeiaEducation\/\"]}]}<\/script>\n<!-- \/ Yoast SEO plugin. -->","yoast_head_json":{"title":"Doppelte Sandpapierbuchstaben: Franz\u00f6sische Kursivschrift Nienhuis Montessori","description":"Die Nienhuis Montessori Franz\u00f6sisch kursiv Doppelte Sandpapierbuchstaben (Phonogramme) erm\u00f6glichen es dem Kind, die Feinheiten der Sprache zu erforschen und zu verstehen.","robots":{"index":"index","follow":"follow","max-snippet":"max-snippet:-1","max-image-preview":"max-image-preview:large","max-video-preview":"max-video-preview:-1"},"canonical":"https:\/\/teiaeducation.ch\/de\/produkt\/doppelte-sandpapierbuchstaben-franzoesische-kursivschrift-nienhuis-montessori\/","og_locale":"de_DE","og_type":"article","og_title":"Doppelte Sandpapierbuchstaben: Franz\u00f6sische Kursivschrift Nienhuis Montessori","og_description":"Die Nienhuis Montessori Franz\u00f6sisch kursiv Doppelte Sandpapierbuchstaben (Phonogramme) erm\u00f6glichen es dem Kind, die Feinheiten der Sprache zu erforschen und zu verstehen.","og_url":"https:\/\/teiaeducation.ch\/de\/produkt\/doppelte-sandpapierbuchstaben-franzoesische-kursivschrift-nienhuis-montessori\/","og_site_name":"Sustainable Educational Products &amp; Ecological Toys\u00a0","article_publisher":"https:\/\/www.facebook.com\/teiaeducation\/","article_modified_time":"2024-05-16T11:50:08+00:00","og_image":[{"width":2048,"height":1188,"url":"https:\/\/teiaeducation.ch\/wp-content\/uploads\/2019\/05\/400_005603_main_or_1-scaled-scaled.jpg","type":"image\/jpeg"}],"schema":{"@context":"https:\/\/schema.org","@graph":[{"@type":"WebPage","@id":"https:\/\/teiaeducation.ch\/de\/produkt\/doppelte-sandpapierbuchstaben-franzoesische-kursivschrift-nienhuis-montessori\/","url":"https:\/\/teiaeducation.ch\/de\/produkt\/doppelte-sandpapierbuchstaben-franzoesische-kursivschrift-nienhuis-montessori\/","name":"Doppelte Sandpapierbuchstaben: Franz\u00f6sische Kursivschrift Nienhuis Montessori","isPartOf":{"@id":"https:\/\/teiaeducation.ch\/de\/#website"},"primaryImageOfPage":{"@id":"https:\/\/teiaeducation.ch\/de\/produkt\/doppelte-sandpapierbuchstaben-franzoesische-kursivschrift-nienhuis-montessori\/#primaryimage"},"image":{"@id":"https:\/\/teiaeducation.ch\/de\/produkt\/doppelte-sandpapierbuchstaben-franzoesische-kursivschrift-nienhuis-montessori\/#primaryimage"},"thumbnailUrl":"https:\/\/teiaeducation.ch\/wp-content\/uploads\/2019\/05\/400_005603_main_or_1-scaled-scaled.jpg","datePublished":"2021-01-17T20:01:36+00:00","dateModified":"2024-05-16T11:50:08+00:00","description":"Die Nienhuis Montessori Franz\u00f6sisch kursiv Doppelte Sandpapierbuchstaben (Phonogramme) erm\u00f6glichen es dem Kind, die Feinheiten der Sprache zu erforschen und zu verstehen.","breadcrumb":{"@id":"https:\/\/teiaeducation.ch\/de\/produkt\/doppelte-sandpapierbuchstaben-franzoesische-kursivschrift-nienhuis-montessori\/#breadcrumb"},"inLanguage":"de-CH","potentialAction":[{"@type":"ReadAction","target":["https:\/\/teiaeducation.ch\/de\/produkt\/doppelte-sandpapierbuchstaben-franzoesische-kursivschrift-nienhuis-montessori\/"]}]},{"@type":"ImageObject","inLanguage":"de-CH","@id":"https:\/\/teiaeducation.ch\/de\/produkt\/doppelte-sandpapierbuchstaben-franzoesische-kursivschrift-nienhuis-montessori\/#primaryimage","url":"https:\/\/teiaeducation.ch\/wp-content\/uploads\/2019\/05\/400_005603_main_or_1-scaled-scaled.jpg","contentUrl":"https:\/\/teiaeducation.ch\/wp-content\/uploads\/2019\/05\/400_005603_main_or_1-scaled-scaled.jpg","width":2048,"height":1188,"caption":"Doppelte Sandpapierbuchstaben: Franz\u00f6sische Kursivschrift - Nienhuis Montessori"},{"@type":"BreadcrumbList","@id":"https:\/\/teiaeducation.ch\/de\/produkt\/doppelte-sandpapierbuchstaben-franzoesische-kursivschrift-nienhuis-montessori\/#breadcrumb","itemListElement":[{"@type":"ListItem","position":1,"name":"Home","item":"https:\/\/teiaeducation.ch\/de\/"},{"@type":"ListItem","position":2,"name":"Laden","item":"https:\/\/teiaeducation.ch\/de\/shop\/"},{"@type":"ListItem","position":3,"name":"Lernthemen","item":"https:\/\/teiaeducation.ch\/de\/produkt-kategorie\/lernthemen\/"},{"@type":"ListItem","position":4,"name":"Alphabetisierung &amp; Sprache","item":"https:\/\/teiaeducation.ch\/de\/produkt-kategorie\/lernthemen\/alphabetisierung-sprache\/"},{"@type":"ListItem","position":5,"name":"Buchstaben &amp; das Alphabet","item":"https:\/\/teiaeducation.ch\/de\/produkt-kategorie\/lernthemen\/alphabetisierung-sprache\/buchstaben-das-alphabet\/"},{"@type":"ListItem","position":6,"name":"Doppelte Sandpapierbuchstaben: Franz\u00f6sische Kursivschrift &#8211; Nienhuis Montessori"}]},{"@type":"WebSite","@id":"https:\/\/teiaeducation.ch\/de\/#website","url":"https:\/\/teiaeducation.ch\/de\/","name":"Sustainable Educational Products &amp; Ecological Toys\u00a0","description":"Specialised Swiss shop selling sustainable educational toys and games, AMI certified Montessori materials, handmade ecological wooden Waldorf toys and arts &amp; crafts supplies, school supplies, children&#039;s furniture and Montessori reference and parenting books.","publisher":{"@id":"https:\/\/teiaeducation.ch\/de\/#organization"},"alternateName":"Teia Education & Play","potentialAction":[{"@type":"SearchAction","target":{"@type":"EntryPoint","urlTemplate":"https:\/\/teiaeducation.ch\/de\/?s={search_term_string}"},"query-input":{"@type":"PropertyValueSpecification","valueRequired":true,"valueName":"search_term_string"}}],"inLanguage":"de-CH"},{"@type":"Organization","@id":"https:\/\/teiaeducation.ch\/de\/#organization","name":"Teia Education & Play","url":"https:\/\/teiaeducation.ch\/de\/","logo":{"@type":"ImageObject","inLanguage":"de-CH","@id":"https:\/\/teiaeducation.ch\/de\/#\/schema\/logo\/image\/","url":"https:\/\/teiaeducation.ch\/wp-content\/uploads\/2020\/11\/Teia-Education-Switzerland-e1620156442216.jpg","contentUrl":"https:\/\/teiaeducation.ch\/wp-content\/uploads\/2020\/11\/Teia-Education-Switzerland-e1620156442216.jpg","width":166,"height":145,"caption":"Teia Education & Play"},"image":{"@id":"https:\/\/teiaeducation.ch\/de\/#\/schema\/logo\/image\/"},"sameAs":["https:\/\/www.facebook.com\/teiaeducation\/","https:\/\/x.com\/EducationTeia","https:\/\/www.instagram.com\/teia.education\/","https:\/\/www.linkedin.com\/company\/35501660","https:\/\/www.pinterest.ch\/TeiaEducation\/"]}]}},"_links":{"self":[{"href":"https:\/\/teiaeducation.ch\/de\/wp-json\/wp\/v2\/product\/60674","targetHints":{"allow":["GET"]}}],"collection":[{"href":"https:\/\/teiaeducation.ch\/de\/wp-json\/wp\/v2\/product"}],"about":[{"href":"https:\/\/teiaeducation.ch\/de\/wp-json\/wp\/v2\/types\/product"}],"replies":[{"embeddable":true,"href":"https:\/\/teiaeducation.ch\/de\/wp-json\/wp\/v2\/comments?post=60674"}],"wp:featuredmedia":[{"embeddable":true,"href":"https:\/\/teiaeducation.ch\/de\/wp-json\/wp\/v2\/media\/60675"}],"wp:attachment":[{"href":"https:\/\/teiaeducation.ch\/de\/wp-json\/wp\/v2\/media?parent=60674"}],"wp:term":[{"taxonomy":"product_brand","embeddable":true,"href":"https:\/\/teiaeducation.ch\/de\/wp-json\/wp\/v2\/product_brand?post=60674"},{"taxonomy":"product_cat","embeddable":true,"href":"https:\/\/teiaeducation.ch\/de\/wp-json\/wp\/v2\/product_cat?post=60674"},{"taxonomy":"product_tag","embeddable":true,"href":"https:\/\/teiaeducation.ch\/de\/wp-json\/wp\/v2\/product_tag?post=60674"}],"curies":[{"name":"wp","href":"https:\/\/api.w.org\/{rel}","templated":true}]}}