{"id":60692,"date":"2021-01-17T18:30:13","date_gmt":"2021-01-17T17:30:13","guid":{"rendered":"https:\/\/teiaeducation.ch\/product\/bewegliches-alphabet-holz-us-kursivschrift-blau-nienhuis-montessori\/"},"modified":"2024-05-16T14:11:40","modified_gmt":"2024-05-16T12:11:40","slug":"bewegliches-alphabet-holz-us-kursivschrift-blau-nienhuis-montessori","status":"publish","type":"product","link":"https:\/\/teiaeducation.ch\/de\/produkt\/bewegliches-alphabet-holz-us-kursivschrift-blau-nienhuis-montessori\/","title":{"rendered":"Bewegliches Alphabet Holz: US-Kursivschrift Blau &#8211; Nienhuis Montessori"},"content":{"rendered":"<p>Das Nienhuis Montessori Bewegliches Alphabet Holz ist Teil des Montessori-Sprachmaterials: US-Kursivschrift Blau besteht aus dicken Kunststoffbuchstaben, die jeweils 15 Einheiten eines Buchstabens enthalten. Das Kind beginnt die Arbeit mit dem mittleren beweglichen Alphabet, nachdem es die Buchstabenlaute durch die Arbeit mit den <a href=\"https:\/\/teiaeducation.ch\/product\/sandpaper-letters-international-cursive-nienhuis-montessori\/\">kursiven Sandpapierbuchstaben<\/a> beherrscht. Auch wenn das Kind noch nicht schreiben kann, erm\u00f6glicht ihm die Arbeit mit dem beweglichen Alphabet, W\u00f6rter zu bilden und erste Schreib- und Lesefertigkeiten zu entwickeln. Die reduzierte Gr\u00f6\u00dfe des mittleren beweglichen Alphabets erm\u00f6glicht es, viele W\u00f6rter zu bilden, selbst auf begrenztem Raum.<\/p>\n<p>Das mittlere bewegliche Nienhuis Montessori-Alphabet in US-Kursivschrift enth\u00e4lt auch zus\u00e4tzliche Buchstaben f\u00fcr die spanische Sprache, die bei Bedarf aus dem Set entfernt werden k\u00f6nnen. Eine <a href=\"https:\/\/teiaeducation.ch\/product\/medium-movable-alphabet-box-nienhuis-montessori\/\">Holzkiste<\/a> zur Aufnahme des mittleren beweglichen Alphabets ist auch separat erh\u00e4ltlich.<\/p>\n<p>Die Niederl\u00e4ndische Marke <a href=\"https:\/\/teiaeducation.ch\/product-category\/brands\/nienhuis-montessori-educational-materials\/\">Nienhuis Montessori<\/a> ist die weltweit f\u00fchrende Montessori-Marke, die das Erbe von Maria Montessori ehrt und fortf\u00fchrt und das breiteste und innovativste Sortiment an Montessori-Materialien, <a href=\"https:\/\/teiaeducation.ch\/product-category\/classroom-essentials\/montessori-furniture\/\">M\u00f6beln<\/a> und <a href=\"https:\/\/teiaeducation.ch\/product-category\/brands\/nienhuis-montessori-educational-materials\/add-ons\/\">verwandten Produkten<\/a> herstellt. Die hochwertigen Nienhuis Montessori Produkte geben den Kindern die Werkzeuge, die sie brauchen, um Unabhangig und kritisch zu denken. Alle Nienhuis Montessori Materialien sind vom Materialkomitee der Association Montessori Internationale (<a href=\"https:\/\/montessori-ami.org\/\">AMI<\/a>) zertifiziert und werden sorgf\u00e4ltig hergestellt, um Schwierigkeiten zu isolieren, so dass die Kinder sich konzentrieren, lernen und sich entwickeln k\u00f6nnen.<\/p>\n<p>Nienhuis Montessori ist eine der Marken des Niederlandischen Unternehmens Heutink International, das weltweit die besten pedagogischen Marken anbietet, die auf spielerisches Lernen ausgerichtet sind.<\/p>\n<p>Dieses <a href=\"https:\/\/teiaeducation.ch\/product-category\/education-method\/the-montessori-pedagogy-materials-toys\/\">Montessori<\/a>-Sprachmaterial ist f\u00fcr Kinder ab 6 Jahren geeignet.<\/p>\n<p>Inhalt:<\/p>\n<p>15 Einheiten jedes Buchstabens in dickem blauen Kunststoff<\/p>\n<p><em>We currently do not have this item in stock, but it is available on pre-order. We will order this item for you from our supplier. Due to importation from the European Union to Switzerland please allow 2 to maximum 3 weeks for delivery. <\/em><\/p>\n\t<div id=\"gap-1863158362\" class=\"gap-element clearfix\" style=\"display:block; height:auto;\">\n\t\t\n<style>\n#gap-1863158362 {\n  padding-top: 20px;\n}\n<\/style>\n\t<\/div>\n\t\n","protected":false},"excerpt":{"rendered":"<p>Artikelnummer: 0060P5<\/p>\n<p>Die Nienhuis Montessori Bewegliches Alphabet Holz: US-Kursivschrift Blau ist Montessori-Sprachmaterial und entwickelt fr\u00fche Schreib- und Lesef\u00e4higkeiten.<\/p>\n","protected":false},"featured_media":60693,"comment_status":"open","ping_status":"closed","template":"","meta":[],"product_brand":[],"product_cat":[21446,21524,21479,21532,21509,21481,21443,21572,21531,21651,21564],"product_tag":[29131,29130,26972,23108,22981,26007,26006],"class_list":{"0":"post-60692","1":"product","2":"type-product","3":"status-publish","4":"has-post-thumbnail","6":"product_cat-6-12-jahre-grundschule","7":"product_cat-alphabetisierung-sprache","8":"product_cat-lernmaterialien-spielzeug-montessori-waldorf-steiner-froebel","9":"product_cat-buchstaben-das-alphabet","10":"product_cat-lernthemen","11":"product_cat-montessori-paedagogik-material-spielzeug","12":"product_cat-nach-alter","13":"product_cat-nienhuis-montessori-schweiz","14":"product_cat-schreiben-lernen","15":"product_cat-sprache-nienhuis-montessori","16":"product_cat-unsere-marken","17":"product_tag-bewegliches-alphabet-holz-us-kursivschrift-blau-nienhuis-montessori","18":"product_tag-medium-bewegliches-alphabet-nienhuis","19":"product_tag-mittel-bewegliches-alphabet-montessori","20":"product_tag-montessori-kleinkind-3-6","21":"product_tag-nienhuis-montessori-de","22":"product_tag-schreiben","23":"product_tag-sprache","25":"first","26":"onbackorder","27":"sold-individually","28":"taxable","29":"shipping-taxable","30":"purchasable","31":"product-type-simple"},"yoast_head":"<!-- This site is optimized with the Yoast SEO plugin v27.1.1 - https:\/\/yoast.com\/product\/yoast-seo-wordpress\/ -->\n<title>Bewegliches Alphabet Holz: US-Kursivschrift Blau - Nienhuis Montessori<\/title>\n<meta name=\"description\" content=\"The Nienhuis Montessori Bewegliches Alphabet Holz: US-Kursivschrift Blau is Montessori language material and develop early-writing and reading skills.\" \/>\n<meta name=\"robots\" content=\"index, follow, max-snippet:-1, max-image-preview:large, max-video-preview:-1\" \/>\n<link rel=\"canonical\" href=\"https:\/\/teiaeducation.ch\/de\/produkt\/bewegliches-alphabet-holz-us-kursivschrift-blau-nienhuis-montessori\/\" \/>\n<meta property=\"og:locale\" content=\"de_DE\" \/>\n<meta property=\"og:type\" content=\"article\" \/>\n<meta property=\"og:title\" content=\"Bewegliches Alphabet Holz: US-Kursivschrift Blau - Nienhuis Montessori\" \/>\n<meta property=\"og:description\" content=\"The Nienhuis Montessori Bewegliches Alphabet Holz: US-Kursivschrift Blau is Montessori language material and develop early-writing and reading skills.\" \/>\n<meta property=\"og:url\" content=\"https:\/\/teiaeducation.ch\/de\/produkt\/bewegliches-alphabet-holz-us-kursivschrift-blau-nienhuis-montessori\/\" \/>\n<meta property=\"og:site_name\" content=\"Sustainable Educational Products &amp; Ecological Toys\u00a0\" \/>\n<meta property=\"article:publisher\" content=\"https:\/\/www.facebook.com\/teiaeducation\/\" \/>\n<meta property=\"article:modified_time\" content=\"2024-05-16T12:11:40+00:00\" \/>\n<meta property=\"og:image\" content=\"https:\/\/teiaeducation.ch\/wp-content\/uploads\/2019\/05\/400_0060P5_main_or_1-scaled-scaled.jpg\" \/>\n\t<meta property=\"og:image:width\" content=\"2048\" \/>\n\t<meta property=\"og:image:height\" content=\"2048\" \/>\n\t<meta property=\"og:image:type\" content=\"image\/jpeg\" \/>\n<script type=\"application\/ld+json\" class=\"yoast-schema-graph\">{\"@context\":\"https:\/\/schema.org\",\"@graph\":[{\"@type\":\"WebPage\",\"@id\":\"https:\/\/teiaeducation.ch\/de\/produkt\/bewegliches-alphabet-holz-us-kursivschrift-blau-nienhuis-montessori\/\",\"url\":\"https:\/\/teiaeducation.ch\/de\/produkt\/bewegliches-alphabet-holz-us-kursivschrift-blau-nienhuis-montessori\/\",\"name\":\"Bewegliches Alphabet Holz: US-Kursivschrift Blau - Nienhuis Montessori\",\"isPartOf\":{\"@id\":\"https:\/\/teiaeducation.ch\/de\/#website\"},\"primaryImageOfPage\":{\"@id\":\"https:\/\/teiaeducation.ch\/de\/produkt\/bewegliches-alphabet-holz-us-kursivschrift-blau-nienhuis-montessori\/#primaryimage\"},\"image\":{\"@id\":\"https:\/\/teiaeducation.ch\/de\/produkt\/bewegliches-alphabet-holz-us-kursivschrift-blau-nienhuis-montessori\/#primaryimage\"},\"thumbnailUrl\":\"https:\/\/teiaeducation.ch\/wp-content\/uploads\/2019\/05\/400_0060P5_main_or_1-scaled-scaled.jpg\",\"datePublished\":\"2021-01-17T17:30:13+00:00\",\"dateModified\":\"2024-05-16T12:11:40+00:00\",\"description\":\"The Nienhuis Montessori Bewegliches Alphabet Holz: US-Kursivschrift Blau is Montessori language material and develop early-writing and reading skills.\",\"breadcrumb\":{\"@id\":\"https:\/\/teiaeducation.ch\/de\/produkt\/bewegliches-alphabet-holz-us-kursivschrift-blau-nienhuis-montessori\/#breadcrumb\"},\"inLanguage\":\"de-CH\",\"potentialAction\":[{\"@type\":\"ReadAction\",\"target\":[\"https:\/\/teiaeducation.ch\/de\/produkt\/bewegliches-alphabet-holz-us-kursivschrift-blau-nienhuis-montessori\/\"]}]},{\"@type\":\"ImageObject\",\"inLanguage\":\"de-CH\",\"@id\":\"https:\/\/teiaeducation.ch\/de\/produkt\/bewegliches-alphabet-holz-us-kursivschrift-blau-nienhuis-montessori\/#primaryimage\",\"url\":\"https:\/\/teiaeducation.ch\/wp-content\/uploads\/2019\/05\/400_0060P5_main_or_1-scaled-scaled.jpg\",\"contentUrl\":\"https:\/\/teiaeducation.ch\/wp-content\/uploads\/2019\/05\/400_0060P5_main_or_1-scaled-scaled.jpg\",\"width\":2048,\"height\":2048,\"caption\":\"Bewegliches Alphabet Holz: US-Kursivschrift Blau - Nienhuis Montessori\"},{\"@type\":\"BreadcrumbList\",\"@id\":\"https:\/\/teiaeducation.ch\/de\/produkt\/bewegliches-alphabet-holz-us-kursivschrift-blau-nienhuis-montessori\/#breadcrumb\",\"itemListElement\":[{\"@type\":\"ListItem\",\"position\":1,\"name\":\"Home\",\"item\":\"https:\/\/teiaeducation.ch\/de\/\"},{\"@type\":\"ListItem\",\"position\":2,\"name\":\"Laden\",\"item\":\"https:\/\/teiaeducation.ch\/de\/shop\/\"},{\"@type\":\"ListItem\",\"position\":3,\"name\":\"Bewegliches Alphabet Holz: US-Kursivschrift Blau &#8211; Nienhuis Montessori\"}]},{\"@type\":\"WebSite\",\"@id\":\"https:\/\/teiaeducation.ch\/de\/#website\",\"url\":\"https:\/\/teiaeducation.ch\/de\/\",\"name\":\"Sustainable Educational Products &amp; Ecological Toys\u00a0\",\"description\":\"Specialised Swiss shop selling sustainable educational toys and games, AMI certified Montessori materials, handmade ecological wooden Waldorf toys and arts &amp; crafts supplies, school supplies, children&#039;s furniture and Montessori reference and parenting books.\",\"publisher\":{\"@id\":\"https:\/\/teiaeducation.ch\/de\/#organization\"},\"alternateName\":\"Teia Education & Play\",\"potentialAction\":[{\"@type\":\"SearchAction\",\"target\":{\"@type\":\"EntryPoint\",\"urlTemplate\":\"https:\/\/teiaeducation.ch\/de\/?s={search_term_string}\"},\"query-input\":{\"@type\":\"PropertyValueSpecification\",\"valueRequired\":true,\"valueName\":\"search_term_string\"}}],\"inLanguage\":\"de-CH\"},{\"@type\":\"Organization\",\"@id\":\"https:\/\/teiaeducation.ch\/de\/#organization\",\"name\":\"Teia Education & Play\",\"url\":\"https:\/\/teiaeducation.ch\/de\/\",\"logo\":{\"@type\":\"ImageObject\",\"inLanguage\":\"de-CH\",\"@id\":\"https:\/\/teiaeducation.ch\/de\/#\/schema\/logo\/image\/\",\"url\":\"https:\/\/teiaeducation.ch\/wp-content\/uploads\/2020\/11\/Teia-Education-Switzerland-e1620156442216.jpg\",\"contentUrl\":\"https:\/\/teiaeducation.ch\/wp-content\/uploads\/2020\/11\/Teia-Education-Switzerland-e1620156442216.jpg\",\"width\":166,\"height\":145,\"caption\":\"Teia Education & Play\"},\"image\":{\"@id\":\"https:\/\/teiaeducation.ch\/de\/#\/schema\/logo\/image\/\"},\"sameAs\":[\"https:\/\/www.facebook.com\/teiaeducation\/\",\"https:\/\/x.com\/EducationTeia\",\"https:\/\/www.instagram.com\/teia.education\/\",\"https:\/\/www.linkedin.com\/company\/35501660\",\"https:\/\/www.pinterest.ch\/TeiaEducation\/\"]}]}<\/script>\n<!-- \/ Yoast SEO plugin. -->","yoast_head_json":{"title":"Bewegliches Alphabet Holz: US-Kursivschrift Blau - Nienhuis Montessori","description":"The Nienhuis Montessori Bewegliches Alphabet Holz: US-Kursivschrift Blau is Montessori language material and develop early-writing and reading skills.","robots":{"index":"index","follow":"follow","max-snippet":"max-snippet:-1","max-image-preview":"max-image-preview:large","max-video-preview":"max-video-preview:-1"},"canonical":"https:\/\/teiaeducation.ch\/de\/produkt\/bewegliches-alphabet-holz-us-kursivschrift-blau-nienhuis-montessori\/","og_locale":"de_DE","og_type":"article","og_title":"Bewegliches Alphabet Holz: US-Kursivschrift Blau - Nienhuis Montessori","og_description":"The Nienhuis Montessori Bewegliches Alphabet Holz: US-Kursivschrift Blau is Montessori language material and develop early-writing and reading skills.","og_url":"https:\/\/teiaeducation.ch\/de\/produkt\/bewegliches-alphabet-holz-us-kursivschrift-blau-nienhuis-montessori\/","og_site_name":"Sustainable Educational Products &amp; Ecological Toys\u00a0","article_publisher":"https:\/\/www.facebook.com\/teiaeducation\/","article_modified_time":"2024-05-16T12:11:40+00:00","og_image":[{"width":2048,"height":2048,"url":"https:\/\/teiaeducation.ch\/wp-content\/uploads\/2019\/05\/400_0060P5_main_or_1-scaled-scaled.jpg","type":"image\/jpeg"}],"schema":{"@context":"https:\/\/schema.org","@graph":[{"@type":"WebPage","@id":"https:\/\/teiaeducation.ch\/de\/produkt\/bewegliches-alphabet-holz-us-kursivschrift-blau-nienhuis-montessori\/","url":"https:\/\/teiaeducation.ch\/de\/produkt\/bewegliches-alphabet-holz-us-kursivschrift-blau-nienhuis-montessori\/","name":"Bewegliches Alphabet Holz: US-Kursivschrift Blau - Nienhuis Montessori","isPartOf":{"@id":"https:\/\/teiaeducation.ch\/de\/#website"},"primaryImageOfPage":{"@id":"https:\/\/teiaeducation.ch\/de\/produkt\/bewegliches-alphabet-holz-us-kursivschrift-blau-nienhuis-montessori\/#primaryimage"},"image":{"@id":"https:\/\/teiaeducation.ch\/de\/produkt\/bewegliches-alphabet-holz-us-kursivschrift-blau-nienhuis-montessori\/#primaryimage"},"thumbnailUrl":"https:\/\/teiaeducation.ch\/wp-content\/uploads\/2019\/05\/400_0060P5_main_or_1-scaled-scaled.jpg","datePublished":"2021-01-17T17:30:13+00:00","dateModified":"2024-05-16T12:11:40+00:00","description":"The Nienhuis Montessori Bewegliches Alphabet Holz: US-Kursivschrift Blau is Montessori language material and develop early-writing and reading skills.","breadcrumb":{"@id":"https:\/\/teiaeducation.ch\/de\/produkt\/bewegliches-alphabet-holz-us-kursivschrift-blau-nienhuis-montessori\/#breadcrumb"},"inLanguage":"de-CH","potentialAction":[{"@type":"ReadAction","target":["https:\/\/teiaeducation.ch\/de\/produkt\/bewegliches-alphabet-holz-us-kursivschrift-blau-nienhuis-montessori\/"]}]},{"@type":"ImageObject","inLanguage":"de-CH","@id":"https:\/\/teiaeducation.ch\/de\/produkt\/bewegliches-alphabet-holz-us-kursivschrift-blau-nienhuis-montessori\/#primaryimage","url":"https:\/\/teiaeducation.ch\/wp-content\/uploads\/2019\/05\/400_0060P5_main_or_1-scaled-scaled.jpg","contentUrl":"https:\/\/teiaeducation.ch\/wp-content\/uploads\/2019\/05\/400_0060P5_main_or_1-scaled-scaled.jpg","width":2048,"height":2048,"caption":"Bewegliches Alphabet Holz: US-Kursivschrift Blau - Nienhuis Montessori"},{"@type":"BreadcrumbList","@id":"https:\/\/teiaeducation.ch\/de\/produkt\/bewegliches-alphabet-holz-us-kursivschrift-blau-nienhuis-montessori\/#breadcrumb","itemListElement":[{"@type":"ListItem","position":1,"name":"Home","item":"https:\/\/teiaeducation.ch\/de\/"},{"@type":"ListItem","position":2,"name":"Laden","item":"https:\/\/teiaeducation.ch\/de\/shop\/"},{"@type":"ListItem","position":3,"name":"Bewegliches Alphabet Holz: US-Kursivschrift Blau &#8211; Nienhuis Montessori"}]},{"@type":"WebSite","@id":"https:\/\/teiaeducation.ch\/de\/#website","url":"https:\/\/teiaeducation.ch\/de\/","name":"Sustainable Educational Products &amp; Ecological Toys\u00a0","description":"Specialised Swiss shop selling sustainable educational toys and games, AMI certified Montessori materials, handmade ecological wooden Waldorf toys and arts &amp; crafts supplies, school supplies, children&#039;s furniture and Montessori reference and parenting books.","publisher":{"@id":"https:\/\/teiaeducation.ch\/de\/#organization"},"alternateName":"Teia Education & Play","potentialAction":[{"@type":"SearchAction","target":{"@type":"EntryPoint","urlTemplate":"https:\/\/teiaeducation.ch\/de\/?s={search_term_string}"},"query-input":{"@type":"PropertyValueSpecification","valueRequired":true,"valueName":"search_term_string"}}],"inLanguage":"de-CH"},{"@type":"Organization","@id":"https:\/\/teiaeducation.ch\/de\/#organization","name":"Teia Education & Play","url":"https:\/\/teiaeducation.ch\/de\/","logo":{"@type":"ImageObject","inLanguage":"de-CH","@id":"https:\/\/teiaeducation.ch\/de\/#\/schema\/logo\/image\/","url":"https:\/\/teiaeducation.ch\/wp-content\/uploads\/2020\/11\/Teia-Education-Switzerland-e1620156442216.jpg","contentUrl":"https:\/\/teiaeducation.ch\/wp-content\/uploads\/2020\/11\/Teia-Education-Switzerland-e1620156442216.jpg","width":166,"height":145,"caption":"Teia Education & Play"},"image":{"@id":"https:\/\/teiaeducation.ch\/de\/#\/schema\/logo\/image\/"},"sameAs":["https:\/\/www.facebook.com\/teiaeducation\/","https:\/\/x.com\/EducationTeia","https:\/\/www.instagram.com\/teia.education\/","https:\/\/www.linkedin.com\/company\/35501660","https:\/\/www.pinterest.ch\/TeiaEducation\/"]}]}},"_links":{"self":[{"href":"https:\/\/teiaeducation.ch\/de\/wp-json\/wp\/v2\/product\/60692","targetHints":{"allow":["GET"]}}],"collection":[{"href":"https:\/\/teiaeducation.ch\/de\/wp-json\/wp\/v2\/product"}],"about":[{"href":"https:\/\/teiaeducation.ch\/de\/wp-json\/wp\/v2\/types\/product"}],"replies":[{"embeddable":true,"href":"https:\/\/teiaeducation.ch\/de\/wp-json\/wp\/v2\/comments?post=60692"}],"wp:featuredmedia":[{"embeddable":true,"href":"https:\/\/teiaeducation.ch\/de\/wp-json\/wp\/v2\/media\/60693"}],"wp:attachment":[{"href":"https:\/\/teiaeducation.ch\/de\/wp-json\/wp\/v2\/media?parent=60692"}],"wp:term":[{"taxonomy":"product_brand","embeddable":true,"href":"https:\/\/teiaeducation.ch\/de\/wp-json\/wp\/v2\/product_brand?post=60692"},{"taxonomy":"product_cat","embeddable":true,"href":"https:\/\/teiaeducation.ch\/de\/wp-json\/wp\/v2\/product_cat?post=60692"},{"taxonomy":"product_tag","embeddable":true,"href":"https:\/\/teiaeducation.ch\/de\/wp-json\/wp\/v2\/product_tag?post=60692"}],"curies":[{"name":"wp","href":"https:\/\/api.w.org\/{rel}","templated":true}]}}