{"id":60702,"date":"2021-01-17T18:24:41","date_gmt":"2021-01-17T17:24:41","guid":{"rendered":"https:\/\/teiaeducation.ch\/product\/kasten-fuer-das-bewegliche-alphabet-mittel-nienhuis-montessori\/"},"modified":"2024-05-16T14:22:12","modified_gmt":"2024-05-16T12:22:12","slug":"kasten-fuer-das-bewegliche-alphabet-mittel-nienhuis-montessori","status":"publish","type":"product","link":"https:\/\/teiaeducation.ch\/de\/produkt\/kasten-fuer-das-bewegliche-alphabet-mittel-nienhuis-montessori\/","title":{"rendered":"Kasten f\u00fcr das Bewegliche Alphabet, mittel &#8211; Nienhuis Montessori"},"content":{"rendered":"<p>Kasten f\u00fcr das Bewegliche Alphabet, mittel \/ Montessori-Sprachmaterial &#8211; Nienhuis Montessori<\/p>\n<p>Die Nienhuis Montessori-Kiste mit beweglichem Alphabet ist eine Holzkiste mit einem Deckel, der speziell angefertigt wurde, um jeden der mittleren beweglichen Buchstaben des Sprachmaterials in separaten F\u00e4chern zu enthalten. Die Box ist sowohl f\u00fcr das <a href=\"https:\/\/teiaeducation.ch\/product\/medium-movable-alphabet-international-print-red-nienhuis-montessori\/\">gedruckte<\/a> als auch f\u00fcr das <a href=\"https:\/\/teiaeducation.ch\/product\/medium-movable-alphabet-international-cursive-blue-nienhuis-montessori\/\">kursive<\/a> mittlere bewegliche Alphabet konzipiert und enth\u00e4lt spezielle F\u00e4cher f\u00fcr die nordischen, deutschen oder spanischen Zusatzbuchstaben.<\/p>\n<p>Die Niederl\u00e4ndische Marke Nienhuis Montessori ist die weltweit f\u00fchrende Montessori Marke, die das Erbe von Maria Montessori ehrt und fortf\u00fchrt und das breiteste und innovativste Sortiment an Montessori-Materialien, M\u00f6beln und verwandten Produkten herstellt. Die hochwertigen Nienhuis Montessori Produkte geben den Kindern die Werkzeuge, die sie brauchen, um Unabhangig und kritisch zu denken. Alle Nienhuis Montessori Materialien sind vom Materialkomitee der Association Montessori Internationale (<a href=\"https:\/\/montessori-ami.org\/\">AMI<\/a>) zertifiziert und werden sorgf\u00e4ltig hergestellt, um Schwierigkeiten zu isolieren, so dass die Kinder sich konzentrieren, lernen und sich entwickeln k\u00f6nnen.<\/p>\n<p>Nienhuis Montessori ist eine der Marken des Niederlandischen Unternehmens Heutink International, das weltweit die besten pedagogischen Marken anbietet, die auf spielerisches Lernen ausgerichtet sind.<\/p>\n<p>Dieses Material ist f\u00fcr Kinder ab 4 Jahren geeignet.<\/p>\n<p>Inhalt:<\/p>\n<p>1 Aufbewahrungsbox aus Holz mit Deckel (76 x 33 x 5cm)<br \/>\n* Die mittleren beweglichen Buchstaben des Alphabets sind nicht enthalten.<\/p>\n","protected":false},"excerpt":{"rendered":"<p>Artikelnummer: 0060C0<\/p>\n<p>Die Nienhuis Montessori-Box f\u00fcr das bewegliche Alphabet ist speziell f\u00fcr jeden der mittleren beweglichen Buchstaben des Sprachmaterials konzipiert.<\/p>\n","protected":false},"featured_media":60703,"comment_status":"open","ping_status":"closed","template":"","meta":[],"product_brand":[],"product_cat":[21445,21446,21524,21479,21532,21509,21481,21443,21572,21531,21651,21564],"product_tag":[23108,22981,26007,26006],"class_list":{"0":"post-60702","1":"product","2":"type-product","3":"status-publish","4":"has-post-thumbnail","6":"product_cat-3-6-jahre-vorschule","7":"product_cat-6-12-jahre-grundschule","8":"product_cat-alphabetisierung-sprache","9":"product_cat-lernmaterialien-spielzeug-montessori-waldorf-steiner-froebel","10":"product_cat-buchstaben-das-alphabet","11":"product_cat-lernthemen","12":"product_cat-montessori-paedagogik-material-spielzeug","13":"product_cat-nach-alter","14":"product_cat-nienhuis-montessori-schweiz","15":"product_cat-schreiben-lernen","16":"product_cat-sprache-nienhuis-montessori","17":"product_cat-unsere-marken","18":"product_tag-montessori-kleinkind-3-6","19":"product_tag-nienhuis-montessori-de","20":"product_tag-schreiben","21":"product_tag-sprache","23":"first","24":"onbackorder","25":"sold-individually","26":"taxable","27":"shipping-taxable","28":"purchasable","29":"product-type-simple"},"yoast_head":"<!-- This site is optimized with the Yoast SEO plugin v27.1.1 - https:\/\/yoast.com\/product\/yoast-seo-wordpress\/ -->\n<title>Kasten f\u00fcr das Bewegliche Alphabet, mittel Nienhuis Montessori<\/title>\n<meta name=\"description\" content=\"Die Nienhuis Montessori Box f\u00fcr das mittlere bewegliche Alphabet wurde speziell f\u00fcr die Buchstaben des mittleren beweglichen Alphabets aus dem Sprachmaterial angefertigt.\" \/>\n<meta name=\"robots\" content=\"index, follow, max-snippet:-1, max-image-preview:large, max-video-preview:-1\" \/>\n<link rel=\"canonical\" href=\"https:\/\/teiaeducation.ch\/de\/produkt\/kasten-fuer-das-bewegliche-alphabet-mittel-nienhuis-montessori\/\" \/>\n<meta property=\"og:locale\" content=\"de_DE\" \/>\n<meta property=\"og:type\" content=\"article\" \/>\n<meta property=\"og:title\" content=\"Kasten f\u00fcr das Bewegliche Alphabet, mittel Nienhuis Montessori\" \/>\n<meta property=\"og:description\" content=\"Die Nienhuis Montessori Box f\u00fcr das mittlere bewegliche Alphabet wurde speziell f\u00fcr die Buchstaben des mittleren beweglichen Alphabets aus dem Sprachmaterial angefertigt.\" \/>\n<meta property=\"og:url\" content=\"https:\/\/teiaeducation.ch\/de\/produkt\/kasten-fuer-das-bewegliche-alphabet-mittel-nienhuis-montessori\/\" \/>\n<meta property=\"og:site_name\" content=\"Sustainable Educational Products &amp; Ecological Toys\u00a0\" \/>\n<meta property=\"article:publisher\" content=\"https:\/\/www.facebook.com\/teiaeducation\/\" \/>\n<meta property=\"article:modified_time\" content=\"2024-05-16T12:22:12+00:00\" \/>\n<meta property=\"og:image\" content=\"https:\/\/teiaeducation.ch\/wp-content\/uploads\/2019\/05\/400_0060C0_main_or_1-scaled-scaled.jpg\" \/>\n\t<meta property=\"og:image:width\" content=\"2048\" \/>\n\t<meta property=\"og:image:height\" content=\"2048\" \/>\n\t<meta property=\"og:image:type\" content=\"image\/jpeg\" \/>\n<script type=\"application\/ld+json\" class=\"yoast-schema-graph\">{\"@context\":\"https:\/\/schema.org\",\"@graph\":[{\"@type\":\"WebPage\",\"@id\":\"https:\/\/teiaeducation.ch\/de\/produkt\/kasten-fuer-das-bewegliche-alphabet-mittel-nienhuis-montessori\/\",\"url\":\"https:\/\/teiaeducation.ch\/de\/produkt\/kasten-fuer-das-bewegliche-alphabet-mittel-nienhuis-montessori\/\",\"name\":\"Kasten f\u00fcr das Bewegliche Alphabet, mittel Nienhuis Montessori\",\"isPartOf\":{\"@id\":\"https:\/\/teiaeducation.ch\/de\/#website\"},\"primaryImageOfPage\":{\"@id\":\"https:\/\/teiaeducation.ch\/de\/produkt\/kasten-fuer-das-bewegliche-alphabet-mittel-nienhuis-montessori\/#primaryimage\"},\"image\":{\"@id\":\"https:\/\/teiaeducation.ch\/de\/produkt\/kasten-fuer-das-bewegliche-alphabet-mittel-nienhuis-montessori\/#primaryimage\"},\"thumbnailUrl\":\"https:\/\/teiaeducation.ch\/wp-content\/uploads\/2019\/05\/400_0060C0_main_or_1-scaled-scaled.jpg\",\"datePublished\":\"2021-01-17T17:24:41+00:00\",\"dateModified\":\"2024-05-16T12:22:12+00:00\",\"description\":\"Die Nienhuis Montessori Box f\u00fcr das mittlere bewegliche Alphabet wurde speziell f\u00fcr die Buchstaben des mittleren beweglichen Alphabets aus dem Sprachmaterial angefertigt.\",\"breadcrumb\":{\"@id\":\"https:\/\/teiaeducation.ch\/de\/produkt\/kasten-fuer-das-bewegliche-alphabet-mittel-nienhuis-montessori\/#breadcrumb\"},\"inLanguage\":\"de-CH\",\"potentialAction\":[{\"@type\":\"ReadAction\",\"target\":[\"https:\/\/teiaeducation.ch\/de\/produkt\/kasten-fuer-das-bewegliche-alphabet-mittel-nienhuis-montessori\/\"]}]},{\"@type\":\"ImageObject\",\"inLanguage\":\"de-CH\",\"@id\":\"https:\/\/teiaeducation.ch\/de\/produkt\/kasten-fuer-das-bewegliche-alphabet-mittel-nienhuis-montessori\/#primaryimage\",\"url\":\"https:\/\/teiaeducation.ch\/wp-content\/uploads\/2019\/05\/400_0060C0_main_or_1-scaled-scaled.jpg\",\"contentUrl\":\"https:\/\/teiaeducation.ch\/wp-content\/uploads\/2019\/05\/400_0060C0_main_or_1-scaled-scaled.jpg\",\"width\":2048,\"height\":2048,\"caption\":\"Kasten f\u00fcr das Bewegliche Alphabet, mittel - Nienhuis Montessori\"},{\"@type\":\"BreadcrumbList\",\"@id\":\"https:\/\/teiaeducation.ch\/de\/produkt\/kasten-fuer-das-bewegliche-alphabet-mittel-nienhuis-montessori\/#breadcrumb\",\"itemListElement\":[{\"@type\":\"ListItem\",\"position\":1,\"name\":\"Home\",\"item\":\"https:\/\/teiaeducation.ch\/de\/\"},{\"@type\":\"ListItem\",\"position\":2,\"name\":\"Laden\",\"item\":\"https:\/\/teiaeducation.ch\/de\/shop\/\"},{\"@type\":\"ListItem\",\"position\":3,\"name\":\"Kasten f\u00fcr das Bewegliche Alphabet, mittel &#8211; Nienhuis Montessori\"}]},{\"@type\":\"WebSite\",\"@id\":\"https:\/\/teiaeducation.ch\/de\/#website\",\"url\":\"https:\/\/teiaeducation.ch\/de\/\",\"name\":\"Sustainable Educational Products &amp; Ecological Toys\u00a0\",\"description\":\"Specialised Swiss shop selling sustainable educational toys and games, AMI certified Montessori materials, handmade ecological wooden Waldorf toys and arts &amp; crafts supplies, school supplies, children&#039;s furniture and Montessori reference and parenting books.\",\"publisher\":{\"@id\":\"https:\/\/teiaeducation.ch\/de\/#organization\"},\"alternateName\":\"Teia Education & Play\",\"potentialAction\":[{\"@type\":\"SearchAction\",\"target\":{\"@type\":\"EntryPoint\",\"urlTemplate\":\"https:\/\/teiaeducation.ch\/de\/?s={search_term_string}\"},\"query-input\":{\"@type\":\"PropertyValueSpecification\",\"valueRequired\":true,\"valueName\":\"search_term_string\"}}],\"inLanguage\":\"de-CH\"},{\"@type\":\"Organization\",\"@id\":\"https:\/\/teiaeducation.ch\/de\/#organization\",\"name\":\"Teia Education & Play\",\"url\":\"https:\/\/teiaeducation.ch\/de\/\",\"logo\":{\"@type\":\"ImageObject\",\"inLanguage\":\"de-CH\",\"@id\":\"https:\/\/teiaeducation.ch\/de\/#\/schema\/logo\/image\/\",\"url\":\"https:\/\/teiaeducation.ch\/wp-content\/uploads\/2020\/11\/Teia-Education-Switzerland-e1620156442216.jpg\",\"contentUrl\":\"https:\/\/teiaeducation.ch\/wp-content\/uploads\/2020\/11\/Teia-Education-Switzerland-e1620156442216.jpg\",\"width\":166,\"height\":145,\"caption\":\"Teia Education & Play\"},\"image\":{\"@id\":\"https:\/\/teiaeducation.ch\/de\/#\/schema\/logo\/image\/\"},\"sameAs\":[\"https:\/\/www.facebook.com\/teiaeducation\/\",\"https:\/\/x.com\/EducationTeia\",\"https:\/\/www.instagram.com\/teia.education\/\",\"https:\/\/www.linkedin.com\/company\/35501660\",\"https:\/\/www.pinterest.ch\/TeiaEducation\/\"]}]}<\/script>\n<!-- \/ Yoast SEO plugin. -->","yoast_head_json":{"title":"Kasten f\u00fcr das Bewegliche Alphabet, mittel Nienhuis Montessori","description":"Die Nienhuis Montessori Box f\u00fcr das mittlere bewegliche Alphabet wurde speziell f\u00fcr die Buchstaben des mittleren beweglichen Alphabets aus dem Sprachmaterial angefertigt.","robots":{"index":"index","follow":"follow","max-snippet":"max-snippet:-1","max-image-preview":"max-image-preview:large","max-video-preview":"max-video-preview:-1"},"canonical":"https:\/\/teiaeducation.ch\/de\/produkt\/kasten-fuer-das-bewegliche-alphabet-mittel-nienhuis-montessori\/","og_locale":"de_DE","og_type":"article","og_title":"Kasten f\u00fcr das Bewegliche Alphabet, mittel Nienhuis Montessori","og_description":"Die Nienhuis Montessori Box f\u00fcr das mittlere bewegliche Alphabet wurde speziell f\u00fcr die Buchstaben des mittleren beweglichen Alphabets aus dem Sprachmaterial angefertigt.","og_url":"https:\/\/teiaeducation.ch\/de\/produkt\/kasten-fuer-das-bewegliche-alphabet-mittel-nienhuis-montessori\/","og_site_name":"Sustainable Educational Products &amp; Ecological Toys\u00a0","article_publisher":"https:\/\/www.facebook.com\/teiaeducation\/","article_modified_time":"2024-05-16T12:22:12+00:00","og_image":[{"width":2048,"height":2048,"url":"https:\/\/teiaeducation.ch\/wp-content\/uploads\/2019\/05\/400_0060C0_main_or_1-scaled-scaled.jpg","type":"image\/jpeg"}],"schema":{"@context":"https:\/\/schema.org","@graph":[{"@type":"WebPage","@id":"https:\/\/teiaeducation.ch\/de\/produkt\/kasten-fuer-das-bewegliche-alphabet-mittel-nienhuis-montessori\/","url":"https:\/\/teiaeducation.ch\/de\/produkt\/kasten-fuer-das-bewegliche-alphabet-mittel-nienhuis-montessori\/","name":"Kasten f\u00fcr das Bewegliche Alphabet, mittel Nienhuis Montessori","isPartOf":{"@id":"https:\/\/teiaeducation.ch\/de\/#website"},"primaryImageOfPage":{"@id":"https:\/\/teiaeducation.ch\/de\/produkt\/kasten-fuer-das-bewegliche-alphabet-mittel-nienhuis-montessori\/#primaryimage"},"image":{"@id":"https:\/\/teiaeducation.ch\/de\/produkt\/kasten-fuer-das-bewegliche-alphabet-mittel-nienhuis-montessori\/#primaryimage"},"thumbnailUrl":"https:\/\/teiaeducation.ch\/wp-content\/uploads\/2019\/05\/400_0060C0_main_or_1-scaled-scaled.jpg","datePublished":"2021-01-17T17:24:41+00:00","dateModified":"2024-05-16T12:22:12+00:00","description":"Die Nienhuis Montessori Box f\u00fcr das mittlere bewegliche Alphabet wurde speziell f\u00fcr die Buchstaben des mittleren beweglichen Alphabets aus dem Sprachmaterial angefertigt.","breadcrumb":{"@id":"https:\/\/teiaeducation.ch\/de\/produkt\/kasten-fuer-das-bewegliche-alphabet-mittel-nienhuis-montessori\/#breadcrumb"},"inLanguage":"de-CH","potentialAction":[{"@type":"ReadAction","target":["https:\/\/teiaeducation.ch\/de\/produkt\/kasten-fuer-das-bewegliche-alphabet-mittel-nienhuis-montessori\/"]}]},{"@type":"ImageObject","inLanguage":"de-CH","@id":"https:\/\/teiaeducation.ch\/de\/produkt\/kasten-fuer-das-bewegliche-alphabet-mittel-nienhuis-montessori\/#primaryimage","url":"https:\/\/teiaeducation.ch\/wp-content\/uploads\/2019\/05\/400_0060C0_main_or_1-scaled-scaled.jpg","contentUrl":"https:\/\/teiaeducation.ch\/wp-content\/uploads\/2019\/05\/400_0060C0_main_or_1-scaled-scaled.jpg","width":2048,"height":2048,"caption":"Kasten f\u00fcr das Bewegliche Alphabet, mittel - Nienhuis Montessori"},{"@type":"BreadcrumbList","@id":"https:\/\/teiaeducation.ch\/de\/produkt\/kasten-fuer-das-bewegliche-alphabet-mittel-nienhuis-montessori\/#breadcrumb","itemListElement":[{"@type":"ListItem","position":1,"name":"Home","item":"https:\/\/teiaeducation.ch\/de\/"},{"@type":"ListItem","position":2,"name":"Laden","item":"https:\/\/teiaeducation.ch\/de\/shop\/"},{"@type":"ListItem","position":3,"name":"Kasten f\u00fcr das Bewegliche Alphabet, mittel &#8211; Nienhuis Montessori"}]},{"@type":"WebSite","@id":"https:\/\/teiaeducation.ch\/de\/#website","url":"https:\/\/teiaeducation.ch\/de\/","name":"Sustainable Educational Products &amp; Ecological Toys\u00a0","description":"Specialised Swiss shop selling sustainable educational toys and games, AMI certified Montessori materials, handmade ecological wooden Waldorf toys and arts &amp; crafts supplies, school supplies, children&#039;s furniture and Montessori reference and parenting books.","publisher":{"@id":"https:\/\/teiaeducation.ch\/de\/#organization"},"alternateName":"Teia Education & Play","potentialAction":[{"@type":"SearchAction","target":{"@type":"EntryPoint","urlTemplate":"https:\/\/teiaeducation.ch\/de\/?s={search_term_string}"},"query-input":{"@type":"PropertyValueSpecification","valueRequired":true,"valueName":"search_term_string"}}],"inLanguage":"de-CH"},{"@type":"Organization","@id":"https:\/\/teiaeducation.ch\/de\/#organization","name":"Teia Education & Play","url":"https:\/\/teiaeducation.ch\/de\/","logo":{"@type":"ImageObject","inLanguage":"de-CH","@id":"https:\/\/teiaeducation.ch\/de\/#\/schema\/logo\/image\/","url":"https:\/\/teiaeducation.ch\/wp-content\/uploads\/2020\/11\/Teia-Education-Switzerland-e1620156442216.jpg","contentUrl":"https:\/\/teiaeducation.ch\/wp-content\/uploads\/2020\/11\/Teia-Education-Switzerland-e1620156442216.jpg","width":166,"height":145,"caption":"Teia Education & Play"},"image":{"@id":"https:\/\/teiaeducation.ch\/de\/#\/schema\/logo\/image\/"},"sameAs":["https:\/\/www.facebook.com\/teiaeducation\/","https:\/\/x.com\/EducationTeia","https:\/\/www.instagram.com\/teia.education\/","https:\/\/www.linkedin.com\/company\/35501660","https:\/\/www.pinterest.ch\/TeiaEducation\/"]}]}},"_links":{"self":[{"href":"https:\/\/teiaeducation.ch\/de\/wp-json\/wp\/v2\/product\/60702","targetHints":{"allow":["GET"]}}],"collection":[{"href":"https:\/\/teiaeducation.ch\/de\/wp-json\/wp\/v2\/product"}],"about":[{"href":"https:\/\/teiaeducation.ch\/de\/wp-json\/wp\/v2\/types\/product"}],"replies":[{"embeddable":true,"href":"https:\/\/teiaeducation.ch\/de\/wp-json\/wp\/v2\/comments?post=60702"}],"wp:featuredmedia":[{"embeddable":true,"href":"https:\/\/teiaeducation.ch\/de\/wp-json\/wp\/v2\/media\/60703"}],"wp:attachment":[{"href":"https:\/\/teiaeducation.ch\/de\/wp-json\/wp\/v2\/media?parent=60702"}],"wp:term":[{"taxonomy":"product_brand","embeddable":true,"href":"https:\/\/teiaeducation.ch\/de\/wp-json\/wp\/v2\/product_brand?post=60702"},{"taxonomy":"product_cat","embeddable":true,"href":"https:\/\/teiaeducation.ch\/de\/wp-json\/wp\/v2\/product_cat?post=60702"},{"taxonomy":"product_tag","embeddable":true,"href":"https:\/\/teiaeducation.ch\/de\/wp-json\/wp\/v2\/product_tag?post=60702"}],"curies":[{"name":"wp","href":"https:\/\/api.w.org\/{rel}","templated":true}]}}