{"id":60706,"date":"2021-01-17T18:19:34","date_gmt":"2021-01-17T17:19:34","guid":{"rendered":"https:\/\/teiaeducation.ch\/product\/gedrucktes-alphabet-us-kursivschrift-blau-nienhuis-montessori\/"},"modified":"2024-05-16T14:27:13","modified_gmt":"2024-05-16T12:27:13","slug":"gedrucktes-alphabet-us-kursivschrift-blau-nienhuis-montessori","status":"publish","type":"product","link":"https:\/\/teiaeducation.ch\/de\/produkt\/gedrucktes-alphabet-us-kursivschrift-blau-nienhuis-montessori\/","title":{"rendered":"Gedrucktes Alphabet: US-Kursivschrift, Blau &#8211; Nienhuis Montessori"},"content":{"rendered":"<p>Gedrucktes Alphabet: US-Kursivschrift, Blau &#8211; Montessori-Sprachmaterialien &#8211; Nienhuis Montessori<\/p>\n<p>Das Nienhuis Montessori-Alphabet in US-Kursivschrift ist Teil des Montessori-Sprachmaterials und besteht aus den vierundzwanzig Buchstaben des Alphabets, die in blauer Farbe auf dickem Hochglanzpapier gedruckt sind. Jeder Buchstabe ist auf einer Seite in Kleinbuchstaben und auf der anderen Seite in Gro\u00dfbuchstaben gedruckt. Ein Satz von Satzzeichen ist ebenfalls enthalten.<\/p>\n<p>Das Kind beginnt mit der Arbeit mit dem gedruckten Alphabet, nachdem es die Buchstabenlaute durch die Arbeit mit den <a href=\"https:\/\/teiaeducation.ch\/product\/sandpaper-letters-international-cursive-nienhuis-montessori\/\">kursiven Sandpapierbuchstaben<\/a> gelernt hat. Auch wenn das Kind noch lernen muss, wie man schreibt, erm\u00f6glicht ihm die Arbeit mit dem gedruckten Alphabet, W\u00f6rter und S\u00e4tze zu bilden und kreative Geschichten zu schreiben. Die Arbeit mit diesem Montessori-Sprachmaterial f\u00f6rdert die Schreib- und Lesekompetenz. Die aufgedruckten Buchstaben des Alphabets nehmen nicht viel Platz weg und lassen sich auch auf einem kleinen Tisch gut verwenden. Ein <a href=\"https:\/\/teiaeducation.ch\/product\/printed-alphabet-box-nienhuis-montessori\/\">Holzkaste<\/a> zur Aufbewahrung des gedruckten Alphabets ist auch separat erh\u00e4ltlich.<\/p>\n<p>Die niederl\u00e4ndische Marke Nienhuis Montessori ist die weltweit f\u00fchrende Montessori Marke, die das Erbe von Maria Montessori ehrt und fortf\u00fchrt und das breiteste und innovativste Sortiment an Montessori-Materialien, M\u00f6beln und verwandten Produkten herstellt. Die hochwertigen Nienhuis Montessori Produkte geben den Kindern die Werkzeuge, die sie brauchen, um Unabhangig und kritisch zu denken. Das gesamte Nienhuis Material ist vom Materialausschuss der Association Montessori Internationale (<a href=\"https:\/\/montessori-ami.org\/\">AMI<\/a>) zertifiziert und wurde sorgf\u00e4ltig hergestellt, um die Schwierigkeiten zu isolieren, damit sich die Kinder konzentrieren k\u00f6nnen, ihre F\u00e4higkeiten verbessern und sich entwickeln k\u00f6nnen.<\/p>\n<p>Nienhuis Montessori ist eine der Marken des Niederlandischen Unternehmens Heutink International, das weltweit die besten pedagogischen Marken anbietet, die auf spielerisches Lernen ausgerichtet sind.<\/p>\n<p>Dieses Material ist f\u00fcr Kinder ab 6 Jahren geeignet.<\/p>\n<p>Inhalt:<\/p>\n<p>24 Einheiten jedes Buchstabens und Satzzeichens, blau gedruckt auf dickem, gl\u00e4nzendem Karton<\/p>\n","protected":false},"excerpt":{"rendered":"<p>Artikelnummer: <span data-sheets-value=\"{\"1\":2,\"2\":\"0061P0\",\"6\":1}\" data-sheets-userformat=\"{\"2\":14336,\"14\":[null,2,0],\"15\":\"Calibri\",\"16\":11}\">0061P0<\/span><\/p>\n<p>Auch wenn das Kind noch lernen muss, wie man schreibt, erm\u00f6glicht ihm die Arbeit mit dem gedruckten Alphabet, W\u00f6rter und S\u00e4tze zu bilden und kreative Geschichten zu schreiben.<\/p>\n","protected":false},"featured_media":60707,"comment_status":"closed","ping_status":"closed","template":"","meta":[],"product_brand":[],"product_cat":[21446,21476,21524,21479,21532,21474,21509,21530,21498,21481,21443,21572,21531,21494,21496,21651,21564],"product_tag":[26998,23120,23469,27010,26966,26929,26920,23470,23119],"class_list":{"0":"post-60706","1":"product","2":"type-product","3":"status-publish","4":"has-post-thumbnail","6":"product_cat-6-12-jahre-grundschule","7":"product_cat-6-12-jahre-klassenzimmer-pack","8":"product_cat-alphabetisierung-sprache","9":"product_cat-lernmaterialien-spielzeug-montessori-waldorf-steiner-froebel","10":"product_cat-buchstaben-das-alphabet","11":"product_cat-klassenzimmer-essenzien","12":"product_cat-lernthemen","13":"product_cat-lesen-lernen","14":"product_cat-montessori-materialien-fuer-zuhause-schulbedarf-fuer-zuhause","15":"product_cat-montessori-paedagogik-material-spielzeug","16":"product_cat-nach-alter","17":"product_cat-nienhuis-montessori-schweiz","18":"product_cat-schreiben-lernen","19":"product_cat-schulbedarf-fuer-zuhause","20":"product_cat-schulbedarf-fuer-zuhause-6-12-jahre","21":"product_cat-sprache-nienhuis-montessori","22":"product_cat-unsere-marken","23":"product_tag-fruhe-schreibfahigkeiten","24":"product_tag-montessori-material-schweiz","25":"product_tag-montessori-material-schweiz-de","26":"product_tag-montessori-alphabet-gedruckt","27":"product_tag-montessori-materialien-zur-alphabetisierung","28":"product_tag-montessori-schreibvorbereitung","29":"product_tag-montessori-sprache-de","30":"product_tag-nienhuis-montessori-schweiz-de-2","31":"product_tag-nienhuis-montessori-schweiz-de","33":"first","34":"instock","35":"taxable","36":"shipping-taxable","37":"purchasable","38":"product-type-simple"},"yoast_head":"<!-- This site is optimized with the Yoast SEO Premium plugin v25.8 (Yoast SEO v27.4) - https:\/\/yoast.com\/product\/yoast-seo-premium-wordpress\/ -->\n<title>Gedrucktes Alphabet: US-Kursivschrift, Blau - Nienhuis Montessori - Teia Education &amp; Play<\/title>\n<meta name=\"description\" content=\"Als Teil des Montessori-Sprachmaterials f\u00f6rdert das Nienhuis Montessori Gedrucktes Alphabet: US-Kursivschrift, Blau f\u00f6rdert die Schreib- und Lesekompetenz.\" \/>\n<meta name=\"robots\" content=\"index, follow, max-snippet:-1, max-image-preview:large, max-video-preview:-1\" \/>\n<link rel=\"canonical\" href=\"https:\/\/teiaeducation.ch\/de\/produkt\/gedrucktes-alphabet-us-kursivschrift-blau-nienhuis-montessori\/\" \/>\n<meta property=\"og:locale\" content=\"de_DE\" \/>\n<meta property=\"og:type\" content=\"article\" \/>\n<meta property=\"og:title\" content=\"Gedrucktes Alphabet: US-Kursivschrift, Blau - Nienhuis Montessori\" \/>\n<meta property=\"og:description\" content=\"Als Teil des Montessori-Sprachmaterials f\u00f6rdert das Nienhuis Montessori Gedrucktes Alphabet: US-Kursivschrift, Blau f\u00f6rdert die Schreib- und Lesekompetenz.\" \/>\n<meta property=\"og:url\" content=\"https:\/\/teiaeducation.ch\/de\/produkt\/gedrucktes-alphabet-us-kursivschrift-blau-nienhuis-montessori\/\" \/>\n<meta property=\"og:site_name\" content=\"Sustainable Educational Products &amp; Ecological Toys\u00a0\" \/>\n<meta property=\"article:publisher\" content=\"https:\/\/www.facebook.com\/teiaeducation\/\" \/>\n<meta property=\"article:modified_time\" content=\"2024-05-16T12:27:13+00:00\" \/>\n<meta property=\"og:image\" content=\"https:\/\/teiaeducation.ch\/wp-content\/uploads\/2019\/02\/0061P0.jpg\" \/>\n\t<meta property=\"og:image:width\" content=\"900\" \/>\n\t<meta property=\"og:image:height\" content=\"900\" \/>\n\t<meta property=\"og:image:type\" content=\"image\/jpeg\" \/>\n<script type=\"application\/ld+json\" class=\"yoast-schema-graph\">{\"@context\":\"https:\\\/\\\/schema.org\",\"@graph\":[{\"@type\":\"WebPage\",\"@id\":\"https:\\\/\\\/teiaeducation.ch\\\/de\\\/produkt\\\/gedrucktes-alphabet-us-kursivschrift-blau-nienhuis-montessori\\\/\",\"url\":\"https:\\\/\\\/teiaeducation.ch\\\/de\\\/produkt\\\/gedrucktes-alphabet-us-kursivschrift-blau-nienhuis-montessori\\\/\",\"name\":\"Gedrucktes Alphabet: US-Kursivschrift, Blau - Nienhuis Montessori - Teia Education & Play\",\"isPartOf\":{\"@id\":\"https:\\\/\\\/teiaeducation.ch\\\/de\\\/#website\"},\"primaryImageOfPage\":{\"@id\":\"https:\\\/\\\/teiaeducation.ch\\\/de\\\/produkt\\\/gedrucktes-alphabet-us-kursivschrift-blau-nienhuis-montessori\\\/#primaryimage\"},\"image\":{\"@id\":\"https:\\\/\\\/teiaeducation.ch\\\/de\\\/produkt\\\/gedrucktes-alphabet-us-kursivschrift-blau-nienhuis-montessori\\\/#primaryimage\"},\"thumbnailUrl\":\"https:\\\/\\\/teiaeducation.ch\\\/wp-content\\\/uploads\\\/2019\\\/02\\\/0061P0.jpg\",\"datePublished\":\"2021-01-17T17:19:34+00:00\",\"dateModified\":\"2024-05-16T12:27:13+00:00\",\"description\":\"Als Teil des Montessori-Sprachmaterials f\u00f6rdert das Nienhuis Montessori Gedrucktes Alphabet: US-Kursivschrift, Blau f\u00f6rdert die Schreib- und Lesekompetenz.\",\"breadcrumb\":{\"@id\":\"https:\\\/\\\/teiaeducation.ch\\\/de\\\/produkt\\\/gedrucktes-alphabet-us-kursivschrift-blau-nienhuis-montessori\\\/#breadcrumb\"},\"inLanguage\":\"de-CH\",\"potentialAction\":[{\"@type\":\"ReadAction\",\"target\":[\"https:\\\/\\\/teiaeducation.ch\\\/de\\\/produkt\\\/gedrucktes-alphabet-us-kursivschrift-blau-nienhuis-montessori\\\/\"]}]},{\"@type\":\"ImageObject\",\"inLanguage\":\"de-CH\",\"@id\":\"https:\\\/\\\/teiaeducation.ch\\\/de\\\/produkt\\\/gedrucktes-alphabet-us-kursivschrift-blau-nienhuis-montessori\\\/#primaryimage\",\"url\":\"https:\\\/\\\/teiaeducation.ch\\\/wp-content\\\/uploads\\\/2019\\\/02\\\/0061P0.jpg\",\"contentUrl\":\"https:\\\/\\\/teiaeducation.ch\\\/wp-content\\\/uploads\\\/2019\\\/02\\\/0061P0.jpg\",\"width\":900,\"height\":900,\"caption\":\"Gedrucktes Alphabet: US-Kursivschrift, Blau - Montessori-Sprachmaterialien - Nienhuis Montessori\"},{\"@type\":\"BreadcrumbList\",\"@id\":\"https:\\\/\\\/teiaeducation.ch\\\/de\\\/produkt\\\/gedrucktes-alphabet-us-kursivschrift-blau-nienhuis-montessori\\\/#breadcrumb\",\"itemListElement\":[{\"@type\":\"ListItem\",\"position\":1,\"name\":\"Home\",\"item\":\"https:\\\/\\\/teiaeducation.ch\\\/de\\\/\"},{\"@type\":\"ListItem\",\"position\":2,\"name\":\"Laden\",\"item\":\"https:\\\/\\\/teiaeducation.ch\\\/de\\\/shop\\\/\"},{\"@type\":\"ListItem\",\"position\":3,\"name\":\"Gedrucktes Alphabet: US-Kursivschrift, Blau &#8211; Nienhuis Montessori\"}]},{\"@type\":\"WebSite\",\"@id\":\"https:\\\/\\\/teiaeducation.ch\\\/de\\\/#website\",\"url\":\"https:\\\/\\\/teiaeducation.ch\\\/de\\\/\",\"name\":\"Sustainable Educational Products &amp; Ecological Toys\u00a0\",\"description\":\"Specialised Swiss shop selling sustainable educational toys and games, AMI certified Montessori materials, handmade ecological wooden Waldorf toys and arts &amp; crafts supplies, school supplies, children&#039;s furniture and Montessori reference and parenting books.\",\"publisher\":{\"@id\":\"https:\\\/\\\/teiaeducation.ch\\\/de\\\/#organization\"},\"alternateName\":\"Teia Education & Play\",\"potentialAction\":[{\"@type\":\"SearchAction\",\"target\":{\"@type\":\"EntryPoint\",\"urlTemplate\":\"https:\\\/\\\/teiaeducation.ch\\\/de\\\/?s={search_term_string}\"},\"query-input\":{\"@type\":\"PropertyValueSpecification\",\"valueRequired\":true,\"valueName\":\"search_term_string\"}}],\"inLanguage\":\"de-CH\"},{\"@type\":\"Organization\",\"@id\":\"https:\\\/\\\/teiaeducation.ch\\\/de\\\/#organization\",\"name\":\"Teia Education & Play\",\"url\":\"https:\\\/\\\/teiaeducation.ch\\\/de\\\/\",\"logo\":{\"@type\":\"ImageObject\",\"inLanguage\":\"de-CH\",\"@id\":\"https:\\\/\\\/teiaeducation.ch\\\/de\\\/#\\\/schema\\\/logo\\\/image\\\/\",\"url\":\"https:\\\/\\\/teiaeducation.ch\\\/wp-content\\\/uploads\\\/2020\\\/11\\\/Teia-Education-Switzerland-e1620156442216.jpg\",\"contentUrl\":\"https:\\\/\\\/teiaeducation.ch\\\/wp-content\\\/uploads\\\/2020\\\/11\\\/Teia-Education-Switzerland-e1620156442216.jpg\",\"width\":166,\"height\":145,\"caption\":\"Teia Education & Play\"},\"image\":{\"@id\":\"https:\\\/\\\/teiaeducation.ch\\\/de\\\/#\\\/schema\\\/logo\\\/image\\\/\"},\"sameAs\":[\"https:\\\/\\\/www.facebook.com\\\/teiaeducation\\\/\",\"https:\\\/\\\/x.com\\\/EducationTeia\",\"https:\\\/\\\/www.instagram.com\\\/teia.education\\\/\",\"https:\\\/\\\/www.linkedin.com\\\/company\\\/35501660\",\"https:\\\/\\\/www.pinterest.ch\\\/TeiaEducation\\\/\"]}]}<\/script>\n<meta property=\"product:price:amount\" content=\"75.00\" \/>\n<meta property=\"product:price:currency\" content=\"CHF\" \/>\n<meta property=\"og:availability\" content=\"instock\" \/>\n<meta property=\"product:availability\" content=\"instock\" \/>\n<meta property=\"product:retailer_item_id\" content=\"00000000000000000000000000000000000000000000003843\" \/>\n<meta property=\"product:condition\" content=\"new\" \/>\n<!-- \/ Yoast SEO Premium plugin. -->","yoast_head_json":{"title":"Gedrucktes Alphabet: US-Kursivschrift, Blau - Nienhuis Montessori - Teia Education & Play","description":"Als Teil des Montessori-Sprachmaterials f\u00f6rdert das Nienhuis Montessori Gedrucktes Alphabet: US-Kursivschrift, Blau f\u00f6rdert die Schreib- und Lesekompetenz.","robots":{"index":"index","follow":"follow","max-snippet":"max-snippet:-1","max-image-preview":"max-image-preview:large","max-video-preview":"max-video-preview:-1"},"canonical":"https:\/\/teiaeducation.ch\/de\/produkt\/gedrucktes-alphabet-us-kursivschrift-blau-nienhuis-montessori\/","og_locale":"de_DE","og_type":"article","og_title":"Gedrucktes Alphabet: US-Kursivschrift, Blau - Nienhuis Montessori","og_description":"Als Teil des Montessori-Sprachmaterials f\u00f6rdert das Nienhuis Montessori Gedrucktes Alphabet: US-Kursivschrift, Blau f\u00f6rdert die Schreib- und Lesekompetenz.","og_url":"https:\/\/teiaeducation.ch\/de\/produkt\/gedrucktes-alphabet-us-kursivschrift-blau-nienhuis-montessori\/","og_site_name":"Sustainable Educational Products &amp; Ecological Toys\u00a0","article_publisher":"https:\/\/www.facebook.com\/teiaeducation\/","article_modified_time":"2024-05-16T12:27:13+00:00","og_image":[{"width":900,"height":900,"url":"https:\/\/teiaeducation.ch\/wp-content\/uploads\/2019\/02\/0061P0.jpg","type":"image\/jpeg"}],"schema":{"@context":"https:\/\/schema.org","@graph":[{"@type":"WebPage","@id":"https:\/\/teiaeducation.ch\/de\/produkt\/gedrucktes-alphabet-us-kursivschrift-blau-nienhuis-montessori\/","url":"https:\/\/teiaeducation.ch\/de\/produkt\/gedrucktes-alphabet-us-kursivschrift-blau-nienhuis-montessori\/","name":"Gedrucktes Alphabet: US-Kursivschrift, Blau - Nienhuis Montessori - Teia Education & Play","isPartOf":{"@id":"https:\/\/teiaeducation.ch\/de\/#website"},"primaryImageOfPage":{"@id":"https:\/\/teiaeducation.ch\/de\/produkt\/gedrucktes-alphabet-us-kursivschrift-blau-nienhuis-montessori\/#primaryimage"},"image":{"@id":"https:\/\/teiaeducation.ch\/de\/produkt\/gedrucktes-alphabet-us-kursivschrift-blau-nienhuis-montessori\/#primaryimage"},"thumbnailUrl":"https:\/\/teiaeducation.ch\/wp-content\/uploads\/2019\/02\/0061P0.jpg","datePublished":"2021-01-17T17:19:34+00:00","dateModified":"2024-05-16T12:27:13+00:00","description":"Als Teil des Montessori-Sprachmaterials f\u00f6rdert das Nienhuis Montessori Gedrucktes Alphabet: US-Kursivschrift, Blau f\u00f6rdert die Schreib- und Lesekompetenz.","breadcrumb":{"@id":"https:\/\/teiaeducation.ch\/de\/produkt\/gedrucktes-alphabet-us-kursivschrift-blau-nienhuis-montessori\/#breadcrumb"},"inLanguage":"de-CH","potentialAction":[{"@type":"ReadAction","target":["https:\/\/teiaeducation.ch\/de\/produkt\/gedrucktes-alphabet-us-kursivschrift-blau-nienhuis-montessori\/"]}]},{"@type":"ImageObject","inLanguage":"de-CH","@id":"https:\/\/teiaeducation.ch\/de\/produkt\/gedrucktes-alphabet-us-kursivschrift-blau-nienhuis-montessori\/#primaryimage","url":"https:\/\/teiaeducation.ch\/wp-content\/uploads\/2019\/02\/0061P0.jpg","contentUrl":"https:\/\/teiaeducation.ch\/wp-content\/uploads\/2019\/02\/0061P0.jpg","width":900,"height":900,"caption":"Gedrucktes Alphabet: US-Kursivschrift, Blau - Montessori-Sprachmaterialien - Nienhuis Montessori"},{"@type":"BreadcrumbList","@id":"https:\/\/teiaeducation.ch\/de\/produkt\/gedrucktes-alphabet-us-kursivschrift-blau-nienhuis-montessori\/#breadcrumb","itemListElement":[{"@type":"ListItem","position":1,"name":"Home","item":"https:\/\/teiaeducation.ch\/de\/"},{"@type":"ListItem","position":2,"name":"Laden","item":"https:\/\/teiaeducation.ch\/de\/shop\/"},{"@type":"ListItem","position":3,"name":"Gedrucktes Alphabet: US-Kursivschrift, Blau &#8211; Nienhuis Montessori"}]},{"@type":"WebSite","@id":"https:\/\/teiaeducation.ch\/de\/#website","url":"https:\/\/teiaeducation.ch\/de\/","name":"Sustainable Educational Products &amp; Ecological Toys\u00a0","description":"Specialised Swiss shop selling sustainable educational toys and games, AMI certified Montessori materials, handmade ecological wooden Waldorf toys and arts &amp; crafts supplies, school supplies, children&#039;s furniture and Montessori reference and parenting books.","publisher":{"@id":"https:\/\/teiaeducation.ch\/de\/#organization"},"alternateName":"Teia Education & Play","potentialAction":[{"@type":"SearchAction","target":{"@type":"EntryPoint","urlTemplate":"https:\/\/teiaeducation.ch\/de\/?s={search_term_string}"},"query-input":{"@type":"PropertyValueSpecification","valueRequired":true,"valueName":"search_term_string"}}],"inLanguage":"de-CH"},{"@type":"Organization","@id":"https:\/\/teiaeducation.ch\/de\/#organization","name":"Teia Education & Play","url":"https:\/\/teiaeducation.ch\/de\/","logo":{"@type":"ImageObject","inLanguage":"de-CH","@id":"https:\/\/teiaeducation.ch\/de\/#\/schema\/logo\/image\/","url":"https:\/\/teiaeducation.ch\/wp-content\/uploads\/2020\/11\/Teia-Education-Switzerland-e1620156442216.jpg","contentUrl":"https:\/\/teiaeducation.ch\/wp-content\/uploads\/2020\/11\/Teia-Education-Switzerland-e1620156442216.jpg","width":166,"height":145,"caption":"Teia Education & Play"},"image":{"@id":"https:\/\/teiaeducation.ch\/de\/#\/schema\/logo\/image\/"},"sameAs":["https:\/\/www.facebook.com\/teiaeducation\/","https:\/\/x.com\/EducationTeia","https:\/\/www.instagram.com\/teia.education\/","https:\/\/www.linkedin.com\/company\/35501660","https:\/\/www.pinterest.ch\/TeiaEducation\/"]}]},"product_price_amount":"75.00","product_price_currency":"CHF","og_availability":"instock","product_availability":"instock","product_retailer_item_id":"00000000000000000000000000000000000000000000003843","product_condition":"new"},"_links":{"self":[{"href":"https:\/\/teiaeducation.ch\/de\/wp-json\/wp\/v2\/product\/60706","targetHints":{"allow":["GET"]}}],"collection":[{"href":"https:\/\/teiaeducation.ch\/de\/wp-json\/wp\/v2\/product"}],"about":[{"href":"https:\/\/teiaeducation.ch\/de\/wp-json\/wp\/v2\/types\/product"}],"replies":[{"embeddable":true,"href":"https:\/\/teiaeducation.ch\/de\/wp-json\/wp\/v2\/comments?post=60706"}],"wp:featuredmedia":[{"embeddable":true,"href":"https:\/\/teiaeducation.ch\/de\/wp-json\/wp\/v2\/media\/60707"}],"wp:attachment":[{"href":"https:\/\/teiaeducation.ch\/de\/wp-json\/wp\/v2\/media?parent=60706"}],"wp:term":[{"taxonomy":"product_brand","embeddable":true,"href":"https:\/\/teiaeducation.ch\/de\/wp-json\/wp\/v2\/product_brand?post=60706"},{"taxonomy":"product_cat","embeddable":true,"href":"https:\/\/teiaeducation.ch\/de\/wp-json\/wp\/v2\/product_cat?post=60706"},{"taxonomy":"product_tag","embeddable":true,"href":"https:\/\/teiaeducation.ch\/de\/wp-json\/wp\/v2\/product_tag?post=60706"}],"curies":[{"name":"wp","href":"https:\/\/api.w.org\/{rel}","templated":true}]}}