{"id":60723,"date":"2018-12-01T20:56:03","date_gmt":"2018-12-01T19:56:03","guid":{"rendered":"https:\/\/teiaeducation.ch\/product\/grundplatten-fuer-den-rosa-turm-12-stueck-englisch-nienhuis-montessori\/"},"modified":"2024-05-17T11:51:54","modified_gmt":"2024-05-17T09:51:54","slug":"grundplatten-fuer-den-rosa-turm-12-stueck-englisch-nienhuis-montessori","status":"publish","type":"product","link":"https:\/\/teiaeducation.ch\/de\/produkt\/grundplatten-fuer-den-rosa-turm-12-stueck-englisch-nienhuis-montessori\/","title":{"rendered":"Grundplatten f\u00fcr den Rosa Turm 12 St\u00fcck (Englisch) &#8211; Nienhuis Montessori"},"content":{"rendered":"<p>Die Nienhuis Montessori-Grundplatten f\u00fcr den Rosa Turm sind ein erg\u00e4nzendes <a href=\"https:\/\/teiaeducation.ch\/product-category\/brands\/nienhuis-montessori\/sensorial\/\">sensorisches<\/a> Material zum bekannten Montessori-<a href=\"https:\/\/teiaeducation.ch\/product\/the-pink-tower-nienhuis-montessori\/\">Turm in Rosa<\/a>. Das Set enth\u00e4lt 10 Karten mit abgerundeten Ecken und einer Gr\u00f6\u00dfe von ca. 14 x 14 cm, die als Erg\u00e4nzung zu den Aktivit\u00e4ten mit dem rosa Turm gedacht sind.<\/p>\n<p>Die Arbeit mit diesem Material f\u00f6rdert das visuelle Unterscheidungsverm\u00f6gen. Durch die Zuordnung von festen Gegenst\u00e4nden zu ebenen Figuren beginnen die Kinder, vom Konkreten zum Abstrakten \u00fcberzugehen.<\/p>\n<p>Die Niederl\u00e4ndische Marke <a href=\"https:\/\/teiaeducation.ch\/product-category\/brands\/nienhuis-montessori-educational-materials\/\">Nienhuis Montessori<\/a> ist die weltweit f\u00fchrende Montessori-Marke, die das Erbe von Maria Montessori ehrt und fortf\u00fchrt und das breiteste und innovativste Sortiment an Montessori-Materialien, <a href=\"https:\/\/teiaeducation.ch\/product-category\/classroom-essentials\/montessori-furniture\/\">M\u00f6beln<\/a> und <a href=\"https:\/\/teiaeducation.ch\/product-category\/brands\/nienhuis-montessori-educational-materials\/add-ons\/\">verwandten Produkten<\/a> herstellt. Die hochwertigen Nienhuis Montessori Produkte geben den Kindern die Werkzeuge, die sie brauchen, um Unabhangig und kritisch zu denken. Alle Nienhuis Montessori Materialien sind vom Materialkomitee der Association Montessori Internationale (<a href=\"https:\/\/montessori-ami.org\/\">AMI<\/a>) zertifiziert und werden sorgf\u00e4ltig hergestellt, um Schwierigkeiten zu isolieren, so dass die Kinder sich konzentrieren, lernen und sich entwickeln k\u00f6nnen.<\/p>\n<p>Nienhuis Montessori ist eine der Marken des Niederlandischen Unternehmens Heutink International, das weltweit die besten pedagogischen Marken anbietet, die auf spielerisches Lernen ausgerichtet sind.<\/p>\n<p>Dieses sensorische <a href=\"https:\/\/teiaeducation.ch\/product-category\/education-method\/the-montessori-pedagogy-materials-toys\/\">Montessori<\/a>-Material ist f\u00fcr Kinder ab 3 Jahren geeignet.<\/p>\n<p>Inhalt:<\/p>\n<p>10 laminierte Karten (14 x 14 cm)<\/p>\n<p><em>We currently do not have this item in stock, but it is available on pre-order. We will order this item for you from our supplier. Due to importation from the European Union to Switzerland please allow 2 to maximum 3 weeks for delivery. <\/em><\/p>\n\t<div id=\"gap-1543373488\" class=\"gap-element clearfix\" style=\"display:block; height:auto;\">\n\t\t\n<style>\n#gap-1543373488 {\n  padding-top: 20px;\n}\n<\/style>\n\t<\/div>\n\t\n","protected":false},"excerpt":{"rendered":"<p>Artikelnummer: EC0301<\/p>\n<p>Die Nienhuis Montessori-Grundplatten f\u00fcr den Rosa Turm sind ein erg\u00e4nzendes Material und dienen der Erweiterung der Aktivit\u00e4ten im Rosa Turm.<\/p>\n","protected":false},"featured_media":60724,"comment_status":"closed","ping_status":"closed","template":"","meta":[],"product_brand":[],"product_cat":[21445,21500,21571,21550,21551,21509,21499,21537,21481,21443,21572,21557,21562,21655,21564],"product_tag":[23108,23107,22981,29115,29137,23101,26034],"class_list":{"0":"post-60723","1":"product","2":"type-product","3":"status-publish","4":"has-post-thumbnail","6":"product_cat-3-6-jahre-vorschule","7":"product_cat-aktivitaetssets","8":"product_cat-curriculum-erganzung-nienhuis-montessori","9":"product_cat-formen","10":"product_cat-groesse","11":"product_cat-lernthemen","12":"product_cat-lernunterstuetzung","13":"product_cat-mathematik-rechnen","14":"product_cat-montessori-paedagogik-material-spielzeug","15":"product_cat-nach-alter","16":"product_cat-nienhuis-montessori-schweiz","17":"product_cat-sensorische-motorische-fertigkeiten","18":"product_cat-sinne","19":"product_cat-sinnesmaterial-nienhuis-montessori","20":"product_cat-unsere-marken","21":"product_tag-montessori-kleinkind-3-6","22":"product_tag-montessori-sinnesmaterial-de","23":"product_tag-nienhuis-montessori-de","24":"product_tag-nienhuis-montessori-aktivitatsset","25":"product_tag-nienhuis-montessori-grundplatten-fur-den-rosa-turm","26":"product_tag-nienhuis-montessori-rosa-turm","27":"product_tag-unterstutzung-des-lehrplans","29":"first","30":"onbackorder","31":"taxable","32":"shipping-taxable","33":"purchasable","34":"product-type-simple"},"yoast_head":"<!-- This site is optimized with the Yoast SEO Premium plugin v25.8 (Yoast SEO v27.4) - https:\/\/yoast.com\/product\/yoast-seo-premium-wordpress\/ -->\n<title>Nienhuis Montessori Grundplatten f\u00fcr den Rosa Turm<\/title>\n<meta name=\"description\" content=\"Die Nienhuis Montessori-Grundplatten f\u00fcr den Rosa Turm sind ein erg\u00e4nzendes Material und dienen der Erweiterung der Aktivit\u00e4ten im Rosa Turm.\" \/>\n<meta name=\"robots\" content=\"index, follow, max-snippet:-1, max-image-preview:large, max-video-preview:-1\" \/>\n<link rel=\"canonical\" href=\"https:\/\/teiaeducation.ch\/de\/produkt\/grundplatten-fuer-den-rosa-turm-12-stueck-englisch-nienhuis-montessori\/\" \/>\n<meta property=\"og:locale\" content=\"de_DE\" \/>\n<meta property=\"og:type\" content=\"article\" \/>\n<meta property=\"og:title\" content=\"Grundplatten f\u00fcr den Rosa Turm 12 St\u00fcck (Englisch) - Nienhuis Montessori\" \/>\n<meta property=\"og:description\" content=\"Die Nienhuis Montessori-Grundplatten f\u00fcr den Rosa Turm sind ein erg\u00e4nzendes Material und dienen der Erweiterung der Aktivit\u00e4ten im Rosa Turm.\" \/>\n<meta property=\"og:url\" content=\"https:\/\/teiaeducation.ch\/de\/produkt\/grundplatten-fuer-den-rosa-turm-12-stueck-englisch-nienhuis-montessori\/\" \/>\n<meta property=\"og:site_name\" content=\"Sustainable Educational Products &amp; Ecological Toys\u00a0\" \/>\n<meta property=\"article:publisher\" content=\"https:\/\/www.facebook.com\/teiaeducation\/\" \/>\n<meta property=\"article:modified_time\" content=\"2024-05-17T09:51:54+00:00\" \/>\n<meta property=\"og:image\" content=\"https:\/\/teiaeducation.ch\/wp-content\/uploads\/2019\/05\/400_EC0301_main_or_1-scaled-scaled.jpg\" \/>\n\t<meta property=\"og:image:width\" content=\"2048\" \/>\n\t<meta property=\"og:image:height\" content=\"2048\" \/>\n\t<meta property=\"og:image:type\" content=\"image\/jpeg\" \/>\n<script type=\"application\/ld+json\" class=\"yoast-schema-graph\">{\"@context\":\"https:\\\/\\\/schema.org\",\"@graph\":[{\"@type\":\"WebPage\",\"@id\":\"https:\\\/\\\/teiaeducation.ch\\\/de\\\/produkt\\\/grundplatten-fuer-den-rosa-turm-12-stueck-englisch-nienhuis-montessori\\\/\",\"url\":\"https:\\\/\\\/teiaeducation.ch\\\/de\\\/produkt\\\/grundplatten-fuer-den-rosa-turm-12-stueck-englisch-nienhuis-montessori\\\/\",\"name\":\"Nienhuis Montessori Grundplatten f\u00fcr den Rosa Turm\",\"isPartOf\":{\"@id\":\"https:\\\/\\\/teiaeducation.ch\\\/de\\\/#website\"},\"primaryImageOfPage\":{\"@id\":\"https:\\\/\\\/teiaeducation.ch\\\/de\\\/produkt\\\/grundplatten-fuer-den-rosa-turm-12-stueck-englisch-nienhuis-montessori\\\/#primaryimage\"},\"image\":{\"@id\":\"https:\\\/\\\/teiaeducation.ch\\\/de\\\/produkt\\\/grundplatten-fuer-den-rosa-turm-12-stueck-englisch-nienhuis-montessori\\\/#primaryimage\"},\"thumbnailUrl\":\"https:\\\/\\\/teiaeducation.ch\\\/wp-content\\\/uploads\\\/2019\\\/05\\\/400_EC0301_main_or_1-scaled-scaled.jpg\",\"datePublished\":\"2018-12-01T19:56:03+00:00\",\"dateModified\":\"2024-05-17T09:51:54+00:00\",\"description\":\"Die Nienhuis Montessori-Grundplatten f\u00fcr den Rosa Turm sind ein erg\u00e4nzendes Material und dienen der Erweiterung der Aktivit\u00e4ten im Rosa Turm.\",\"breadcrumb\":{\"@id\":\"https:\\\/\\\/teiaeducation.ch\\\/de\\\/produkt\\\/grundplatten-fuer-den-rosa-turm-12-stueck-englisch-nienhuis-montessori\\\/#breadcrumb\"},\"inLanguage\":\"de-CH\",\"potentialAction\":[{\"@type\":\"ReadAction\",\"target\":[\"https:\\\/\\\/teiaeducation.ch\\\/de\\\/produkt\\\/grundplatten-fuer-den-rosa-turm-12-stueck-englisch-nienhuis-montessori\\\/\"]}]},{\"@type\":\"ImageObject\",\"inLanguage\":\"de-CH\",\"@id\":\"https:\\\/\\\/teiaeducation.ch\\\/de\\\/produkt\\\/grundplatten-fuer-den-rosa-turm-12-stueck-englisch-nienhuis-montessori\\\/#primaryimage\",\"url\":\"https:\\\/\\\/teiaeducation.ch\\\/wp-content\\\/uploads\\\/2019\\\/05\\\/400_EC0301_main_or_1-scaled-scaled.jpg\",\"contentUrl\":\"https:\\\/\\\/teiaeducation.ch\\\/wp-content\\\/uploads\\\/2019\\\/05\\\/400_EC0301_main_or_1-scaled-scaled.jpg\",\"width\":2048,\"height\":2048,\"caption\":\"Grundplatten f\u00fcr den Rosa Turm 12 St\u00fcck (Englisch) - Nienhuis Montessori\"},{\"@type\":\"BreadcrumbList\",\"@id\":\"https:\\\/\\\/teiaeducation.ch\\\/de\\\/produkt\\\/grundplatten-fuer-den-rosa-turm-12-stueck-englisch-nienhuis-montessori\\\/#breadcrumb\",\"itemListElement\":[{\"@type\":\"ListItem\",\"position\":1,\"name\":\"Home\",\"item\":\"https:\\\/\\\/teiaeducation.ch\\\/de\\\/\"},{\"@type\":\"ListItem\",\"position\":2,\"name\":\"Laden\",\"item\":\"https:\\\/\\\/teiaeducation.ch\\\/de\\\/shop\\\/\"},{\"@type\":\"ListItem\",\"position\":3,\"name\":\"Grundplatten f\u00fcr den Rosa Turm 12 St\u00fcck (Englisch) &#8211; Nienhuis Montessori\"}]},{\"@type\":\"WebSite\",\"@id\":\"https:\\\/\\\/teiaeducation.ch\\\/de\\\/#website\",\"url\":\"https:\\\/\\\/teiaeducation.ch\\\/de\\\/\",\"name\":\"Sustainable Educational Products &amp; Ecological Toys\u00a0\",\"description\":\"Specialised Swiss shop selling sustainable educational toys and games, AMI certified Montessori materials, handmade ecological wooden Waldorf toys and arts &amp; crafts supplies, school supplies, children&#039;s furniture and Montessori reference and parenting books.\",\"publisher\":{\"@id\":\"https:\\\/\\\/teiaeducation.ch\\\/de\\\/#organization\"},\"alternateName\":\"Teia Education & Play\",\"potentialAction\":[{\"@type\":\"SearchAction\",\"target\":{\"@type\":\"EntryPoint\",\"urlTemplate\":\"https:\\\/\\\/teiaeducation.ch\\\/de\\\/?s={search_term_string}\"},\"query-input\":{\"@type\":\"PropertyValueSpecification\",\"valueRequired\":true,\"valueName\":\"search_term_string\"}}],\"inLanguage\":\"de-CH\"},{\"@type\":\"Organization\",\"@id\":\"https:\\\/\\\/teiaeducation.ch\\\/de\\\/#organization\",\"name\":\"Teia Education & Play\",\"url\":\"https:\\\/\\\/teiaeducation.ch\\\/de\\\/\",\"logo\":{\"@type\":\"ImageObject\",\"inLanguage\":\"de-CH\",\"@id\":\"https:\\\/\\\/teiaeducation.ch\\\/de\\\/#\\\/schema\\\/logo\\\/image\\\/\",\"url\":\"https:\\\/\\\/teiaeducation.ch\\\/wp-content\\\/uploads\\\/2020\\\/11\\\/Teia-Education-Switzerland-e1620156442216.jpg\",\"contentUrl\":\"https:\\\/\\\/teiaeducation.ch\\\/wp-content\\\/uploads\\\/2020\\\/11\\\/Teia-Education-Switzerland-e1620156442216.jpg\",\"width\":166,\"height\":145,\"caption\":\"Teia Education & Play\"},\"image\":{\"@id\":\"https:\\\/\\\/teiaeducation.ch\\\/de\\\/#\\\/schema\\\/logo\\\/image\\\/\"},\"sameAs\":[\"https:\\\/\\\/www.facebook.com\\\/teiaeducation\\\/\",\"https:\\\/\\\/x.com\\\/EducationTeia\",\"https:\\\/\\\/www.instagram.com\\\/teia.education\\\/\",\"https:\\\/\\\/www.linkedin.com\\\/company\\\/35501660\",\"https:\\\/\\\/www.pinterest.ch\\\/TeiaEducation\\\/\"]}]}<\/script>\n<meta property=\"product:price:amount\" content=\"43.50\" \/>\n<meta property=\"product:price:currency\" content=\"CHF\" \/>\n<meta property=\"og:availability\" content=\"backorder\" \/>\n<meta property=\"product:availability\" content=\"available for order\" \/>\n<meta property=\"product:retailer_item_id\" content=\"00000000000000000000000000000000000000000000012356\" \/>\n<meta property=\"product:condition\" content=\"new\" \/>\n<!-- \/ Yoast SEO Premium plugin. -->","yoast_head_json":{"title":"Nienhuis Montessori Grundplatten f\u00fcr den Rosa Turm","description":"Die Nienhuis Montessori-Grundplatten f\u00fcr den Rosa Turm sind ein erg\u00e4nzendes Material und dienen der Erweiterung der Aktivit\u00e4ten im Rosa Turm.","robots":{"index":"index","follow":"follow","max-snippet":"max-snippet:-1","max-image-preview":"max-image-preview:large","max-video-preview":"max-video-preview:-1"},"canonical":"https:\/\/teiaeducation.ch\/de\/produkt\/grundplatten-fuer-den-rosa-turm-12-stueck-englisch-nienhuis-montessori\/","og_locale":"de_DE","og_type":"article","og_title":"Grundplatten f\u00fcr den Rosa Turm 12 St\u00fcck (Englisch) - Nienhuis Montessori","og_description":"Die Nienhuis Montessori-Grundplatten f\u00fcr den Rosa Turm sind ein erg\u00e4nzendes Material und dienen der Erweiterung der Aktivit\u00e4ten im Rosa Turm.","og_url":"https:\/\/teiaeducation.ch\/de\/produkt\/grundplatten-fuer-den-rosa-turm-12-stueck-englisch-nienhuis-montessori\/","og_site_name":"Sustainable Educational Products &amp; Ecological Toys\u00a0","article_publisher":"https:\/\/www.facebook.com\/teiaeducation\/","article_modified_time":"2024-05-17T09:51:54+00:00","og_image":[{"width":2048,"height":2048,"url":"https:\/\/teiaeducation.ch\/wp-content\/uploads\/2019\/05\/400_EC0301_main_or_1-scaled-scaled.jpg","type":"image\/jpeg"}],"schema":{"@context":"https:\/\/schema.org","@graph":[{"@type":"WebPage","@id":"https:\/\/teiaeducation.ch\/de\/produkt\/grundplatten-fuer-den-rosa-turm-12-stueck-englisch-nienhuis-montessori\/","url":"https:\/\/teiaeducation.ch\/de\/produkt\/grundplatten-fuer-den-rosa-turm-12-stueck-englisch-nienhuis-montessori\/","name":"Nienhuis Montessori Grundplatten f\u00fcr den Rosa Turm","isPartOf":{"@id":"https:\/\/teiaeducation.ch\/de\/#website"},"primaryImageOfPage":{"@id":"https:\/\/teiaeducation.ch\/de\/produkt\/grundplatten-fuer-den-rosa-turm-12-stueck-englisch-nienhuis-montessori\/#primaryimage"},"image":{"@id":"https:\/\/teiaeducation.ch\/de\/produkt\/grundplatten-fuer-den-rosa-turm-12-stueck-englisch-nienhuis-montessori\/#primaryimage"},"thumbnailUrl":"https:\/\/teiaeducation.ch\/wp-content\/uploads\/2019\/05\/400_EC0301_main_or_1-scaled-scaled.jpg","datePublished":"2018-12-01T19:56:03+00:00","dateModified":"2024-05-17T09:51:54+00:00","description":"Die Nienhuis Montessori-Grundplatten f\u00fcr den Rosa Turm sind ein erg\u00e4nzendes Material und dienen der Erweiterung der Aktivit\u00e4ten im Rosa Turm.","breadcrumb":{"@id":"https:\/\/teiaeducation.ch\/de\/produkt\/grundplatten-fuer-den-rosa-turm-12-stueck-englisch-nienhuis-montessori\/#breadcrumb"},"inLanguage":"de-CH","potentialAction":[{"@type":"ReadAction","target":["https:\/\/teiaeducation.ch\/de\/produkt\/grundplatten-fuer-den-rosa-turm-12-stueck-englisch-nienhuis-montessori\/"]}]},{"@type":"ImageObject","inLanguage":"de-CH","@id":"https:\/\/teiaeducation.ch\/de\/produkt\/grundplatten-fuer-den-rosa-turm-12-stueck-englisch-nienhuis-montessori\/#primaryimage","url":"https:\/\/teiaeducation.ch\/wp-content\/uploads\/2019\/05\/400_EC0301_main_or_1-scaled-scaled.jpg","contentUrl":"https:\/\/teiaeducation.ch\/wp-content\/uploads\/2019\/05\/400_EC0301_main_or_1-scaled-scaled.jpg","width":2048,"height":2048,"caption":"Grundplatten f\u00fcr den Rosa Turm 12 St\u00fcck (Englisch) - Nienhuis Montessori"},{"@type":"BreadcrumbList","@id":"https:\/\/teiaeducation.ch\/de\/produkt\/grundplatten-fuer-den-rosa-turm-12-stueck-englisch-nienhuis-montessori\/#breadcrumb","itemListElement":[{"@type":"ListItem","position":1,"name":"Home","item":"https:\/\/teiaeducation.ch\/de\/"},{"@type":"ListItem","position":2,"name":"Laden","item":"https:\/\/teiaeducation.ch\/de\/shop\/"},{"@type":"ListItem","position":3,"name":"Grundplatten f\u00fcr den Rosa Turm 12 St\u00fcck (Englisch) &#8211; Nienhuis Montessori"}]},{"@type":"WebSite","@id":"https:\/\/teiaeducation.ch\/de\/#website","url":"https:\/\/teiaeducation.ch\/de\/","name":"Sustainable Educational Products &amp; Ecological Toys\u00a0","description":"Specialised Swiss shop selling sustainable educational toys and games, AMI certified Montessori materials, handmade ecological wooden Waldorf toys and arts &amp; crafts supplies, school supplies, children&#039;s furniture and Montessori reference and parenting books.","publisher":{"@id":"https:\/\/teiaeducation.ch\/de\/#organization"},"alternateName":"Teia Education & Play","potentialAction":[{"@type":"SearchAction","target":{"@type":"EntryPoint","urlTemplate":"https:\/\/teiaeducation.ch\/de\/?s={search_term_string}"},"query-input":{"@type":"PropertyValueSpecification","valueRequired":true,"valueName":"search_term_string"}}],"inLanguage":"de-CH"},{"@type":"Organization","@id":"https:\/\/teiaeducation.ch\/de\/#organization","name":"Teia Education & Play","url":"https:\/\/teiaeducation.ch\/de\/","logo":{"@type":"ImageObject","inLanguage":"de-CH","@id":"https:\/\/teiaeducation.ch\/de\/#\/schema\/logo\/image\/","url":"https:\/\/teiaeducation.ch\/wp-content\/uploads\/2020\/11\/Teia-Education-Switzerland-e1620156442216.jpg","contentUrl":"https:\/\/teiaeducation.ch\/wp-content\/uploads\/2020\/11\/Teia-Education-Switzerland-e1620156442216.jpg","width":166,"height":145,"caption":"Teia Education & Play"},"image":{"@id":"https:\/\/teiaeducation.ch\/de\/#\/schema\/logo\/image\/"},"sameAs":["https:\/\/www.facebook.com\/teiaeducation\/","https:\/\/x.com\/EducationTeia","https:\/\/www.instagram.com\/teia.education\/","https:\/\/www.linkedin.com\/company\/35501660","https:\/\/www.pinterest.ch\/TeiaEducation\/"]}]},"product_price_amount":"43.50","product_price_currency":"CHF","og_availability":"backorder","product_availability":"available for order","product_retailer_item_id":"00000000000000000000000000000000000000000000012356","product_condition":"new"},"_links":{"self":[{"href":"https:\/\/teiaeducation.ch\/de\/wp-json\/wp\/v2\/product\/60723","targetHints":{"allow":["GET"]}}],"collection":[{"href":"https:\/\/teiaeducation.ch\/de\/wp-json\/wp\/v2\/product"}],"about":[{"href":"https:\/\/teiaeducation.ch\/de\/wp-json\/wp\/v2\/types\/product"}],"replies":[{"embeddable":true,"href":"https:\/\/teiaeducation.ch\/de\/wp-json\/wp\/v2\/comments?post=60723"}],"wp:featuredmedia":[{"embeddable":true,"href":"https:\/\/teiaeducation.ch\/de\/wp-json\/wp\/v2\/media\/60724"}],"wp:attachment":[{"href":"https:\/\/teiaeducation.ch\/de\/wp-json\/wp\/v2\/media?parent=60723"}],"wp:term":[{"taxonomy":"product_brand","embeddable":true,"href":"https:\/\/teiaeducation.ch\/de\/wp-json\/wp\/v2\/product_brand?post=60723"},{"taxonomy":"product_cat","embeddable":true,"href":"https:\/\/teiaeducation.ch\/de\/wp-json\/wp\/v2\/product_cat?post=60723"},{"taxonomy":"product_tag","embeddable":true,"href":"https:\/\/teiaeducation.ch\/de\/wp-json\/wp\/v2\/product_tag?post=60723"}],"curies":[{"name":"wp","href":"https:\/\/api.w.org\/{rel}","templated":true}]}}