{"id":60759,"date":"2023-11-13T13:00:29","date_gmt":"2023-11-13T12:00:29","guid":{"rendered":"https:\/\/teiaeducation.ch\/product\/lebenszyklus-tablett-aus-holz-4-oder-5-kreise-threewood\/"},"modified":"2024-10-28T09:52:38","modified_gmt":"2024-10-28T08:52:38","slug":"lebenszyklus-tablett-aus-holz-4-oder-5-kreise-threewood","status":"publish","type":"product","link":"https:\/\/teiaeducation.ch\/de\/produkt\/lebenszyklus-tablett-aus-holz-4-oder-5-kreise-threewood\/","title":{"rendered":"Lebenszyklus Tablett aus Holz mit 4 oder 5 Kreise \u2013 Threewood"},"content":{"rendered":"<p>Das h\u00f6lzerne Lebenszyklus Tablett aus Holz von Threewood ist ein wundervolles, handgefertigtes, sensorisches und von Montessori inspiriertes Lernspielzeug f\u00fcr den <a href=\"https:\/\/teiaeducation.ch\/product-category\/learning-themes\/culture-science\/life-cycles\/\">Lebenszyklus<\/a> f\u00fcr kleine Kinder!<\/p>\n<p>Das Board ist in zwei Versionen erh\u00e4ltlich:<\/p>\n<p>Die erste Version hat vier Kreise und die zweite Version ist wendbar und hat vier Kreise auf der einen Seite und f\u00fcnf Kreise auf der anderen Seite. Lebenszyklus-Sets wie z. B. <a href=\"https:\/\/teiaeducation.ch\/product-category\/brands\/safari\/\">Safari Ltd<\/a>. k\u00f6nnen in den Kreisen mit Pfeilen platziert werden, die die n\u00e4chste Stufe im Lebenszyklusprozess anzeigen.<\/p>\n<p>Das Tablett eignet sich perfekt f\u00fcr den praktischen und visuellen Unterricht \u00fcber den Lebenszyklus von Tieren, V\u00f6geln und Insekten wie Schmetterlingen, H\u00fchnern und Fr\u00f6schen. Es erweckt den Lebenszyklus und <a href=\"https:\/\/teiaeducation.ch\/product-category\/learning-themes\/culture-science\/\">wissenschaftliche<\/a> oder biologische Ausstellungen zum Leben!<\/p>\n<p>Mit diesem durchdachten und liebevoll gestalteten <a href=\"https:\/\/teiaeducation.ch\/product-category\/learning-themes\/\">Lernspielzeug<\/a>, das sich perfekt f\u00fcr das Montessori-Lernen zu Hause eignet, wird das Lernen \u00fcber Lebenszyklen zu einem lustigen Spiel.<\/p>\n<p>Dieses wundersch\u00f6ne, nat\u00fcrliche und qualitativ hochwertige taktile Lernspielzeug wird in der Ukraine aus massiver Eiche handgefertigt.<\/p>\n<p>Das Tablett aus massiver Eiche ist mit nat\u00fcrlichem \u00d6l behandelt und hat einen Durchmesser von 27 cm und eine Dicke von 2 cm. Der Durchmesser der Kreise betr\u00e4gt jeweils 8 cm.<\/p>\n<p>Inhalt:<\/p>\n<p>1 Eichen-Lebenszyklus-Tafel (bitte w\u00e4hlen Sie die gew\u00fcnschte Version: einseitig | wendbar )<br \/>\n* Die abgebildeten Lebenszyklusobjekte sind nicht enthalten.<\/p>\n<h2>\u00dcber Threewood<\/h2>\n<p><a href=\"https:\/\/teiaeducation.ch\/product-category\/brands\/threewood\/\">Threewood<\/a> ist ein ukrainisches Ehepaar, Yuriy und Olga, das erstaunliche handgefertigte <a href=\"https:\/\/teiaeducation.ch\/product-category\/learning-themes\/\">Lernspielzeuge<\/a> und Materialien herstellt, die von der <a href=\"https:\/\/teiaeducation.ch\/product-category\/education-method\/the-montessori-pedagogy-materials-toys\/\">Montessori<\/a> P\u00e4dagogik inspiriert sind. Der Name Threewood steht f\u00fcr ihre drei Kinder und die Leidenschaft f\u00fcr die Arbeit mit Holz, die Yuriy von seinem Vater und Gro\u00dfvater geerbt hat.<\/p>\n<p>Diese <a href=\"https:\/\/teiaeducation.ch\/product-category\/hgh-quality-toys-play\/handmade-wooden-toys\/\">handgefertigten Holzspielzeuge<\/a> sind meist aus Eichenholz hergestellt und von h\u00f6chster Qualit\u00e4t und Design. Sie versprechen Langlebigkeit und spielerisches Lernen f\u00fcr Generationen!<\/p>\n","protected":false},"excerpt":{"rendered":"<p>Artikelnummer: TW0020<\/p>\n<p>Das Lebenszyklus Tablett von Threewood aus Holz ist Montessori inspiriertes Lernspielzeug, das den Lebenszyklus spielerisch vermittelt!<\/p>\n","protected":false},"featured_media":60760,"comment_status":"open","ping_status":"closed","template":"","meta":[],"product_brand":[],"product_cat":[21445,21446,21479,21670,21491,21484,22422,23075,21510,21518,21509,21499,21498,21481,21443,21563,22362,21494,21495,23636,21678,21672,21511,21482,21564,21483],"product_tag":[29149,29150,29154,29146,29147,29148,29155,29153,29152,21889,29151],"class_list":{"0":"post-60759","1":"product","2":"type-product","3":"status-publish","4":"has-post-thumbnail","6":"product_cat-3-6-jahre-vorschule","7":"product_cat-6-12-jahre-grundschule","8":"product_cat-lernmaterialien-spielzeug-montessori-waldorf-steiner-froebel","9":"product_cat-fruehjahrskollektion","10":"product_cat-geschenk-guide-lerngeschenke","11":"product_cat-geschenk-guides","12":"product_cat-geschenke-fuer-das-osterkoerbchen","13":"product_cat-handgefertigtes-holzspielzeug","14":"product_cat-kultur-wissenschaft","15":"product_cat-lebenszyklen","16":"product_cat-lernthemen","17":"product_cat-lernunterstuetzung","18":"product_cat-montessori-materialien-fuer-zuhause-schulbedarf-fuer-zuhause","19":"product_cat-montessori-paedagogik-material-spielzeug","20":"product_cat-nach-alter","21":"product_cat-neuheiten","22":"product_cat-saisonale-kollektionen","23":"product_cat-schulbedarf-fuer-zuhause","24":"product_cat-schulbedarf-fuer-zuhause-3-6-jahre","25":"product_cat-sommer-kollektion","26":"product_cat-kinder-spielzeug","27":"product_cat-threewood-de","28":"product_cat-tiergeographie-zoologie","29":"product_cat-traditionelle-bildung","30":"product_cat-unsere-marken","31":"product_cat-waldorf-steiner-paedagogik","32":"product_tag-handgefertigtes-lebenszyklus-tablett-aus-holz","33":"product_tag-handgefertigtes-lernspielzeug-aus-holz-de","34":"product_tag-lebenszyklen-tablett-fur-figurinen","35":"product_tag-lebenszyklus-spielzeug","36":"product_tag-lebenszyklus-tablett","37":"product_tag-lebenszyklus-tablett-aus-holz","38":"product_tag-lebenszyklus-tablett-fur-miniaturen","39":"product_tag-lebenszyklus-tablett-fur-zahlen","40":"product_tag-materialien-fur-den-lebenszyklus","41":"product_tag-montessori-materialien","42":"product_tag-threewood-de","44":"first","45":"instock","46":"taxable","47":"shipping-taxable","48":"purchasable","49":"product-type-variable"},"yoast_head":"<!-- This site is optimized with the Yoast SEO plugin v27.1.1 - https:\/\/yoast.com\/product\/yoast-seo-wordpress\/ -->\n<title>Lebenszyklus Tablett aus Holz 4 oder 5 Kreise \u2013 Threewood<\/title>\n<meta name=\"description\" content=\"Das Lebenszyklus Tablett von Threewood aus Holz ist Montessori inspiriertes Lernspielzeug, das den Lebenszyklus spielerisch vermittelt!\" \/>\n<meta name=\"robots\" content=\"index, follow, max-snippet:-1, max-image-preview:large, max-video-preview:-1\" \/>\n<link rel=\"canonical\" href=\"https:\/\/teiaeducation.ch\/de\/produkt\/lebenszyklus-tablett-aus-holz-4-oder-5-kreise-threewood\/\" \/>\n<meta property=\"og:locale\" content=\"de_DE\" \/>\n<meta property=\"og:type\" content=\"article\" \/>\n<meta property=\"og:title\" content=\"Lebenszyklus Tablett aus Holz 4 oder 5 Kreise \u2013 Threewood\" \/>\n<meta property=\"og:description\" content=\"Das Lebenszyklus Tablett von Threewood aus Holz ist Montessori inspiriertes Lernspielzeug, das den Lebenszyklus spielerisch vermittelt!\" \/>\n<meta property=\"og:url\" content=\"https:\/\/teiaeducation.ch\/de\/produkt\/lebenszyklus-tablett-aus-holz-4-oder-5-kreise-threewood\/\" \/>\n<meta property=\"og:site_name\" content=\"Sustainable Educational Products &amp; Ecological Toys\u00a0\" \/>\n<meta property=\"article:publisher\" content=\"https:\/\/www.facebook.com\/teiaeducation\/\" \/>\n<meta property=\"article:modified_time\" content=\"2024-10-28T08:52:38+00:00\" \/>\n<meta property=\"og:image\" content=\"https:\/\/teiaeducation.ch\/wp-content\/uploads\/2021\/09\/Wooden-handmade-life-cycle-tray-Montessori-inspired-learning-toy-\u2013-Threewood-scaled.jpg\" \/>\n\t<meta property=\"og:image:width\" content=\"679\" \/>\n\t<meta property=\"og:image:height\" content=\"900\" \/>\n\t<meta property=\"og:image:type\" content=\"image\/jpeg\" \/>\n<script type=\"application\/ld+json\" class=\"yoast-schema-graph\">{\"@context\":\"https:\/\/schema.org\",\"@graph\":[{\"@type\":\"WebPage\",\"@id\":\"https:\/\/teiaeducation.ch\/de\/produkt\/lebenszyklus-tablett-aus-holz-4-oder-5-kreise-threewood\/\",\"url\":\"https:\/\/teiaeducation.ch\/de\/produkt\/lebenszyklus-tablett-aus-holz-4-oder-5-kreise-threewood\/\",\"name\":\"Lebenszyklus Tablett aus Holz 4 oder 5 Kreise \u2013 Threewood\",\"isPartOf\":{\"@id\":\"https:\/\/teiaeducation.ch\/de\/#website\"},\"primaryImageOfPage\":{\"@id\":\"https:\/\/teiaeducation.ch\/de\/produkt\/lebenszyklus-tablett-aus-holz-4-oder-5-kreise-threewood\/#primaryimage\"},\"image\":{\"@id\":\"https:\/\/teiaeducation.ch\/de\/produkt\/lebenszyklus-tablett-aus-holz-4-oder-5-kreise-threewood\/#primaryimage\"},\"thumbnailUrl\":\"https:\/\/teiaeducation.ch\/wp-content\/uploads\/2021\/09\/Wooden-handmade-life-cycle-tray-Montessori-inspired-learning-toy-\u2013-Threewood-scaled.jpg\",\"datePublished\":\"2023-11-13T12:00:29+00:00\",\"dateModified\":\"2024-10-28T08:52:38+00:00\",\"description\":\"Das Lebenszyklus Tablett von Threewood aus Holz ist Montessori inspiriertes Lernspielzeug, das den Lebenszyklus spielerisch vermittelt!\",\"breadcrumb\":{\"@id\":\"https:\/\/teiaeducation.ch\/de\/produkt\/lebenszyklus-tablett-aus-holz-4-oder-5-kreise-threewood\/#breadcrumb\"},\"inLanguage\":\"de-CH\",\"potentialAction\":[{\"@type\":\"ReadAction\",\"target\":[\"https:\/\/teiaeducation.ch\/de\/produkt\/lebenszyklus-tablett-aus-holz-4-oder-5-kreise-threewood\/\"]}]},{\"@type\":\"ImageObject\",\"inLanguage\":\"de-CH\",\"@id\":\"https:\/\/teiaeducation.ch\/de\/produkt\/lebenszyklus-tablett-aus-holz-4-oder-5-kreise-threewood\/#primaryimage\",\"url\":\"https:\/\/teiaeducation.ch\/wp-content\/uploads\/2021\/09\/Wooden-handmade-life-cycle-tray-Montessori-inspired-learning-toy-\u2013-Threewood-scaled.jpg\",\"contentUrl\":\"https:\/\/teiaeducation.ch\/wp-content\/uploads\/2021\/09\/Wooden-handmade-life-cycle-tray-Montessori-inspired-learning-toy-\u2013-Threewood-scaled.jpg\",\"width\":679,\"height\":900,\"caption\":\"Handgefertigtes h\u00f6lzernes Tablett f\u00fcr den Lebenszyklus \/ Montessori inspiriertes Lernspielzeug \u2013 Threewood\"},{\"@type\":\"BreadcrumbList\",\"@id\":\"https:\/\/teiaeducation.ch\/de\/produkt\/lebenszyklus-tablett-aus-holz-4-oder-5-kreise-threewood\/#breadcrumb\",\"itemListElement\":[{\"@type\":\"ListItem\",\"position\":1,\"name\":\"Home\",\"item\":\"https:\/\/teiaeducation.ch\/de\/\"},{\"@type\":\"ListItem\",\"position\":2,\"name\":\"Laden\",\"item\":\"https:\/\/teiaeducation.ch\/de\/shop\/\"},{\"@type\":\"ListItem\",\"position\":3,\"name\":\"Unsere Marken\",\"item\":\"https:\/\/teiaeducation.ch\/de\/produkt-kategorie\/unsere-marken\/\"},{\"@type\":\"ListItem\",\"position\":4,\"name\":\"Threewood\",\"item\":\"https:\/\/teiaeducation.ch\/de\/produkt-kategorie\/unsere-marken\/threewood-de\/\"},{\"@type\":\"ListItem\",\"position\":5,\"name\":\"Lebenszyklus Tablett aus Holz mit 4 oder 5 Kreise \u2013 Threewood\"}]},{\"@type\":\"WebSite\",\"@id\":\"https:\/\/teiaeducation.ch\/de\/#website\",\"url\":\"https:\/\/teiaeducation.ch\/de\/\",\"name\":\"Sustainable Educational Products &amp; Ecological Toys\u00a0\",\"description\":\"Specialised Swiss shop selling sustainable educational toys and games, AMI certified Montessori materials, handmade ecological wooden Waldorf toys and arts &amp; crafts supplies, school supplies, children&#039;s furniture and Montessori reference and parenting books.\",\"publisher\":{\"@id\":\"https:\/\/teiaeducation.ch\/de\/#organization\"},\"alternateName\":\"Teia Education & Play\",\"potentialAction\":[{\"@type\":\"SearchAction\",\"target\":{\"@type\":\"EntryPoint\",\"urlTemplate\":\"https:\/\/teiaeducation.ch\/de\/?s={search_term_string}\"},\"query-input\":{\"@type\":\"PropertyValueSpecification\",\"valueRequired\":true,\"valueName\":\"search_term_string\"}}],\"inLanguage\":\"de-CH\"},{\"@type\":\"Organization\",\"@id\":\"https:\/\/teiaeducation.ch\/de\/#organization\",\"name\":\"Teia Education & Play\",\"url\":\"https:\/\/teiaeducation.ch\/de\/\",\"logo\":{\"@type\":\"ImageObject\",\"inLanguage\":\"de-CH\",\"@id\":\"https:\/\/teiaeducation.ch\/de\/#\/schema\/logo\/image\/\",\"url\":\"https:\/\/teiaeducation.ch\/wp-content\/uploads\/2020\/11\/Teia-Education-Switzerland-e1620156442216.jpg\",\"contentUrl\":\"https:\/\/teiaeducation.ch\/wp-content\/uploads\/2020\/11\/Teia-Education-Switzerland-e1620156442216.jpg\",\"width\":166,\"height\":145,\"caption\":\"Teia Education & Play\"},\"image\":{\"@id\":\"https:\/\/teiaeducation.ch\/de\/#\/schema\/logo\/image\/\"},\"sameAs\":[\"https:\/\/www.facebook.com\/teiaeducation\/\",\"https:\/\/x.com\/EducationTeia\",\"https:\/\/www.instagram.com\/teia.education\/\",\"https:\/\/www.linkedin.com\/company\/35501660\",\"https:\/\/www.pinterest.ch\/TeiaEducation\/\"]}]}<\/script>\n<!-- \/ Yoast SEO plugin. -->","yoast_head_json":{"title":"Lebenszyklus Tablett aus Holz 4 oder 5 Kreise \u2013 Threewood","description":"Das Lebenszyklus Tablett von Threewood aus Holz ist Montessori inspiriertes Lernspielzeug, das den Lebenszyklus spielerisch vermittelt!","robots":{"index":"index","follow":"follow","max-snippet":"max-snippet:-1","max-image-preview":"max-image-preview:large","max-video-preview":"max-video-preview:-1"},"canonical":"https:\/\/teiaeducation.ch\/de\/produkt\/lebenszyklus-tablett-aus-holz-4-oder-5-kreise-threewood\/","og_locale":"de_DE","og_type":"article","og_title":"Lebenszyklus Tablett aus Holz 4 oder 5 Kreise \u2013 Threewood","og_description":"Das Lebenszyklus Tablett von Threewood aus Holz ist Montessori inspiriertes Lernspielzeug, das den Lebenszyklus spielerisch vermittelt!","og_url":"https:\/\/teiaeducation.ch\/de\/produkt\/lebenszyklus-tablett-aus-holz-4-oder-5-kreise-threewood\/","og_site_name":"Sustainable Educational Products &amp; Ecological Toys\u00a0","article_publisher":"https:\/\/www.facebook.com\/teiaeducation\/","article_modified_time":"2024-10-28T08:52:38+00:00","og_image":[{"width":679,"height":900,"url":"https:\/\/teiaeducation.ch\/wp-content\/uploads\/2021\/09\/Wooden-handmade-life-cycle-tray-Montessori-inspired-learning-toy-\u2013-Threewood-scaled.jpg","type":"image\/jpeg"}],"schema":{"@context":"https:\/\/schema.org","@graph":[{"@type":"WebPage","@id":"https:\/\/teiaeducation.ch\/de\/produkt\/lebenszyklus-tablett-aus-holz-4-oder-5-kreise-threewood\/","url":"https:\/\/teiaeducation.ch\/de\/produkt\/lebenszyklus-tablett-aus-holz-4-oder-5-kreise-threewood\/","name":"Lebenszyklus Tablett aus Holz 4 oder 5 Kreise \u2013 Threewood","isPartOf":{"@id":"https:\/\/teiaeducation.ch\/de\/#website"},"primaryImageOfPage":{"@id":"https:\/\/teiaeducation.ch\/de\/produkt\/lebenszyklus-tablett-aus-holz-4-oder-5-kreise-threewood\/#primaryimage"},"image":{"@id":"https:\/\/teiaeducation.ch\/de\/produkt\/lebenszyklus-tablett-aus-holz-4-oder-5-kreise-threewood\/#primaryimage"},"thumbnailUrl":"https:\/\/teiaeducation.ch\/wp-content\/uploads\/2021\/09\/Wooden-handmade-life-cycle-tray-Montessori-inspired-learning-toy-\u2013-Threewood-scaled.jpg","datePublished":"2023-11-13T12:00:29+00:00","dateModified":"2024-10-28T08:52:38+00:00","description":"Das Lebenszyklus Tablett von Threewood aus Holz ist Montessori inspiriertes Lernspielzeug, das den Lebenszyklus spielerisch vermittelt!","breadcrumb":{"@id":"https:\/\/teiaeducation.ch\/de\/produkt\/lebenszyklus-tablett-aus-holz-4-oder-5-kreise-threewood\/#breadcrumb"},"inLanguage":"de-CH","potentialAction":[{"@type":"ReadAction","target":["https:\/\/teiaeducation.ch\/de\/produkt\/lebenszyklus-tablett-aus-holz-4-oder-5-kreise-threewood\/"]}]},{"@type":"ImageObject","inLanguage":"de-CH","@id":"https:\/\/teiaeducation.ch\/de\/produkt\/lebenszyklus-tablett-aus-holz-4-oder-5-kreise-threewood\/#primaryimage","url":"https:\/\/teiaeducation.ch\/wp-content\/uploads\/2021\/09\/Wooden-handmade-life-cycle-tray-Montessori-inspired-learning-toy-\u2013-Threewood-scaled.jpg","contentUrl":"https:\/\/teiaeducation.ch\/wp-content\/uploads\/2021\/09\/Wooden-handmade-life-cycle-tray-Montessori-inspired-learning-toy-\u2013-Threewood-scaled.jpg","width":679,"height":900,"caption":"Handgefertigtes h\u00f6lzernes Tablett f\u00fcr den Lebenszyklus \/ Montessori inspiriertes Lernspielzeug \u2013 Threewood"},{"@type":"BreadcrumbList","@id":"https:\/\/teiaeducation.ch\/de\/produkt\/lebenszyklus-tablett-aus-holz-4-oder-5-kreise-threewood\/#breadcrumb","itemListElement":[{"@type":"ListItem","position":1,"name":"Home","item":"https:\/\/teiaeducation.ch\/de\/"},{"@type":"ListItem","position":2,"name":"Laden","item":"https:\/\/teiaeducation.ch\/de\/shop\/"},{"@type":"ListItem","position":3,"name":"Unsere Marken","item":"https:\/\/teiaeducation.ch\/de\/produkt-kategorie\/unsere-marken\/"},{"@type":"ListItem","position":4,"name":"Threewood","item":"https:\/\/teiaeducation.ch\/de\/produkt-kategorie\/unsere-marken\/threewood-de\/"},{"@type":"ListItem","position":5,"name":"Lebenszyklus Tablett aus Holz mit 4 oder 5 Kreise \u2013 Threewood"}]},{"@type":"WebSite","@id":"https:\/\/teiaeducation.ch\/de\/#website","url":"https:\/\/teiaeducation.ch\/de\/","name":"Sustainable Educational Products &amp; Ecological Toys\u00a0","description":"Specialised Swiss shop selling sustainable educational toys and games, AMI certified Montessori materials, handmade ecological wooden Waldorf toys and arts &amp; crafts supplies, school supplies, children&#039;s furniture and Montessori reference and parenting books.","publisher":{"@id":"https:\/\/teiaeducation.ch\/de\/#organization"},"alternateName":"Teia Education & Play","potentialAction":[{"@type":"SearchAction","target":{"@type":"EntryPoint","urlTemplate":"https:\/\/teiaeducation.ch\/de\/?s={search_term_string}"},"query-input":{"@type":"PropertyValueSpecification","valueRequired":true,"valueName":"search_term_string"}}],"inLanguage":"de-CH"},{"@type":"Organization","@id":"https:\/\/teiaeducation.ch\/de\/#organization","name":"Teia Education & Play","url":"https:\/\/teiaeducation.ch\/de\/","logo":{"@type":"ImageObject","inLanguage":"de-CH","@id":"https:\/\/teiaeducation.ch\/de\/#\/schema\/logo\/image\/","url":"https:\/\/teiaeducation.ch\/wp-content\/uploads\/2020\/11\/Teia-Education-Switzerland-e1620156442216.jpg","contentUrl":"https:\/\/teiaeducation.ch\/wp-content\/uploads\/2020\/11\/Teia-Education-Switzerland-e1620156442216.jpg","width":166,"height":145,"caption":"Teia Education & Play"},"image":{"@id":"https:\/\/teiaeducation.ch\/de\/#\/schema\/logo\/image\/"},"sameAs":["https:\/\/www.facebook.com\/teiaeducation\/","https:\/\/x.com\/EducationTeia","https:\/\/www.instagram.com\/teia.education\/","https:\/\/www.linkedin.com\/company\/35501660","https:\/\/www.pinterest.ch\/TeiaEducation\/"]}]}},"_links":{"self":[{"href":"https:\/\/teiaeducation.ch\/de\/wp-json\/wp\/v2\/product\/60759","targetHints":{"allow":["GET"]}}],"collection":[{"href":"https:\/\/teiaeducation.ch\/de\/wp-json\/wp\/v2\/product"}],"about":[{"href":"https:\/\/teiaeducation.ch\/de\/wp-json\/wp\/v2\/types\/product"}],"replies":[{"embeddable":true,"href":"https:\/\/teiaeducation.ch\/de\/wp-json\/wp\/v2\/comments?post=60759"}],"wp:featuredmedia":[{"embeddable":true,"href":"https:\/\/teiaeducation.ch\/de\/wp-json\/wp\/v2\/media\/60760"}],"wp:attachment":[{"href":"https:\/\/teiaeducation.ch\/de\/wp-json\/wp\/v2\/media?parent=60759"}],"wp:term":[{"taxonomy":"product_brand","embeddable":true,"href":"https:\/\/teiaeducation.ch\/de\/wp-json\/wp\/v2\/product_brand?post=60759"},{"taxonomy":"product_cat","embeddable":true,"href":"https:\/\/teiaeducation.ch\/de\/wp-json\/wp\/v2\/product_cat?post=60759"},{"taxonomy":"product_tag","embeddable":true,"href":"https:\/\/teiaeducation.ch\/de\/wp-json\/wp\/v2\/product_tag?post=60759"}],"curies":[{"name":"wp","href":"https:\/\/api.w.org\/{rel}","templated":true}]}}