{"id":60765,"date":"2022-07-30T13:18:35","date_gmt":"2022-07-30T11:18:35","guid":{"rendered":"https:\/\/teiaeducation.ch\/product\/runder-halter-aus-holz-fuer-stockmar-wachsmalstifte-und-wachsmalbloecke-threewood\/"},"modified":"2026-01-20T13:17:45","modified_gmt":"2026-01-20T12:17:45","slug":"runder-halter-aus-holz-fuer-stockmar-wachsmalstifte-und-wachsmalbloecke-threewood","status":"publish","type":"product","link":"https:\/\/teiaeducation.ch\/de\/produkt\/runder-halter-aus-holz-fuer-stockmar-wachsmalstifte-und-wachsmalbloecke-threewood\/","title":{"rendered":"Runder Halter aus Holz f\u00fcr Stockmar Wachsmalstifte &#038; Wachsmalbl\u00f6cke &#8211; Threewood"},"content":{"rendered":"<p>Der von der <a href=\"https:\/\/teiaeducation.ch\/de\/produkt-kategorie\/bildungsmethode\/waldorf-steiner-paedagogik\/\">Waldorf P\u00e4dagogik<\/a> inspirierte runder halter aus Holz von Threewood f\u00fcr die <a href=\"https:\/\/teiaeducation.ch\/product-category\/brands\/stockmar\/\">Stockmar<\/a> <a href=\"https:\/\/teiaeducation.ch\/product\/wax-stick-crayons-8-stockmar\/\">Wachsmalstifte<\/a> und <a href=\"https:\/\/teiaeducation.ch\/product\/wax-block-crayons-12-stockmar\/\">Wachsmalbl\u00f6cke<\/a> ist eine wunderbare handgefertigte Aufbewahrungsl\u00f6sung f\u00fcr kleine Picassos!<\/p>\n<p>Die Kinder werden inspiriert, mit ihren Wachsmalstifte und Wachsmalbl\u00f6cke zu arbeiten, da sie die gesamte <a href=\"https:\/\/teiaeducation.ch\/product-category\/learning-themes\/sensory-motor-skills\/learning-about-colour\/\">Farbpalette<\/a> auf einmal sehen k\u00f6nnen. Mit diesem leicht zu handhabenden und praktischen Halter wird die Zeit des <a href=\"https:\/\/teiaeducation.ch\/product-category\/creative-art-craft\/drawing-colouring\/\">Malen und Zeichenens<\/a> noch sch\u00f6ner. Diese durchdachte und liebevoll gefertigte Aufbewahrungsl\u00f6sung ist eine sch\u00f6ne Erg\u00e4nzung f\u00fcr jede kreative Ecke oder jeden Schreibtisch und eignet sich perfekt f\u00fcr den Gebrauch zu <a href=\"https:\/\/teiaeducation.ch\/product-category\/homeschool-supplies\/\">Hause<\/a> und in der <a href=\"https:\/\/teiaeducation.ch\/school-supplies-switzerland\/\">Schule<\/a>.<\/p>\n<p>Der wundersch\u00f6ne, nat\u00fcrliche und qualitativ hochwertige Halter wurde speziell f\u00fcr die Stockmar Wachsmalstifte und Wachsmalbl\u00f6cke entwickelt und erleichtert das Einsetzen und Herausnehmen der Farben auch f\u00fcr die kleinsten H\u00e4nde. Er wird in der Ukraine aus massiver Eiche handgefertigt und mit Natur\u00f6l behandelt.<\/p>\n<p>Die in vier Gr\u00f6\u00dfen erh\u00e4ltlichen Halter k\u00f6nnen jeweils 8, 12, 16 oder 24 Wachsmalstifte und Wachsmalbl\u00f6cke aufnehmen und haben ein ungef\u00e4hres Ma\u00df:<\/p>\n<p>8 Bl\u00f6cke und 8 Stifte: Durchmesser 13cm \/ Dicke 2,2cm<br \/>\n12 Bl\u00f6cke und 12 Stifte: Durchmesser 5,5 cm \/ Dicke 2,2 cm<br \/>\n16 Bl\u00f6cke und 16 Stifte: Durchmesser 16cm \/ Dicke 2,2cm<br \/>\n24 Bl\u00f6cke und 24 Stifte: Durchmesser 18,5 cm \/ Dicke 2,2 cm<\/p>\n<p>Inhalt:<\/p>\n<p>1 Halter aus Holz (bitte gew\u00fcnschte Gr\u00f6\u00dfe ausw\u00e4hlen!)<br \/>\n* Die abgebildeten Stockmar Wachsmalstifte und Wachsmalbl\u00f6cke sind nicht im Lieferumfang enthalten.<\/p>\n<h2>\u00dcber Threewood<\/h2>\n<p><a href=\"https:\/\/teiaeducation.ch\/product-category\/brands\/threewood\/\">Threewood<\/a> ist ein ukrainisches Ehepaar, Yuriy und Olga, das erstaunliche handgefertigte <a href=\"https:\/\/teiaeducation.ch\/product-category\/learning-themes\/\">Lernspielzeuge<\/a> und Materialien herstellt, die von der <a href=\"https:\/\/teiaeducation.ch\/product-category\/education-method\/the-montessori-pedagogy-materials-toys\/\">Montessori<\/a> P\u00e4dagogik inspiriert sind. Der Name Threewood steht f\u00fcr ihre drei Kinder und die Leidenschaft f\u00fcr die Arbeit mit Holz, die Yuriy von seinem Vater und Gro\u00dfvater geerbt hat.<\/p>\n<p>Diese <a href=\"https:\/\/teiaeducation.ch\/product-category\/hgh-quality-toys-play\/handmade-wooden-toys\/\">handgefertigten Holzspielzeuge<\/a> sind meist aus Eichenholz hergestellt und von h\u00f6chster Qualit\u00e4t und Design. Sie versprechen Langlebigkeit und spielerisches Lernen f\u00fcr Generationen!<\/p>\n","protected":false},"excerpt":{"rendered":"<p>Artikelnummer: TW003<\/p>\n<p>Der von Threewood Waldorf inspirierte, handgefertigte runde halter aus Holz ist speziell f\u00fcr die Stockmar Wachsmalstifte und Wachsmalbl\u00f6cke konzipiert!<\/p>\n","protected":false},"featured_media":60766,"comment_status":"open","ping_status":"closed","template":"","meta":[],"product_brand":[],"product_cat":[21445,21446,22033,21449,21479,21490,21484,22422,21447,21509,21481,21443,21563,21494,21495,21668,21672,21482,21564,21483,21450],"product_tag":[26978,26881,26887,26886,26945,26880,26882,29156,26883,26884,26947,26948,26885,26946,26879,26943,26944],"class_list":{"0":"post-60765","1":"product","2":"type-product","3":"status-publish","4":"has-post-thumbnail","6":"product_cat-3-6-jahre-vorschule","7":"product_cat-6-12-jahre-grundschule","8":"product_cat-adventskalender-geschenke-strumpffueller","9":"product_cat-bastelwerkzeuge-aufbewahrung","10":"product_cat-lernmaterialien-spielzeug-montessori-waldorf-steiner-froebel","11":"product_cat-geschenk-guide-kreativ","12":"product_cat-geschenk-guides","13":"product_cat-geschenke-fuer-das-osterkoerbchen","14":"product_cat-malen-basteln","15":"product_cat-lernthemen","16":"product_cat-montessori-paedagogik-material-spielzeug","17":"product_cat-nach-alter","18":"product_cat-neuheiten","19":"product_cat-schulbedarf-fuer-zuhause","20":"product_cat-schulbedarf-fuer-zuhause-3-6-jahre","21":"product_cat-stockmar-de","22":"product_cat-threewood-de","23":"product_cat-traditionelle-bildung","24":"product_cat-unsere-marken","25":"product_cat-waldorf-steiner-paedagogik","26":"product_cat-zeichnen-malen","27":"product_tag-alphabet-board-aus-holz-englisch-threewood","28":"product_tag-alphabet-lernspielzeug-aus-holz","29":"product_tag-buchstaben-und-worter-aus-holz","30":"product_tag-handgefertigte-montessori-lernspielzeug","31":"product_tag-handgefertigter-stockmar-wachsmalstifte-und-wachsmalblocke-aus-holz","32":"product_tag-handgefertigtes-lernspielzeug-aus-holz","33":"product_tag-hergestellt-in-der-ukraine","34":"product_tag-holz-alphabet-board-deutsch-grosbuchstaben-threewood","35":"product_tag-letter-board-englisch-threewood","36":"product_tag-montessori-inspiriertes-lernspielzeug","37":"product_tag-stockmar-wachsmalfarben-halter-aus-holz","38":"product_tag-stockmar-wachsmalstifte-und-wachsmalblocke-halter-threewood","39":"product_tag-threewood-alphabet-board-aus-holz","40":"product_tag-threewood-handgefertigter-buntstifthalter-aus-holz","41":"product_tag-threewood-montessori-spielzeug","42":"product_tag-waldorf-stockmar-wachsmalfarben-halter-aus-holz","43":"product_tag-waldorf-stockmar-wachsmalfarben-halter-aus-holz-de","45":"first","46":"instock","47":"taxable","48":"shipping-taxable","49":"purchasable","50":"product-type-variable","51":"has-default-attributes"},"yoast_head":"<!-- This site is optimized with the Yoast SEO plugin v27.3 - https:\/\/yoast.com\/product\/yoast-seo-wordpress\/ -->\n<title>Runder Halter aus Holz f\u00fcr Stockmar Wachsmalstifte und Wachsmalbl\u00f6cke \u2013 Threewood<\/title>\n<meta name=\"description\" content=\"Der von Threewood Waldorf inspirierte, handgefertigte runde halter aus Holz ist speziell f\u00fcr die Stockmar Wachsmalstifte und Wachsmalbl\u00f6cke konzipiert.\" \/>\n<meta name=\"robots\" content=\"index, follow, max-snippet:-1, max-image-preview:large, max-video-preview:-1\" \/>\n<link rel=\"canonical\" href=\"https:\/\/teiaeducation.ch\/de\/produkt\/runder-halter-aus-holz-fuer-stockmar-wachsmalstifte-und-wachsmalbloecke-threewood\/\" \/>\n<meta property=\"og:locale\" content=\"de_DE\" \/>\n<meta property=\"og:type\" content=\"article\" \/>\n<meta property=\"og:title\" content=\"Runder Halter aus Holz f\u00fcr Stockmar Wachsmalstifte und Wachsmalbl\u00f6cke \u2013 Threewood\" \/>\n<meta property=\"og:description\" content=\"Der von Threewood Waldorf inspirierte, handgefertigte runde halter aus Holz ist speziell f\u00fcr die Stockmar Wachsmalstifte und Wachsmalbl\u00f6cke konzipiert.\" \/>\n<meta property=\"og:url\" content=\"https:\/\/teiaeducation.ch\/de\/produkt\/runder-halter-aus-holz-fuer-stockmar-wachsmalstifte-und-wachsmalbloecke-threewood\/\" \/>\n<meta property=\"og:site_name\" content=\"Sustainable Educational Products &amp; Ecological Toys\u00a0\" \/>\n<meta property=\"article:publisher\" content=\"https:\/\/www.facebook.com\/teiaeducation\/\" \/>\n<meta property=\"article:modified_time\" content=\"2026-01-20T12:17:45+00:00\" \/>\n<meta property=\"og:image\" content=\"https:\/\/teiaeducation.ch\/wp-content\/uploads\/2021\/03\/Wooden-Stockmar-Crayon-Holder-Threewood-e1637426417749.jpg\" \/>\n\t<meta property=\"og:image:width\" content=\"900\" \/>\n\t<meta property=\"og:image:height\" content=\"900\" \/>\n\t<meta property=\"og:image:type\" content=\"image\/jpeg\" \/>\n<script type=\"application\/ld+json\" class=\"yoast-schema-graph\">{\"@context\":\"https:\\\/\\\/schema.org\",\"@graph\":[{\"@type\":\"WebPage\",\"@id\":\"https:\\\/\\\/teiaeducation.ch\\\/de\\\/produkt\\\/runder-halter-aus-holz-fuer-stockmar-wachsmalstifte-und-wachsmalbloecke-threewood\\\/\",\"url\":\"https:\\\/\\\/teiaeducation.ch\\\/de\\\/produkt\\\/runder-halter-aus-holz-fuer-stockmar-wachsmalstifte-und-wachsmalbloecke-threewood\\\/\",\"name\":\"Runder Halter aus Holz f\u00fcr Stockmar Wachsmalstifte und Wachsmalbl\u00f6cke \u2013 Threewood\",\"isPartOf\":{\"@id\":\"https:\\\/\\\/teiaeducation.ch\\\/de\\\/#website\"},\"primaryImageOfPage\":{\"@id\":\"https:\\\/\\\/teiaeducation.ch\\\/de\\\/produkt\\\/runder-halter-aus-holz-fuer-stockmar-wachsmalstifte-und-wachsmalbloecke-threewood\\\/#primaryimage\"},\"image\":{\"@id\":\"https:\\\/\\\/teiaeducation.ch\\\/de\\\/produkt\\\/runder-halter-aus-holz-fuer-stockmar-wachsmalstifte-und-wachsmalbloecke-threewood\\\/#primaryimage\"},\"thumbnailUrl\":\"https:\\\/\\\/teiaeducation.ch\\\/wp-content\\\/uploads\\\/2021\\\/03\\\/Wooden-Stockmar-Crayon-Holder-Threewood-e1637426417749.jpg\",\"datePublished\":\"2022-07-30T11:18:35+00:00\",\"dateModified\":\"2026-01-20T12:17:45+00:00\",\"description\":\"Der von Threewood Waldorf inspirierte, handgefertigte runde halter aus Holz ist speziell f\u00fcr die Stockmar Wachsmalstifte und Wachsmalbl\u00f6cke konzipiert.\",\"breadcrumb\":{\"@id\":\"https:\\\/\\\/teiaeducation.ch\\\/de\\\/produkt\\\/runder-halter-aus-holz-fuer-stockmar-wachsmalstifte-und-wachsmalbloecke-threewood\\\/#breadcrumb\"},\"inLanguage\":\"de-CH\",\"potentialAction\":[{\"@type\":\"ReadAction\",\"target\":[\"https:\\\/\\\/teiaeducation.ch\\\/de\\\/produkt\\\/runder-halter-aus-holz-fuer-stockmar-wachsmalstifte-und-wachsmalbloecke-threewood\\\/\"]}]},{\"@type\":\"ImageObject\",\"inLanguage\":\"de-CH\",\"@id\":\"https:\\\/\\\/teiaeducation.ch\\\/de\\\/produkt\\\/runder-halter-aus-holz-fuer-stockmar-wachsmalstifte-und-wachsmalbloecke-threewood\\\/#primaryimage\",\"url\":\"https:\\\/\\\/teiaeducation.ch\\\/wp-content\\\/uploads\\\/2021\\\/03\\\/Wooden-Stockmar-Crayon-Holder-Threewood-e1637426417749.jpg\",\"contentUrl\":\"https:\\\/\\\/teiaeducation.ch\\\/wp-content\\\/uploads\\\/2021\\\/03\\\/Wooden-Stockmar-Crayon-Holder-Threewood-e1637426417749.jpg\",\"width\":900,\"height\":900,\"caption\":\"Runder Halter aus Holz f\u00fcr Stockmar Wachsmalstifte und Wachsmalbl\u00f6cke - Threewood\"},{\"@type\":\"BreadcrumbList\",\"@id\":\"https:\\\/\\\/teiaeducation.ch\\\/de\\\/produkt\\\/runder-halter-aus-holz-fuer-stockmar-wachsmalstifte-und-wachsmalbloecke-threewood\\\/#breadcrumb\",\"itemListElement\":[{\"@type\":\"ListItem\",\"position\":1,\"name\":\"Home\",\"item\":\"https:\\\/\\\/teiaeducation.ch\\\/de\\\/\"},{\"@type\":\"ListItem\",\"position\":2,\"name\":\"Laden\",\"item\":\"https:\\\/\\\/teiaeducation.ch\\\/de\\\/shop\\\/\"},{\"@type\":\"ListItem\",\"position\":3,\"name\":\"Unsere Marken\",\"item\":\"https:\\\/\\\/teiaeducation.ch\\\/de\\\/produkt-kategorie\\\/unsere-marken\\\/\"},{\"@type\":\"ListItem\",\"position\":4,\"name\":\"Threewood\",\"item\":\"https:\\\/\\\/teiaeducation.ch\\\/de\\\/produkt-kategorie\\\/unsere-marken\\\/threewood-de\\\/\"},{\"@type\":\"ListItem\",\"position\":5,\"name\":\"Runder Halter aus Holz f\u00fcr Stockmar Wachsmalstifte &#038; Wachsmalbl\u00f6cke &#8211; Threewood\"}]},{\"@type\":\"WebSite\",\"@id\":\"https:\\\/\\\/teiaeducation.ch\\\/de\\\/#website\",\"url\":\"https:\\\/\\\/teiaeducation.ch\\\/de\\\/\",\"name\":\"Sustainable Educational Products &amp; Ecological Toys\u00a0\",\"description\":\"Specialised Swiss shop selling sustainable educational toys and games, AMI certified Montessori materials, handmade ecological wooden Waldorf toys and arts &amp; crafts supplies, school supplies, children&#039;s furniture and Montessori reference and parenting books.\",\"publisher\":{\"@id\":\"https:\\\/\\\/teiaeducation.ch\\\/de\\\/#organization\"},\"alternateName\":\"Teia Education & Play\",\"potentialAction\":[{\"@type\":\"SearchAction\",\"target\":{\"@type\":\"EntryPoint\",\"urlTemplate\":\"https:\\\/\\\/teiaeducation.ch\\\/de\\\/?s={search_term_string}\"},\"query-input\":{\"@type\":\"PropertyValueSpecification\",\"valueRequired\":true,\"valueName\":\"search_term_string\"}}],\"inLanguage\":\"de-CH\"},{\"@type\":\"Organization\",\"@id\":\"https:\\\/\\\/teiaeducation.ch\\\/de\\\/#organization\",\"name\":\"Teia Education & Play\",\"url\":\"https:\\\/\\\/teiaeducation.ch\\\/de\\\/\",\"logo\":{\"@type\":\"ImageObject\",\"inLanguage\":\"de-CH\",\"@id\":\"https:\\\/\\\/teiaeducation.ch\\\/de\\\/#\\\/schema\\\/logo\\\/image\\\/\",\"url\":\"https:\\\/\\\/teiaeducation.ch\\\/wp-content\\\/uploads\\\/2020\\\/11\\\/Teia-Education-Switzerland-e1620156442216.jpg\",\"contentUrl\":\"https:\\\/\\\/teiaeducation.ch\\\/wp-content\\\/uploads\\\/2020\\\/11\\\/Teia-Education-Switzerland-e1620156442216.jpg\",\"width\":166,\"height\":145,\"caption\":\"Teia Education & Play\"},\"image\":{\"@id\":\"https:\\\/\\\/teiaeducation.ch\\\/de\\\/#\\\/schema\\\/logo\\\/image\\\/\"},\"sameAs\":[\"https:\\\/\\\/www.facebook.com\\\/teiaeducation\\\/\",\"https:\\\/\\\/x.com\\\/EducationTeia\",\"https:\\\/\\\/www.instagram.com\\\/teia.education\\\/\",\"https:\\\/\\\/www.linkedin.com\\\/company\\\/35501660\",\"https:\\\/\\\/www.pinterest.ch\\\/TeiaEducation\\\/\"]}]}<\/script>\n<!-- \/ Yoast SEO plugin. -->","yoast_head_json":{"title":"Runder Halter aus Holz f\u00fcr Stockmar Wachsmalstifte und Wachsmalbl\u00f6cke \u2013 Threewood","description":"Der von Threewood Waldorf inspirierte, handgefertigte runde halter aus Holz ist speziell f\u00fcr die Stockmar Wachsmalstifte und Wachsmalbl\u00f6cke konzipiert.","robots":{"index":"index","follow":"follow","max-snippet":"max-snippet:-1","max-image-preview":"max-image-preview:large","max-video-preview":"max-video-preview:-1"},"canonical":"https:\/\/teiaeducation.ch\/de\/produkt\/runder-halter-aus-holz-fuer-stockmar-wachsmalstifte-und-wachsmalbloecke-threewood\/","og_locale":"de_DE","og_type":"article","og_title":"Runder Halter aus Holz f\u00fcr Stockmar Wachsmalstifte und Wachsmalbl\u00f6cke \u2013 Threewood","og_description":"Der von Threewood Waldorf inspirierte, handgefertigte runde halter aus Holz ist speziell f\u00fcr die Stockmar Wachsmalstifte und Wachsmalbl\u00f6cke konzipiert.","og_url":"https:\/\/teiaeducation.ch\/de\/produkt\/runder-halter-aus-holz-fuer-stockmar-wachsmalstifte-und-wachsmalbloecke-threewood\/","og_site_name":"Sustainable Educational Products &amp; Ecological Toys\u00a0","article_publisher":"https:\/\/www.facebook.com\/teiaeducation\/","article_modified_time":"2026-01-20T12:17:45+00:00","og_image":[{"width":900,"height":900,"url":"https:\/\/teiaeducation.ch\/wp-content\/uploads\/2021\/03\/Wooden-Stockmar-Crayon-Holder-Threewood-e1637426417749.jpg","type":"image\/jpeg"}],"schema":{"@context":"https:\/\/schema.org","@graph":[{"@type":"WebPage","@id":"https:\/\/teiaeducation.ch\/de\/produkt\/runder-halter-aus-holz-fuer-stockmar-wachsmalstifte-und-wachsmalbloecke-threewood\/","url":"https:\/\/teiaeducation.ch\/de\/produkt\/runder-halter-aus-holz-fuer-stockmar-wachsmalstifte-und-wachsmalbloecke-threewood\/","name":"Runder Halter aus Holz f\u00fcr Stockmar Wachsmalstifte und Wachsmalbl\u00f6cke \u2013 Threewood","isPartOf":{"@id":"https:\/\/teiaeducation.ch\/de\/#website"},"primaryImageOfPage":{"@id":"https:\/\/teiaeducation.ch\/de\/produkt\/runder-halter-aus-holz-fuer-stockmar-wachsmalstifte-und-wachsmalbloecke-threewood\/#primaryimage"},"image":{"@id":"https:\/\/teiaeducation.ch\/de\/produkt\/runder-halter-aus-holz-fuer-stockmar-wachsmalstifte-und-wachsmalbloecke-threewood\/#primaryimage"},"thumbnailUrl":"https:\/\/teiaeducation.ch\/wp-content\/uploads\/2021\/03\/Wooden-Stockmar-Crayon-Holder-Threewood-e1637426417749.jpg","datePublished":"2022-07-30T11:18:35+00:00","dateModified":"2026-01-20T12:17:45+00:00","description":"Der von Threewood Waldorf inspirierte, handgefertigte runde halter aus Holz ist speziell f\u00fcr die Stockmar Wachsmalstifte und Wachsmalbl\u00f6cke konzipiert.","breadcrumb":{"@id":"https:\/\/teiaeducation.ch\/de\/produkt\/runder-halter-aus-holz-fuer-stockmar-wachsmalstifte-und-wachsmalbloecke-threewood\/#breadcrumb"},"inLanguage":"de-CH","potentialAction":[{"@type":"ReadAction","target":["https:\/\/teiaeducation.ch\/de\/produkt\/runder-halter-aus-holz-fuer-stockmar-wachsmalstifte-und-wachsmalbloecke-threewood\/"]}]},{"@type":"ImageObject","inLanguage":"de-CH","@id":"https:\/\/teiaeducation.ch\/de\/produkt\/runder-halter-aus-holz-fuer-stockmar-wachsmalstifte-und-wachsmalbloecke-threewood\/#primaryimage","url":"https:\/\/teiaeducation.ch\/wp-content\/uploads\/2021\/03\/Wooden-Stockmar-Crayon-Holder-Threewood-e1637426417749.jpg","contentUrl":"https:\/\/teiaeducation.ch\/wp-content\/uploads\/2021\/03\/Wooden-Stockmar-Crayon-Holder-Threewood-e1637426417749.jpg","width":900,"height":900,"caption":"Runder Halter aus Holz f\u00fcr Stockmar Wachsmalstifte und Wachsmalbl\u00f6cke - Threewood"},{"@type":"BreadcrumbList","@id":"https:\/\/teiaeducation.ch\/de\/produkt\/runder-halter-aus-holz-fuer-stockmar-wachsmalstifte-und-wachsmalbloecke-threewood\/#breadcrumb","itemListElement":[{"@type":"ListItem","position":1,"name":"Home","item":"https:\/\/teiaeducation.ch\/de\/"},{"@type":"ListItem","position":2,"name":"Laden","item":"https:\/\/teiaeducation.ch\/de\/shop\/"},{"@type":"ListItem","position":3,"name":"Unsere Marken","item":"https:\/\/teiaeducation.ch\/de\/produkt-kategorie\/unsere-marken\/"},{"@type":"ListItem","position":4,"name":"Threewood","item":"https:\/\/teiaeducation.ch\/de\/produkt-kategorie\/unsere-marken\/threewood-de\/"},{"@type":"ListItem","position":5,"name":"Runder Halter aus Holz f\u00fcr Stockmar Wachsmalstifte &#038; Wachsmalbl\u00f6cke &#8211; Threewood"}]},{"@type":"WebSite","@id":"https:\/\/teiaeducation.ch\/de\/#website","url":"https:\/\/teiaeducation.ch\/de\/","name":"Sustainable Educational Products &amp; Ecological Toys\u00a0","description":"Specialised Swiss shop selling sustainable educational toys and games, AMI certified Montessori materials, handmade ecological wooden Waldorf toys and arts &amp; crafts supplies, school supplies, children&#039;s furniture and Montessori reference and parenting books.","publisher":{"@id":"https:\/\/teiaeducation.ch\/de\/#organization"},"alternateName":"Teia Education & Play","potentialAction":[{"@type":"SearchAction","target":{"@type":"EntryPoint","urlTemplate":"https:\/\/teiaeducation.ch\/de\/?s={search_term_string}"},"query-input":{"@type":"PropertyValueSpecification","valueRequired":true,"valueName":"search_term_string"}}],"inLanguage":"de-CH"},{"@type":"Organization","@id":"https:\/\/teiaeducation.ch\/de\/#organization","name":"Teia Education & Play","url":"https:\/\/teiaeducation.ch\/de\/","logo":{"@type":"ImageObject","inLanguage":"de-CH","@id":"https:\/\/teiaeducation.ch\/de\/#\/schema\/logo\/image\/","url":"https:\/\/teiaeducation.ch\/wp-content\/uploads\/2020\/11\/Teia-Education-Switzerland-e1620156442216.jpg","contentUrl":"https:\/\/teiaeducation.ch\/wp-content\/uploads\/2020\/11\/Teia-Education-Switzerland-e1620156442216.jpg","width":166,"height":145,"caption":"Teia Education & Play"},"image":{"@id":"https:\/\/teiaeducation.ch\/de\/#\/schema\/logo\/image\/"},"sameAs":["https:\/\/www.facebook.com\/teiaeducation\/","https:\/\/x.com\/EducationTeia","https:\/\/www.instagram.com\/teia.education\/","https:\/\/www.linkedin.com\/company\/35501660","https:\/\/www.pinterest.ch\/TeiaEducation\/"]}]}},"_links":{"self":[{"href":"https:\/\/teiaeducation.ch\/de\/wp-json\/wp\/v2\/product\/60765","targetHints":{"allow":["GET"]}}],"collection":[{"href":"https:\/\/teiaeducation.ch\/de\/wp-json\/wp\/v2\/product"}],"about":[{"href":"https:\/\/teiaeducation.ch\/de\/wp-json\/wp\/v2\/types\/product"}],"replies":[{"embeddable":true,"href":"https:\/\/teiaeducation.ch\/de\/wp-json\/wp\/v2\/comments?post=60765"}],"wp:featuredmedia":[{"embeddable":true,"href":"https:\/\/teiaeducation.ch\/de\/wp-json\/wp\/v2\/media\/60766"}],"wp:attachment":[{"href":"https:\/\/teiaeducation.ch\/de\/wp-json\/wp\/v2\/media?parent=60765"}],"wp:term":[{"taxonomy":"product_brand","embeddable":true,"href":"https:\/\/teiaeducation.ch\/de\/wp-json\/wp\/v2\/product_brand?post=60765"},{"taxonomy":"product_cat","embeddable":true,"href":"https:\/\/teiaeducation.ch\/de\/wp-json\/wp\/v2\/product_cat?post=60765"},{"taxonomy":"product_tag","embeddable":true,"href":"https:\/\/teiaeducation.ch\/de\/wp-json\/wp\/v2\/product_tag?post=60765"}],"curies":[{"name":"wp","href":"https:\/\/api.w.org\/{rel}","templated":true}]}}