{"id":60771,"date":"2021-10-08T15:55:04","date_gmt":"2021-10-08T13:55:04","guid":{"rendered":"https:\/\/teiaeducation.ch\/product\/regenbogen-board-aus-holz-threewood\/"},"modified":"2024-12-15T10:40:50","modified_gmt":"2024-12-15T09:40:50","slug":"regenbogen-board-aus-holz-threewood","status":"publish","type":"product","link":"https:\/\/teiaeducation.ch\/de\/produkt\/regenbogen-board-aus-holz-threewood\/","title":{"rendered":"Regenbogen Board Zahlen 1-10 aus Holz &#8211; Threewood"},"content":{"rendered":"<p>Das Regenbogen Board aus Holz von Threewood mit den Zahlen 1 bis 10 ist ein wunderbares handgefertigtes, von Montessori inspiriertes <a href=\"https:\/\/teiaeducation.ch\/product-category\/learning-themes\/mathematics-numeracy\/\">Mathe<\/a>-Lernspielzeug f\u00fcr kleine Kinder!<\/p>\n<p>Kinder werden viel Spa\u00df daran haben, die Linien des Regenbogens mit dem Zeigefinger oder dem mitgelieferten Holzstift nachzuzeichnen und dabei ihre Feinmotorik zu verfeinern. <a href=\"https:\/\/teiaeducation.ch\/product-category\/learning-themes\/sensory-motor-skills\/motor-skills\/\">Motorik<\/a> und St\u00e4rkung der H\u00e4nde in Vorbereitung auf das <a href=\"https:\/\/teiaeducation.ch\/product-category\/learning-themes\/literacy-language\/learning-to-write\/\">Schreiben<\/a>!<\/p>\n<p>Um das <a href=\"https:\/\/teiaeducation.ch\/product-category\/learning-themes\/mathematics-numeracy\/numbers\/\">Z\u00e4hlen<\/a> zu \u00fcben, wird die entsprechende Anzahl von Filzkugeln in die kleinen Regenbogenb\u00f6gen auf der Tafel gelegt. Sie k\u00f6nnen auch zum <a href=\"https:\/\/teiaeducation.ch\/product-category\/creative-art-craft\/\">kreativen Spiel<\/a> verwendet werden, um den Regenbogen mit seinen leuchtenden, sch\u00f6nen <a href=\"https:\/\/teiaeducation.ch\/product-category\/learning-themes\/sensory-motor-skills\/learning-about-colour\/\">Farben<\/a> zu dekorieren. Mit diesem durchdachten und liebevoll gestalteten Lernspielzeug wird das <a href=\"https:\/\/teiaeducation.ch\/product-category\/learning-themes\/mathematics-numeracy\/counting\/\">Z\u00e4hlen<\/a> und Erkennen von Zahlen zu einem unterhaltsamen und praktischen Spiel, das sich perfekt f\u00fcr das <a href=\"https:\/\/teiaeducation.ch\/product-category\/hgh-quality-toys-play\/montessori-toys\/\">Montessori<\/a>-Lernen und -Spielen zu Hause eignet.<\/p>\n<p>Dieses wundersch\u00f6ne, nat\u00fcrliche und qualitativ hochwertige taktile Lernspielzeug ist aus massivem Eichenholz handgefertigt und enth\u00e4lt 55 Filzkugeln in den Farben des Regenbogens, zwei Holzstifte zum Nachzeichnen, 2 Glasmurmeln und einen sch\u00f6nen kleinen Leinenbeutel zur Aufbewahrung der Filzkugeln.<\/p>\n<p>Das Regenbogen Board aus massivem Eichenholz ist mit Natur\u00f6l behandelt und misst 36 x 20 cm bei einer Dicke von 1,8 cm. Die Stifte sind aus Sperrholz, die Murmeln aus Glas und die Kugeln aus reiner Wolle gefertigt. Dieses Board wird in der Ukraine von Hand gefertigt.<\/p>\n<p>Inhalt:<\/p>\n<p>1 Regenbogen Board aus Eichenholz<br \/>\n55 Filzkugeln<br \/>\n2 Holzstifte<br \/>\n2 Glasmurmeln<br \/>\n1 Leinensack zur Aufbewahrung der Filzkugeln<\/p>\n<h2>\u00dcber Threewood<\/h2>\n<p><a href=\"https:\/\/teiaeducation.ch\/product-category\/brands\/threewood\/\">Threewood<\/a> ist ein ukrainisches Ehepaar, Yuriy und Olga, das erstaunliche handgefertigte <a href=\"https:\/\/teiaeducation.ch\/product-category\/learning-themes\/\">Lernspielzeuge<\/a> und Materialien herstellt, die von der <a href=\"https:\/\/teiaeducation.ch\/product-category\/education-method\/the-montessori-pedagogy-materials-toys\/\">Montessori<\/a> P\u00e4dagogik inspiriert sind. Der Name Threewood steht f\u00fcr ihre drei Kinder und die Leidenschaft f\u00fcr die Arbeit mit Holz, die Yuriy von seinem Vater und Gro\u00dfvater geerbt hat.<\/p>\n<p>Diese <a href=\"https:\/\/teiaeducation.ch\/product-category\/hgh-quality-toys-play\/handmade-wooden-toys\/\">handgefertigten Holzspielzeuge<\/a> sind meist aus Eichenholz hergestellt und von h\u00f6chster Qualit\u00e4t und Design. Sie versprechen Langlebigkeit und spielerisches Lernen f\u00fcr Generationen!<\/p>\n","protected":false},"excerpt":{"rendered":"<p>Artikelnummer: TW011<\/p>\n<p>Das Threewood Regenbogen Board aus Holz mit Filzkugeln ist ein wunderbares, handgefertigtes, von Montessori inspiriertes Mathe-Lernspielzeug f\u00fcr kleine Kinder!<\/p>\n","protected":false},"featured_media":57495,"comment_status":"open","ping_status":"closed","template":"","meta":[],"product_brand":[],"product_cat":[21445,21446,21524,21479,21558,21670,21491,21484,23075,21509,21537,21498,21481,22182,21559,21443,21563,22362,21531,21494,21495,21557,21695,23636,21678,21672,21482,21564,24314,21540,21547],"product_tag":[26978,26979,26881,26887,26886,26880,26882,26888,26883,26884,29157,29158,26885,26879],"class_list":{"0":"post-60771","1":"product","2":"type-product","3":"status-publish","4":"has-post-thumbnail","6":"product_cat-3-6-jahre-vorschule","7":"product_cat-6-12-jahre-grundschule","8":"product_cat-alphabetisierung-sprache","9":"product_cat-lernmaterialien-spielzeug-montessori-waldorf-steiner-froebel","10":"product_cat-farbe-lernen","11":"product_cat-fruehjahrskollektion","12":"product_cat-geschenk-guide-lerngeschenke","13":"product_cat-geschenk-guides","14":"product_cat-handgefertigtes-holzspielzeug","15":"product_cat-lernthemen","16":"product_cat-mathematik-rechnen","17":"product_cat-montessori-materialien-fuer-zuhause-schulbedarf-fuer-zuhause","18":"product_cat-montessori-paedagogik-material-spielzeug","19":"product_cat-montessori-spielzeug","20":"product_cat-motorische-fertigkeiten","21":"product_cat-nach-alter","22":"product_cat-neuheiten","23":"product_cat-saisonale-kollektionen","24":"product_cat-schreiben-lernen","25":"product_cat-schulbedarf-fuer-zuhause","26":"product_cat-schulbedarf-fuer-zuhause-3-6-jahre","27":"product_cat-sensorische-motorische-fertigkeiten","28":"product_cat-sinnliches-spiel","29":"product_cat-sommer-kollektion","30":"product_cat-kinder-spielzeug","31":"product_cat-threewood-de","32":"product_cat-traditionelle-bildung","33":"product_cat-unsere-marken","34":"product_cat-valentinstag","35":"product_cat-zaehlen","36":"product_cat-ziffern","37":"product_tag-alphabet-board-aus-holz-englisch-threewood","38":"product_tag-alphabet-board-aus-holz-englisch-threewood-de","39":"product_tag-alphabet-lernspielzeug-aus-holz","40":"product_tag-buchstaben-und-worter-aus-holz","41":"product_tag-handgefertigte-montessori-lernspielzeug","42":"product_tag-handgefertigtes-lernspielzeug-aus-holz","43":"product_tag-hergestellt-in-der-ukraine","44":"product_tag-letter-board-aus-holz-threewood","45":"product_tag-letter-board-englisch-threewood","46":"product_tag-montessori-inspiriertes-lernspielzeug","47":"product_tag-regenbogen-board-aus-holz-threewood","48":"product_tag-regenbogen-board-aus-holz-threewood-de","49":"product_tag-threewood-alphabet-board-aus-holz","50":"product_tag-threewood-montessori-spielzeug","52":"first","53":"instock","54":"taxable","55":"shipping-taxable","56":"purchasable","57":"product-type-simple"},"yoast_head":"<!-- This site is optimized with the Yoast SEO plugin v27.3 - https:\/\/yoast.com\/product\/yoast-seo-wordpress\/ -->\n<title>Regenbogen Board aus Holz \u2013 Threewood<\/title>\n<meta name=\"description\" content=\"Das Threewood Regenbogen Board aus Holz mit Filzkugeln ist ein wunderbares, handgefertigtes, von Montessori inspiriertes Lernspielzeug f\u00fcr Mathe!\" \/>\n<meta name=\"robots\" content=\"index, follow, max-snippet:-1, max-image-preview:large, max-video-preview:-1\" \/>\n<link rel=\"canonical\" href=\"https:\/\/teiaeducation.ch\/de\/produkt\/regenbogen-board-aus-holz-threewood\/\" \/>\n<meta property=\"og:locale\" content=\"de_DE\" \/>\n<meta property=\"og:type\" content=\"article\" \/>\n<meta property=\"og:title\" content=\"Regenbogen Board aus Holz \u2013 Threewood\" \/>\n<meta property=\"og:description\" content=\"Das Threewood Regenbogen Board aus Holz mit Filzkugeln ist ein wunderbares, handgefertigtes, von Montessori inspiriertes Lernspielzeug f\u00fcr Mathe!\" \/>\n<meta property=\"og:url\" content=\"https:\/\/teiaeducation.ch\/de\/produkt\/regenbogen-board-aus-holz-threewood\/\" \/>\n<meta property=\"og:site_name\" content=\"Sustainable Educational Products &amp; Ecological Toys\u00a0\" \/>\n<meta property=\"article:publisher\" content=\"https:\/\/www.facebook.com\/teiaeducation\/\" \/>\n<meta property=\"article:modified_time\" content=\"2024-12-15T09:40:50+00:00\" \/>\n<meta property=\"og:image\" content=\"https:\/\/teiaeducation.ch\/wp-content\/uploads\/2021\/10\/Handmade-Montessori-inspired-learning-toy-Wooden-rainbow-tracing-board-Threewood-scaled.webp\" \/>\n\t<meta property=\"og:image:width\" content=\"2048\" \/>\n\t<meta property=\"og:image:height\" content=\"1536\" \/>\n\t<meta property=\"og:image:type\" content=\"image\/webp\" \/>\n<script type=\"application\/ld+json\" class=\"yoast-schema-graph\">{\"@context\":\"https:\\\/\\\/schema.org\",\"@graph\":[{\"@type\":\"WebPage\",\"@id\":\"https:\\\/\\\/teiaeducation.ch\\\/de\\\/produkt\\\/regenbogen-board-aus-holz-threewood\\\/\",\"url\":\"https:\\\/\\\/teiaeducation.ch\\\/de\\\/produkt\\\/regenbogen-board-aus-holz-threewood\\\/\",\"name\":\"Regenbogen Board aus Holz \u2013 Threewood\",\"isPartOf\":{\"@id\":\"https:\\\/\\\/teiaeducation.ch\\\/de\\\/#website\"},\"primaryImageOfPage\":{\"@id\":\"https:\\\/\\\/teiaeducation.ch\\\/de\\\/produkt\\\/regenbogen-board-aus-holz-threewood\\\/#primaryimage\"},\"image\":{\"@id\":\"https:\\\/\\\/teiaeducation.ch\\\/de\\\/produkt\\\/regenbogen-board-aus-holz-threewood\\\/#primaryimage\"},\"thumbnailUrl\":\"https:\\\/\\\/teiaeducation.ch\\\/wp-content\\\/uploads\\\/2021\\\/10\\\/Handmade-Montessori-inspired-learning-toy-Wooden-rainbow-tracing-board-Threewood-scaled.webp\",\"datePublished\":\"2021-10-08T13:55:04+00:00\",\"dateModified\":\"2024-12-15T09:40:50+00:00\",\"description\":\"Das Threewood Regenbogen Board aus Holz mit Filzkugeln ist ein wunderbares, handgefertigtes, von Montessori inspiriertes Lernspielzeug f\u00fcr Mathe!\",\"breadcrumb\":{\"@id\":\"https:\\\/\\\/teiaeducation.ch\\\/de\\\/produkt\\\/regenbogen-board-aus-holz-threewood\\\/#breadcrumb\"},\"inLanguage\":\"de-CH\",\"potentialAction\":[{\"@type\":\"ReadAction\",\"target\":[\"https:\\\/\\\/teiaeducation.ch\\\/de\\\/produkt\\\/regenbogen-board-aus-holz-threewood\\\/\"]}]},{\"@type\":\"ImageObject\",\"inLanguage\":\"de-CH\",\"@id\":\"https:\\\/\\\/teiaeducation.ch\\\/de\\\/produkt\\\/regenbogen-board-aus-holz-threewood\\\/#primaryimage\",\"url\":\"https:\\\/\\\/teiaeducation.ch\\\/wp-content\\\/uploads\\\/2021\\\/10\\\/Handmade-Montessori-inspired-learning-toy-Wooden-rainbow-tracing-board-Threewood-scaled.webp\",\"contentUrl\":\"https:\\\/\\\/teiaeducation.ch\\\/wp-content\\\/uploads\\\/2021\\\/10\\\/Handmade-Montessori-inspired-learning-toy-Wooden-rainbow-tracing-board-Threewood-scaled.webp\",\"width\":2048,\"height\":1536,\"caption\":\"Handgefertigtes Montessori inspiriertes Lernspielzeug Regenbogen Board aus Holz Threewood\"},{\"@type\":\"BreadcrumbList\",\"@id\":\"https:\\\/\\\/teiaeducation.ch\\\/de\\\/produkt\\\/regenbogen-board-aus-holz-threewood\\\/#breadcrumb\",\"itemListElement\":[{\"@type\":\"ListItem\",\"position\":1,\"name\":\"Home\",\"item\":\"https:\\\/\\\/teiaeducation.ch\\\/de\\\/\"},{\"@type\":\"ListItem\",\"position\":2,\"name\":\"Laden\",\"item\":\"https:\\\/\\\/teiaeducation.ch\\\/de\\\/shop\\\/\"},{\"@type\":\"ListItem\",\"position\":3,\"name\":\"Unsere Marken\",\"item\":\"https:\\\/\\\/teiaeducation.ch\\\/de\\\/produkt-kategorie\\\/unsere-marken\\\/\"},{\"@type\":\"ListItem\",\"position\":4,\"name\":\"Threewood\",\"item\":\"https:\\\/\\\/teiaeducation.ch\\\/de\\\/produkt-kategorie\\\/unsere-marken\\\/threewood-de\\\/\"},{\"@type\":\"ListItem\",\"position\":5,\"name\":\"Regenbogen Board Zahlen 1-10 aus Holz &#8211; Threewood\"}]},{\"@type\":\"WebSite\",\"@id\":\"https:\\\/\\\/teiaeducation.ch\\\/de\\\/#website\",\"url\":\"https:\\\/\\\/teiaeducation.ch\\\/de\\\/\",\"name\":\"Sustainable Educational Products &amp; Ecological Toys\u00a0\",\"description\":\"Specialised Swiss shop selling sustainable educational toys and games, AMI certified Montessori materials, handmade ecological wooden Waldorf toys and arts &amp; crafts supplies, school supplies, children&#039;s furniture and Montessori reference and parenting books.\",\"publisher\":{\"@id\":\"https:\\\/\\\/teiaeducation.ch\\\/de\\\/#organization\"},\"alternateName\":\"Teia Education & Play\",\"potentialAction\":[{\"@type\":\"SearchAction\",\"target\":{\"@type\":\"EntryPoint\",\"urlTemplate\":\"https:\\\/\\\/teiaeducation.ch\\\/de\\\/?s={search_term_string}\"},\"query-input\":{\"@type\":\"PropertyValueSpecification\",\"valueRequired\":true,\"valueName\":\"search_term_string\"}}],\"inLanguage\":\"de-CH\"},{\"@type\":\"Organization\",\"@id\":\"https:\\\/\\\/teiaeducation.ch\\\/de\\\/#organization\",\"name\":\"Teia Education & Play\",\"url\":\"https:\\\/\\\/teiaeducation.ch\\\/de\\\/\",\"logo\":{\"@type\":\"ImageObject\",\"inLanguage\":\"de-CH\",\"@id\":\"https:\\\/\\\/teiaeducation.ch\\\/de\\\/#\\\/schema\\\/logo\\\/image\\\/\",\"url\":\"https:\\\/\\\/teiaeducation.ch\\\/wp-content\\\/uploads\\\/2020\\\/11\\\/Teia-Education-Switzerland-e1620156442216.jpg\",\"contentUrl\":\"https:\\\/\\\/teiaeducation.ch\\\/wp-content\\\/uploads\\\/2020\\\/11\\\/Teia-Education-Switzerland-e1620156442216.jpg\",\"width\":166,\"height\":145,\"caption\":\"Teia Education & Play\"},\"image\":{\"@id\":\"https:\\\/\\\/teiaeducation.ch\\\/de\\\/#\\\/schema\\\/logo\\\/image\\\/\"},\"sameAs\":[\"https:\\\/\\\/www.facebook.com\\\/teiaeducation\\\/\",\"https:\\\/\\\/x.com\\\/EducationTeia\",\"https:\\\/\\\/www.instagram.com\\\/teia.education\\\/\",\"https:\\\/\\\/www.linkedin.com\\\/company\\\/35501660\",\"https:\\\/\\\/www.pinterest.ch\\\/TeiaEducation\\\/\"]}]}<\/script>\n<!-- \/ Yoast SEO plugin. -->","yoast_head_json":{"title":"Regenbogen Board aus Holz \u2013 Threewood","description":"Das Threewood Regenbogen Board aus Holz mit Filzkugeln ist ein wunderbares, handgefertigtes, von Montessori inspiriertes Lernspielzeug f\u00fcr Mathe!","robots":{"index":"index","follow":"follow","max-snippet":"max-snippet:-1","max-image-preview":"max-image-preview:large","max-video-preview":"max-video-preview:-1"},"canonical":"https:\/\/teiaeducation.ch\/de\/produkt\/regenbogen-board-aus-holz-threewood\/","og_locale":"de_DE","og_type":"article","og_title":"Regenbogen Board aus Holz \u2013 Threewood","og_description":"Das Threewood Regenbogen Board aus Holz mit Filzkugeln ist ein wunderbares, handgefertigtes, von Montessori inspiriertes Lernspielzeug f\u00fcr Mathe!","og_url":"https:\/\/teiaeducation.ch\/de\/produkt\/regenbogen-board-aus-holz-threewood\/","og_site_name":"Sustainable Educational Products &amp; Ecological Toys\u00a0","article_publisher":"https:\/\/www.facebook.com\/teiaeducation\/","article_modified_time":"2024-12-15T09:40:50+00:00","og_image":[{"width":2048,"height":1536,"url":"https:\/\/teiaeducation.ch\/wp-content\/uploads\/2021\/10\/Handmade-Montessori-inspired-learning-toy-Wooden-rainbow-tracing-board-Threewood-scaled.webp","type":"image\/webp"}],"schema":{"@context":"https:\/\/schema.org","@graph":[{"@type":"WebPage","@id":"https:\/\/teiaeducation.ch\/de\/produkt\/regenbogen-board-aus-holz-threewood\/","url":"https:\/\/teiaeducation.ch\/de\/produkt\/regenbogen-board-aus-holz-threewood\/","name":"Regenbogen Board aus Holz \u2013 Threewood","isPartOf":{"@id":"https:\/\/teiaeducation.ch\/de\/#website"},"primaryImageOfPage":{"@id":"https:\/\/teiaeducation.ch\/de\/produkt\/regenbogen-board-aus-holz-threewood\/#primaryimage"},"image":{"@id":"https:\/\/teiaeducation.ch\/de\/produkt\/regenbogen-board-aus-holz-threewood\/#primaryimage"},"thumbnailUrl":"https:\/\/teiaeducation.ch\/wp-content\/uploads\/2021\/10\/Handmade-Montessori-inspired-learning-toy-Wooden-rainbow-tracing-board-Threewood-scaled.webp","datePublished":"2021-10-08T13:55:04+00:00","dateModified":"2024-12-15T09:40:50+00:00","description":"Das Threewood Regenbogen Board aus Holz mit Filzkugeln ist ein wunderbares, handgefertigtes, von Montessori inspiriertes Lernspielzeug f\u00fcr Mathe!","breadcrumb":{"@id":"https:\/\/teiaeducation.ch\/de\/produkt\/regenbogen-board-aus-holz-threewood\/#breadcrumb"},"inLanguage":"de-CH","potentialAction":[{"@type":"ReadAction","target":["https:\/\/teiaeducation.ch\/de\/produkt\/regenbogen-board-aus-holz-threewood\/"]}]},{"@type":"ImageObject","inLanguage":"de-CH","@id":"https:\/\/teiaeducation.ch\/de\/produkt\/regenbogen-board-aus-holz-threewood\/#primaryimage","url":"https:\/\/teiaeducation.ch\/wp-content\/uploads\/2021\/10\/Handmade-Montessori-inspired-learning-toy-Wooden-rainbow-tracing-board-Threewood-scaled.webp","contentUrl":"https:\/\/teiaeducation.ch\/wp-content\/uploads\/2021\/10\/Handmade-Montessori-inspired-learning-toy-Wooden-rainbow-tracing-board-Threewood-scaled.webp","width":2048,"height":1536,"caption":"Handgefertigtes Montessori inspiriertes Lernspielzeug Regenbogen Board aus Holz Threewood"},{"@type":"BreadcrumbList","@id":"https:\/\/teiaeducation.ch\/de\/produkt\/regenbogen-board-aus-holz-threewood\/#breadcrumb","itemListElement":[{"@type":"ListItem","position":1,"name":"Home","item":"https:\/\/teiaeducation.ch\/de\/"},{"@type":"ListItem","position":2,"name":"Laden","item":"https:\/\/teiaeducation.ch\/de\/shop\/"},{"@type":"ListItem","position":3,"name":"Unsere Marken","item":"https:\/\/teiaeducation.ch\/de\/produkt-kategorie\/unsere-marken\/"},{"@type":"ListItem","position":4,"name":"Threewood","item":"https:\/\/teiaeducation.ch\/de\/produkt-kategorie\/unsere-marken\/threewood-de\/"},{"@type":"ListItem","position":5,"name":"Regenbogen Board Zahlen 1-10 aus Holz &#8211; Threewood"}]},{"@type":"WebSite","@id":"https:\/\/teiaeducation.ch\/de\/#website","url":"https:\/\/teiaeducation.ch\/de\/","name":"Sustainable Educational Products &amp; Ecological Toys\u00a0","description":"Specialised Swiss shop selling sustainable educational toys and games, AMI certified Montessori materials, handmade ecological wooden Waldorf toys and arts &amp; crafts supplies, school supplies, children&#039;s furniture and Montessori reference and parenting books.","publisher":{"@id":"https:\/\/teiaeducation.ch\/de\/#organization"},"alternateName":"Teia Education & Play","potentialAction":[{"@type":"SearchAction","target":{"@type":"EntryPoint","urlTemplate":"https:\/\/teiaeducation.ch\/de\/?s={search_term_string}"},"query-input":{"@type":"PropertyValueSpecification","valueRequired":true,"valueName":"search_term_string"}}],"inLanguage":"de-CH"},{"@type":"Organization","@id":"https:\/\/teiaeducation.ch\/de\/#organization","name":"Teia Education & Play","url":"https:\/\/teiaeducation.ch\/de\/","logo":{"@type":"ImageObject","inLanguage":"de-CH","@id":"https:\/\/teiaeducation.ch\/de\/#\/schema\/logo\/image\/","url":"https:\/\/teiaeducation.ch\/wp-content\/uploads\/2020\/11\/Teia-Education-Switzerland-e1620156442216.jpg","contentUrl":"https:\/\/teiaeducation.ch\/wp-content\/uploads\/2020\/11\/Teia-Education-Switzerland-e1620156442216.jpg","width":166,"height":145,"caption":"Teia Education & Play"},"image":{"@id":"https:\/\/teiaeducation.ch\/de\/#\/schema\/logo\/image\/"},"sameAs":["https:\/\/www.facebook.com\/teiaeducation\/","https:\/\/x.com\/EducationTeia","https:\/\/www.instagram.com\/teia.education\/","https:\/\/www.linkedin.com\/company\/35501660","https:\/\/www.pinterest.ch\/TeiaEducation\/"]}]}},"_links":{"self":[{"href":"https:\/\/teiaeducation.ch\/de\/wp-json\/wp\/v2\/product\/60771","targetHints":{"allow":["GET"]}}],"collection":[{"href":"https:\/\/teiaeducation.ch\/de\/wp-json\/wp\/v2\/product"}],"about":[{"href":"https:\/\/teiaeducation.ch\/de\/wp-json\/wp\/v2\/types\/product"}],"replies":[{"embeddable":true,"href":"https:\/\/teiaeducation.ch\/de\/wp-json\/wp\/v2\/comments?post=60771"}],"wp:featuredmedia":[{"embeddable":true,"href":"https:\/\/teiaeducation.ch\/de\/wp-json\/wp\/v2\/media\/57495"}],"wp:attachment":[{"href":"https:\/\/teiaeducation.ch\/de\/wp-json\/wp\/v2\/media?parent=60771"}],"wp:term":[{"taxonomy":"product_brand","embeddable":true,"href":"https:\/\/teiaeducation.ch\/de\/wp-json\/wp\/v2\/product_brand?post=60771"},{"taxonomy":"product_cat","embeddable":true,"href":"https:\/\/teiaeducation.ch\/de\/wp-json\/wp\/v2\/product_cat?post=60771"},{"taxonomy":"product_tag","embeddable":true,"href":"https:\/\/teiaeducation.ch\/de\/wp-json\/wp\/v2\/product_tag?post=60771"}],"curies":[{"name":"wp","href":"https:\/\/api.w.org\/{rel}","templated":true}]}}