{"id":60779,"date":"2021-10-08T15:28:35","date_gmt":"2021-10-08T13:28:35","guid":{"rendered":"https:\/\/teiaeducation.ch\/product\/montessori-bleistifthalter-aus-holz-threewood\/"},"modified":"2026-01-08T13:23:18","modified_gmt":"2026-01-08T12:23:18","slug":"montessori-bleistifthalter-aus-holz-threewood","status":"publish","type":"product","link":"https:\/\/teiaeducation.ch\/de\/produkt\/montessori-bleistifthalter-aus-holz-threewood\/","title":{"rendered":"Montessori Buntstifthalter aus Holz &#8211; Threewood"},"content":{"rendered":"<p>Der sch\u00f6ne, handgefertigte, von <a href=\"https:\/\/teiaeducation.ch\/product-category\/education-method\/the-montessori-pedagogy-materials-toys\/\">Montessori<\/a> inspirierte Buntstifthalter aus Holz von Threewood bringt Ordnung in jede Kunstwerkstatt oder jeden <span class=\"Apple-converted-space\">Tisch<\/span>!<\/p>\n<p>Der Stifthalter aus Naturholz mit Filzkugeln aus reiner Wolle verf\u00fcgt \u00fcber 10 F\u00e4cher, in die die <a href=\"https:\/\/teiaeducation.ch\/product-category\/creative-art-craft\/drawing-colouring\/\">Buntstifte<\/a> einsortiert werden k\u00f6nnen, so dass die Kinder schnell die gew\u00fcnschten <a href=\"https:\/\/teiaeducation.ch\/product-category\/learning-themes\/sensory-motor-skills\/learning-about-colour\/\">Farben<\/a> finden. Der Stifthalter kann auch zum Farbsortieren mit Bleistiften, Buntstiften oder den sch\u00f6nen <a href=\"https:\/\/teiaeducation.ch\/product\/woollen-felt-balls-55-threewood\/\">Filzkugeln<\/a> von Threewood verwendet werden und ist eine optisch ansprechende Erg\u00e4nzung f\u00fcr jeden Spielraum oder jedes Klassenzimmer.<\/p>\n<p>Dieser hochwertige Buntstifthalter aus Naturholz wird in der Ukraine aus massiver Eichenholz oder Buche handgefertigt, mit Natur\u00f6l behandelt und enth\u00e4lt 10 Filzwollkugeln in den Farben des Regenbogens.<\/p>\n<p>Inhalt:<\/p>\n<p>1 Stifthalter<br \/>\n10 Filzkugeln<br \/>\n* Bleistifte sind nicht enthalten<\/p>\n<h2>\u00dcber Threewood<\/h2>\n<p><a href=\"https:\/\/teiaeducation.ch\/product-category\/brands\/threewood\/\">Threewood<\/a> ist ein ukrainisches Ehepaar, Yuriy und Olga, das erstaunliche handgefertigte <a href=\"https:\/\/teiaeducation.ch\/product-category\/learning-themes\/\">Lernspielzeuge<\/a> und Materialien herstellt, die von der <a href=\"https:\/\/teiaeducation.ch\/product-category\/education-method\/the-montessori-pedagogy-materials-toys\/\">Montessori<\/a> P\u00e4dagogik inspiriert sind. Der Name Threewood steht f\u00fcr ihre drei Kinder und die Leidenschaft f\u00fcr die Arbeit mit Holz, die Yuriy von seinem Vater und Gro\u00dfvater geerbt hat.<\/p>\n<p>Diese <a href=\"https:\/\/teiaeducation.ch\/product-category\/hgh-quality-toys-play\/handmade-wooden-toys\/\">handgefertigten Holzspielzeuge<\/a> sind meist aus Eichenholz hergestellt und von h\u00f6chster Qualit\u00e4t und Design. Sie versprechen Langlebigkeit und spielerisches Lernen f\u00fcr Generationen!<\/p>\n","protected":false},"excerpt":{"rendered":"<p>Artikelnummer: TW029<\/p>\n<p>Der handgefertigte, von Montessori inspirierte Buntstifthalter aus Holz von Threewood sorgt f\u00fcr Ordnung und \u00dcbersicht an jedem Kunstarbeitsplatz oder Tisch!<\/p>\n","protected":false},"featured_media":60780,"comment_status":"open","ping_status":"closed","template":"","meta":[],"product_brand":[],"product_cat":[21445,21446,23651,21449,21479,21558,21488,21490,21484,23075,21474,21447,21509,21498,21481,22182,21559,21443,21563,22362,21494,21495,21557,21695,21678,21672,21482,21564,21483,21450],"product_tag":[26978,26979,26881,26887,26886,26880,26882,26888,26883,29159,26884,29157,29158,26885,26879],"class_list":{"0":"post-60779","1":"product","2":"type-product","3":"status-publish","4":"has-post-thumbnail","6":"product_cat-3-6-jahre-vorschule","7":"product_cat-6-12-jahre-grundschule","8":"product_cat-back-to-school-de","9":"product_cat-bastelwerkzeuge-aufbewahrung","10":"product_cat-lernmaterialien-spielzeug-montessori-waldorf-steiner-froebel","11":"product_cat-farbe-lernen","12":"product_cat-geschenk-guide-6-12-jahre-grundschule","13":"product_cat-geschenk-guide-kreativ","14":"product_cat-geschenk-guides","15":"product_cat-handgefertigtes-holzspielzeug","16":"product_cat-klassenzimmer-essenzien","17":"product_cat-malen-basteln","18":"product_cat-lernthemen","19":"product_cat-montessori-materialien-fuer-zuhause-schulbedarf-fuer-zuhause","20":"product_cat-montessori-paedagogik-material-spielzeug","21":"product_cat-montessori-spielzeug","22":"product_cat-motorische-fertigkeiten","23":"product_cat-nach-alter","24":"product_cat-neuheiten","25":"product_cat-saisonale-kollektionen","26":"product_cat-schulbedarf-fuer-zuhause","27":"product_cat-schulbedarf-fuer-zuhause-3-6-jahre","28":"product_cat-sensorische-motorische-fertigkeiten","29":"product_cat-sinnliches-spiel","30":"product_cat-kinder-spielzeug","31":"product_cat-threewood-de","32":"product_cat-traditionelle-bildung","33":"product_cat-unsere-marken","34":"product_cat-waldorf-steiner-paedagogik","35":"product_cat-zeichnen-malen","36":"product_tag-alphabet-board-aus-holz-englisch-threewood","37":"product_tag-alphabet-board-aus-holz-englisch-threewood-de","38":"product_tag-alphabet-lernspielzeug-aus-holz","39":"product_tag-buchstaben-und-worter-aus-holz","40":"product_tag-handgefertigte-montessori-lernspielzeug","41":"product_tag-handgefertigtes-lernspielzeug-aus-holz","42":"product_tag-hergestellt-in-der-ukraine","43":"product_tag-letter-board-aus-holz-threewood","44":"product_tag-letter-board-englisch-threewood","45":"product_tag-montessori-halter-fur-buntstifte-aus-holz-threewood","46":"product_tag-montessori-inspiriertes-lernspielzeug","47":"product_tag-regenbogen-board-aus-holz-threewood","48":"product_tag-regenbogen-board-aus-holz-threewood-de","49":"product_tag-threewood-alphabet-board-aus-holz","50":"product_tag-threewood-montessori-spielzeug","52":"first","53":"instock","54":"taxable","55":"shipping-taxable","56":"purchasable","57":"product-type-variable"},"yoast_head":"<!-- This site is optimized with the Yoast SEO plugin v27.3 - https:\/\/yoast.com\/product\/yoast-seo-wordpress\/ -->\n<title>Montessori Buntstifthalter aus Holz - Threewood<\/title>\n<meta name=\"description\" content=\"Der handgefertigte, von Montessori inspirierte Buntstifthalter aus Holz von Threewood sorgt f\u00fcr Ordnung und \u00dcbersicht an jedem Kunstarbeitsplatz oder Tisch!\" \/>\n<meta name=\"robots\" content=\"index, follow, max-snippet:-1, max-image-preview:large, max-video-preview:-1\" \/>\n<link rel=\"canonical\" href=\"https:\/\/teiaeducation.ch\/de\/produkt\/montessori-bleistifthalter-aus-holz-threewood\/\" \/>\n<meta property=\"og:locale\" content=\"de_DE\" \/>\n<meta property=\"og:type\" content=\"article\" \/>\n<meta property=\"og:title\" content=\"Montessori Buntstifthalter aus Holz - Threewood\" \/>\n<meta property=\"og:description\" content=\"Der handgefertigte, von Montessori inspirierte Buntstifthalter aus Holz von Threewood sorgt f\u00fcr Ordnung und \u00dcbersicht an jedem Kunstarbeitsplatz oder Tisch!\" \/>\n<meta property=\"og:url\" content=\"https:\/\/teiaeducation.ch\/de\/produkt\/montessori-bleistifthalter-aus-holz-threewood\/\" \/>\n<meta property=\"og:site_name\" content=\"Sustainable Educational Products &amp; Ecological Toys\u00a0\" \/>\n<meta property=\"article:publisher\" content=\"https:\/\/www.facebook.com\/teiaeducation\/\" \/>\n<meta property=\"article:modified_time\" content=\"2026-01-08T12:23:18+00:00\" \/>\n<meta property=\"og:image\" content=\"https:\/\/teiaeducation.ch\/wp-content\/uploads\/2021\/10\/Wooden-Montessori-holder-for-coloured-pencils-Threewood.jpg\" \/>\n\t<meta property=\"og:image:width\" content=\"1588\" \/>\n\t<meta property=\"og:image:height\" content=\"1588\" \/>\n\t<meta property=\"og:image:type\" content=\"image\/jpeg\" \/>\n<script type=\"application\/ld+json\" class=\"yoast-schema-graph\">{\"@context\":\"https:\\\/\\\/schema.org\",\"@graph\":[{\"@type\":\"WebPage\",\"@id\":\"https:\\\/\\\/teiaeducation.ch\\\/de\\\/produkt\\\/montessori-bleistifthalter-aus-holz-threewood\\\/\",\"url\":\"https:\\\/\\\/teiaeducation.ch\\\/de\\\/produkt\\\/montessori-bleistifthalter-aus-holz-threewood\\\/\",\"name\":\"Montessori Buntstifthalter aus Holz - Threewood\",\"isPartOf\":{\"@id\":\"https:\\\/\\\/teiaeducation.ch\\\/de\\\/#website\"},\"primaryImageOfPage\":{\"@id\":\"https:\\\/\\\/teiaeducation.ch\\\/de\\\/produkt\\\/montessori-bleistifthalter-aus-holz-threewood\\\/#primaryimage\"},\"image\":{\"@id\":\"https:\\\/\\\/teiaeducation.ch\\\/de\\\/produkt\\\/montessori-bleistifthalter-aus-holz-threewood\\\/#primaryimage\"},\"thumbnailUrl\":\"https:\\\/\\\/teiaeducation.ch\\\/wp-content\\\/uploads\\\/2021\\\/10\\\/Wooden-Montessori-holder-for-coloured-pencils-Threewood.jpg\",\"datePublished\":\"2021-10-08T13:28:35+00:00\",\"dateModified\":\"2026-01-08T12:23:18+00:00\",\"description\":\"Der handgefertigte, von Montessori inspirierte Buntstifthalter aus Holz von Threewood sorgt f\u00fcr Ordnung und \u00dcbersicht an jedem Kunstarbeitsplatz oder Tisch!\",\"breadcrumb\":{\"@id\":\"https:\\\/\\\/teiaeducation.ch\\\/de\\\/produkt\\\/montessori-bleistifthalter-aus-holz-threewood\\\/#breadcrumb\"},\"inLanguage\":\"de-CH\",\"potentialAction\":[{\"@type\":\"ReadAction\",\"target\":[\"https:\\\/\\\/teiaeducation.ch\\\/de\\\/produkt\\\/montessori-bleistifthalter-aus-holz-threewood\\\/\"]}]},{\"@type\":\"ImageObject\",\"inLanguage\":\"de-CH\",\"@id\":\"https:\\\/\\\/teiaeducation.ch\\\/de\\\/produkt\\\/montessori-bleistifthalter-aus-holz-threewood\\\/#primaryimage\",\"url\":\"https:\\\/\\\/teiaeducation.ch\\\/wp-content\\\/uploads\\\/2021\\\/10\\\/Wooden-Montessori-holder-for-coloured-pencils-Threewood.jpg\",\"contentUrl\":\"https:\\\/\\\/teiaeducation.ch\\\/wp-content\\\/uploads\\\/2021\\\/10\\\/Wooden-Montessori-holder-for-coloured-pencils-Threewood.jpg\",\"width\":1588,\"height\":1588,\"caption\":\"handgefertigte Montessori Buntstifthalter aus Holz von Threewood\"},{\"@type\":\"BreadcrumbList\",\"@id\":\"https:\\\/\\\/teiaeducation.ch\\\/de\\\/produkt\\\/montessori-bleistifthalter-aus-holz-threewood\\\/#breadcrumb\",\"itemListElement\":[{\"@type\":\"ListItem\",\"position\":1,\"name\":\"Home\",\"item\":\"https:\\\/\\\/teiaeducation.ch\\\/de\\\/\"},{\"@type\":\"ListItem\",\"position\":2,\"name\":\"Laden\",\"item\":\"https:\\\/\\\/teiaeducation.ch\\\/de\\\/shop\\\/\"},{\"@type\":\"ListItem\",\"position\":3,\"name\":\"Unsere Marken\",\"item\":\"https:\\\/\\\/teiaeducation.ch\\\/de\\\/produkt-kategorie\\\/unsere-marken\\\/\"},{\"@type\":\"ListItem\",\"position\":4,\"name\":\"Threewood\",\"item\":\"https:\\\/\\\/teiaeducation.ch\\\/de\\\/produkt-kategorie\\\/unsere-marken\\\/threewood-de\\\/\"},{\"@type\":\"ListItem\",\"position\":5,\"name\":\"Montessori Buntstifthalter aus Holz &#8211; Threewood\"}]},{\"@type\":\"WebSite\",\"@id\":\"https:\\\/\\\/teiaeducation.ch\\\/de\\\/#website\",\"url\":\"https:\\\/\\\/teiaeducation.ch\\\/de\\\/\",\"name\":\"Sustainable Educational Products &amp; Ecological Toys\u00a0\",\"description\":\"Specialised Swiss shop selling sustainable educational toys and games, AMI certified Montessori materials, handmade ecological wooden Waldorf toys and arts &amp; crafts supplies, school supplies, children&#039;s furniture and Montessori reference and parenting books.\",\"publisher\":{\"@id\":\"https:\\\/\\\/teiaeducation.ch\\\/de\\\/#organization\"},\"alternateName\":\"Teia Education & Play\",\"potentialAction\":[{\"@type\":\"SearchAction\",\"target\":{\"@type\":\"EntryPoint\",\"urlTemplate\":\"https:\\\/\\\/teiaeducation.ch\\\/de\\\/?s={search_term_string}\"},\"query-input\":{\"@type\":\"PropertyValueSpecification\",\"valueRequired\":true,\"valueName\":\"search_term_string\"}}],\"inLanguage\":\"de-CH\"},{\"@type\":\"Organization\",\"@id\":\"https:\\\/\\\/teiaeducation.ch\\\/de\\\/#organization\",\"name\":\"Teia Education & Play\",\"url\":\"https:\\\/\\\/teiaeducation.ch\\\/de\\\/\",\"logo\":{\"@type\":\"ImageObject\",\"inLanguage\":\"de-CH\",\"@id\":\"https:\\\/\\\/teiaeducation.ch\\\/de\\\/#\\\/schema\\\/logo\\\/image\\\/\",\"url\":\"https:\\\/\\\/teiaeducation.ch\\\/wp-content\\\/uploads\\\/2020\\\/11\\\/Teia-Education-Switzerland-e1620156442216.jpg\",\"contentUrl\":\"https:\\\/\\\/teiaeducation.ch\\\/wp-content\\\/uploads\\\/2020\\\/11\\\/Teia-Education-Switzerland-e1620156442216.jpg\",\"width\":166,\"height\":145,\"caption\":\"Teia Education & Play\"},\"image\":{\"@id\":\"https:\\\/\\\/teiaeducation.ch\\\/de\\\/#\\\/schema\\\/logo\\\/image\\\/\"},\"sameAs\":[\"https:\\\/\\\/www.facebook.com\\\/teiaeducation\\\/\",\"https:\\\/\\\/x.com\\\/EducationTeia\",\"https:\\\/\\\/www.instagram.com\\\/teia.education\\\/\",\"https:\\\/\\\/www.linkedin.com\\\/company\\\/35501660\",\"https:\\\/\\\/www.pinterest.ch\\\/TeiaEducation\\\/\"]}]}<\/script>\n<!-- \/ Yoast SEO plugin. -->","yoast_head_json":{"title":"Montessori Buntstifthalter aus Holz - Threewood","description":"Der handgefertigte, von Montessori inspirierte Buntstifthalter aus Holz von Threewood sorgt f\u00fcr Ordnung und \u00dcbersicht an jedem Kunstarbeitsplatz oder Tisch!","robots":{"index":"index","follow":"follow","max-snippet":"max-snippet:-1","max-image-preview":"max-image-preview:large","max-video-preview":"max-video-preview:-1"},"canonical":"https:\/\/teiaeducation.ch\/de\/produkt\/montessori-bleistifthalter-aus-holz-threewood\/","og_locale":"de_DE","og_type":"article","og_title":"Montessori Buntstifthalter aus Holz - Threewood","og_description":"Der handgefertigte, von Montessori inspirierte Buntstifthalter aus Holz von Threewood sorgt f\u00fcr Ordnung und \u00dcbersicht an jedem Kunstarbeitsplatz oder Tisch!","og_url":"https:\/\/teiaeducation.ch\/de\/produkt\/montessori-bleistifthalter-aus-holz-threewood\/","og_site_name":"Sustainable Educational Products &amp; Ecological Toys\u00a0","article_publisher":"https:\/\/www.facebook.com\/teiaeducation\/","article_modified_time":"2026-01-08T12:23:18+00:00","og_image":[{"width":1588,"height":1588,"url":"https:\/\/teiaeducation.ch\/wp-content\/uploads\/2021\/10\/Wooden-Montessori-holder-for-coloured-pencils-Threewood.jpg","type":"image\/jpeg"}],"schema":{"@context":"https:\/\/schema.org","@graph":[{"@type":"WebPage","@id":"https:\/\/teiaeducation.ch\/de\/produkt\/montessori-bleistifthalter-aus-holz-threewood\/","url":"https:\/\/teiaeducation.ch\/de\/produkt\/montessori-bleistifthalter-aus-holz-threewood\/","name":"Montessori Buntstifthalter aus Holz - Threewood","isPartOf":{"@id":"https:\/\/teiaeducation.ch\/de\/#website"},"primaryImageOfPage":{"@id":"https:\/\/teiaeducation.ch\/de\/produkt\/montessori-bleistifthalter-aus-holz-threewood\/#primaryimage"},"image":{"@id":"https:\/\/teiaeducation.ch\/de\/produkt\/montessori-bleistifthalter-aus-holz-threewood\/#primaryimage"},"thumbnailUrl":"https:\/\/teiaeducation.ch\/wp-content\/uploads\/2021\/10\/Wooden-Montessori-holder-for-coloured-pencils-Threewood.jpg","datePublished":"2021-10-08T13:28:35+00:00","dateModified":"2026-01-08T12:23:18+00:00","description":"Der handgefertigte, von Montessori inspirierte Buntstifthalter aus Holz von Threewood sorgt f\u00fcr Ordnung und \u00dcbersicht an jedem Kunstarbeitsplatz oder Tisch!","breadcrumb":{"@id":"https:\/\/teiaeducation.ch\/de\/produkt\/montessori-bleistifthalter-aus-holz-threewood\/#breadcrumb"},"inLanguage":"de-CH","potentialAction":[{"@type":"ReadAction","target":["https:\/\/teiaeducation.ch\/de\/produkt\/montessori-bleistifthalter-aus-holz-threewood\/"]}]},{"@type":"ImageObject","inLanguage":"de-CH","@id":"https:\/\/teiaeducation.ch\/de\/produkt\/montessori-bleistifthalter-aus-holz-threewood\/#primaryimage","url":"https:\/\/teiaeducation.ch\/wp-content\/uploads\/2021\/10\/Wooden-Montessori-holder-for-coloured-pencils-Threewood.jpg","contentUrl":"https:\/\/teiaeducation.ch\/wp-content\/uploads\/2021\/10\/Wooden-Montessori-holder-for-coloured-pencils-Threewood.jpg","width":1588,"height":1588,"caption":"handgefertigte Montessori Buntstifthalter aus Holz von Threewood"},{"@type":"BreadcrumbList","@id":"https:\/\/teiaeducation.ch\/de\/produkt\/montessori-bleistifthalter-aus-holz-threewood\/#breadcrumb","itemListElement":[{"@type":"ListItem","position":1,"name":"Home","item":"https:\/\/teiaeducation.ch\/de\/"},{"@type":"ListItem","position":2,"name":"Laden","item":"https:\/\/teiaeducation.ch\/de\/shop\/"},{"@type":"ListItem","position":3,"name":"Unsere Marken","item":"https:\/\/teiaeducation.ch\/de\/produkt-kategorie\/unsere-marken\/"},{"@type":"ListItem","position":4,"name":"Threewood","item":"https:\/\/teiaeducation.ch\/de\/produkt-kategorie\/unsere-marken\/threewood-de\/"},{"@type":"ListItem","position":5,"name":"Montessori Buntstifthalter aus Holz &#8211; Threewood"}]},{"@type":"WebSite","@id":"https:\/\/teiaeducation.ch\/de\/#website","url":"https:\/\/teiaeducation.ch\/de\/","name":"Sustainable Educational Products &amp; Ecological Toys\u00a0","description":"Specialised Swiss shop selling sustainable educational toys and games, AMI certified Montessori materials, handmade ecological wooden Waldorf toys and arts &amp; crafts supplies, school supplies, children&#039;s furniture and Montessori reference and parenting books.","publisher":{"@id":"https:\/\/teiaeducation.ch\/de\/#organization"},"alternateName":"Teia Education & Play","potentialAction":[{"@type":"SearchAction","target":{"@type":"EntryPoint","urlTemplate":"https:\/\/teiaeducation.ch\/de\/?s={search_term_string}"},"query-input":{"@type":"PropertyValueSpecification","valueRequired":true,"valueName":"search_term_string"}}],"inLanguage":"de-CH"},{"@type":"Organization","@id":"https:\/\/teiaeducation.ch\/de\/#organization","name":"Teia Education & Play","url":"https:\/\/teiaeducation.ch\/de\/","logo":{"@type":"ImageObject","inLanguage":"de-CH","@id":"https:\/\/teiaeducation.ch\/de\/#\/schema\/logo\/image\/","url":"https:\/\/teiaeducation.ch\/wp-content\/uploads\/2020\/11\/Teia-Education-Switzerland-e1620156442216.jpg","contentUrl":"https:\/\/teiaeducation.ch\/wp-content\/uploads\/2020\/11\/Teia-Education-Switzerland-e1620156442216.jpg","width":166,"height":145,"caption":"Teia Education & Play"},"image":{"@id":"https:\/\/teiaeducation.ch\/de\/#\/schema\/logo\/image\/"},"sameAs":["https:\/\/www.facebook.com\/teiaeducation\/","https:\/\/x.com\/EducationTeia","https:\/\/www.instagram.com\/teia.education\/","https:\/\/www.linkedin.com\/company\/35501660","https:\/\/www.pinterest.ch\/TeiaEducation\/"]}]}},"_links":{"self":[{"href":"https:\/\/teiaeducation.ch\/de\/wp-json\/wp\/v2\/product\/60779","targetHints":{"allow":["GET"]}}],"collection":[{"href":"https:\/\/teiaeducation.ch\/de\/wp-json\/wp\/v2\/product"}],"about":[{"href":"https:\/\/teiaeducation.ch\/de\/wp-json\/wp\/v2\/types\/product"}],"replies":[{"embeddable":true,"href":"https:\/\/teiaeducation.ch\/de\/wp-json\/wp\/v2\/comments?post=60779"}],"wp:featuredmedia":[{"embeddable":true,"href":"https:\/\/teiaeducation.ch\/de\/wp-json\/wp\/v2\/media\/60780"}],"wp:attachment":[{"href":"https:\/\/teiaeducation.ch\/de\/wp-json\/wp\/v2\/media?parent=60779"}],"wp:term":[{"taxonomy":"product_brand","embeddable":true,"href":"https:\/\/teiaeducation.ch\/de\/wp-json\/wp\/v2\/product_brand?post=60779"},{"taxonomy":"product_cat","embeddable":true,"href":"https:\/\/teiaeducation.ch\/de\/wp-json\/wp\/v2\/product_cat?post=60779"},{"taxonomy":"product_tag","embeddable":true,"href":"https:\/\/teiaeducation.ch\/de\/wp-json\/wp\/v2\/product_tag?post=60779"}],"curies":[{"name":"wp","href":"https:\/\/api.w.org\/{rel}","templated":true}]}}