{"id":60788,"date":"2021-10-08T14:56:05","date_gmt":"2021-10-08T12:56:05","guid":{"rendered":"https:\/\/teiaeducation.ch\/product\/filzkugeln-aus-reiner-wolle-55-st-threewood\/"},"modified":"2024-12-01T19:30:42","modified_gmt":"2024-12-01T18:30:42","slug":"filzkugeln-aus-reiner-wolle-55-st-threewood","status":"publish","type":"product","link":"https:\/\/teiaeducation.ch\/de\/produkt\/filzkugeln-aus-reiner-wolle-55-st-threewood\/","title":{"rendered":"Filzkugeln aus reiner Wolle 55 St. &#8211; Threewood"},"content":{"rendered":"<p>Das Set von Threewood mit 55 Filzkugeln aus reiner Wolle in sch\u00f6nen Regenbogenfarben ist ein wunderbares, handgefertigtes, von <a href=\"https:\/\/teiaeducation.ch\/de\/produkt-kategorie\/kinder-spielzeug\/montessori-spielzeug\/\">Montessori<\/a> inspiriertes sensorisches Lernspielzeug f\u00fcr Kinder!<\/p>\n<p>Die Filzkugeln k\u00f6nnen als Erg\u00e4nzung zu jedem Threewood Set verwendet werden, oder um das Z\u00e4hlen zu \u00fcben oder etwas \u00fcber <a href=\"https:\/\/teiaeducation.ch\/product-category\/learning-themes\/sensory-motor-skills\/learning-about-colour\/\">Farben<\/a> zu lernen. Sie k\u00f6nnen auch zum kreativen Spielen verwendet werden, indem sie mit ihren leuchtenden, sch\u00f6nen Farben kleine Weltspiele dekorieren.<\/p>\n<p>Mit diesem durchdachten und liebevoll gestalteten Lernspielzeug, das sich perfekt f\u00fcr das Montessori-Lernen und -Spielen zu Hause eignet, wird Lernen zu einem unterhaltsamen und praktischen Spiel.<\/p>\n<p>Die wundersch\u00f6n nat\u00fcrlichen und super hochwertigen, f\u00fchlbaren 55er Filzkugeln in den Farben des Regenbogens werden aus reiner Wolle in Handarbeit in der Ukraine hergestellt und mit einem kleinen Aufbewahrungsbeutel aus Leinen geliefert.<\/p>\n<p>Inhalt:<\/p>\n<p>55 Filzkugeln aus reiner Wolle<br \/>\n1 Leinenbeutel zur Aufbewahrung<\/p>\n<h2>\u00dcber Threewood<\/h2>\n<p><a href=\"https:\/\/teiaeducation.ch\/product-category\/brands\/threewood\/\">Threewood<\/a> ist ein ukrainisches Ehepaar, Yuriy und Olga, das erstaunliche handgefertigte <a href=\"https:\/\/teiaeducation.ch\/product-category\/learning-themes\/\">Lernspielzeuge<\/a> und Materialien herstellt, die von der <a href=\"https:\/\/teiaeducation.ch\/product-category\/education-method\/the-montessori-pedagogy-materials-toys\/\">Montessori<\/a> P\u00e4dagogik inspiriert sind. Der Name Threewood steht f\u00fcr ihre drei Kinder und die Leidenschaft f\u00fcr die Arbeit mit Holz, die Yuriy von seinem Vater und Gro\u00dfvater geerbt hat.<\/p>\n<p>Diese <a href=\"https:\/\/teiaeducation.ch\/product-category\/hgh-quality-toys-play\/handmade-wooden-toys\/\">handgefertigten Holzspielzeuge<\/a> sind meist aus Eichenholz hergestellt und von h\u00f6chster Qualit\u00e4t und Design. Sie versprechen Langlebigkeit und spielerisches Lernen f\u00fcr Generationen!<\/p>\n","protected":false},"excerpt":{"rendered":"<p>Artikelnummer: TW028<\/p>\n<p>Die 55 Filzkugeln aus reiner Wolle in Regenbogenfarben von Threewood sind ein wunderbares, von Montessori inspiriertes sensorisches Lernspielzeug f\u00fcr Kinder!<\/p>\n","protected":false},"featured_media":57430,"comment_status":"open","ping_status":"closed","template":"","meta":[],"product_brand":[],"product_cat":[21445,21446,22033,21479,21558,21465,21670,21491,21484,22422,21464,21447,21509,21537,21498,21481,22182,21559,21443,22349,21563,22362,21494,21557,21695,21678,21672,21482,21564,21540,21547],"product_tag":[26978,26979,26881,26887,29160,26886,26880,26882,26888,26883,26884,29157,29158,26885,26879],"class_list":{"0":"post-60788","1":"product","2":"type-product","3":"status-publish","4":"has-post-thumbnail","6":"product_cat-3-6-jahre-vorschule","7":"product_cat-6-12-jahre-grundschule","8":"product_cat-adventskalender-geschenke-strumpffueller","9":"product_cat-lernmaterialien-spielzeug-montessori-waldorf-steiner-froebel","10":"product_cat-farbe-lernen","11":"product_cat-feier-festlichkeiten","12":"product_cat-fruehjahrskollektion","13":"product_cat-geschenk-guide-lerngeschenke","14":"product_cat-geschenk-guides","15":"product_cat-geschenke-fuer-das-osterkoerbchen","16":"product_cat-herbstkollektion","17":"product_cat-malen-basteln","18":"product_cat-lernthemen","19":"product_cat-mathematik-rechnen","20":"product_cat-montessori-materialien-fuer-zuhause-schulbedarf-fuer-zuhause","21":"product_cat-montessori-paedagogik-material-spielzeug","22":"product_cat-montessori-spielzeug","23":"product_cat-motorische-fertigkeiten","24":"product_cat-nach-alter","25":"product_cat-natur-saisonale-tische-de","26":"product_cat-neuheiten","27":"product_cat-saisonale-kollektionen","28":"product_cat-schulbedarf-fuer-zuhause","29":"product_cat-sensorische-motorische-fertigkeiten","30":"product_cat-sinnliches-spiel","31":"product_cat-kinder-spielzeug","32":"product_cat-threewood-de","33":"product_cat-traditionelle-bildung","34":"product_cat-unsere-marken","35":"product_cat-zaehlen","36":"product_cat-ziffern","37":"product_tag-alphabet-board-aus-holz-englisch-threewood","38":"product_tag-alphabet-board-aus-holz-englisch-threewood-de","39":"product_tag-alphabet-lernspielzeug-aus-holz","40":"product_tag-buchstaben-und-worter-aus-holz","41":"product_tag-filzkugeln-aus-reiner-wolle-55-st-threewood","42":"product_tag-handgefertigte-montessori-lernspielzeug","43":"product_tag-handgefertigtes-lernspielzeug-aus-holz","44":"product_tag-hergestellt-in-der-ukraine","45":"product_tag-letter-board-aus-holz-threewood","46":"product_tag-letter-board-englisch-threewood","47":"product_tag-montessori-inspiriertes-lernspielzeug","48":"product_tag-regenbogen-board-aus-holz-threewood","49":"product_tag-regenbogen-board-aus-holz-threewood-de","50":"product_tag-threewood-alphabet-board-aus-holz","51":"product_tag-threewood-montessori-spielzeug","53":"first","54":"outofstock","55":"taxable","56":"shipping-taxable","57":"purchasable","58":"product-type-simple"},"yoast_head":"<!-- This site is optimized with the Yoast SEO plugin v27.3 - https:\/\/yoast.com\/product\/yoast-seo-wordpress\/ -->\n<title>Filzkugeln aus reiner Wolle 55 St. - Threewood<\/title>\n<meta name=\"description\" content=\"Die 55 Filzkugeln aus reiner Wolle in Regenbogenfarben von Threewood sind ein wunderbares, von Montessori inspiriertes sensorisches Lernspielzeug f\u00fcr Kinder\" \/>\n<meta name=\"robots\" content=\"index, follow, max-snippet:-1, max-image-preview:large, max-video-preview:-1\" \/>\n<link rel=\"canonical\" href=\"https:\/\/teiaeducation.ch\/de\/produkt\/filzkugeln-aus-reiner-wolle-55-st-threewood\/\" \/>\n<meta property=\"og:locale\" content=\"de_DE\" \/>\n<meta property=\"og:type\" content=\"article\" \/>\n<meta property=\"og:title\" content=\"Filzkugeln aus reiner Wolle 55 St. - Threewood\" \/>\n<meta property=\"og:description\" content=\"Die 55 Filzkugeln aus reiner Wolle in Regenbogenfarben von Threewood sind ein wunderbares, von Montessori inspiriertes sensorisches Lernspielzeug f\u00fcr Kinder\" \/>\n<meta property=\"og:url\" content=\"https:\/\/teiaeducation.ch\/de\/produkt\/filzkugeln-aus-reiner-wolle-55-st-threewood\/\" \/>\n<meta property=\"og:site_name\" content=\"Sustainable Educational Products &amp; Ecological Toys\u00a0\" \/>\n<meta property=\"article:publisher\" content=\"https:\/\/www.facebook.com\/teiaeducation\/\" \/>\n<meta property=\"article:modified_time\" content=\"2024-12-01T18:30:42+00:00\" \/>\n<meta property=\"og:image\" content=\"https:\/\/teiaeducation.ch\/wp-content\/uploads\/2021\/10\/Woollen-felt-balls-55-Threewood_Teia-Education-Play-2-scaled.jpeg\" \/>\n\t<meta property=\"og:image:width\" content=\"1931\" \/>\n\t<meta property=\"og:image:height\" content=\"2048\" \/>\n\t<meta property=\"og:image:type\" content=\"image\/jpeg\" \/>\n<script type=\"application\/ld+json\" class=\"yoast-schema-graph\">{\"@context\":\"https:\\\/\\\/schema.org\",\"@graph\":[{\"@type\":\"WebPage\",\"@id\":\"https:\\\/\\\/teiaeducation.ch\\\/de\\\/produkt\\\/filzkugeln-aus-reiner-wolle-55-st-threewood\\\/\",\"url\":\"https:\\\/\\\/teiaeducation.ch\\\/de\\\/produkt\\\/filzkugeln-aus-reiner-wolle-55-st-threewood\\\/\",\"name\":\"Filzkugeln aus reiner Wolle 55 St. - Threewood\",\"isPartOf\":{\"@id\":\"https:\\\/\\\/teiaeducation.ch\\\/de\\\/#website\"},\"primaryImageOfPage\":{\"@id\":\"https:\\\/\\\/teiaeducation.ch\\\/de\\\/produkt\\\/filzkugeln-aus-reiner-wolle-55-st-threewood\\\/#primaryimage\"},\"image\":{\"@id\":\"https:\\\/\\\/teiaeducation.ch\\\/de\\\/produkt\\\/filzkugeln-aus-reiner-wolle-55-st-threewood\\\/#primaryimage\"},\"thumbnailUrl\":\"https:\\\/\\\/teiaeducation.ch\\\/wp-content\\\/uploads\\\/2021\\\/10\\\/Woollen-felt-balls-55-Threewood_Teia-Education-Play-2-scaled.jpeg\",\"datePublished\":\"2021-10-08T12:56:05+00:00\",\"dateModified\":\"2024-12-01T18:30:42+00:00\",\"description\":\"Die 55 Filzkugeln aus reiner Wolle in Regenbogenfarben von Threewood sind ein wunderbares, von Montessori inspiriertes sensorisches Lernspielzeug f\u00fcr Kinder\",\"breadcrumb\":{\"@id\":\"https:\\\/\\\/teiaeducation.ch\\\/de\\\/produkt\\\/filzkugeln-aus-reiner-wolle-55-st-threewood\\\/#breadcrumb\"},\"inLanguage\":\"de-CH\",\"potentialAction\":[{\"@type\":\"ReadAction\",\"target\":[\"https:\\\/\\\/teiaeducation.ch\\\/de\\\/produkt\\\/filzkugeln-aus-reiner-wolle-55-st-threewood\\\/\"]}]},{\"@type\":\"ImageObject\",\"inLanguage\":\"de-CH\",\"@id\":\"https:\\\/\\\/teiaeducation.ch\\\/de\\\/produkt\\\/filzkugeln-aus-reiner-wolle-55-st-threewood\\\/#primaryimage\",\"url\":\"https:\\\/\\\/teiaeducation.ch\\\/wp-content\\\/uploads\\\/2021\\\/10\\\/Woollen-felt-balls-55-Threewood_Teia-Education-Play-2-scaled.jpeg\",\"contentUrl\":\"https:\\\/\\\/teiaeducation.ch\\\/wp-content\\\/uploads\\\/2021\\\/10\\\/Woollen-felt-balls-55-Threewood_Teia-Education-Play-2-scaled.jpeg\",\"width\":1931,\"height\":2048,\"caption\":\"Filzkugeln aus reiner Wolle 55 St. sensorisches Lernspielzeug Threewood Teia Education &amp; Play\"},{\"@type\":\"BreadcrumbList\",\"@id\":\"https:\\\/\\\/teiaeducation.ch\\\/de\\\/produkt\\\/filzkugeln-aus-reiner-wolle-55-st-threewood\\\/#breadcrumb\",\"itemListElement\":[{\"@type\":\"ListItem\",\"position\":1,\"name\":\"Home\",\"item\":\"https:\\\/\\\/teiaeducation.ch\\\/de\\\/\"},{\"@type\":\"ListItem\",\"position\":2,\"name\":\"Laden\",\"item\":\"https:\\\/\\\/teiaeducation.ch\\\/de\\\/shop\\\/\"},{\"@type\":\"ListItem\",\"position\":3,\"name\":\"Unsere Marken\",\"item\":\"https:\\\/\\\/teiaeducation.ch\\\/de\\\/produkt-kategorie\\\/unsere-marken\\\/\"},{\"@type\":\"ListItem\",\"position\":4,\"name\":\"Threewood\",\"item\":\"https:\\\/\\\/teiaeducation.ch\\\/de\\\/produkt-kategorie\\\/unsere-marken\\\/threewood-de\\\/\"},{\"@type\":\"ListItem\",\"position\":5,\"name\":\"Filzkugeln aus reiner Wolle 55 St. &#8211; Threewood\"}]},{\"@type\":\"WebSite\",\"@id\":\"https:\\\/\\\/teiaeducation.ch\\\/de\\\/#website\",\"url\":\"https:\\\/\\\/teiaeducation.ch\\\/de\\\/\",\"name\":\"Sustainable Educational Products &amp; Ecological Toys\u00a0\",\"description\":\"Specialised Swiss shop selling sustainable educational toys and games, AMI certified Montessori materials, handmade ecological wooden Waldorf toys and arts &amp; crafts supplies, school supplies, children&#039;s furniture and Montessori reference and parenting books.\",\"publisher\":{\"@id\":\"https:\\\/\\\/teiaeducation.ch\\\/de\\\/#organization\"},\"alternateName\":\"Teia Education & Play\",\"potentialAction\":[{\"@type\":\"SearchAction\",\"target\":{\"@type\":\"EntryPoint\",\"urlTemplate\":\"https:\\\/\\\/teiaeducation.ch\\\/de\\\/?s={search_term_string}\"},\"query-input\":{\"@type\":\"PropertyValueSpecification\",\"valueRequired\":true,\"valueName\":\"search_term_string\"}}],\"inLanguage\":\"de-CH\"},{\"@type\":\"Organization\",\"@id\":\"https:\\\/\\\/teiaeducation.ch\\\/de\\\/#organization\",\"name\":\"Teia Education & Play\",\"url\":\"https:\\\/\\\/teiaeducation.ch\\\/de\\\/\",\"logo\":{\"@type\":\"ImageObject\",\"inLanguage\":\"de-CH\",\"@id\":\"https:\\\/\\\/teiaeducation.ch\\\/de\\\/#\\\/schema\\\/logo\\\/image\\\/\",\"url\":\"https:\\\/\\\/teiaeducation.ch\\\/wp-content\\\/uploads\\\/2020\\\/11\\\/Teia-Education-Switzerland-e1620156442216.jpg\",\"contentUrl\":\"https:\\\/\\\/teiaeducation.ch\\\/wp-content\\\/uploads\\\/2020\\\/11\\\/Teia-Education-Switzerland-e1620156442216.jpg\",\"width\":166,\"height\":145,\"caption\":\"Teia Education & Play\"},\"image\":{\"@id\":\"https:\\\/\\\/teiaeducation.ch\\\/de\\\/#\\\/schema\\\/logo\\\/image\\\/\"},\"sameAs\":[\"https:\\\/\\\/www.facebook.com\\\/teiaeducation\\\/\",\"https:\\\/\\\/x.com\\\/EducationTeia\",\"https:\\\/\\\/www.instagram.com\\\/teia.education\\\/\",\"https:\\\/\\\/www.linkedin.com\\\/company\\\/35501660\",\"https:\\\/\\\/www.pinterest.ch\\\/TeiaEducation\\\/\"]}]}<\/script>\n<!-- \/ Yoast SEO plugin. -->","yoast_head_json":{"title":"Filzkugeln aus reiner Wolle 55 St. - Threewood","description":"Die 55 Filzkugeln aus reiner Wolle in Regenbogenfarben von Threewood sind ein wunderbares, von Montessori inspiriertes sensorisches Lernspielzeug f\u00fcr Kinder","robots":{"index":"index","follow":"follow","max-snippet":"max-snippet:-1","max-image-preview":"max-image-preview:large","max-video-preview":"max-video-preview:-1"},"canonical":"https:\/\/teiaeducation.ch\/de\/produkt\/filzkugeln-aus-reiner-wolle-55-st-threewood\/","og_locale":"de_DE","og_type":"article","og_title":"Filzkugeln aus reiner Wolle 55 St. - Threewood","og_description":"Die 55 Filzkugeln aus reiner Wolle in Regenbogenfarben von Threewood sind ein wunderbares, von Montessori inspiriertes sensorisches Lernspielzeug f\u00fcr Kinder","og_url":"https:\/\/teiaeducation.ch\/de\/produkt\/filzkugeln-aus-reiner-wolle-55-st-threewood\/","og_site_name":"Sustainable Educational Products &amp; Ecological Toys\u00a0","article_publisher":"https:\/\/www.facebook.com\/teiaeducation\/","article_modified_time":"2024-12-01T18:30:42+00:00","og_image":[{"width":1931,"height":2048,"url":"https:\/\/teiaeducation.ch\/wp-content\/uploads\/2021\/10\/Woollen-felt-balls-55-Threewood_Teia-Education-Play-2-scaled.jpeg","type":"image\/jpeg"}],"schema":{"@context":"https:\/\/schema.org","@graph":[{"@type":"WebPage","@id":"https:\/\/teiaeducation.ch\/de\/produkt\/filzkugeln-aus-reiner-wolle-55-st-threewood\/","url":"https:\/\/teiaeducation.ch\/de\/produkt\/filzkugeln-aus-reiner-wolle-55-st-threewood\/","name":"Filzkugeln aus reiner Wolle 55 St. - Threewood","isPartOf":{"@id":"https:\/\/teiaeducation.ch\/de\/#website"},"primaryImageOfPage":{"@id":"https:\/\/teiaeducation.ch\/de\/produkt\/filzkugeln-aus-reiner-wolle-55-st-threewood\/#primaryimage"},"image":{"@id":"https:\/\/teiaeducation.ch\/de\/produkt\/filzkugeln-aus-reiner-wolle-55-st-threewood\/#primaryimage"},"thumbnailUrl":"https:\/\/teiaeducation.ch\/wp-content\/uploads\/2021\/10\/Woollen-felt-balls-55-Threewood_Teia-Education-Play-2-scaled.jpeg","datePublished":"2021-10-08T12:56:05+00:00","dateModified":"2024-12-01T18:30:42+00:00","description":"Die 55 Filzkugeln aus reiner Wolle in Regenbogenfarben von Threewood sind ein wunderbares, von Montessori inspiriertes sensorisches Lernspielzeug f\u00fcr Kinder","breadcrumb":{"@id":"https:\/\/teiaeducation.ch\/de\/produkt\/filzkugeln-aus-reiner-wolle-55-st-threewood\/#breadcrumb"},"inLanguage":"de-CH","potentialAction":[{"@type":"ReadAction","target":["https:\/\/teiaeducation.ch\/de\/produkt\/filzkugeln-aus-reiner-wolle-55-st-threewood\/"]}]},{"@type":"ImageObject","inLanguage":"de-CH","@id":"https:\/\/teiaeducation.ch\/de\/produkt\/filzkugeln-aus-reiner-wolle-55-st-threewood\/#primaryimage","url":"https:\/\/teiaeducation.ch\/wp-content\/uploads\/2021\/10\/Woollen-felt-balls-55-Threewood_Teia-Education-Play-2-scaled.jpeg","contentUrl":"https:\/\/teiaeducation.ch\/wp-content\/uploads\/2021\/10\/Woollen-felt-balls-55-Threewood_Teia-Education-Play-2-scaled.jpeg","width":1931,"height":2048,"caption":"Filzkugeln aus reiner Wolle 55 St. sensorisches Lernspielzeug Threewood Teia Education &amp; Play"},{"@type":"BreadcrumbList","@id":"https:\/\/teiaeducation.ch\/de\/produkt\/filzkugeln-aus-reiner-wolle-55-st-threewood\/#breadcrumb","itemListElement":[{"@type":"ListItem","position":1,"name":"Home","item":"https:\/\/teiaeducation.ch\/de\/"},{"@type":"ListItem","position":2,"name":"Laden","item":"https:\/\/teiaeducation.ch\/de\/shop\/"},{"@type":"ListItem","position":3,"name":"Unsere Marken","item":"https:\/\/teiaeducation.ch\/de\/produkt-kategorie\/unsere-marken\/"},{"@type":"ListItem","position":4,"name":"Threewood","item":"https:\/\/teiaeducation.ch\/de\/produkt-kategorie\/unsere-marken\/threewood-de\/"},{"@type":"ListItem","position":5,"name":"Filzkugeln aus reiner Wolle 55 St. &#8211; Threewood"}]},{"@type":"WebSite","@id":"https:\/\/teiaeducation.ch\/de\/#website","url":"https:\/\/teiaeducation.ch\/de\/","name":"Sustainable Educational Products &amp; Ecological Toys\u00a0","description":"Specialised Swiss shop selling sustainable educational toys and games, AMI certified Montessori materials, handmade ecological wooden Waldorf toys and arts &amp; crafts supplies, school supplies, children&#039;s furniture and Montessori reference and parenting books.","publisher":{"@id":"https:\/\/teiaeducation.ch\/de\/#organization"},"alternateName":"Teia Education & Play","potentialAction":[{"@type":"SearchAction","target":{"@type":"EntryPoint","urlTemplate":"https:\/\/teiaeducation.ch\/de\/?s={search_term_string}"},"query-input":{"@type":"PropertyValueSpecification","valueRequired":true,"valueName":"search_term_string"}}],"inLanguage":"de-CH"},{"@type":"Organization","@id":"https:\/\/teiaeducation.ch\/de\/#organization","name":"Teia Education & Play","url":"https:\/\/teiaeducation.ch\/de\/","logo":{"@type":"ImageObject","inLanguage":"de-CH","@id":"https:\/\/teiaeducation.ch\/de\/#\/schema\/logo\/image\/","url":"https:\/\/teiaeducation.ch\/wp-content\/uploads\/2020\/11\/Teia-Education-Switzerland-e1620156442216.jpg","contentUrl":"https:\/\/teiaeducation.ch\/wp-content\/uploads\/2020\/11\/Teia-Education-Switzerland-e1620156442216.jpg","width":166,"height":145,"caption":"Teia Education & Play"},"image":{"@id":"https:\/\/teiaeducation.ch\/de\/#\/schema\/logo\/image\/"},"sameAs":["https:\/\/www.facebook.com\/teiaeducation\/","https:\/\/x.com\/EducationTeia","https:\/\/www.instagram.com\/teia.education\/","https:\/\/www.linkedin.com\/company\/35501660","https:\/\/www.pinterest.ch\/TeiaEducation\/"]}]}},"_links":{"self":[{"href":"https:\/\/teiaeducation.ch\/de\/wp-json\/wp\/v2\/product\/60788","targetHints":{"allow":["GET"]}}],"collection":[{"href":"https:\/\/teiaeducation.ch\/de\/wp-json\/wp\/v2\/product"}],"about":[{"href":"https:\/\/teiaeducation.ch\/de\/wp-json\/wp\/v2\/types\/product"}],"replies":[{"embeddable":true,"href":"https:\/\/teiaeducation.ch\/de\/wp-json\/wp\/v2\/comments?post=60788"}],"wp:featuredmedia":[{"embeddable":true,"href":"https:\/\/teiaeducation.ch\/de\/wp-json\/wp\/v2\/media\/57430"}],"wp:attachment":[{"href":"https:\/\/teiaeducation.ch\/de\/wp-json\/wp\/v2\/media?parent=60788"}],"wp:term":[{"taxonomy":"product_brand","embeddable":true,"href":"https:\/\/teiaeducation.ch\/de\/wp-json\/wp\/v2\/product_brand?post=60788"},{"taxonomy":"product_cat","embeddable":true,"href":"https:\/\/teiaeducation.ch\/de\/wp-json\/wp\/v2\/product_cat?post=60788"},{"taxonomy":"product_tag","embeddable":true,"href":"https:\/\/teiaeducation.ch\/de\/wp-json\/wp\/v2\/product_tag?post=60788"}],"curies":[{"name":"wp","href":"https:\/\/api.w.org\/{rel}","templated":true}]}}