{"id":60791,"date":"2021-10-08T11:00:51","date_gmt":"2021-10-08T09:00:51","guid":{"rendered":"https:\/\/teiaeducation.ch\/product\/math-board-aus-holz-1-20-threewood\/"},"modified":"2024-09-19T13:39:21","modified_gmt":"2024-09-19T11:39:21","slug":"math-board-aus-holz-1-20-threewood","status":"publish","type":"product","link":"https:\/\/teiaeducation.ch\/de\/produkt\/math-board-aus-holz-1-20-threewood\/","title":{"rendered":"Math Board aus Holz 1-20 &#8211; Threewood"},"content":{"rendered":"<p>Die wendbare Math Board aus Holz 1-20 von Threewood mit bunten Filzkugeln ist ein wunderbares handgefertigtes, von Montessori inspiriertes <a href=\"https:\/\/teiaeducation.ch\/product-category\/learning-themes\/mathematics-numeracy\/\">Mathe<\/a>-Lernspielzeug f\u00fcr kleine Kinder!<\/p>\n<p>Kinder, die noch nicht schreiben k\u00f6nnen, selbst wenn sie <a href=\"https:\/\/teiaeducation.ch\/product-category\/learning-themes\/literacy-language\/learning-to-write\/\">noch schreiben lernen<\/a>, werden viel Spa\u00df haben, wenn sie die Zahlenpl\u00e4ttchen und Filzkugeln auf das handgeschnitzte Wendebrett legen und einfache Berechnungen anstellen. Z\u00e4hlen, Rechnen und <a href=\"https:\/\/teiaeducation.ch\/product-category\/learning-themes\/mathematics-numeracy\/numbers\/\">Zahlenerkennung<\/a> werden mit diesem durchdachten und liebevoll gestalteten Lernspielzeug zu einem lustigen und praktischen Spiel, das sich perfekt f\u00fcr das Montessori-Lernen und -Spielen zu Hause eignet.<\/p>\n<p>Dieses wundersch\u00f6ne, nat\u00fcrliche und qualitativ hochwertige taktile Lernspielzeug besteht aus einem wendbaren Board mit einem Zahlenst\u00e4nder auf der R\u00fcckseite und einem Tablett aus massivem Eichenholz zum Ordnen der Zahlen und Symbole sowie zum Ablegen der Filzkugeln. Zwei Sets mit 10 zweiseitigen (wendbaren) Karten mit den Zahlen von 1 bis 20 sowie 20 handgefertigte Filzkugeln aus reiner Wolle sind in einem sch\u00f6nen Leinenbeutel enthalten.<\/p>\n<p>Das Board aus massiver Eiche ist mit Natur\u00f6l behandelt. Es misst 20 x 20 cm und hat eine Dicke von 1,8 cm. Die Zahlenkacheln sind aus Sperrholz und die Filzkugeln aus reiner Wolle. Dieses komplette Math Board aus Holz wird in der Ukraine von Hand gefertigt.<\/p>\n<p>Inhalt:<\/p>\n<p>1 wendbaren Board<br \/>\n20 doppelseitige Karten mit Zahlen<br \/>\n20 Filzkugeln aus reiner Wolle<br \/>\n1 Leinensack zur Aufbewahrung der Zahlen Karten<\/p>\n<h2>\u00dcber Threewood<\/h2>\n<p><a href=\"https:\/\/teiaeducation.ch\/product-category\/brands\/threewood\/\">Threewood<\/a> ist ein ukrainisches Ehepaar, Yuriy und Olga, das erstaunliche handgefertigte <a href=\"https:\/\/teiaeducation.ch\/product-category\/learning-themes\/\">Lernspielzeuge<\/a> und Materialien herstellt, die von der <a href=\"https:\/\/teiaeducation.ch\/product-category\/education-method\/the-montessori-pedagogy-materials-toys\/\">Montessori<\/a> P\u00e4dagogik inspiriert sind. Der Name Threewood steht f\u00fcr ihre drei Kinder und die Leidenschaft f\u00fcr die Arbeit mit Holz, die Yuriy von seinem Vater und Gro\u00dfvater geerbt hat.<\/p>\n<p>Diese <a href=\"https:\/\/teiaeducation.ch\/product-category\/hgh-quality-toys-play\/handmade-wooden-toys\/\">handgefertigten Holzspielzeuge<\/a> sind meist aus Eichenholz hergestellt und von h\u00f6chster Qualit\u00e4t und Design. Sie versprechen Langlebigkeit und spielerisches Lernen f\u00fcr Generationen!<\/p>\n","protected":false},"excerpt":{"rendered":"<p>Artikelnummer: TW0017<\/p>\n<p>Das Threewood Math Board aus Holz 1-20 mit Filzkugeln aus reiner Wolle ist ein handgefertigtes, von Montessori inspiriertes Lernspielzeug f\u00fcr kleine Kinder!<\/p>\n","protected":false},"featured_media":57453,"comment_status":"open","ping_status":"closed","template":"","meta":[],"product_brand":[],"product_cat":[21445,21446,21524,21479,21532,21491,21484,23075,21509,21530,21537,21498,21481,22182,21443,21563,21531,21494,21495,21678,21672,21482,21564,21536,21540,21547],"product_tag":[26978,26881,26887,26886,26880,26882,29162,29161,26884,26885,26879],"class_list":{"0":"post-60791","1":"product","2":"type-product","3":"status-publish","4":"has-post-thumbnail","6":"product_cat-3-6-jahre-vorschule","7":"product_cat-6-12-jahre-grundschule","8":"product_cat-alphabetisierung-sprache","9":"product_cat-lernmaterialien-spielzeug-montessori-waldorf-steiner-froebel","10":"product_cat-buchstaben-das-alphabet","11":"product_cat-geschenk-guide-lerngeschenke","12":"product_cat-geschenk-guides","13":"product_cat-handgefertigtes-holzspielzeug","14":"product_cat-lernthemen","15":"product_cat-lesen-lernen","16":"product_cat-mathematik-rechnen","17":"product_cat-montessori-materialien-fuer-zuhause-schulbedarf-fuer-zuhause","18":"product_cat-montessori-paedagogik-material-spielzeug","19":"product_cat-montessori-spielzeug","20":"product_cat-nach-alter","21":"product_cat-neuheiten","22":"product_cat-schreiben-lernen","23":"product_cat-schulbedarf-fuer-zuhause","24":"product_cat-schulbedarf-fuer-zuhause-3-6-jahre","25":"product_cat-kinder-spielzeug","26":"product_cat-threewood-de","27":"product_cat-traditionelle-bildung","28":"product_cat-unsere-marken","29":"product_cat-wortschatz","30":"product_cat-zaehlen","31":"product_cat-ziffern","32":"product_tag-alphabet-board-aus-holz-englisch-threewood","33":"product_tag-alphabet-lernspielzeug-aus-holz","34":"product_tag-buchstaben-und-worter-aus-holz","35":"product_tag-handgefertigte-montessori-lernspielzeug","36":"product_tag-handgefertigtes-lernspielzeug-aus-holz","37":"product_tag-hergestellt-in-der-ukraine","38":"product_tag-math-board-aus-holz-1-20-threewood","39":"product_tag-math-board-aus-holz-threewood","40":"product_tag-montessori-inspiriertes-lernspielzeug","41":"product_tag-threewood-alphabet-board-aus-holz","42":"product_tag-threewood-montessori-spielzeug","44":"first","45":"outofstock","46":"taxable","47":"shipping-taxable","48":"purchasable","49":"product-type-simple"},"yoast_head":"<!-- This site is optimized with the Yoast SEO plugin v27.3 - https:\/\/yoast.com\/product\/yoast-seo-wordpress\/ -->\n<title>Math Board aus Holz 1-20 - Threewood<\/title>\n<meta name=\"description\" content=\"Das Threewood Math Board aus Holz 1-20 mit Filzkugeln aus reiner Wolle ist ein handgefertigtes, von Montessori inspiriertes Lernspielzeug f\u00fcr kleine Kinder!\" \/>\n<meta name=\"robots\" content=\"index, follow, max-snippet:-1, max-image-preview:large, max-video-preview:-1\" \/>\n<link rel=\"canonical\" href=\"https:\/\/teiaeducation.ch\/de\/produkt\/math-board-aus-holz-1-20-threewood\/\" \/>\n<meta property=\"og:locale\" content=\"de_DE\" \/>\n<meta property=\"og:type\" content=\"article\" \/>\n<meta property=\"og:title\" content=\"Math Board aus Holz 1-20 - Threewood\" \/>\n<meta property=\"og:description\" content=\"Das Threewood Math Board aus Holz 1-20 mit Filzkugeln aus reiner Wolle ist ein handgefertigtes, von Montessori inspiriertes Lernspielzeug f\u00fcr kleine Kinder!\" \/>\n<meta property=\"og:url\" content=\"https:\/\/teiaeducation.ch\/de\/produkt\/math-board-aus-holz-1-20-threewood\/\" \/>\n<meta property=\"og:site_name\" content=\"Sustainable Educational Products &amp; Ecological Toys\u00a0\" \/>\n<meta property=\"article:publisher\" content=\"https:\/\/www.facebook.com\/teiaeducation\/\" \/>\n<meta property=\"article:modified_time\" content=\"2024-09-19T11:39:21+00:00\" \/>\n<meta property=\"og:image\" content=\"https:\/\/teiaeducation.ch\/wp-content\/uploads\/2021\/10\/Wooden-handmade-reversible-numbers-1-20-board-with-reversible-tiles-Montessori-inspired-learning-toy-Threewood-1-2.webp\" \/>\n\t<meta property=\"og:image:width\" content=\"2000\" \/>\n\t<meta property=\"og:image:height\" content=\"1500\" \/>\n\t<meta property=\"og:image:type\" content=\"image\/webp\" \/>\n<script type=\"application\/ld+json\" class=\"yoast-schema-graph\">{\"@context\":\"https:\\\/\\\/schema.org\",\"@graph\":[{\"@type\":\"WebPage\",\"@id\":\"https:\\\/\\\/teiaeducation.ch\\\/de\\\/produkt\\\/math-board-aus-holz-1-20-threewood\\\/\",\"url\":\"https:\\\/\\\/teiaeducation.ch\\\/de\\\/produkt\\\/math-board-aus-holz-1-20-threewood\\\/\",\"name\":\"Math Board aus Holz 1-20 - Threewood\",\"isPartOf\":{\"@id\":\"https:\\\/\\\/teiaeducation.ch\\\/de\\\/#website\"},\"primaryImageOfPage\":{\"@id\":\"https:\\\/\\\/teiaeducation.ch\\\/de\\\/produkt\\\/math-board-aus-holz-1-20-threewood\\\/#primaryimage\"},\"image\":{\"@id\":\"https:\\\/\\\/teiaeducation.ch\\\/de\\\/produkt\\\/math-board-aus-holz-1-20-threewood\\\/#primaryimage\"},\"thumbnailUrl\":\"https:\\\/\\\/teiaeducation.ch\\\/wp-content\\\/uploads\\\/2021\\\/10\\\/Wooden-handmade-reversible-numbers-1-20-board-with-reversible-tiles-Montessori-inspired-learning-toy-Threewood-1-2.webp\",\"datePublished\":\"2021-10-08T09:00:51+00:00\",\"dateModified\":\"2024-09-19T11:39:21+00:00\",\"description\":\"Das Threewood Math Board aus Holz 1-20 mit Filzkugeln aus reiner Wolle ist ein handgefertigtes, von Montessori inspiriertes Lernspielzeug f\u00fcr kleine Kinder!\",\"breadcrumb\":{\"@id\":\"https:\\\/\\\/teiaeducation.ch\\\/de\\\/produkt\\\/math-board-aus-holz-1-20-threewood\\\/#breadcrumb\"},\"inLanguage\":\"de-CH\",\"potentialAction\":[{\"@type\":\"ReadAction\",\"target\":[\"https:\\\/\\\/teiaeducation.ch\\\/de\\\/produkt\\\/math-board-aus-holz-1-20-threewood\\\/\"]}]},{\"@type\":\"ImageObject\",\"inLanguage\":\"de-CH\",\"@id\":\"https:\\\/\\\/teiaeducation.ch\\\/de\\\/produkt\\\/math-board-aus-holz-1-20-threewood\\\/#primaryimage\",\"url\":\"https:\\\/\\\/teiaeducation.ch\\\/wp-content\\\/uploads\\\/2021\\\/10\\\/Wooden-handmade-reversible-numbers-1-20-board-with-reversible-tiles-Montessori-inspired-learning-toy-Threewood-1-2.webp\",\"contentUrl\":\"https:\\\/\\\/teiaeducation.ch\\\/wp-content\\\/uploads\\\/2021\\\/10\\\/Wooden-handmade-reversible-numbers-1-20-board-with-reversible-tiles-Montessori-inspired-learning-toy-Threewood-1-2.webp\",\"width\":2000,\"height\":1500,\"caption\":\"Handgefertigtes, umkehrbares Math Board 1-20 aus Holz mit umkehrbaren Fliesen: Montessori inspiriertes Lernspielzeug Threewood\"},{\"@type\":\"BreadcrumbList\",\"@id\":\"https:\\\/\\\/teiaeducation.ch\\\/de\\\/produkt\\\/math-board-aus-holz-1-20-threewood\\\/#breadcrumb\",\"itemListElement\":[{\"@type\":\"ListItem\",\"position\":1,\"name\":\"Home\",\"item\":\"https:\\\/\\\/teiaeducation.ch\\\/de\\\/\"},{\"@type\":\"ListItem\",\"position\":2,\"name\":\"Laden\",\"item\":\"https:\\\/\\\/teiaeducation.ch\\\/de\\\/shop\\\/\"},{\"@type\":\"ListItem\",\"position\":3,\"name\":\"Unsere Marken\",\"item\":\"https:\\\/\\\/teiaeducation.ch\\\/de\\\/produkt-kategorie\\\/unsere-marken\\\/\"},{\"@type\":\"ListItem\",\"position\":4,\"name\":\"Threewood\",\"item\":\"https:\\\/\\\/teiaeducation.ch\\\/de\\\/produkt-kategorie\\\/unsere-marken\\\/threewood-de\\\/\"},{\"@type\":\"ListItem\",\"position\":5,\"name\":\"Math Board aus Holz 1-20 &#8211; Threewood\"}]},{\"@type\":\"WebSite\",\"@id\":\"https:\\\/\\\/teiaeducation.ch\\\/de\\\/#website\",\"url\":\"https:\\\/\\\/teiaeducation.ch\\\/de\\\/\",\"name\":\"Sustainable Educational Products &amp; Ecological Toys\u00a0\",\"description\":\"Specialised Swiss shop selling sustainable educational toys and games, AMI certified Montessori materials, handmade ecological wooden Waldorf toys and arts &amp; crafts supplies, school supplies, children&#039;s furniture and Montessori reference and parenting books.\",\"publisher\":{\"@id\":\"https:\\\/\\\/teiaeducation.ch\\\/de\\\/#organization\"},\"alternateName\":\"Teia Education & Play\",\"potentialAction\":[{\"@type\":\"SearchAction\",\"target\":{\"@type\":\"EntryPoint\",\"urlTemplate\":\"https:\\\/\\\/teiaeducation.ch\\\/de\\\/?s={search_term_string}\"},\"query-input\":{\"@type\":\"PropertyValueSpecification\",\"valueRequired\":true,\"valueName\":\"search_term_string\"}}],\"inLanguage\":\"de-CH\"},{\"@type\":\"Organization\",\"@id\":\"https:\\\/\\\/teiaeducation.ch\\\/de\\\/#organization\",\"name\":\"Teia Education & Play\",\"url\":\"https:\\\/\\\/teiaeducation.ch\\\/de\\\/\",\"logo\":{\"@type\":\"ImageObject\",\"inLanguage\":\"de-CH\",\"@id\":\"https:\\\/\\\/teiaeducation.ch\\\/de\\\/#\\\/schema\\\/logo\\\/image\\\/\",\"url\":\"https:\\\/\\\/teiaeducation.ch\\\/wp-content\\\/uploads\\\/2020\\\/11\\\/Teia-Education-Switzerland-e1620156442216.jpg\",\"contentUrl\":\"https:\\\/\\\/teiaeducation.ch\\\/wp-content\\\/uploads\\\/2020\\\/11\\\/Teia-Education-Switzerland-e1620156442216.jpg\",\"width\":166,\"height\":145,\"caption\":\"Teia Education & Play\"},\"image\":{\"@id\":\"https:\\\/\\\/teiaeducation.ch\\\/de\\\/#\\\/schema\\\/logo\\\/image\\\/\"},\"sameAs\":[\"https:\\\/\\\/www.facebook.com\\\/teiaeducation\\\/\",\"https:\\\/\\\/x.com\\\/EducationTeia\",\"https:\\\/\\\/www.instagram.com\\\/teia.education\\\/\",\"https:\\\/\\\/www.linkedin.com\\\/company\\\/35501660\",\"https:\\\/\\\/www.pinterest.ch\\\/TeiaEducation\\\/\"]}]}<\/script>\n<!-- \/ Yoast SEO plugin. -->","yoast_head_json":{"title":"Math Board aus Holz 1-20 - Threewood","description":"Das Threewood Math Board aus Holz 1-20 mit Filzkugeln aus reiner Wolle ist ein handgefertigtes, von Montessori inspiriertes Lernspielzeug f\u00fcr kleine Kinder!","robots":{"index":"index","follow":"follow","max-snippet":"max-snippet:-1","max-image-preview":"max-image-preview:large","max-video-preview":"max-video-preview:-1"},"canonical":"https:\/\/teiaeducation.ch\/de\/produkt\/math-board-aus-holz-1-20-threewood\/","og_locale":"de_DE","og_type":"article","og_title":"Math Board aus Holz 1-20 - Threewood","og_description":"Das Threewood Math Board aus Holz 1-20 mit Filzkugeln aus reiner Wolle ist ein handgefertigtes, von Montessori inspiriertes Lernspielzeug f\u00fcr kleine Kinder!","og_url":"https:\/\/teiaeducation.ch\/de\/produkt\/math-board-aus-holz-1-20-threewood\/","og_site_name":"Sustainable Educational Products &amp; Ecological Toys\u00a0","article_publisher":"https:\/\/www.facebook.com\/teiaeducation\/","article_modified_time":"2024-09-19T11:39:21+00:00","og_image":[{"width":2000,"height":1500,"url":"https:\/\/teiaeducation.ch\/wp-content\/uploads\/2021\/10\/Wooden-handmade-reversible-numbers-1-20-board-with-reversible-tiles-Montessori-inspired-learning-toy-Threewood-1-2.webp","type":"image\/webp"}],"schema":{"@context":"https:\/\/schema.org","@graph":[{"@type":"WebPage","@id":"https:\/\/teiaeducation.ch\/de\/produkt\/math-board-aus-holz-1-20-threewood\/","url":"https:\/\/teiaeducation.ch\/de\/produkt\/math-board-aus-holz-1-20-threewood\/","name":"Math Board aus Holz 1-20 - Threewood","isPartOf":{"@id":"https:\/\/teiaeducation.ch\/de\/#website"},"primaryImageOfPage":{"@id":"https:\/\/teiaeducation.ch\/de\/produkt\/math-board-aus-holz-1-20-threewood\/#primaryimage"},"image":{"@id":"https:\/\/teiaeducation.ch\/de\/produkt\/math-board-aus-holz-1-20-threewood\/#primaryimage"},"thumbnailUrl":"https:\/\/teiaeducation.ch\/wp-content\/uploads\/2021\/10\/Wooden-handmade-reversible-numbers-1-20-board-with-reversible-tiles-Montessori-inspired-learning-toy-Threewood-1-2.webp","datePublished":"2021-10-08T09:00:51+00:00","dateModified":"2024-09-19T11:39:21+00:00","description":"Das Threewood Math Board aus Holz 1-20 mit Filzkugeln aus reiner Wolle ist ein handgefertigtes, von Montessori inspiriertes Lernspielzeug f\u00fcr kleine Kinder!","breadcrumb":{"@id":"https:\/\/teiaeducation.ch\/de\/produkt\/math-board-aus-holz-1-20-threewood\/#breadcrumb"},"inLanguage":"de-CH","potentialAction":[{"@type":"ReadAction","target":["https:\/\/teiaeducation.ch\/de\/produkt\/math-board-aus-holz-1-20-threewood\/"]}]},{"@type":"ImageObject","inLanguage":"de-CH","@id":"https:\/\/teiaeducation.ch\/de\/produkt\/math-board-aus-holz-1-20-threewood\/#primaryimage","url":"https:\/\/teiaeducation.ch\/wp-content\/uploads\/2021\/10\/Wooden-handmade-reversible-numbers-1-20-board-with-reversible-tiles-Montessori-inspired-learning-toy-Threewood-1-2.webp","contentUrl":"https:\/\/teiaeducation.ch\/wp-content\/uploads\/2021\/10\/Wooden-handmade-reversible-numbers-1-20-board-with-reversible-tiles-Montessori-inspired-learning-toy-Threewood-1-2.webp","width":2000,"height":1500,"caption":"Handgefertigtes, umkehrbares Math Board 1-20 aus Holz mit umkehrbaren Fliesen: Montessori inspiriertes Lernspielzeug Threewood"},{"@type":"BreadcrumbList","@id":"https:\/\/teiaeducation.ch\/de\/produkt\/math-board-aus-holz-1-20-threewood\/#breadcrumb","itemListElement":[{"@type":"ListItem","position":1,"name":"Home","item":"https:\/\/teiaeducation.ch\/de\/"},{"@type":"ListItem","position":2,"name":"Laden","item":"https:\/\/teiaeducation.ch\/de\/shop\/"},{"@type":"ListItem","position":3,"name":"Unsere Marken","item":"https:\/\/teiaeducation.ch\/de\/produkt-kategorie\/unsere-marken\/"},{"@type":"ListItem","position":4,"name":"Threewood","item":"https:\/\/teiaeducation.ch\/de\/produkt-kategorie\/unsere-marken\/threewood-de\/"},{"@type":"ListItem","position":5,"name":"Math Board aus Holz 1-20 &#8211; Threewood"}]},{"@type":"WebSite","@id":"https:\/\/teiaeducation.ch\/de\/#website","url":"https:\/\/teiaeducation.ch\/de\/","name":"Sustainable Educational Products &amp; Ecological Toys\u00a0","description":"Specialised Swiss shop selling sustainable educational toys and games, AMI certified Montessori materials, handmade ecological wooden Waldorf toys and arts &amp; crafts supplies, school supplies, children&#039;s furniture and Montessori reference and parenting books.","publisher":{"@id":"https:\/\/teiaeducation.ch\/de\/#organization"},"alternateName":"Teia Education & Play","potentialAction":[{"@type":"SearchAction","target":{"@type":"EntryPoint","urlTemplate":"https:\/\/teiaeducation.ch\/de\/?s={search_term_string}"},"query-input":{"@type":"PropertyValueSpecification","valueRequired":true,"valueName":"search_term_string"}}],"inLanguage":"de-CH"},{"@type":"Organization","@id":"https:\/\/teiaeducation.ch\/de\/#organization","name":"Teia Education & Play","url":"https:\/\/teiaeducation.ch\/de\/","logo":{"@type":"ImageObject","inLanguage":"de-CH","@id":"https:\/\/teiaeducation.ch\/de\/#\/schema\/logo\/image\/","url":"https:\/\/teiaeducation.ch\/wp-content\/uploads\/2020\/11\/Teia-Education-Switzerland-e1620156442216.jpg","contentUrl":"https:\/\/teiaeducation.ch\/wp-content\/uploads\/2020\/11\/Teia-Education-Switzerland-e1620156442216.jpg","width":166,"height":145,"caption":"Teia Education & Play"},"image":{"@id":"https:\/\/teiaeducation.ch\/de\/#\/schema\/logo\/image\/"},"sameAs":["https:\/\/www.facebook.com\/teiaeducation\/","https:\/\/x.com\/EducationTeia","https:\/\/www.instagram.com\/teia.education\/","https:\/\/www.linkedin.com\/company\/35501660","https:\/\/www.pinterest.ch\/TeiaEducation\/"]}]}},"_links":{"self":[{"href":"https:\/\/teiaeducation.ch\/de\/wp-json\/wp\/v2\/product\/60791","targetHints":{"allow":["GET"]}}],"collection":[{"href":"https:\/\/teiaeducation.ch\/de\/wp-json\/wp\/v2\/product"}],"about":[{"href":"https:\/\/teiaeducation.ch\/de\/wp-json\/wp\/v2\/types\/product"}],"replies":[{"embeddable":true,"href":"https:\/\/teiaeducation.ch\/de\/wp-json\/wp\/v2\/comments?post=60791"}],"wp:featuredmedia":[{"embeddable":true,"href":"https:\/\/teiaeducation.ch\/de\/wp-json\/wp\/v2\/media\/57453"}],"wp:attachment":[{"href":"https:\/\/teiaeducation.ch\/de\/wp-json\/wp\/v2\/media?parent=60791"}],"wp:term":[{"taxonomy":"product_brand","embeddable":true,"href":"https:\/\/teiaeducation.ch\/de\/wp-json\/wp\/v2\/product_brand?post=60791"},{"taxonomy":"product_cat","embeddable":true,"href":"https:\/\/teiaeducation.ch\/de\/wp-json\/wp\/v2\/product_cat?post=60791"},{"taxonomy":"product_tag","embeddable":true,"href":"https:\/\/teiaeducation.ch\/de\/wp-json\/wp\/v2\/product_tag?post=60791"}],"curies":[{"name":"wp","href":"https:\/\/api.w.org\/{rel}","templated":true}]}}