{"id":60796,"date":"2021-10-08T11:00:49","date_gmt":"2021-10-08T09:00:49","guid":{"rendered":"https:\/\/teiaeducation.ch\/product\/math-board-aus-holz-1-10-threewood\/"},"modified":"2025-12-15T01:04:31","modified_gmt":"2025-12-15T00:04:31","slug":"math-board-aus-holz-1-10-threewood","status":"publish","type":"product","link":"https:\/\/teiaeducation.ch\/de\/produkt\/math-board-aus-holz-1-10-threewood\/","title":{"rendered":"Math Board aus Holz 1-10 &#8211; Threewood"},"content":{"rendered":"<p>Das reversible Math Board 1-10 aus Holz von Threewood mit reversiblen Kacheln und bunten Filzkugeln ist ein wunderbares handgefertigtes, von Montessori inspiriertes <a href=\"https:\/\/teiaeducation.ch\/product-category\/learning-themes\/mathematics-numeracy\/\">Mathe<\/a>-Lernspielzeug f\u00fcr kleine Kinder!<\/p>\n<p>Kinder, die noch nicht schreiben k\u00f6nnen, <a href=\"https:\/\/teiaeducation.ch\/product-category\/learning-themes\/literacy-language\/learning-to-write\/\">selbst wenn sie noch schreiben lernen<\/a>, werden viel Spa\u00df haben, wenn sie die Zahlenpl\u00e4ttchen und Filzkugeln auf das handgeschnitzte Wendebrett legen und einfache Berechnungen anstellen. <a href=\"https:\/\/teiaeducation.ch\/product-category\/learning-themes\/mathematics-numeracy\/counting\/\">Z\u00e4hlen<\/a>, Rechnen und <a href=\"https:\/\/teiaeducation.ch\/product-category\/learning-themes\/mathematics-numeracy\/numbers\/\">Zahlenerkennung<\/a> werden mit diesem durchdachten und liebevoll gestalteten Lernspielzeug zu einem lustigen und praktischen Spiel, das sich perfekt f\u00fcr das <a href=\"https:\/\/teiaeducation.ch\/product-category\/hgh-quality-toys-play\/montessori-toys\/\">Montessori<\/a>-Lernen und -Spielen zu Hause eignet.<\/p>\n<p>Dieses wundersch\u00f6ne, nat\u00fcrliche und qualitativ hochwertige taktile Lernspielzeug besteht aus einem wendbaren Board mit einem Zahlenst\u00e4nder auf der R\u00fcckseite und einem Tablett aus massivem Eichenholz zum Ordnen der Zahlen und Symbole sowie zum Ablegen der Filzkugeln. Zwei S\u00e4tze von 5 doppelseitigen (umkehrbaren) Karten mit den Zahlen von 1 bis 10 und 2 umkehrbare Karten mit den mathematischen Symbolen +, -, = sowie 10 handgefertigte Wollfilzkugeln sind in einem sch\u00f6nen Aufbewahrungsbeutel aus Leinen enthalten.<\/p>\n<p>Das Board aus massiver Eiche ist mit Natur\u00f6l behandelt. Es misst 10 x 20 cm und hat eine Dicke von 1,8 cm. Die Zahlen karten sind aus Sperrholz und die Filzkugeln aus reiner Wolle. Dieses komplette Math Board aus Holz wird in der Ukraine von Hand gefertigt.<\/p>\n<p>Inhalt:<\/p>\n<p>1 wendbare Board<br \/>\n10 doppelseitige Karten mit Zahlen<br \/>\n4 doppelseitige Mathe-Symbol Karten<br \/>\n10 Filzkugeln aus reiner Wolle<br \/>\n1 Leinensack zur Aufbewahrung der Zahlen Karten<\/p>\n<h2>\u00dcber Threewood<\/h2>\n<p><a href=\"https:\/\/teiaeducation.ch\/product-category\/brands\/threewood\/\">Threewood<\/a> ist ein ukrainisches Ehepaar, Yuriy und Olga, das erstaunliche handgefertigte <a href=\"https:\/\/teiaeducation.ch\/product-category\/learning-themes\/\">Lernspielzeuge<\/a> und Materialien herstellt, die von der <a href=\"https:\/\/teiaeducation.ch\/product-category\/education-method\/the-montessori-pedagogy-materials-toys\/\">Montessori<\/a> P\u00e4dagogik inspiriert sind. Der Name Threewood steht f\u00fcr ihre drei Kinder und die Leidenschaft f\u00fcr die Arbeit mit Holz, die Yuriy von seinem Vater und Gro\u00dfvater geerbt hat.<\/p>\n<p>Diese <a href=\"https:\/\/teiaeducation.ch\/product-category\/hgh-quality-toys-play\/handmade-wooden-toys\/\">handgefertigten Holzspielzeuge<\/a> sind meist aus Eichenholz hergestellt und von h\u00f6chster Qualit\u00e4t und Design. Sie versprechen Langlebigkeit und spielerisches Lernen f\u00fcr Generationen!<\/p>\n","protected":false},"excerpt":{"rendered":"<p>Artikelnummer: TW009<\/p>\n<p>Das Threewood Math Board 1-10 aus Holz mit Filzkugeln aus reiner Wolle ist ein handgefertigtes, von Montessori inspiriertes Lernspielzeug f\u00fcr kleine Kinder!<\/p>\n","protected":false},"featured_media":57468,"comment_status":"open","ping_status":"closed","template":"","meta":[],"product_brand":[],"product_cat":[21445,21446,22033,23651,21479,21538,21487,21491,21484,23075,21509,21537,21498,21481,22182,21443,21563,22362,21494,21495,21678,21672,21482,21564,21536,21540,21547],"product_tag":[26978,26881,26887,26886,26880,26882,26883,29161,26884,26885,26879],"class_list":{"0":"post-60796","1":"product","2":"type-product","3":"status-publish","4":"has-post-thumbnail","6":"product_cat-3-6-jahre-vorschule","7":"product_cat-6-12-jahre-grundschule","8":"product_cat-adventskalender-geschenke-strumpffueller","9":"product_cat-back-to-school-de","10":"product_cat-lernmaterialien-spielzeug-montessori-waldorf-steiner-froebel","11":"product_cat-ergaenzung","12":"product_cat-geschenk-guide-3-6-jahre-vorschule","13":"product_cat-geschenk-guide-lerngeschenke","14":"product_cat-geschenk-guides","15":"product_cat-handgefertigtes-holzspielzeug","16":"product_cat-lernthemen","17":"product_cat-mathematik-rechnen","18":"product_cat-montessori-materialien-fuer-zuhause-schulbedarf-fuer-zuhause","19":"product_cat-montessori-paedagogik-material-spielzeug","20":"product_cat-montessori-spielzeug","21":"product_cat-nach-alter","22":"product_cat-neuheiten","23":"product_cat-saisonale-kollektionen","24":"product_cat-schulbedarf-fuer-zuhause","25":"product_cat-schulbedarf-fuer-zuhause-3-6-jahre","26":"product_cat-kinder-spielzeug","27":"product_cat-threewood-de","28":"product_cat-traditionelle-bildung","29":"product_cat-unsere-marken","30":"product_cat-wortschatz","31":"product_cat-zaehlen","32":"product_cat-ziffern","33":"product_tag-alphabet-board-aus-holz-englisch-threewood","34":"product_tag-alphabet-lernspielzeug-aus-holz","35":"product_tag-buchstaben-und-worter-aus-holz","36":"product_tag-handgefertigte-montessori-lernspielzeug","37":"product_tag-handgefertigtes-lernspielzeug-aus-holz","38":"product_tag-hergestellt-in-der-ukraine","39":"product_tag-letter-board-englisch-threewood","40":"product_tag-math-board-aus-holz-threewood","41":"product_tag-montessori-inspiriertes-lernspielzeug","42":"product_tag-threewood-alphabet-board-aus-holz","43":"product_tag-threewood-montessori-spielzeug","45":"first","46":"instock","47":"taxable","48":"shipping-taxable","49":"purchasable","50":"product-type-simple"},"yoast_head":"<!-- This site is optimized with the Yoast SEO plugin v27.3 - https:\/\/yoast.com\/product\/yoast-seo-wordpress\/ -->\n<title>Math Board aus Holz 1-10 - Threewood<\/title>\n<meta name=\"description\" content=\"Das Threewood Math Board 1-10 aus Holz mit Filzkugeln aus reiner Wolle ist ein handgefertigtes, von Montessori inspiriertes Lernspielzeug f\u00fcr kleine Kinder!\" \/>\n<meta name=\"robots\" content=\"index, follow, max-snippet:-1, max-image-preview:large, max-video-preview:-1\" \/>\n<link rel=\"canonical\" href=\"https:\/\/teiaeducation.ch\/de\/produkt\/math-board-aus-holz-1-10-threewood\/\" \/>\n<meta property=\"og:locale\" content=\"de_DE\" \/>\n<meta property=\"og:type\" content=\"article\" \/>\n<meta property=\"og:title\" content=\"Math Board aus Holz 1-10 - Threewood\" \/>\n<meta property=\"og:description\" content=\"Das Threewood Math Board 1-10 aus Holz mit Filzkugeln aus reiner Wolle ist ein handgefertigtes, von Montessori inspiriertes Lernspielzeug f\u00fcr kleine Kinder!\" \/>\n<meta property=\"og:url\" content=\"https:\/\/teiaeducation.ch\/de\/produkt\/math-board-aus-holz-1-10-threewood\/\" \/>\n<meta property=\"og:site_name\" content=\"Sustainable Educational Products &amp; Ecological Toys\u00a0\" \/>\n<meta property=\"article:publisher\" content=\"https:\/\/www.facebook.com\/teiaeducation\/\" \/>\n<meta property=\"article:modified_time\" content=\"2025-12-15T00:04:31+00:00\" \/>\n<meta property=\"og:image\" content=\"https:\/\/teiaeducation.ch\/wp-content\/uploads\/2021\/10\/handmade-Montessori-inspired-learning-toy-Wooden-numbers-board-Threewood-scaled.webp\" \/>\n\t<meta property=\"og:image:width\" content=\"2048\" \/>\n\t<meta property=\"og:image:height\" content=\"1860\" \/>\n\t<meta property=\"og:image:type\" content=\"image\/webp\" \/>\n<script type=\"application\/ld+json\" class=\"yoast-schema-graph\">{\"@context\":\"https:\\\/\\\/schema.org\",\"@graph\":[{\"@type\":\"WebPage\",\"@id\":\"https:\\\/\\\/teiaeducation.ch\\\/de\\\/produkt\\\/math-board-aus-holz-1-10-threewood\\\/\",\"url\":\"https:\\\/\\\/teiaeducation.ch\\\/de\\\/produkt\\\/math-board-aus-holz-1-10-threewood\\\/\",\"name\":\"Math Board aus Holz 1-10 - Threewood\",\"isPartOf\":{\"@id\":\"https:\\\/\\\/teiaeducation.ch\\\/de\\\/#website\"},\"primaryImageOfPage\":{\"@id\":\"https:\\\/\\\/teiaeducation.ch\\\/de\\\/produkt\\\/math-board-aus-holz-1-10-threewood\\\/#primaryimage\"},\"image\":{\"@id\":\"https:\\\/\\\/teiaeducation.ch\\\/de\\\/produkt\\\/math-board-aus-holz-1-10-threewood\\\/#primaryimage\"},\"thumbnailUrl\":\"https:\\\/\\\/teiaeducation.ch\\\/wp-content\\\/uploads\\\/2021\\\/10\\\/handmade-Montessori-inspired-learning-toy-Wooden-numbers-board-Threewood-scaled.webp\",\"datePublished\":\"2021-10-08T09:00:49+00:00\",\"dateModified\":\"2025-12-15T00:04:31+00:00\",\"description\":\"Das Threewood Math Board 1-10 aus Holz mit Filzkugeln aus reiner Wolle ist ein handgefertigtes, von Montessori inspiriertes Lernspielzeug f\u00fcr kleine Kinder!\",\"breadcrumb\":{\"@id\":\"https:\\\/\\\/teiaeducation.ch\\\/de\\\/produkt\\\/math-board-aus-holz-1-10-threewood\\\/#breadcrumb\"},\"inLanguage\":\"de-CH\",\"potentialAction\":[{\"@type\":\"ReadAction\",\"target\":[\"https:\\\/\\\/teiaeducation.ch\\\/de\\\/produkt\\\/math-board-aus-holz-1-10-threewood\\\/\"]}]},{\"@type\":\"ImageObject\",\"inLanguage\":\"de-CH\",\"@id\":\"https:\\\/\\\/teiaeducation.ch\\\/de\\\/produkt\\\/math-board-aus-holz-1-10-threewood\\\/#primaryimage\",\"url\":\"https:\\\/\\\/teiaeducation.ch\\\/wp-content\\\/uploads\\\/2021\\\/10\\\/handmade-Montessori-inspired-learning-toy-Wooden-numbers-board-Threewood-scaled.webp\",\"contentUrl\":\"https:\\\/\\\/teiaeducation.ch\\\/wp-content\\\/uploads\\\/2021\\\/10\\\/handmade-Montessori-inspired-learning-toy-Wooden-numbers-board-Threewood-scaled.webp\",\"width\":2048,\"height\":1860,\"caption\":\"handgefertigtes Montessori inspiriertes Lernspielzeug Zahlenbrett aus Holz Threewood\"},{\"@type\":\"BreadcrumbList\",\"@id\":\"https:\\\/\\\/teiaeducation.ch\\\/de\\\/produkt\\\/math-board-aus-holz-1-10-threewood\\\/#breadcrumb\",\"itemListElement\":[{\"@type\":\"ListItem\",\"position\":1,\"name\":\"Home\",\"item\":\"https:\\\/\\\/teiaeducation.ch\\\/de\\\/\"},{\"@type\":\"ListItem\",\"position\":2,\"name\":\"Laden\",\"item\":\"https:\\\/\\\/teiaeducation.ch\\\/de\\\/shop\\\/\"},{\"@type\":\"ListItem\",\"position\":3,\"name\":\"Unsere Marken\",\"item\":\"https:\\\/\\\/teiaeducation.ch\\\/de\\\/produkt-kategorie\\\/unsere-marken\\\/\"},{\"@type\":\"ListItem\",\"position\":4,\"name\":\"Threewood\",\"item\":\"https:\\\/\\\/teiaeducation.ch\\\/de\\\/produkt-kategorie\\\/unsere-marken\\\/threewood-de\\\/\"},{\"@type\":\"ListItem\",\"position\":5,\"name\":\"Math Board aus Holz 1-10 &#8211; Threewood\"}]},{\"@type\":\"WebSite\",\"@id\":\"https:\\\/\\\/teiaeducation.ch\\\/de\\\/#website\",\"url\":\"https:\\\/\\\/teiaeducation.ch\\\/de\\\/\",\"name\":\"Sustainable Educational Products &amp; Ecological Toys\u00a0\",\"description\":\"Specialised Swiss shop selling sustainable educational toys and games, AMI certified Montessori materials, handmade ecological wooden Waldorf toys and arts &amp; crafts supplies, school supplies, children&#039;s furniture and Montessori reference and parenting books.\",\"publisher\":{\"@id\":\"https:\\\/\\\/teiaeducation.ch\\\/de\\\/#organization\"},\"alternateName\":\"Teia Education & Play\",\"potentialAction\":[{\"@type\":\"SearchAction\",\"target\":{\"@type\":\"EntryPoint\",\"urlTemplate\":\"https:\\\/\\\/teiaeducation.ch\\\/de\\\/?s={search_term_string}\"},\"query-input\":{\"@type\":\"PropertyValueSpecification\",\"valueRequired\":true,\"valueName\":\"search_term_string\"}}],\"inLanguage\":\"de-CH\"},{\"@type\":\"Organization\",\"@id\":\"https:\\\/\\\/teiaeducation.ch\\\/de\\\/#organization\",\"name\":\"Teia Education & Play\",\"url\":\"https:\\\/\\\/teiaeducation.ch\\\/de\\\/\",\"logo\":{\"@type\":\"ImageObject\",\"inLanguage\":\"de-CH\",\"@id\":\"https:\\\/\\\/teiaeducation.ch\\\/de\\\/#\\\/schema\\\/logo\\\/image\\\/\",\"url\":\"https:\\\/\\\/teiaeducation.ch\\\/wp-content\\\/uploads\\\/2020\\\/11\\\/Teia-Education-Switzerland-e1620156442216.jpg\",\"contentUrl\":\"https:\\\/\\\/teiaeducation.ch\\\/wp-content\\\/uploads\\\/2020\\\/11\\\/Teia-Education-Switzerland-e1620156442216.jpg\",\"width\":166,\"height\":145,\"caption\":\"Teia Education & Play\"},\"image\":{\"@id\":\"https:\\\/\\\/teiaeducation.ch\\\/de\\\/#\\\/schema\\\/logo\\\/image\\\/\"},\"sameAs\":[\"https:\\\/\\\/www.facebook.com\\\/teiaeducation\\\/\",\"https:\\\/\\\/x.com\\\/EducationTeia\",\"https:\\\/\\\/www.instagram.com\\\/teia.education\\\/\",\"https:\\\/\\\/www.linkedin.com\\\/company\\\/35501660\",\"https:\\\/\\\/www.pinterest.ch\\\/TeiaEducation\\\/\"]}]}<\/script>\n<!-- \/ Yoast SEO plugin. -->","yoast_head_json":{"title":"Math Board aus Holz 1-10 - Threewood","description":"Das Threewood Math Board 1-10 aus Holz mit Filzkugeln aus reiner Wolle ist ein handgefertigtes, von Montessori inspiriertes Lernspielzeug f\u00fcr kleine Kinder!","robots":{"index":"index","follow":"follow","max-snippet":"max-snippet:-1","max-image-preview":"max-image-preview:large","max-video-preview":"max-video-preview:-1"},"canonical":"https:\/\/teiaeducation.ch\/de\/produkt\/math-board-aus-holz-1-10-threewood\/","og_locale":"de_DE","og_type":"article","og_title":"Math Board aus Holz 1-10 - Threewood","og_description":"Das Threewood Math Board 1-10 aus Holz mit Filzkugeln aus reiner Wolle ist ein handgefertigtes, von Montessori inspiriertes Lernspielzeug f\u00fcr kleine Kinder!","og_url":"https:\/\/teiaeducation.ch\/de\/produkt\/math-board-aus-holz-1-10-threewood\/","og_site_name":"Sustainable Educational Products &amp; Ecological Toys\u00a0","article_publisher":"https:\/\/www.facebook.com\/teiaeducation\/","article_modified_time":"2025-12-15T00:04:31+00:00","og_image":[{"width":2048,"height":1860,"url":"https:\/\/teiaeducation.ch\/wp-content\/uploads\/2021\/10\/handmade-Montessori-inspired-learning-toy-Wooden-numbers-board-Threewood-scaled.webp","type":"image\/webp"}],"schema":{"@context":"https:\/\/schema.org","@graph":[{"@type":"WebPage","@id":"https:\/\/teiaeducation.ch\/de\/produkt\/math-board-aus-holz-1-10-threewood\/","url":"https:\/\/teiaeducation.ch\/de\/produkt\/math-board-aus-holz-1-10-threewood\/","name":"Math Board aus Holz 1-10 - Threewood","isPartOf":{"@id":"https:\/\/teiaeducation.ch\/de\/#website"},"primaryImageOfPage":{"@id":"https:\/\/teiaeducation.ch\/de\/produkt\/math-board-aus-holz-1-10-threewood\/#primaryimage"},"image":{"@id":"https:\/\/teiaeducation.ch\/de\/produkt\/math-board-aus-holz-1-10-threewood\/#primaryimage"},"thumbnailUrl":"https:\/\/teiaeducation.ch\/wp-content\/uploads\/2021\/10\/handmade-Montessori-inspired-learning-toy-Wooden-numbers-board-Threewood-scaled.webp","datePublished":"2021-10-08T09:00:49+00:00","dateModified":"2025-12-15T00:04:31+00:00","description":"Das Threewood Math Board 1-10 aus Holz mit Filzkugeln aus reiner Wolle ist ein handgefertigtes, von Montessori inspiriertes Lernspielzeug f\u00fcr kleine Kinder!","breadcrumb":{"@id":"https:\/\/teiaeducation.ch\/de\/produkt\/math-board-aus-holz-1-10-threewood\/#breadcrumb"},"inLanguage":"de-CH","potentialAction":[{"@type":"ReadAction","target":["https:\/\/teiaeducation.ch\/de\/produkt\/math-board-aus-holz-1-10-threewood\/"]}]},{"@type":"ImageObject","inLanguage":"de-CH","@id":"https:\/\/teiaeducation.ch\/de\/produkt\/math-board-aus-holz-1-10-threewood\/#primaryimage","url":"https:\/\/teiaeducation.ch\/wp-content\/uploads\/2021\/10\/handmade-Montessori-inspired-learning-toy-Wooden-numbers-board-Threewood-scaled.webp","contentUrl":"https:\/\/teiaeducation.ch\/wp-content\/uploads\/2021\/10\/handmade-Montessori-inspired-learning-toy-Wooden-numbers-board-Threewood-scaled.webp","width":2048,"height":1860,"caption":"handgefertigtes Montessori inspiriertes Lernspielzeug Zahlenbrett aus Holz Threewood"},{"@type":"BreadcrumbList","@id":"https:\/\/teiaeducation.ch\/de\/produkt\/math-board-aus-holz-1-10-threewood\/#breadcrumb","itemListElement":[{"@type":"ListItem","position":1,"name":"Home","item":"https:\/\/teiaeducation.ch\/de\/"},{"@type":"ListItem","position":2,"name":"Laden","item":"https:\/\/teiaeducation.ch\/de\/shop\/"},{"@type":"ListItem","position":3,"name":"Unsere Marken","item":"https:\/\/teiaeducation.ch\/de\/produkt-kategorie\/unsere-marken\/"},{"@type":"ListItem","position":4,"name":"Threewood","item":"https:\/\/teiaeducation.ch\/de\/produkt-kategorie\/unsere-marken\/threewood-de\/"},{"@type":"ListItem","position":5,"name":"Math Board aus Holz 1-10 &#8211; Threewood"}]},{"@type":"WebSite","@id":"https:\/\/teiaeducation.ch\/de\/#website","url":"https:\/\/teiaeducation.ch\/de\/","name":"Sustainable Educational Products &amp; Ecological Toys\u00a0","description":"Specialised Swiss shop selling sustainable educational toys and games, AMI certified Montessori materials, handmade ecological wooden Waldorf toys and arts &amp; crafts supplies, school supplies, children&#039;s furniture and Montessori reference and parenting books.","publisher":{"@id":"https:\/\/teiaeducation.ch\/de\/#organization"},"alternateName":"Teia Education & Play","potentialAction":[{"@type":"SearchAction","target":{"@type":"EntryPoint","urlTemplate":"https:\/\/teiaeducation.ch\/de\/?s={search_term_string}"},"query-input":{"@type":"PropertyValueSpecification","valueRequired":true,"valueName":"search_term_string"}}],"inLanguage":"de-CH"},{"@type":"Organization","@id":"https:\/\/teiaeducation.ch\/de\/#organization","name":"Teia Education & Play","url":"https:\/\/teiaeducation.ch\/de\/","logo":{"@type":"ImageObject","inLanguage":"de-CH","@id":"https:\/\/teiaeducation.ch\/de\/#\/schema\/logo\/image\/","url":"https:\/\/teiaeducation.ch\/wp-content\/uploads\/2020\/11\/Teia-Education-Switzerland-e1620156442216.jpg","contentUrl":"https:\/\/teiaeducation.ch\/wp-content\/uploads\/2020\/11\/Teia-Education-Switzerland-e1620156442216.jpg","width":166,"height":145,"caption":"Teia Education & Play"},"image":{"@id":"https:\/\/teiaeducation.ch\/de\/#\/schema\/logo\/image\/"},"sameAs":["https:\/\/www.facebook.com\/teiaeducation\/","https:\/\/x.com\/EducationTeia","https:\/\/www.instagram.com\/teia.education\/","https:\/\/www.linkedin.com\/company\/35501660","https:\/\/www.pinterest.ch\/TeiaEducation\/"]}]}},"_links":{"self":[{"href":"https:\/\/teiaeducation.ch\/de\/wp-json\/wp\/v2\/product\/60796","targetHints":{"allow":["GET"]}}],"collection":[{"href":"https:\/\/teiaeducation.ch\/de\/wp-json\/wp\/v2\/product"}],"about":[{"href":"https:\/\/teiaeducation.ch\/de\/wp-json\/wp\/v2\/types\/product"}],"replies":[{"embeddable":true,"href":"https:\/\/teiaeducation.ch\/de\/wp-json\/wp\/v2\/comments?post=60796"}],"wp:featuredmedia":[{"embeddable":true,"href":"https:\/\/teiaeducation.ch\/de\/wp-json\/wp\/v2\/media\/57468"}],"wp:attachment":[{"href":"https:\/\/teiaeducation.ch\/de\/wp-json\/wp\/v2\/media?parent=60796"}],"wp:term":[{"taxonomy":"product_brand","embeddable":true,"href":"https:\/\/teiaeducation.ch\/de\/wp-json\/wp\/v2\/product_brand?post=60796"},{"taxonomy":"product_cat","embeddable":true,"href":"https:\/\/teiaeducation.ch\/de\/wp-json\/wp\/v2\/product_cat?post=60796"},{"taxonomy":"product_tag","embeddable":true,"href":"https:\/\/teiaeducation.ch\/de\/wp-json\/wp\/v2\/product_tag?post=60796"}],"curies":[{"name":"wp","href":"https:\/\/api.w.org\/{rel}","templated":true}]}}