{"id":60820,"date":"2021-10-08T10:56:51","date_gmt":"2021-10-08T08:56:51","guid":{"rendered":"https:\/\/teiaeducation.ch\/product\/letter-board-set-aus-holz-in-deutscher-druckschrift-threewood\/"},"modified":"2025-10-26T13:08:36","modified_gmt":"2025-10-26T12:08:36","slug":"letter-board-set-aus-holz-in-deutscher-druckschrift-threewood","status":"publish","type":"product","link":"https:\/\/teiaeducation.ch\/de\/produkt\/letter-board-set-aus-holz-in-deutscher-druckschrift-threewood\/","title":{"rendered":"Letter Board Set aus Holz Kleinbuchstaben in deutscher Druckschrift &#8211; Threewood"},"content":{"rendered":"<p>Das Threewood Letter Board Set aus Holz in deutscher Druckschrift mit umkehrbaren Kleinbuchstaben ist ein wunderbares handgefertigtes, von <a href=\"https:\/\/teiaeducation.ch\/product-category\/hgh-quality-toys-play\/montessori-toys\/\">Montessori<\/a> inspiriertes <a href=\"https:\/\/teiaeducation.ch\/product-category\/learning-themes\/literacy-language\/\">Sprach<\/a> Lernspielzeug f\u00fcr kleine Kinder!<\/p>\n<p>Kinder haben viel Spa\u00df beim Lernen der Buchstaben und beim Buchstabieren einfacher W\u00f6rter, auch wenn sie <a href=\"https:\/\/teiaeducation.ch\/product-category\/learning-themes\/literacy-language\/learning-to-write\/\">noch nicht schreiben k\u00f6nnen<\/a>, wenn sie die Buchstaben Karten in das handgeschnitzte Letter Board legen. Rechtschreibung, Lesen und die Erweiterung des <a href=\"https:\/\/teiaeducation.ch\/product-category\/learning-themes\/literacy-language\/vocabulary-2\/\">Wortschatzes<\/a> werden mit diesem durchdachten und liebevoll gestalteten Lernspielzeug zu einem unterhaltsamen und praktischen Spiel, das sich perfekt f\u00fcr das Montessori Lernen zu Hause eignet.<\/p>\n<p>Dieses wundersch\u00f6ne, nat\u00fcrliche und qualitativ hochwertige taktile Lernspielzeug besteht aus einem Buchstaben Board und einem integrierten Buchstabenst\u00e4nder zum Ordnen der Buchstaben, handgefertigt aus massiver Eiche. Zwei Sets mit 26 handgefertigten englischer Alphabet Karten sind in ein sch\u00f6ne Leinentaschen enthalten. Die Alphabet Karten sind alle doppelseitig, um noch mehr Lernwert zu bieten &#8211; auf der R\u00fcckseite jedes Buchstaben Karten befindet sich eine Liste mit 5 W\u00f6rtern, die mit diesem Buchstaben beginnen und gelesen und buchstabiert werden k\u00f6nnen.<\/p>\n<p>Der Letter Board aus massiver Eiche mit Halter ist mit Natur\u00f6l behandelt. Er misst 20 x 20 cm und hat eine Dicke von 1,8 cm. Die Buchstaben Karten sind aus Sperrholz gefertigt. Das gesamte Letter Board aus Holz wird in der Ukraine von Hand gefertigt.<\/p>\n<p>Inhalt:<\/p>\n<p>1 wendbares Eichenholz Letter Board<br \/>\n52 doppelseitige Karten mit deutschen Alphabet auf einer Seite und 5 W\u00f6rtern auf der R\u00fcckseite (Kleinbuchstaben)<br \/>\n2 Leinenbeutel f\u00fcr die Aufbewahrung der Buchstaben Karten<\/p>\n<h2>\u00dcber Threewood<\/h2>\n<p><a href=\"https:\/\/teiaeducation.ch\/product-category\/brands\/threewood\/\">Threewood<\/a> ist ein ukrainisches Ehepaar, Yuriy und Olga, das erstaunliche handgefertigte <a href=\"https:\/\/teiaeducation.ch\/product-category\/learning-themes\/\">Lernspielzeuge<\/a> und Materialien herstellt, die von der <a href=\"https:\/\/teiaeducation.ch\/product-category\/education-method\/the-montessori-pedagogy-materials-toys\/\">Montessori<\/a> P\u00e4dagogik inspiriert sind. Der Name Threewood steht f\u00fcr ihre drei Kinder und die Leidenschaft f\u00fcr die Arbeit mit Holz, die Yuriy von seinem Vater und Gro\u00dfvater geerbt hat.<\/p>\n<p>Diese <a href=\"https:\/\/teiaeducation.ch\/product-category\/hgh-quality-toys-play\/handmade-wooden-toys\/\">handgefertigten Holzspielzeuge<\/a> sind meist aus Eichenholz hergestellt und von h\u00f6chster Qualit\u00e4t und Design. Sie versprechen Langlebigkeit und spielerisches Lernen f\u00fcr Generationen!<\/p>\n","protected":false},"excerpt":{"rendered":"<p>Artikelnummer: TW0021<\/p>\n<p>Das Threewood Letter Board Set aus Holz in deutscher Druckschrift ist ein wundersch\u00f6nes handgefertigtes, von Montessori inspiriertes Lernspielzeug!<\/p>\n","protected":false},"featured_media":60821,"comment_status":"open","ping_status":"closed","template":"","meta":[],"product_brand":[],"product_cat":[21445,21446,21524,21479,21532,23075,21509,21530,21498,21481,22182,21443,21563,21531,21494,21678,21672,21482,21564,21536],"product_tag":[26978,26881,26887,29165,26886,26880,26882,26888,26883,26884,26885,26889,26879],"class_list":{"0":"post-60820","1":"product","2":"type-product","3":"status-publish","4":"has-post-thumbnail","6":"product_cat-3-6-jahre-vorschule","7":"product_cat-6-12-jahre-grundschule","8":"product_cat-alphabetisierung-sprache","9":"product_cat-lernmaterialien-spielzeug-montessori-waldorf-steiner-froebel","10":"product_cat-buchstaben-das-alphabet","11":"product_cat-handgefertigtes-holzspielzeug","12":"product_cat-lernthemen","13":"product_cat-lesen-lernen","14":"product_cat-montessori-materialien-fuer-zuhause-schulbedarf-fuer-zuhause","15":"product_cat-montessori-paedagogik-material-spielzeug","16":"product_cat-montessori-spielzeug","17":"product_cat-nach-alter","18":"product_cat-neuheiten","19":"product_cat-schreiben-lernen","20":"product_cat-schulbedarf-fuer-zuhause","21":"product_cat-kinder-spielzeug","22":"product_cat-threewood-de","23":"product_cat-traditionelle-bildung","24":"product_cat-unsere-marken","25":"product_cat-wortschatz","26":"product_tag-alphabet-board-aus-holz-englisch-threewood","27":"product_tag-alphabet-lernspielzeug-aus-holz","28":"product_tag-buchstaben-und-worter-aus-holz","29":"product_tag-buchstabentafel-deutsch-threewood","30":"product_tag-handgefertigte-montessori-lernspielzeug","31":"product_tag-handgefertigtes-lernspielzeug-aus-holz","32":"product_tag-hergestellt-in-der-ukraine","33":"product_tag-letter-board-aus-holz-threewood","34":"product_tag-letter-board-englisch-threewood","35":"product_tag-montessori-inspiriertes-lernspielzeug","36":"product_tag-threewood-alphabet-board-aus-holz","37":"product_tag-threewood-alphabet-board-aus-holz-deutscher-sprache","38":"product_tag-threewood-montessori-spielzeug","40":"first","41":"instock","42":"taxable","43":"shipping-taxable","44":"purchasable","45":"product-type-simple"},"yoast_head":"<!-- This site is optimized with the Yoast SEO plugin v27.1.1 - https:\/\/yoast.com\/product\/yoast-seo-wordpress\/ -->\n<title>Letter Board Set aus Holz in deutscher Druckschrift \u2013 Threewood<\/title>\n<meta name=\"description\" content=\"Das Threewood Letter Board Set aus Holz in deutscher Druckschrift ist ein wundersch\u00f6nes handgefertigtes, von Montessori inspiriertes Lernspielzeug!\" \/>\n<meta name=\"robots\" content=\"index, follow, max-snippet:-1, max-image-preview:large, max-video-preview:-1\" \/>\n<link rel=\"canonical\" href=\"https:\/\/teiaeducation.ch\/de\/produkt\/letter-board-set-aus-holz-in-deutscher-druckschrift-threewood\/\" \/>\n<meta property=\"og:locale\" content=\"de_DE\" \/>\n<meta property=\"og:type\" content=\"article\" \/>\n<meta property=\"og:title\" content=\"Letter Board Set aus Holz in deutscher Druckschrift \u2013 Threewood\" \/>\n<meta property=\"og:description\" content=\"Das Threewood Letter Board Set aus Holz in deutscher Druckschrift ist ein wundersch\u00f6nes handgefertigtes, von Montessori inspiriertes Lernspielzeug!\" \/>\n<meta property=\"og:url\" content=\"https:\/\/teiaeducation.ch\/de\/produkt\/letter-board-set-aus-holz-in-deutscher-druckschrift-threewood\/\" \/>\n<meta property=\"og:site_name\" content=\"Sustainable Educational Products &amp; Ecological Toys\u00a0\" \/>\n<meta property=\"article:publisher\" content=\"https:\/\/www.facebook.com\/teiaeducation\/\" \/>\n<meta property=\"article:modified_time\" content=\"2025-10-26T12:08:36+00:00\" \/>\n<meta property=\"og:image\" content=\"https:\/\/teiaeducation.ch\/wp-content\/uploads\/2021\/09\/Wooden-letters-board-German-Threewood-Montessori-inspired-learning-toy2.jpg\" \/>\n\t<meta property=\"og:image:width\" content=\"794\" \/>\n\t<meta property=\"og:image:height\" content=\"794\" \/>\n\t<meta property=\"og:image:type\" content=\"image\/jpeg\" \/>\n<script type=\"application\/ld+json\" class=\"yoast-schema-graph\">{\"@context\":\"https:\/\/schema.org\",\"@graph\":[{\"@type\":\"WebPage\",\"@id\":\"https:\/\/teiaeducation.ch\/de\/produkt\/letter-board-set-aus-holz-in-deutscher-druckschrift-threewood\/\",\"url\":\"https:\/\/teiaeducation.ch\/de\/produkt\/letter-board-set-aus-holz-in-deutscher-druckschrift-threewood\/\",\"name\":\"Letter Board Set aus Holz in deutscher Druckschrift \u2013 Threewood\",\"isPartOf\":{\"@id\":\"https:\/\/teiaeducation.ch\/de\/#website\"},\"primaryImageOfPage\":{\"@id\":\"https:\/\/teiaeducation.ch\/de\/produkt\/letter-board-set-aus-holz-in-deutscher-druckschrift-threewood\/#primaryimage\"},\"image\":{\"@id\":\"https:\/\/teiaeducation.ch\/de\/produkt\/letter-board-set-aus-holz-in-deutscher-druckschrift-threewood\/#primaryimage\"},\"thumbnailUrl\":\"https:\/\/teiaeducation.ch\/wp-content\/uploads\/2021\/09\/Wooden-letters-board-German-Threewood-Montessori-inspired-learning-toy2.jpg\",\"datePublished\":\"2021-10-08T08:56:51+00:00\",\"dateModified\":\"2025-10-26T12:08:36+00:00\",\"description\":\"Das Threewood Letter Board Set aus Holz in deutscher Druckschrift ist ein wundersch\u00f6nes handgefertigtes, von Montessori inspiriertes Lernspielzeug!\",\"breadcrumb\":{\"@id\":\"https:\/\/teiaeducation.ch\/de\/produkt\/letter-board-set-aus-holz-in-deutscher-druckschrift-threewood\/#breadcrumb\"},\"inLanguage\":\"de-CH\",\"potentialAction\":[{\"@type\":\"ReadAction\",\"target\":[\"https:\/\/teiaeducation.ch\/de\/produkt\/letter-board-set-aus-holz-in-deutscher-druckschrift-threewood\/\"]}]},{\"@type\":\"ImageObject\",\"inLanguage\":\"de-CH\",\"@id\":\"https:\/\/teiaeducation.ch\/de\/produkt\/letter-board-set-aus-holz-in-deutscher-druckschrift-threewood\/#primaryimage\",\"url\":\"https:\/\/teiaeducation.ch\/wp-content\/uploads\/2021\/09\/Wooden-letters-board-German-Threewood-Montessori-inspired-learning-toy2.jpg\",\"contentUrl\":\"https:\/\/teiaeducation.ch\/wp-content\/uploads\/2021\/09\/Wooden-letters-board-German-Threewood-Montessori-inspired-learning-toy2.jpg\",\"width\":794,\"height\":794,\"caption\":\"Letter Board Set aus Holz in Deutscher Druckschrift Threewood Montessori inspiriertes Lernspielzeug\"},{\"@type\":\"BreadcrumbList\",\"@id\":\"https:\/\/teiaeducation.ch\/de\/produkt\/letter-board-set-aus-holz-in-deutscher-druckschrift-threewood\/#breadcrumb\",\"itemListElement\":[{\"@type\":\"ListItem\",\"position\":1,\"name\":\"Home\",\"item\":\"https:\/\/teiaeducation.ch\/de\/\"},{\"@type\":\"ListItem\",\"position\":2,\"name\":\"Laden\",\"item\":\"https:\/\/teiaeducation.ch\/de\/shop\/\"},{\"@type\":\"ListItem\",\"position\":3,\"name\":\"Unsere Marken\",\"item\":\"https:\/\/teiaeducation.ch\/de\/produkt-kategorie\/unsere-marken\/\"},{\"@type\":\"ListItem\",\"position\":4,\"name\":\"Threewood\",\"item\":\"https:\/\/teiaeducation.ch\/de\/produkt-kategorie\/unsere-marken\/threewood-de\/\"},{\"@type\":\"ListItem\",\"position\":5,\"name\":\"Letter Board Set aus Holz Kleinbuchstaben in deutscher Druckschrift &#8211; Threewood\"}]},{\"@type\":\"WebSite\",\"@id\":\"https:\/\/teiaeducation.ch\/de\/#website\",\"url\":\"https:\/\/teiaeducation.ch\/de\/\",\"name\":\"Sustainable Educational Products &amp; Ecological Toys\u00a0\",\"description\":\"Specialised Swiss shop selling sustainable educational toys and games, AMI certified Montessori materials, handmade ecological wooden Waldorf toys and arts &amp; crafts supplies, school supplies, children&#039;s furniture and Montessori reference and parenting books.\",\"publisher\":{\"@id\":\"https:\/\/teiaeducation.ch\/de\/#organization\"},\"alternateName\":\"Teia Education & Play\",\"potentialAction\":[{\"@type\":\"SearchAction\",\"target\":{\"@type\":\"EntryPoint\",\"urlTemplate\":\"https:\/\/teiaeducation.ch\/de\/?s={search_term_string}\"},\"query-input\":{\"@type\":\"PropertyValueSpecification\",\"valueRequired\":true,\"valueName\":\"search_term_string\"}}],\"inLanguage\":\"de-CH\"},{\"@type\":\"Organization\",\"@id\":\"https:\/\/teiaeducation.ch\/de\/#organization\",\"name\":\"Teia Education & Play\",\"url\":\"https:\/\/teiaeducation.ch\/de\/\",\"logo\":{\"@type\":\"ImageObject\",\"inLanguage\":\"de-CH\",\"@id\":\"https:\/\/teiaeducation.ch\/de\/#\/schema\/logo\/image\/\",\"url\":\"https:\/\/teiaeducation.ch\/wp-content\/uploads\/2020\/11\/Teia-Education-Switzerland-e1620156442216.jpg\",\"contentUrl\":\"https:\/\/teiaeducation.ch\/wp-content\/uploads\/2020\/11\/Teia-Education-Switzerland-e1620156442216.jpg\",\"width\":166,\"height\":145,\"caption\":\"Teia Education & Play\"},\"image\":{\"@id\":\"https:\/\/teiaeducation.ch\/de\/#\/schema\/logo\/image\/\"},\"sameAs\":[\"https:\/\/www.facebook.com\/teiaeducation\/\",\"https:\/\/x.com\/EducationTeia\",\"https:\/\/www.instagram.com\/teia.education\/\",\"https:\/\/www.linkedin.com\/company\/35501660\",\"https:\/\/www.pinterest.ch\/TeiaEducation\/\"]}]}<\/script>\n<!-- \/ Yoast SEO plugin. -->","yoast_head_json":{"title":"Letter Board Set aus Holz in deutscher Druckschrift \u2013 Threewood","description":"Das Threewood Letter Board Set aus Holz in deutscher Druckschrift ist ein wundersch\u00f6nes handgefertigtes, von Montessori inspiriertes Lernspielzeug!","robots":{"index":"index","follow":"follow","max-snippet":"max-snippet:-1","max-image-preview":"max-image-preview:large","max-video-preview":"max-video-preview:-1"},"canonical":"https:\/\/teiaeducation.ch\/de\/produkt\/letter-board-set-aus-holz-in-deutscher-druckschrift-threewood\/","og_locale":"de_DE","og_type":"article","og_title":"Letter Board Set aus Holz in deutscher Druckschrift \u2013 Threewood","og_description":"Das Threewood Letter Board Set aus Holz in deutscher Druckschrift ist ein wundersch\u00f6nes handgefertigtes, von Montessori inspiriertes Lernspielzeug!","og_url":"https:\/\/teiaeducation.ch\/de\/produkt\/letter-board-set-aus-holz-in-deutscher-druckschrift-threewood\/","og_site_name":"Sustainable Educational Products &amp; Ecological Toys\u00a0","article_publisher":"https:\/\/www.facebook.com\/teiaeducation\/","article_modified_time":"2025-10-26T12:08:36+00:00","og_image":[{"width":794,"height":794,"url":"https:\/\/teiaeducation.ch\/wp-content\/uploads\/2021\/09\/Wooden-letters-board-German-Threewood-Montessori-inspired-learning-toy2.jpg","type":"image\/jpeg"}],"schema":{"@context":"https:\/\/schema.org","@graph":[{"@type":"WebPage","@id":"https:\/\/teiaeducation.ch\/de\/produkt\/letter-board-set-aus-holz-in-deutscher-druckschrift-threewood\/","url":"https:\/\/teiaeducation.ch\/de\/produkt\/letter-board-set-aus-holz-in-deutscher-druckschrift-threewood\/","name":"Letter Board Set aus Holz in deutscher Druckschrift \u2013 Threewood","isPartOf":{"@id":"https:\/\/teiaeducation.ch\/de\/#website"},"primaryImageOfPage":{"@id":"https:\/\/teiaeducation.ch\/de\/produkt\/letter-board-set-aus-holz-in-deutscher-druckschrift-threewood\/#primaryimage"},"image":{"@id":"https:\/\/teiaeducation.ch\/de\/produkt\/letter-board-set-aus-holz-in-deutscher-druckschrift-threewood\/#primaryimage"},"thumbnailUrl":"https:\/\/teiaeducation.ch\/wp-content\/uploads\/2021\/09\/Wooden-letters-board-German-Threewood-Montessori-inspired-learning-toy2.jpg","datePublished":"2021-10-08T08:56:51+00:00","dateModified":"2025-10-26T12:08:36+00:00","description":"Das Threewood Letter Board Set aus Holz in deutscher Druckschrift ist ein wundersch\u00f6nes handgefertigtes, von Montessori inspiriertes Lernspielzeug!","breadcrumb":{"@id":"https:\/\/teiaeducation.ch\/de\/produkt\/letter-board-set-aus-holz-in-deutscher-druckschrift-threewood\/#breadcrumb"},"inLanguage":"de-CH","potentialAction":[{"@type":"ReadAction","target":["https:\/\/teiaeducation.ch\/de\/produkt\/letter-board-set-aus-holz-in-deutscher-druckschrift-threewood\/"]}]},{"@type":"ImageObject","inLanguage":"de-CH","@id":"https:\/\/teiaeducation.ch\/de\/produkt\/letter-board-set-aus-holz-in-deutscher-druckschrift-threewood\/#primaryimage","url":"https:\/\/teiaeducation.ch\/wp-content\/uploads\/2021\/09\/Wooden-letters-board-German-Threewood-Montessori-inspired-learning-toy2.jpg","contentUrl":"https:\/\/teiaeducation.ch\/wp-content\/uploads\/2021\/09\/Wooden-letters-board-German-Threewood-Montessori-inspired-learning-toy2.jpg","width":794,"height":794,"caption":"Letter Board Set aus Holz in Deutscher Druckschrift Threewood Montessori inspiriertes Lernspielzeug"},{"@type":"BreadcrumbList","@id":"https:\/\/teiaeducation.ch\/de\/produkt\/letter-board-set-aus-holz-in-deutscher-druckschrift-threewood\/#breadcrumb","itemListElement":[{"@type":"ListItem","position":1,"name":"Home","item":"https:\/\/teiaeducation.ch\/de\/"},{"@type":"ListItem","position":2,"name":"Laden","item":"https:\/\/teiaeducation.ch\/de\/shop\/"},{"@type":"ListItem","position":3,"name":"Unsere Marken","item":"https:\/\/teiaeducation.ch\/de\/produkt-kategorie\/unsere-marken\/"},{"@type":"ListItem","position":4,"name":"Threewood","item":"https:\/\/teiaeducation.ch\/de\/produkt-kategorie\/unsere-marken\/threewood-de\/"},{"@type":"ListItem","position":5,"name":"Letter Board Set aus Holz Kleinbuchstaben in deutscher Druckschrift &#8211; Threewood"}]},{"@type":"WebSite","@id":"https:\/\/teiaeducation.ch\/de\/#website","url":"https:\/\/teiaeducation.ch\/de\/","name":"Sustainable Educational Products &amp; Ecological Toys\u00a0","description":"Specialised Swiss shop selling sustainable educational toys and games, AMI certified Montessori materials, handmade ecological wooden Waldorf toys and arts &amp; crafts supplies, school supplies, children&#039;s furniture and Montessori reference and parenting books.","publisher":{"@id":"https:\/\/teiaeducation.ch\/de\/#organization"},"alternateName":"Teia Education & Play","potentialAction":[{"@type":"SearchAction","target":{"@type":"EntryPoint","urlTemplate":"https:\/\/teiaeducation.ch\/de\/?s={search_term_string}"},"query-input":{"@type":"PropertyValueSpecification","valueRequired":true,"valueName":"search_term_string"}}],"inLanguage":"de-CH"},{"@type":"Organization","@id":"https:\/\/teiaeducation.ch\/de\/#organization","name":"Teia Education & Play","url":"https:\/\/teiaeducation.ch\/de\/","logo":{"@type":"ImageObject","inLanguage":"de-CH","@id":"https:\/\/teiaeducation.ch\/de\/#\/schema\/logo\/image\/","url":"https:\/\/teiaeducation.ch\/wp-content\/uploads\/2020\/11\/Teia-Education-Switzerland-e1620156442216.jpg","contentUrl":"https:\/\/teiaeducation.ch\/wp-content\/uploads\/2020\/11\/Teia-Education-Switzerland-e1620156442216.jpg","width":166,"height":145,"caption":"Teia Education & Play"},"image":{"@id":"https:\/\/teiaeducation.ch\/de\/#\/schema\/logo\/image\/"},"sameAs":["https:\/\/www.facebook.com\/teiaeducation\/","https:\/\/x.com\/EducationTeia","https:\/\/www.instagram.com\/teia.education\/","https:\/\/www.linkedin.com\/company\/35501660","https:\/\/www.pinterest.ch\/TeiaEducation\/"]}]}},"_links":{"self":[{"href":"https:\/\/teiaeducation.ch\/de\/wp-json\/wp\/v2\/product\/60820","targetHints":{"allow":["GET"]}}],"collection":[{"href":"https:\/\/teiaeducation.ch\/de\/wp-json\/wp\/v2\/product"}],"about":[{"href":"https:\/\/teiaeducation.ch\/de\/wp-json\/wp\/v2\/types\/product"}],"replies":[{"embeddable":true,"href":"https:\/\/teiaeducation.ch\/de\/wp-json\/wp\/v2\/comments?post=60820"}],"wp:featuredmedia":[{"embeddable":true,"href":"https:\/\/teiaeducation.ch\/de\/wp-json\/wp\/v2\/media\/60821"}],"wp:attachment":[{"href":"https:\/\/teiaeducation.ch\/de\/wp-json\/wp\/v2\/media?parent=60820"}],"wp:term":[{"taxonomy":"product_brand","embeddable":true,"href":"https:\/\/teiaeducation.ch\/de\/wp-json\/wp\/v2\/product_brand?post=60820"},{"taxonomy":"product_cat","embeddable":true,"href":"https:\/\/teiaeducation.ch\/de\/wp-json\/wp\/v2\/product_cat?post=60820"},{"taxonomy":"product_tag","embeddable":true,"href":"https:\/\/teiaeducation.ch\/de\/wp-json\/wp\/v2\/product_tag?post=60820"}],"curies":[{"name":"wp","href":"https:\/\/api.w.org\/{rel}","templated":true}]}}