{"id":60832,"date":"2021-03-30T20:08:47","date_gmt":"2021-03-30T18:08:47","guid":{"rendered":"https:\/\/teiaeducation.ch\/product\/letter-board-aus-holz-in-englischer-druckschrift-threewood\/"},"modified":"2024-10-28T09:53:27","modified_gmt":"2024-10-28T08:53:27","slug":"letter-board-aus-holz-in-englischer-druckschrift-threewood","status":"publish","type":"product","link":"https:\/\/teiaeducation.ch\/de\/produkt\/letter-board-aus-holz-in-englischer-druckschrift-threewood\/","title":{"rendered":"Letter Board aus Holz Kleinbuchstaben in englischer Druckschrift &#8211; Threewood"},"content":{"rendered":"<p>Das Threewood Letter Board Set aus Holz in englischer Druckschrift mit umkehrbaren Kleinbuchstaben ist ein wunderbares handgefertigtes, von <a href=\"https:\/\/teiaeducation.ch\/product-category\/hgh-quality-toys-play\/montessori-toys\/\">Montessori<\/a> inspiriertes <a href=\"https:\/\/teiaeducation.ch\/product-category\/learning-themes\/literacy-language\/\">Sprach<\/a> Lernspielzeug f\u00fcr kleine Kinder!<\/p>\n<p>Kinder haben viel Spa\u00df beim Lernen der Buchstaben und beim Buchstabieren einfacher W\u00f6rter, auch wenn sie <a href=\"https:\/\/teiaeducation.ch\/product-category\/learning-themes\/literacy-language\/learning-to-write\/\">noch nicht schreiben k\u00f6nnen<\/a>, wenn sie die Buchstaben Karten in das handgeschnitzte Letter Board legen. Rechtschreibung, Lesen und die Erweiterung des <a href=\"https:\/\/teiaeducation.ch\/product-category\/learning-themes\/literacy-language\/vocabulary-2\/\">Wortschatzes<\/a> werden mit diesem durchdachten und liebevoll gestalteten Lernspielzeug zu einem unterhaltsamen und praktischen Spiel, das sich perfekt f\u00fcr das Montessori Lernen zu Hause eignet.<\/p>\n<p>Dieses wundersch\u00f6ne, nat\u00fcrliche und qualitativ hochwertige taktile Lernspielzeug besteht aus einem Buchstaben Board und einem Buchstabenst\u00e4nder zum Ordnen der Buchstaben, handgefertigt aus massiver Eiche. Zwei Sets mit 26 handgefertigten englischer Alphabet Karten sind in ein sch\u00f6ne Leinentaschen enthalten. Die Alphabet Karten sind alle doppelseitig, um noch mehr Lernwert zu bieten &#8211; auf der R\u00fcckseite jedes Buchstaben Karten befindet sich eine Liste mit 5 W\u00f6rtern, die mit diesem Buchstaben beginnen und gelesen und buchstabiert werden k\u00f6nnen.<\/p>\n<p>Der Letter Board aus massiver Eiche und Halter sind mit Natur\u00f6l behandelt. Das Hauptboard 40 x 20 cm und hat eine Dicke von 1,8 cm. Die Buchstaben Karten sind aus Sperrholz gefertigt. Das gesamte Letter Board aus Holz wird in der Ukraine von Hand gefertigt.<\/p>\n<p>Inhalt:<\/p>\n<p>1 Letter Board aus Eichenholz<br \/>\n1 Buchstabenst\u00e4nder aus Eichenholz<br \/>\n52 doppelseitige Karten mit englischen Alphabet auf einer Seite und 5 W\u00f6rtern auf der R\u00fcckseite (Kleinbuchstaben)<br \/>\n2 Leinenbeutel f\u00fcr die Aufbewahrung der Buchstaben Karten<\/p>\n<h2>\u00dcber Threewood<\/h2>\n<p><a href=\"https:\/\/teiaeducation.ch\/product-category\/brands\/threewood\/\">Threewood<\/a> ist ein ukrainisches Ehepaar, Yuriy und Olga, das erstaunliche handgefertigte <a href=\"https:\/\/teiaeducation.ch\/product-category\/learning-themes\/\">Lernspielzeuge<\/a> und Materialien herstellt, die von der <a href=\"https:\/\/teiaeducation.ch\/product-category\/education-method\/the-montessori-pedagogy-materials-toys\/\">Montessori<\/a> P\u00e4dagogik inspiriert sind. Der Name Threewood steht f\u00fcr ihre drei Kinder und die Leidenschaft f\u00fcr die Arbeit mit Holz, die Yuriy von seinem Vater und Gro\u00dfvater geerbt hat.<\/p>\n<p>Diese <a href=\"https:\/\/teiaeducation.ch\/product-category\/hgh-quality-toys-play\/handmade-wooden-toys\/\">handgefertigten Holzspielzeuge<\/a> sind meist aus Eichenholz hergestellt und von h\u00f6chster Qualit\u00e4t und Design. Sie versprechen Langlebigkeit und spielerisches Lernen f\u00fcr Generationen!<\/p>\n","protected":false},"excerpt":{"rendered":"<p>Artikelnummer: TW001<\/p>\n<p>Das Threewood Letter Board aus Holz in englischer Druckschrift ist ein wundersch\u00f6nes handgefertigtes, von Montessori inspiriertes Lernspielzeug!<\/p>\n","protected":false},"featured_media":41587,"comment_status":"open","ping_status":"closed","template":"","meta":[],"product_brand":[],"product_cat":[21445,21446,21524,23651,21479,21532,21487,21484,23075,21509,21530,21498,21481,22182,21443,21563,22362,21531,21494,21495,21678,21672,21482,21564,21536],"product_tag":[26978,26881,26887,26886,26880,26882,26883,26884,26885,26879],"class_list":{"0":"post-60832","1":"product","2":"type-product","3":"status-publish","4":"has-post-thumbnail","6":"product_cat-3-6-jahre-vorschule","7":"product_cat-6-12-jahre-grundschule","8":"product_cat-alphabetisierung-sprache","9":"product_cat-back-to-school-de","10":"product_cat-lernmaterialien-spielzeug-montessori-waldorf-steiner-froebel","11":"product_cat-buchstaben-das-alphabet","12":"product_cat-geschenk-guide-3-6-jahre-vorschule","13":"product_cat-geschenk-guides","14":"product_cat-handgefertigtes-holzspielzeug","15":"product_cat-lernthemen","16":"product_cat-lesen-lernen","17":"product_cat-montessori-materialien-fuer-zuhause-schulbedarf-fuer-zuhause","18":"product_cat-montessori-paedagogik-material-spielzeug","19":"product_cat-montessori-spielzeug","20":"product_cat-nach-alter","21":"product_cat-neuheiten","22":"product_cat-saisonale-kollektionen","23":"product_cat-schreiben-lernen","24":"product_cat-schulbedarf-fuer-zuhause","25":"product_cat-schulbedarf-fuer-zuhause-3-6-jahre","26":"product_cat-kinder-spielzeug","27":"product_cat-threewood-de","28":"product_cat-traditionelle-bildung","29":"product_cat-unsere-marken","30":"product_cat-wortschatz","31":"product_tag-alphabet-board-aus-holz-englisch-threewood","32":"product_tag-alphabet-lernspielzeug-aus-holz","33":"product_tag-buchstaben-und-worter-aus-holz","34":"product_tag-handgefertigte-montessori-lernspielzeug","35":"product_tag-handgefertigtes-lernspielzeug-aus-holz","36":"product_tag-hergestellt-in-der-ukraine","37":"product_tag-letter-board-englisch-threewood","38":"product_tag-montessori-inspiriertes-lernspielzeug","39":"product_tag-threewood-alphabet-board-aus-holz","40":"product_tag-threewood-montessori-spielzeug","42":"first","43":"instock","44":"taxable","45":"shipping-taxable","46":"purchasable","47":"product-type-simple"},"yoast_head":"<!-- This site is optimized with the Yoast SEO plugin v27.3 - https:\/\/yoast.com\/product\/yoast-seo-wordpress\/ -->\n<title>Letter Board aus Holz in englischer Druckschrift \u2013 Threewood<\/title>\n<meta name=\"description\" content=\"Das Threewood Letter Board aus Holz in englischer Druckschrift ist ein wundersch\u00f6nes handgefertigtes, von Montessori inspiriertes Lernspielzeug!\" \/>\n<meta name=\"robots\" content=\"index, follow, max-snippet:-1, max-image-preview:large, max-video-preview:-1\" \/>\n<link rel=\"canonical\" href=\"https:\/\/teiaeducation.ch\/de\/produkt\/letter-board-aus-holz-in-englischer-druckschrift-threewood\/\" \/>\n<meta property=\"og:locale\" content=\"de_DE\" \/>\n<meta property=\"og:type\" content=\"article\" \/>\n<meta property=\"og:title\" content=\"Letter Board aus Holz in englischer Druckschrift \u2013 Threewood\" \/>\n<meta property=\"og:description\" content=\"Das Threewood Letter Board aus Holz in englischer Druckschrift ist ein wundersch\u00f6nes handgefertigtes, von Montessori inspiriertes Lernspielzeug!\" \/>\n<meta property=\"og:url\" content=\"https:\/\/teiaeducation.ch\/de\/produkt\/letter-board-aus-holz-in-englischer-druckschrift-threewood\/\" \/>\n<meta property=\"og:site_name\" content=\"Sustainable Educational Products &amp; Ecological Toys\u00a0\" \/>\n<meta property=\"article:publisher\" content=\"https:\/\/www.facebook.com\/teiaeducation\/\" \/>\n<meta property=\"article:modified_time\" content=\"2024-10-28T08:53:27+00:00\" \/>\n<meta property=\"og:image\" content=\"https:\/\/teiaeducation.ch\/wp-content\/uploads\/2021\/03\/Wooden-alphabet-board-English-Threewood-1.jpg\" \/>\n\t<meta property=\"og:image:width\" content=\"1588\" \/>\n\t<meta property=\"og:image:height\" content=\"1588\" \/>\n\t<meta property=\"og:image:type\" content=\"image\/jpeg\" \/>\n<script type=\"application\/ld+json\" class=\"yoast-schema-graph\">{\"@context\":\"https:\\\/\\\/schema.org\",\"@graph\":[{\"@type\":\"WebPage\",\"@id\":\"https:\\\/\\\/teiaeducation.ch\\\/de\\\/produkt\\\/letter-board-aus-holz-in-englischer-druckschrift-threewood\\\/\",\"url\":\"https:\\\/\\\/teiaeducation.ch\\\/de\\\/produkt\\\/letter-board-aus-holz-in-englischer-druckschrift-threewood\\\/\",\"name\":\"Letter Board aus Holz in englischer Druckschrift \u2013 Threewood\",\"isPartOf\":{\"@id\":\"https:\\\/\\\/teiaeducation.ch\\\/de\\\/#website\"},\"primaryImageOfPage\":{\"@id\":\"https:\\\/\\\/teiaeducation.ch\\\/de\\\/produkt\\\/letter-board-aus-holz-in-englischer-druckschrift-threewood\\\/#primaryimage\"},\"image\":{\"@id\":\"https:\\\/\\\/teiaeducation.ch\\\/de\\\/produkt\\\/letter-board-aus-holz-in-englischer-druckschrift-threewood\\\/#primaryimage\"},\"thumbnailUrl\":\"https:\\\/\\\/teiaeducation.ch\\\/wp-content\\\/uploads\\\/2021\\\/03\\\/Wooden-alphabet-board-English-Threewood-1.jpg\",\"datePublished\":\"2021-03-30T18:08:47+00:00\",\"dateModified\":\"2024-10-28T08:53:27+00:00\",\"description\":\"Das Threewood Letter Board aus Holz in englischer Druckschrift ist ein wundersch\u00f6nes handgefertigtes, von Montessori inspiriertes Lernspielzeug!\",\"breadcrumb\":{\"@id\":\"https:\\\/\\\/teiaeducation.ch\\\/de\\\/produkt\\\/letter-board-aus-holz-in-englischer-druckschrift-threewood\\\/#breadcrumb\"},\"inLanguage\":\"de-CH\",\"potentialAction\":[{\"@type\":\"ReadAction\",\"target\":[\"https:\\\/\\\/teiaeducation.ch\\\/de\\\/produkt\\\/letter-board-aus-holz-in-englischer-druckschrift-threewood\\\/\"]}]},{\"@type\":\"ImageObject\",\"inLanguage\":\"de-CH\",\"@id\":\"https:\\\/\\\/teiaeducation.ch\\\/de\\\/produkt\\\/letter-board-aus-holz-in-englischer-druckschrift-threewood\\\/#primaryimage\",\"url\":\"https:\\\/\\\/teiaeducation.ch\\\/wp-content\\\/uploads\\\/2021\\\/03\\\/Wooden-alphabet-board-English-Threewood-1.jpg\",\"contentUrl\":\"https:\\\/\\\/teiaeducation.ch\\\/wp-content\\\/uploads\\\/2021\\\/03\\\/Wooden-alphabet-board-English-Threewood-1.jpg\",\"width\":1588,\"height\":1588,\"caption\":\"Montessori inspiriertes Lernspielzeug Letter Board Set aus Holz in Englischer Druckschrift - Threewood\"},{\"@type\":\"BreadcrumbList\",\"@id\":\"https:\\\/\\\/teiaeducation.ch\\\/de\\\/produkt\\\/letter-board-aus-holz-in-englischer-druckschrift-threewood\\\/#breadcrumb\",\"itemListElement\":[{\"@type\":\"ListItem\",\"position\":1,\"name\":\"Home\",\"item\":\"https:\\\/\\\/teiaeducation.ch\\\/de\\\/\"},{\"@type\":\"ListItem\",\"position\":2,\"name\":\"Laden\",\"item\":\"https:\\\/\\\/teiaeducation.ch\\\/de\\\/shop\\\/\"},{\"@type\":\"ListItem\",\"position\":3,\"name\":\"Unsere Marken\",\"item\":\"https:\\\/\\\/teiaeducation.ch\\\/de\\\/produkt-kategorie\\\/unsere-marken\\\/\"},{\"@type\":\"ListItem\",\"position\":4,\"name\":\"Threewood\",\"item\":\"https:\\\/\\\/teiaeducation.ch\\\/de\\\/produkt-kategorie\\\/unsere-marken\\\/threewood-de\\\/\"},{\"@type\":\"ListItem\",\"position\":5,\"name\":\"Letter Board aus Holz Kleinbuchstaben in englischer Druckschrift &#8211; Threewood\"}]},{\"@type\":\"WebSite\",\"@id\":\"https:\\\/\\\/teiaeducation.ch\\\/de\\\/#website\",\"url\":\"https:\\\/\\\/teiaeducation.ch\\\/de\\\/\",\"name\":\"Sustainable Educational Products &amp; Ecological Toys\u00a0\",\"description\":\"Specialised Swiss shop selling sustainable educational toys and games, AMI certified Montessori materials, handmade ecological wooden Waldorf toys and arts &amp; crafts supplies, school supplies, children&#039;s furniture and Montessori reference and parenting books.\",\"publisher\":{\"@id\":\"https:\\\/\\\/teiaeducation.ch\\\/de\\\/#organization\"},\"alternateName\":\"Teia Education & Play\",\"potentialAction\":[{\"@type\":\"SearchAction\",\"target\":{\"@type\":\"EntryPoint\",\"urlTemplate\":\"https:\\\/\\\/teiaeducation.ch\\\/de\\\/?s={search_term_string}\"},\"query-input\":{\"@type\":\"PropertyValueSpecification\",\"valueRequired\":true,\"valueName\":\"search_term_string\"}}],\"inLanguage\":\"de-CH\"},{\"@type\":\"Organization\",\"@id\":\"https:\\\/\\\/teiaeducation.ch\\\/de\\\/#organization\",\"name\":\"Teia Education & Play\",\"url\":\"https:\\\/\\\/teiaeducation.ch\\\/de\\\/\",\"logo\":{\"@type\":\"ImageObject\",\"inLanguage\":\"de-CH\",\"@id\":\"https:\\\/\\\/teiaeducation.ch\\\/de\\\/#\\\/schema\\\/logo\\\/image\\\/\",\"url\":\"https:\\\/\\\/teiaeducation.ch\\\/wp-content\\\/uploads\\\/2020\\\/11\\\/Teia-Education-Switzerland-e1620156442216.jpg\",\"contentUrl\":\"https:\\\/\\\/teiaeducation.ch\\\/wp-content\\\/uploads\\\/2020\\\/11\\\/Teia-Education-Switzerland-e1620156442216.jpg\",\"width\":166,\"height\":145,\"caption\":\"Teia Education & Play\"},\"image\":{\"@id\":\"https:\\\/\\\/teiaeducation.ch\\\/de\\\/#\\\/schema\\\/logo\\\/image\\\/\"},\"sameAs\":[\"https:\\\/\\\/www.facebook.com\\\/teiaeducation\\\/\",\"https:\\\/\\\/x.com\\\/EducationTeia\",\"https:\\\/\\\/www.instagram.com\\\/teia.education\\\/\",\"https:\\\/\\\/www.linkedin.com\\\/company\\\/35501660\",\"https:\\\/\\\/www.pinterest.ch\\\/TeiaEducation\\\/\"]}]}<\/script>\n<!-- \/ Yoast SEO plugin. -->","yoast_head_json":{"title":"Letter Board aus Holz in englischer Druckschrift \u2013 Threewood","description":"Das Threewood Letter Board aus Holz in englischer Druckschrift ist ein wundersch\u00f6nes handgefertigtes, von Montessori inspiriertes Lernspielzeug!","robots":{"index":"index","follow":"follow","max-snippet":"max-snippet:-1","max-image-preview":"max-image-preview:large","max-video-preview":"max-video-preview:-1"},"canonical":"https:\/\/teiaeducation.ch\/de\/produkt\/letter-board-aus-holz-in-englischer-druckschrift-threewood\/","og_locale":"de_DE","og_type":"article","og_title":"Letter Board aus Holz in englischer Druckschrift \u2013 Threewood","og_description":"Das Threewood Letter Board aus Holz in englischer Druckschrift ist ein wundersch\u00f6nes handgefertigtes, von Montessori inspiriertes Lernspielzeug!","og_url":"https:\/\/teiaeducation.ch\/de\/produkt\/letter-board-aus-holz-in-englischer-druckschrift-threewood\/","og_site_name":"Sustainable Educational Products &amp; Ecological Toys\u00a0","article_publisher":"https:\/\/www.facebook.com\/teiaeducation\/","article_modified_time":"2024-10-28T08:53:27+00:00","og_image":[{"width":1588,"height":1588,"url":"https:\/\/teiaeducation.ch\/wp-content\/uploads\/2021\/03\/Wooden-alphabet-board-English-Threewood-1.jpg","type":"image\/jpeg"}],"schema":{"@context":"https:\/\/schema.org","@graph":[{"@type":"WebPage","@id":"https:\/\/teiaeducation.ch\/de\/produkt\/letter-board-aus-holz-in-englischer-druckschrift-threewood\/","url":"https:\/\/teiaeducation.ch\/de\/produkt\/letter-board-aus-holz-in-englischer-druckschrift-threewood\/","name":"Letter Board aus Holz in englischer Druckschrift \u2013 Threewood","isPartOf":{"@id":"https:\/\/teiaeducation.ch\/de\/#website"},"primaryImageOfPage":{"@id":"https:\/\/teiaeducation.ch\/de\/produkt\/letter-board-aus-holz-in-englischer-druckschrift-threewood\/#primaryimage"},"image":{"@id":"https:\/\/teiaeducation.ch\/de\/produkt\/letter-board-aus-holz-in-englischer-druckschrift-threewood\/#primaryimage"},"thumbnailUrl":"https:\/\/teiaeducation.ch\/wp-content\/uploads\/2021\/03\/Wooden-alphabet-board-English-Threewood-1.jpg","datePublished":"2021-03-30T18:08:47+00:00","dateModified":"2024-10-28T08:53:27+00:00","description":"Das Threewood Letter Board aus Holz in englischer Druckschrift ist ein wundersch\u00f6nes handgefertigtes, von Montessori inspiriertes Lernspielzeug!","breadcrumb":{"@id":"https:\/\/teiaeducation.ch\/de\/produkt\/letter-board-aus-holz-in-englischer-druckschrift-threewood\/#breadcrumb"},"inLanguage":"de-CH","potentialAction":[{"@type":"ReadAction","target":["https:\/\/teiaeducation.ch\/de\/produkt\/letter-board-aus-holz-in-englischer-druckschrift-threewood\/"]}]},{"@type":"ImageObject","inLanguage":"de-CH","@id":"https:\/\/teiaeducation.ch\/de\/produkt\/letter-board-aus-holz-in-englischer-druckschrift-threewood\/#primaryimage","url":"https:\/\/teiaeducation.ch\/wp-content\/uploads\/2021\/03\/Wooden-alphabet-board-English-Threewood-1.jpg","contentUrl":"https:\/\/teiaeducation.ch\/wp-content\/uploads\/2021\/03\/Wooden-alphabet-board-English-Threewood-1.jpg","width":1588,"height":1588,"caption":"Montessori inspiriertes Lernspielzeug Letter Board Set aus Holz in Englischer Druckschrift - Threewood"},{"@type":"BreadcrumbList","@id":"https:\/\/teiaeducation.ch\/de\/produkt\/letter-board-aus-holz-in-englischer-druckschrift-threewood\/#breadcrumb","itemListElement":[{"@type":"ListItem","position":1,"name":"Home","item":"https:\/\/teiaeducation.ch\/de\/"},{"@type":"ListItem","position":2,"name":"Laden","item":"https:\/\/teiaeducation.ch\/de\/shop\/"},{"@type":"ListItem","position":3,"name":"Unsere Marken","item":"https:\/\/teiaeducation.ch\/de\/produkt-kategorie\/unsere-marken\/"},{"@type":"ListItem","position":4,"name":"Threewood","item":"https:\/\/teiaeducation.ch\/de\/produkt-kategorie\/unsere-marken\/threewood-de\/"},{"@type":"ListItem","position":5,"name":"Letter Board aus Holz Kleinbuchstaben in englischer Druckschrift &#8211; Threewood"}]},{"@type":"WebSite","@id":"https:\/\/teiaeducation.ch\/de\/#website","url":"https:\/\/teiaeducation.ch\/de\/","name":"Sustainable Educational Products &amp; Ecological Toys\u00a0","description":"Specialised Swiss shop selling sustainable educational toys and games, AMI certified Montessori materials, handmade ecological wooden Waldorf toys and arts &amp; crafts supplies, school supplies, children&#039;s furniture and Montessori reference and parenting books.","publisher":{"@id":"https:\/\/teiaeducation.ch\/de\/#organization"},"alternateName":"Teia Education & Play","potentialAction":[{"@type":"SearchAction","target":{"@type":"EntryPoint","urlTemplate":"https:\/\/teiaeducation.ch\/de\/?s={search_term_string}"},"query-input":{"@type":"PropertyValueSpecification","valueRequired":true,"valueName":"search_term_string"}}],"inLanguage":"de-CH"},{"@type":"Organization","@id":"https:\/\/teiaeducation.ch\/de\/#organization","name":"Teia Education & Play","url":"https:\/\/teiaeducation.ch\/de\/","logo":{"@type":"ImageObject","inLanguage":"de-CH","@id":"https:\/\/teiaeducation.ch\/de\/#\/schema\/logo\/image\/","url":"https:\/\/teiaeducation.ch\/wp-content\/uploads\/2020\/11\/Teia-Education-Switzerland-e1620156442216.jpg","contentUrl":"https:\/\/teiaeducation.ch\/wp-content\/uploads\/2020\/11\/Teia-Education-Switzerland-e1620156442216.jpg","width":166,"height":145,"caption":"Teia Education & Play"},"image":{"@id":"https:\/\/teiaeducation.ch\/de\/#\/schema\/logo\/image\/"},"sameAs":["https:\/\/www.facebook.com\/teiaeducation\/","https:\/\/x.com\/EducationTeia","https:\/\/www.instagram.com\/teia.education\/","https:\/\/www.linkedin.com\/company\/35501660","https:\/\/www.pinterest.ch\/TeiaEducation\/"]}]}},"_links":{"self":[{"href":"https:\/\/teiaeducation.ch\/de\/wp-json\/wp\/v2\/product\/60832","targetHints":{"allow":["GET"]}}],"collection":[{"href":"https:\/\/teiaeducation.ch\/de\/wp-json\/wp\/v2\/product"}],"about":[{"href":"https:\/\/teiaeducation.ch\/de\/wp-json\/wp\/v2\/types\/product"}],"replies":[{"embeddable":true,"href":"https:\/\/teiaeducation.ch\/de\/wp-json\/wp\/v2\/comments?post=60832"}],"wp:featuredmedia":[{"embeddable":true,"href":"https:\/\/teiaeducation.ch\/de\/wp-json\/wp\/v2\/media\/41587"}],"wp:attachment":[{"href":"https:\/\/teiaeducation.ch\/de\/wp-json\/wp\/v2\/media?parent=60832"}],"wp:term":[{"taxonomy":"product_brand","embeddable":true,"href":"https:\/\/teiaeducation.ch\/de\/wp-json\/wp\/v2\/product_brand?post=60832"},{"taxonomy":"product_cat","embeddable":true,"href":"https:\/\/teiaeducation.ch\/de\/wp-json\/wp\/v2\/product_cat?post=60832"},{"taxonomy":"product_tag","embeddable":true,"href":"https:\/\/teiaeducation.ch\/de\/wp-json\/wp\/v2\/product_tag?post=60832"}],"curies":[{"name":"wp","href":"https:\/\/api.w.org\/{rel}","templated":true}]}}