{"id":60883,"date":"2021-01-27T12:20:16","date_gmt":"2021-01-27T11:20:16","guid":{"rendered":"https:\/\/teiaeducation.ch\/product\/fahnen-von-europa-englisch-nienhuis-montessori\/"},"modified":"2024-06-06T08:14:01","modified_gmt":"2024-06-06T06:14:01","slug":"fahnen-von-europa-englisch-nienhuis-montessori","status":"publish","type":"product","link":"https:\/\/teiaeducation.ch\/de\/produkt\/fahnen-von-europa-englisch-nienhuis-montessori\/","title":{"rendered":"Fahnen von Europa (Englisch) &#8211; Nienhuis Montessori"},"content":{"rendered":"<p>Das Nienhuis Montessori <a href=\"https:\/\/teiaeducation.ch\/product-category\/curriculum-areas\/culture-science\/country-flags\/\">Fahnen<\/a> von Europa Nomenclature Activity Set in englischer Sprache ist ein erg\u00e4nzendes Geographiematerial und enth\u00e4lt 2 Sets mit farbigen Nomenclature-Karten, 1 Set mit separaten Etiketten und 1 Kontrollset mit Etiketten am Boden. Die Karten, Etiketten und das Kontrollset sind aus dickem Kunststoff gefertigt, um eine lange Lebensdauer zu gew\u00e4hrleisten.<\/p>\n<p>F\u00fcr den Unterricht und als Nachschlagewerk ist auch ein spiralgebundenes Buch mit einem kompletten Satz enthalten. Das Fahnenset ist in einer Holzbox mit vier F\u00e4chern untergebracht.<\/p>\n<p>Die niederl\u00e4ndische Marke Nienhuis Montessori ist die weltweit f\u00fchrende Montessori Marke, die das Erbe von Maria Montessori ehrt und fortf\u00fchrt und das breiteste und innovativste Sortiment an Montessori-Materialien, M\u00f6beln und verwandten Produkten herstellt. Die hochwertigen Nienhuis Montessori Produkte geben den Kindern die Werkzeuge, die sie brauchen, um Unabhangig und kritisch zu denken. Alle Nienhuis Montessori Materialien sind vom Materialkomitee der Association Montessori Internationale (<a href=\"https:\/\/montessori-ami.org\/\">AMI<\/a>) zertifiziert und werden sorgf\u00e4ltig hergestellt, um Schwierigkeiten zu isolieren, so dass die Kinder sich konzentrieren, lernen und sich entwickeln k\u00f6nnen.<\/p>\n<p>Nienhuis Montessori ist eine der Marken des Niederlandischen Unternehmens Heutink International, das weltweit die besten pedagogischen Marken anbietet, die auf spielerisches Lernen ausgerichtet sind.<\/p>\n<p>Dieses Montessori Material ist geeignet f\u00fcr Kinder im Alter von 3-12 Jahren.<\/p>\n<p>Inhalt:<\/p>\n<p>1 Satz Nomenklaturkarten (Englisch)<br \/>\n1 Satz Etiketten<br \/>\n1 Kontrollset<br \/>\n1 sprialgebundenes Buch<br \/>\n1 Ablagefach aus Holz (26 x 26 x 2.5 cm)<\/p>\n","protected":false},"excerpt":{"rendered":"<p>Artikelnummer: 076201<\/p>\n<p>The Nienhuis Montessori Fahnen von Europa nomenclature activity set is complementary geography material and is suitable for children aged 3-12 years.<\/p>\n","protected":false},"featured_media":60884,"comment_status":"closed","ping_status":"closed","template":"","meta":[],"product_brand":[],"product_cat":[21475,21445,21446,21500,21524,21479,21571,21515,21647,21517,21474,21510,21513,21509,21499,21530,21498,21481,21443,21572,21501,21531,21494,21564,21536],"product_tag":[26553,23473,26017,23120,29166,23119,23470],"class_list":{"0":"post-60883","1":"product","2":"type-product","3":"status-publish","4":"has-post-thumbnail","6":"product_cat-3-6-jahre-klassenzimmer-pack","7":"product_cat-3-6-jahre-vorschule","8":"product_cat-6-12-jahre-grundschule","9":"product_cat-aktivitaetssets","10":"product_cat-alphabetisierung-sprache","11":"product_cat-lernmaterialien-spielzeug-montessori-waldorf-steiner-froebel","12":"product_cat-curriculum-erganzung-nienhuis-montessori","13":"product_cat-erde-universum","14":"product_cat-geographie-nienhuis-montessori","15":"product_cat-humangeographie-kultur","16":"product_cat-klassenzimmer-essenzien","17":"product_cat-kultur-wissenschaft","18":"product_cat-laenderfahnen","19":"product_cat-lernthemen","20":"product_cat-lernunterstuetzung","21":"product_cat-lesen-lernen","22":"product_cat-montessori-materialien-fuer-zuhause-schulbedarf-fuer-zuhause","23":"product_cat-montessori-paedagogik-material-spielzeug","24":"product_cat-nach-alter","25":"product_cat-nienhuis-montessori-schweiz","26":"product_cat-nomenklatur-karten","27":"product_cat-schreiben-lernen","28":"product_cat-schulbedarf-fuer-zuhause","29":"product_cat-unsere-marken","30":"product_cat-wortschatz","31":"product_tag-flaggenpuzzles-montessori","32":"product_tag-lehrmittel-schweiz","33":"product_tag-montessori-geographie","34":"product_tag-montessori-material-schweiz","35":"product_tag-montessori-nomenklatur","36":"product_tag-nienhuis-montessori-schweiz-de","37":"product_tag-nienhuis-montessori-schweiz-de-2","39":"first","40":"instock","41":"taxable","42":"shipping-taxable","43":"purchasable","44":"product-type-simple"},"yoast_head":"<!-- This site is optimized with the Yoast SEO Premium plugin v25.8 (Yoast SEO v27.4) - https:\/\/yoast.com\/product\/yoast-seo-premium-wordpress\/ -->\n<title>Fahnen von Europa (Englisch) - Nienhuis Montessori - Teia Education &amp; Play<\/title>\n<meta name=\"description\" content=\"Das Nienhuis Montessori Fahnen von Europa ist ein erg\u00e4nzendes Geographie-Material, das f\u00fcr Kinder von 3-12 Jahren geeignet ist.\" \/>\n<meta name=\"robots\" content=\"index, follow, max-snippet:-1, max-image-preview:large, max-video-preview:-1\" \/>\n<link rel=\"canonical\" href=\"https:\/\/teiaeducation.ch\/de\/produkt\/fahnen-von-europa-englisch-nienhuis-montessori\/\" \/>\n<meta property=\"og:locale\" content=\"de_DE\" \/>\n<meta property=\"og:type\" content=\"article\" \/>\n<meta property=\"og:title\" content=\"Fahnen von Europa (Englisch) - Nienhuis Montessori\" \/>\n<meta property=\"og:description\" content=\"Das Nienhuis Montessori Fahnen von Europa ist ein erg\u00e4nzendes Geographie-Material, das f\u00fcr Kinder von 3-12 Jahren geeignet ist.\" \/>\n<meta property=\"og:url\" content=\"https:\/\/teiaeducation.ch\/de\/produkt\/fahnen-von-europa-englisch-nienhuis-montessori\/\" \/>\n<meta property=\"og:site_name\" content=\"Sustainable Educational Products &amp; Ecological Toys\u00a0\" \/>\n<meta property=\"article:publisher\" content=\"https:\/\/www.facebook.com\/teiaeducation\/\" \/>\n<meta property=\"article:modified_time\" content=\"2024-06-06T06:14:01+00:00\" \/>\n<meta property=\"og:image\" content=\"https:\/\/teiaeducation.ch\/wp-content\/uploads\/2019\/04\/076201-1.jpg\" \/>\n\t<meta property=\"og:image:width\" content=\"900\" \/>\n\t<meta property=\"og:image:height\" content=\"900\" \/>\n\t<meta property=\"og:image:type\" content=\"image\/jpeg\" \/>\n<script type=\"application\/ld+json\" class=\"yoast-schema-graph\">{\"@context\":\"https:\\\/\\\/schema.org\",\"@graph\":[{\"@type\":\"WebPage\",\"@id\":\"https:\\\/\\\/teiaeducation.ch\\\/de\\\/produkt\\\/fahnen-von-europa-englisch-nienhuis-montessori\\\/\",\"url\":\"https:\\\/\\\/teiaeducation.ch\\\/de\\\/produkt\\\/fahnen-von-europa-englisch-nienhuis-montessori\\\/\",\"name\":\"Fahnen von Europa (Englisch) - Nienhuis Montessori - Teia Education & Play\",\"isPartOf\":{\"@id\":\"https:\\\/\\\/teiaeducation.ch\\\/de\\\/#website\"},\"primaryImageOfPage\":{\"@id\":\"https:\\\/\\\/teiaeducation.ch\\\/de\\\/produkt\\\/fahnen-von-europa-englisch-nienhuis-montessori\\\/#primaryimage\"},\"image\":{\"@id\":\"https:\\\/\\\/teiaeducation.ch\\\/de\\\/produkt\\\/fahnen-von-europa-englisch-nienhuis-montessori\\\/#primaryimage\"},\"thumbnailUrl\":\"https:\\\/\\\/teiaeducation.ch\\\/wp-content\\\/uploads\\\/2019\\\/04\\\/076201-1.jpg\",\"datePublished\":\"2021-01-27T11:20:16+00:00\",\"dateModified\":\"2024-06-06T06:14:01+00:00\",\"description\":\"Das Nienhuis Montessori Fahnen von Europa ist ein erg\u00e4nzendes Geographie-Material, das f\u00fcr Kinder von 3-12 Jahren geeignet ist.\",\"breadcrumb\":{\"@id\":\"https:\\\/\\\/teiaeducation.ch\\\/de\\\/produkt\\\/fahnen-von-europa-englisch-nienhuis-montessori\\\/#breadcrumb\"},\"inLanguage\":\"de-CH\",\"potentialAction\":[{\"@type\":\"ReadAction\",\"target\":[\"https:\\\/\\\/teiaeducation.ch\\\/de\\\/produkt\\\/fahnen-von-europa-englisch-nienhuis-montessori\\\/\"]}]},{\"@type\":\"ImageObject\",\"inLanguage\":\"de-CH\",\"@id\":\"https:\\\/\\\/teiaeducation.ch\\\/de\\\/produkt\\\/fahnen-von-europa-englisch-nienhuis-montessori\\\/#primaryimage\",\"url\":\"https:\\\/\\\/teiaeducation.ch\\\/wp-content\\\/uploads\\\/2019\\\/04\\\/076201-1.jpg\",\"contentUrl\":\"https:\\\/\\\/teiaeducation.ch\\\/wp-content\\\/uploads\\\/2019\\\/04\\\/076201-1.jpg\",\"width\":900,\"height\":900,\"caption\":\"Fahnen von Europa (Englisch) - Nienhuis Montessori\"},{\"@type\":\"BreadcrumbList\",\"@id\":\"https:\\\/\\\/teiaeducation.ch\\\/de\\\/produkt\\\/fahnen-von-europa-englisch-nienhuis-montessori\\\/#breadcrumb\",\"itemListElement\":[{\"@type\":\"ListItem\",\"position\":1,\"name\":\"Home\",\"item\":\"https:\\\/\\\/teiaeducation.ch\\\/de\\\/\"},{\"@type\":\"ListItem\",\"position\":2,\"name\":\"Laden\",\"item\":\"https:\\\/\\\/teiaeducation.ch\\\/de\\\/shop\\\/\"},{\"@type\":\"ListItem\",\"position\":3,\"name\":\"Fahnen von Europa (Englisch) &#8211; Nienhuis Montessori\"}]},{\"@type\":\"WebSite\",\"@id\":\"https:\\\/\\\/teiaeducation.ch\\\/de\\\/#website\",\"url\":\"https:\\\/\\\/teiaeducation.ch\\\/de\\\/\",\"name\":\"Sustainable Educational Products &amp; Ecological Toys\u00a0\",\"description\":\"Specialised Swiss shop selling sustainable educational toys and games, AMI certified Montessori materials, handmade ecological wooden Waldorf toys and arts &amp; crafts supplies, school supplies, children&#039;s furniture and Montessori reference and parenting books.\",\"publisher\":{\"@id\":\"https:\\\/\\\/teiaeducation.ch\\\/de\\\/#organization\"},\"alternateName\":\"Teia Education & Play\",\"potentialAction\":[{\"@type\":\"SearchAction\",\"target\":{\"@type\":\"EntryPoint\",\"urlTemplate\":\"https:\\\/\\\/teiaeducation.ch\\\/de\\\/?s={search_term_string}\"},\"query-input\":{\"@type\":\"PropertyValueSpecification\",\"valueRequired\":true,\"valueName\":\"search_term_string\"}}],\"inLanguage\":\"de-CH\"},{\"@type\":\"Organization\",\"@id\":\"https:\\\/\\\/teiaeducation.ch\\\/de\\\/#organization\",\"name\":\"Teia Education & Play\",\"url\":\"https:\\\/\\\/teiaeducation.ch\\\/de\\\/\",\"logo\":{\"@type\":\"ImageObject\",\"inLanguage\":\"de-CH\",\"@id\":\"https:\\\/\\\/teiaeducation.ch\\\/de\\\/#\\\/schema\\\/logo\\\/image\\\/\",\"url\":\"https:\\\/\\\/teiaeducation.ch\\\/wp-content\\\/uploads\\\/2020\\\/11\\\/Teia-Education-Switzerland-e1620156442216.jpg\",\"contentUrl\":\"https:\\\/\\\/teiaeducation.ch\\\/wp-content\\\/uploads\\\/2020\\\/11\\\/Teia-Education-Switzerland-e1620156442216.jpg\",\"width\":166,\"height\":145,\"caption\":\"Teia Education & Play\"},\"image\":{\"@id\":\"https:\\\/\\\/teiaeducation.ch\\\/de\\\/#\\\/schema\\\/logo\\\/image\\\/\"},\"sameAs\":[\"https:\\\/\\\/www.facebook.com\\\/teiaeducation\\\/\",\"https:\\\/\\\/x.com\\\/EducationTeia\",\"https:\\\/\\\/www.instagram.com\\\/teia.education\\\/\",\"https:\\\/\\\/www.linkedin.com\\\/company\\\/35501660\",\"https:\\\/\\\/www.pinterest.ch\\\/TeiaEducation\\\/\"]}]}<\/script>\n<meta property=\"product:price:amount\" content=\"131.00\" \/>\n<meta property=\"product:price:currency\" content=\"CHF\" \/>\n<meta property=\"og:availability\" content=\"instock\" \/>\n<meta property=\"product:availability\" content=\"instock\" \/>\n<meta property=\"product:retailer_item_id\" content=\"00000000000000000000000000000000000000000000005342\" \/>\n<meta property=\"product:condition\" content=\"new\" \/>\n<!-- \/ Yoast SEO Premium plugin. -->","yoast_head_json":{"title":"Fahnen von Europa (Englisch) - Nienhuis Montessori - Teia Education & Play","description":"Das Nienhuis Montessori Fahnen von Europa ist ein erg\u00e4nzendes Geographie-Material, das f\u00fcr Kinder von 3-12 Jahren geeignet ist.","robots":{"index":"index","follow":"follow","max-snippet":"max-snippet:-1","max-image-preview":"max-image-preview:large","max-video-preview":"max-video-preview:-1"},"canonical":"https:\/\/teiaeducation.ch\/de\/produkt\/fahnen-von-europa-englisch-nienhuis-montessori\/","og_locale":"de_DE","og_type":"article","og_title":"Fahnen von Europa (Englisch) - Nienhuis Montessori","og_description":"Das Nienhuis Montessori Fahnen von Europa ist ein erg\u00e4nzendes Geographie-Material, das f\u00fcr Kinder von 3-12 Jahren geeignet ist.","og_url":"https:\/\/teiaeducation.ch\/de\/produkt\/fahnen-von-europa-englisch-nienhuis-montessori\/","og_site_name":"Sustainable Educational Products &amp; Ecological Toys\u00a0","article_publisher":"https:\/\/www.facebook.com\/teiaeducation\/","article_modified_time":"2024-06-06T06:14:01+00:00","og_image":[{"width":900,"height":900,"url":"https:\/\/teiaeducation.ch\/wp-content\/uploads\/2019\/04\/076201-1.jpg","type":"image\/jpeg"}],"schema":{"@context":"https:\/\/schema.org","@graph":[{"@type":"WebPage","@id":"https:\/\/teiaeducation.ch\/de\/produkt\/fahnen-von-europa-englisch-nienhuis-montessori\/","url":"https:\/\/teiaeducation.ch\/de\/produkt\/fahnen-von-europa-englisch-nienhuis-montessori\/","name":"Fahnen von Europa (Englisch) - Nienhuis Montessori - Teia Education & Play","isPartOf":{"@id":"https:\/\/teiaeducation.ch\/de\/#website"},"primaryImageOfPage":{"@id":"https:\/\/teiaeducation.ch\/de\/produkt\/fahnen-von-europa-englisch-nienhuis-montessori\/#primaryimage"},"image":{"@id":"https:\/\/teiaeducation.ch\/de\/produkt\/fahnen-von-europa-englisch-nienhuis-montessori\/#primaryimage"},"thumbnailUrl":"https:\/\/teiaeducation.ch\/wp-content\/uploads\/2019\/04\/076201-1.jpg","datePublished":"2021-01-27T11:20:16+00:00","dateModified":"2024-06-06T06:14:01+00:00","description":"Das Nienhuis Montessori Fahnen von Europa ist ein erg\u00e4nzendes Geographie-Material, das f\u00fcr Kinder von 3-12 Jahren geeignet ist.","breadcrumb":{"@id":"https:\/\/teiaeducation.ch\/de\/produkt\/fahnen-von-europa-englisch-nienhuis-montessori\/#breadcrumb"},"inLanguage":"de-CH","potentialAction":[{"@type":"ReadAction","target":["https:\/\/teiaeducation.ch\/de\/produkt\/fahnen-von-europa-englisch-nienhuis-montessori\/"]}]},{"@type":"ImageObject","inLanguage":"de-CH","@id":"https:\/\/teiaeducation.ch\/de\/produkt\/fahnen-von-europa-englisch-nienhuis-montessori\/#primaryimage","url":"https:\/\/teiaeducation.ch\/wp-content\/uploads\/2019\/04\/076201-1.jpg","contentUrl":"https:\/\/teiaeducation.ch\/wp-content\/uploads\/2019\/04\/076201-1.jpg","width":900,"height":900,"caption":"Fahnen von Europa (Englisch) - Nienhuis Montessori"},{"@type":"BreadcrumbList","@id":"https:\/\/teiaeducation.ch\/de\/produkt\/fahnen-von-europa-englisch-nienhuis-montessori\/#breadcrumb","itemListElement":[{"@type":"ListItem","position":1,"name":"Home","item":"https:\/\/teiaeducation.ch\/de\/"},{"@type":"ListItem","position":2,"name":"Laden","item":"https:\/\/teiaeducation.ch\/de\/shop\/"},{"@type":"ListItem","position":3,"name":"Fahnen von Europa (Englisch) &#8211; Nienhuis Montessori"}]},{"@type":"WebSite","@id":"https:\/\/teiaeducation.ch\/de\/#website","url":"https:\/\/teiaeducation.ch\/de\/","name":"Sustainable Educational Products &amp; Ecological Toys\u00a0","description":"Specialised Swiss shop selling sustainable educational toys and games, AMI certified Montessori materials, handmade ecological wooden Waldorf toys and arts &amp; crafts supplies, school supplies, children&#039;s furniture and Montessori reference and parenting books.","publisher":{"@id":"https:\/\/teiaeducation.ch\/de\/#organization"},"alternateName":"Teia Education & Play","potentialAction":[{"@type":"SearchAction","target":{"@type":"EntryPoint","urlTemplate":"https:\/\/teiaeducation.ch\/de\/?s={search_term_string}"},"query-input":{"@type":"PropertyValueSpecification","valueRequired":true,"valueName":"search_term_string"}}],"inLanguage":"de-CH"},{"@type":"Organization","@id":"https:\/\/teiaeducation.ch\/de\/#organization","name":"Teia Education & Play","url":"https:\/\/teiaeducation.ch\/de\/","logo":{"@type":"ImageObject","inLanguage":"de-CH","@id":"https:\/\/teiaeducation.ch\/de\/#\/schema\/logo\/image\/","url":"https:\/\/teiaeducation.ch\/wp-content\/uploads\/2020\/11\/Teia-Education-Switzerland-e1620156442216.jpg","contentUrl":"https:\/\/teiaeducation.ch\/wp-content\/uploads\/2020\/11\/Teia-Education-Switzerland-e1620156442216.jpg","width":166,"height":145,"caption":"Teia Education & Play"},"image":{"@id":"https:\/\/teiaeducation.ch\/de\/#\/schema\/logo\/image\/"},"sameAs":["https:\/\/www.facebook.com\/teiaeducation\/","https:\/\/x.com\/EducationTeia","https:\/\/www.instagram.com\/teia.education\/","https:\/\/www.linkedin.com\/company\/35501660","https:\/\/www.pinterest.ch\/TeiaEducation\/"]}]},"product_price_amount":"131.00","product_price_currency":"CHF","og_availability":"instock","product_availability":"instock","product_retailer_item_id":"00000000000000000000000000000000000000000000005342","product_condition":"new"},"_links":{"self":[{"href":"https:\/\/teiaeducation.ch\/de\/wp-json\/wp\/v2\/product\/60883","targetHints":{"allow":["GET"]}}],"collection":[{"href":"https:\/\/teiaeducation.ch\/de\/wp-json\/wp\/v2\/product"}],"about":[{"href":"https:\/\/teiaeducation.ch\/de\/wp-json\/wp\/v2\/types\/product"}],"replies":[{"embeddable":true,"href":"https:\/\/teiaeducation.ch\/de\/wp-json\/wp\/v2\/comments?post=60883"}],"wp:featuredmedia":[{"embeddable":true,"href":"https:\/\/teiaeducation.ch\/de\/wp-json\/wp\/v2\/media\/60884"}],"wp:attachment":[{"href":"https:\/\/teiaeducation.ch\/de\/wp-json\/wp\/v2\/media?parent=60883"}],"wp:term":[{"taxonomy":"product_brand","embeddable":true,"href":"https:\/\/teiaeducation.ch\/de\/wp-json\/wp\/v2\/product_brand?post=60883"},{"taxonomy":"product_cat","embeddable":true,"href":"https:\/\/teiaeducation.ch\/de\/wp-json\/wp\/v2\/product_cat?post=60883"},{"taxonomy":"product_tag","embeddable":true,"href":"https:\/\/teiaeducation.ch\/de\/wp-json\/wp\/v2\/product_tag?post=60883"}],"curies":[{"name":"wp","href":"https:\/\/api.w.org\/{rel}","templated":true}]}}