{"id":60885,"date":"2021-11-21T12:46:41","date_gmt":"2021-11-21T11:46:41","guid":{"rendered":"https:\/\/teiaeducation.ch\/product\/die-lebenszyklen-educo\/"},"modified":"2024-09-17T10:06:05","modified_gmt":"2024-09-17T08:06:05","slug":"die-lebenszyklen-educo","status":"publish","type":"product","link":"https:\/\/teiaeducation.ch\/de\/produkt\/die-lebenszyklen-educo\/","title":{"rendered":"Die Lebenszyklen &#8211; Educo"},"content":{"rendered":"<p>Educo Die Lebenszyklen ist ein hochwertiges Lernspiel mit 10 verschiedenen <a href=\"https:\/\/teiaeducation.ch\/product-category\/learning-themes\/culture-science\/life-cycles\/\">Lebenszyklus<\/a>-Sets, darunter der Tod eines Menschen, eines Hundes, einer Wespe, eines Schmetterlings, eines Frosches, eines Vogels, einer Blume, einer Karotte, eines Apfels und von Reis. Jeder der Zyklen besteht aus 5 dicken Plastikkarten mit den Ma\u00dfen 7 x 6 cm, die in chronologischer Reihenfolge angeordnet werden m\u00fcssen, um die Sequenz zu vervollst\u00e4ndigen, die den Lauf der Zeit mit der Entwicklung der Bilder zeigt.<\/p>\n<p>Die Arbeit mit dem Educo Lebenszyklus bringt dem Kind das Wachstum der verschiedenen Organismen von der Geburt bis zum Tod nahe. Au\u00dferdem werden die <a href=\"https:\/\/teiaeducation.ch\/product-category\/learning-themes\/sensory-motor-skills\/motor-skills\/\">Feinmotorik<\/a> des Kindes, das Erkennen von Zusammenh\u00e4ngen und die F\u00e4higkeit zu assoziieren und zu kombinieren gef\u00f6rdert.<\/p>\n<p>Dieses Material ist selbstkontrollierend, so dass dieser Schritt auf Wunsch auch weggelassen werden kann. So k\u00f6nnen die Karten zu einem Gespr\u00e4ch \u00fcber den Tod und die damit verbundenen Gef\u00fchle f\u00fchren.<\/p>\n<p>Die Karten k\u00f6nnen auch f\u00fcr die Naturerziehung verwendet werden. In der <a href=\"https:\/\/teiaeducation.ch\/product-category\/play\/nature-play\/\">Natur<\/a> verf\u00e4ngt sich ein Schmetterling oder ein anderes Insekt manchmal in einem Spinnennetz, und manche Tiere jagen andere Tiere. Manche Tiere fressen lieber Obst und Gem\u00fcse. Blumen brauchen Wasser, um zu \u00fcberleben, haben aber dennoch einen kurzen Lebenszyklus. Die Wespe liebt s\u00fc\u00dfe Ger\u00fcche und wird daher von Limonade angezogen. Zum Leidwesen der Wespe geht das meist nicht gut aus. Landwirte pflanzen Saatgut an, das Lebensmittel hervorbringt, aber Sie k\u00f6nnen auch selbst Saatgut in einem (kleinen) Gem\u00fcsegarten anbauen!<\/p>\n<p>Educo Lebenszyklus ist f\u00fcr Kinder ab 4 Jahren geeignet.<\/p>\n<p>Inhalt:<\/p>\n<p>50 Bildkarten aus Kunststoff (7 x 6 cm)<br \/>\n2 Holzst\u00e4nder (10 x 14,5 x 33 cm)<br \/>\n1 h\u00f6lzerne Aufbewahrungskasten<br \/>\nEine Bedienungsanleitung<\/p>\n<h2>\u00dcber Educo<\/h2>\n<p>Die niederl\u00e4ndische Marke <a href=\"https:\/\/teiaeducation.ch\/product-category\/brands\/educo\/\">Educo<\/a> steht f\u00fcr eine bunte Welt des spielerischen <a href=\"https:\/\/teiaeducation.ch\/product-category\/learning-themes\/\">Lernens<\/a>, herausfordernde Lernspiele und Spielzeuge! Die hochwertigen und langlebigen Educo Produkte orientieren sich an Alltagssituationen und helfen Babys und Kindern, Spiele mit regul\u00e4ren Themen zu verbinden und den Lernprozess in eine Simulation ihrer nat\u00fcrlichen Umgebung zu verwandeln.<\/p>\n<p>Das Educo-Sortiment ist in drei Entwicklungsbereiche unterteilt: <a href=\"https:\/\/teiaeducation.ch\/product-category\/brands\/educo\/motor-play\/\">Motorik<\/a>, <a href=\"https:\/\/teiaeducation.ch\/product-category\/brands\/educo\/language-play\/\">Sprache<\/a> und <a href=\"https:\/\/teiaeducation.ch\/product-category\/brands\/educo\/mathematical-play\/\">Mathematik<\/a>. Im Jahr 2023 wurde ein umfassendes Sortiment an <a href=\"https:\/\/teiaeducation.ch\/product-category\/brands\/educo\/montessori-toys-range-0-3-years\/\">Montessori Spielzeug<\/a> f\u00fcr Kinder im Alter von 0 bis 3 Jahren eingef\u00fchrt, um das Wachstum und die Entwicklung der Kleinen bestm\u00f6glich zu f\u00f6rdern.<\/p>\n<p>Die aktiven, spielerischen Lernprodukte von Educo sind haupts\u00e4chlich aus Holz gefertigt und bestehen aus nachhaltigen Materialien wie Farben und Lacken auf Wasserbasis. Die <a href=\"https:\/\/teiaeducation.ch\/product-category\/hgh-quality-toys-play\/\">Spielzeuge<\/a> sind so konzipiert, dass sie \u00fcber viele Jahre hinweg robust verwendet werden k\u00f6nnen, spielerisches Lernen f\u00f6rdern und Kinder im Alter von 0-12 Jahren zu Wachstum und Erfolg inspirieren.<\/p>\n<p>Sie erf\u00fcllen die Anforderungen der verschiedenen europ\u00e4ischen und internationalen Sicherheitsvorschriften f\u00fcr Spielzeug und entsprechen der Richtlinie 2009\/48\/EG \u00fcber die Sicherheit von Spielzeug, einschlie\u00dflich EN81 und ASTM.<\/p>\n","protected":false},"excerpt":{"rendered":"<p>Artikelnummer: 900000119<\/p>\n<p>Educo Die Lebenszyklen ist ein hochwertiges Lernspiel mit 10 verschiedenen Lebenszyklus-Sets, die in chronologischer Reihenfolge angeordnet werden m\u00fcssen.<\/p>\n","protected":false},"featured_media":40500,"comment_status":"closed","ping_status":"closed","template":"","meta":[],"product_brand":[],"product_cat":[21445,21479,21599,21670,21491,21484,22422,21510,21518,21509,21605,21607,22182,21443,21563,22362,21494,21495,23636,21678,21482,21564],"product_tag":[29167,27392,27470,23474,23473,24316,29168],"class_list":{"0":"post-60885","1":"product","2":"type-product","3":"status-publish","4":"has-post-thumbnail","6":"product_cat-3-6-jahre-vorschule","7":"product_cat-lernmaterialien-spielzeug-montessori-waldorf-steiner-froebel","8":"product_cat-educo-de","9":"product_cat-fruehjahrskollektion","10":"product_cat-geschenk-guide-lerngeschenke","11":"product_cat-geschenk-guides","12":"product_cat-geschenke-fuer-das-osterkoerbchen","13":"product_cat-kultur-wissenschaft","14":"product_cat-lebenszyklen","15":"product_cat-lernthemen","16":"product_cat-mathematisches-spiel","17":"product_cat-messung-educo","18":"product_cat-montessori-spielzeug","19":"product_cat-nach-alter","20":"product_cat-neuheiten","21":"product_cat-saisonale-kollektionen","22":"product_cat-schulbedarf-fuer-zuhause","23":"product_cat-schulbedarf-fuer-zuhause-3-6-jahre","24":"product_cat-sommer-kollektion","25":"product_cat-kinder-spielzeug","26":"product_cat-traditionelle-bildung","27":"product_cat-unsere-marken","28":"product_tag-educo-die-lebenszyklen","29":"product_tag-educo-schweiz","30":"product_tag-educo-mathematik","31":"product_tag-heutink-international-schweiz","32":"product_tag-lehrmittel-schweiz","33":"product_tag-lernspielzeug-schweiz","34":"product_tag-wachstumszyklen-des-lebens","36":"first","37":"instock","38":"taxable","39":"shipping-taxable","40":"purchasable","41":"product-type-simple"},"yoast_head":"<!-- This site is optimized with the Yoast SEO plugin v27.1.1 - https:\/\/yoast.com\/product\/yoast-seo-wordpress\/ -->\n<title>Die Lebenszyklen - Educo - Teia Education &amp; Play<\/title>\n<meta name=\"description\" content=\"Educo Die Lebenszyklen ist ein hochwertiges Lernspiel mit 10 verschiedenen Lebenszyklus-Sets, die in chronologischer Reihenfolge angeordnet werden m\u00fcssen.\" \/>\n<meta name=\"robots\" content=\"index, follow, max-snippet:-1, max-image-preview:large, max-video-preview:-1\" \/>\n<link rel=\"canonical\" href=\"https:\/\/teiaeducation.ch\/de\/produkt\/die-lebenszyklen-educo\/\" \/>\n<meta property=\"og:locale\" content=\"de_DE\" \/>\n<meta property=\"og:type\" content=\"article\" \/>\n<meta property=\"og:title\" content=\"Die Lebenszyklen - Educo - Teia Education &amp; Play\" \/>\n<meta property=\"og:description\" content=\"Educo Die Lebenszyklen ist ein hochwertiges Lernspiel mit 10 verschiedenen Lebenszyklus-Sets, die in chronologischer Reihenfolge angeordnet werden m\u00fcssen.\" \/>\n<meta property=\"og:url\" content=\"https:\/\/teiaeducation.ch\/de\/produkt\/die-lebenszyklen-educo\/\" \/>\n<meta property=\"og:site_name\" content=\"Sustainable Educational Products &amp; Ecological Toys\u00a0\" \/>\n<meta property=\"article:publisher\" content=\"https:\/\/www.facebook.com\/teiaeducation\/\" \/>\n<meta property=\"article:modified_time\" content=\"2024-09-17T08:06:05+00:00\" \/>\n<meta property=\"og:image\" content=\"https:\/\/teiaeducation.ch\/wp-content\/uploads\/2019\/02\/Life-cycles-educational-game-of-humans-plants-and-animals-Educo-scaled.jpg\" \/>\n\t<meta property=\"og:image:width\" content=\"900\" \/>\n\t<meta property=\"og:image:height\" content=\"900\" \/>\n\t<meta property=\"og:image:type\" content=\"image\/jpeg\" \/>\n<script type=\"application\/ld+json\" class=\"yoast-schema-graph\">{\"@context\":\"https:\/\/schema.org\",\"@graph\":[{\"@type\":\"WebPage\",\"@id\":\"https:\/\/teiaeducation.ch\/de\/produkt\/die-lebenszyklen-educo\/\",\"url\":\"https:\/\/teiaeducation.ch\/de\/produkt\/die-lebenszyklen-educo\/\",\"name\":\"Die Lebenszyklen - Educo - Teia Education & Play\",\"isPartOf\":{\"@id\":\"https:\/\/teiaeducation.ch\/de\/#website\"},\"primaryImageOfPage\":{\"@id\":\"https:\/\/teiaeducation.ch\/de\/produkt\/die-lebenszyklen-educo\/#primaryimage\"},\"image\":{\"@id\":\"https:\/\/teiaeducation.ch\/de\/produkt\/die-lebenszyklen-educo\/#primaryimage\"},\"thumbnailUrl\":\"https:\/\/teiaeducation.ch\/wp-content\/uploads\/2019\/02\/Life-cycles-educational-game-of-humans-plants-and-animals-Educo-scaled.jpg\",\"datePublished\":\"2021-11-21T11:46:41+00:00\",\"dateModified\":\"2024-09-17T08:06:05+00:00\",\"description\":\"Educo Die Lebenszyklen ist ein hochwertiges Lernspiel mit 10 verschiedenen Lebenszyklus-Sets, die in chronologischer Reihenfolge angeordnet werden m\u00fcssen.\",\"breadcrumb\":{\"@id\":\"https:\/\/teiaeducation.ch\/de\/produkt\/die-lebenszyklen-educo\/#breadcrumb\"},\"inLanguage\":\"de-CH\",\"potentialAction\":[{\"@type\":\"ReadAction\",\"target\":[\"https:\/\/teiaeducation.ch\/de\/produkt\/die-lebenszyklen-educo\/\"]}]},{\"@type\":\"ImageObject\",\"inLanguage\":\"de-CH\",\"@id\":\"https:\/\/teiaeducation.ch\/de\/produkt\/die-lebenszyklen-educo\/#primaryimage\",\"url\":\"https:\/\/teiaeducation.ch\/wp-content\/uploads\/2019\/02\/Life-cycles-educational-game-of-humans-plants-and-animals-Educo-scaled.jpg\",\"contentUrl\":\"https:\/\/teiaeducation.ch\/wp-content\/uploads\/2019\/02\/Life-cycles-educational-game-of-humans-plants-and-animals-Educo-scaled.jpg\",\"width\":900,\"height\":900,\"caption\":\"Die Lebenszyklen Lernspiel \u00fcber Menschen, Pflanzen und Tiere - Educo\"},{\"@type\":\"BreadcrumbList\",\"@id\":\"https:\/\/teiaeducation.ch\/de\/produkt\/die-lebenszyklen-educo\/#breadcrumb\",\"itemListElement\":[{\"@type\":\"ListItem\",\"position\":1,\"name\":\"Home\",\"item\":\"https:\/\/teiaeducation.ch\/de\/\"},{\"@type\":\"ListItem\",\"position\":2,\"name\":\"Laden\",\"item\":\"https:\/\/teiaeducation.ch\/de\/shop\/\"},{\"@type\":\"ListItem\",\"position\":3,\"name\":\"Unsere Marken\",\"item\":\"https:\/\/teiaeducation.ch\/de\/produkt-kategorie\/unsere-marken\/\"},{\"@type\":\"ListItem\",\"position\":4,\"name\":\"Educo\",\"item\":\"https:\/\/teiaeducation.ch\/de\/produkt-kategorie\/unsere-marken\/educo-de\/\"},{\"@type\":\"ListItem\",\"position\":5,\"name\":\"Mathematisches Spiel\",\"item\":\"https:\/\/teiaeducation.ch\/de\/produkt-kategorie\/unsere-marken\/educo-de\/mathematisches-spiel\/\"},{\"@type\":\"ListItem\",\"position\":6,\"name\":\"Messung\",\"item\":\"https:\/\/teiaeducation.ch\/de\/produkt-kategorie\/unsere-marken\/educo-de\/mathematisches-spiel\/messung-educo\/\"},{\"@type\":\"ListItem\",\"position\":7,\"name\":\"Die Lebenszyklen &#8211; Educo\"}]},{\"@type\":\"WebSite\",\"@id\":\"https:\/\/teiaeducation.ch\/de\/#website\",\"url\":\"https:\/\/teiaeducation.ch\/de\/\",\"name\":\"Sustainable Educational Products &amp; Ecological Toys\u00a0\",\"description\":\"Specialised Swiss shop selling sustainable educational toys and games, AMI certified Montessori materials, handmade ecological wooden Waldorf toys and arts &amp; crafts supplies, school supplies, children&#039;s furniture and Montessori reference and parenting books.\",\"publisher\":{\"@id\":\"https:\/\/teiaeducation.ch\/de\/#organization\"},\"alternateName\":\"Teia Education & Play\",\"potentialAction\":[{\"@type\":\"SearchAction\",\"target\":{\"@type\":\"EntryPoint\",\"urlTemplate\":\"https:\/\/teiaeducation.ch\/de\/?s={search_term_string}\"},\"query-input\":{\"@type\":\"PropertyValueSpecification\",\"valueRequired\":true,\"valueName\":\"search_term_string\"}}],\"inLanguage\":\"de-CH\"},{\"@type\":\"Organization\",\"@id\":\"https:\/\/teiaeducation.ch\/de\/#organization\",\"name\":\"Teia Education & Play\",\"url\":\"https:\/\/teiaeducation.ch\/de\/\",\"logo\":{\"@type\":\"ImageObject\",\"inLanguage\":\"de-CH\",\"@id\":\"https:\/\/teiaeducation.ch\/de\/#\/schema\/logo\/image\/\",\"url\":\"https:\/\/teiaeducation.ch\/wp-content\/uploads\/2020\/11\/Teia-Education-Switzerland-e1620156442216.jpg\",\"contentUrl\":\"https:\/\/teiaeducation.ch\/wp-content\/uploads\/2020\/11\/Teia-Education-Switzerland-e1620156442216.jpg\",\"width\":166,\"height\":145,\"caption\":\"Teia Education & Play\"},\"image\":{\"@id\":\"https:\/\/teiaeducation.ch\/de\/#\/schema\/logo\/image\/\"},\"sameAs\":[\"https:\/\/www.facebook.com\/teiaeducation\/\",\"https:\/\/x.com\/EducationTeia\",\"https:\/\/www.instagram.com\/teia.education\/\",\"https:\/\/www.linkedin.com\/company\/35501660\",\"https:\/\/www.pinterest.ch\/TeiaEducation\/\"]}]}<\/script>\n<!-- \/ Yoast SEO plugin. -->","yoast_head_json":{"title":"Die Lebenszyklen - Educo - Teia Education & Play","description":"Educo Die Lebenszyklen ist ein hochwertiges Lernspiel mit 10 verschiedenen Lebenszyklus-Sets, die in chronologischer Reihenfolge angeordnet werden m\u00fcssen.","robots":{"index":"index","follow":"follow","max-snippet":"max-snippet:-1","max-image-preview":"max-image-preview:large","max-video-preview":"max-video-preview:-1"},"canonical":"https:\/\/teiaeducation.ch\/de\/produkt\/die-lebenszyklen-educo\/","og_locale":"de_DE","og_type":"article","og_title":"Die Lebenszyklen - Educo - Teia Education & Play","og_description":"Educo Die Lebenszyklen ist ein hochwertiges Lernspiel mit 10 verschiedenen Lebenszyklus-Sets, die in chronologischer Reihenfolge angeordnet werden m\u00fcssen.","og_url":"https:\/\/teiaeducation.ch\/de\/produkt\/die-lebenszyklen-educo\/","og_site_name":"Sustainable Educational Products &amp; Ecological Toys\u00a0","article_publisher":"https:\/\/www.facebook.com\/teiaeducation\/","article_modified_time":"2024-09-17T08:06:05+00:00","og_image":[{"width":900,"height":900,"url":"https:\/\/teiaeducation.ch\/wp-content\/uploads\/2019\/02\/Life-cycles-educational-game-of-humans-plants-and-animals-Educo-scaled.jpg","type":"image\/jpeg"}],"schema":{"@context":"https:\/\/schema.org","@graph":[{"@type":"WebPage","@id":"https:\/\/teiaeducation.ch\/de\/produkt\/die-lebenszyklen-educo\/","url":"https:\/\/teiaeducation.ch\/de\/produkt\/die-lebenszyklen-educo\/","name":"Die Lebenszyklen - Educo - Teia Education & Play","isPartOf":{"@id":"https:\/\/teiaeducation.ch\/de\/#website"},"primaryImageOfPage":{"@id":"https:\/\/teiaeducation.ch\/de\/produkt\/die-lebenszyklen-educo\/#primaryimage"},"image":{"@id":"https:\/\/teiaeducation.ch\/de\/produkt\/die-lebenszyklen-educo\/#primaryimage"},"thumbnailUrl":"https:\/\/teiaeducation.ch\/wp-content\/uploads\/2019\/02\/Life-cycles-educational-game-of-humans-plants-and-animals-Educo-scaled.jpg","datePublished":"2021-11-21T11:46:41+00:00","dateModified":"2024-09-17T08:06:05+00:00","description":"Educo Die Lebenszyklen ist ein hochwertiges Lernspiel mit 10 verschiedenen Lebenszyklus-Sets, die in chronologischer Reihenfolge angeordnet werden m\u00fcssen.","breadcrumb":{"@id":"https:\/\/teiaeducation.ch\/de\/produkt\/die-lebenszyklen-educo\/#breadcrumb"},"inLanguage":"de-CH","potentialAction":[{"@type":"ReadAction","target":["https:\/\/teiaeducation.ch\/de\/produkt\/die-lebenszyklen-educo\/"]}]},{"@type":"ImageObject","inLanguage":"de-CH","@id":"https:\/\/teiaeducation.ch\/de\/produkt\/die-lebenszyklen-educo\/#primaryimage","url":"https:\/\/teiaeducation.ch\/wp-content\/uploads\/2019\/02\/Life-cycles-educational-game-of-humans-plants-and-animals-Educo-scaled.jpg","contentUrl":"https:\/\/teiaeducation.ch\/wp-content\/uploads\/2019\/02\/Life-cycles-educational-game-of-humans-plants-and-animals-Educo-scaled.jpg","width":900,"height":900,"caption":"Die Lebenszyklen Lernspiel \u00fcber Menschen, Pflanzen und Tiere - Educo"},{"@type":"BreadcrumbList","@id":"https:\/\/teiaeducation.ch\/de\/produkt\/die-lebenszyklen-educo\/#breadcrumb","itemListElement":[{"@type":"ListItem","position":1,"name":"Home","item":"https:\/\/teiaeducation.ch\/de\/"},{"@type":"ListItem","position":2,"name":"Laden","item":"https:\/\/teiaeducation.ch\/de\/shop\/"},{"@type":"ListItem","position":3,"name":"Unsere Marken","item":"https:\/\/teiaeducation.ch\/de\/produkt-kategorie\/unsere-marken\/"},{"@type":"ListItem","position":4,"name":"Educo","item":"https:\/\/teiaeducation.ch\/de\/produkt-kategorie\/unsere-marken\/educo-de\/"},{"@type":"ListItem","position":5,"name":"Mathematisches Spiel","item":"https:\/\/teiaeducation.ch\/de\/produkt-kategorie\/unsere-marken\/educo-de\/mathematisches-spiel\/"},{"@type":"ListItem","position":6,"name":"Messung","item":"https:\/\/teiaeducation.ch\/de\/produkt-kategorie\/unsere-marken\/educo-de\/mathematisches-spiel\/messung-educo\/"},{"@type":"ListItem","position":7,"name":"Die Lebenszyklen &#8211; Educo"}]},{"@type":"WebSite","@id":"https:\/\/teiaeducation.ch\/de\/#website","url":"https:\/\/teiaeducation.ch\/de\/","name":"Sustainable Educational Products &amp; Ecological Toys\u00a0","description":"Specialised Swiss shop selling sustainable educational toys and games, AMI certified Montessori materials, handmade ecological wooden Waldorf toys and arts &amp; crafts supplies, school supplies, children&#039;s furniture and Montessori reference and parenting books.","publisher":{"@id":"https:\/\/teiaeducation.ch\/de\/#organization"},"alternateName":"Teia Education & Play","potentialAction":[{"@type":"SearchAction","target":{"@type":"EntryPoint","urlTemplate":"https:\/\/teiaeducation.ch\/de\/?s={search_term_string}"},"query-input":{"@type":"PropertyValueSpecification","valueRequired":true,"valueName":"search_term_string"}}],"inLanguage":"de-CH"},{"@type":"Organization","@id":"https:\/\/teiaeducation.ch\/de\/#organization","name":"Teia Education & Play","url":"https:\/\/teiaeducation.ch\/de\/","logo":{"@type":"ImageObject","inLanguage":"de-CH","@id":"https:\/\/teiaeducation.ch\/de\/#\/schema\/logo\/image\/","url":"https:\/\/teiaeducation.ch\/wp-content\/uploads\/2020\/11\/Teia-Education-Switzerland-e1620156442216.jpg","contentUrl":"https:\/\/teiaeducation.ch\/wp-content\/uploads\/2020\/11\/Teia-Education-Switzerland-e1620156442216.jpg","width":166,"height":145,"caption":"Teia Education & Play"},"image":{"@id":"https:\/\/teiaeducation.ch\/de\/#\/schema\/logo\/image\/"},"sameAs":["https:\/\/www.facebook.com\/teiaeducation\/","https:\/\/x.com\/EducationTeia","https:\/\/www.instagram.com\/teia.education\/","https:\/\/www.linkedin.com\/company\/35501660","https:\/\/www.pinterest.ch\/TeiaEducation\/"]}]}},"_links":{"self":[{"href":"https:\/\/teiaeducation.ch\/de\/wp-json\/wp\/v2\/product\/60885","targetHints":{"allow":["GET"]}}],"collection":[{"href":"https:\/\/teiaeducation.ch\/de\/wp-json\/wp\/v2\/product"}],"about":[{"href":"https:\/\/teiaeducation.ch\/de\/wp-json\/wp\/v2\/types\/product"}],"replies":[{"embeddable":true,"href":"https:\/\/teiaeducation.ch\/de\/wp-json\/wp\/v2\/comments?post=60885"}],"wp:featuredmedia":[{"embeddable":true,"href":"https:\/\/teiaeducation.ch\/de\/wp-json\/wp\/v2\/media\/40500"}],"wp:attachment":[{"href":"https:\/\/teiaeducation.ch\/de\/wp-json\/wp\/v2\/media?parent=60885"}],"wp:term":[{"taxonomy":"product_brand","embeddable":true,"href":"https:\/\/teiaeducation.ch\/de\/wp-json\/wp\/v2\/product_brand?post=60885"},{"taxonomy":"product_cat","embeddable":true,"href":"https:\/\/teiaeducation.ch\/de\/wp-json\/wp\/v2\/product_cat?post=60885"},{"taxonomy":"product_tag","embeddable":true,"href":"https:\/\/teiaeducation.ch\/de\/wp-json\/wp\/v2\/product_tag?post=60885"}],"curies":[{"name":"wp","href":"https:\/\/api.w.org\/{rel}","templated":true}]}}