{"id":60890,"date":"2021-01-17T19:00:38","date_gmt":"2021-01-17T18:00:38","guid":{"rendered":"https:\/\/teiaeducation.ch\/product\/bewegliches-alphabet-lateinische-ausgangsschrift-internationale-version-nienhuis-montessori\/"},"modified":"2024-06-06T08:14:12","modified_gmt":"2024-06-06T06:14:12","slug":"bewegliches-alphabet-lateinische-ausgangsschrift-internationale-version-nienhuis-montessori","status":"publish","type":"product","link":"https:\/\/teiaeducation.ch\/de\/produkt\/bewegliches-alphabet-lateinische-ausgangsschrift-internationale-version-nienhuis-montessori\/","title":{"rendered":"Bewegliches Alphabet: lateinische Ausgangsschrift (internationale Version) &#8211; Nienhuis Montessori"},"content":{"rendered":"<p>Das Nienhuis Montessori Bewegliches Alphabet: lateinische Ausgangsschrift (internationale Version) ist <a href=\"https:\/\/teiaeducation.ch\/product-category\/brands\/nienhuis-montessori-educational-materials\/nienhuis-language\/\">Sprachmaterial<\/a> und besteht aus dicken Plastikbuchstaben, die zehn Einheiten jedes Konsonanten in der Farbe Rosa und f\u00fcnfzehn Einheiten jedes Vokals in Blau enthalten. Das Kind beginnt die Arbeit mit dem gro\u00dfen beweglichen Alphabet, nachdem es die Buchstabenlaute durch die Arbeit mit den kursiven <a href=\"https:\/\/teiaeducation.ch\/product\/sandpaper-letters-international-cursive-nienhuis-montessori\/\">Sandpapierbuchstaben<\/a> gelernt hat. Auch wenn das Kind noch nicht schreiben kann, erm\u00f6glicht ihm die Arbeit mit dem beweglichen Alphabet, W\u00f6rter zu bilden und <a href=\"https:\/\/teiaeducation.ch\/product-category\/learning-themes\/literacy-language\/learning-to-write\/\">erste Schreib<\/a>&#8211; und Lesefertigkeiten zu entwickeln.<\/p>\n<p>Das gro\u00dfe bewegliche Alphabet von Nienhuis Montessori enth\u00e4lt auch zus\u00e4tzliche Buchstaben f\u00fcr die spanische, deutsche und nordische Sprache, die bei Bedarf aus dem Set entfernt werden k\u00f6nnen. Eine <a href=\"https:\/\/teiaeducation.ch\/product\/large-movable-alphabet-box-nienhuis-montessori\/\">Holzkasten<\/a> zur Aufnahme des gro\u00dfen beweglichen Alphabets ist auch separat erh\u00e4ltlich.<\/p>\n<p>Die Niederl\u00e4ndische Marke <a href=\"https:\/\/teiaeducation.ch\/product-category\/brands\/nienhuis-montessori-educational-materials\/\">Nienhuis Montessori<\/a> ist die weltweit f\u00fchrende Montessori-Marke, die das Erbe von Maria Montessori ehrt und fortf\u00fchrt und das breiteste und innovativste Sortiment an Montessori-Materialien, <a href=\"https:\/\/teiaeducation.ch\/product-category\/classroom-essentials\/montessori-furniture\/\">M\u00f6beln<\/a> und <a href=\"https:\/\/teiaeducation.ch\/product-category\/brands\/nienhuis-montessori-educational-materials\/add-ons\/\">verwandten Produkten<\/a> herstellt. Die hochwertigen Nienhuis Montessori Produkte geben den Kindern die Werkzeuge, die sie brauchen, um Unabhangig und kritisch zu denken. Alle Nienhuis Montessori Materialien sind vom Materialkomitee der Association Montessori Internationale (<a href=\"https:\/\/montessori-ami.org\/\">AMI<\/a>) zertifiziert und werden sorgf\u00e4ltig hergestellt, um Schwierigkeiten zu isolieren, so dass die Kinder sich konzentrieren, lernen und sich entwickeln k\u00f6nnen.<\/p>\n<p>Nienhuis Montessori ist eine der Marken des Niederlandischen Unternehmens Heutink International, das weltweit die besten pedagogischen Marken anbietet, die auf spielerisches Lernen ausgerichtet sind.<\/p>\n<p>Dieses <a href=\"https:\/\/teiaeducation.ch\/product-category\/education-method\/the-montessori-pedagogy-materials-toys\/\">Montessori<\/a>-Sprachmaterial ist f\u00fcr Kinder ab 6 Jahren geeignet.<\/p>\n<p>Inhalt:<\/p>\n<p>10 St\u00fcck von jedem Konsonanten in dickem rosa Kunststoff<br \/>\n15 Einheiten jedes Vokalbuchstabens in dickem blauen Kunststoff<\/p>\n<p><em>We currently do not have this item in stock, but it is available on pre-order. We will order this item for you from our supplier. Due to importation from the European Union to Switzerland please allow 2 to maximum 3 weeks for delivery. <\/em><\/p>\n\t<div id=\"gap-1849398811\" class=\"gap-element clearfix\" style=\"display:block; height:auto;\">\n\t\t\n<style>\n#gap-1849398811 {\n  padding-top: 20px;\n}\n<\/style>\n\t<\/div>\n\t\n","protected":false},"excerpt":{"rendered":"<p>Artikelnummer: 005900<\/p>\n<p>Das Nienhuis Montessori Bewegliches Alphabet: lateinische Ausgangsschrift (internationale Version) ist ein Sprachmaterial, das vom Kind zum Zusammensetzen von W\u00f6rtern verwendet wird.<\/p>\n","protected":false},"featured_media":60891,"comment_status":"closed","ping_status":"closed","template":"","meta":[],"product_brand":[],"product_cat":[21445,21524,21479,21532,21509,21530,21498,21481,21443,21572,21531,21494,21495,21496,21651,21564],"product_tag":[26998,23120,23469,26966,26929,26920,29171,23119],"class_list":{"0":"post-60890","1":"product","2":"type-product","3":"status-publish","4":"has-post-thumbnail","6":"product_cat-3-6-jahre-vorschule","7":"product_cat-alphabetisierung-sprache","8":"product_cat-lernmaterialien-spielzeug-montessori-waldorf-steiner-froebel","9":"product_cat-buchstaben-das-alphabet","10":"product_cat-lernthemen","11":"product_cat-lesen-lernen","12":"product_cat-montessori-materialien-fuer-zuhause-schulbedarf-fuer-zuhause","13":"product_cat-montessori-paedagogik-material-spielzeug","14":"product_cat-nach-alter","15":"product_cat-nienhuis-montessori-schweiz","16":"product_cat-schreiben-lernen","17":"product_cat-schulbedarf-fuer-zuhause","18":"product_cat-schulbedarf-fuer-zuhause-3-6-jahre","19":"product_cat-schulbedarf-fuer-zuhause-6-12-jahre","20":"product_cat-sprache-nienhuis-montessori","21":"product_cat-unsere-marken","22":"product_tag-fruhe-schreibfahigkeiten","23":"product_tag-montessori-material-schweiz","24":"product_tag-montessori-material-schweiz-de","25":"product_tag-montessori-materialien-zur-alphabetisierung","26":"product_tag-montessori-schreibvorbereitung","27":"product_tag-montessori-sprache-de","28":"product_tag-nienhuis-montessori-bewegliches-alphabet-lateinische-ausgangsschrift-internationale-version","29":"product_tag-nienhuis-montessori-schweiz-de","31":"first","32":"onbackorder","33":"taxable","34":"shipping-taxable","35":"purchasable","36":"product-type-simple"},"yoast_head":"<!-- This site is optimized with the Yoast SEO Premium plugin v25.8 (Yoast SEO v27.4) - https:\/\/yoast.com\/product\/yoast-seo-premium-wordpress\/ -->\n<title>Bewegliches Alphabet: lateinische Ausgangsschrift (internationale Version) - Nienhuis Montessori<\/title>\n<meta name=\"description\" content=\"Das Nienhuis Montessori Bewegliches Alphabet: lateinische Ausgangsschrift (internationale Version) ist ein Sprachmaterial, das vom Kind zum Zusammensetzen von W\u00f6rtern verwendet wird.\" \/>\n<meta name=\"robots\" content=\"index, follow, max-snippet:-1, max-image-preview:large, max-video-preview:-1\" \/>\n<link rel=\"canonical\" href=\"https:\/\/teiaeducation.ch\/de\/produkt\/bewegliches-alphabet-lateinische-ausgangsschrift-internationale-version-nienhuis-montessori\/\" \/>\n<meta property=\"og:locale\" content=\"de_DE\" \/>\n<meta property=\"og:type\" content=\"article\" \/>\n<meta property=\"og:title\" content=\"Bewegliches Alphabet: lateinische Ausgangsschrift (internationale Version) - Nienhuis Montessori\" \/>\n<meta property=\"og:description\" content=\"Das Nienhuis Montessori Bewegliches Alphabet: lateinische Ausgangsschrift (internationale Version) ist ein Sprachmaterial, das vom Kind zum Zusammensetzen von W\u00f6rtern verwendet wird.\" \/>\n<meta property=\"og:url\" content=\"https:\/\/teiaeducation.ch\/de\/produkt\/bewegliches-alphabet-lateinische-ausgangsschrift-internationale-version-nienhuis-montessori\/\" \/>\n<meta property=\"og:site_name\" content=\"Sustainable Educational Products &amp; Ecological Toys\u00a0\" \/>\n<meta property=\"article:publisher\" content=\"https:\/\/www.facebook.com\/teiaeducation\/\" \/>\n<meta property=\"article:modified_time\" content=\"2024-06-06T06:14:12+00:00\" \/>\n<meta property=\"og:image\" content=\"https:\/\/teiaeducation.ch\/wp-content\/uploads\/2019\/05\/400_005900_main_or_2.jpg\" \/>\n\t<meta property=\"og:image:width\" content=\"900\" \/>\n\t<meta property=\"og:image:height\" content=\"900\" \/>\n\t<meta property=\"og:image:type\" content=\"image\/jpeg\" \/>\n<script type=\"application\/ld+json\" class=\"yoast-schema-graph\">{\"@context\":\"https:\\\/\\\/schema.org\",\"@graph\":[{\"@type\":\"WebPage\",\"@id\":\"https:\\\/\\\/teiaeducation.ch\\\/de\\\/produkt\\\/bewegliches-alphabet-lateinische-ausgangsschrift-internationale-version-nienhuis-montessori\\\/\",\"url\":\"https:\\\/\\\/teiaeducation.ch\\\/de\\\/produkt\\\/bewegliches-alphabet-lateinische-ausgangsschrift-internationale-version-nienhuis-montessori\\\/\",\"name\":\"Bewegliches Alphabet: lateinische Ausgangsschrift (internationale Version) - Nienhuis Montessori\",\"isPartOf\":{\"@id\":\"https:\\\/\\\/teiaeducation.ch\\\/de\\\/#website\"},\"primaryImageOfPage\":{\"@id\":\"https:\\\/\\\/teiaeducation.ch\\\/de\\\/produkt\\\/bewegliches-alphabet-lateinische-ausgangsschrift-internationale-version-nienhuis-montessori\\\/#primaryimage\"},\"image\":{\"@id\":\"https:\\\/\\\/teiaeducation.ch\\\/de\\\/produkt\\\/bewegliches-alphabet-lateinische-ausgangsschrift-internationale-version-nienhuis-montessori\\\/#primaryimage\"},\"thumbnailUrl\":\"https:\\\/\\\/teiaeducation.ch\\\/wp-content\\\/uploads\\\/2019\\\/05\\\/400_005900_main_or_2.jpg\",\"datePublished\":\"2021-01-17T18:00:38+00:00\",\"dateModified\":\"2024-06-06T06:14:12+00:00\",\"description\":\"Das Nienhuis Montessori Bewegliches Alphabet: lateinische Ausgangsschrift (internationale Version) ist ein Sprachmaterial, das vom Kind zum Zusammensetzen von W\u00f6rtern verwendet wird.\",\"breadcrumb\":{\"@id\":\"https:\\\/\\\/teiaeducation.ch\\\/de\\\/produkt\\\/bewegliches-alphabet-lateinische-ausgangsschrift-internationale-version-nienhuis-montessori\\\/#breadcrumb\"},\"inLanguage\":\"de-CH\",\"potentialAction\":[{\"@type\":\"ReadAction\",\"target\":[\"https:\\\/\\\/teiaeducation.ch\\\/de\\\/produkt\\\/bewegliches-alphabet-lateinische-ausgangsschrift-internationale-version-nienhuis-montessori\\\/\"]}]},{\"@type\":\"ImageObject\",\"inLanguage\":\"de-CH\",\"@id\":\"https:\\\/\\\/teiaeducation.ch\\\/de\\\/produkt\\\/bewegliches-alphabet-lateinische-ausgangsschrift-internationale-version-nienhuis-montessori\\\/#primaryimage\",\"url\":\"https:\\\/\\\/teiaeducation.ch\\\/wp-content\\\/uploads\\\/2019\\\/05\\\/400_005900_main_or_2.jpg\",\"contentUrl\":\"https:\\\/\\\/teiaeducation.ch\\\/wp-content\\\/uploads\\\/2019\\\/05\\\/400_005900_main_or_2.jpg\",\"width\":900,\"height\":900,\"caption\":\"Montessori language material Bewegliches Alphabet: lateinische Ausgangsschrift (internationale Version) - Nienhuis Montessori\"},{\"@type\":\"BreadcrumbList\",\"@id\":\"https:\\\/\\\/teiaeducation.ch\\\/de\\\/produkt\\\/bewegliches-alphabet-lateinische-ausgangsschrift-internationale-version-nienhuis-montessori\\\/#breadcrumb\",\"itemListElement\":[{\"@type\":\"ListItem\",\"position\":1,\"name\":\"Home\",\"item\":\"https:\\\/\\\/teiaeducation.ch\\\/de\\\/\"},{\"@type\":\"ListItem\",\"position\":2,\"name\":\"Laden\",\"item\":\"https:\\\/\\\/teiaeducation.ch\\\/de\\\/shop\\\/\"},{\"@type\":\"ListItem\",\"position\":3,\"name\":\"Bewegliches Alphabet: lateinische Ausgangsschrift (internationale Version) &#8211; Nienhuis Montessori\"}]},{\"@type\":\"WebSite\",\"@id\":\"https:\\\/\\\/teiaeducation.ch\\\/de\\\/#website\",\"url\":\"https:\\\/\\\/teiaeducation.ch\\\/de\\\/\",\"name\":\"Sustainable Educational Products &amp; Ecological Toys\u00a0\",\"description\":\"Specialised Swiss shop selling sustainable educational toys and games, AMI certified Montessori materials, handmade ecological wooden Waldorf toys and arts &amp; crafts supplies, school supplies, children&#039;s furniture and Montessori reference and parenting books.\",\"publisher\":{\"@id\":\"https:\\\/\\\/teiaeducation.ch\\\/de\\\/#organization\"},\"alternateName\":\"Teia Education & Play\",\"potentialAction\":[{\"@type\":\"SearchAction\",\"target\":{\"@type\":\"EntryPoint\",\"urlTemplate\":\"https:\\\/\\\/teiaeducation.ch\\\/de\\\/?s={search_term_string}\"},\"query-input\":{\"@type\":\"PropertyValueSpecification\",\"valueRequired\":true,\"valueName\":\"search_term_string\"}}],\"inLanguage\":\"de-CH\"},{\"@type\":\"Organization\",\"@id\":\"https:\\\/\\\/teiaeducation.ch\\\/de\\\/#organization\",\"name\":\"Teia Education & Play\",\"url\":\"https:\\\/\\\/teiaeducation.ch\\\/de\\\/\",\"logo\":{\"@type\":\"ImageObject\",\"inLanguage\":\"de-CH\",\"@id\":\"https:\\\/\\\/teiaeducation.ch\\\/de\\\/#\\\/schema\\\/logo\\\/image\\\/\",\"url\":\"https:\\\/\\\/teiaeducation.ch\\\/wp-content\\\/uploads\\\/2020\\\/11\\\/Teia-Education-Switzerland-e1620156442216.jpg\",\"contentUrl\":\"https:\\\/\\\/teiaeducation.ch\\\/wp-content\\\/uploads\\\/2020\\\/11\\\/Teia-Education-Switzerland-e1620156442216.jpg\",\"width\":166,\"height\":145,\"caption\":\"Teia Education & Play\"},\"image\":{\"@id\":\"https:\\\/\\\/teiaeducation.ch\\\/de\\\/#\\\/schema\\\/logo\\\/image\\\/\"},\"sameAs\":[\"https:\\\/\\\/www.facebook.com\\\/teiaeducation\\\/\",\"https:\\\/\\\/x.com\\\/EducationTeia\",\"https:\\\/\\\/www.instagram.com\\\/teia.education\\\/\",\"https:\\\/\\\/www.linkedin.com\\\/company\\\/35501660\",\"https:\\\/\\\/www.pinterest.ch\\\/TeiaEducation\\\/\"]}]}<\/script>\n<meta property=\"product:price:amount\" content=\"162.90\" \/>\n<meta property=\"product:price:currency\" content=\"CHF\" \/>\n<meta property=\"og:availability\" content=\"backorder\" \/>\n<meta property=\"product:availability\" content=\"available for order\" \/>\n<meta property=\"product:retailer_item_id\" content=\"00000000000000000000000000000000000000000000003599\" \/>\n<meta property=\"product:condition\" content=\"new\" \/>\n<!-- \/ Yoast SEO Premium plugin. -->","yoast_head_json":{"title":"Bewegliches Alphabet: lateinische Ausgangsschrift (internationale Version) - Nienhuis Montessori","description":"Das Nienhuis Montessori Bewegliches Alphabet: lateinische Ausgangsschrift (internationale Version) ist ein Sprachmaterial, das vom Kind zum Zusammensetzen von W\u00f6rtern verwendet wird.","robots":{"index":"index","follow":"follow","max-snippet":"max-snippet:-1","max-image-preview":"max-image-preview:large","max-video-preview":"max-video-preview:-1"},"canonical":"https:\/\/teiaeducation.ch\/de\/produkt\/bewegliches-alphabet-lateinische-ausgangsschrift-internationale-version-nienhuis-montessori\/","og_locale":"de_DE","og_type":"article","og_title":"Bewegliches Alphabet: lateinische Ausgangsschrift (internationale Version) - Nienhuis Montessori","og_description":"Das Nienhuis Montessori Bewegliches Alphabet: lateinische Ausgangsschrift (internationale Version) ist ein Sprachmaterial, das vom Kind zum Zusammensetzen von W\u00f6rtern verwendet wird.","og_url":"https:\/\/teiaeducation.ch\/de\/produkt\/bewegliches-alphabet-lateinische-ausgangsschrift-internationale-version-nienhuis-montessori\/","og_site_name":"Sustainable Educational Products &amp; Ecological Toys\u00a0","article_publisher":"https:\/\/www.facebook.com\/teiaeducation\/","article_modified_time":"2024-06-06T06:14:12+00:00","og_image":[{"width":900,"height":900,"url":"https:\/\/teiaeducation.ch\/wp-content\/uploads\/2019\/05\/400_005900_main_or_2.jpg","type":"image\/jpeg"}],"schema":{"@context":"https:\/\/schema.org","@graph":[{"@type":"WebPage","@id":"https:\/\/teiaeducation.ch\/de\/produkt\/bewegliches-alphabet-lateinische-ausgangsschrift-internationale-version-nienhuis-montessori\/","url":"https:\/\/teiaeducation.ch\/de\/produkt\/bewegliches-alphabet-lateinische-ausgangsschrift-internationale-version-nienhuis-montessori\/","name":"Bewegliches Alphabet: lateinische Ausgangsschrift (internationale Version) - Nienhuis Montessori","isPartOf":{"@id":"https:\/\/teiaeducation.ch\/de\/#website"},"primaryImageOfPage":{"@id":"https:\/\/teiaeducation.ch\/de\/produkt\/bewegliches-alphabet-lateinische-ausgangsschrift-internationale-version-nienhuis-montessori\/#primaryimage"},"image":{"@id":"https:\/\/teiaeducation.ch\/de\/produkt\/bewegliches-alphabet-lateinische-ausgangsschrift-internationale-version-nienhuis-montessori\/#primaryimage"},"thumbnailUrl":"https:\/\/teiaeducation.ch\/wp-content\/uploads\/2019\/05\/400_005900_main_or_2.jpg","datePublished":"2021-01-17T18:00:38+00:00","dateModified":"2024-06-06T06:14:12+00:00","description":"Das Nienhuis Montessori Bewegliches Alphabet: lateinische Ausgangsschrift (internationale Version) ist ein Sprachmaterial, das vom Kind zum Zusammensetzen von W\u00f6rtern verwendet wird.","breadcrumb":{"@id":"https:\/\/teiaeducation.ch\/de\/produkt\/bewegliches-alphabet-lateinische-ausgangsschrift-internationale-version-nienhuis-montessori\/#breadcrumb"},"inLanguage":"de-CH","potentialAction":[{"@type":"ReadAction","target":["https:\/\/teiaeducation.ch\/de\/produkt\/bewegliches-alphabet-lateinische-ausgangsschrift-internationale-version-nienhuis-montessori\/"]}]},{"@type":"ImageObject","inLanguage":"de-CH","@id":"https:\/\/teiaeducation.ch\/de\/produkt\/bewegliches-alphabet-lateinische-ausgangsschrift-internationale-version-nienhuis-montessori\/#primaryimage","url":"https:\/\/teiaeducation.ch\/wp-content\/uploads\/2019\/05\/400_005900_main_or_2.jpg","contentUrl":"https:\/\/teiaeducation.ch\/wp-content\/uploads\/2019\/05\/400_005900_main_or_2.jpg","width":900,"height":900,"caption":"Montessori language material Bewegliches Alphabet: lateinische Ausgangsschrift (internationale Version) - Nienhuis Montessori"},{"@type":"BreadcrumbList","@id":"https:\/\/teiaeducation.ch\/de\/produkt\/bewegliches-alphabet-lateinische-ausgangsschrift-internationale-version-nienhuis-montessori\/#breadcrumb","itemListElement":[{"@type":"ListItem","position":1,"name":"Home","item":"https:\/\/teiaeducation.ch\/de\/"},{"@type":"ListItem","position":2,"name":"Laden","item":"https:\/\/teiaeducation.ch\/de\/shop\/"},{"@type":"ListItem","position":3,"name":"Bewegliches Alphabet: lateinische Ausgangsschrift (internationale Version) &#8211; Nienhuis Montessori"}]},{"@type":"WebSite","@id":"https:\/\/teiaeducation.ch\/de\/#website","url":"https:\/\/teiaeducation.ch\/de\/","name":"Sustainable Educational Products &amp; Ecological Toys\u00a0","description":"Specialised Swiss shop selling sustainable educational toys and games, AMI certified Montessori materials, handmade ecological wooden Waldorf toys and arts &amp; crafts supplies, school supplies, children&#039;s furniture and Montessori reference and parenting books.","publisher":{"@id":"https:\/\/teiaeducation.ch\/de\/#organization"},"alternateName":"Teia Education & Play","potentialAction":[{"@type":"SearchAction","target":{"@type":"EntryPoint","urlTemplate":"https:\/\/teiaeducation.ch\/de\/?s={search_term_string}"},"query-input":{"@type":"PropertyValueSpecification","valueRequired":true,"valueName":"search_term_string"}}],"inLanguage":"de-CH"},{"@type":"Organization","@id":"https:\/\/teiaeducation.ch\/de\/#organization","name":"Teia Education & Play","url":"https:\/\/teiaeducation.ch\/de\/","logo":{"@type":"ImageObject","inLanguage":"de-CH","@id":"https:\/\/teiaeducation.ch\/de\/#\/schema\/logo\/image\/","url":"https:\/\/teiaeducation.ch\/wp-content\/uploads\/2020\/11\/Teia-Education-Switzerland-e1620156442216.jpg","contentUrl":"https:\/\/teiaeducation.ch\/wp-content\/uploads\/2020\/11\/Teia-Education-Switzerland-e1620156442216.jpg","width":166,"height":145,"caption":"Teia Education & Play"},"image":{"@id":"https:\/\/teiaeducation.ch\/de\/#\/schema\/logo\/image\/"},"sameAs":["https:\/\/www.facebook.com\/teiaeducation\/","https:\/\/x.com\/EducationTeia","https:\/\/www.instagram.com\/teia.education\/","https:\/\/www.linkedin.com\/company\/35501660","https:\/\/www.pinterest.ch\/TeiaEducation\/"]}]},"product_price_amount":"162.90","product_price_currency":"CHF","og_availability":"backorder","product_availability":"available for order","product_retailer_item_id":"00000000000000000000000000000000000000000000003599","product_condition":"new"},"_links":{"self":[{"href":"https:\/\/teiaeducation.ch\/de\/wp-json\/wp\/v2\/product\/60890","targetHints":{"allow":["GET"]}}],"collection":[{"href":"https:\/\/teiaeducation.ch\/de\/wp-json\/wp\/v2\/product"}],"about":[{"href":"https:\/\/teiaeducation.ch\/de\/wp-json\/wp\/v2\/types\/product"}],"replies":[{"embeddable":true,"href":"https:\/\/teiaeducation.ch\/de\/wp-json\/wp\/v2\/comments?post=60890"}],"wp:featuredmedia":[{"embeddable":true,"href":"https:\/\/teiaeducation.ch\/de\/wp-json\/wp\/v2\/media\/60891"}],"wp:attachment":[{"href":"https:\/\/teiaeducation.ch\/de\/wp-json\/wp\/v2\/media?parent=60890"}],"wp:term":[{"taxonomy":"product_brand","embeddable":true,"href":"https:\/\/teiaeducation.ch\/de\/wp-json\/wp\/v2\/product_brand?post=60890"},{"taxonomy":"product_cat","embeddable":true,"href":"https:\/\/teiaeducation.ch\/de\/wp-json\/wp\/v2\/product_cat?post=60890"},{"taxonomy":"product_tag","embeddable":true,"href":"https:\/\/teiaeducation.ch\/de\/wp-json\/wp\/v2\/product_tag?post=60890"}],"curies":[{"name":"wp","href":"https:\/\/api.w.org\/{rel}","templated":true}]}}