{"id":60920,"date":"2024-05-30T12:17:43","date_gmt":"2024-05-30T10:17:43","guid":{"rendered":"https:\/\/teiaeducation.ch\/product\/ursache-und-wirkung-rolf\/"},"modified":"2025-10-16T08:27:18","modified_gmt":"2025-10-16T06:27:18","slug":"ursache-und-wirkung-rolf","status":"publish","type":"product","link":"https:\/\/teiaeducation.ch\/de\/produkt\/ursache-und-wirkung-rolf\/","title":{"rendered":"Ursache und Wirkung Lernspiel &#8211; Rolf"},"content":{"rendered":"<p>Rolf&#8217;s Ursache und Wirkung ist ein Lernspiel, mit dem kleine Kinder etwas \u00fcber Ursache und Wirkung lernen k\u00f6nnen. Es wurde sorgf\u00e4ltig entwickelt, um die Entwicklungs- und Lernbed\u00fcrfnisse von Kindern auf spielerische Weise zu erf\u00fcllen.<\/p>\n<p>Dieses Spiel, das in jedem Klassenzimmer beliebt ist, konzentriert sich auf die Ursache: warum oder weshalb etwas passiert ist, und die Wirkung: das Ergebnis des Geschehens.<\/p>\n<p>Das Spielen dieses Spiels f\u00f6rdert die soziale und <a href=\"https:\/\/teiaeducation.ch\/de\/produkt-kategorie\/lernthemen\/alphabetisierung-sprache\/emotionen\/\">emotionale<\/a> Entwicklung. Es besteht aus 18 Serien von 2 am\u00fcsanten Bildkarten, die 18 Ursache-Wirkungs-Situationen darstellen.<\/p>\n<p>Ursache und Wirkung kann mit 1 bis 4 Kindern ab 4 Jahren gespielt werden.<\/p>\n<p>Inhalt:<\/p>\n<p>18 x 2 Bildkarten (7 x 7cm)<br \/>\nAnweisungen<\/p>\n<h2>\u00dcber Rolf<\/h2>\n<p>Die Niederl\u00e4ndische Marke <a href=\"https:\/\/teiaeducation.ch\/de\/produkt-kategorie\/unsere-marken\/rolf-de\/\">Rolf<\/a> arbeitet eng mit Lehrern und Bildungsexperten zusammen, um Produkte zu entwickeln, die die Entwicklung der Kinder f\u00f6rdern, ihr Wissen und ihre F\u00e4higkeiten verbessern und die Ziele der Lehrer unterst\u00fctzen.<\/p>\n<p>Jedes p\u00e4dagogische Rolf Produkt bietet ein komplettes Sortiment an Entwicklungsbausteinen f\u00fcr das kindliche Gehirn und f\u00f6rdert <a href=\"https:\/\/teiaeducation.ch\/de\/produkt-kategorie\/kinder-spielzeug\/\">spielerisch<\/a> verschiedene F\u00e4higkeiten wie <a href=\"https:\/\/teiaeducation.ch\/de\/produkt-kategorie\/lernthemen\/mathematik-rechnen\/\">Mathematik<\/a>, <a href=\"https:\/\/teiaeducation.ch\/de\/produkt-kategorie\/lernthemen\/alphabetisierung-sprache\/\">Sprache<\/a>, <a href=\"https:\/\/teiaeducation.ch\/de\/produkt-kategorie\/malen-basteln\/\">Kreativit\u00e4t<\/a>, Motorik und sogar Selbstvertrauen.<\/p>\n<p>Rolfs originelle und unverwechselbare <a href=\"https:\/\/teiaeducation.ch\/de\/produkt-kategorie\/lernthemen\/\">Unterrichtsmaterialien<\/a> sind an ihren robusten Materialien, lebhaften Farben und ansprechenden Illustrationen zu erkennen. Kinder werden die wunderbaren Lern- und Spielprodukte lieben, von den lustigen und herausfordernden Puzzles, die das Lernen zum Leben erwecken, bis hin zu den robusten und farbenfrohen <a href=\"https:\/\/teiaeducation.ch\/de\/produkt-kategorie\/kinder-spielzeug\/spielzeug-fuer-draussen\/\">Outdoor<\/a>&#8211; und <a href=\"https:\/\/teiaeducation.ch\/de\/produkt-kategorie\/kinder-spielzeug\/sandspielzeug\/\">Sandspielzeugen<\/a>, die perfekt f\u00fcr den Strand oder den Sandkasten sind.<\/p>\n<p>Jedes Rolf Produkt wird in den Niederlanden entworfen und nachhaltig hergestellt. Das garantiert hochwertige Produkte, die sicher und langlebig sind und stundenlanges Spielen und Lernen erm\u00f6glichen. Alle Rolf-Produkte sind nach den Europ\u00e4ischen Sicherheitsvorschriften getestet und wurden von den Kindern selbst ausgiebig gepr\u00fcft und f\u00fcr gut befunden, da sie viel Spa\u00df beim Spielen machen und echte Lernm\u00f6glichkeiten bieten.<\/p>\n","protected":false},"excerpt":{"rendered":"<p>Artikelnummer: <span data-sheets-root=\"1\" data-sheets-value=\"{\" data-sheets-userformat=\"{\">299.5006<\/span><\/p>\n<p>Rolf&#8217;s Ursache und Wirkung ist ein Lernspiel, mit dem Kinder \u00fcber Ursache und Wirkung lernen k\u00f6nnen. Sie f\u00f6rdert auch die soziale und emotionale Entwicklung!<\/p>\n","protected":false},"featured_media":60836,"comment_status":"open","ping_status":"closed","template":"","meta":[],"product_brand":[],"product_cat":[21445,21446,21524,23651,21479,21528,21487,21484,21682,21509,22182,21443,21563,21660,22362,21494,21495,21678,21482,21564,21536,21526],"product_tag":[29190,28129,27509,29193,29192,29188,29186,29191,29189,29173,29187],"class_list":{"0":"post-60920","1":"product","2":"type-product","3":"status-publish","4":"has-post-thumbnail","6":"product_cat-3-6-jahre-vorschule","7":"product_cat-6-12-jahre-grundschule","8":"product_cat-alphabetisierung-sprache","9":"product_cat-back-to-school-de","10":"product_cat-lernmaterialien-spielzeug-montessori-waldorf-steiner-froebel","11":"product_cat-emotionen","12":"product_cat-geschenk-guide-3-6-jahre-vorschule","13":"product_cat-geschenk-guides","14":"product_cat-gesellschaftsspiele-spielen","15":"product_cat-lernthemen","16":"product_cat-montessori-spielzeug","17":"product_cat-nach-alter","18":"product_cat-neuheiten","19":"product_cat-rolf-de","20":"product_cat-saisonale-kollektionen","21":"product_cat-schulbedarf-fuer-zuhause","22":"product_cat-schulbedarf-fuer-zuhause-3-6-jahre","23":"product_cat-kinder-spielzeug","24":"product_cat-traditionelle-bildung","25":"product_cat-unsere-marken","26":"product_cat-wortschatz","27":"product_cat-zusammenarbeit","28":"product_tag-ernahrungspyramide-puzzle","29":"product_tag-gesunde-ernahrung-lehren","30":"product_tag-gesunde-gewohnheiten-lehren","31":"product_tag-kindern-gesunde-ernahrung-beibringen","32":"product_tag-lebensmittelwissenschaftliches-puzzle","33":"product_tag-padagogische-holzpuzzles","34":"product_tag-padagogische-puzzles","35":"product_tag-puzzle-der-gesunden-ernahrung","36":"product_tag-puzzle-der-lebensmittelgruppen","37":"product_tag-rolf-puzzles-de","38":"product_tag-wissen-was-sie-essen-puzzle","40":"first","41":"instock","42":"taxable","43":"shipping-taxable","44":"purchasable","45":"product-type-simple"},"yoast_head":"<!-- This site is optimized with the Yoast SEO Premium plugin v25.8 (Yoast SEO v27.4) - https:\/\/yoast.com\/product\/yoast-seo-premium-wordpress\/ -->\n<title>Ursache und Wirkung Lernspiel - Rolf<\/title>\n<meta name=\"description\" content=\"Rolf&#039;s Ursache und Wirkung ist ein Lernspiel, mit dem Kinder \u00fcber Ursache und Wirkung lernen k\u00f6nnen. Sie f\u00f6rdert auch die soziale und emotionale Entwicklung\" \/>\n<meta name=\"robots\" content=\"index, follow, max-snippet:-1, max-image-preview:large, max-video-preview:-1\" \/>\n<link rel=\"canonical\" href=\"https:\/\/teiaeducation.ch\/de\/produkt\/ursache-und-wirkung-rolf\/\" \/>\n<meta property=\"og:locale\" content=\"de_DE\" \/>\n<meta property=\"og:type\" content=\"article\" \/>\n<meta property=\"og:title\" content=\"Ursache und Wirkung Lernspiel - Rolf\" \/>\n<meta property=\"og:description\" content=\"Rolf&#039;s Ursache und Wirkung ist ein Lernspiel, mit dem Kinder \u00fcber Ursache und Wirkung lernen k\u00f6nnen. Sie f\u00f6rdert auch die soziale und emotionale Entwicklung\" \/>\n<meta property=\"og:url\" content=\"https:\/\/teiaeducation.ch\/de\/produkt\/ursache-und-wirkung-rolf\/\" \/>\n<meta property=\"og:site_name\" content=\"Sustainable Educational Products &amp; Ecological Toys\u00a0\" \/>\n<meta property=\"article:publisher\" content=\"https:\/\/www.facebook.com\/teiaeducation\/\" \/>\n<meta property=\"article:modified_time\" content=\"2025-10-16T06:27:18+00:00\" \/>\n<meta property=\"og:image\" content=\"https:\/\/teiaeducation.ch\/wp-content\/uploads\/2024\/05\/Cause-and-effect-educational-game-Rolf.png\" \/>\n\t<meta property=\"og:image:width\" content=\"2048\" \/>\n\t<meta property=\"og:image:height\" content=\"1993\" \/>\n\t<meta property=\"og:image:type\" content=\"image\/png\" \/>\n<script type=\"application\/ld+json\" class=\"yoast-schema-graph\">{\"@context\":\"https:\\\/\\\/schema.org\",\"@graph\":[{\"@type\":\"WebPage\",\"@id\":\"https:\\\/\\\/teiaeducation.ch\\\/de\\\/produkt\\\/ursache-und-wirkung-rolf\\\/\",\"url\":\"https:\\\/\\\/teiaeducation.ch\\\/de\\\/produkt\\\/ursache-und-wirkung-rolf\\\/\",\"name\":\"Ursache und Wirkung Lernspiel - Rolf\",\"isPartOf\":{\"@id\":\"https:\\\/\\\/teiaeducation.ch\\\/de\\\/#website\"},\"primaryImageOfPage\":{\"@id\":\"https:\\\/\\\/teiaeducation.ch\\\/de\\\/produkt\\\/ursache-und-wirkung-rolf\\\/#primaryimage\"},\"image\":{\"@id\":\"https:\\\/\\\/teiaeducation.ch\\\/de\\\/produkt\\\/ursache-und-wirkung-rolf\\\/#primaryimage\"},\"thumbnailUrl\":\"https:\\\/\\\/teiaeducation.ch\\\/wp-content\\\/uploads\\\/2024\\\/05\\\/Cause-and-effect-educational-game-Rolf.png\",\"datePublished\":\"2024-05-30T10:17:43+00:00\",\"dateModified\":\"2025-10-16T06:27:18+00:00\",\"description\":\"Rolf's Ursache und Wirkung ist ein Lernspiel, mit dem Kinder \u00fcber Ursache und Wirkung lernen k\u00f6nnen. Sie f\u00f6rdert auch die soziale und emotionale Entwicklung\",\"breadcrumb\":{\"@id\":\"https:\\\/\\\/teiaeducation.ch\\\/de\\\/produkt\\\/ursache-und-wirkung-rolf\\\/#breadcrumb\"},\"inLanguage\":\"de-CH\",\"potentialAction\":[{\"@type\":\"ReadAction\",\"target\":[\"https:\\\/\\\/teiaeducation.ch\\\/de\\\/produkt\\\/ursache-und-wirkung-rolf\\\/\"]}]},{\"@type\":\"ImageObject\",\"inLanguage\":\"de-CH\",\"@id\":\"https:\\\/\\\/teiaeducation.ch\\\/de\\\/produkt\\\/ursache-und-wirkung-rolf\\\/#primaryimage\",\"url\":\"https:\\\/\\\/teiaeducation.ch\\\/wp-content\\\/uploads\\\/2024\\\/05\\\/Cause-and-effect-educational-game-Rolf.png\",\"contentUrl\":\"https:\\\/\\\/teiaeducation.ch\\\/wp-content\\\/uploads\\\/2024\\\/05\\\/Cause-and-effect-educational-game-Rolf.png\",\"width\":2048,\"height\":1993,\"caption\":\"Ursache und Wirkung Lernspiel Rolf\"},{\"@type\":\"BreadcrumbList\",\"@id\":\"https:\\\/\\\/teiaeducation.ch\\\/de\\\/produkt\\\/ursache-und-wirkung-rolf\\\/#breadcrumb\",\"itemListElement\":[{\"@type\":\"ListItem\",\"position\":1,\"name\":\"Home\",\"item\":\"https:\\\/\\\/teiaeducation.ch\\\/de\\\/\"},{\"@type\":\"ListItem\",\"position\":2,\"name\":\"Laden\",\"item\":\"https:\\\/\\\/teiaeducation.ch\\\/de\\\/shop\\\/\"},{\"@type\":\"ListItem\",\"position\":3,\"name\":\"Unsere Marken\",\"item\":\"https:\\\/\\\/teiaeducation.ch\\\/de\\\/produkt-kategorie\\\/unsere-marken\\\/\"},{\"@type\":\"ListItem\",\"position\":4,\"name\":\"Rolf\",\"item\":\"https:\\\/\\\/teiaeducation.ch\\\/de\\\/produkt-kategorie\\\/unsere-marken\\\/rolf-de\\\/\"},{\"@type\":\"ListItem\",\"position\":5,\"name\":\"Ursache und Wirkung Lernspiel &#8211; Rolf\"}]},{\"@type\":\"WebSite\",\"@id\":\"https:\\\/\\\/teiaeducation.ch\\\/de\\\/#website\",\"url\":\"https:\\\/\\\/teiaeducation.ch\\\/de\\\/\",\"name\":\"Sustainable Educational Products &amp; Ecological Toys\u00a0\",\"description\":\"Specialised Swiss shop selling sustainable educational toys and games, AMI certified Montessori materials, handmade ecological wooden Waldorf toys and arts &amp; crafts supplies, school supplies, children&#039;s furniture and Montessori reference and parenting books.\",\"publisher\":{\"@id\":\"https:\\\/\\\/teiaeducation.ch\\\/de\\\/#organization\"},\"alternateName\":\"Teia Education & Play\",\"potentialAction\":[{\"@type\":\"SearchAction\",\"target\":{\"@type\":\"EntryPoint\",\"urlTemplate\":\"https:\\\/\\\/teiaeducation.ch\\\/de\\\/?s={search_term_string}\"},\"query-input\":{\"@type\":\"PropertyValueSpecification\",\"valueRequired\":true,\"valueName\":\"search_term_string\"}}],\"inLanguage\":\"de-CH\"},{\"@type\":\"Organization\",\"@id\":\"https:\\\/\\\/teiaeducation.ch\\\/de\\\/#organization\",\"name\":\"Teia Education & Play\",\"url\":\"https:\\\/\\\/teiaeducation.ch\\\/de\\\/\",\"logo\":{\"@type\":\"ImageObject\",\"inLanguage\":\"de-CH\",\"@id\":\"https:\\\/\\\/teiaeducation.ch\\\/de\\\/#\\\/schema\\\/logo\\\/image\\\/\",\"url\":\"https:\\\/\\\/teiaeducation.ch\\\/wp-content\\\/uploads\\\/2020\\\/11\\\/Teia-Education-Switzerland-e1620156442216.jpg\",\"contentUrl\":\"https:\\\/\\\/teiaeducation.ch\\\/wp-content\\\/uploads\\\/2020\\\/11\\\/Teia-Education-Switzerland-e1620156442216.jpg\",\"width\":166,\"height\":145,\"caption\":\"Teia Education & Play\"},\"image\":{\"@id\":\"https:\\\/\\\/teiaeducation.ch\\\/de\\\/#\\\/schema\\\/logo\\\/image\\\/\"},\"sameAs\":[\"https:\\\/\\\/www.facebook.com\\\/teiaeducation\\\/\",\"https:\\\/\\\/x.com\\\/EducationTeia\",\"https:\\\/\\\/www.instagram.com\\\/teia.education\\\/\",\"https:\\\/\\\/www.linkedin.com\\\/company\\\/35501660\",\"https:\\\/\\\/www.pinterest.ch\\\/TeiaEducation\\\/\"]}]}<\/script>\n<meta property=\"product:price:amount\" content=\"32.90\" \/>\n<meta property=\"product:price:currency\" content=\"CHF\" \/>\n<meta property=\"og:availability\" content=\"instock\" \/>\n<meta property=\"product:availability\" content=\"instock\" \/>\n<meta property=\"product:retailer_item_id\" content=\"00000000000000000000000000000000000000000000038616-1-1-1-1\" \/>\n<meta property=\"product:condition\" content=\"new\" \/>\n<!-- \/ Yoast SEO Premium plugin. -->","yoast_head_json":{"title":"Ursache und Wirkung Lernspiel - Rolf","description":"Rolf's Ursache und Wirkung ist ein Lernspiel, mit dem Kinder \u00fcber Ursache und Wirkung lernen k\u00f6nnen. Sie f\u00f6rdert auch die soziale und emotionale Entwicklung","robots":{"index":"index","follow":"follow","max-snippet":"max-snippet:-1","max-image-preview":"max-image-preview:large","max-video-preview":"max-video-preview:-1"},"canonical":"https:\/\/teiaeducation.ch\/de\/produkt\/ursache-und-wirkung-rolf\/","og_locale":"de_DE","og_type":"article","og_title":"Ursache und Wirkung Lernspiel - Rolf","og_description":"Rolf's Ursache und Wirkung ist ein Lernspiel, mit dem Kinder \u00fcber Ursache und Wirkung lernen k\u00f6nnen. Sie f\u00f6rdert auch die soziale und emotionale Entwicklung","og_url":"https:\/\/teiaeducation.ch\/de\/produkt\/ursache-und-wirkung-rolf\/","og_site_name":"Sustainable Educational Products &amp; Ecological Toys\u00a0","article_publisher":"https:\/\/www.facebook.com\/teiaeducation\/","article_modified_time":"2025-10-16T06:27:18+00:00","og_image":[{"width":2048,"height":1993,"url":"https:\/\/teiaeducation.ch\/wp-content\/uploads\/2024\/05\/Cause-and-effect-educational-game-Rolf.png","type":"image\/png"}],"schema":{"@context":"https:\/\/schema.org","@graph":[{"@type":"WebPage","@id":"https:\/\/teiaeducation.ch\/de\/produkt\/ursache-und-wirkung-rolf\/","url":"https:\/\/teiaeducation.ch\/de\/produkt\/ursache-und-wirkung-rolf\/","name":"Ursache und Wirkung Lernspiel - Rolf","isPartOf":{"@id":"https:\/\/teiaeducation.ch\/de\/#website"},"primaryImageOfPage":{"@id":"https:\/\/teiaeducation.ch\/de\/produkt\/ursache-und-wirkung-rolf\/#primaryimage"},"image":{"@id":"https:\/\/teiaeducation.ch\/de\/produkt\/ursache-und-wirkung-rolf\/#primaryimage"},"thumbnailUrl":"https:\/\/teiaeducation.ch\/wp-content\/uploads\/2024\/05\/Cause-and-effect-educational-game-Rolf.png","datePublished":"2024-05-30T10:17:43+00:00","dateModified":"2025-10-16T06:27:18+00:00","description":"Rolf's Ursache und Wirkung ist ein Lernspiel, mit dem Kinder \u00fcber Ursache und Wirkung lernen k\u00f6nnen. Sie f\u00f6rdert auch die soziale und emotionale Entwicklung","breadcrumb":{"@id":"https:\/\/teiaeducation.ch\/de\/produkt\/ursache-und-wirkung-rolf\/#breadcrumb"},"inLanguage":"de-CH","potentialAction":[{"@type":"ReadAction","target":["https:\/\/teiaeducation.ch\/de\/produkt\/ursache-und-wirkung-rolf\/"]}]},{"@type":"ImageObject","inLanguage":"de-CH","@id":"https:\/\/teiaeducation.ch\/de\/produkt\/ursache-und-wirkung-rolf\/#primaryimage","url":"https:\/\/teiaeducation.ch\/wp-content\/uploads\/2024\/05\/Cause-and-effect-educational-game-Rolf.png","contentUrl":"https:\/\/teiaeducation.ch\/wp-content\/uploads\/2024\/05\/Cause-and-effect-educational-game-Rolf.png","width":2048,"height":1993,"caption":"Ursache und Wirkung Lernspiel Rolf"},{"@type":"BreadcrumbList","@id":"https:\/\/teiaeducation.ch\/de\/produkt\/ursache-und-wirkung-rolf\/#breadcrumb","itemListElement":[{"@type":"ListItem","position":1,"name":"Home","item":"https:\/\/teiaeducation.ch\/de\/"},{"@type":"ListItem","position":2,"name":"Laden","item":"https:\/\/teiaeducation.ch\/de\/shop\/"},{"@type":"ListItem","position":3,"name":"Unsere Marken","item":"https:\/\/teiaeducation.ch\/de\/produkt-kategorie\/unsere-marken\/"},{"@type":"ListItem","position":4,"name":"Rolf","item":"https:\/\/teiaeducation.ch\/de\/produkt-kategorie\/unsere-marken\/rolf-de\/"},{"@type":"ListItem","position":5,"name":"Ursache und Wirkung Lernspiel &#8211; Rolf"}]},{"@type":"WebSite","@id":"https:\/\/teiaeducation.ch\/de\/#website","url":"https:\/\/teiaeducation.ch\/de\/","name":"Sustainable Educational Products &amp; Ecological Toys\u00a0","description":"Specialised Swiss shop selling sustainable educational toys and games, AMI certified Montessori materials, handmade ecological wooden Waldorf toys and arts &amp; crafts supplies, school supplies, children&#039;s furniture and Montessori reference and parenting books.","publisher":{"@id":"https:\/\/teiaeducation.ch\/de\/#organization"},"alternateName":"Teia Education & Play","potentialAction":[{"@type":"SearchAction","target":{"@type":"EntryPoint","urlTemplate":"https:\/\/teiaeducation.ch\/de\/?s={search_term_string}"},"query-input":{"@type":"PropertyValueSpecification","valueRequired":true,"valueName":"search_term_string"}}],"inLanguage":"de-CH"},{"@type":"Organization","@id":"https:\/\/teiaeducation.ch\/de\/#organization","name":"Teia Education & Play","url":"https:\/\/teiaeducation.ch\/de\/","logo":{"@type":"ImageObject","inLanguage":"de-CH","@id":"https:\/\/teiaeducation.ch\/de\/#\/schema\/logo\/image\/","url":"https:\/\/teiaeducation.ch\/wp-content\/uploads\/2020\/11\/Teia-Education-Switzerland-e1620156442216.jpg","contentUrl":"https:\/\/teiaeducation.ch\/wp-content\/uploads\/2020\/11\/Teia-Education-Switzerland-e1620156442216.jpg","width":166,"height":145,"caption":"Teia Education & Play"},"image":{"@id":"https:\/\/teiaeducation.ch\/de\/#\/schema\/logo\/image\/"},"sameAs":["https:\/\/www.facebook.com\/teiaeducation\/","https:\/\/x.com\/EducationTeia","https:\/\/www.instagram.com\/teia.education\/","https:\/\/www.linkedin.com\/company\/35501660","https:\/\/www.pinterest.ch\/TeiaEducation\/"]}]},"product_price_amount":"32.90","product_price_currency":"CHF","og_availability":"instock","product_availability":"instock","product_retailer_item_id":"00000000000000000000000000000000000000000000038616-1-1-1-1","product_condition":"new"},"_links":{"self":[{"href":"https:\/\/teiaeducation.ch\/de\/wp-json\/wp\/v2\/product\/60920","targetHints":{"allow":["GET"]}}],"collection":[{"href":"https:\/\/teiaeducation.ch\/de\/wp-json\/wp\/v2\/product"}],"about":[{"href":"https:\/\/teiaeducation.ch\/de\/wp-json\/wp\/v2\/types\/product"}],"replies":[{"embeddable":true,"href":"https:\/\/teiaeducation.ch\/de\/wp-json\/wp\/v2\/comments?post=60920"}],"wp:featuredmedia":[{"embeddable":true,"href":"https:\/\/teiaeducation.ch\/de\/wp-json\/wp\/v2\/media\/60836"}],"wp:attachment":[{"href":"https:\/\/teiaeducation.ch\/de\/wp-json\/wp\/v2\/media?parent=60920"}],"wp:term":[{"taxonomy":"product_brand","embeddable":true,"href":"https:\/\/teiaeducation.ch\/de\/wp-json\/wp\/v2\/product_brand?post=60920"},{"taxonomy":"product_cat","embeddable":true,"href":"https:\/\/teiaeducation.ch\/de\/wp-json\/wp\/v2\/product_cat?post=60920"},{"taxonomy":"product_tag","embeddable":true,"href":"https:\/\/teiaeducation.ch\/de\/wp-json\/wp\/v2\/product_tag?post=60920"}],"curies":[{"name":"wp","href":"https:\/\/api.w.org\/{rel}","templated":true}]}}