{"id":60923,"date":"2024-05-16T13:44:56","date_gmt":"2024-05-16T11:44:56","guid":{"rendered":"https:\/\/teiaeducation.ch\/product\/vitamine-auf-deinem-teller-rolf\/"},"modified":"2025-05-23T15:22:29","modified_gmt":"2025-05-23T13:22:29","slug":"vitamine-auf-deinem-teller-rolf","status":"publish","type":"product","link":"https:\/\/teiaeducation.ch\/de\/produkt\/vitamine-auf-deinem-teller-rolf\/","title":{"rendered":"Vitamine auf deinem Teller Lernspiel &#8211; Rolf"},"content":{"rendered":"<p>Rolfs Vitamine auf deinem Teller ist ein Lernspiel, das kleinen Kindern beibringt, warum und welche Lebensmittel gesund sind und welche nicht. Es wurde sorgf\u00e4ltig entwickelt, um die Entwicklungs- und Lernbed\u00fcrfnisse von Kindern auf spielerische Weise zu erf\u00fcllen.<\/p>\n<p>Kinder, die ausreichend Obst und Gem\u00fcse essen und sich aktiv bewegen, f\u00fchlen sich wohler in ihrer Haut, sind fitter und erk\u00e4lten sich seltener. Dieses wunderbare Spiel regt Kinder dazu an, \u00fcber Lebensmittel nachzudenken, die ihnen helfen, richtig zu wachsen und Alternativen zu S\u00fc\u00dfigkeiten zu entdecken. Die Kinder entdecken auch die Essensvorlieben der anderen Kinder.<\/p>\n<p>Vitamine auf deinem Teller kann als Ged\u00e4chtnisspiel gespielt werden, indem nur die 2 Bildkartens\u00e4tze verwendet werden, oder als Sortierspiel, indem die Pl\u00e4ttchen f\u00fcr <a href=\"https:\/\/teiaeducation.ch\/de\/produkt\/logopaediesortierung-obst-erzi\/\">Obst<\/a>, <a href=\"https:\/\/teiaeducation.ch\/de\/produkt\/logopaediesortierung-gemuese-erzi\/\">Gem\u00fcse<\/a> und S\u00fc\u00dfigkeiten mit einbezogen werden. Es bietet einen sch\u00f6nen Einstieg in ein Thema, das in vielen Bereichen erforscht werden kann.<\/p>\n<p>Das Rolf Lernspiel Vitamine auf deinem Teller ist f\u00fcr Kinder ab 3 Jahren geeignet. Zur Vertiefung des Themas \u201eGesunde Ern\u00e4hrung\u201c empfehlen wir, das Spiel mit dem Holzpuzzle \u201eRolf wei\u00df, <a href=\"https:\/\/teiaeducation.ch\/de\/produkt\/wissen-was-du-isst-puzzle-rolf\/\">was du isst<\/a>\u201c zu kombinieren.<\/p>\n<p>Inhalt:<\/p>\n<p>3 runde Sortierteller 22 x 22cm<br \/>\n2 S\u00e4tze mit 35 Karten mit Bildern von Obst, Gem\u00fcse, S\u00fc\u00dfigkeiten (6 x 6 cm)<br \/>\n3 Kontrollkarten (10 x 10cm)<br \/>\nAnweisungen<\/p>\n<h2>\u00dcber Rolf<\/h2>\n<p>Die Niederl\u00e4ndische Marke <a href=\"https:\/\/teiaeducation.ch\/de\/produkt-kategorie\/unsere-marken\/rolf-de\/\">Rolf<\/a> arbeitet eng mit Lehrern und Bildungsexperten zusammen, um Produkte zu entwickeln, die die Entwicklung der Kinder f\u00f6rdern, ihr Wissen und ihre F\u00e4higkeiten verbessern und die Ziele der Lehrer unterst\u00fctzen.<\/p>\n<p>Jedes p\u00e4dagogische Rolf Produkt bietet ein komplettes Sortiment an Entwicklungsbausteinen f\u00fcr das kindliche Gehirn und f\u00f6rdert <a href=\"https:\/\/teiaeducation.ch\/de\/produkt-kategorie\/kinder-spielzeug\/\">spielerisch<\/a> verschiedene F\u00e4higkeiten wie <a href=\"https:\/\/teiaeducation.ch\/de\/produkt-kategorie\/lernthemen\/mathematik-rechnen\/\">Mathematik<\/a>, <a href=\"https:\/\/teiaeducation.ch\/de\/produkt-kategorie\/lernthemen\/alphabetisierung-sprache\/\">Sprache<\/a>, <a href=\"https:\/\/teiaeducation.ch\/de\/produkt-kategorie\/malen-basteln\/\">Kreativit\u00e4t<\/a>, Motorik und sogar Selbstvertrauen.<\/p>\n<p>Rolfs originelle und unverwechselbare <a href=\"https:\/\/teiaeducation.ch\/de\/produkt-kategorie\/lernthemen\/\">Unterrichtsmaterialien<\/a> sind an ihren robusten Materialien, lebhaften Farben und ansprechenden Illustrationen zu erkennen. Kinder werden die wunderbaren Lern- und Spielprodukte lieben, von den lustigen und herausfordernden Puzzles, die das Lernen zum Leben erwecken, bis hin zu den robusten und farbenfrohen <a href=\"https:\/\/teiaeducation.ch\/de\/produkt-kategorie\/kinder-spielzeug\/spielzeug-fuer-draussen\/\">Outdoor<\/a>&#8211; und <a href=\"https:\/\/teiaeducation.ch\/de\/produkt-kategorie\/kinder-spielzeug\/sandspielzeug\/\">Sandspielzeugen<\/a>, die perfekt f\u00fcr den Strand oder den Sandkasten sind.<\/p>\n<p>Jedes Rolf Produkt wird in den Niederlanden entworfen und nachhaltig hergestellt. Das garantiert hochwertige Produkte, die sicher und langlebig sind und stundenlanges Spielen und Lernen erm\u00f6glichen. Alle Rolf-Produkte sind nach den Europ\u00e4ischen Sicherheitsvorschriften getestet und wurden von den Kindern selbst ausgiebig gepr\u00fcft und f\u00fcr gut befunden, da sie viel Spa\u00df beim Spielen machen und echte Lernm\u00f6glichkeiten bieten.<\/p>\n","protected":false},"excerpt":{"rendered":"<p>Artikelnummer: <span data-sheets-root=\"1\" data-sheets-value=\"{\" data-sheets-userformat=\"{\">299.6007<\/span><\/p>\n<p>Rolfs Vitamine auf deinem Teller ist ein Lernspiel, mit dem kleine Kinder lernen k\u00f6nnen, warum und welche Lebensmittel gesund sind und welche nicht!<\/p>\n","protected":false},"featured_media":60697,"comment_status":"open","ping_status":"closed","template":"","meta":[],"product_brand":[],"product_cat":[21445,21446,21524,23651,21479,21491,21484,21682,21525,21510,21509,21481,22182,21443,21563,21660,22362,21494,21495,21678,21482,21556,21564,21520],"product_tag":[29190,28129,27509,29193,29192,29188,29186,29191,29189,29173,29187],"class_list":{"0":"post-60923","1":"product","2":"type-product","3":"status-publish","4":"has-post-thumbnail","6":"product_cat-3-6-jahre-vorschule","7":"product_cat-6-12-jahre-grundschule","8":"product_cat-alphabetisierung-sprache","9":"product_cat-back-to-school-de","10":"product_cat-lernmaterialien-spielzeug-montessori-waldorf-steiner-froebel","11":"product_cat-geschenk-guide-lerngeschenke","12":"product_cat-geschenk-guides","13":"product_cat-gesellschaftsspiele-spielen","14":"product_cat-klassifizierung","15":"product_cat-kultur-wissenschaft","16":"product_cat-lernthemen","17":"product_cat-montessori-paedagogik-material-spielzeug","18":"product_cat-montessori-spielzeug","19":"product_cat-nach-alter","20":"product_cat-neuheiten","21":"product_cat-rolf-de","22":"product_cat-saisonale-kollektionen","23":"product_cat-schulbedarf-fuer-zuhause","24":"product_cat-schulbedarf-fuer-zuhause-3-6-jahre","25":"product_cat-kinder-spielzeug","26":"product_cat-traditionelle-bildung","27":"product_cat-uebungen-des-praktischen-lebens","28":"product_cat-unsere-marken","29":"product_cat-wissenschaft","30":"product_tag-ernahrungspyramide-puzzle","31":"product_tag-gesunde-ernahrung-lehren","32":"product_tag-gesunde-gewohnheiten-lehren","33":"product_tag-kindern-gesunde-ernahrung-beibringen","34":"product_tag-lebensmittelwissenschaftliches-puzzle","35":"product_tag-padagogische-holzpuzzles","36":"product_tag-padagogische-puzzles","37":"product_tag-puzzle-der-gesunden-ernahrung","38":"product_tag-puzzle-der-lebensmittelgruppen","39":"product_tag-rolf-puzzles-de","40":"product_tag-wissen-was-sie-essen-puzzle","42":"first","43":"instock","44":"taxable","45":"shipping-taxable","46":"purchasable","47":"product-type-simple"},"yoast_head":"<!-- This site is optimized with the Yoast SEO plugin v27.3 - https:\/\/yoast.com\/product\/yoast-seo-wordpress\/ -->\n<title>Vitamine auf deinem Teller Lernspiel - Rolf<\/title>\n<meta name=\"description\" content=\"Rolfs Vitamine auf deinem Teller ist ein Lernspiel, mit dem kleine Kinder lernen k\u00f6nnen, warum und welche Lebensmittel gesund sind und welche nicht.\" \/>\n<meta name=\"robots\" content=\"index, follow, max-snippet:-1, max-image-preview:large, max-video-preview:-1\" \/>\n<link rel=\"canonical\" href=\"https:\/\/teiaeducation.ch\/de\/produkt\/vitamine-auf-deinem-teller-rolf\/\" \/>\n<meta property=\"og:locale\" content=\"de_DE\" \/>\n<meta property=\"og:type\" content=\"article\" \/>\n<meta property=\"og:title\" content=\"Vitamine auf deinem Teller Lernspiel - Rolf\" \/>\n<meta property=\"og:description\" content=\"Rolfs Vitamine auf deinem Teller ist ein Lernspiel, mit dem kleine Kinder lernen k\u00f6nnen, warum und welche Lebensmittel gesund sind und welche nicht.\" \/>\n<meta property=\"og:url\" content=\"https:\/\/teiaeducation.ch\/de\/produkt\/vitamine-auf-deinem-teller-rolf\/\" \/>\n<meta property=\"og:site_name\" content=\"Sustainable Educational Products &amp; Ecological Toys\u00a0\" \/>\n<meta property=\"article:publisher\" content=\"https:\/\/www.facebook.com\/teiaeducation\/\" \/>\n<meta property=\"article:modified_time\" content=\"2025-05-23T13:22:29+00:00\" \/>\n<meta property=\"og:image\" content=\"https:\/\/teiaeducation.ch\/wp-content\/uploads\/2024\/05\/Rolf-vitamins-on-our-plate-educational-game-healthy-food.png\" \/>\n\t<meta property=\"og:image:width\" content=\"1940\" \/>\n\t<meta property=\"og:image:height\" content=\"2029\" \/>\n\t<meta property=\"og:image:type\" content=\"image\/png\" \/>\n<script type=\"application\/ld+json\" class=\"yoast-schema-graph\">{\"@context\":\"https:\\\/\\\/schema.org\",\"@graph\":[{\"@type\":\"WebPage\",\"@id\":\"https:\\\/\\\/teiaeducation.ch\\\/de\\\/produkt\\\/vitamine-auf-deinem-teller-rolf\\\/\",\"url\":\"https:\\\/\\\/teiaeducation.ch\\\/de\\\/produkt\\\/vitamine-auf-deinem-teller-rolf\\\/\",\"name\":\"Vitamine auf deinem Teller Lernspiel - Rolf\",\"isPartOf\":{\"@id\":\"https:\\\/\\\/teiaeducation.ch\\\/de\\\/#website\"},\"primaryImageOfPage\":{\"@id\":\"https:\\\/\\\/teiaeducation.ch\\\/de\\\/produkt\\\/vitamine-auf-deinem-teller-rolf\\\/#primaryimage\"},\"image\":{\"@id\":\"https:\\\/\\\/teiaeducation.ch\\\/de\\\/produkt\\\/vitamine-auf-deinem-teller-rolf\\\/#primaryimage\"},\"thumbnailUrl\":\"https:\\\/\\\/teiaeducation.ch\\\/wp-content\\\/uploads\\\/2024\\\/05\\\/Rolf-vitamins-on-our-plate-educational-game-healthy-food.png\",\"datePublished\":\"2024-05-16T11:44:56+00:00\",\"dateModified\":\"2025-05-23T13:22:29+00:00\",\"description\":\"Rolfs Vitamine auf deinem Teller ist ein Lernspiel, mit dem kleine Kinder lernen k\u00f6nnen, warum und welche Lebensmittel gesund sind und welche nicht.\",\"breadcrumb\":{\"@id\":\"https:\\\/\\\/teiaeducation.ch\\\/de\\\/produkt\\\/vitamine-auf-deinem-teller-rolf\\\/#breadcrumb\"},\"inLanguage\":\"de-CH\",\"potentialAction\":[{\"@type\":\"ReadAction\",\"target\":[\"https:\\\/\\\/teiaeducation.ch\\\/de\\\/produkt\\\/vitamine-auf-deinem-teller-rolf\\\/\"]}]},{\"@type\":\"ImageObject\",\"inLanguage\":\"de-CH\",\"@id\":\"https:\\\/\\\/teiaeducation.ch\\\/de\\\/produkt\\\/vitamine-auf-deinem-teller-rolf\\\/#primaryimage\",\"url\":\"https:\\\/\\\/teiaeducation.ch\\\/wp-content\\\/uploads\\\/2024\\\/05\\\/Rolf-vitamins-on-our-plate-educational-game-healthy-food.png\",\"contentUrl\":\"https:\\\/\\\/teiaeducation.ch\\\/wp-content\\\/uploads\\\/2024\\\/05\\\/Rolf-vitamins-on-our-plate-educational-game-healthy-food.png\",\"width\":1940,\"height\":2029,\"caption\":\"Rolf Vitamine auf deinem Teller Lernspiel Gesundes Essen\"},{\"@type\":\"BreadcrumbList\",\"@id\":\"https:\\\/\\\/teiaeducation.ch\\\/de\\\/produkt\\\/vitamine-auf-deinem-teller-rolf\\\/#breadcrumb\",\"itemListElement\":[{\"@type\":\"ListItem\",\"position\":1,\"name\":\"Home\",\"item\":\"https:\\\/\\\/teiaeducation.ch\\\/de\\\/\"},{\"@type\":\"ListItem\",\"position\":2,\"name\":\"Laden\",\"item\":\"https:\\\/\\\/teiaeducation.ch\\\/de\\\/shop\\\/\"},{\"@type\":\"ListItem\",\"position\":3,\"name\":\"Unsere Marken\",\"item\":\"https:\\\/\\\/teiaeducation.ch\\\/de\\\/produkt-kategorie\\\/unsere-marken\\\/\"},{\"@type\":\"ListItem\",\"position\":4,\"name\":\"Rolf\",\"item\":\"https:\\\/\\\/teiaeducation.ch\\\/de\\\/produkt-kategorie\\\/unsere-marken\\\/rolf-de\\\/\"},{\"@type\":\"ListItem\",\"position\":5,\"name\":\"Vitamine auf deinem Teller Lernspiel &#8211; Rolf\"}]},{\"@type\":\"WebSite\",\"@id\":\"https:\\\/\\\/teiaeducation.ch\\\/de\\\/#website\",\"url\":\"https:\\\/\\\/teiaeducation.ch\\\/de\\\/\",\"name\":\"Sustainable Educational Products &amp; Ecological Toys\u00a0\",\"description\":\"Specialised Swiss shop selling sustainable educational toys and games, AMI certified Montessori materials, handmade ecological wooden Waldorf toys and arts &amp; crafts supplies, school supplies, children&#039;s furniture and Montessori reference and parenting books.\",\"publisher\":{\"@id\":\"https:\\\/\\\/teiaeducation.ch\\\/de\\\/#organization\"},\"alternateName\":\"Teia Education & Play\",\"potentialAction\":[{\"@type\":\"SearchAction\",\"target\":{\"@type\":\"EntryPoint\",\"urlTemplate\":\"https:\\\/\\\/teiaeducation.ch\\\/de\\\/?s={search_term_string}\"},\"query-input\":{\"@type\":\"PropertyValueSpecification\",\"valueRequired\":true,\"valueName\":\"search_term_string\"}}],\"inLanguage\":\"de-CH\"},{\"@type\":\"Organization\",\"@id\":\"https:\\\/\\\/teiaeducation.ch\\\/de\\\/#organization\",\"name\":\"Teia Education & Play\",\"url\":\"https:\\\/\\\/teiaeducation.ch\\\/de\\\/\",\"logo\":{\"@type\":\"ImageObject\",\"inLanguage\":\"de-CH\",\"@id\":\"https:\\\/\\\/teiaeducation.ch\\\/de\\\/#\\\/schema\\\/logo\\\/image\\\/\",\"url\":\"https:\\\/\\\/teiaeducation.ch\\\/wp-content\\\/uploads\\\/2020\\\/11\\\/Teia-Education-Switzerland-e1620156442216.jpg\",\"contentUrl\":\"https:\\\/\\\/teiaeducation.ch\\\/wp-content\\\/uploads\\\/2020\\\/11\\\/Teia-Education-Switzerland-e1620156442216.jpg\",\"width\":166,\"height\":145,\"caption\":\"Teia Education & Play\"},\"image\":{\"@id\":\"https:\\\/\\\/teiaeducation.ch\\\/de\\\/#\\\/schema\\\/logo\\\/image\\\/\"},\"sameAs\":[\"https:\\\/\\\/www.facebook.com\\\/teiaeducation\\\/\",\"https:\\\/\\\/x.com\\\/EducationTeia\",\"https:\\\/\\\/www.instagram.com\\\/teia.education\\\/\",\"https:\\\/\\\/www.linkedin.com\\\/company\\\/35501660\",\"https:\\\/\\\/www.pinterest.ch\\\/TeiaEducation\\\/\"]}]}<\/script>\n<!-- \/ Yoast SEO plugin. -->","yoast_head_json":{"title":"Vitamine auf deinem Teller Lernspiel - Rolf","description":"Rolfs Vitamine auf deinem Teller ist ein Lernspiel, mit dem kleine Kinder lernen k\u00f6nnen, warum und welche Lebensmittel gesund sind und welche nicht.","robots":{"index":"index","follow":"follow","max-snippet":"max-snippet:-1","max-image-preview":"max-image-preview:large","max-video-preview":"max-video-preview:-1"},"canonical":"https:\/\/teiaeducation.ch\/de\/produkt\/vitamine-auf-deinem-teller-rolf\/","og_locale":"de_DE","og_type":"article","og_title":"Vitamine auf deinem Teller Lernspiel - Rolf","og_description":"Rolfs Vitamine auf deinem Teller ist ein Lernspiel, mit dem kleine Kinder lernen k\u00f6nnen, warum und welche Lebensmittel gesund sind und welche nicht.","og_url":"https:\/\/teiaeducation.ch\/de\/produkt\/vitamine-auf-deinem-teller-rolf\/","og_site_name":"Sustainable Educational Products &amp; Ecological Toys\u00a0","article_publisher":"https:\/\/www.facebook.com\/teiaeducation\/","article_modified_time":"2025-05-23T13:22:29+00:00","og_image":[{"width":1940,"height":2029,"url":"https:\/\/teiaeducation.ch\/wp-content\/uploads\/2024\/05\/Rolf-vitamins-on-our-plate-educational-game-healthy-food.png","type":"image\/png"}],"schema":{"@context":"https:\/\/schema.org","@graph":[{"@type":"WebPage","@id":"https:\/\/teiaeducation.ch\/de\/produkt\/vitamine-auf-deinem-teller-rolf\/","url":"https:\/\/teiaeducation.ch\/de\/produkt\/vitamine-auf-deinem-teller-rolf\/","name":"Vitamine auf deinem Teller Lernspiel - Rolf","isPartOf":{"@id":"https:\/\/teiaeducation.ch\/de\/#website"},"primaryImageOfPage":{"@id":"https:\/\/teiaeducation.ch\/de\/produkt\/vitamine-auf-deinem-teller-rolf\/#primaryimage"},"image":{"@id":"https:\/\/teiaeducation.ch\/de\/produkt\/vitamine-auf-deinem-teller-rolf\/#primaryimage"},"thumbnailUrl":"https:\/\/teiaeducation.ch\/wp-content\/uploads\/2024\/05\/Rolf-vitamins-on-our-plate-educational-game-healthy-food.png","datePublished":"2024-05-16T11:44:56+00:00","dateModified":"2025-05-23T13:22:29+00:00","description":"Rolfs Vitamine auf deinem Teller ist ein Lernspiel, mit dem kleine Kinder lernen k\u00f6nnen, warum und welche Lebensmittel gesund sind und welche nicht.","breadcrumb":{"@id":"https:\/\/teiaeducation.ch\/de\/produkt\/vitamine-auf-deinem-teller-rolf\/#breadcrumb"},"inLanguage":"de-CH","potentialAction":[{"@type":"ReadAction","target":["https:\/\/teiaeducation.ch\/de\/produkt\/vitamine-auf-deinem-teller-rolf\/"]}]},{"@type":"ImageObject","inLanguage":"de-CH","@id":"https:\/\/teiaeducation.ch\/de\/produkt\/vitamine-auf-deinem-teller-rolf\/#primaryimage","url":"https:\/\/teiaeducation.ch\/wp-content\/uploads\/2024\/05\/Rolf-vitamins-on-our-plate-educational-game-healthy-food.png","contentUrl":"https:\/\/teiaeducation.ch\/wp-content\/uploads\/2024\/05\/Rolf-vitamins-on-our-plate-educational-game-healthy-food.png","width":1940,"height":2029,"caption":"Rolf Vitamine auf deinem Teller Lernspiel Gesundes Essen"},{"@type":"BreadcrumbList","@id":"https:\/\/teiaeducation.ch\/de\/produkt\/vitamine-auf-deinem-teller-rolf\/#breadcrumb","itemListElement":[{"@type":"ListItem","position":1,"name":"Home","item":"https:\/\/teiaeducation.ch\/de\/"},{"@type":"ListItem","position":2,"name":"Laden","item":"https:\/\/teiaeducation.ch\/de\/shop\/"},{"@type":"ListItem","position":3,"name":"Unsere Marken","item":"https:\/\/teiaeducation.ch\/de\/produkt-kategorie\/unsere-marken\/"},{"@type":"ListItem","position":4,"name":"Rolf","item":"https:\/\/teiaeducation.ch\/de\/produkt-kategorie\/unsere-marken\/rolf-de\/"},{"@type":"ListItem","position":5,"name":"Vitamine auf deinem Teller Lernspiel &#8211; Rolf"}]},{"@type":"WebSite","@id":"https:\/\/teiaeducation.ch\/de\/#website","url":"https:\/\/teiaeducation.ch\/de\/","name":"Sustainable Educational Products &amp; Ecological Toys\u00a0","description":"Specialised Swiss shop selling sustainable educational toys and games, AMI certified Montessori materials, handmade ecological wooden Waldorf toys and arts &amp; crafts supplies, school supplies, children&#039;s furniture and Montessori reference and parenting books.","publisher":{"@id":"https:\/\/teiaeducation.ch\/de\/#organization"},"alternateName":"Teia Education & Play","potentialAction":[{"@type":"SearchAction","target":{"@type":"EntryPoint","urlTemplate":"https:\/\/teiaeducation.ch\/de\/?s={search_term_string}"},"query-input":{"@type":"PropertyValueSpecification","valueRequired":true,"valueName":"search_term_string"}}],"inLanguage":"de-CH"},{"@type":"Organization","@id":"https:\/\/teiaeducation.ch\/de\/#organization","name":"Teia Education & Play","url":"https:\/\/teiaeducation.ch\/de\/","logo":{"@type":"ImageObject","inLanguage":"de-CH","@id":"https:\/\/teiaeducation.ch\/de\/#\/schema\/logo\/image\/","url":"https:\/\/teiaeducation.ch\/wp-content\/uploads\/2020\/11\/Teia-Education-Switzerland-e1620156442216.jpg","contentUrl":"https:\/\/teiaeducation.ch\/wp-content\/uploads\/2020\/11\/Teia-Education-Switzerland-e1620156442216.jpg","width":166,"height":145,"caption":"Teia Education & Play"},"image":{"@id":"https:\/\/teiaeducation.ch\/de\/#\/schema\/logo\/image\/"},"sameAs":["https:\/\/www.facebook.com\/teiaeducation\/","https:\/\/x.com\/EducationTeia","https:\/\/www.instagram.com\/teia.education\/","https:\/\/www.linkedin.com\/company\/35501660","https:\/\/www.pinterest.ch\/TeiaEducation\/"]}]}},"_links":{"self":[{"href":"https:\/\/teiaeducation.ch\/de\/wp-json\/wp\/v2\/product\/60923","targetHints":{"allow":["GET"]}}],"collection":[{"href":"https:\/\/teiaeducation.ch\/de\/wp-json\/wp\/v2\/product"}],"about":[{"href":"https:\/\/teiaeducation.ch\/de\/wp-json\/wp\/v2\/types\/product"}],"replies":[{"embeddable":true,"href":"https:\/\/teiaeducation.ch\/de\/wp-json\/wp\/v2\/comments?post=60923"}],"wp:featuredmedia":[{"embeddable":true,"href":"https:\/\/teiaeducation.ch\/de\/wp-json\/wp\/v2\/media\/60697"}],"wp:attachment":[{"href":"https:\/\/teiaeducation.ch\/de\/wp-json\/wp\/v2\/media?parent=60923"}],"wp:term":[{"taxonomy":"product_brand","embeddable":true,"href":"https:\/\/teiaeducation.ch\/de\/wp-json\/wp\/v2\/product_brand?post=60923"},{"taxonomy":"product_cat","embeddable":true,"href":"https:\/\/teiaeducation.ch\/de\/wp-json\/wp\/v2\/product_cat?post=60923"},{"taxonomy":"product_tag","embeddable":true,"href":"https:\/\/teiaeducation.ch\/de\/wp-json\/wp\/v2\/product_tag?post=60923"}],"curies":[{"name":"wp","href":"https:\/\/api.w.org\/{rel}","templated":true}]}}