{"id":60924,"date":"2024-05-16T13:19:28","date_gmt":"2024-05-16T11:19:28","guid":{"rendered":"https:\/\/teiaeducation.ch\/product\/wissen-was-du-isst-puzzle-rolf\/"},"modified":"2025-05-23T15:22:47","modified_gmt":"2025-05-23T13:22:47","slug":"wissen-was-du-isst-puzzle-rolf","status":"publish","type":"product","link":"https:\/\/teiaeducation.ch\/de\/produkt\/wissen-was-du-isst-puzzle-rolf\/","title":{"rendered":"Wissen, was du isst Ern\u00e4hrungspyramide Puzzle &#8211; Rolf"},"content":{"rendered":"<p>Rolf&#8217;s Wissen, was du isst ist ein lehrreiches Lebensmittel Puzzle aus Holz zu Ern\u00e4hrungspyramide, mit dem Kinder etwas \u00fcber gesunde Ern\u00e4hrung, die verschiedenen Lebensmittelgruppen und die richtige Menge dieser verschiedenen Lebensmittel lernen k\u00f6nnen. Es wurde sorgf\u00e4ltig entwickelt, um die Entwicklungs- und Lernbed\u00fcrfnisse von Kindern auf spielerische Weise zu erf\u00fcllen.<\/p>\n<p>Dieses sch\u00f6ne <a href=\"https:\/\/teiaeducation.ch\/de\/produkt-kategorie\/kinder-spielzeug\/holzpuzzles\/\">Holzpuzzle<\/a> macht das Lernen spielerisch und anschaulich, w\u00e4hrend die Kinder die Ern\u00e4hrungspyramide vervollst\u00e4ndigen. Helle und farbenfrohe Illustrationen zeigen die verschiedenen Lebensmittel deutlich, und am unteren Rand sind Kinder zu sehen, die sich gesund bewegen und aktiv sind.<\/p>\n<p>Ganz oben befindet sich ein kleines Puzzleteil, das S\u00fc\u00dfigkeiten darstellt, gefolgt von Fetten, Milchprodukten, Eiwei\u00df, <a href=\"https:\/\/teiaeducation.ch\/de\/produkt\/logopaediesortierung-obst-erzi\/\">Obst<\/a> und <a href=\"https:\/\/teiaeducation.ch\/de\/produkt\/logopaediesortierung-gemuese-erzi\/\">Gem\u00fcse<\/a>, Brot, Reis und anderen Kohlenhydraten sowie trinkbaren Getr\u00e4nken.<\/p>\n<p>Beim Ausf\u00fcllen des Puzzles lernen die Kinder nicht nur etwas \u00fcber gesunde Ern\u00e4hrung, sondern entwickeln auch ihre kognitiven F\u00e4higkeiten, ihr kritisches Denken und ihre Probleml\u00f6sungskompetenz.<\/p>\n<p>Dieses dreieckige, gerahmte Holzpuzzle hat 27 Puzzleteile und ist 40 x 35 cm gro\u00df.<\/p>\n<p>Das Rolf Wissen, was du isst Puzzle ist f\u00fcr Kinder ab 4 Jahren geeignet.<\/p>\n<p>Inhalt:<\/p>\n<p>1 Holzrahmen<br \/>\n27 Puzzleteile<\/p>\n<h2>\u00dcber Rolf<\/h2>\n<p>Die Niederl\u00e4ndische Marke <a href=\"https:\/\/teiaeducation.ch\/de\/produkt-kategorie\/unsere-marken\/rolf-de\/\">Rolf<\/a> arbeitet eng mit Lehrern und Bildungsexperten zusammen, um Produkte zu entwickeln, die die Entwicklung der Kinder f\u00f6rdern, ihr Wissen und ihre F\u00e4higkeiten verbessern und die Ziele der Lehrer unterst\u00fctzen.<\/p>\n<p>Jedes p\u00e4dagogische Rolf Produkt bietet ein komplettes Sortiment an Entwicklungsbausteinen f\u00fcr das kindliche Gehirn und f\u00f6rdert <a href=\"https:\/\/teiaeducation.ch\/de\/produkt-kategorie\/kinder-spielzeug\/\">spielerisch<\/a> verschiedene F\u00e4higkeiten wie <a href=\"https:\/\/teiaeducation.ch\/de\/produkt-kategorie\/lernthemen\/mathematik-rechnen\/\">Mathematik<\/a>, <a href=\"https:\/\/teiaeducation.ch\/de\/produkt-kategorie\/lernthemen\/alphabetisierung-sprache\/\">Sprache<\/a>, <a href=\"https:\/\/teiaeducation.ch\/de\/produkt-kategorie\/malen-basteln\/\">Kreativit\u00e4t<\/a>, Motorik und sogar Selbstvertrauen.<\/p>\n<p>Rolfs originelle und unverwechselbare <a href=\"https:\/\/teiaeducation.ch\/de\/produkt-kategorie\/lernthemen\/\">Unterrichtsmaterialien<\/a> sind an ihren robusten Materialien, lebhaften Farben und ansprechenden Illustrationen zu erkennen. Kinder werden die wunderbaren Lern- und Spielprodukte lieben, von den lustigen und herausfordernden Puzzles, die das Lernen zum Leben erwecken, bis hin zu den robusten und farbenfrohen <a href=\"https:\/\/teiaeducation.ch\/de\/produkt-kategorie\/kinder-spielzeug\/spielzeug-fuer-draussen\/\">Outdoor<\/a>&#8211; und <a href=\"https:\/\/teiaeducation.ch\/de\/produkt-kategorie\/kinder-spielzeug\/sandspielzeug\/\">Sandspielzeugen<\/a>, die perfekt f\u00fcr den Strand oder den Sandkasten sind.<\/p>\n<p>Jedes Rolf Produkt wird in den Niederlanden entworfen und nachhaltig hergestellt. Das garantiert hochwertige Produkte, die sicher und langlebig sind und stundenlanges Spielen und Lernen erm\u00f6glichen. Alle Rolf-Produkte sind nach den Europ\u00e4ischen Sicherheitsvorschriften getestet und wurden von den Kindern selbst ausgiebig gepr\u00fcft und f\u00fcr gut befunden, da sie viel Spa\u00df beim Spielen machen und echte Lernm\u00f6glichkeiten bieten.<\/p>\n","protected":false},"excerpt":{"rendered":"<p>Artikelnummer: 220.3017<\/p>\n<p>Rolf&#8217;s Wissen, was du isst ist ein puzzle aus Holz zur Ern\u00e4hrungspyramide, mit dem Kinder etwas \u00fcber gesunde Ern\u00e4hrung und Lebensmittelgruppen lernen!<\/p>\n","protected":false},"featured_media":60658,"comment_status":"open","ping_status":"closed","template":"","meta":[],"product_brand":[],"product_cat":[21445,21446,21524,23651,21479,21491,21484,21707,21525,21510,21509,21481,22182,21443,21563,21660,22362,21494,21496,21678,21482,21556,21564,21520],"product_tag":[29190,28129,27509,29193,29192,29188,29186,29191,29189,29173,29187],"class_list":{"0":"post-60924","1":"product","2":"type-product","3":"status-publish","4":"has-post-thumbnail","6":"product_cat-3-6-jahre-vorschule","7":"product_cat-6-12-jahre-grundschule","8":"product_cat-alphabetisierung-sprache","9":"product_cat-back-to-school-de","10":"product_cat-lernmaterialien-spielzeug-montessori-waldorf-steiner-froebel","11":"product_cat-geschenk-guide-lerngeschenke","12":"product_cat-geschenk-guides","13":"product_cat-holzpuzzles","14":"product_cat-klassifizierung","15":"product_cat-kultur-wissenschaft","16":"product_cat-lernthemen","17":"product_cat-montessori-paedagogik-material-spielzeug","18":"product_cat-montessori-spielzeug","19":"product_cat-nach-alter","20":"product_cat-neuheiten","21":"product_cat-rolf-de","22":"product_cat-saisonale-kollektionen","23":"product_cat-schulbedarf-fuer-zuhause","24":"product_cat-schulbedarf-fuer-zuhause-6-12-jahre","25":"product_cat-kinder-spielzeug","26":"product_cat-traditionelle-bildung","27":"product_cat-uebungen-des-praktischen-lebens","28":"product_cat-unsere-marken","29":"product_cat-wissenschaft","30":"product_tag-ernahrungspyramide-puzzle","31":"product_tag-gesunde-ernahrung-lehren","32":"product_tag-gesunde-gewohnheiten-lehren","33":"product_tag-kindern-gesunde-ernahrung-beibringen","34":"product_tag-lebensmittelwissenschaftliches-puzzle","35":"product_tag-padagogische-holzpuzzles","36":"product_tag-padagogische-puzzles","37":"product_tag-puzzle-der-gesunden-ernahrung","38":"product_tag-puzzle-der-lebensmittelgruppen","39":"product_tag-rolf-puzzles-de","40":"product_tag-wissen-was-sie-essen-puzzle","42":"first","43":"instock","44":"taxable","45":"shipping-taxable","46":"purchasable","47":"product-type-simple"},"yoast_head":"<!-- This site is optimized with the Yoast SEO plugin v27.1.1 - https:\/\/yoast.com\/product\/yoast-seo-wordpress\/ -->\n<title>Wissen, was du isst Ern\u00e4hrungspyramide Puzzle - Rolf<\/title>\n<meta name=\"description\" content=\"Rolf&#039;s Wissen, was du isst ist ein puzzle aus Holz zur Ern\u00e4hrungspyramide, mit dem Kinder etwas \u00fcber gesunde Ern\u00e4hrung und Lebensmittelgruppen lernen.\" \/>\n<meta name=\"robots\" content=\"index, follow, max-snippet:-1, max-image-preview:large, max-video-preview:-1\" \/>\n<link rel=\"canonical\" href=\"https:\/\/teiaeducation.ch\/de\/produkt\/wissen-was-du-isst-puzzle-rolf\/\" \/>\n<meta property=\"og:locale\" content=\"de_DE\" \/>\n<meta property=\"og:type\" content=\"article\" \/>\n<meta property=\"og:title\" content=\"Wissen, was du isst Ern\u00e4hrungspyramide Puzzle - Rolf\" \/>\n<meta property=\"og:description\" content=\"Rolf&#039;s Wissen, was du isst ist ein puzzle aus Holz zur Ern\u00e4hrungspyramide, mit dem Kinder etwas \u00fcber gesunde Ern\u00e4hrung und Lebensmittelgruppen lernen.\" \/>\n<meta property=\"og:url\" content=\"https:\/\/teiaeducation.ch\/de\/produkt\/wissen-was-du-isst-puzzle-rolf\/\" \/>\n<meta property=\"og:site_name\" content=\"Sustainable Educational Products &amp; Ecological Toys\u00a0\" \/>\n<meta property=\"article:publisher\" content=\"https:\/\/www.facebook.com\/teiaeducation\/\" \/>\n<meta property=\"article:modified_time\" content=\"2025-05-23T13:22:47+00:00\" \/>\n<meta property=\"og:image\" content=\"https:\/\/teiaeducation.ch\/wp-content\/uploads\/2021\/09\/Know-what-you-are-eating-puzzle-educational-wooden-Rolf.png\" \/>\n\t<meta property=\"og:image:width\" content=\"2048\" \/>\n\t<meta property=\"og:image:height\" content=\"1897\" \/>\n\t<meta property=\"og:image:type\" content=\"image\/png\" \/>\n<script type=\"application\/ld+json\" class=\"yoast-schema-graph\">{\"@context\":\"https:\/\/schema.org\",\"@graph\":[{\"@type\":\"WebPage\",\"@id\":\"https:\/\/teiaeducation.ch\/de\/produkt\/wissen-was-du-isst-puzzle-rolf\/\",\"url\":\"https:\/\/teiaeducation.ch\/de\/produkt\/wissen-was-du-isst-puzzle-rolf\/\",\"name\":\"Wissen, was du isst Ern\u00e4hrungspyramide Puzzle - Rolf\",\"isPartOf\":{\"@id\":\"https:\/\/teiaeducation.ch\/de\/#website\"},\"primaryImageOfPage\":{\"@id\":\"https:\/\/teiaeducation.ch\/de\/produkt\/wissen-was-du-isst-puzzle-rolf\/#primaryimage\"},\"image\":{\"@id\":\"https:\/\/teiaeducation.ch\/de\/produkt\/wissen-was-du-isst-puzzle-rolf\/#primaryimage\"},\"thumbnailUrl\":\"https:\/\/teiaeducation.ch\/wp-content\/uploads\/2021\/09\/Know-what-you-are-eating-puzzle-educational-wooden-Rolf.png\",\"datePublished\":\"2024-05-16T11:19:28+00:00\",\"dateModified\":\"2025-05-23T13:22:47+00:00\",\"description\":\"Rolf's Wissen, was du isst ist ein puzzle aus Holz zur Ern\u00e4hrungspyramide, mit dem Kinder etwas \u00fcber gesunde Ern\u00e4hrung und Lebensmittelgruppen lernen.\",\"breadcrumb\":{\"@id\":\"https:\/\/teiaeducation.ch\/de\/produkt\/wissen-was-du-isst-puzzle-rolf\/#breadcrumb\"},\"inLanguage\":\"de-CH\",\"potentialAction\":[{\"@type\":\"ReadAction\",\"target\":[\"https:\/\/teiaeducation.ch\/de\/produkt\/wissen-was-du-isst-puzzle-rolf\/\"]}]},{\"@type\":\"ImageObject\",\"inLanguage\":\"de-CH\",\"@id\":\"https:\/\/teiaeducation.ch\/de\/produkt\/wissen-was-du-isst-puzzle-rolf\/#primaryimage\",\"url\":\"https:\/\/teiaeducation.ch\/wp-content\/uploads\/2021\/09\/Know-what-you-are-eating-puzzle-educational-wooden-Rolf.png\",\"contentUrl\":\"https:\/\/teiaeducation.ch\/wp-content\/uploads\/2021\/09\/Know-what-you-are-eating-puzzle-educational-wooden-Rolf.png\",\"width\":2048,\"height\":1897,\"caption\":\"Wissen, was du isst Puzzle p\u00e4dagogisches Holz Rolf\"},{\"@type\":\"BreadcrumbList\",\"@id\":\"https:\/\/teiaeducation.ch\/de\/produkt\/wissen-was-du-isst-puzzle-rolf\/#breadcrumb\",\"itemListElement\":[{\"@type\":\"ListItem\",\"position\":1,\"name\":\"Home\",\"item\":\"https:\/\/teiaeducation.ch\/de\/\"},{\"@type\":\"ListItem\",\"position\":2,\"name\":\"Laden\",\"item\":\"https:\/\/teiaeducation.ch\/de\/shop\/\"},{\"@type\":\"ListItem\",\"position\":3,\"name\":\"Unsere Marken\",\"item\":\"https:\/\/teiaeducation.ch\/de\/produkt-kategorie\/unsere-marken\/\"},{\"@type\":\"ListItem\",\"position\":4,\"name\":\"Rolf\",\"item\":\"https:\/\/teiaeducation.ch\/de\/produkt-kategorie\/unsere-marken\/rolf-de\/\"},{\"@type\":\"ListItem\",\"position\":5,\"name\":\"Wissen, was du isst Ern\u00e4hrungspyramide Puzzle &#8211; Rolf\"}]},{\"@type\":\"WebSite\",\"@id\":\"https:\/\/teiaeducation.ch\/de\/#website\",\"url\":\"https:\/\/teiaeducation.ch\/de\/\",\"name\":\"Sustainable Educational Products &amp; Ecological Toys\u00a0\",\"description\":\"Specialised Swiss shop selling sustainable educational toys and games, AMI certified Montessori materials, handmade ecological wooden Waldorf toys and arts &amp; crafts supplies, school supplies, children&#039;s furniture and Montessori reference and parenting books.\",\"publisher\":{\"@id\":\"https:\/\/teiaeducation.ch\/de\/#organization\"},\"alternateName\":\"Teia Education & Play\",\"potentialAction\":[{\"@type\":\"SearchAction\",\"target\":{\"@type\":\"EntryPoint\",\"urlTemplate\":\"https:\/\/teiaeducation.ch\/de\/?s={search_term_string}\"},\"query-input\":{\"@type\":\"PropertyValueSpecification\",\"valueRequired\":true,\"valueName\":\"search_term_string\"}}],\"inLanguage\":\"de-CH\"},{\"@type\":\"Organization\",\"@id\":\"https:\/\/teiaeducation.ch\/de\/#organization\",\"name\":\"Teia Education & Play\",\"url\":\"https:\/\/teiaeducation.ch\/de\/\",\"logo\":{\"@type\":\"ImageObject\",\"inLanguage\":\"de-CH\",\"@id\":\"https:\/\/teiaeducation.ch\/de\/#\/schema\/logo\/image\/\",\"url\":\"https:\/\/teiaeducation.ch\/wp-content\/uploads\/2020\/11\/Teia-Education-Switzerland-e1620156442216.jpg\",\"contentUrl\":\"https:\/\/teiaeducation.ch\/wp-content\/uploads\/2020\/11\/Teia-Education-Switzerland-e1620156442216.jpg\",\"width\":166,\"height\":145,\"caption\":\"Teia Education & Play\"},\"image\":{\"@id\":\"https:\/\/teiaeducation.ch\/de\/#\/schema\/logo\/image\/\"},\"sameAs\":[\"https:\/\/www.facebook.com\/teiaeducation\/\",\"https:\/\/x.com\/EducationTeia\",\"https:\/\/www.instagram.com\/teia.education\/\",\"https:\/\/www.linkedin.com\/company\/35501660\",\"https:\/\/www.pinterest.ch\/TeiaEducation\/\"]}]}<\/script>\n<!-- \/ Yoast SEO plugin. -->","yoast_head_json":{"title":"Wissen, was du isst Ern\u00e4hrungspyramide Puzzle - Rolf","description":"Rolf's Wissen, was du isst ist ein puzzle aus Holz zur Ern\u00e4hrungspyramide, mit dem Kinder etwas \u00fcber gesunde Ern\u00e4hrung und Lebensmittelgruppen lernen.","robots":{"index":"index","follow":"follow","max-snippet":"max-snippet:-1","max-image-preview":"max-image-preview:large","max-video-preview":"max-video-preview:-1"},"canonical":"https:\/\/teiaeducation.ch\/de\/produkt\/wissen-was-du-isst-puzzle-rolf\/","og_locale":"de_DE","og_type":"article","og_title":"Wissen, was du isst Ern\u00e4hrungspyramide Puzzle - Rolf","og_description":"Rolf's Wissen, was du isst ist ein puzzle aus Holz zur Ern\u00e4hrungspyramide, mit dem Kinder etwas \u00fcber gesunde Ern\u00e4hrung und Lebensmittelgruppen lernen.","og_url":"https:\/\/teiaeducation.ch\/de\/produkt\/wissen-was-du-isst-puzzle-rolf\/","og_site_name":"Sustainable Educational Products &amp; Ecological Toys\u00a0","article_publisher":"https:\/\/www.facebook.com\/teiaeducation\/","article_modified_time":"2025-05-23T13:22:47+00:00","og_image":[{"width":2048,"height":1897,"url":"https:\/\/teiaeducation.ch\/wp-content\/uploads\/2021\/09\/Know-what-you-are-eating-puzzle-educational-wooden-Rolf.png","type":"image\/png"}],"schema":{"@context":"https:\/\/schema.org","@graph":[{"@type":"WebPage","@id":"https:\/\/teiaeducation.ch\/de\/produkt\/wissen-was-du-isst-puzzle-rolf\/","url":"https:\/\/teiaeducation.ch\/de\/produkt\/wissen-was-du-isst-puzzle-rolf\/","name":"Wissen, was du isst Ern\u00e4hrungspyramide Puzzle - Rolf","isPartOf":{"@id":"https:\/\/teiaeducation.ch\/de\/#website"},"primaryImageOfPage":{"@id":"https:\/\/teiaeducation.ch\/de\/produkt\/wissen-was-du-isst-puzzle-rolf\/#primaryimage"},"image":{"@id":"https:\/\/teiaeducation.ch\/de\/produkt\/wissen-was-du-isst-puzzle-rolf\/#primaryimage"},"thumbnailUrl":"https:\/\/teiaeducation.ch\/wp-content\/uploads\/2021\/09\/Know-what-you-are-eating-puzzle-educational-wooden-Rolf.png","datePublished":"2024-05-16T11:19:28+00:00","dateModified":"2025-05-23T13:22:47+00:00","description":"Rolf's Wissen, was du isst ist ein puzzle aus Holz zur Ern\u00e4hrungspyramide, mit dem Kinder etwas \u00fcber gesunde Ern\u00e4hrung und Lebensmittelgruppen lernen.","breadcrumb":{"@id":"https:\/\/teiaeducation.ch\/de\/produkt\/wissen-was-du-isst-puzzle-rolf\/#breadcrumb"},"inLanguage":"de-CH","potentialAction":[{"@type":"ReadAction","target":["https:\/\/teiaeducation.ch\/de\/produkt\/wissen-was-du-isst-puzzle-rolf\/"]}]},{"@type":"ImageObject","inLanguage":"de-CH","@id":"https:\/\/teiaeducation.ch\/de\/produkt\/wissen-was-du-isst-puzzle-rolf\/#primaryimage","url":"https:\/\/teiaeducation.ch\/wp-content\/uploads\/2021\/09\/Know-what-you-are-eating-puzzle-educational-wooden-Rolf.png","contentUrl":"https:\/\/teiaeducation.ch\/wp-content\/uploads\/2021\/09\/Know-what-you-are-eating-puzzle-educational-wooden-Rolf.png","width":2048,"height":1897,"caption":"Wissen, was du isst Puzzle p\u00e4dagogisches Holz Rolf"},{"@type":"BreadcrumbList","@id":"https:\/\/teiaeducation.ch\/de\/produkt\/wissen-was-du-isst-puzzle-rolf\/#breadcrumb","itemListElement":[{"@type":"ListItem","position":1,"name":"Home","item":"https:\/\/teiaeducation.ch\/de\/"},{"@type":"ListItem","position":2,"name":"Laden","item":"https:\/\/teiaeducation.ch\/de\/shop\/"},{"@type":"ListItem","position":3,"name":"Unsere Marken","item":"https:\/\/teiaeducation.ch\/de\/produkt-kategorie\/unsere-marken\/"},{"@type":"ListItem","position":4,"name":"Rolf","item":"https:\/\/teiaeducation.ch\/de\/produkt-kategorie\/unsere-marken\/rolf-de\/"},{"@type":"ListItem","position":5,"name":"Wissen, was du isst Ern\u00e4hrungspyramide Puzzle &#8211; Rolf"}]},{"@type":"WebSite","@id":"https:\/\/teiaeducation.ch\/de\/#website","url":"https:\/\/teiaeducation.ch\/de\/","name":"Sustainable Educational Products &amp; Ecological Toys\u00a0","description":"Specialised Swiss shop selling sustainable educational toys and games, AMI certified Montessori materials, handmade ecological wooden Waldorf toys and arts &amp; crafts supplies, school supplies, children&#039;s furniture and Montessori reference and parenting books.","publisher":{"@id":"https:\/\/teiaeducation.ch\/de\/#organization"},"alternateName":"Teia Education & Play","potentialAction":[{"@type":"SearchAction","target":{"@type":"EntryPoint","urlTemplate":"https:\/\/teiaeducation.ch\/de\/?s={search_term_string}"},"query-input":{"@type":"PropertyValueSpecification","valueRequired":true,"valueName":"search_term_string"}}],"inLanguage":"de-CH"},{"@type":"Organization","@id":"https:\/\/teiaeducation.ch\/de\/#organization","name":"Teia Education & Play","url":"https:\/\/teiaeducation.ch\/de\/","logo":{"@type":"ImageObject","inLanguage":"de-CH","@id":"https:\/\/teiaeducation.ch\/de\/#\/schema\/logo\/image\/","url":"https:\/\/teiaeducation.ch\/wp-content\/uploads\/2020\/11\/Teia-Education-Switzerland-e1620156442216.jpg","contentUrl":"https:\/\/teiaeducation.ch\/wp-content\/uploads\/2020\/11\/Teia-Education-Switzerland-e1620156442216.jpg","width":166,"height":145,"caption":"Teia Education & Play"},"image":{"@id":"https:\/\/teiaeducation.ch\/de\/#\/schema\/logo\/image\/"},"sameAs":["https:\/\/www.facebook.com\/teiaeducation\/","https:\/\/x.com\/EducationTeia","https:\/\/www.instagram.com\/teia.education\/","https:\/\/www.linkedin.com\/company\/35501660","https:\/\/www.pinterest.ch\/TeiaEducation\/"]}]}},"_links":{"self":[{"href":"https:\/\/teiaeducation.ch\/de\/wp-json\/wp\/v2\/product\/60924","targetHints":{"allow":["GET"]}}],"collection":[{"href":"https:\/\/teiaeducation.ch\/de\/wp-json\/wp\/v2\/product"}],"about":[{"href":"https:\/\/teiaeducation.ch\/de\/wp-json\/wp\/v2\/types\/product"}],"replies":[{"embeddable":true,"href":"https:\/\/teiaeducation.ch\/de\/wp-json\/wp\/v2\/comments?post=60924"}],"wp:featuredmedia":[{"embeddable":true,"href":"https:\/\/teiaeducation.ch\/de\/wp-json\/wp\/v2\/media\/60658"}],"wp:attachment":[{"href":"https:\/\/teiaeducation.ch\/de\/wp-json\/wp\/v2\/media?parent=60924"}],"wp:term":[{"taxonomy":"product_brand","embeddable":true,"href":"https:\/\/teiaeducation.ch\/de\/wp-json\/wp\/v2\/product_brand?post=60924"},{"taxonomy":"product_cat","embeddable":true,"href":"https:\/\/teiaeducation.ch\/de\/wp-json\/wp\/v2\/product_cat?post=60924"},{"taxonomy":"product_tag","embeddable":true,"href":"https:\/\/teiaeducation.ch\/de\/wp-json\/wp\/v2\/product_tag?post=60924"}],"curies":[{"name":"wp","href":"https:\/\/api.w.org\/{rel}","templated":true}]}}