{"id":60999,"date":"2022-05-22T12:10:54","date_gmt":"2022-05-22T10:10:54","guid":{"rendered":"https:\/\/teiaeducation.ch\/product\/sandeimer-fuer-sandsieb-eco-rolf\/"},"modified":"2024-09-20T13:58:02","modified_gmt":"2024-09-20T11:58:02","slug":"sandeimer-fuer-sandsieb-eco-rolf","status":"publish","type":"product","link":"https:\/\/teiaeducation.ch\/de\/produkt\/sandeimer-fuer-sandsieb-eco-rolf\/","title":{"rendered":"Sandeimer f\u00fcr Sandsieb ECO &#8211; Rolf"},"content":{"rendered":"<p>Rolf&#8217;s Eco Sandeimer f\u00fcr Sandsieb, erh\u00e4ltlich in den sch\u00f6nen Pastellt\u00f6nen rosa, blau, gelb und gr\u00fcn, ist ein nachhaltiges \u00d6ko-Kindersandspielzeug. Eine sch\u00f6ne Alternative zu herk\u00f6mmlichem, nicht recyceltem Plastiksandspielzeug. Dieses nachhaltige und langlebige Kindersandspielzeug bietet jede Menge Spa\u00df am Strand, im Sandkasten oder im <a href=\"https:\/\/teiaeducation.ch\/product-category\/creative-art-craft\/gardening\/\">Garten<\/a> beim Sieben von Sand, Wasser oder Erde!<\/p>\n<p>Dieser robuste Eimer hat einen Durchmesser von 20 cm und eine H\u00f6he von 16 cm und passt perfekt zum Rolf ECO-Sand<a href=\"https:\/\/teiaeducation.ch\/product\/sand-sieve-eco-rolf\/\">sieb<\/a>! Dieses Produkt ist f\u00fcr jahrelanges Spielen gebaut und kann zusammen mit herk\u00f6mmlichen Kunststoffen recycelt werden.<\/p>\n<p>Rolf verwendet Gr\u00fcnes Polyethylen f\u00fcr die Herstellung seiner einzigartigen nachhaltigen Sandspielzeuge der Eco-Linie. Diese aus nachwachsenden Rohstoffen hergestellten Produkte leisten einen wesentlichen Beitrag zur Verringerung der Treibhausgasemissionen in der gesamten Produktionskette.<\/p>\n<p>Gr\u00fcnes Polyethylen ist eine erneuerbare Alternative zu Polyethylen und tr\u00e4gt dem Bedarf an nachhaltigeren L\u00f6sungen und Produkten in der heutigen Welt Rechnung. Es handelt sich um einen Kunststoff, der nicht aus fossilen Brennstoffen, sondern aus Zuckerrohr, einem erneuerbaren Rohstoff, hergestellt wird. Bei seiner Herstellung wird CO2 aus der Atmosph\u00e4re gebunden und tr\u00e4gt so zur Verringerung der Treibhausgasemissionen bei.<\/p>\n<p>Gr\u00fcnes Polyethylen hat die gleichen Eigenschaften, die gleiche Leistung und die gleiche Anwendungsvielfalt wie Polyethylen fossilen Ursprungs und kann daher ebenso wie herk\u00f6mmliche Kunststoffe hergestellt und recycelt werden.<\/p>\n<p>Der Rolf Sandeimer f\u00fcr Sandsieb ECO ist ab 12 Monaten geeignet.<\/p>\n<p>Inhalt:<\/p>\n<p>1 ECO Sandeimer (bitte gew\u00fcnschte Farbe ausw\u00e4hlen)<\/p>\n<h2>Uber Rolf<\/h2>\n<p>Die Niederl\u00e4ndische Marke <a href=\"https:\/\/teiaeducation.ch\/product-category\/brands\/rolf\/\">Rolf<\/a> arbeitet eng mit Lehrern und Bildungsexperten zusammen, um Produkte zu entwickeln, die die Entwicklung der Kinder f\u00f6rdern, ihr Wissen und ihre F\u00e4higkeiten verbessern und die Ziele der Lehrer unterst\u00fctzen.<\/p>\n<p>Jedes p\u00e4dagogische Rolf-Produkt bietet ein komplettes Sortiment an Entwicklungsbausteinen\u201c f\u00fcr das kindliche Gehirn und f\u00f6rdert <a href=\"https:\/\/teiaeducation.ch\/product-category\/hgh-quality-toys-play\/\">spiel<\/a>erisch verschiedene F\u00e4higkeiten wie <a href=\"https:\/\/teiaeducation.ch\/product-category\/learning-themes\/mathematics-numeracy\/\">Mathematik<\/a>, <a href=\"https:\/\/teiaeducation.ch\/product-category\/learning-themes\/literacy-language\/\">Sprache<\/a>, <a href=\"https:\/\/teiaeducation.ch\/product-category\/creative-art-craft\/\">Kreativit\u00e4t<\/a>, Motorik und sogar Selbstvertrauen.<\/p>\n<p>Rolfs originelle und unverwechselbare <a href=\"https:\/\/teiaeducation.ch\/product-category\/learning-themes\/\">Unterrichtsmaterialien<\/a> sind an ihren robusten Materialien, lebhaften Farben und ansprechenden Illustrationen zu erkennen. Kinder werden die wunderbaren Lern- und Spielprodukte lieben, von den lustigen und herausfordernden Puzzles, die das Lernen zum Leben erwecken, bis hin zu den robusten und farbenfrohen <a href=\"https:\/\/teiaeducation.ch\/product-category\/hgh-quality-toys-play\/outdoor-toys\/\">Outdoor<\/a>&#8211; und <a href=\"https:\/\/teiaeducation.ch\/product-category\/hgh-quality-toys-play\/sand-toys\/\">Sandspielzeugen<\/a>, die perfekt f\u00fcr den Strand oder den Sandkasten sind.<\/p>\n<p>Jedes Rolf-Produkt wird in den Niederlanden entworfen und nachhaltig hergestellt. Das garantiert hochwertige Produkte, die sicher und langlebig sind und stundenlanges Spielen und Lernen erm\u00f6glichen. Alle Rolf-Produkte sind nach den Europ\u00e4ischen Sicherheitsvorschriften getestet und wurden von den Kindern selbst ausgiebig gepr\u00fcft und f\u00fcr gut befunden, da sie viel Spa\u00df beim Spielen machen und echte Lernm\u00f6glichkeiten bieten.<\/p>\n","protected":false},"excerpt":{"rendered":"<p>Artikelnummer: <span data-sheets-root=\"1\">270.0018<\/span><\/p>\n<p>Der Rolf Sandeimer f\u00fcr Sandsieb ECO ist ein nachhaltiges Kindersandspielzeug in sch\u00f6nen Pastellt\u00f6nen f\u00fcr den Strand, den Sandkasten oder den Garten!<\/p>\n","protected":false},"featured_media":48204,"comment_status":"open","ping_status":"closed","template":"","meta":[],"product_brand":[],"product_cat":[21444,21445,21446,21679,21670,21453,21447,21443,21689,21563,21660,22362,21694,23636,21678,23133,21564],"product_tag":[29194,29197,29196,29195,29198,29202,29203,29201,29206,29204,29205,29199,29200],"class_list":{"0":"post-60999","1":"product","2":"type-product","3":"status-publish","4":"has-post-thumbnail","6":"product_cat-1-3-jahre-kleinkind","7":"product_cat-3-6-jahre-vorschule","8":"product_cat-6-12-jahre-grundschule","9":"product_cat-aktiv-spielzeug","10":"product_cat-fruehjahrskollektion","11":"product_cat-gartnern","12":"product_cat-malen-basteln","13":"product_cat-nach-alter","14":"product_cat-naturspiel","15":"product_cat-neuheiten","16":"product_cat-rolf-de","17":"product_cat-saisonale-kollektionen","18":"product_cat-sandspielzeug","19":"product_cat-sommer-kollektion","20":"product_cat-kinder-spielzeug","21":"product_cat-spielzeug-fuer-draussen","22":"product_cat-unsere-marken","23":"product_tag-eco-sandspielzeug","24":"product_tag-grunes-pe-sandspielzeug","25":"product_tag-grunes-pe-spielzeug","26":"product_tag-grunes-spielzeug-aus-polyethylen","27":"product_tag-nachhaltig-sandspielzeug","28":"product_tag-rolf-eco-eimer","29":"product_tag-rolf-eco-sandspielzeug","30":"product_tag-rolf-eimer","31":"product_tag-rolf-sandeimer-fur-sandsieb-eco","32":"product_tag-rolf-sandspielzeug","33":"product_tag-sandspielzeug-fur-kinder","34":"product_tag-umweltfreundliches-sandspielzeug","35":"product_tag-umweltfreundliches-strandspielzeug","37":"first","38":"instock","39":"taxable","40":"shipping-taxable","41":"purchasable","42":"product-type-variable"},"yoast_head":"<!-- This site is optimized with the Yoast SEO Premium plugin v25.8 (Yoast SEO v27.4) - https:\/\/yoast.com\/product\/yoast-seo-premium-wordpress\/ -->\n<title>Sandeimer f\u00fcr Sandsieb ECO - Rolf<\/title>\n<meta name=\"description\" content=\"Der Rolf Sandeimer f\u00fcr Sandsieb ECO ist ein nachhaltiges Kindersandspielzeug in sch\u00f6nen Pastellt\u00f6nen f\u00fcr den Strand, den Sandkasten oder den Garten.\" \/>\n<meta name=\"robots\" content=\"index, follow, max-snippet:-1, max-image-preview:large, max-video-preview:-1\" \/>\n<link rel=\"canonical\" href=\"https:\/\/teiaeducation.ch\/de\/produkt\/sandeimer-fuer-sandsieb-eco-rolf\/\" \/>\n<meta property=\"og:locale\" content=\"de_DE\" \/>\n<meta property=\"og:type\" content=\"article\" \/>\n<meta property=\"og:title\" content=\"Sandeimer f\u00fcr Sandsieb ECO - Rolf\" \/>\n<meta property=\"og:description\" content=\"Der Rolf Sandeimer f\u00fcr Sandsieb ECO ist ein nachhaltiges Kindersandspielzeug in sch\u00f6nen Pastellt\u00f6nen f\u00fcr den Strand, den Sandkasten oder den Garten.\" \/>\n<meta property=\"og:url\" content=\"https:\/\/teiaeducation.ch\/de\/produkt\/sandeimer-fuer-sandsieb-eco-rolf\/\" \/>\n<meta property=\"og:site_name\" content=\"Sustainable Educational Products &amp; Ecological Toys\u00a0\" \/>\n<meta property=\"article:publisher\" content=\"https:\/\/www.facebook.com\/teiaeducation\/\" \/>\n<meta property=\"article:modified_time\" content=\"2024-09-20T11:58:02+00:00\" \/>\n<meta property=\"og:image\" content=\"https:\/\/teiaeducation.ch\/wp-content\/uploads\/2021\/09\/Rolf-Education-buckets-for-sand-sieve-pastel-colours-eco-line.jpg\" \/>\n\t<meta property=\"og:image:width\" content=\"700\" \/>\n\t<meta property=\"og:image:height\" content=\"750\" \/>\n\t<meta property=\"og:image:type\" content=\"image\/jpeg\" \/>\n<script type=\"application\/ld+json\" class=\"yoast-schema-graph\">{\"@context\":\"https:\\\/\\\/schema.org\",\"@graph\":[{\"@type\":\"WebPage\",\"@id\":\"https:\\\/\\\/teiaeducation.ch\\\/de\\\/produkt\\\/sandeimer-fuer-sandsieb-eco-rolf\\\/\",\"url\":\"https:\\\/\\\/teiaeducation.ch\\\/de\\\/produkt\\\/sandeimer-fuer-sandsieb-eco-rolf\\\/\",\"name\":\"Sandeimer f\u00fcr Sandsieb ECO - Rolf\",\"isPartOf\":{\"@id\":\"https:\\\/\\\/teiaeducation.ch\\\/de\\\/#website\"},\"primaryImageOfPage\":{\"@id\":\"https:\\\/\\\/teiaeducation.ch\\\/de\\\/produkt\\\/sandeimer-fuer-sandsieb-eco-rolf\\\/#primaryimage\"},\"image\":{\"@id\":\"https:\\\/\\\/teiaeducation.ch\\\/de\\\/produkt\\\/sandeimer-fuer-sandsieb-eco-rolf\\\/#primaryimage\"},\"thumbnailUrl\":\"https:\\\/\\\/teiaeducation.ch\\\/wp-content\\\/uploads\\\/2021\\\/09\\\/Rolf-Education-buckets-for-sand-sieve-pastel-colours-eco-line.jpg\",\"datePublished\":\"2022-05-22T10:10:54+00:00\",\"dateModified\":\"2024-09-20T11:58:02+00:00\",\"description\":\"Der Rolf Sandeimer f\u00fcr Sandsieb ECO ist ein nachhaltiges Kindersandspielzeug in sch\u00f6nen Pastellt\u00f6nen f\u00fcr den Strand, den Sandkasten oder den Garten.\",\"breadcrumb\":{\"@id\":\"https:\\\/\\\/teiaeducation.ch\\\/de\\\/produkt\\\/sandeimer-fuer-sandsieb-eco-rolf\\\/#breadcrumb\"},\"inLanguage\":\"de-CH\",\"potentialAction\":[{\"@type\":\"ReadAction\",\"target\":[\"https:\\\/\\\/teiaeducation.ch\\\/de\\\/produkt\\\/sandeimer-fuer-sandsieb-eco-rolf\\\/\"]}]},{\"@type\":\"ImageObject\",\"inLanguage\":\"de-CH\",\"@id\":\"https:\\\/\\\/teiaeducation.ch\\\/de\\\/produkt\\\/sandeimer-fuer-sandsieb-eco-rolf\\\/#primaryimage\",\"url\":\"https:\\\/\\\/teiaeducation.ch\\\/wp-content\\\/uploads\\\/2021\\\/09\\\/Rolf-Education-buckets-for-sand-sieve-pastel-colours-eco-line.jpg\",\"contentUrl\":\"https:\\\/\\\/teiaeducation.ch\\\/wp-content\\\/uploads\\\/2021\\\/09\\\/Rolf-Education-buckets-for-sand-sieve-pastel-colours-eco-line.jpg\",\"width\":700,\"height\":750,\"caption\":\"Rolf Education Sandeimer f\u00fcr Sandsieb pastellfarben eco line langlebiges Kindersandspielzeug\"},{\"@type\":\"BreadcrumbList\",\"@id\":\"https:\\\/\\\/teiaeducation.ch\\\/de\\\/produkt\\\/sandeimer-fuer-sandsieb-eco-rolf\\\/#breadcrumb\",\"itemListElement\":[{\"@type\":\"ListItem\",\"position\":1,\"name\":\"Home\",\"item\":\"https:\\\/\\\/teiaeducation.ch\\\/de\\\/\"},{\"@type\":\"ListItem\",\"position\":2,\"name\":\"Laden\",\"item\":\"https:\\\/\\\/teiaeducation.ch\\\/de\\\/shop\\\/\"},{\"@type\":\"ListItem\",\"position\":3,\"name\":\"Unsere Marken\",\"item\":\"https:\\\/\\\/teiaeducation.ch\\\/de\\\/produkt-kategorie\\\/unsere-marken\\\/\"},{\"@type\":\"ListItem\",\"position\":4,\"name\":\"Rolf\",\"item\":\"https:\\\/\\\/teiaeducation.ch\\\/de\\\/produkt-kategorie\\\/unsere-marken\\\/rolf-de\\\/\"},{\"@type\":\"ListItem\",\"position\":5,\"name\":\"Sandeimer f\u00fcr Sandsieb ECO &#8211; Rolf\"}]},{\"@type\":\"WebSite\",\"@id\":\"https:\\\/\\\/teiaeducation.ch\\\/de\\\/#website\",\"url\":\"https:\\\/\\\/teiaeducation.ch\\\/de\\\/\",\"name\":\"Sustainable Educational Products &amp; Ecological Toys\u00a0\",\"description\":\"Specialised Swiss shop selling sustainable educational toys and games, AMI certified Montessori materials, handmade ecological wooden Waldorf toys and arts &amp; crafts supplies, school supplies, children&#039;s furniture and Montessori reference and parenting books.\",\"publisher\":{\"@id\":\"https:\\\/\\\/teiaeducation.ch\\\/de\\\/#organization\"},\"alternateName\":\"Teia Education & Play\",\"potentialAction\":[{\"@type\":\"SearchAction\",\"target\":{\"@type\":\"EntryPoint\",\"urlTemplate\":\"https:\\\/\\\/teiaeducation.ch\\\/de\\\/?s={search_term_string}\"},\"query-input\":{\"@type\":\"PropertyValueSpecification\",\"valueRequired\":true,\"valueName\":\"search_term_string\"}}],\"inLanguage\":\"de-CH\"},{\"@type\":\"Organization\",\"@id\":\"https:\\\/\\\/teiaeducation.ch\\\/de\\\/#organization\",\"name\":\"Teia Education & Play\",\"url\":\"https:\\\/\\\/teiaeducation.ch\\\/de\\\/\",\"logo\":{\"@type\":\"ImageObject\",\"inLanguage\":\"de-CH\",\"@id\":\"https:\\\/\\\/teiaeducation.ch\\\/de\\\/#\\\/schema\\\/logo\\\/image\\\/\",\"url\":\"https:\\\/\\\/teiaeducation.ch\\\/wp-content\\\/uploads\\\/2020\\\/11\\\/Teia-Education-Switzerland-e1620156442216.jpg\",\"contentUrl\":\"https:\\\/\\\/teiaeducation.ch\\\/wp-content\\\/uploads\\\/2020\\\/11\\\/Teia-Education-Switzerland-e1620156442216.jpg\",\"width\":166,\"height\":145,\"caption\":\"Teia Education & Play\"},\"image\":{\"@id\":\"https:\\\/\\\/teiaeducation.ch\\\/de\\\/#\\\/schema\\\/logo\\\/image\\\/\"},\"sameAs\":[\"https:\\\/\\\/www.facebook.com\\\/teiaeducation\\\/\",\"https:\\\/\\\/x.com\\\/EducationTeia\",\"https:\\\/\\\/www.instagram.com\\\/teia.education\\\/\",\"https:\\\/\\\/www.linkedin.com\\\/company\\\/35501660\",\"https:\\\/\\\/www.pinterest.ch\\\/TeiaEducation\\\/\"]}]}<\/script>\n<meta property=\"og:availability\" content=\"instock\" \/>\n<meta property=\"product:availability\" content=\"instock\" \/>\n<meta property=\"product:retailer_item_id\" content=\"00000000000000000000000000000000000000000000038016\" \/>\n<meta property=\"product:condition\" content=\"new\" \/>\n<!-- \/ Yoast SEO Premium plugin. -->","yoast_head_json":{"title":"Sandeimer f\u00fcr Sandsieb ECO - Rolf","description":"Der Rolf Sandeimer f\u00fcr Sandsieb ECO ist ein nachhaltiges Kindersandspielzeug in sch\u00f6nen Pastellt\u00f6nen f\u00fcr den Strand, den Sandkasten oder den Garten.","robots":{"index":"index","follow":"follow","max-snippet":"max-snippet:-1","max-image-preview":"max-image-preview:large","max-video-preview":"max-video-preview:-1"},"canonical":"https:\/\/teiaeducation.ch\/de\/produkt\/sandeimer-fuer-sandsieb-eco-rolf\/","og_locale":"de_DE","og_type":"article","og_title":"Sandeimer f\u00fcr Sandsieb ECO - Rolf","og_description":"Der Rolf Sandeimer f\u00fcr Sandsieb ECO ist ein nachhaltiges Kindersandspielzeug in sch\u00f6nen Pastellt\u00f6nen f\u00fcr den Strand, den Sandkasten oder den Garten.","og_url":"https:\/\/teiaeducation.ch\/de\/produkt\/sandeimer-fuer-sandsieb-eco-rolf\/","og_site_name":"Sustainable Educational Products &amp; Ecological Toys\u00a0","article_publisher":"https:\/\/www.facebook.com\/teiaeducation\/","article_modified_time":"2024-09-20T11:58:02+00:00","og_image":[{"width":700,"height":750,"url":"https:\/\/teiaeducation.ch\/wp-content\/uploads\/2021\/09\/Rolf-Education-buckets-for-sand-sieve-pastel-colours-eco-line.jpg","type":"image\/jpeg"}],"schema":{"@context":"https:\/\/schema.org","@graph":[{"@type":"WebPage","@id":"https:\/\/teiaeducation.ch\/de\/produkt\/sandeimer-fuer-sandsieb-eco-rolf\/","url":"https:\/\/teiaeducation.ch\/de\/produkt\/sandeimer-fuer-sandsieb-eco-rolf\/","name":"Sandeimer f\u00fcr Sandsieb ECO - Rolf","isPartOf":{"@id":"https:\/\/teiaeducation.ch\/de\/#website"},"primaryImageOfPage":{"@id":"https:\/\/teiaeducation.ch\/de\/produkt\/sandeimer-fuer-sandsieb-eco-rolf\/#primaryimage"},"image":{"@id":"https:\/\/teiaeducation.ch\/de\/produkt\/sandeimer-fuer-sandsieb-eco-rolf\/#primaryimage"},"thumbnailUrl":"https:\/\/teiaeducation.ch\/wp-content\/uploads\/2021\/09\/Rolf-Education-buckets-for-sand-sieve-pastel-colours-eco-line.jpg","datePublished":"2022-05-22T10:10:54+00:00","dateModified":"2024-09-20T11:58:02+00:00","description":"Der Rolf Sandeimer f\u00fcr Sandsieb ECO ist ein nachhaltiges Kindersandspielzeug in sch\u00f6nen Pastellt\u00f6nen f\u00fcr den Strand, den Sandkasten oder den Garten.","breadcrumb":{"@id":"https:\/\/teiaeducation.ch\/de\/produkt\/sandeimer-fuer-sandsieb-eco-rolf\/#breadcrumb"},"inLanguage":"de-CH","potentialAction":[{"@type":"ReadAction","target":["https:\/\/teiaeducation.ch\/de\/produkt\/sandeimer-fuer-sandsieb-eco-rolf\/"]}]},{"@type":"ImageObject","inLanguage":"de-CH","@id":"https:\/\/teiaeducation.ch\/de\/produkt\/sandeimer-fuer-sandsieb-eco-rolf\/#primaryimage","url":"https:\/\/teiaeducation.ch\/wp-content\/uploads\/2021\/09\/Rolf-Education-buckets-for-sand-sieve-pastel-colours-eco-line.jpg","contentUrl":"https:\/\/teiaeducation.ch\/wp-content\/uploads\/2021\/09\/Rolf-Education-buckets-for-sand-sieve-pastel-colours-eco-line.jpg","width":700,"height":750,"caption":"Rolf Education Sandeimer f\u00fcr Sandsieb pastellfarben eco line langlebiges Kindersandspielzeug"},{"@type":"BreadcrumbList","@id":"https:\/\/teiaeducation.ch\/de\/produkt\/sandeimer-fuer-sandsieb-eco-rolf\/#breadcrumb","itemListElement":[{"@type":"ListItem","position":1,"name":"Home","item":"https:\/\/teiaeducation.ch\/de\/"},{"@type":"ListItem","position":2,"name":"Laden","item":"https:\/\/teiaeducation.ch\/de\/shop\/"},{"@type":"ListItem","position":3,"name":"Unsere Marken","item":"https:\/\/teiaeducation.ch\/de\/produkt-kategorie\/unsere-marken\/"},{"@type":"ListItem","position":4,"name":"Rolf","item":"https:\/\/teiaeducation.ch\/de\/produkt-kategorie\/unsere-marken\/rolf-de\/"},{"@type":"ListItem","position":5,"name":"Sandeimer f\u00fcr Sandsieb ECO &#8211; Rolf"}]},{"@type":"WebSite","@id":"https:\/\/teiaeducation.ch\/de\/#website","url":"https:\/\/teiaeducation.ch\/de\/","name":"Sustainable Educational Products &amp; Ecological Toys\u00a0","description":"Specialised Swiss shop selling sustainable educational toys and games, AMI certified Montessori materials, handmade ecological wooden Waldorf toys and arts &amp; crafts supplies, school supplies, children&#039;s furniture and Montessori reference and parenting books.","publisher":{"@id":"https:\/\/teiaeducation.ch\/de\/#organization"},"alternateName":"Teia Education & Play","potentialAction":[{"@type":"SearchAction","target":{"@type":"EntryPoint","urlTemplate":"https:\/\/teiaeducation.ch\/de\/?s={search_term_string}"},"query-input":{"@type":"PropertyValueSpecification","valueRequired":true,"valueName":"search_term_string"}}],"inLanguage":"de-CH"},{"@type":"Organization","@id":"https:\/\/teiaeducation.ch\/de\/#organization","name":"Teia Education & Play","url":"https:\/\/teiaeducation.ch\/de\/","logo":{"@type":"ImageObject","inLanguage":"de-CH","@id":"https:\/\/teiaeducation.ch\/de\/#\/schema\/logo\/image\/","url":"https:\/\/teiaeducation.ch\/wp-content\/uploads\/2020\/11\/Teia-Education-Switzerland-e1620156442216.jpg","contentUrl":"https:\/\/teiaeducation.ch\/wp-content\/uploads\/2020\/11\/Teia-Education-Switzerland-e1620156442216.jpg","width":166,"height":145,"caption":"Teia Education & Play"},"image":{"@id":"https:\/\/teiaeducation.ch\/de\/#\/schema\/logo\/image\/"},"sameAs":["https:\/\/www.facebook.com\/teiaeducation\/","https:\/\/x.com\/EducationTeia","https:\/\/www.instagram.com\/teia.education\/","https:\/\/www.linkedin.com\/company\/35501660","https:\/\/www.pinterest.ch\/TeiaEducation\/"]}]},"og_availability":"instock","product_availability":"instock","product_retailer_item_id":"00000000000000000000000000000000000000000000038016","product_condition":"new"},"_links":{"self":[{"href":"https:\/\/teiaeducation.ch\/de\/wp-json\/wp\/v2\/product\/60999","targetHints":{"allow":["GET"]}}],"collection":[{"href":"https:\/\/teiaeducation.ch\/de\/wp-json\/wp\/v2\/product"}],"about":[{"href":"https:\/\/teiaeducation.ch\/de\/wp-json\/wp\/v2\/types\/product"}],"replies":[{"embeddable":true,"href":"https:\/\/teiaeducation.ch\/de\/wp-json\/wp\/v2\/comments?post=60999"}],"wp:featuredmedia":[{"embeddable":true,"href":"https:\/\/teiaeducation.ch\/de\/wp-json\/wp\/v2\/media\/48204"}],"wp:attachment":[{"href":"https:\/\/teiaeducation.ch\/de\/wp-json\/wp\/v2\/media?parent=60999"}],"wp:term":[{"taxonomy":"product_brand","embeddable":true,"href":"https:\/\/teiaeducation.ch\/de\/wp-json\/wp\/v2\/product_brand?post=60999"},{"taxonomy":"product_cat","embeddable":true,"href":"https:\/\/teiaeducation.ch\/de\/wp-json\/wp\/v2\/product_cat?post=60999"},{"taxonomy":"product_tag","embeddable":true,"href":"https:\/\/teiaeducation.ch\/de\/wp-json\/wp\/v2\/product_tag?post=60999"}],"curies":[{"name":"wp","href":"https:\/\/api.w.org\/{rel}","templated":true}]}}