{"id":61019,"date":"2021-12-03T14:24:06","date_gmt":"2021-12-03T13:24:06","guid":{"rendered":"https:\/\/teiaeducation.ch\/product\/vertikales-vier-jahreszeiten-puzzleset-rolf\/"},"modified":"2025-01-27T13:47:15","modified_gmt":"2025-01-27T12:47:15","slug":"vertikales-vier-jahreszeiten-puzzleset-rolf","status":"publish","type":"product","link":"https:\/\/teiaeducation.ch\/de\/produkt\/vertikales-vier-jahreszeiten-puzzleset-rolf\/","title":{"rendered":"Vier Jahreszeiten Vertikal Puzzleset &#8211; Rolf"},"content":{"rendered":"<p>Rolf&#8217;s Vier <a href=\"https:\/\/teiaeducation.ch\/product-category\/learning-themes\/culture-science\/seasons-weather\/\">Jahreszeiten<\/a> Vertikal Puzzleset\u00a0ist ein <a href=\"https:\/\/teiaeducation.ch\/product-category\/education-method\/the-montessori-pedagogy-materials-toys\/\">Montessori<\/a> Set mit 4 magnetischen Puzzles, die Kindern spielerisch die <a href=\"https:\/\/teiaeducation.ch\/product-category\/play\/nature-play\/\">Natur<\/a> n\u00e4her bringen. Es wurde sorgf\u00e4ltig entwickelt, um die Entwicklungs- und Lernbed\u00fcrfnisse von Kindern auf spielerische Weise zu erf\u00fcllen.<\/p>\n<p>Dieses sch\u00f6ne und fesselnde Puzzleset zeigt die Ver\u00e4nderungen von Jahreszeiten, darunter ein Baum und seine Umgebung, von Jahreszeit zu Jahreszeit.<\/p>\n<p>Die Kinder werden die Ver\u00e4nderungen in den einzelnen Umgebungen im Laufe der Jahreszeiten verfolgen, w\u00e4hrend sie die vertikalen Puzzles vervollst\u00e4ndigen. Sie werden beobachten, wie jeder Baum im <a href=\"https:\/\/teiaeducation.ch\/product-category\/seasonal-collections\/spring-collection\/\">Fr\u00fchling<\/a>, <a href=\"https:\/\/teiaeducation.ch\/product-category\/seasonal-collections\/summer-collection\/\">Sommer<\/a>, <a href=\"https:\/\/teiaeducation.ch\/product-category\/seasonal-collections\/autumn-collection\/\">Herbst<\/a> und <a href=\"https:\/\/teiaeducation.ch\/product-category\/seasonal-collections\/winter-collection\/\">Winter<\/a> aussieht. Beim L\u00f6sen der R\u00e4tsel entwickeln die Kinder ihre kognitiven F\u00e4higkeiten, ihr kritisches Denken und ihre Probleml\u00f6sungskompetenz und lernen spielerisch etwas \u00fcber die Natur!<\/p>\n<p>Die Kinder werden ermutigt, die Gegenst\u00e4nde auf den einzelnen Puzzles zu benennen, aber auch zu wissen, wo sie in die Jahreszeiten geh\u00f6ren! Zusammen zeigen die vier Puzzles eine sch\u00f6ne Szene der vier Jahreszeiten.<\/p>\n<p>Dieses sch\u00f6ne und ansprechende Holzpuzzle im Montessori-Stil besteht aus 4 Holzst\u00e4ndern, 4 Magnettafeln, 4 Puzzles mit je 12 magnetischen Puzzlekarten und 4 L\u00f6sungskarten aus Kunststoff.<\/p>\n<p>Das Rolf Vier Jahreszeiten Vertikal Puzzleset ist f\u00fcr Kinder ab 5 Jahren geeignet.<\/p>\n<p>Inhalt:<\/p>\n<p>4 Holzst\u00e4nder mit Schlitz<br \/>\n4 Magnettafeln (24 x 18cm)<br \/>\n48 magnetische Puzzlekarten<br \/>\n4 Plastik-L\u00f6sungskarten<\/p>\n<h2>Uber Rolf<\/h2>\n<p>Die Niederl\u00e4ndische Marke <a href=\"https:\/\/teiaeducation.ch\/product-category\/brands\/rolf\/\">Rolf<\/a> arbeitet eng mit Lehrern und Bildungsexperten zusammen, um Produkte zu entwickeln, die die Entwicklung der Kinder f\u00f6rdern, ihr Wissen und ihre F\u00e4higkeiten verbessern und die Ziele der Lehrer unterst\u00fctzen.<\/p>\n<p>Jedes p\u00e4dagogische Rolf-Produkt bietet ein komplettes Sortiment an Entwicklungsbausteinen\u201c f\u00fcr das kindliche Gehirn und f\u00f6rdert <a href=\"https:\/\/teiaeducation.ch\/product-category\/hgh-quality-toys-play\/\">spiel<\/a>erisch verschiedene F\u00e4higkeiten wie <a href=\"https:\/\/teiaeducation.ch\/product-category\/learning-themes\/mathematics-numeracy\/\">Mathematik<\/a>, <a href=\"https:\/\/teiaeducation.ch\/product-category\/learning-themes\/literacy-language\/\">Sprache<\/a>, <a href=\"https:\/\/teiaeducation.ch\/product-category\/creative-art-craft\/\">Kreativit\u00e4t<\/a>, Motorik und sogar Selbstvertrauen.<\/p>\n<p>Rolfs originelle und unverwechselbare <a href=\"https:\/\/teiaeducation.ch\/product-category\/learning-themes\/\">Unterrichtsmaterialien<\/a> sind an ihren robusten Materialien, lebhaften Farben und ansprechenden Illustrationen zu erkennen. Kinder werden die wunderbaren Lern- und Spielprodukte lieben, von den lustigen und herausfordernden Puzzles, die das Lernen zum Leben erwecken, bis hin zu den robusten und farbenfrohen <a href=\"https:\/\/teiaeducation.ch\/product-category\/hgh-quality-toys-play\/outdoor-toys\/\">Outdoor<\/a>&#8211; und <a href=\"https:\/\/teiaeducation.ch\/product-category\/hgh-quality-toys-play\/sand-toys\/\">Sandspielzeugen<\/a>, die perfekt f\u00fcr den Strand oder den Sandkasten sind.<\/p>\n<p>Jedes Rolf-Produkt wird in den Niederlanden entworfen und nachhaltig hergestellt. Das garantiert hochwertige Produkte, die sicher und langlebig sind und stundenlanges Spielen und Lernen erm\u00f6glichen. Alle Rolf-Produkte sind nach den Europ\u00e4ischen Sicherheitsvorschriften getestet und wurden von den Kindern selbst ausgiebig gepr\u00fcft und f\u00fcr gut befunden, da sie viel Spa\u00df beim Spielen machen und echte Lernm\u00f6glichkeiten bieten.<\/p>\n","protected":false},"excerpt":{"rendered":"<p>Artikelnummer: <span data-sheets-value=\"{\" data-sheets-userformat=\"{\">220.3008<\/span><\/p>\n<p>Vier Jahreszeiten Vertikal Puzzleset vom Rolf enth\u00e4lt 4 Puzzles, die die Ver\u00e4nderungen eines Baumes und seiner Umgebung von Jahreszeit zu Jahreszeit zeigen!<\/p>\n","protected":false},"featured_media":42478,"comment_status":"open","ping_status":"closed","template":"","meta":[],"product_brand":[],"product_cat":[21445,21446,21479,21670,21464,21521,21510,21518,21509,21481,22182,21559,21443,21563,21660,22362,21557,23636,21678,21482,21564,22363],"product_tag":[27821,29210,29213,29217,29036,29186,29215,29212,29172,29214,29173,29216,29211],"class_list":{"0":"post-61019","1":"product","2":"type-product","3":"status-publish","4":"has-post-thumbnail","6":"product_cat-3-6-jahre-vorschule","7":"product_cat-6-12-jahre-grundschule","8":"product_cat-lernmaterialien-spielzeug-montessori-waldorf-steiner-froebel","9":"product_cat-fruehjahrskollektion","10":"product_cat-herbstkollektion","11":"product_cat-jahreszeiten-wetter","12":"product_cat-kultur-wissenschaft","13":"product_cat-lebenszyklen","14":"product_cat-lernthemen","15":"product_cat-montessori-paedagogik-material-spielzeug","16":"product_cat-montessori-spielzeug","17":"product_cat-motorische-fertigkeiten","18":"product_cat-nach-alter","19":"product_cat-neuheiten","20":"product_cat-rolf-de","21":"product_cat-saisonale-kollektionen","22":"product_cat-sensorische-motorische-fertigkeiten","23":"product_cat-sommer-kollektion","24":"product_cat-kinder-spielzeug","25":"product_cat-traditionelle-bildung","26":"product_cat-unsere-marken","27":"product_cat-winter-kollektion","28":"product_tag-baum-puzzle","29":"product_tag-ebenen-puzzles","30":"product_tag-lebenszyklus-puzzles","31":"product_tag-magnetische-puzzles-fur-vier-jahreszeiten","32":"product_tag-montessori-puzzles-de","33":"product_tag-padagogische-puzzles","34":"product_tag-padagogische-puzzlespiele","35":"product_tag-puzzle-der-wachstumsschicht-von-baumen","36":"product_tag-puzzles-aus-holz-de","37":"product_tag-puzzles-fur-kinder","38":"product_tag-rolf-puzzles-de","39":"product_tag-vertikales-vier-jahreszeiten-puzzleset-rolf","40":"product_tag-wachstum-puzzlesteine","42":"first","43":"instock","44":"taxable","45":"shipping-taxable","46":"purchasable","47":"product-type-simple"},"yoast_head":"<!-- This site is optimized with the Yoast SEO plugin v27.1.1 - https:\/\/yoast.com\/product\/yoast-seo-wordpress\/ -->\n<title>Vier Jahreszeiten Vertikal Puzzleset - Rolf<\/title>\n<meta name=\"description\" content=\"Vier Jahreszeiten Vertikal Puzzleset vom Rolf enth\u00e4lt 4 Puzzles, die die Ver\u00e4nderungen eines Baumes und seiner Umgebung von Jahreszeit zu Jahreszeit zeigen.\" \/>\n<meta name=\"robots\" content=\"index, follow, max-snippet:-1, max-image-preview:large, max-video-preview:-1\" \/>\n<link rel=\"canonical\" href=\"https:\/\/teiaeducation.ch\/de\/produkt\/vertikales-vier-jahreszeiten-puzzleset-rolf\/\" \/>\n<meta property=\"og:locale\" content=\"de_DE\" \/>\n<meta property=\"og:type\" content=\"article\" \/>\n<meta property=\"og:title\" content=\"Vier Jahreszeiten Vertikal Puzzleset - Rolf\" \/>\n<meta property=\"og:description\" content=\"Vier Jahreszeiten Vertikal Puzzleset vom Rolf enth\u00e4lt 4 Puzzles, die die Ver\u00e4nderungen eines Baumes und seiner Umgebung von Jahreszeit zu Jahreszeit zeigen.\" \/>\n<meta property=\"og:url\" content=\"https:\/\/teiaeducation.ch\/de\/produkt\/vertikales-vier-jahreszeiten-puzzleset-rolf\/\" \/>\n<meta property=\"og:site_name\" content=\"Sustainable Educational Products &amp; Ecological Toys\u00a0\" \/>\n<meta property=\"article:publisher\" content=\"https:\/\/www.facebook.com\/teiaeducation\/\" \/>\n<meta property=\"article:modified_time\" content=\"2025-01-27T12:47:15+00:00\" \/>\n<meta property=\"og:image\" content=\"https:\/\/teiaeducation.ch\/wp-content\/uploads\/2021\/12\/Four-seasons-vertical-puzzle-set-Rolf-.jpg\" \/>\n\t<meta property=\"og:image:width\" content=\"644\" \/>\n\t<meta property=\"og:image:height\" content=\"595\" \/>\n\t<meta property=\"og:image:type\" content=\"image\/jpeg\" \/>\n<script type=\"application\/ld+json\" class=\"yoast-schema-graph\">{\"@context\":\"https:\/\/schema.org\",\"@graph\":[{\"@type\":\"WebPage\",\"@id\":\"https:\/\/teiaeducation.ch\/de\/produkt\/vertikales-vier-jahreszeiten-puzzleset-rolf\/\",\"url\":\"https:\/\/teiaeducation.ch\/de\/produkt\/vertikales-vier-jahreszeiten-puzzleset-rolf\/\",\"name\":\"Vier Jahreszeiten Vertikal Puzzleset - Rolf\",\"isPartOf\":{\"@id\":\"https:\/\/teiaeducation.ch\/de\/#website\"},\"primaryImageOfPage\":{\"@id\":\"https:\/\/teiaeducation.ch\/de\/produkt\/vertikales-vier-jahreszeiten-puzzleset-rolf\/#primaryimage\"},\"image\":{\"@id\":\"https:\/\/teiaeducation.ch\/de\/produkt\/vertikales-vier-jahreszeiten-puzzleset-rolf\/#primaryimage\"},\"thumbnailUrl\":\"https:\/\/teiaeducation.ch\/wp-content\/uploads\/2021\/12\/Four-seasons-vertical-puzzle-set-Rolf-.jpg\",\"datePublished\":\"2021-12-03T13:24:06+00:00\",\"dateModified\":\"2025-01-27T12:47:15+00:00\",\"description\":\"Vier Jahreszeiten Vertikal Puzzleset vom Rolf enth\u00e4lt 4 Puzzles, die die Ver\u00e4nderungen eines Baumes und seiner Umgebung von Jahreszeit zu Jahreszeit zeigen.\",\"breadcrumb\":{\"@id\":\"https:\/\/teiaeducation.ch\/de\/produkt\/vertikales-vier-jahreszeiten-puzzleset-rolf\/#breadcrumb\"},\"inLanguage\":\"de-CH\",\"potentialAction\":[{\"@type\":\"ReadAction\",\"target\":[\"https:\/\/teiaeducation.ch\/de\/produkt\/vertikales-vier-jahreszeiten-puzzleset-rolf\/\"]}]},{\"@type\":\"ImageObject\",\"inLanguage\":\"de-CH\",\"@id\":\"https:\/\/teiaeducation.ch\/de\/produkt\/vertikales-vier-jahreszeiten-puzzleset-rolf\/#primaryimage\",\"url\":\"https:\/\/teiaeducation.ch\/wp-content\/uploads\/2021\/12\/Four-seasons-vertical-puzzle-set-Rolf-.jpg\",\"contentUrl\":\"https:\/\/teiaeducation.ch\/wp-content\/uploads\/2021\/12\/Four-seasons-vertical-puzzle-set-Rolf-.jpg\",\"width\":644,\"height\":595,\"caption\":\"Vertikales Vier Jahreszeiten Puzzleset - Rolf\"},{\"@type\":\"BreadcrumbList\",\"@id\":\"https:\/\/teiaeducation.ch\/de\/produkt\/vertikales-vier-jahreszeiten-puzzleset-rolf\/#breadcrumb\",\"itemListElement\":[{\"@type\":\"ListItem\",\"position\":1,\"name\":\"Home\",\"item\":\"https:\/\/teiaeducation.ch\/de\/\"},{\"@type\":\"ListItem\",\"position\":2,\"name\":\"Laden\",\"item\":\"https:\/\/teiaeducation.ch\/de\/shop\/\"},{\"@type\":\"ListItem\",\"position\":3,\"name\":\"Unsere Marken\",\"item\":\"https:\/\/teiaeducation.ch\/de\/produkt-kategorie\/unsere-marken\/\"},{\"@type\":\"ListItem\",\"position\":4,\"name\":\"Rolf\",\"item\":\"https:\/\/teiaeducation.ch\/de\/produkt-kategorie\/unsere-marken\/rolf-de\/\"},{\"@type\":\"ListItem\",\"position\":5,\"name\":\"Vier Jahreszeiten Vertikal Puzzleset &#8211; Rolf\"}]},{\"@type\":\"WebSite\",\"@id\":\"https:\/\/teiaeducation.ch\/de\/#website\",\"url\":\"https:\/\/teiaeducation.ch\/de\/\",\"name\":\"Sustainable Educational Products &amp; Ecological Toys\u00a0\",\"description\":\"Specialised Swiss shop selling sustainable educational toys and games, AMI certified Montessori materials, handmade ecological wooden Waldorf toys and arts &amp; crafts supplies, school supplies, children&#039;s furniture and Montessori reference and parenting books.\",\"publisher\":{\"@id\":\"https:\/\/teiaeducation.ch\/de\/#organization\"},\"alternateName\":\"Teia Education & Play\",\"potentialAction\":[{\"@type\":\"SearchAction\",\"target\":{\"@type\":\"EntryPoint\",\"urlTemplate\":\"https:\/\/teiaeducation.ch\/de\/?s={search_term_string}\"},\"query-input\":{\"@type\":\"PropertyValueSpecification\",\"valueRequired\":true,\"valueName\":\"search_term_string\"}}],\"inLanguage\":\"de-CH\"},{\"@type\":\"Organization\",\"@id\":\"https:\/\/teiaeducation.ch\/de\/#organization\",\"name\":\"Teia Education & Play\",\"url\":\"https:\/\/teiaeducation.ch\/de\/\",\"logo\":{\"@type\":\"ImageObject\",\"inLanguage\":\"de-CH\",\"@id\":\"https:\/\/teiaeducation.ch\/de\/#\/schema\/logo\/image\/\",\"url\":\"https:\/\/teiaeducation.ch\/wp-content\/uploads\/2020\/11\/Teia-Education-Switzerland-e1620156442216.jpg\",\"contentUrl\":\"https:\/\/teiaeducation.ch\/wp-content\/uploads\/2020\/11\/Teia-Education-Switzerland-e1620156442216.jpg\",\"width\":166,\"height\":145,\"caption\":\"Teia Education & Play\"},\"image\":{\"@id\":\"https:\/\/teiaeducation.ch\/de\/#\/schema\/logo\/image\/\"},\"sameAs\":[\"https:\/\/www.facebook.com\/teiaeducation\/\",\"https:\/\/x.com\/EducationTeia\",\"https:\/\/www.instagram.com\/teia.education\/\",\"https:\/\/www.linkedin.com\/company\/35501660\",\"https:\/\/www.pinterest.ch\/TeiaEducation\/\"]}]}<\/script>\n<!-- \/ Yoast SEO plugin. -->","yoast_head_json":{"title":"Vier Jahreszeiten Vertikal Puzzleset - Rolf","description":"Vier Jahreszeiten Vertikal Puzzleset vom Rolf enth\u00e4lt 4 Puzzles, die die Ver\u00e4nderungen eines Baumes und seiner Umgebung von Jahreszeit zu Jahreszeit zeigen.","robots":{"index":"index","follow":"follow","max-snippet":"max-snippet:-1","max-image-preview":"max-image-preview:large","max-video-preview":"max-video-preview:-1"},"canonical":"https:\/\/teiaeducation.ch\/de\/produkt\/vertikales-vier-jahreszeiten-puzzleset-rolf\/","og_locale":"de_DE","og_type":"article","og_title":"Vier Jahreszeiten Vertikal Puzzleset - Rolf","og_description":"Vier Jahreszeiten Vertikal Puzzleset vom Rolf enth\u00e4lt 4 Puzzles, die die Ver\u00e4nderungen eines Baumes und seiner Umgebung von Jahreszeit zu Jahreszeit zeigen.","og_url":"https:\/\/teiaeducation.ch\/de\/produkt\/vertikales-vier-jahreszeiten-puzzleset-rolf\/","og_site_name":"Sustainable Educational Products &amp; Ecological Toys\u00a0","article_publisher":"https:\/\/www.facebook.com\/teiaeducation\/","article_modified_time":"2025-01-27T12:47:15+00:00","og_image":[{"width":644,"height":595,"url":"https:\/\/teiaeducation.ch\/wp-content\/uploads\/2021\/12\/Four-seasons-vertical-puzzle-set-Rolf-.jpg","type":"image\/jpeg"}],"schema":{"@context":"https:\/\/schema.org","@graph":[{"@type":"WebPage","@id":"https:\/\/teiaeducation.ch\/de\/produkt\/vertikales-vier-jahreszeiten-puzzleset-rolf\/","url":"https:\/\/teiaeducation.ch\/de\/produkt\/vertikales-vier-jahreszeiten-puzzleset-rolf\/","name":"Vier Jahreszeiten Vertikal Puzzleset - Rolf","isPartOf":{"@id":"https:\/\/teiaeducation.ch\/de\/#website"},"primaryImageOfPage":{"@id":"https:\/\/teiaeducation.ch\/de\/produkt\/vertikales-vier-jahreszeiten-puzzleset-rolf\/#primaryimage"},"image":{"@id":"https:\/\/teiaeducation.ch\/de\/produkt\/vertikales-vier-jahreszeiten-puzzleset-rolf\/#primaryimage"},"thumbnailUrl":"https:\/\/teiaeducation.ch\/wp-content\/uploads\/2021\/12\/Four-seasons-vertical-puzzle-set-Rolf-.jpg","datePublished":"2021-12-03T13:24:06+00:00","dateModified":"2025-01-27T12:47:15+00:00","description":"Vier Jahreszeiten Vertikal Puzzleset vom Rolf enth\u00e4lt 4 Puzzles, die die Ver\u00e4nderungen eines Baumes und seiner Umgebung von Jahreszeit zu Jahreszeit zeigen.","breadcrumb":{"@id":"https:\/\/teiaeducation.ch\/de\/produkt\/vertikales-vier-jahreszeiten-puzzleset-rolf\/#breadcrumb"},"inLanguage":"de-CH","potentialAction":[{"@type":"ReadAction","target":["https:\/\/teiaeducation.ch\/de\/produkt\/vertikales-vier-jahreszeiten-puzzleset-rolf\/"]}]},{"@type":"ImageObject","inLanguage":"de-CH","@id":"https:\/\/teiaeducation.ch\/de\/produkt\/vertikales-vier-jahreszeiten-puzzleset-rolf\/#primaryimage","url":"https:\/\/teiaeducation.ch\/wp-content\/uploads\/2021\/12\/Four-seasons-vertical-puzzle-set-Rolf-.jpg","contentUrl":"https:\/\/teiaeducation.ch\/wp-content\/uploads\/2021\/12\/Four-seasons-vertical-puzzle-set-Rolf-.jpg","width":644,"height":595,"caption":"Vertikales Vier Jahreszeiten Puzzleset - Rolf"},{"@type":"BreadcrumbList","@id":"https:\/\/teiaeducation.ch\/de\/produkt\/vertikales-vier-jahreszeiten-puzzleset-rolf\/#breadcrumb","itemListElement":[{"@type":"ListItem","position":1,"name":"Home","item":"https:\/\/teiaeducation.ch\/de\/"},{"@type":"ListItem","position":2,"name":"Laden","item":"https:\/\/teiaeducation.ch\/de\/shop\/"},{"@type":"ListItem","position":3,"name":"Unsere Marken","item":"https:\/\/teiaeducation.ch\/de\/produkt-kategorie\/unsere-marken\/"},{"@type":"ListItem","position":4,"name":"Rolf","item":"https:\/\/teiaeducation.ch\/de\/produkt-kategorie\/unsere-marken\/rolf-de\/"},{"@type":"ListItem","position":5,"name":"Vier Jahreszeiten Vertikal Puzzleset &#8211; Rolf"}]},{"@type":"WebSite","@id":"https:\/\/teiaeducation.ch\/de\/#website","url":"https:\/\/teiaeducation.ch\/de\/","name":"Sustainable Educational Products &amp; Ecological Toys\u00a0","description":"Specialised Swiss shop selling sustainable educational toys and games, AMI certified Montessori materials, handmade ecological wooden Waldorf toys and arts &amp; crafts supplies, school supplies, children&#039;s furniture and Montessori reference and parenting books.","publisher":{"@id":"https:\/\/teiaeducation.ch\/de\/#organization"},"alternateName":"Teia Education & Play","potentialAction":[{"@type":"SearchAction","target":{"@type":"EntryPoint","urlTemplate":"https:\/\/teiaeducation.ch\/de\/?s={search_term_string}"},"query-input":{"@type":"PropertyValueSpecification","valueRequired":true,"valueName":"search_term_string"}}],"inLanguage":"de-CH"},{"@type":"Organization","@id":"https:\/\/teiaeducation.ch\/de\/#organization","name":"Teia Education & Play","url":"https:\/\/teiaeducation.ch\/de\/","logo":{"@type":"ImageObject","inLanguage":"de-CH","@id":"https:\/\/teiaeducation.ch\/de\/#\/schema\/logo\/image\/","url":"https:\/\/teiaeducation.ch\/wp-content\/uploads\/2020\/11\/Teia-Education-Switzerland-e1620156442216.jpg","contentUrl":"https:\/\/teiaeducation.ch\/wp-content\/uploads\/2020\/11\/Teia-Education-Switzerland-e1620156442216.jpg","width":166,"height":145,"caption":"Teia Education & Play"},"image":{"@id":"https:\/\/teiaeducation.ch\/de\/#\/schema\/logo\/image\/"},"sameAs":["https:\/\/www.facebook.com\/teiaeducation\/","https:\/\/x.com\/EducationTeia","https:\/\/www.instagram.com\/teia.education\/","https:\/\/www.linkedin.com\/company\/35501660","https:\/\/www.pinterest.ch\/TeiaEducation\/"]}]}},"_links":{"self":[{"href":"https:\/\/teiaeducation.ch\/de\/wp-json\/wp\/v2\/product\/61019","targetHints":{"allow":["GET"]}}],"collection":[{"href":"https:\/\/teiaeducation.ch\/de\/wp-json\/wp\/v2\/product"}],"about":[{"href":"https:\/\/teiaeducation.ch\/de\/wp-json\/wp\/v2\/types\/product"}],"replies":[{"embeddable":true,"href":"https:\/\/teiaeducation.ch\/de\/wp-json\/wp\/v2\/comments?post=61019"}],"wp:featuredmedia":[{"embeddable":true,"href":"https:\/\/teiaeducation.ch\/de\/wp-json\/wp\/v2\/media\/42478"}],"wp:attachment":[{"href":"https:\/\/teiaeducation.ch\/de\/wp-json\/wp\/v2\/media?parent=61019"}],"wp:term":[{"taxonomy":"product_brand","embeddable":true,"href":"https:\/\/teiaeducation.ch\/de\/wp-json\/wp\/v2\/product_brand?post=61019"},{"taxonomy":"product_cat","embeddable":true,"href":"https:\/\/teiaeducation.ch\/de\/wp-json\/wp\/v2\/product_cat?post=61019"},{"taxonomy":"product_tag","embeddable":true,"href":"https:\/\/teiaeducation.ch\/de\/wp-json\/wp\/v2\/product_tag?post=61019"}],"curies":[{"name":"wp","href":"https:\/\/api.w.org\/{rel}","templated":true}]}}