{"id":61020,"date":"2021-12-03T14:24:02","date_gmt":"2021-12-03T13:24:02","guid":{"rendered":"https:\/\/teiaeducation.ch\/product\/lagenpuzzle-ein-baum-durch-die-jahreszeiten-rolf\/"},"modified":"2024-09-20T13:49:23","modified_gmt":"2024-09-20T11:49:23","slug":"lagenpuzzle-ein-baum-durch-die-jahreszeiten-rolf","status":"publish","type":"product","link":"https:\/\/teiaeducation.ch\/de\/produkt\/lagenpuzzle-ein-baum-durch-die-jahreszeiten-rolf\/","title":{"rendered":"Lagenpuzzle ein Baum durch die Jahreszeiten &#8211; Rolf"},"content":{"rendered":"<p>Rolf&#8217;s Lagenpuzzle ein Baum durch die <a href=\"https:\/\/teiaeducation.ch\/product-category\/learning-themes\/culture-science\/seasons-weather\/\">Jahreszeiten<\/a> ist ein vierlagiges Wachstumspuzzle aus Holz im <a href=\"https:\/\/teiaeducation.ch\/product-category\/education-method\/the-montessori-pedagogy-materials-toys\/\">Montessori<\/a>-Stil, das Kindern spielerisch die <a href=\"https:\/\/teiaeducation.ch\/product-category\/hgh-quality-toys-play\/nature-play\/\">Natur<\/a> n\u00e4her bringt. Es wurde sorgf\u00e4ltig entwickelt, um die Entwicklungs- und Lernbed\u00fcrfnisse von Kindern auf spielerische Weise zu erf\u00fcllen.<\/p>\n<p>Dieses sch\u00f6ne und fesselnde Puzzle aus vier Schichten zeigt den Wachstums- oder <a href=\"https:\/\/teiaeducation.ch\/product-category\/learning-themes\/culture-science\/life-cycles\/\">Lebenszyklus<\/a> eines Baumes von Jahreszeit zu Jahreszeit.<\/p>\n<p>Die Kinder verfolgen das Wachstum eines Baumes im Laufe der Jahreszeiten, w\u00e4hrend sie die vier Schichten des Puzzles vervollst\u00e4ndigen. Sie werden beobachten, wie derselbe Baum im <a href=\"https:\/\/teiaeducation.ch\/product-category\/seasonal-collections\/spring-collection\/\">Fr\u00fchling<\/a>, <a href=\"https:\/\/teiaeducation.ch\/product-category\/seasonal-collections\/summer-collection\/\">Sommer<\/a>, <a href=\"https:\/\/teiaeducation.ch\/product-category\/seasonal-collections\/autumn-collection\/\">Herbst<\/a> und <a href=\"https:\/\/teiaeducation.ch\/product-category\/seasonal-collections\/winter-collection\/\">Winter<\/a> in jedem der 4 Puzzles aussieht. Beim Zusammensetzen des Puzzles entwickeln die Kinder ihre kognitiven F\u00e4higkeiten, ihr kritisches Denken und ihre Probleml\u00f6sungskompetenz und lernen spielerisch etwas \u00fcber die Natur!<\/p>\n<p>Dieses sch\u00f6ne und ansprechende <a href=\"https:\/\/teiaeducation.ch\/product-category\/play\/wooden-puzzles\/\">Holzpuzzle<\/a> wird in einem 28 x 28 cm gro\u00dfen Holzrahmen mit insgesamt 36 Teilen geliefert. Diese bestehen aus vier 9-teiligen Puzzles, die im Rahmen \u00fcbereinander liegen.<\/p>\n<p>Das Rolf Lagenpuzzle ein Baum durch die Jahreszeiten ist f\u00fcr Kinder ab 5 Jahren geeignet.<\/p>\n<p>Inhalt:<\/p>\n<p>1 Holzrahmen<br \/>\n36 Puzzleteile<\/p>\n<h2>Uber Rolf<\/h2>\n<p>Die Niederl\u00e4ndische Marke <a href=\"https:\/\/teiaeducation.ch\/product-category\/brands\/rolf\/\">Rolf<\/a> arbeitet eng mit Lehrern und Bildungsexperten zusammen, um Produkte zu entwickeln, die die Entwicklung der Kinder f\u00f6rdern, ihr Wissen und ihre F\u00e4higkeiten verbessern und die Ziele der Lehrer unterst\u00fctzen.<\/p>\n<p>Jedes p\u00e4dagogische Rolf-Produkt bietet ein komplettes Sortiment an Entwicklungsbausteinen\u201c f\u00fcr das kindliche Gehirn und f\u00f6rdert <a href=\"https:\/\/teiaeducation.ch\/product-category\/hgh-quality-toys-play\/\">spiel<\/a>erisch verschiedene F\u00e4higkeiten wie <a href=\"https:\/\/teiaeducation.ch\/product-category\/learning-themes\/mathematics-numeracy\/\">Mathematik<\/a>, <a href=\"https:\/\/teiaeducation.ch\/product-category\/learning-themes\/literacy-language\/\">Sprache<\/a>, <a href=\"https:\/\/teiaeducation.ch\/product-category\/creative-art-craft\/\">Kreativit\u00e4t<\/a>, Motorik und sogar Selbstvertrauen.<\/p>\n<p>Rolfs originelle und unverwechselbare <a href=\"https:\/\/teiaeducation.ch\/product-category\/learning-themes\/\">Unterrichtsmaterialien<\/a> sind an ihren robusten Materialien, lebhaften Farben und ansprechenden Illustrationen zu erkennen. Kinder werden die wunderbaren Lern- und Spielprodukte lieben, von den lustigen und herausfordernden Puzzles, die das Lernen zum Leben erwecken, bis hin zu den robusten und farbenfrohen <a href=\"https:\/\/teiaeducation.ch\/product-category\/hgh-quality-toys-play\/outdoor-toys\/\">Outdoor<\/a>&#8211; und <a href=\"https:\/\/teiaeducation.ch\/product-category\/hgh-quality-toys-play\/sand-toys\/\">Sandspielzeugen<\/a>, die perfekt f\u00fcr den Strand oder den Sandkasten sind.<\/p>\n<p>Jedes Rolf-Produkt wird in den Niederlanden entworfen und nachhaltig hergestellt. Das garantiert hochwertige Produkte, die sicher und langlebig sind und stundenlanges Spielen und Lernen erm\u00f6glichen. Alle Rolf-Produkte sind nach den Europ\u00e4ischen Sicherheitsvorschriften getestet und wurden von den Kindern selbst ausgiebig gepr\u00fcft und f\u00fcr gut befunden, da sie viel Spa\u00df beim Spielen machen und echte Lernm\u00f6glichkeiten bieten.<\/p>\n","protected":false},"excerpt":{"rendered":"<p>Artikelnummer: 220.3559<\/p>\n<p>Rolf&#8217;s Lagenpuzzle ein Baum durch die Jahreszeiten ist ein Puzzle aus Holz im Montessori-stil, das Kindern die Jahreszeiten und die Natur n\u00e4her bringt.<\/p>\n","protected":false},"featured_media":60232,"comment_status":"open","ping_status":"closed","template":"","meta":[],"product_brand":[],"product_cat":[21445,21446,23651,21479,21512,21670,21491,21484,22422,21464,21707,21521,21510,21518,21509,21481,22182,21559,21443,21563,21660,22362,21494,21495,21557,23636,21678,21482,21564,22363],"product_tag":[27821,29210,29219,29220,29218,29213,29036,29186,29215,29212,29172,29214,29173,29211],"class_list":{"0":"post-61020","1":"product","2":"type-product","3":"status-publish","4":"has-post-thumbnail","6":"product_cat-3-6-jahre-vorschule","7":"product_cat-6-12-jahre-grundschule","8":"product_cat-back-to-school-de","9":"product_cat-lernmaterialien-spielzeug-montessori-waldorf-steiner-froebel","10":"product_cat-botanik","11":"product_cat-fruehjahrskollektion","12":"product_cat-geschenk-guide-lerngeschenke","13":"product_cat-geschenk-guides","14":"product_cat-geschenke-fuer-das-osterkoerbchen","15":"product_cat-herbstkollektion","16":"product_cat-holzpuzzles","17":"product_cat-jahreszeiten-wetter","18":"product_cat-kultur-wissenschaft","19":"product_cat-lebenszyklen","20":"product_cat-lernthemen","21":"product_cat-montessori-paedagogik-material-spielzeug","22":"product_cat-montessori-spielzeug","23":"product_cat-motorische-fertigkeiten","24":"product_cat-nach-alter","25":"product_cat-neuheiten","26":"product_cat-rolf-de","27":"product_cat-saisonale-kollektionen","28":"product_cat-schulbedarf-fuer-zuhause","29":"product_cat-schulbedarf-fuer-zuhause-3-6-jahre","30":"product_cat-sensorische-motorische-fertigkeiten","31":"product_cat-sommer-kollektion","32":"product_cat-kinder-spielzeug","33":"product_cat-traditionelle-bildung","34":"product_cat-unsere-marken","35":"product_cat-winter-kollektion","36":"product_tag-baum-puzzle","37":"product_tag-ebenen-puzzles","38":"product_tag-lagenpuzzle-ein-baum-durch-die-jahreszeiten","39":"product_tag-lagenpuzzle-ein-baum-durch-die-jahreszeiten-aus-holz","40":"product_tag-lagenpuzzle-ein-baum-durch-die-jahreszeiten-rolf","41":"product_tag-lebenszyklus-puzzles","42":"product_tag-montessori-puzzles-de","43":"product_tag-padagogische-puzzles","44":"product_tag-padagogische-puzzlespiele","45":"product_tag-puzzle-der-wachstumsschicht-von-baumen","46":"product_tag-puzzles-aus-holz-de","47":"product_tag-puzzles-fur-kinder","48":"product_tag-rolf-puzzles-de","49":"product_tag-wachstum-puzzlesteine","51":"first","52":"instock","53":"taxable","54":"shipping-taxable","55":"purchasable","56":"product-type-simple"},"yoast_head":"<!-- This site is optimized with the Yoast SEO plugin v27.1.1 - https:\/\/yoast.com\/product\/yoast-seo-wordpress\/ -->\n<title>Lagenpuzzle ein Baum durch die Jahreszeiten - Rolf<\/title>\n<meta name=\"description\" content=\"Rolf&#039;s Lagenpuzzle ein Baum durch die Jahreszeiten ist ein Puzzle aus Holz im Montessori-stil, das Kindern die Jahreszeiten und die Natur n\u00e4her bringt.\" \/>\n<meta name=\"robots\" content=\"index, follow, max-snippet:-1, max-image-preview:large, max-video-preview:-1\" \/>\n<link rel=\"canonical\" href=\"https:\/\/teiaeducation.ch\/de\/produkt\/lagenpuzzle-ein-baum-durch-die-jahreszeiten-rolf\/\" \/>\n<meta property=\"og:locale\" content=\"de_DE\" \/>\n<meta property=\"og:type\" content=\"article\" \/>\n<meta property=\"og:title\" content=\"Lagenpuzzle ein Baum durch die Jahreszeiten - Rolf\" \/>\n<meta property=\"og:description\" content=\"Rolf&#039;s Lagenpuzzle ein Baum durch die Jahreszeiten ist ein Puzzle aus Holz im Montessori-stil, das Kindern die Jahreszeiten und die Natur n\u00e4her bringt.\" \/>\n<meta property=\"og:url\" content=\"https:\/\/teiaeducation.ch\/de\/produkt\/lagenpuzzle-ein-baum-durch-die-jahreszeiten-rolf\/\" \/>\n<meta property=\"og:site_name\" content=\"Sustainable Educational Products &amp; Ecological Toys\u00a0\" \/>\n<meta property=\"article:publisher\" content=\"https:\/\/www.facebook.com\/teiaeducation\/\" \/>\n<meta property=\"article:modified_time\" content=\"2024-09-20T11:49:23+00:00\" \/>\n<meta property=\"og:image\" content=\"https:\/\/teiaeducation.ch\/wp-content\/uploads\/2021\/09\/Layer-puzzle-a-tree-through-the-seasons-Rolf-2203559-2.png\" \/>\n\t<meta property=\"og:image:width\" content=\"1000\" \/>\n\t<meta property=\"og:image:height\" content=\"980\" \/>\n\t<meta property=\"og:image:type\" content=\"image\/png\" \/>\n<script type=\"application\/ld+json\" class=\"yoast-schema-graph\">{\"@context\":\"https:\/\/schema.org\",\"@graph\":[{\"@type\":\"WebPage\",\"@id\":\"https:\/\/teiaeducation.ch\/de\/produkt\/lagenpuzzle-ein-baum-durch-die-jahreszeiten-rolf\/\",\"url\":\"https:\/\/teiaeducation.ch\/de\/produkt\/lagenpuzzle-ein-baum-durch-die-jahreszeiten-rolf\/\",\"name\":\"Lagenpuzzle ein Baum durch die Jahreszeiten - Rolf\",\"isPartOf\":{\"@id\":\"https:\/\/teiaeducation.ch\/de\/#website\"},\"primaryImageOfPage\":{\"@id\":\"https:\/\/teiaeducation.ch\/de\/produkt\/lagenpuzzle-ein-baum-durch-die-jahreszeiten-rolf\/#primaryimage\"},\"image\":{\"@id\":\"https:\/\/teiaeducation.ch\/de\/produkt\/lagenpuzzle-ein-baum-durch-die-jahreszeiten-rolf\/#primaryimage\"},\"thumbnailUrl\":\"https:\/\/teiaeducation.ch\/wp-content\/uploads\/2021\/09\/Layer-puzzle-a-tree-through-the-seasons-Rolf-2203559-2.png\",\"datePublished\":\"2021-12-03T13:24:02+00:00\",\"dateModified\":\"2024-09-20T11:49:23+00:00\",\"description\":\"Rolf's Lagenpuzzle ein Baum durch die Jahreszeiten ist ein Puzzle aus Holz im Montessori-stil, das Kindern die Jahreszeiten und die Natur n\u00e4her bringt.\",\"breadcrumb\":{\"@id\":\"https:\/\/teiaeducation.ch\/de\/produkt\/lagenpuzzle-ein-baum-durch-die-jahreszeiten-rolf\/#breadcrumb\"},\"inLanguage\":\"de-CH\",\"potentialAction\":[{\"@type\":\"ReadAction\",\"target\":[\"https:\/\/teiaeducation.ch\/de\/produkt\/lagenpuzzle-ein-baum-durch-die-jahreszeiten-rolf\/\"]}]},{\"@type\":\"ImageObject\",\"inLanguage\":\"de-CH\",\"@id\":\"https:\/\/teiaeducation.ch\/de\/produkt\/lagenpuzzle-ein-baum-durch-die-jahreszeiten-rolf\/#primaryimage\",\"url\":\"https:\/\/teiaeducation.ch\/wp-content\/uploads\/2021\/09\/Layer-puzzle-a-tree-through-the-seasons-Rolf-2203559-2.png\",\"contentUrl\":\"https:\/\/teiaeducation.ch\/wp-content\/uploads\/2021\/09\/Layer-puzzle-a-tree-through-the-seasons-Rolf-2203559-2.png\",\"width\":1000,\"height\":980,\"caption\":\"Lagenpuzzle ein Baum durch die Jahreszeiten Rolf\"},{\"@type\":\"BreadcrumbList\",\"@id\":\"https:\/\/teiaeducation.ch\/de\/produkt\/lagenpuzzle-ein-baum-durch-die-jahreszeiten-rolf\/#breadcrumb\",\"itemListElement\":[{\"@type\":\"ListItem\",\"position\":1,\"name\":\"Home\",\"item\":\"https:\/\/teiaeducation.ch\/de\/\"},{\"@type\":\"ListItem\",\"position\":2,\"name\":\"Laden\",\"item\":\"https:\/\/teiaeducation.ch\/de\/shop\/\"},{\"@type\":\"ListItem\",\"position\":3,\"name\":\"Unsere Marken\",\"item\":\"https:\/\/teiaeducation.ch\/de\/produkt-kategorie\/unsere-marken\/\"},{\"@type\":\"ListItem\",\"position\":4,\"name\":\"Rolf\",\"item\":\"https:\/\/teiaeducation.ch\/de\/produkt-kategorie\/unsere-marken\/rolf-de\/\"},{\"@type\":\"ListItem\",\"position\":5,\"name\":\"Lagenpuzzle ein Baum durch die Jahreszeiten &#8211; Rolf\"}]},{\"@type\":\"WebSite\",\"@id\":\"https:\/\/teiaeducation.ch\/de\/#website\",\"url\":\"https:\/\/teiaeducation.ch\/de\/\",\"name\":\"Sustainable Educational Products &amp; Ecological Toys\u00a0\",\"description\":\"Specialised Swiss shop selling sustainable educational toys and games, AMI certified Montessori materials, handmade ecological wooden Waldorf toys and arts &amp; crafts supplies, school supplies, children&#039;s furniture and Montessori reference and parenting books.\",\"publisher\":{\"@id\":\"https:\/\/teiaeducation.ch\/de\/#organization\"},\"alternateName\":\"Teia Education & Play\",\"potentialAction\":[{\"@type\":\"SearchAction\",\"target\":{\"@type\":\"EntryPoint\",\"urlTemplate\":\"https:\/\/teiaeducation.ch\/de\/?s={search_term_string}\"},\"query-input\":{\"@type\":\"PropertyValueSpecification\",\"valueRequired\":true,\"valueName\":\"search_term_string\"}}],\"inLanguage\":\"de-CH\"},{\"@type\":\"Organization\",\"@id\":\"https:\/\/teiaeducation.ch\/de\/#organization\",\"name\":\"Teia Education & Play\",\"url\":\"https:\/\/teiaeducation.ch\/de\/\",\"logo\":{\"@type\":\"ImageObject\",\"inLanguage\":\"de-CH\",\"@id\":\"https:\/\/teiaeducation.ch\/de\/#\/schema\/logo\/image\/\",\"url\":\"https:\/\/teiaeducation.ch\/wp-content\/uploads\/2020\/11\/Teia-Education-Switzerland-e1620156442216.jpg\",\"contentUrl\":\"https:\/\/teiaeducation.ch\/wp-content\/uploads\/2020\/11\/Teia-Education-Switzerland-e1620156442216.jpg\",\"width\":166,\"height\":145,\"caption\":\"Teia Education & Play\"},\"image\":{\"@id\":\"https:\/\/teiaeducation.ch\/de\/#\/schema\/logo\/image\/\"},\"sameAs\":[\"https:\/\/www.facebook.com\/teiaeducation\/\",\"https:\/\/x.com\/EducationTeia\",\"https:\/\/www.instagram.com\/teia.education\/\",\"https:\/\/www.linkedin.com\/company\/35501660\",\"https:\/\/www.pinterest.ch\/TeiaEducation\/\"]}]}<\/script>\n<!-- \/ Yoast SEO plugin. -->","yoast_head_json":{"title":"Lagenpuzzle ein Baum durch die Jahreszeiten - Rolf","description":"Rolf's Lagenpuzzle ein Baum durch die Jahreszeiten ist ein Puzzle aus Holz im Montessori-stil, das Kindern die Jahreszeiten und die Natur n\u00e4her bringt.","robots":{"index":"index","follow":"follow","max-snippet":"max-snippet:-1","max-image-preview":"max-image-preview:large","max-video-preview":"max-video-preview:-1"},"canonical":"https:\/\/teiaeducation.ch\/de\/produkt\/lagenpuzzle-ein-baum-durch-die-jahreszeiten-rolf\/","og_locale":"de_DE","og_type":"article","og_title":"Lagenpuzzle ein Baum durch die Jahreszeiten - Rolf","og_description":"Rolf's Lagenpuzzle ein Baum durch die Jahreszeiten ist ein Puzzle aus Holz im Montessori-stil, das Kindern die Jahreszeiten und die Natur n\u00e4her bringt.","og_url":"https:\/\/teiaeducation.ch\/de\/produkt\/lagenpuzzle-ein-baum-durch-die-jahreszeiten-rolf\/","og_site_name":"Sustainable Educational Products &amp; Ecological Toys\u00a0","article_publisher":"https:\/\/www.facebook.com\/teiaeducation\/","article_modified_time":"2024-09-20T11:49:23+00:00","og_image":[{"width":1000,"height":980,"url":"https:\/\/teiaeducation.ch\/wp-content\/uploads\/2021\/09\/Layer-puzzle-a-tree-through-the-seasons-Rolf-2203559-2.png","type":"image\/png"}],"schema":{"@context":"https:\/\/schema.org","@graph":[{"@type":"WebPage","@id":"https:\/\/teiaeducation.ch\/de\/produkt\/lagenpuzzle-ein-baum-durch-die-jahreszeiten-rolf\/","url":"https:\/\/teiaeducation.ch\/de\/produkt\/lagenpuzzle-ein-baum-durch-die-jahreszeiten-rolf\/","name":"Lagenpuzzle ein Baum durch die Jahreszeiten - Rolf","isPartOf":{"@id":"https:\/\/teiaeducation.ch\/de\/#website"},"primaryImageOfPage":{"@id":"https:\/\/teiaeducation.ch\/de\/produkt\/lagenpuzzle-ein-baum-durch-die-jahreszeiten-rolf\/#primaryimage"},"image":{"@id":"https:\/\/teiaeducation.ch\/de\/produkt\/lagenpuzzle-ein-baum-durch-die-jahreszeiten-rolf\/#primaryimage"},"thumbnailUrl":"https:\/\/teiaeducation.ch\/wp-content\/uploads\/2021\/09\/Layer-puzzle-a-tree-through-the-seasons-Rolf-2203559-2.png","datePublished":"2021-12-03T13:24:02+00:00","dateModified":"2024-09-20T11:49:23+00:00","description":"Rolf's Lagenpuzzle ein Baum durch die Jahreszeiten ist ein Puzzle aus Holz im Montessori-stil, das Kindern die Jahreszeiten und die Natur n\u00e4her bringt.","breadcrumb":{"@id":"https:\/\/teiaeducation.ch\/de\/produkt\/lagenpuzzle-ein-baum-durch-die-jahreszeiten-rolf\/#breadcrumb"},"inLanguage":"de-CH","potentialAction":[{"@type":"ReadAction","target":["https:\/\/teiaeducation.ch\/de\/produkt\/lagenpuzzle-ein-baum-durch-die-jahreszeiten-rolf\/"]}]},{"@type":"ImageObject","inLanguage":"de-CH","@id":"https:\/\/teiaeducation.ch\/de\/produkt\/lagenpuzzle-ein-baum-durch-die-jahreszeiten-rolf\/#primaryimage","url":"https:\/\/teiaeducation.ch\/wp-content\/uploads\/2021\/09\/Layer-puzzle-a-tree-through-the-seasons-Rolf-2203559-2.png","contentUrl":"https:\/\/teiaeducation.ch\/wp-content\/uploads\/2021\/09\/Layer-puzzle-a-tree-through-the-seasons-Rolf-2203559-2.png","width":1000,"height":980,"caption":"Lagenpuzzle ein Baum durch die Jahreszeiten Rolf"},{"@type":"BreadcrumbList","@id":"https:\/\/teiaeducation.ch\/de\/produkt\/lagenpuzzle-ein-baum-durch-die-jahreszeiten-rolf\/#breadcrumb","itemListElement":[{"@type":"ListItem","position":1,"name":"Home","item":"https:\/\/teiaeducation.ch\/de\/"},{"@type":"ListItem","position":2,"name":"Laden","item":"https:\/\/teiaeducation.ch\/de\/shop\/"},{"@type":"ListItem","position":3,"name":"Unsere Marken","item":"https:\/\/teiaeducation.ch\/de\/produkt-kategorie\/unsere-marken\/"},{"@type":"ListItem","position":4,"name":"Rolf","item":"https:\/\/teiaeducation.ch\/de\/produkt-kategorie\/unsere-marken\/rolf-de\/"},{"@type":"ListItem","position":5,"name":"Lagenpuzzle ein Baum durch die Jahreszeiten &#8211; Rolf"}]},{"@type":"WebSite","@id":"https:\/\/teiaeducation.ch\/de\/#website","url":"https:\/\/teiaeducation.ch\/de\/","name":"Sustainable Educational Products &amp; Ecological Toys\u00a0","description":"Specialised Swiss shop selling sustainable educational toys and games, AMI certified Montessori materials, handmade ecological wooden Waldorf toys and arts &amp; crafts supplies, school supplies, children&#039;s furniture and Montessori reference and parenting books.","publisher":{"@id":"https:\/\/teiaeducation.ch\/de\/#organization"},"alternateName":"Teia Education & Play","potentialAction":[{"@type":"SearchAction","target":{"@type":"EntryPoint","urlTemplate":"https:\/\/teiaeducation.ch\/de\/?s={search_term_string}"},"query-input":{"@type":"PropertyValueSpecification","valueRequired":true,"valueName":"search_term_string"}}],"inLanguage":"de-CH"},{"@type":"Organization","@id":"https:\/\/teiaeducation.ch\/de\/#organization","name":"Teia Education & Play","url":"https:\/\/teiaeducation.ch\/de\/","logo":{"@type":"ImageObject","inLanguage":"de-CH","@id":"https:\/\/teiaeducation.ch\/de\/#\/schema\/logo\/image\/","url":"https:\/\/teiaeducation.ch\/wp-content\/uploads\/2020\/11\/Teia-Education-Switzerland-e1620156442216.jpg","contentUrl":"https:\/\/teiaeducation.ch\/wp-content\/uploads\/2020\/11\/Teia-Education-Switzerland-e1620156442216.jpg","width":166,"height":145,"caption":"Teia Education & Play"},"image":{"@id":"https:\/\/teiaeducation.ch\/de\/#\/schema\/logo\/image\/"},"sameAs":["https:\/\/www.facebook.com\/teiaeducation\/","https:\/\/x.com\/EducationTeia","https:\/\/www.instagram.com\/teia.education\/","https:\/\/www.linkedin.com\/company\/35501660","https:\/\/www.pinterest.ch\/TeiaEducation\/"]}]}},"_links":{"self":[{"href":"https:\/\/teiaeducation.ch\/de\/wp-json\/wp\/v2\/product\/61020","targetHints":{"allow":["GET"]}}],"collection":[{"href":"https:\/\/teiaeducation.ch\/de\/wp-json\/wp\/v2\/product"}],"about":[{"href":"https:\/\/teiaeducation.ch\/de\/wp-json\/wp\/v2\/types\/product"}],"replies":[{"embeddable":true,"href":"https:\/\/teiaeducation.ch\/de\/wp-json\/wp\/v2\/comments?post=61020"}],"wp:featuredmedia":[{"embeddable":true,"href":"https:\/\/teiaeducation.ch\/de\/wp-json\/wp\/v2\/media\/60232"}],"wp:attachment":[{"href":"https:\/\/teiaeducation.ch\/de\/wp-json\/wp\/v2\/media?parent=61020"}],"wp:term":[{"taxonomy":"product_brand","embeddable":true,"href":"https:\/\/teiaeducation.ch\/de\/wp-json\/wp\/v2\/product_brand?post=61020"},{"taxonomy":"product_cat","embeddable":true,"href":"https:\/\/teiaeducation.ch\/de\/wp-json\/wp\/v2\/product_cat?post=61020"},{"taxonomy":"product_tag","embeddable":true,"href":"https:\/\/teiaeducation.ch\/de\/wp-json\/wp\/v2\/product_tag?post=61020"}],"curies":[{"name":"wp","href":"https:\/\/api.w.org\/{rel}","templated":true}]}}