{"id":61030,"date":"2021-12-03T13:12:58","date_gmt":"2021-12-03T12:12:58","guid":{"rendered":"https:\/\/teiaeducation.ch\/product\/lagenpuzzle-lebenszyklus-einer-amsel-rolf\/"},"modified":"2024-09-20T13:54:20","modified_gmt":"2024-09-20T11:54:20","slug":"lagenpuzzle-lebenszyklus-einer-amsel-rolf","status":"publish","type":"product","link":"https:\/\/teiaeducation.ch\/de\/produkt\/lagenpuzzle-lebenszyklus-einer-amsel-rolf\/","title":{"rendered":"Lagenpuzzle Lebenszyklus einer Amsel &#8211; Rolf"},"content":{"rendered":"<p>Rolf&#8217;s Lagenpuzzle Lebenszyklus einer Amsel ist ein vierlagiges Wachstumspuzzle aus Holz im <a href=\"https:\/\/teiaeducation.ch\/product-category\/education-method\/the-montessori-pedagogy-materials-toys\/\">Montessori<\/a>-Stil, das Kindern spielerisch die <a href=\"https:\/\/teiaeducation.ch\/product-category\/hgh-quality-toys-play\/nature-play\/\">Natur<\/a> n\u00e4her bringt. Es wurde sorgf\u00e4ltig entwickelt, um die Entwicklungs- und Lernbed\u00fcrfnisse von Kindern auf spielerische Weise zu erf\u00fcllen.<\/p>\n<p>Dieses sch\u00f6ne und fesselnde vierlagige Puzzle zeigt den <a href=\"https:\/\/teiaeducation.ch\/product-category\/learning-themes\/culture-science\/life-cycles\/\">Lebenszyklus<\/a> einer Amsel, wie sie vom Ei zum heranwachsenden K\u00fcken heranw\u00e4chst.<\/p>\n<p>Die Kinder verfolgen das Wachstum einer Amsel, w\u00e4hrend sie die vier Schichten des Puzzles vervollst\u00e4ndigen. Beim Zusammensetzen der 4 Puzzles entwickeln die Kinder ihre kognitiven F\u00e4higkeiten, ihr kritisches Denken und ihre Probleml\u00f6sungskompetenz und lernen spielerisch etwas \u00fcber die Natur!<\/p>\n<p>Dieses sch\u00f6ne und ansprechende <a href=\"https:\/\/teiaeducation.ch\/product-category\/play\/wooden-puzzles\/\">Holzpuzzle<\/a> im Montessori-Stil wird in einem 28 x 28 cm gro\u00dfen Holzrahmen mit insgesamt 36 Teilen geliefert. Diese bestehen aus vier 9-teiligen Puzzles, die im Rahmen \u00fcbereinander liegen.<\/p>\n<p>Das Rolf Lagenpuzzle Lebenszyklus einer Amsel ist f\u00fcr Kinder ab 5 Jahren geeignet.<\/p>\n<p>Inhalt:<\/p>\n<p>1 Holzrahmen<br \/>\n36 Puzzleteile<\/p>\n<h2>Uber Rolf<\/h2>\n<p>Die Niederl\u00e4ndische Marke <a href=\"https:\/\/teiaeducation.ch\/product-category\/brands\/rolf\/\">Rolf<\/a> arbeitet eng mit Lehrern und Bildungsexperten zusammen, um Produkte zu entwickeln, die die Entwicklung der Kinder f\u00f6rdern, ihr Wissen und ihre F\u00e4higkeiten verbessern und die Ziele der Lehrer unterst\u00fctzen.<\/p>\n<p>Jedes p\u00e4dagogische Rolf-Produkt bietet ein komplettes Sortiment an Entwicklungsbausteinen\u201c f\u00fcr das kindliche Gehirn und f\u00f6rdert <a href=\"https:\/\/teiaeducation.ch\/product-category\/hgh-quality-toys-play\/\">spiel<\/a>erisch verschiedene F\u00e4higkeiten wie <a href=\"https:\/\/teiaeducation.ch\/product-category\/learning-themes\/mathematics-numeracy\/\">Mathematik<\/a>, <a href=\"https:\/\/teiaeducation.ch\/product-category\/learning-themes\/literacy-language\/\">Sprache<\/a>, <a href=\"https:\/\/teiaeducation.ch\/product-category\/creative-art-craft\/\">Kreativit\u00e4t<\/a>, Motorik und sogar Selbstvertrauen.<\/p>\n<p>Rolfs originelle und unverwechselbare <a href=\"https:\/\/teiaeducation.ch\/product-category\/learning-themes\/\">Unterrichtsmaterialien<\/a> sind an ihren robusten Materialien, lebhaften Farben und ansprechenden Illustrationen zu erkennen. Kinder werden die wunderbaren Lern- und Spielprodukte lieben, von den lustigen und herausfordernden Puzzles, die das Lernen zum Leben erwecken, bis hin zu den robusten und farbenfrohen <a href=\"https:\/\/teiaeducation.ch\/product-category\/hgh-quality-toys-play\/outdoor-toys\/\">Outdoor<\/a>&#8211; und <a href=\"https:\/\/teiaeducation.ch\/product-category\/hgh-quality-toys-play\/sand-toys\/\">Sandspielzeugen<\/a>, die perfekt f\u00fcr den Strand oder den Sandkasten sind.<\/p>\n<p>Jedes Rolf-Produkt wird in den Niederlanden entworfen und nachhaltig hergestellt. Das garantiert hochwertige Produkte, die sicher und langlebig sind und stundenlanges Spielen und Lernen erm\u00f6glichen. Alle Rolf-Produkte sind nach den Europ\u00e4ischen Sicherheitsvorschriften getestet und wurden von den Kindern selbst ausgiebig gepr\u00fcft und f\u00fcr gut befunden, da sie viel Spa\u00df beim Spielen machen und echte Lernm\u00f6glichkeiten bieten.<\/p>\n","protected":false},"excerpt":{"rendered":"<p>Artikelnummer: 220.3562<\/p>\n<p>Rolf&#8217;s Lagenpuzzle Lebenszyklus einer Amsel ist ein vierlagiges Wachstumspuzzle aus Holz im Montessori-Stil, das Kindern spielerisch die Natur n\u00e4her bringt!<\/p>\n","protected":false},"featured_media":60648,"comment_status":"open","ping_status":"closed","template":"","meta":[],"product_brand":[],"product_cat":[21445,21446,21479,21670,21510,21518,21509,21481,21559,21443,21563,21660,22362,21557,21511,21482,21564],"product_tag":[29224,29210,29213,29036,29186,29215,29172,29214,29173,29225,29211],"class_list":{"0":"post-61030","1":"product","2":"type-product","3":"status-publish","4":"has-post-thumbnail","6":"product_cat-3-6-jahre-vorschule","7":"product_cat-6-12-jahre-grundschule","8":"product_cat-lernmaterialien-spielzeug-montessori-waldorf-steiner-froebel","9":"product_cat-fruehjahrskollektion","10":"product_cat-kultur-wissenschaft","11":"product_cat-lebenszyklen","12":"product_cat-lernthemen","13":"product_cat-montessori-paedagogik-material-spielzeug","14":"product_cat-motorische-fertigkeiten","15":"product_cat-nach-alter","16":"product_cat-neuheiten","17":"product_cat-rolf-de","18":"product_cat-saisonale-kollektionen","19":"product_cat-sensorische-motorische-fertigkeiten","20":"product_cat-tiergeographie-zoologie","21":"product_cat-traditionelle-bildung","22":"product_cat-unsere-marken","23":"product_tag-amsel-wachstumspuzzle","24":"product_tag-ebenen-puzzles","25":"product_tag-lebenszyklus-puzzles","26":"product_tag-montessori-puzzles-de","27":"product_tag-padagogische-puzzles","28":"product_tag-padagogische-puzzlespiele","29":"product_tag-puzzles-aus-holz-de","30":"product_tag-puzzles-fur-kinder","31":"product_tag-rolf-puzzles-de","32":"product_tag-vogelwachstumspuzzle","33":"product_tag-wachstum-puzzlesteine","35":"first","36":"instock","37":"taxable","38":"shipping-taxable","39":"purchasable","40":"product-type-simple"},"yoast_head":"<!-- This site is optimized with the Yoast SEO plugin v27.1.1 - https:\/\/yoast.com\/product\/yoast-seo-wordpress\/ -->\n<title>Lagenpuzzle Lebenszyklus einer Amsel - Rolf<\/title>\n<meta name=\"description\" content=\"Rolf&#039;s Lagenpuzzle Lebenszyklus einer Amsel ist ein vierlagiges Wachstumspuzzle aus Holz im Montessori-Stil, das Kindern spielerisch die Natur n\u00e4her bringt.\" \/>\n<meta name=\"robots\" content=\"index, follow, max-snippet:-1, max-image-preview:large, max-video-preview:-1\" \/>\n<link rel=\"canonical\" href=\"https:\/\/teiaeducation.ch\/de\/produkt\/lagenpuzzle-lebenszyklus-einer-amsel-rolf\/\" \/>\n<meta property=\"og:locale\" content=\"de_DE\" \/>\n<meta property=\"og:type\" content=\"article\" \/>\n<meta property=\"og:title\" content=\"Lagenpuzzle Lebenszyklus einer Amsel - Rolf\" \/>\n<meta property=\"og:description\" content=\"Rolf&#039;s Lagenpuzzle Lebenszyklus einer Amsel ist ein vierlagiges Wachstumspuzzle aus Holz im Montessori-Stil, das Kindern spielerisch die Natur n\u00e4her bringt.\" \/>\n<meta property=\"og:url\" content=\"https:\/\/teiaeducation.ch\/de\/produkt\/lagenpuzzle-lebenszyklus-einer-amsel-rolf\/\" \/>\n<meta property=\"og:site_name\" content=\"Sustainable Educational Products &amp; Ecological Toys\u00a0\" \/>\n<meta property=\"article:publisher\" content=\"https:\/\/www.facebook.com\/teiaeducation\/\" \/>\n<meta property=\"article:modified_time\" content=\"2024-09-20T11:54:20+00:00\" \/>\n<meta property=\"og:image\" content=\"https:\/\/teiaeducation.ch\/wp-content\/uploads\/2021\/09\/Layer-puzzle-growth-blackbird-Rolf3.jpg\" \/>\n\t<meta property=\"og:image:width\" content=\"1212\" \/>\n\t<meta property=\"og:image:height\" content=\"1204\" \/>\n\t<meta property=\"og:image:type\" content=\"image\/jpeg\" \/>\n<script type=\"application\/ld+json\" class=\"yoast-schema-graph\">{\"@context\":\"https:\/\/schema.org\",\"@graph\":[{\"@type\":\"WebPage\",\"@id\":\"https:\/\/teiaeducation.ch\/de\/produkt\/lagenpuzzle-lebenszyklus-einer-amsel-rolf\/\",\"url\":\"https:\/\/teiaeducation.ch\/de\/produkt\/lagenpuzzle-lebenszyklus-einer-amsel-rolf\/\",\"name\":\"Lagenpuzzle Lebenszyklus einer Amsel - Rolf\",\"isPartOf\":{\"@id\":\"https:\/\/teiaeducation.ch\/de\/#website\"},\"primaryImageOfPage\":{\"@id\":\"https:\/\/teiaeducation.ch\/de\/produkt\/lagenpuzzle-lebenszyklus-einer-amsel-rolf\/#primaryimage\"},\"image\":{\"@id\":\"https:\/\/teiaeducation.ch\/de\/produkt\/lagenpuzzle-lebenszyklus-einer-amsel-rolf\/#primaryimage\"},\"thumbnailUrl\":\"https:\/\/teiaeducation.ch\/wp-content\/uploads\/2021\/09\/Layer-puzzle-growth-blackbird-Rolf3.jpg\",\"datePublished\":\"2021-12-03T12:12:58+00:00\",\"dateModified\":\"2024-09-20T11:54:20+00:00\",\"description\":\"Rolf's Lagenpuzzle Lebenszyklus einer Amsel ist ein vierlagiges Wachstumspuzzle aus Holz im Montessori-Stil, das Kindern spielerisch die Natur n\u00e4her bringt.\",\"breadcrumb\":{\"@id\":\"https:\/\/teiaeducation.ch\/de\/produkt\/lagenpuzzle-lebenszyklus-einer-amsel-rolf\/#breadcrumb\"},\"inLanguage\":\"de-CH\",\"potentialAction\":[{\"@type\":\"ReadAction\",\"target\":[\"https:\/\/teiaeducation.ch\/de\/produkt\/lagenpuzzle-lebenszyklus-einer-amsel-rolf\/\"]}]},{\"@type\":\"ImageObject\",\"inLanguage\":\"de-CH\",\"@id\":\"https:\/\/teiaeducation.ch\/de\/produkt\/lagenpuzzle-lebenszyklus-einer-amsel-rolf\/#primaryimage\",\"url\":\"https:\/\/teiaeducation.ch\/wp-content\/uploads\/2021\/09\/Layer-puzzle-growth-blackbird-Rolf3.jpg\",\"contentUrl\":\"https:\/\/teiaeducation.ch\/wp-content\/uploads\/2021\/09\/Layer-puzzle-growth-blackbird-Rolf3.jpg\",\"width\":1212,\"height\":1204,\"caption\":\"Lagenpuzzle Lebenszyklus Amsel aus Holz - Rolf\"},{\"@type\":\"BreadcrumbList\",\"@id\":\"https:\/\/teiaeducation.ch\/de\/produkt\/lagenpuzzle-lebenszyklus-einer-amsel-rolf\/#breadcrumb\",\"itemListElement\":[{\"@type\":\"ListItem\",\"position\":1,\"name\":\"Home\",\"item\":\"https:\/\/teiaeducation.ch\/de\/\"},{\"@type\":\"ListItem\",\"position\":2,\"name\":\"Laden\",\"item\":\"https:\/\/teiaeducation.ch\/de\/shop\/\"},{\"@type\":\"ListItem\",\"position\":3,\"name\":\"Unsere Marken\",\"item\":\"https:\/\/teiaeducation.ch\/de\/produkt-kategorie\/unsere-marken\/\"},{\"@type\":\"ListItem\",\"position\":4,\"name\":\"Rolf\",\"item\":\"https:\/\/teiaeducation.ch\/de\/produkt-kategorie\/unsere-marken\/rolf-de\/\"},{\"@type\":\"ListItem\",\"position\":5,\"name\":\"Lagenpuzzle Lebenszyklus einer Amsel &#8211; Rolf\"}]},{\"@type\":\"WebSite\",\"@id\":\"https:\/\/teiaeducation.ch\/de\/#website\",\"url\":\"https:\/\/teiaeducation.ch\/de\/\",\"name\":\"Sustainable Educational Products &amp; Ecological Toys\u00a0\",\"description\":\"Specialised Swiss shop selling sustainable educational toys and games, AMI certified Montessori materials, handmade ecological wooden Waldorf toys and arts &amp; crafts supplies, school supplies, children&#039;s furniture and Montessori reference and parenting books.\",\"publisher\":{\"@id\":\"https:\/\/teiaeducation.ch\/de\/#organization\"},\"alternateName\":\"Teia Education & Play\",\"potentialAction\":[{\"@type\":\"SearchAction\",\"target\":{\"@type\":\"EntryPoint\",\"urlTemplate\":\"https:\/\/teiaeducation.ch\/de\/?s={search_term_string}\"},\"query-input\":{\"@type\":\"PropertyValueSpecification\",\"valueRequired\":true,\"valueName\":\"search_term_string\"}}],\"inLanguage\":\"de-CH\"},{\"@type\":\"Organization\",\"@id\":\"https:\/\/teiaeducation.ch\/de\/#organization\",\"name\":\"Teia Education & Play\",\"url\":\"https:\/\/teiaeducation.ch\/de\/\",\"logo\":{\"@type\":\"ImageObject\",\"inLanguage\":\"de-CH\",\"@id\":\"https:\/\/teiaeducation.ch\/de\/#\/schema\/logo\/image\/\",\"url\":\"https:\/\/teiaeducation.ch\/wp-content\/uploads\/2020\/11\/Teia-Education-Switzerland-e1620156442216.jpg\",\"contentUrl\":\"https:\/\/teiaeducation.ch\/wp-content\/uploads\/2020\/11\/Teia-Education-Switzerland-e1620156442216.jpg\",\"width\":166,\"height\":145,\"caption\":\"Teia Education & Play\"},\"image\":{\"@id\":\"https:\/\/teiaeducation.ch\/de\/#\/schema\/logo\/image\/\"},\"sameAs\":[\"https:\/\/www.facebook.com\/teiaeducation\/\",\"https:\/\/x.com\/EducationTeia\",\"https:\/\/www.instagram.com\/teia.education\/\",\"https:\/\/www.linkedin.com\/company\/35501660\",\"https:\/\/www.pinterest.ch\/TeiaEducation\/\"]}]}<\/script>\n<!-- \/ Yoast SEO plugin. -->","yoast_head_json":{"title":"Lagenpuzzle Lebenszyklus einer Amsel - Rolf","description":"Rolf's Lagenpuzzle Lebenszyklus einer Amsel ist ein vierlagiges Wachstumspuzzle aus Holz im Montessori-Stil, das Kindern spielerisch die Natur n\u00e4her bringt.","robots":{"index":"index","follow":"follow","max-snippet":"max-snippet:-1","max-image-preview":"max-image-preview:large","max-video-preview":"max-video-preview:-1"},"canonical":"https:\/\/teiaeducation.ch\/de\/produkt\/lagenpuzzle-lebenszyklus-einer-amsel-rolf\/","og_locale":"de_DE","og_type":"article","og_title":"Lagenpuzzle Lebenszyklus einer Amsel - Rolf","og_description":"Rolf's Lagenpuzzle Lebenszyklus einer Amsel ist ein vierlagiges Wachstumspuzzle aus Holz im Montessori-Stil, das Kindern spielerisch die Natur n\u00e4her bringt.","og_url":"https:\/\/teiaeducation.ch\/de\/produkt\/lagenpuzzle-lebenszyklus-einer-amsel-rolf\/","og_site_name":"Sustainable Educational Products &amp; Ecological Toys\u00a0","article_publisher":"https:\/\/www.facebook.com\/teiaeducation\/","article_modified_time":"2024-09-20T11:54:20+00:00","og_image":[{"width":1212,"height":1204,"url":"https:\/\/teiaeducation.ch\/wp-content\/uploads\/2021\/09\/Layer-puzzle-growth-blackbird-Rolf3.jpg","type":"image\/jpeg"}],"schema":{"@context":"https:\/\/schema.org","@graph":[{"@type":"WebPage","@id":"https:\/\/teiaeducation.ch\/de\/produkt\/lagenpuzzle-lebenszyklus-einer-amsel-rolf\/","url":"https:\/\/teiaeducation.ch\/de\/produkt\/lagenpuzzle-lebenszyklus-einer-amsel-rolf\/","name":"Lagenpuzzle Lebenszyklus einer Amsel - Rolf","isPartOf":{"@id":"https:\/\/teiaeducation.ch\/de\/#website"},"primaryImageOfPage":{"@id":"https:\/\/teiaeducation.ch\/de\/produkt\/lagenpuzzle-lebenszyklus-einer-amsel-rolf\/#primaryimage"},"image":{"@id":"https:\/\/teiaeducation.ch\/de\/produkt\/lagenpuzzle-lebenszyklus-einer-amsel-rolf\/#primaryimage"},"thumbnailUrl":"https:\/\/teiaeducation.ch\/wp-content\/uploads\/2021\/09\/Layer-puzzle-growth-blackbird-Rolf3.jpg","datePublished":"2021-12-03T12:12:58+00:00","dateModified":"2024-09-20T11:54:20+00:00","description":"Rolf's Lagenpuzzle Lebenszyklus einer Amsel ist ein vierlagiges Wachstumspuzzle aus Holz im Montessori-Stil, das Kindern spielerisch die Natur n\u00e4her bringt.","breadcrumb":{"@id":"https:\/\/teiaeducation.ch\/de\/produkt\/lagenpuzzle-lebenszyklus-einer-amsel-rolf\/#breadcrumb"},"inLanguage":"de-CH","potentialAction":[{"@type":"ReadAction","target":["https:\/\/teiaeducation.ch\/de\/produkt\/lagenpuzzle-lebenszyklus-einer-amsel-rolf\/"]}]},{"@type":"ImageObject","inLanguage":"de-CH","@id":"https:\/\/teiaeducation.ch\/de\/produkt\/lagenpuzzle-lebenszyklus-einer-amsel-rolf\/#primaryimage","url":"https:\/\/teiaeducation.ch\/wp-content\/uploads\/2021\/09\/Layer-puzzle-growth-blackbird-Rolf3.jpg","contentUrl":"https:\/\/teiaeducation.ch\/wp-content\/uploads\/2021\/09\/Layer-puzzle-growth-blackbird-Rolf3.jpg","width":1212,"height":1204,"caption":"Lagenpuzzle Lebenszyklus Amsel aus Holz - Rolf"},{"@type":"BreadcrumbList","@id":"https:\/\/teiaeducation.ch\/de\/produkt\/lagenpuzzle-lebenszyklus-einer-amsel-rolf\/#breadcrumb","itemListElement":[{"@type":"ListItem","position":1,"name":"Home","item":"https:\/\/teiaeducation.ch\/de\/"},{"@type":"ListItem","position":2,"name":"Laden","item":"https:\/\/teiaeducation.ch\/de\/shop\/"},{"@type":"ListItem","position":3,"name":"Unsere Marken","item":"https:\/\/teiaeducation.ch\/de\/produkt-kategorie\/unsere-marken\/"},{"@type":"ListItem","position":4,"name":"Rolf","item":"https:\/\/teiaeducation.ch\/de\/produkt-kategorie\/unsere-marken\/rolf-de\/"},{"@type":"ListItem","position":5,"name":"Lagenpuzzle Lebenszyklus einer Amsel &#8211; Rolf"}]},{"@type":"WebSite","@id":"https:\/\/teiaeducation.ch\/de\/#website","url":"https:\/\/teiaeducation.ch\/de\/","name":"Sustainable Educational Products &amp; Ecological Toys\u00a0","description":"Specialised Swiss shop selling sustainable educational toys and games, AMI certified Montessori materials, handmade ecological wooden Waldorf toys and arts &amp; crafts supplies, school supplies, children&#039;s furniture and Montessori reference and parenting books.","publisher":{"@id":"https:\/\/teiaeducation.ch\/de\/#organization"},"alternateName":"Teia Education & Play","potentialAction":[{"@type":"SearchAction","target":{"@type":"EntryPoint","urlTemplate":"https:\/\/teiaeducation.ch\/de\/?s={search_term_string}"},"query-input":{"@type":"PropertyValueSpecification","valueRequired":true,"valueName":"search_term_string"}}],"inLanguage":"de-CH"},{"@type":"Organization","@id":"https:\/\/teiaeducation.ch\/de\/#organization","name":"Teia Education & Play","url":"https:\/\/teiaeducation.ch\/de\/","logo":{"@type":"ImageObject","inLanguage":"de-CH","@id":"https:\/\/teiaeducation.ch\/de\/#\/schema\/logo\/image\/","url":"https:\/\/teiaeducation.ch\/wp-content\/uploads\/2020\/11\/Teia-Education-Switzerland-e1620156442216.jpg","contentUrl":"https:\/\/teiaeducation.ch\/wp-content\/uploads\/2020\/11\/Teia-Education-Switzerland-e1620156442216.jpg","width":166,"height":145,"caption":"Teia Education & Play"},"image":{"@id":"https:\/\/teiaeducation.ch\/de\/#\/schema\/logo\/image\/"},"sameAs":["https:\/\/www.facebook.com\/teiaeducation\/","https:\/\/x.com\/EducationTeia","https:\/\/www.instagram.com\/teia.education\/","https:\/\/www.linkedin.com\/company\/35501660","https:\/\/www.pinterest.ch\/TeiaEducation\/"]}]}},"_links":{"self":[{"href":"https:\/\/teiaeducation.ch\/de\/wp-json\/wp\/v2\/product\/61030","targetHints":{"allow":["GET"]}}],"collection":[{"href":"https:\/\/teiaeducation.ch\/de\/wp-json\/wp\/v2\/product"}],"about":[{"href":"https:\/\/teiaeducation.ch\/de\/wp-json\/wp\/v2\/types\/product"}],"replies":[{"embeddable":true,"href":"https:\/\/teiaeducation.ch\/de\/wp-json\/wp\/v2\/comments?post=61030"}],"wp:featuredmedia":[{"embeddable":true,"href":"https:\/\/teiaeducation.ch\/de\/wp-json\/wp\/v2\/media\/60648"}],"wp:attachment":[{"href":"https:\/\/teiaeducation.ch\/de\/wp-json\/wp\/v2\/media?parent=61030"}],"wp:term":[{"taxonomy":"product_brand","embeddable":true,"href":"https:\/\/teiaeducation.ch\/de\/wp-json\/wp\/v2\/product_brand?post=61030"},{"taxonomy":"product_cat","embeddable":true,"href":"https:\/\/teiaeducation.ch\/de\/wp-json\/wp\/v2\/product_cat?post=61030"},{"taxonomy":"product_tag","embeddable":true,"href":"https:\/\/teiaeducation.ch\/de\/wp-json\/wp\/v2\/product_tag?post=61030"}],"curies":[{"name":"wp","href":"https:\/\/api.w.org\/{rel}","templated":true}]}}