{"id":61059,"date":"2021-09-30T10:58:05","date_gmt":"2021-09-30T08:58:05","guid":{"rendered":"https:\/\/teiaeducation.ch\/product\/woher-kommt-es-rolf\/"},"modified":"2024-09-20T14:16:43","modified_gmt":"2024-09-20T12:16:43","slug":"woher-kommt-es-rolf","status":"publish","type":"product","link":"https:\/\/teiaeducation.ch\/de\/produkt\/woher-kommt-es-rolf\/","title":{"rendered":"Woher kommt es? Lernspiel &#8211; Rolf"},"content":{"rendered":"<p>Das Woher kommt es Lernspiel von Rolf bringt Kindern bei, wie verschiedene Lebensmittel und Materialien hergestellt werden. Sie werden den Weg vom Ursprung bis zum Endprodukt verfolgen, darunter eine Schachtel mit Eiern, Wollkleidung und ein Holzstuhl.<\/p>\n<p>Bei diesem spannenden Lernspiel sortieren die Kinder die losen Karten f\u00fcr jedes Endprodukt und versuchen dann, sie in die richtige Reihenfolge zu bringen. Lassen Sie die Kinder das Endprodukt unter die Lupe nehmen und die Frage stellen: &#8220;Woher kommen unser K\u00e4se und unsere Milch?<\/p>\n<p>Es eignet sich sowohl f\u00fcr den Unterricht als auch f\u00fcr das <a href=\"https:\/\/teiaeducation.ch\/product-category\/homeschool-supplies\/\">Lernen zu Hause<\/a>, um Kindern zu vermitteln, woher unsere Lebensmittel, Kleidung, M\u00f6bel und andere Alltagsgegenst\u00e4nde stammen. Um das Lernen mit den <a href=\"https:\/\/teiaeducation.ch\/product-category\/play\/sensory-play\/\">Sinnen<\/a> zu erweitern, zeigen Sie den Kindern einige getrocknete Teebl\u00e4tter, lassen Sie sie an einer Kaffeebohne riechen und ungesponnene Wolle anfassen &#8211; eine gro\u00dfartige sensorische Aktivit\u00e4t.<\/p>\n<p>Dieses Lernspiel ist f\u00fcr 2-6 Spieler geeignet und besteht aus 12 Plastikstreifen (6 mit gr\u00fcnen Quadraten, 6 mit gelben) mit 36 Plastikkarten.<\/p>\n<p>Das Rolf Woher kommt es? Lernspiel ist f\u00fcr Kinder ab 4 Jahren geeignet.<\/p>\n<p>Inhalt:<\/p>\n<p>12 lange Plastikstreifen, 6 mit gr\u00fcnen Quadraten, 6 mit gelben Quadraten<br \/>\n36 Kunststoffkarten<br \/>\n1 Gebrauchsanweisung<\/p>\n<h2>Uber Rolf<\/h2>\n<p>Die Niederl\u00e4ndische Marke <a href=\"https:\/\/teiaeducation.ch\/product-category\/brands\/rolf\/\">Rolf<\/a> arbeitet eng mit Lehrern und Bildungsexperten zusammen, um Produkte zu entwickeln, die die Entwicklung der Kinder f\u00f6rdern, ihr Wissen und ihre F\u00e4higkeiten verbessern und die Ziele der Lehrer unterst\u00fctzen.<\/p>\n<p>Jedes p\u00e4dagogische Rolf-Produkt bietet ein komplettes Sortiment an Entwicklungsbausteinen\u201c f\u00fcr das kindliche Gehirn und f\u00f6rdert <a href=\"https:\/\/teiaeducation.ch\/product-category\/hgh-quality-toys-play\/\">spiel<\/a>erisch verschiedene F\u00e4higkeiten wie <a href=\"https:\/\/teiaeducation.ch\/product-category\/learning-themes\/mathematics-numeracy\/\">Mathematik<\/a>, <a href=\"https:\/\/teiaeducation.ch\/product-category\/learning-themes\/literacy-language\/\">Sprache<\/a>, <a href=\"https:\/\/teiaeducation.ch\/product-category\/creative-art-craft\/\">Kreativit\u00e4t<\/a>, Motorik und sogar Selbstvertrauen.<\/p>\n<p>Rolfs originelle und unverwechselbare <a href=\"https:\/\/teiaeducation.ch\/product-category\/learning-themes\/\">Unterrichtsmaterialien<\/a> sind an ihren robusten Materialien, lebhaften Farben und ansprechenden Illustrationen zu erkennen. Kinder werden die wunderbaren Lern- und Spielprodukte lieben, von den lustigen und herausfordernden Puzzles, die das Lernen zum Leben erwecken, bis hin zu den robusten und farbenfrohen <a href=\"https:\/\/teiaeducation.ch\/product-category\/hgh-quality-toys-play\/outdoor-toys\/\">Outdoor<\/a>&#8211; und <a href=\"https:\/\/teiaeducation.ch\/product-category\/hgh-quality-toys-play\/sand-toys\/\">Sandspielzeugen<\/a>, die perfekt f\u00fcr den Strand oder den Sandkasten sind.<\/p>\n<p>Jedes Rolf-Produkt wird in den Niederlanden entworfen und nachhaltig hergestellt. Das garantiert hochwertige Produkte, die sicher und langlebig sind und stundenlanges Spielen und Lernen erm\u00f6glichen. Alle Rolf-Produkte sind nach den Europ\u00e4ischen Sicherheitsvorschriften getestet und wurden von den Kindern selbst ausgiebig gepr\u00fcft und f\u00fcr gut befunden, da sie viel Spa\u00df beim Spielen machen und echte Lernm\u00f6glichkeiten bieten.<\/p>\n","protected":false},"excerpt":{"rendered":"<p>Aertikelnummer: <span data-sheets-value=\"{\" data-sheets-userformat=\"{\">299.0023<\/span><\/p>\n<p>The Rolf Woher kommt es Lernspiel vermittelt Kindern, wie verschiedene Lebensmittel und Materialien hergestellt werden, vom Ursprung bis zum Endprodukt!<\/p>\n","protected":false},"featured_media":61060,"comment_status":"open","ping_status":"closed","template":"","meta":[],"product_brand":[],"product_cat":[21445,21446,21500,23651,21479,21670,21491,21484,22422,21509,21499,21443,21563,21660,22362,21494,21496,21482,21564],"product_tag":[29240],"class_list":{"0":"post-61059","1":"product","2":"type-product","3":"status-publish","4":"has-post-thumbnail","6":"product_cat-3-6-jahre-vorschule","7":"product_cat-6-12-jahre-grundschule","8":"product_cat-aktivitaetssets","9":"product_cat-back-to-school-de","10":"product_cat-lernmaterialien-spielzeug-montessori-waldorf-steiner-froebel","11":"product_cat-fruehjahrskollektion","12":"product_cat-geschenk-guide-lerngeschenke","13":"product_cat-geschenk-guides","14":"product_cat-geschenke-fuer-das-osterkoerbchen","15":"product_cat-lernthemen","16":"product_cat-lernunterstuetzung","17":"product_cat-nach-alter","18":"product_cat-neuheiten","19":"product_cat-rolf-de","20":"product_cat-saisonale-kollektionen","21":"product_cat-schulbedarf-fuer-zuhause","22":"product_cat-schulbedarf-fuer-zuhause-6-12-jahre","23":"product_cat-traditionelle-bildung","24":"product_cat-unsere-marken","25":"product_tag-rolf-woher-kommt-es-spiel","27":"first","28":"instock","29":"taxable","30":"shipping-taxable","31":"purchasable","32":"product-type-simple"},"yoast_head":"<!-- This site is optimized with the Yoast SEO Premium plugin v25.8 (Yoast SEO v27.4) - https:\/\/yoast.com\/product\/yoast-seo-premium-wordpress\/ -->\n<title>Woher kommt es? Lernspiel - Rolf<\/title>\n<meta name=\"description\" content=\"The Rolf Woher kommt es Lernspiel vermittelt Kindern, wie verschiedene Lebensmittel und Materialien hergestellt werden, vom Ursprung bis zum Endprodukt.\" \/>\n<meta name=\"robots\" content=\"index, follow, max-snippet:-1, max-image-preview:large, max-video-preview:-1\" \/>\n<link rel=\"canonical\" href=\"https:\/\/teiaeducation.ch\/de\/produkt\/woher-kommt-es-rolf\/\" \/>\n<meta property=\"og:locale\" content=\"de_DE\" \/>\n<meta property=\"og:type\" content=\"article\" \/>\n<meta property=\"og:title\" content=\"Woher kommt es? Lernspiel - Rolf\" \/>\n<meta property=\"og:description\" content=\"The Rolf Woher kommt es Lernspiel vermittelt Kindern, wie verschiedene Lebensmittel und Materialien hergestellt werden, vom Ursprung bis zum Endprodukt.\" \/>\n<meta property=\"og:url\" content=\"https:\/\/teiaeducation.ch\/de\/produkt\/woher-kommt-es-rolf\/\" \/>\n<meta property=\"og:site_name\" content=\"Sustainable Educational Products &amp; Ecological Toys\u00a0\" \/>\n<meta property=\"article:publisher\" content=\"https:\/\/www.facebook.com\/teiaeducation\/\" \/>\n<meta property=\"article:modified_time\" content=\"2024-09-20T12:16:43+00:00\" \/>\n<meta property=\"og:image\" content=\"https:\/\/teiaeducation.ch\/wp-content\/uploads\/2021\/09\/Where-does-it-come-from_-educational-game-Rolf.jpg\" \/>\n\t<meta property=\"og:image:width\" content=\"950\" \/>\n\t<meta property=\"og:image:height\" content=\"936\" \/>\n\t<meta property=\"og:image:type\" content=\"image\/jpeg\" \/>\n<script type=\"application\/ld+json\" class=\"yoast-schema-graph\">{\"@context\":\"https:\\\/\\\/schema.org\",\"@graph\":[{\"@type\":\"WebPage\",\"@id\":\"https:\\\/\\\/teiaeducation.ch\\\/de\\\/produkt\\\/woher-kommt-es-rolf\\\/\",\"url\":\"https:\\\/\\\/teiaeducation.ch\\\/de\\\/produkt\\\/woher-kommt-es-rolf\\\/\",\"name\":\"Woher kommt es? Lernspiel - Rolf\",\"isPartOf\":{\"@id\":\"https:\\\/\\\/teiaeducation.ch\\\/de\\\/#website\"},\"primaryImageOfPage\":{\"@id\":\"https:\\\/\\\/teiaeducation.ch\\\/de\\\/produkt\\\/woher-kommt-es-rolf\\\/#primaryimage\"},\"image\":{\"@id\":\"https:\\\/\\\/teiaeducation.ch\\\/de\\\/produkt\\\/woher-kommt-es-rolf\\\/#primaryimage\"},\"thumbnailUrl\":\"https:\\\/\\\/teiaeducation.ch\\\/wp-content\\\/uploads\\\/2021\\\/09\\\/Where-does-it-come-from_-educational-game-Rolf.jpg\",\"datePublished\":\"2021-09-30T08:58:05+00:00\",\"dateModified\":\"2024-09-20T12:16:43+00:00\",\"description\":\"The Rolf Woher kommt es Lernspiel vermittelt Kindern, wie verschiedene Lebensmittel und Materialien hergestellt werden, vom Ursprung bis zum Endprodukt.\",\"breadcrumb\":{\"@id\":\"https:\\\/\\\/teiaeducation.ch\\\/de\\\/produkt\\\/woher-kommt-es-rolf\\\/#breadcrumb\"},\"inLanguage\":\"de-CH\",\"potentialAction\":[{\"@type\":\"ReadAction\",\"target\":[\"https:\\\/\\\/teiaeducation.ch\\\/de\\\/produkt\\\/woher-kommt-es-rolf\\\/\"]}]},{\"@type\":\"ImageObject\",\"inLanguage\":\"de-CH\",\"@id\":\"https:\\\/\\\/teiaeducation.ch\\\/de\\\/produkt\\\/woher-kommt-es-rolf\\\/#primaryimage\",\"url\":\"https:\\\/\\\/teiaeducation.ch\\\/wp-content\\\/uploads\\\/2021\\\/09\\\/Where-does-it-come-from_-educational-game-Rolf.jpg\",\"contentUrl\":\"https:\\\/\\\/teiaeducation.ch\\\/wp-content\\\/uploads\\\/2021\\\/09\\\/Where-does-it-come-from_-educational-game-Rolf.jpg\",\"width\":950,\"height\":936,\"caption\":\"Woher kommt es? Lernspiel - Rolf\"},{\"@type\":\"BreadcrumbList\",\"@id\":\"https:\\\/\\\/teiaeducation.ch\\\/de\\\/produkt\\\/woher-kommt-es-rolf\\\/#breadcrumb\",\"itemListElement\":[{\"@type\":\"ListItem\",\"position\":1,\"name\":\"Home\",\"item\":\"https:\\\/\\\/teiaeducation.ch\\\/de\\\/\"},{\"@type\":\"ListItem\",\"position\":2,\"name\":\"Laden\",\"item\":\"https:\\\/\\\/teiaeducation.ch\\\/de\\\/shop\\\/\"},{\"@type\":\"ListItem\",\"position\":3,\"name\":\"Unsere Marken\",\"item\":\"https:\\\/\\\/teiaeducation.ch\\\/de\\\/produkt-kategorie\\\/unsere-marken\\\/\"},{\"@type\":\"ListItem\",\"position\":4,\"name\":\"Rolf\",\"item\":\"https:\\\/\\\/teiaeducation.ch\\\/de\\\/produkt-kategorie\\\/unsere-marken\\\/rolf-de\\\/\"},{\"@type\":\"ListItem\",\"position\":5,\"name\":\"Woher kommt es? Lernspiel &#8211; Rolf\"}]},{\"@type\":\"WebSite\",\"@id\":\"https:\\\/\\\/teiaeducation.ch\\\/de\\\/#website\",\"url\":\"https:\\\/\\\/teiaeducation.ch\\\/de\\\/\",\"name\":\"Sustainable Educational Products &amp; Ecological Toys\u00a0\",\"description\":\"Specialised Swiss shop selling sustainable educational toys and games, AMI certified Montessori materials, handmade ecological wooden Waldorf toys and arts &amp; crafts supplies, school supplies, children&#039;s furniture and Montessori reference and parenting books.\",\"publisher\":{\"@id\":\"https:\\\/\\\/teiaeducation.ch\\\/de\\\/#organization\"},\"alternateName\":\"Teia Education & Play\",\"potentialAction\":[{\"@type\":\"SearchAction\",\"target\":{\"@type\":\"EntryPoint\",\"urlTemplate\":\"https:\\\/\\\/teiaeducation.ch\\\/de\\\/?s={search_term_string}\"},\"query-input\":{\"@type\":\"PropertyValueSpecification\",\"valueRequired\":true,\"valueName\":\"search_term_string\"}}],\"inLanguage\":\"de-CH\"},{\"@type\":\"Organization\",\"@id\":\"https:\\\/\\\/teiaeducation.ch\\\/de\\\/#organization\",\"name\":\"Teia Education & Play\",\"url\":\"https:\\\/\\\/teiaeducation.ch\\\/de\\\/\",\"logo\":{\"@type\":\"ImageObject\",\"inLanguage\":\"de-CH\",\"@id\":\"https:\\\/\\\/teiaeducation.ch\\\/de\\\/#\\\/schema\\\/logo\\\/image\\\/\",\"url\":\"https:\\\/\\\/teiaeducation.ch\\\/wp-content\\\/uploads\\\/2020\\\/11\\\/Teia-Education-Switzerland-e1620156442216.jpg\",\"contentUrl\":\"https:\\\/\\\/teiaeducation.ch\\\/wp-content\\\/uploads\\\/2020\\\/11\\\/Teia-Education-Switzerland-e1620156442216.jpg\",\"width\":166,\"height\":145,\"caption\":\"Teia Education & Play\"},\"image\":{\"@id\":\"https:\\\/\\\/teiaeducation.ch\\\/de\\\/#\\\/schema\\\/logo\\\/image\\\/\"},\"sameAs\":[\"https:\\\/\\\/www.facebook.com\\\/teiaeducation\\\/\",\"https:\\\/\\\/x.com\\\/EducationTeia\",\"https:\\\/\\\/www.instagram.com\\\/teia.education\\\/\",\"https:\\\/\\\/www.linkedin.com\\\/company\\\/35501660\",\"https:\\\/\\\/www.pinterest.ch\\\/TeiaEducation\\\/\"]}]}<\/script>\n<meta property=\"product:price:amount\" content=\"74.90\" \/>\n<meta property=\"product:price:currency\" content=\"CHF\" \/>\n<meta property=\"og:availability\" content=\"instock\" \/>\n<meta property=\"product:availability\" content=\"instock\" \/>\n<meta property=\"product:retailer_item_id\" content=\"00000000000000000000000000000000000000000000039298\" \/>\n<meta property=\"product:condition\" content=\"new\" \/>\n<!-- \/ Yoast SEO Premium plugin. -->","yoast_head_json":{"title":"Woher kommt es? Lernspiel - Rolf","description":"The Rolf Woher kommt es Lernspiel vermittelt Kindern, wie verschiedene Lebensmittel und Materialien hergestellt werden, vom Ursprung bis zum Endprodukt.","robots":{"index":"index","follow":"follow","max-snippet":"max-snippet:-1","max-image-preview":"max-image-preview:large","max-video-preview":"max-video-preview:-1"},"canonical":"https:\/\/teiaeducation.ch\/de\/produkt\/woher-kommt-es-rolf\/","og_locale":"de_DE","og_type":"article","og_title":"Woher kommt es? Lernspiel - Rolf","og_description":"The Rolf Woher kommt es Lernspiel vermittelt Kindern, wie verschiedene Lebensmittel und Materialien hergestellt werden, vom Ursprung bis zum Endprodukt.","og_url":"https:\/\/teiaeducation.ch\/de\/produkt\/woher-kommt-es-rolf\/","og_site_name":"Sustainable Educational Products &amp; Ecological Toys\u00a0","article_publisher":"https:\/\/www.facebook.com\/teiaeducation\/","article_modified_time":"2024-09-20T12:16:43+00:00","og_image":[{"width":950,"height":936,"url":"https:\/\/teiaeducation.ch\/wp-content\/uploads\/2021\/09\/Where-does-it-come-from_-educational-game-Rolf.jpg","type":"image\/jpeg"}],"schema":{"@context":"https:\/\/schema.org","@graph":[{"@type":"WebPage","@id":"https:\/\/teiaeducation.ch\/de\/produkt\/woher-kommt-es-rolf\/","url":"https:\/\/teiaeducation.ch\/de\/produkt\/woher-kommt-es-rolf\/","name":"Woher kommt es? Lernspiel - Rolf","isPartOf":{"@id":"https:\/\/teiaeducation.ch\/de\/#website"},"primaryImageOfPage":{"@id":"https:\/\/teiaeducation.ch\/de\/produkt\/woher-kommt-es-rolf\/#primaryimage"},"image":{"@id":"https:\/\/teiaeducation.ch\/de\/produkt\/woher-kommt-es-rolf\/#primaryimage"},"thumbnailUrl":"https:\/\/teiaeducation.ch\/wp-content\/uploads\/2021\/09\/Where-does-it-come-from_-educational-game-Rolf.jpg","datePublished":"2021-09-30T08:58:05+00:00","dateModified":"2024-09-20T12:16:43+00:00","description":"The Rolf Woher kommt es Lernspiel vermittelt Kindern, wie verschiedene Lebensmittel und Materialien hergestellt werden, vom Ursprung bis zum Endprodukt.","breadcrumb":{"@id":"https:\/\/teiaeducation.ch\/de\/produkt\/woher-kommt-es-rolf\/#breadcrumb"},"inLanguage":"de-CH","potentialAction":[{"@type":"ReadAction","target":["https:\/\/teiaeducation.ch\/de\/produkt\/woher-kommt-es-rolf\/"]}]},{"@type":"ImageObject","inLanguage":"de-CH","@id":"https:\/\/teiaeducation.ch\/de\/produkt\/woher-kommt-es-rolf\/#primaryimage","url":"https:\/\/teiaeducation.ch\/wp-content\/uploads\/2021\/09\/Where-does-it-come-from_-educational-game-Rolf.jpg","contentUrl":"https:\/\/teiaeducation.ch\/wp-content\/uploads\/2021\/09\/Where-does-it-come-from_-educational-game-Rolf.jpg","width":950,"height":936,"caption":"Woher kommt es? Lernspiel - Rolf"},{"@type":"BreadcrumbList","@id":"https:\/\/teiaeducation.ch\/de\/produkt\/woher-kommt-es-rolf\/#breadcrumb","itemListElement":[{"@type":"ListItem","position":1,"name":"Home","item":"https:\/\/teiaeducation.ch\/de\/"},{"@type":"ListItem","position":2,"name":"Laden","item":"https:\/\/teiaeducation.ch\/de\/shop\/"},{"@type":"ListItem","position":3,"name":"Unsere Marken","item":"https:\/\/teiaeducation.ch\/de\/produkt-kategorie\/unsere-marken\/"},{"@type":"ListItem","position":4,"name":"Rolf","item":"https:\/\/teiaeducation.ch\/de\/produkt-kategorie\/unsere-marken\/rolf-de\/"},{"@type":"ListItem","position":5,"name":"Woher kommt es? Lernspiel &#8211; Rolf"}]},{"@type":"WebSite","@id":"https:\/\/teiaeducation.ch\/de\/#website","url":"https:\/\/teiaeducation.ch\/de\/","name":"Sustainable Educational Products &amp; Ecological Toys\u00a0","description":"Specialised Swiss shop selling sustainable educational toys and games, AMI certified Montessori materials, handmade ecological wooden Waldorf toys and arts &amp; crafts supplies, school supplies, children&#039;s furniture and Montessori reference and parenting books.","publisher":{"@id":"https:\/\/teiaeducation.ch\/de\/#organization"},"alternateName":"Teia Education & Play","potentialAction":[{"@type":"SearchAction","target":{"@type":"EntryPoint","urlTemplate":"https:\/\/teiaeducation.ch\/de\/?s={search_term_string}"},"query-input":{"@type":"PropertyValueSpecification","valueRequired":true,"valueName":"search_term_string"}}],"inLanguage":"de-CH"},{"@type":"Organization","@id":"https:\/\/teiaeducation.ch\/de\/#organization","name":"Teia Education & Play","url":"https:\/\/teiaeducation.ch\/de\/","logo":{"@type":"ImageObject","inLanguage":"de-CH","@id":"https:\/\/teiaeducation.ch\/de\/#\/schema\/logo\/image\/","url":"https:\/\/teiaeducation.ch\/wp-content\/uploads\/2020\/11\/Teia-Education-Switzerland-e1620156442216.jpg","contentUrl":"https:\/\/teiaeducation.ch\/wp-content\/uploads\/2020\/11\/Teia-Education-Switzerland-e1620156442216.jpg","width":166,"height":145,"caption":"Teia Education & Play"},"image":{"@id":"https:\/\/teiaeducation.ch\/de\/#\/schema\/logo\/image\/"},"sameAs":["https:\/\/www.facebook.com\/teiaeducation\/","https:\/\/x.com\/EducationTeia","https:\/\/www.instagram.com\/teia.education\/","https:\/\/www.linkedin.com\/company\/35501660","https:\/\/www.pinterest.ch\/TeiaEducation\/"]}]},"product_price_amount":"74.90","product_price_currency":"CHF","og_availability":"instock","product_availability":"instock","product_retailer_item_id":"00000000000000000000000000000000000000000000039298","product_condition":"new"},"_links":{"self":[{"href":"https:\/\/teiaeducation.ch\/de\/wp-json\/wp\/v2\/product\/61059","targetHints":{"allow":["GET"]}}],"collection":[{"href":"https:\/\/teiaeducation.ch\/de\/wp-json\/wp\/v2\/product"}],"about":[{"href":"https:\/\/teiaeducation.ch\/de\/wp-json\/wp\/v2\/types\/product"}],"replies":[{"embeddable":true,"href":"https:\/\/teiaeducation.ch\/de\/wp-json\/wp\/v2\/comments?post=61059"}],"wp:featuredmedia":[{"embeddable":true,"href":"https:\/\/teiaeducation.ch\/de\/wp-json\/wp\/v2\/media\/61060"}],"wp:attachment":[{"href":"https:\/\/teiaeducation.ch\/de\/wp-json\/wp\/v2\/media?parent=61059"}],"wp:term":[{"taxonomy":"product_brand","embeddable":true,"href":"https:\/\/teiaeducation.ch\/de\/wp-json\/wp\/v2\/product_brand?post=61059"},{"taxonomy":"product_cat","embeddable":true,"href":"https:\/\/teiaeducation.ch\/de\/wp-json\/wp\/v2\/product_cat?post=61059"},{"taxonomy":"product_tag","embeddable":true,"href":"https:\/\/teiaeducation.ch\/de\/wp-json\/wp\/v2\/product_tag?post=61059"}],"curies":[{"name":"wp","href":"https:\/\/api.w.org\/{rel}","templated":true}]}}