{"id":61185,"date":"2021-09-10T17:00:16","date_gmt":"2021-09-10T15:00:16","guid":{"rendered":"https:\/\/teiaeducation.ch\/product\/relief-puzzle-kreise-und-formen-entdecke-farbe-und-form-rolf\/"},"modified":"2024-09-20T15:05:30","modified_gmt":"2024-09-20T13:05:30","slug":"relief-puzzle-kreise-und-formen-entdecke-farbe-und-form-rolf","status":"publish","type":"product","link":"https:\/\/teiaeducation.ch\/de\/produkt\/relief-puzzle-kreise-und-formen-entdecke-farbe-und-form-rolf\/","title":{"rendered":"Reliefpuzzle Kreise und Formen entdecke Farbe und Form &#8211; Rolf"},"content":{"rendered":"<p>Das Rolf Reliefpuzzle Kreise und Formen entdecke Farbe und Form ist ein herrlich buntes Lernpuzzle aus Holz. Es wurde sorgf\u00e4ltig entwickelt, um die Entwicklungs- und Lernbed\u00fcrfnisse von Kindern auf spielerische Weise zu erf\u00fcllen.<\/p>\n<p>Das Puzzle besteht aus 4 bunten Kreisen mit 4 verschiedenen Formen im Inneren &#8211; einem Kreis, Stern, Quadrat und Dreieck. Die Kinder m\u00fcssen sich eher auf das Erkennen von <a href=\"https:\/\/teiaeducation.ch\/product-category\/learning-themes\/mathematics-numeracy\/shapes\/\">Formen<\/a> als von <a href=\"https:\/\/teiaeducation.ch\/product-category\/learning-themes\/sensory-motor-skills\/learning-about-colour\/\">Farben<\/a> konzentrieren, da die Formen innerhalb der Kreise eine andere Farbe haben als die \u00e4u\u00dferen.<\/p>\n<p>Die gro\u00dfz\u00fcgig bemessenen, klobigen Holzpuzzleteile machen es kleinen H\u00e4nden leicht, sie anzuheben, zu greifen, zu untersuchen und wieder einzusetzen. Dies hilft den Kindern, ihre Geschicklichkeit zu entwickeln und gleichzeitig ihre Anpassungsf\u00e4higkeit und Konzentration zu verbessern.<\/p>\n<p>Das Rolf Reliefpuzzle Kreise und Formen entdecke Farbe und Form ist ein fantastisches Einstiegspuzzle f\u00fcr kleine Kinder, um Farben und Formenerkennung zu lernen.<\/p>\n<p>Die Kinder werden beim Spielen auch ihre kognitiven F\u00e4higkeiten, ihr kritisches Denken, ihre Probleml\u00f6sungsf\u00e4higkeiten und ihre <a href=\"https:\/\/teiaeducation.ch\/product-category\/learning-themes\/sensory-motor-skills\/motor-skills\/\">Feinmotorik<\/a> verbessern!<\/p>\n<p>Dieses sch\u00f6ne und spannende <a href=\"https:\/\/teiaeducation.ch\/product-category\/play\/wooden-puzzles\/\">Holzpuzzle<\/a> mit 8 Teilen und den Ma\u00dfen 24,5 x 24,5 cm wird jedes Spiel- oder Lernzimmer versch\u00f6nern.<\/p>\n<p>Das Rolf Reliefpuzzle Kreise und Formen entdecke Farbe und Form ist f\u00fcr Kinder ab 3 Jahren geeignet.<\/p>\n<p>Inhalt:<\/p>\n<p>1 Holzpuzzle mit 8 Teilen<\/p>\n<h2>Uber Rolf<\/h2>\n<p>Die Niederl\u00e4ndische Marke <a href=\"https:\/\/teiaeducation.ch\/product-category\/brands\/rolf\/\">Rolf<\/a> arbeitet eng mit Lehrern und Bildungsexperten zusammen, um Produkte zu entwickeln, die die Entwicklung der Kinder f\u00f6rdern, ihr Wissen und ihre F\u00e4higkeiten verbessern und die Ziele der Lehrer unterst\u00fctzen.<\/p>\n<p>Jedes p\u00e4dagogische Rolf-Produkt bietet ein komplettes Sortiment an Entwicklungsbausteinen\u201c f\u00fcr das kindliche Gehirn und f\u00f6rdert <a href=\"https:\/\/teiaeducation.ch\/product-category\/hgh-quality-toys-play\/\">spiel<\/a>erisch verschiedene F\u00e4higkeiten wie <a href=\"https:\/\/teiaeducation.ch\/product-category\/learning-themes\/mathematics-numeracy\/\">Mathematik<\/a>, <a href=\"https:\/\/teiaeducation.ch\/product-category\/learning-themes\/literacy-language\/\">Sprache<\/a>, <a href=\"https:\/\/teiaeducation.ch\/product-category\/creative-art-craft\/\">Kreativit\u00e4t<\/a>, Motorik und sogar Selbstvertrauen.<\/p>\n<p>Rolfs originelle und unverwechselbare <a href=\"https:\/\/teiaeducation.ch\/product-category\/learning-themes\/\">Unterrichtsmaterialien<\/a> sind an ihren robusten Materialien, lebhaften Farben und ansprechenden Illustrationen zu erkennen. Kinder werden die wunderbaren Lern- und Spielprodukte lieben, von den lustigen und herausfordernden Puzzles, die das Lernen zum Leben erwecken, bis hin zu den robusten und farbenfrohen <a href=\"https:\/\/teiaeducation.ch\/product-category\/hgh-quality-toys-play\/outdoor-toys\/\">Outdoor<\/a>&#8211; und <a href=\"https:\/\/teiaeducation.ch\/product-category\/hgh-quality-toys-play\/sand-toys\/\">Sandspielzeugen<\/a>, die perfekt f\u00fcr den Strand oder den Sandkasten sind.<\/p>\n<p>Jedes Rolf-Produkt wird in den Niederlanden entworfen und nachhaltig hergestellt. Das garantiert hochwertige Produkte, die sicher und langlebig sind und stundenlanges Spielen und Lernen erm\u00f6glichen. Alle Rolf-Produkte sind nach den Europ\u00e4ischen Sicherheitsvorschriften getestet und wurden von den Kindern selbst ausgiebig gepr\u00fcft und f\u00fcr gut befunden, da sie viel Spa\u00df beim Spielen machen und echte Lernm\u00f6glichkeiten bieten.<\/p>\n","protected":false},"excerpt":{"rendered":"<p>Artikelnummer: 220.3445<\/p>\n<p>Das Rolf Reliefpuzzle Kreise und Formen entdecke Farbe und Form aus Holz lehrt die Kinder, Farben und Formen zuzuordnen. Hergestellt in den Niederlanden.<\/p>\n","protected":false},"featured_media":60168,"comment_status":"open","ping_status":"closed","template":"","meta":[],"product_brand":[],"product_cat":[21445,21479,21558,21550,21509,21537,21559,21443,21563,21660,21557,21482,21564],"product_tag":[29177,29172,29272,29176,29273,29175,29271,29173,29270],"class_list":{"0":"post-61185","1":"product","2":"type-product","3":"status-publish","4":"has-post-thumbnail","6":"product_cat-3-6-jahre-vorschule","7":"product_cat-lernmaterialien-spielzeug-montessori-waldorf-steiner-froebel","8":"product_cat-farbe-lernen","9":"product_cat-formen","10":"product_cat-lernthemen","11":"product_cat-mathematik-rechnen","12":"product_cat-motorische-fertigkeiten","13":"product_cat-nach-alter","14":"product_cat-neuheiten","15":"product_cat-rolf-de","16":"product_cat-sensorische-motorische-fertigkeiten","17":"product_cat-traditionelle-bildung","18":"product_cat-unsere-marken","19":"product_tag-lernpuzzles-aus-holz","20":"product_tag-puzzles-aus-holz-de","21":"product_tag-puzzles-mit-passenden-formen","22":"product_tag-regenbogen-puzzle","23":"product_tag-rolf-kreise-und-formen-puzzle","24":"product_tag-rolf-puzzle-de","25":"product_tag-rolf-puzzle-regenbogen-kreis","26":"product_tag-rolf-puzzles-de","27":"product_tag-rolf-relief-puzzle-kreise-und-formen-entdecke-farbe-und-form","29":"first","30":"instock","31":"taxable","32":"shipping-taxable","33":"purchasable","34":"product-type-simple"},"yoast_head":"<!-- This site is optimized with the Yoast SEO plugin v27.1.1 - https:\/\/yoast.com\/product\/yoast-seo-wordpress\/ -->\n<title>Reliefpuzzle Kreise und Formen entdecke Farbe und Form - Rolf<\/title>\n<meta name=\"description\" content=\"Das Rolf Reliefpuzzle Kreise und Formen entdecke Farbe und Form aus Holz lehrt die Kinder, Farben und Formen zuzuordnen. Hergestellt in den Niederlanden.\" \/>\n<meta name=\"robots\" content=\"index, follow, max-snippet:-1, max-image-preview:large, max-video-preview:-1\" \/>\n<link rel=\"canonical\" href=\"https:\/\/teiaeducation.ch\/de\/produkt\/relief-puzzle-kreise-und-formen-entdecke-farbe-und-form-rolf\/\" \/>\n<meta property=\"og:locale\" content=\"de_DE\" \/>\n<meta property=\"og:type\" content=\"article\" \/>\n<meta property=\"og:title\" content=\"Reliefpuzzle Kreise und Formen entdecke Farbe und Form - Rolf\" \/>\n<meta property=\"og:description\" content=\"Das Rolf Reliefpuzzle Kreise und Formen entdecke Farbe und Form aus Holz lehrt die Kinder, Farben und Formen zuzuordnen. Hergestellt in den Niederlanden.\" \/>\n<meta property=\"og:url\" content=\"https:\/\/teiaeducation.ch\/de\/produkt\/relief-puzzle-kreise-und-formen-entdecke-farbe-und-form-rolf\/\" \/>\n<meta property=\"og:site_name\" content=\"Sustainable Educational Products &amp; Ecological Toys\u00a0\" \/>\n<meta property=\"article:publisher\" content=\"https:\/\/www.facebook.com\/teiaeducation\/\" \/>\n<meta property=\"article:modified_time\" content=\"2024-09-20T13:05:30+00:00\" \/>\n<meta property=\"og:image\" content=\"https:\/\/teiaeducation.ch\/wp-content\/uploads\/2021\/09\/Relief-puzzle-discover-colour-and-shape-circles-and-shapes-Rolf-2203445.png\" \/>\n\t<meta property=\"og:image:width\" content=\"1000\" \/>\n\t<meta property=\"og:image:height\" content=\"820\" \/>\n\t<meta property=\"og:image:type\" content=\"image\/png\" \/>\n<script type=\"application\/ld+json\" class=\"yoast-schema-graph\">{\"@context\":\"https:\/\/schema.org\",\"@graph\":[{\"@type\":\"WebPage\",\"@id\":\"https:\/\/teiaeducation.ch\/de\/produkt\/relief-puzzle-kreise-und-formen-entdecke-farbe-und-form-rolf\/\",\"url\":\"https:\/\/teiaeducation.ch\/de\/produkt\/relief-puzzle-kreise-und-formen-entdecke-farbe-und-form-rolf\/\",\"name\":\"Reliefpuzzle Kreise und Formen entdecke Farbe und Form - Rolf\",\"isPartOf\":{\"@id\":\"https:\/\/teiaeducation.ch\/de\/#website\"},\"primaryImageOfPage\":{\"@id\":\"https:\/\/teiaeducation.ch\/de\/produkt\/relief-puzzle-kreise-und-formen-entdecke-farbe-und-form-rolf\/#primaryimage\"},\"image\":{\"@id\":\"https:\/\/teiaeducation.ch\/de\/produkt\/relief-puzzle-kreise-und-formen-entdecke-farbe-und-form-rolf\/#primaryimage\"},\"thumbnailUrl\":\"https:\/\/teiaeducation.ch\/wp-content\/uploads\/2021\/09\/Relief-puzzle-discover-colour-and-shape-circles-and-shapes-Rolf-2203445.png\",\"datePublished\":\"2021-09-10T15:00:16+00:00\",\"dateModified\":\"2024-09-20T13:05:30+00:00\",\"description\":\"Das Rolf Reliefpuzzle Kreise und Formen entdecke Farbe und Form aus Holz lehrt die Kinder, Farben und Formen zuzuordnen. Hergestellt in den Niederlanden.\",\"breadcrumb\":{\"@id\":\"https:\/\/teiaeducation.ch\/de\/produkt\/relief-puzzle-kreise-und-formen-entdecke-farbe-und-form-rolf\/#breadcrumb\"},\"inLanguage\":\"de-CH\",\"potentialAction\":[{\"@type\":\"ReadAction\",\"target\":[\"https:\/\/teiaeducation.ch\/de\/produkt\/relief-puzzle-kreise-und-formen-entdecke-farbe-und-form-rolf\/\"]}]},{\"@type\":\"ImageObject\",\"inLanguage\":\"de-CH\",\"@id\":\"https:\/\/teiaeducation.ch\/de\/produkt\/relief-puzzle-kreise-und-formen-entdecke-farbe-und-form-rolf\/#primaryimage\",\"url\":\"https:\/\/teiaeducation.ch\/wp-content\/uploads\/2021\/09\/Relief-puzzle-discover-colour-and-shape-circles-and-shapes-Rolf-2203445.png\",\"contentUrl\":\"https:\/\/teiaeducation.ch\/wp-content\/uploads\/2021\/09\/Relief-puzzle-discover-colour-and-shape-circles-and-shapes-Rolf-2203445.png\",\"width\":1000,\"height\":820,\"caption\":\"Relief Puzzle Kreise und Formen entdecke Farbe und Form Rolf\"},{\"@type\":\"BreadcrumbList\",\"@id\":\"https:\/\/teiaeducation.ch\/de\/produkt\/relief-puzzle-kreise-und-formen-entdecke-farbe-und-form-rolf\/#breadcrumb\",\"itemListElement\":[{\"@type\":\"ListItem\",\"position\":1,\"name\":\"Home\",\"item\":\"https:\/\/teiaeducation.ch\/de\/\"},{\"@type\":\"ListItem\",\"position\":2,\"name\":\"Laden\",\"item\":\"https:\/\/teiaeducation.ch\/de\/shop\/\"},{\"@type\":\"ListItem\",\"position\":3,\"name\":\"Unsere Marken\",\"item\":\"https:\/\/teiaeducation.ch\/de\/produkt-kategorie\/unsere-marken\/\"},{\"@type\":\"ListItem\",\"position\":4,\"name\":\"Rolf\",\"item\":\"https:\/\/teiaeducation.ch\/de\/produkt-kategorie\/unsere-marken\/rolf-de\/\"},{\"@type\":\"ListItem\",\"position\":5,\"name\":\"Reliefpuzzle Kreise und Formen entdecke Farbe und Form &#8211; Rolf\"}]},{\"@type\":\"WebSite\",\"@id\":\"https:\/\/teiaeducation.ch\/de\/#website\",\"url\":\"https:\/\/teiaeducation.ch\/de\/\",\"name\":\"Sustainable Educational Products &amp; Ecological Toys\u00a0\",\"description\":\"Specialised Swiss shop selling sustainable educational toys and games, AMI certified Montessori materials, handmade ecological wooden Waldorf toys and arts &amp; crafts supplies, school supplies, children&#039;s furniture and Montessori reference and parenting books.\",\"publisher\":{\"@id\":\"https:\/\/teiaeducation.ch\/de\/#organization\"},\"alternateName\":\"Teia Education & Play\",\"potentialAction\":[{\"@type\":\"SearchAction\",\"target\":{\"@type\":\"EntryPoint\",\"urlTemplate\":\"https:\/\/teiaeducation.ch\/de\/?s={search_term_string}\"},\"query-input\":{\"@type\":\"PropertyValueSpecification\",\"valueRequired\":true,\"valueName\":\"search_term_string\"}}],\"inLanguage\":\"de-CH\"},{\"@type\":\"Organization\",\"@id\":\"https:\/\/teiaeducation.ch\/de\/#organization\",\"name\":\"Teia Education & Play\",\"url\":\"https:\/\/teiaeducation.ch\/de\/\",\"logo\":{\"@type\":\"ImageObject\",\"inLanguage\":\"de-CH\",\"@id\":\"https:\/\/teiaeducation.ch\/de\/#\/schema\/logo\/image\/\",\"url\":\"https:\/\/teiaeducation.ch\/wp-content\/uploads\/2020\/11\/Teia-Education-Switzerland-e1620156442216.jpg\",\"contentUrl\":\"https:\/\/teiaeducation.ch\/wp-content\/uploads\/2020\/11\/Teia-Education-Switzerland-e1620156442216.jpg\",\"width\":166,\"height\":145,\"caption\":\"Teia Education & Play\"},\"image\":{\"@id\":\"https:\/\/teiaeducation.ch\/de\/#\/schema\/logo\/image\/\"},\"sameAs\":[\"https:\/\/www.facebook.com\/teiaeducation\/\",\"https:\/\/x.com\/EducationTeia\",\"https:\/\/www.instagram.com\/teia.education\/\",\"https:\/\/www.linkedin.com\/company\/35501660\",\"https:\/\/www.pinterest.ch\/TeiaEducation\/\"]}]}<\/script>\n<!-- \/ Yoast SEO plugin. -->","yoast_head_json":{"title":"Reliefpuzzle Kreise und Formen entdecke Farbe und Form - Rolf","description":"Das Rolf Reliefpuzzle Kreise und Formen entdecke Farbe und Form aus Holz lehrt die Kinder, Farben und Formen zuzuordnen. Hergestellt in den Niederlanden.","robots":{"index":"index","follow":"follow","max-snippet":"max-snippet:-1","max-image-preview":"max-image-preview:large","max-video-preview":"max-video-preview:-1"},"canonical":"https:\/\/teiaeducation.ch\/de\/produkt\/relief-puzzle-kreise-und-formen-entdecke-farbe-und-form-rolf\/","og_locale":"de_DE","og_type":"article","og_title":"Reliefpuzzle Kreise und Formen entdecke Farbe und Form - Rolf","og_description":"Das Rolf Reliefpuzzle Kreise und Formen entdecke Farbe und Form aus Holz lehrt die Kinder, Farben und Formen zuzuordnen. Hergestellt in den Niederlanden.","og_url":"https:\/\/teiaeducation.ch\/de\/produkt\/relief-puzzle-kreise-und-formen-entdecke-farbe-und-form-rolf\/","og_site_name":"Sustainable Educational Products &amp; Ecological Toys\u00a0","article_publisher":"https:\/\/www.facebook.com\/teiaeducation\/","article_modified_time":"2024-09-20T13:05:30+00:00","og_image":[{"width":1000,"height":820,"url":"https:\/\/teiaeducation.ch\/wp-content\/uploads\/2021\/09\/Relief-puzzle-discover-colour-and-shape-circles-and-shapes-Rolf-2203445.png","type":"image\/png"}],"schema":{"@context":"https:\/\/schema.org","@graph":[{"@type":"WebPage","@id":"https:\/\/teiaeducation.ch\/de\/produkt\/relief-puzzle-kreise-und-formen-entdecke-farbe-und-form-rolf\/","url":"https:\/\/teiaeducation.ch\/de\/produkt\/relief-puzzle-kreise-und-formen-entdecke-farbe-und-form-rolf\/","name":"Reliefpuzzle Kreise und Formen entdecke Farbe und Form - Rolf","isPartOf":{"@id":"https:\/\/teiaeducation.ch\/de\/#website"},"primaryImageOfPage":{"@id":"https:\/\/teiaeducation.ch\/de\/produkt\/relief-puzzle-kreise-und-formen-entdecke-farbe-und-form-rolf\/#primaryimage"},"image":{"@id":"https:\/\/teiaeducation.ch\/de\/produkt\/relief-puzzle-kreise-und-formen-entdecke-farbe-und-form-rolf\/#primaryimage"},"thumbnailUrl":"https:\/\/teiaeducation.ch\/wp-content\/uploads\/2021\/09\/Relief-puzzle-discover-colour-and-shape-circles-and-shapes-Rolf-2203445.png","datePublished":"2021-09-10T15:00:16+00:00","dateModified":"2024-09-20T13:05:30+00:00","description":"Das Rolf Reliefpuzzle Kreise und Formen entdecke Farbe und Form aus Holz lehrt die Kinder, Farben und Formen zuzuordnen. Hergestellt in den Niederlanden.","breadcrumb":{"@id":"https:\/\/teiaeducation.ch\/de\/produkt\/relief-puzzle-kreise-und-formen-entdecke-farbe-und-form-rolf\/#breadcrumb"},"inLanguage":"de-CH","potentialAction":[{"@type":"ReadAction","target":["https:\/\/teiaeducation.ch\/de\/produkt\/relief-puzzle-kreise-und-formen-entdecke-farbe-und-form-rolf\/"]}]},{"@type":"ImageObject","inLanguage":"de-CH","@id":"https:\/\/teiaeducation.ch\/de\/produkt\/relief-puzzle-kreise-und-formen-entdecke-farbe-und-form-rolf\/#primaryimage","url":"https:\/\/teiaeducation.ch\/wp-content\/uploads\/2021\/09\/Relief-puzzle-discover-colour-and-shape-circles-and-shapes-Rolf-2203445.png","contentUrl":"https:\/\/teiaeducation.ch\/wp-content\/uploads\/2021\/09\/Relief-puzzle-discover-colour-and-shape-circles-and-shapes-Rolf-2203445.png","width":1000,"height":820,"caption":"Relief Puzzle Kreise und Formen entdecke Farbe und Form Rolf"},{"@type":"BreadcrumbList","@id":"https:\/\/teiaeducation.ch\/de\/produkt\/relief-puzzle-kreise-und-formen-entdecke-farbe-und-form-rolf\/#breadcrumb","itemListElement":[{"@type":"ListItem","position":1,"name":"Home","item":"https:\/\/teiaeducation.ch\/de\/"},{"@type":"ListItem","position":2,"name":"Laden","item":"https:\/\/teiaeducation.ch\/de\/shop\/"},{"@type":"ListItem","position":3,"name":"Unsere Marken","item":"https:\/\/teiaeducation.ch\/de\/produkt-kategorie\/unsere-marken\/"},{"@type":"ListItem","position":4,"name":"Rolf","item":"https:\/\/teiaeducation.ch\/de\/produkt-kategorie\/unsere-marken\/rolf-de\/"},{"@type":"ListItem","position":5,"name":"Reliefpuzzle Kreise und Formen entdecke Farbe und Form &#8211; Rolf"}]},{"@type":"WebSite","@id":"https:\/\/teiaeducation.ch\/de\/#website","url":"https:\/\/teiaeducation.ch\/de\/","name":"Sustainable Educational Products &amp; Ecological Toys\u00a0","description":"Specialised Swiss shop selling sustainable educational toys and games, AMI certified Montessori materials, handmade ecological wooden Waldorf toys and arts &amp; crafts supplies, school supplies, children&#039;s furniture and Montessori reference and parenting books.","publisher":{"@id":"https:\/\/teiaeducation.ch\/de\/#organization"},"alternateName":"Teia Education & Play","potentialAction":[{"@type":"SearchAction","target":{"@type":"EntryPoint","urlTemplate":"https:\/\/teiaeducation.ch\/de\/?s={search_term_string}"},"query-input":{"@type":"PropertyValueSpecification","valueRequired":true,"valueName":"search_term_string"}}],"inLanguage":"de-CH"},{"@type":"Organization","@id":"https:\/\/teiaeducation.ch\/de\/#organization","name":"Teia Education & Play","url":"https:\/\/teiaeducation.ch\/de\/","logo":{"@type":"ImageObject","inLanguage":"de-CH","@id":"https:\/\/teiaeducation.ch\/de\/#\/schema\/logo\/image\/","url":"https:\/\/teiaeducation.ch\/wp-content\/uploads\/2020\/11\/Teia-Education-Switzerland-e1620156442216.jpg","contentUrl":"https:\/\/teiaeducation.ch\/wp-content\/uploads\/2020\/11\/Teia-Education-Switzerland-e1620156442216.jpg","width":166,"height":145,"caption":"Teia Education & Play"},"image":{"@id":"https:\/\/teiaeducation.ch\/de\/#\/schema\/logo\/image\/"},"sameAs":["https:\/\/www.facebook.com\/teiaeducation\/","https:\/\/x.com\/EducationTeia","https:\/\/www.instagram.com\/teia.education\/","https:\/\/www.linkedin.com\/company\/35501660","https:\/\/www.pinterest.ch\/TeiaEducation\/"]}]}},"_links":{"self":[{"href":"https:\/\/teiaeducation.ch\/de\/wp-json\/wp\/v2\/product\/61185","targetHints":{"allow":["GET"]}}],"collection":[{"href":"https:\/\/teiaeducation.ch\/de\/wp-json\/wp\/v2\/product"}],"about":[{"href":"https:\/\/teiaeducation.ch\/de\/wp-json\/wp\/v2\/types\/product"}],"replies":[{"embeddable":true,"href":"https:\/\/teiaeducation.ch\/de\/wp-json\/wp\/v2\/comments?post=61185"}],"wp:featuredmedia":[{"embeddable":true,"href":"https:\/\/teiaeducation.ch\/de\/wp-json\/wp\/v2\/media\/60168"}],"wp:attachment":[{"href":"https:\/\/teiaeducation.ch\/de\/wp-json\/wp\/v2\/media?parent=61185"}],"wp:term":[{"taxonomy":"product_brand","embeddable":true,"href":"https:\/\/teiaeducation.ch\/de\/wp-json\/wp\/v2\/product_brand?post=61185"},{"taxonomy":"product_cat","embeddable":true,"href":"https:\/\/teiaeducation.ch\/de\/wp-json\/wp\/v2\/product_cat?post=61185"},{"taxonomy":"product_tag","embeddable":true,"href":"https:\/\/teiaeducation.ch\/de\/wp-json\/wp\/v2\/product_tag?post=61185"}],"curies":[{"name":"wp","href":"https:\/\/api.w.org\/{rel}","templated":true}]}}