{"id":61189,"date":"2021-09-10T16:55:43","date_gmt":"2021-09-10T14:55:43","guid":{"rendered":"https:\/\/teiaeducation.ch\/product\/relief-puzzle-regenbogen-kreis-entdecke-farbe-und-form-rolf\/"},"modified":"2024-09-20T14:51:59","modified_gmt":"2024-09-20T12:51:59","slug":"relief-puzzle-regenbogen-kreis-entdecke-farbe-und-form-rolf","status":"publish","type":"product","link":"https:\/\/teiaeducation.ch\/de\/produkt\/relief-puzzle-regenbogen-kreis-entdecke-farbe-und-form-rolf\/","title":{"rendered":"Reliefpuzzle Regenbogen Kreis entdecke Farbe und Form &#8211; Rolf"},"content":{"rendered":"<p>Rolfs Reliefpuzzle Regenbogen Kreis entdecke Farbe und <a href=\"https:\/\/teiaeducation.ch\/product-category\/learning-themes\/mathematics-numeracy\/shapes\/\">Form<\/a> ist ein entz\u00fcckendes buntes Lernpuzzle aus Holz. Es wurde sorgf\u00e4ltig entwickelt, um die Entwicklungs- und Lernbed\u00fcrfnisse von Kindern auf spielerische Weise zu erf\u00fcllen.<\/p>\n<p>Die Kinder verbessern ihre Farbunterscheidungsf\u00e4higkeiten, um das bunte Puzzle zu vervollst\u00e4ndigen. Die Puzzleteile m\u00fcssen kreisf\u00f6rmig angeordnet werden, und dann k\u00f6nnen die Dreieckteile farblich an die richtige Stelle gebracht werden. Kinder k\u00f6nnen beim Spielen ihre kognitiven F\u00e4higkeiten, ihr kritisches Denken, ihre Probleml\u00f6sungskompetenz und ihre <a href=\"https:\/\/teiaeducation.ch\/product-category\/learning-themes\/sensory-motor-skills\/motor-skills\/\">Feinmotorik<\/a> entwickeln!<\/p>\n<p>Dieses sch\u00f6ne und spannende <a href=\"https:\/\/teiaeducation.ch\/product-category\/play\/wooden-puzzles\/\">Holzpuzzle<\/a> mit 16 Teilen und den Ma\u00dfen 24,5 x 24,5 cm wird jedes Spiel- oder Lernzimmer versch\u00f6nern.<\/p>\n<p>Das Rolf Relief Puzzle Regenbogen Kreis entdecke <a href=\"https:\/\/teiaeducation.ch\/product-category\/learning-themes\/sensory-motor-skills\/learning-about-colour\/\">Farbe<\/a> und Form ist f\u00fcr Kinder ab 3 Jahren geeignet.<\/p>\n<p>Inhalt:<\/p>\n<p>1 Holzpuzzle mit 16 Teilen<\/p>\n<h2>Uber Rolf<\/h2>\n<p>Die Niederl\u00e4ndische Marke <a href=\"https:\/\/teiaeducation.ch\/product-category\/brands\/rolf\/\">Rolf<\/a> arbeitet eng mit Lehrern und Bildungsexperten zusammen, um Produkte zu entwickeln, die die Entwicklung der Kinder f\u00f6rdern, ihr Wissen und ihre F\u00e4higkeiten verbessern und die Ziele der Lehrer unterst\u00fctzen.<\/p>\n<p>Jedes p\u00e4dagogische Rolf-Produkt bietet ein komplettes Sortiment an Entwicklungsbausteinen\u201c f\u00fcr das kindliche Gehirn und f\u00f6rdert <a href=\"https:\/\/teiaeducation.ch\/product-category\/hgh-quality-toys-play\/\">spiel<\/a>erisch verschiedene F\u00e4higkeiten wie <a href=\"https:\/\/teiaeducation.ch\/product-category\/learning-themes\/mathematics-numeracy\/\">Mathematik<\/a>, <a href=\"https:\/\/teiaeducation.ch\/product-category\/learning-themes\/literacy-language\/\">Sprache<\/a>, <a href=\"https:\/\/teiaeducation.ch\/product-category\/creative-art-craft\/\">Kreativit\u00e4t<\/a>, Motorik und sogar Selbstvertrauen.<\/p>\n<p>Rolfs originelle und unverwechselbare <a href=\"https:\/\/teiaeducation.ch\/product-category\/learning-themes\/\">Unterrichtsmaterialien<\/a> sind an ihren robusten Materialien, lebhaften Farben und ansprechenden Illustrationen zu erkennen. Kinder werden die wunderbaren Lern- und Spielprodukte lieben, von den lustigen und herausfordernden Puzzles, die das Lernen zum Leben erwecken, bis hin zu den robusten und farbenfrohen <a href=\"https:\/\/teiaeducation.ch\/product-category\/hgh-quality-toys-play\/outdoor-toys\/\">Outdoor<\/a>&#8211; und <a href=\"https:\/\/teiaeducation.ch\/product-category\/hgh-quality-toys-play\/sand-toys\/\">Sandspielzeugen<\/a>, die perfekt f\u00fcr den Strand oder den Sandkasten sind.<\/p>\n<p>Jedes Rolf-Produkt wird in den Niederlanden entworfen und nachhaltig hergestellt. Das garantiert hochwertige Produkte, die sicher und langlebig sind und stundenlanges Spielen und Lernen erm\u00f6glichen. Alle Rolf-Produkte sind nach den Europ\u00e4ischen Sicherheitsvorschriften getestet und wurden von den Kindern selbst ausgiebig gepr\u00fcft und f\u00fcr gut befunden, da sie viel Spa\u00df beim Spielen machen und echte Lernm\u00f6glichkeiten bieten.<\/p>\n","protected":false},"excerpt":{"rendered":"<p>Artikelnummer: 220.3444<\/p>\n<p>Das Rolf Reliefpuzzle aus Holz Regenbogen Kreis entdecke Farbe und Form lehrt Kinder die F\u00e4higkeit, Farben zuzuordnen. Hergestellt in den Niederlanden!<\/p>\n","protected":false},"featured_media":60150,"comment_status":"open","ping_status":"closed","template":"","meta":[],"product_brand":[],"product_cat":[21445,21446,21479,21558,21509,22182,21443,21563,21660,21557,21678,21482,21564],"product_tag":[29255,29258,29260,29177,29259,29172,29176,29175,29271,29173,29270],"class_list":{"0":"post-61189","1":"product","2":"type-product","3":"status-publish","4":"has-post-thumbnail","6":"product_cat-3-6-jahre-vorschule","7":"product_cat-6-12-jahre-grundschule","8":"product_cat-lernmaterialien-spielzeug-montessori-waldorf-steiner-froebel","9":"product_cat-farbe-lernen","10":"product_cat-lernthemen","11":"product_cat-montessori-spielzeug","12":"product_cat-nach-alter","13":"product_cat-neuheiten","14":"product_cat-rolf-de","15":"product_cat-sensorische-motorische-fertigkeiten","16":"product_cat-kinder-spielzeug","17":"product_cat-traditionelle-bildung","18":"product_cat-unsere-marken","19":"product_tag-farben-puzzles","20":"product_tag-farblich-passende-puzzles","21":"product_tag-farbtone-puzzle","22":"product_tag-lernpuzzles-aus-holz","23":"product_tag-puzzle-der-farbtone-de","24":"product_tag-puzzles-aus-holz-de","25":"product_tag-regenbogen-puzzle","26":"product_tag-rolf-puzzle-de","27":"product_tag-rolf-puzzle-regenbogen-kreis","28":"product_tag-rolf-puzzles-de","29":"product_tag-rolf-relief-puzzle-kreise-und-formen-entdecke-farbe-und-form","31":"first","32":"instock","33":"taxable","34":"shipping-taxable","35":"purchasable","36":"product-type-simple"},"yoast_head":"<!-- This site is optimized with the Yoast SEO plugin v27.1.1 - https:\/\/yoast.com\/product\/yoast-seo-wordpress\/ -->\n<title>Relief Puzzle Regenbogen Kreis entdecke Farbe und Form - Rolf<\/title>\n<meta name=\"description\" content=\"Das Rolf Reliefpuzzle aus Holz Regenbogen Kreis entdecke Farbe und Form lehrt Kinder die F\u00e4higkeit, Farben zuzuordnen. Hergestellt in den Niederlanden.\" \/>\n<meta name=\"robots\" content=\"index, follow, max-snippet:-1, max-image-preview:large, max-video-preview:-1\" \/>\n<link rel=\"canonical\" href=\"https:\/\/teiaeducation.ch\/de\/produkt\/relief-puzzle-regenbogen-kreis-entdecke-farbe-und-form-rolf\/\" \/>\n<meta property=\"og:locale\" content=\"de_DE\" \/>\n<meta property=\"og:type\" content=\"article\" \/>\n<meta property=\"og:title\" content=\"Relief Puzzle Regenbogen Kreis entdecke Farbe und Form - Rolf\" \/>\n<meta property=\"og:description\" content=\"Das Rolf Reliefpuzzle aus Holz Regenbogen Kreis entdecke Farbe und Form lehrt Kinder die F\u00e4higkeit, Farben zuzuordnen. Hergestellt in den Niederlanden.\" \/>\n<meta property=\"og:url\" content=\"https:\/\/teiaeducation.ch\/de\/produkt\/relief-puzzle-regenbogen-kreis-entdecke-farbe-und-form-rolf\/\" \/>\n<meta property=\"og:site_name\" content=\"Sustainable Educational Products &amp; Ecological Toys\u00a0\" \/>\n<meta property=\"article:publisher\" content=\"https:\/\/www.facebook.com\/teiaeducation\/\" \/>\n<meta property=\"article:modified_time\" content=\"2024-09-20T12:51:59+00:00\" \/>\n<meta property=\"og:image\" content=\"https:\/\/teiaeducation.ch\/wp-content\/uploads\/2021\/09\/Relief-puzzle-discover-colour-and-shape-rainbow-circle-Rolf-2203444.png\" \/>\n\t<meta property=\"og:image:width\" content=\"1000\" \/>\n\t<meta property=\"og:image:height\" content=\"813\" \/>\n\t<meta property=\"og:image:type\" content=\"image\/png\" \/>\n<script type=\"application\/ld+json\" class=\"yoast-schema-graph\">{\"@context\":\"https:\/\/schema.org\",\"@graph\":[{\"@type\":\"WebPage\",\"@id\":\"https:\/\/teiaeducation.ch\/de\/produkt\/relief-puzzle-regenbogen-kreis-entdecke-farbe-und-form-rolf\/\",\"url\":\"https:\/\/teiaeducation.ch\/de\/produkt\/relief-puzzle-regenbogen-kreis-entdecke-farbe-und-form-rolf\/\",\"name\":\"Relief Puzzle Regenbogen Kreis entdecke Farbe und Form - Rolf\",\"isPartOf\":{\"@id\":\"https:\/\/teiaeducation.ch\/de\/#website\"},\"primaryImageOfPage\":{\"@id\":\"https:\/\/teiaeducation.ch\/de\/produkt\/relief-puzzle-regenbogen-kreis-entdecke-farbe-und-form-rolf\/#primaryimage\"},\"image\":{\"@id\":\"https:\/\/teiaeducation.ch\/de\/produkt\/relief-puzzle-regenbogen-kreis-entdecke-farbe-und-form-rolf\/#primaryimage\"},\"thumbnailUrl\":\"https:\/\/teiaeducation.ch\/wp-content\/uploads\/2021\/09\/Relief-puzzle-discover-colour-and-shape-rainbow-circle-Rolf-2203444.png\",\"datePublished\":\"2021-09-10T14:55:43+00:00\",\"dateModified\":\"2024-09-20T12:51:59+00:00\",\"description\":\"Das Rolf Reliefpuzzle aus Holz Regenbogen Kreis entdecke Farbe und Form lehrt Kinder die F\u00e4higkeit, Farben zuzuordnen. Hergestellt in den Niederlanden.\",\"breadcrumb\":{\"@id\":\"https:\/\/teiaeducation.ch\/de\/produkt\/relief-puzzle-regenbogen-kreis-entdecke-farbe-und-form-rolf\/#breadcrumb\"},\"inLanguage\":\"de-CH\",\"potentialAction\":[{\"@type\":\"ReadAction\",\"target\":[\"https:\/\/teiaeducation.ch\/de\/produkt\/relief-puzzle-regenbogen-kreis-entdecke-farbe-und-form-rolf\/\"]}]},{\"@type\":\"ImageObject\",\"inLanguage\":\"de-CH\",\"@id\":\"https:\/\/teiaeducation.ch\/de\/produkt\/relief-puzzle-regenbogen-kreis-entdecke-farbe-und-form-rolf\/#primaryimage\",\"url\":\"https:\/\/teiaeducation.ch\/wp-content\/uploads\/2021\/09\/Relief-puzzle-discover-colour-and-shape-rainbow-circle-Rolf-2203444.png\",\"contentUrl\":\"https:\/\/teiaeducation.ch\/wp-content\/uploads\/2021\/09\/Relief-puzzle-discover-colour-and-shape-rainbow-circle-Rolf-2203444.png\",\"width\":1000,\"height\":813,\"caption\":\"Relief Puzzle Regenbogen Kreis entdecke Farbe und Form Rolf 2203444\"},{\"@type\":\"BreadcrumbList\",\"@id\":\"https:\/\/teiaeducation.ch\/de\/produkt\/relief-puzzle-regenbogen-kreis-entdecke-farbe-und-form-rolf\/#breadcrumb\",\"itemListElement\":[{\"@type\":\"ListItem\",\"position\":1,\"name\":\"Home\",\"item\":\"https:\/\/teiaeducation.ch\/de\/\"},{\"@type\":\"ListItem\",\"position\":2,\"name\":\"Laden\",\"item\":\"https:\/\/teiaeducation.ch\/de\/shop\/\"},{\"@type\":\"ListItem\",\"position\":3,\"name\":\"Unsere Marken\",\"item\":\"https:\/\/teiaeducation.ch\/de\/produkt-kategorie\/unsere-marken\/\"},{\"@type\":\"ListItem\",\"position\":4,\"name\":\"Rolf\",\"item\":\"https:\/\/teiaeducation.ch\/de\/produkt-kategorie\/unsere-marken\/rolf-de\/\"},{\"@type\":\"ListItem\",\"position\":5,\"name\":\"Reliefpuzzle Regenbogen Kreis entdecke Farbe und Form &#8211; Rolf\"}]},{\"@type\":\"WebSite\",\"@id\":\"https:\/\/teiaeducation.ch\/de\/#website\",\"url\":\"https:\/\/teiaeducation.ch\/de\/\",\"name\":\"Sustainable Educational Products &amp; Ecological Toys\u00a0\",\"description\":\"Specialised Swiss shop selling sustainable educational toys and games, AMI certified Montessori materials, handmade ecological wooden Waldorf toys and arts &amp; crafts supplies, school supplies, children&#039;s furniture and Montessori reference and parenting books.\",\"publisher\":{\"@id\":\"https:\/\/teiaeducation.ch\/de\/#organization\"},\"alternateName\":\"Teia Education & Play\",\"potentialAction\":[{\"@type\":\"SearchAction\",\"target\":{\"@type\":\"EntryPoint\",\"urlTemplate\":\"https:\/\/teiaeducation.ch\/de\/?s={search_term_string}\"},\"query-input\":{\"@type\":\"PropertyValueSpecification\",\"valueRequired\":true,\"valueName\":\"search_term_string\"}}],\"inLanguage\":\"de-CH\"},{\"@type\":\"Organization\",\"@id\":\"https:\/\/teiaeducation.ch\/de\/#organization\",\"name\":\"Teia Education & Play\",\"url\":\"https:\/\/teiaeducation.ch\/de\/\",\"logo\":{\"@type\":\"ImageObject\",\"inLanguage\":\"de-CH\",\"@id\":\"https:\/\/teiaeducation.ch\/de\/#\/schema\/logo\/image\/\",\"url\":\"https:\/\/teiaeducation.ch\/wp-content\/uploads\/2020\/11\/Teia-Education-Switzerland-e1620156442216.jpg\",\"contentUrl\":\"https:\/\/teiaeducation.ch\/wp-content\/uploads\/2020\/11\/Teia-Education-Switzerland-e1620156442216.jpg\",\"width\":166,\"height\":145,\"caption\":\"Teia Education & Play\"},\"image\":{\"@id\":\"https:\/\/teiaeducation.ch\/de\/#\/schema\/logo\/image\/\"},\"sameAs\":[\"https:\/\/www.facebook.com\/teiaeducation\/\",\"https:\/\/x.com\/EducationTeia\",\"https:\/\/www.instagram.com\/teia.education\/\",\"https:\/\/www.linkedin.com\/company\/35501660\",\"https:\/\/www.pinterest.ch\/TeiaEducation\/\"]}]}<\/script>\n<!-- \/ Yoast SEO plugin. -->","yoast_head_json":{"title":"Relief Puzzle Regenbogen Kreis entdecke Farbe und Form - Rolf","description":"Das Rolf Reliefpuzzle aus Holz Regenbogen Kreis entdecke Farbe und Form lehrt Kinder die F\u00e4higkeit, Farben zuzuordnen. Hergestellt in den Niederlanden.","robots":{"index":"index","follow":"follow","max-snippet":"max-snippet:-1","max-image-preview":"max-image-preview:large","max-video-preview":"max-video-preview:-1"},"canonical":"https:\/\/teiaeducation.ch\/de\/produkt\/relief-puzzle-regenbogen-kreis-entdecke-farbe-und-form-rolf\/","og_locale":"de_DE","og_type":"article","og_title":"Relief Puzzle Regenbogen Kreis entdecke Farbe und Form - Rolf","og_description":"Das Rolf Reliefpuzzle aus Holz Regenbogen Kreis entdecke Farbe und Form lehrt Kinder die F\u00e4higkeit, Farben zuzuordnen. Hergestellt in den Niederlanden.","og_url":"https:\/\/teiaeducation.ch\/de\/produkt\/relief-puzzle-regenbogen-kreis-entdecke-farbe-und-form-rolf\/","og_site_name":"Sustainable Educational Products &amp; Ecological Toys\u00a0","article_publisher":"https:\/\/www.facebook.com\/teiaeducation\/","article_modified_time":"2024-09-20T12:51:59+00:00","og_image":[{"width":1000,"height":813,"url":"https:\/\/teiaeducation.ch\/wp-content\/uploads\/2021\/09\/Relief-puzzle-discover-colour-and-shape-rainbow-circle-Rolf-2203444.png","type":"image\/png"}],"schema":{"@context":"https:\/\/schema.org","@graph":[{"@type":"WebPage","@id":"https:\/\/teiaeducation.ch\/de\/produkt\/relief-puzzle-regenbogen-kreis-entdecke-farbe-und-form-rolf\/","url":"https:\/\/teiaeducation.ch\/de\/produkt\/relief-puzzle-regenbogen-kreis-entdecke-farbe-und-form-rolf\/","name":"Relief Puzzle Regenbogen Kreis entdecke Farbe und Form - Rolf","isPartOf":{"@id":"https:\/\/teiaeducation.ch\/de\/#website"},"primaryImageOfPage":{"@id":"https:\/\/teiaeducation.ch\/de\/produkt\/relief-puzzle-regenbogen-kreis-entdecke-farbe-und-form-rolf\/#primaryimage"},"image":{"@id":"https:\/\/teiaeducation.ch\/de\/produkt\/relief-puzzle-regenbogen-kreis-entdecke-farbe-und-form-rolf\/#primaryimage"},"thumbnailUrl":"https:\/\/teiaeducation.ch\/wp-content\/uploads\/2021\/09\/Relief-puzzle-discover-colour-and-shape-rainbow-circle-Rolf-2203444.png","datePublished":"2021-09-10T14:55:43+00:00","dateModified":"2024-09-20T12:51:59+00:00","description":"Das Rolf Reliefpuzzle aus Holz Regenbogen Kreis entdecke Farbe und Form lehrt Kinder die F\u00e4higkeit, Farben zuzuordnen. Hergestellt in den Niederlanden.","breadcrumb":{"@id":"https:\/\/teiaeducation.ch\/de\/produkt\/relief-puzzle-regenbogen-kreis-entdecke-farbe-und-form-rolf\/#breadcrumb"},"inLanguage":"de-CH","potentialAction":[{"@type":"ReadAction","target":["https:\/\/teiaeducation.ch\/de\/produkt\/relief-puzzle-regenbogen-kreis-entdecke-farbe-und-form-rolf\/"]}]},{"@type":"ImageObject","inLanguage":"de-CH","@id":"https:\/\/teiaeducation.ch\/de\/produkt\/relief-puzzle-regenbogen-kreis-entdecke-farbe-und-form-rolf\/#primaryimage","url":"https:\/\/teiaeducation.ch\/wp-content\/uploads\/2021\/09\/Relief-puzzle-discover-colour-and-shape-rainbow-circle-Rolf-2203444.png","contentUrl":"https:\/\/teiaeducation.ch\/wp-content\/uploads\/2021\/09\/Relief-puzzle-discover-colour-and-shape-rainbow-circle-Rolf-2203444.png","width":1000,"height":813,"caption":"Relief Puzzle Regenbogen Kreis entdecke Farbe und Form Rolf 2203444"},{"@type":"BreadcrumbList","@id":"https:\/\/teiaeducation.ch\/de\/produkt\/relief-puzzle-regenbogen-kreis-entdecke-farbe-und-form-rolf\/#breadcrumb","itemListElement":[{"@type":"ListItem","position":1,"name":"Home","item":"https:\/\/teiaeducation.ch\/de\/"},{"@type":"ListItem","position":2,"name":"Laden","item":"https:\/\/teiaeducation.ch\/de\/shop\/"},{"@type":"ListItem","position":3,"name":"Unsere Marken","item":"https:\/\/teiaeducation.ch\/de\/produkt-kategorie\/unsere-marken\/"},{"@type":"ListItem","position":4,"name":"Rolf","item":"https:\/\/teiaeducation.ch\/de\/produkt-kategorie\/unsere-marken\/rolf-de\/"},{"@type":"ListItem","position":5,"name":"Reliefpuzzle Regenbogen Kreis entdecke Farbe und Form &#8211; Rolf"}]},{"@type":"WebSite","@id":"https:\/\/teiaeducation.ch\/de\/#website","url":"https:\/\/teiaeducation.ch\/de\/","name":"Sustainable Educational Products &amp; Ecological Toys\u00a0","description":"Specialised Swiss shop selling sustainable educational toys and games, AMI certified Montessori materials, handmade ecological wooden Waldorf toys and arts &amp; crafts supplies, school supplies, children&#039;s furniture and Montessori reference and parenting books.","publisher":{"@id":"https:\/\/teiaeducation.ch\/de\/#organization"},"alternateName":"Teia Education & Play","potentialAction":[{"@type":"SearchAction","target":{"@type":"EntryPoint","urlTemplate":"https:\/\/teiaeducation.ch\/de\/?s={search_term_string}"},"query-input":{"@type":"PropertyValueSpecification","valueRequired":true,"valueName":"search_term_string"}}],"inLanguage":"de-CH"},{"@type":"Organization","@id":"https:\/\/teiaeducation.ch\/de\/#organization","name":"Teia Education & Play","url":"https:\/\/teiaeducation.ch\/de\/","logo":{"@type":"ImageObject","inLanguage":"de-CH","@id":"https:\/\/teiaeducation.ch\/de\/#\/schema\/logo\/image\/","url":"https:\/\/teiaeducation.ch\/wp-content\/uploads\/2020\/11\/Teia-Education-Switzerland-e1620156442216.jpg","contentUrl":"https:\/\/teiaeducation.ch\/wp-content\/uploads\/2020\/11\/Teia-Education-Switzerland-e1620156442216.jpg","width":166,"height":145,"caption":"Teia Education & Play"},"image":{"@id":"https:\/\/teiaeducation.ch\/de\/#\/schema\/logo\/image\/"},"sameAs":["https:\/\/www.facebook.com\/teiaeducation\/","https:\/\/x.com\/EducationTeia","https:\/\/www.instagram.com\/teia.education\/","https:\/\/www.linkedin.com\/company\/35501660","https:\/\/www.pinterest.ch\/TeiaEducation\/"]}]}},"_links":{"self":[{"href":"https:\/\/teiaeducation.ch\/de\/wp-json\/wp\/v2\/product\/61189","targetHints":{"allow":["GET"]}}],"collection":[{"href":"https:\/\/teiaeducation.ch\/de\/wp-json\/wp\/v2\/product"}],"about":[{"href":"https:\/\/teiaeducation.ch\/de\/wp-json\/wp\/v2\/types\/product"}],"replies":[{"embeddable":true,"href":"https:\/\/teiaeducation.ch\/de\/wp-json\/wp\/v2\/comments?post=61189"}],"wp:featuredmedia":[{"embeddable":true,"href":"https:\/\/teiaeducation.ch\/de\/wp-json\/wp\/v2\/media\/60150"}],"wp:attachment":[{"href":"https:\/\/teiaeducation.ch\/de\/wp-json\/wp\/v2\/media?parent=61189"}],"wp:term":[{"taxonomy":"product_brand","embeddable":true,"href":"https:\/\/teiaeducation.ch\/de\/wp-json\/wp\/v2\/product_brand?post=61189"},{"taxonomy":"product_cat","embeddable":true,"href":"https:\/\/teiaeducation.ch\/de\/wp-json\/wp\/v2\/product_cat?post=61189"},{"taxonomy":"product_tag","embeddable":true,"href":"https:\/\/teiaeducation.ch\/de\/wp-json\/wp\/v2\/product_tag?post=61189"}],"curies":[{"name":"wp","href":"https:\/\/api.w.org\/{rel}","templated":true}]}}