{"id":61196,"date":"2021-09-10T16:45:33","date_gmt":"2021-09-10T14:45:33","guid":{"rendered":"https:\/\/teiaeducation.ch\/product\/relief-puzzle-regenbogenstrahlen-entdecke-groessen-rolf\/"},"modified":"2024-09-20T15:00:04","modified_gmt":"2024-09-20T13:00:04","slug":"relief-puzzle-regenbogenstrahlen-entdecke-groessen-rolf","status":"publish","type":"product","link":"https:\/\/teiaeducation.ch\/de\/produkt\/relief-puzzle-regenbogenstrahlen-entdecke-groessen-rolf\/","title":{"rendered":"Reliefpuzzle Regenbogenstrahlen entdecke Gr\u00f6sse &#8211; Rolf"},"content":{"rendered":"<p>Rolfs Reliefpuzzle Regenbogenstrahlen entdecke <a href=\"https:\/\/teiaeducation.ch\/product-category\/learning-themes\/mathematics-numeracy\/size\/\">Gr\u00f6sse<\/a> ist ein herrlich buntes Lernpuzzle aus Holz! Es wurde sorgf\u00e4ltig entwickelt, um die Entwicklungs- und Lernbed\u00fcrfnisse von Kindern auf spielerische Weise zu erf\u00fcllen.<\/p>\n<p>Mit diesem farbenfrohen Puzzle k\u00f6nnen Kinder ihre F\u00e4higkeiten zur Gr\u00f6\u00dfenunterscheidung verbessern. Die Kreisteile m\u00fcssen sorgf\u00e4ltig gepr\u00fcft und entsprechend ihrer Gr\u00f6\u00dfe angeordnet werden. Da es sich bei allen Teilen um Linien handelt, ist die F\u00e4higkeit zur Gr\u00f6\u00dfenunterscheidung isoliert. Eine gro\u00dfartige M\u00f6glichkeit, fr\u00fche mathematische F\u00e4higkeiten zu entwickeln!<\/p>\n<p>Die Kinder entwickeln beim Spielen auch ihre kognitiven F\u00e4higkeiten, ihr kritisches Denken, ihre Probleml\u00f6sungsf\u00e4higkeiten und ihre <a href=\"https:\/\/teiaeducation.ch\/product-category\/learning-themes\/sensory-motor-skills\/motor-skills\/\">Feinmotorik<\/a>!<\/p>\n<p>Erh\u00f6hte Kanten helfen Kindern, die Teile dieses Puzzles leicht zu greifen und zu heben. Dieses sch\u00f6ne und ansprechende Holzpuzzle mit 12 Teilen und den Ma\u00dfen 24,5 x 24,5 cm ist eine Bereicherung f\u00fcr jedes Spiel- oder Lernzimmer.<\/p>\n<p>Das Rolf Reliefpuzzle Regenbogenstrahlen entdecke Gr\u00f6sse ist f\u00fcr Kinder ab 3 Jahren geeignet.<\/p>\n<p>Inhalt:<\/p>\n<p>1 Puzzle mit 12 Teilen<\/p>\n<h2>Uber Rolf<\/h2>\n<p>Die Niederl\u00e4ndische Marke <a href=\"https:\/\/teiaeducation.ch\/product-category\/brands\/rolf\/\">Rolf<\/a> arbeitet eng mit Lehrern und Bildungsexperten zusammen, um Produkte zu entwickeln, die die Entwicklung der Kinder f\u00f6rdern, ihr Wissen und ihre F\u00e4higkeiten verbessern und die Ziele der Lehrer unterst\u00fctzen.<\/p>\n<p>Jedes p\u00e4dagogische Rolf-Produkt bietet ein komplettes Sortiment an Entwicklungsbausteinen\u201c f\u00fcr das kindliche Gehirn und f\u00f6rdert <a href=\"https:\/\/teiaeducation.ch\/product-category\/hgh-quality-toys-play\/\">spiel<\/a>erisch verschiedene F\u00e4higkeiten wie <a href=\"https:\/\/teiaeducation.ch\/product-category\/learning-themes\/mathematics-numeracy\/\">Mathematik<\/a>, <a href=\"https:\/\/teiaeducation.ch\/product-category\/learning-themes\/literacy-language\/\">Sprache<\/a>, <a href=\"https:\/\/teiaeducation.ch\/product-category\/creative-art-craft\/\">Kreativit\u00e4t<\/a>, Motorik und sogar Selbstvertrauen.<\/p>\n<p>Rolfs originelle und unverwechselbare <a href=\"https:\/\/teiaeducation.ch\/product-category\/learning-themes\/\">Unterrichtsmaterialien<\/a> sind an ihren robusten Materialien, lebhaften Farben und ansprechenden Illustrationen zu erkennen. Kinder werden die wunderbaren Lern- und Spielprodukte lieben, von den lustigen und herausfordernden Puzzles, die das Lernen zum Leben erwecken, bis hin zu den robusten und farbenfrohen <a href=\"https:\/\/teiaeducation.ch\/product-category\/hgh-quality-toys-play\/outdoor-toys\/\">Outdoor<\/a>&#8211; und <a href=\"https:\/\/teiaeducation.ch\/product-category\/hgh-quality-toys-play\/sand-toys\/\">Sandspielzeugen<\/a>, die perfekt f\u00fcr den Strand oder den Sandkasten sind.<\/p>\n<p>Jedes Rolf-Produkt wird in den Niederlanden entworfen und nachhaltig hergestellt. Das garantiert hochwertige Produkte, die sicher und langlebig sind und stundenlanges Spielen und Lernen erm\u00f6glichen. Alle Rolf-Produkte sind nach den Europ\u00e4ischen Sicherheitsvorschriften getestet und wurden von den Kindern selbst ausgiebig gepr\u00fcft und f\u00fcr gut befunden, da sie viel Spa\u00df beim Spielen machen und echte Lernm\u00f6glichkeiten bieten.<\/p>\n","protected":false},"excerpt":{"rendered":"<p>Artikelnummer: 220.3441<\/p>\n<p>Das Rolf Reliefpuzzle Regenbogenstrahlen entdecke Gr\u00f6sse ist ein p\u00e4dagogisches Holzpuzzle, das Kindern das Unterscheidungsverm\u00f6gen f\u00fcr Gr\u00f6\u00dfen vermittelt!<\/p>\n","protected":false},"featured_media":60174,"comment_status":"open","ping_status":"closed","template":"","meta":[],"product_brand":[],"product_cat":[21445,21446,21479,21558,21487,21484,21551,23075,21707,21509,21537,21481,22182,21559,21443,21563,21660,22362,21494,21495,21557,23636,21678,21482,21564],"product_tag":[29180,29276,29177,29181,29174,29172,29176,29277,29175,29173,29274,29275],"class_list":{"0":"post-61196","1":"product","2":"type-product","3":"status-publish","4":"has-post-thumbnail","6":"product_cat-3-6-jahre-vorschule","7":"product_cat-6-12-jahre-grundschule","8":"product_cat-lernmaterialien-spielzeug-montessori-waldorf-steiner-froebel","9":"product_cat-farbe-lernen","10":"product_cat-geschenk-guide-3-6-jahre-vorschule","11":"product_cat-geschenk-guides","12":"product_cat-groesse","13":"product_cat-handgefertigtes-holzspielzeug","14":"product_cat-holzpuzzles","15":"product_cat-lernthemen","16":"product_cat-mathematik-rechnen","17":"product_cat-montessori-paedagogik-material-spielzeug","18":"product_cat-montessori-spielzeug","19":"product_cat-motorische-fertigkeiten","20":"product_cat-nach-alter","21":"product_cat-neuheiten","22":"product_cat-rolf-de","23":"product_cat-saisonale-kollektionen","24":"product_cat-schulbedarf-fuer-zuhause","25":"product_cat-schulbedarf-fuer-zuhause-3-6-jahre","26":"product_cat-sensorische-motorische-fertigkeiten","27":"product_cat-sommer-kollektion","28":"product_cat-kinder-spielzeug","29":"product_cat-traditionelle-bildung","30":"product_cat-unsere-marken","31":"product_tag-grose-puzzle","32":"product_tag-grosenunterscheidung-holzpuzzle","33":"product_tag-lernpuzzles-aus-holz","34":"product_tag-puzzle-fur-mathematische-fahigkeiten","35":"product_tag-puzzle-zur-grosenunterscheidung","36":"product_tag-puzzles-aus-holz-de","37":"product_tag-regenbogen-puzzle","38":"product_tag-regenbogenstrahlen-holzpuzzle","39":"product_tag-rolf-puzzle-de","40":"product_tag-rolf-puzzles-de","41":"product_tag-rolf-regenbogen-strahlen-puzzle","42":"product_tag-rolf-relief-puzzle-regenbogenstrahlen-entdecke-grosen","44":"first","45":"outofstock","46":"taxable","47":"shipping-taxable","48":"purchasable","49":"product-type-simple"},"yoast_head":"<!-- This site is optimized with the Yoast SEO plugin v27.1.1 - https:\/\/yoast.com\/product\/yoast-seo-wordpress\/ -->\n<title>Reliefpuzzle Regenbogenstrahlen entdecke Gr\u00f6sse - Rolf<\/title>\n<meta name=\"description\" content=\"Das Rolf Reliefpuzzle Regenbogenstrahlen entdecke Gr\u00f6sse ist ein p\u00e4dagogisches Holzpuzzle, das Kindern das Unterscheidungsverm\u00f6gen f\u00fcr Gr\u00f6\u00dfen vermittelt.\" \/>\n<meta name=\"robots\" content=\"index, follow, max-snippet:-1, max-image-preview:large, max-video-preview:-1\" \/>\n<link rel=\"canonical\" href=\"https:\/\/teiaeducation.ch\/de\/produkt\/relief-puzzle-regenbogenstrahlen-entdecke-groessen-rolf\/\" \/>\n<meta property=\"og:locale\" content=\"de_DE\" \/>\n<meta property=\"og:type\" content=\"article\" \/>\n<meta property=\"og:title\" content=\"Reliefpuzzle Regenbogenstrahlen entdecke Gr\u00f6sse - Rolf\" \/>\n<meta property=\"og:description\" content=\"Das Rolf Reliefpuzzle Regenbogenstrahlen entdecke Gr\u00f6sse ist ein p\u00e4dagogisches Holzpuzzle, das Kindern das Unterscheidungsverm\u00f6gen f\u00fcr Gr\u00f6\u00dfen vermittelt.\" \/>\n<meta property=\"og:url\" content=\"https:\/\/teiaeducation.ch\/de\/produkt\/relief-puzzle-regenbogenstrahlen-entdecke-groessen-rolf\/\" \/>\n<meta property=\"og:site_name\" content=\"Sustainable Educational Products &amp; Ecological Toys\u00a0\" \/>\n<meta property=\"article:publisher\" content=\"https:\/\/www.facebook.com\/teiaeducation\/\" \/>\n<meta property=\"article:modified_time\" content=\"2024-09-20T13:00:04+00:00\" \/>\n<meta property=\"og:image\" content=\"https:\/\/teiaeducation.ch\/wp-content\/uploads\/2021\/09\/2203443.png\" \/>\n\t<meta property=\"og:image:width\" content=\"1000\" \/>\n\t<meta property=\"og:image:height\" content=\"1068\" \/>\n\t<meta property=\"og:image:type\" content=\"image\/png\" \/>\n<script type=\"application\/ld+json\" class=\"yoast-schema-graph\">{\"@context\":\"https:\/\/schema.org\",\"@graph\":[{\"@type\":\"WebPage\",\"@id\":\"https:\/\/teiaeducation.ch\/de\/produkt\/relief-puzzle-regenbogenstrahlen-entdecke-groessen-rolf\/\",\"url\":\"https:\/\/teiaeducation.ch\/de\/produkt\/relief-puzzle-regenbogenstrahlen-entdecke-groessen-rolf\/\",\"name\":\"Reliefpuzzle Regenbogenstrahlen entdecke Gr\u00f6sse - Rolf\",\"isPartOf\":{\"@id\":\"https:\/\/teiaeducation.ch\/de\/#website\"},\"primaryImageOfPage\":{\"@id\":\"https:\/\/teiaeducation.ch\/de\/produkt\/relief-puzzle-regenbogenstrahlen-entdecke-groessen-rolf\/#primaryimage\"},\"image\":{\"@id\":\"https:\/\/teiaeducation.ch\/de\/produkt\/relief-puzzle-regenbogenstrahlen-entdecke-groessen-rolf\/#primaryimage\"},\"thumbnailUrl\":\"https:\/\/teiaeducation.ch\/wp-content\/uploads\/2021\/09\/2203443.png\",\"datePublished\":\"2021-09-10T14:45:33+00:00\",\"dateModified\":\"2024-09-20T13:00:04+00:00\",\"description\":\"Das Rolf Reliefpuzzle Regenbogenstrahlen entdecke Gr\u00f6sse ist ein p\u00e4dagogisches Holzpuzzle, das Kindern das Unterscheidungsverm\u00f6gen f\u00fcr Gr\u00f6\u00dfen vermittelt.\",\"breadcrumb\":{\"@id\":\"https:\/\/teiaeducation.ch\/de\/produkt\/relief-puzzle-regenbogenstrahlen-entdecke-groessen-rolf\/#breadcrumb\"},\"inLanguage\":\"de-CH\",\"potentialAction\":[{\"@type\":\"ReadAction\",\"target\":[\"https:\/\/teiaeducation.ch\/de\/produkt\/relief-puzzle-regenbogenstrahlen-entdecke-groessen-rolf\/\"]}]},{\"@type\":\"ImageObject\",\"inLanguage\":\"de-CH\",\"@id\":\"https:\/\/teiaeducation.ch\/de\/produkt\/relief-puzzle-regenbogenstrahlen-entdecke-groessen-rolf\/#primaryimage\",\"url\":\"https:\/\/teiaeducation.ch\/wp-content\/uploads\/2021\/09\/2203443.png\",\"contentUrl\":\"https:\/\/teiaeducation.ch\/wp-content\/uploads\/2021\/09\/2203443.png\",\"width\":1000,\"height\":1068,\"caption\":\"Relief Puzzle Regenbogenstrahlen entdecke Gr\u00f6\u00dfen Rolf\"},{\"@type\":\"BreadcrumbList\",\"@id\":\"https:\/\/teiaeducation.ch\/de\/produkt\/relief-puzzle-regenbogenstrahlen-entdecke-groessen-rolf\/#breadcrumb\",\"itemListElement\":[{\"@type\":\"ListItem\",\"position\":1,\"name\":\"Home\",\"item\":\"https:\/\/teiaeducation.ch\/de\/\"},{\"@type\":\"ListItem\",\"position\":2,\"name\":\"Laden\",\"item\":\"https:\/\/teiaeducation.ch\/de\/shop\/\"},{\"@type\":\"ListItem\",\"position\":3,\"name\":\"Unsere Marken\",\"item\":\"https:\/\/teiaeducation.ch\/de\/produkt-kategorie\/unsere-marken\/\"},{\"@type\":\"ListItem\",\"position\":4,\"name\":\"Rolf\",\"item\":\"https:\/\/teiaeducation.ch\/de\/produkt-kategorie\/unsere-marken\/rolf-de\/\"},{\"@type\":\"ListItem\",\"position\":5,\"name\":\"Reliefpuzzle Regenbogenstrahlen entdecke Gr\u00f6sse &#8211; Rolf\"}]},{\"@type\":\"WebSite\",\"@id\":\"https:\/\/teiaeducation.ch\/de\/#website\",\"url\":\"https:\/\/teiaeducation.ch\/de\/\",\"name\":\"Sustainable Educational Products &amp; Ecological Toys\u00a0\",\"description\":\"Specialised Swiss shop selling sustainable educational toys and games, AMI certified Montessori materials, handmade ecological wooden Waldorf toys and arts &amp; crafts supplies, school supplies, children&#039;s furniture and Montessori reference and parenting books.\",\"publisher\":{\"@id\":\"https:\/\/teiaeducation.ch\/de\/#organization\"},\"alternateName\":\"Teia Education & Play\",\"potentialAction\":[{\"@type\":\"SearchAction\",\"target\":{\"@type\":\"EntryPoint\",\"urlTemplate\":\"https:\/\/teiaeducation.ch\/de\/?s={search_term_string}\"},\"query-input\":{\"@type\":\"PropertyValueSpecification\",\"valueRequired\":true,\"valueName\":\"search_term_string\"}}],\"inLanguage\":\"de-CH\"},{\"@type\":\"Organization\",\"@id\":\"https:\/\/teiaeducation.ch\/de\/#organization\",\"name\":\"Teia Education & Play\",\"url\":\"https:\/\/teiaeducation.ch\/de\/\",\"logo\":{\"@type\":\"ImageObject\",\"inLanguage\":\"de-CH\",\"@id\":\"https:\/\/teiaeducation.ch\/de\/#\/schema\/logo\/image\/\",\"url\":\"https:\/\/teiaeducation.ch\/wp-content\/uploads\/2020\/11\/Teia-Education-Switzerland-e1620156442216.jpg\",\"contentUrl\":\"https:\/\/teiaeducation.ch\/wp-content\/uploads\/2020\/11\/Teia-Education-Switzerland-e1620156442216.jpg\",\"width\":166,\"height\":145,\"caption\":\"Teia Education & Play\"},\"image\":{\"@id\":\"https:\/\/teiaeducation.ch\/de\/#\/schema\/logo\/image\/\"},\"sameAs\":[\"https:\/\/www.facebook.com\/teiaeducation\/\",\"https:\/\/x.com\/EducationTeia\",\"https:\/\/www.instagram.com\/teia.education\/\",\"https:\/\/www.linkedin.com\/company\/35501660\",\"https:\/\/www.pinterest.ch\/TeiaEducation\/\"]}]}<\/script>\n<!-- \/ Yoast SEO plugin. -->","yoast_head_json":{"title":"Reliefpuzzle Regenbogenstrahlen entdecke Gr\u00f6sse - Rolf","description":"Das Rolf Reliefpuzzle Regenbogenstrahlen entdecke Gr\u00f6sse ist ein p\u00e4dagogisches Holzpuzzle, das Kindern das Unterscheidungsverm\u00f6gen f\u00fcr Gr\u00f6\u00dfen vermittelt.","robots":{"index":"index","follow":"follow","max-snippet":"max-snippet:-1","max-image-preview":"max-image-preview:large","max-video-preview":"max-video-preview:-1"},"canonical":"https:\/\/teiaeducation.ch\/de\/produkt\/relief-puzzle-regenbogenstrahlen-entdecke-groessen-rolf\/","og_locale":"de_DE","og_type":"article","og_title":"Reliefpuzzle Regenbogenstrahlen entdecke Gr\u00f6sse - Rolf","og_description":"Das Rolf Reliefpuzzle Regenbogenstrahlen entdecke Gr\u00f6sse ist ein p\u00e4dagogisches Holzpuzzle, das Kindern das Unterscheidungsverm\u00f6gen f\u00fcr Gr\u00f6\u00dfen vermittelt.","og_url":"https:\/\/teiaeducation.ch\/de\/produkt\/relief-puzzle-regenbogenstrahlen-entdecke-groessen-rolf\/","og_site_name":"Sustainable Educational Products &amp; Ecological Toys\u00a0","article_publisher":"https:\/\/www.facebook.com\/teiaeducation\/","article_modified_time":"2024-09-20T13:00:04+00:00","og_image":[{"width":1000,"height":1068,"url":"https:\/\/teiaeducation.ch\/wp-content\/uploads\/2021\/09\/2203443.png","type":"image\/png"}],"schema":{"@context":"https:\/\/schema.org","@graph":[{"@type":"WebPage","@id":"https:\/\/teiaeducation.ch\/de\/produkt\/relief-puzzle-regenbogenstrahlen-entdecke-groessen-rolf\/","url":"https:\/\/teiaeducation.ch\/de\/produkt\/relief-puzzle-regenbogenstrahlen-entdecke-groessen-rolf\/","name":"Reliefpuzzle Regenbogenstrahlen entdecke Gr\u00f6sse - Rolf","isPartOf":{"@id":"https:\/\/teiaeducation.ch\/de\/#website"},"primaryImageOfPage":{"@id":"https:\/\/teiaeducation.ch\/de\/produkt\/relief-puzzle-regenbogenstrahlen-entdecke-groessen-rolf\/#primaryimage"},"image":{"@id":"https:\/\/teiaeducation.ch\/de\/produkt\/relief-puzzle-regenbogenstrahlen-entdecke-groessen-rolf\/#primaryimage"},"thumbnailUrl":"https:\/\/teiaeducation.ch\/wp-content\/uploads\/2021\/09\/2203443.png","datePublished":"2021-09-10T14:45:33+00:00","dateModified":"2024-09-20T13:00:04+00:00","description":"Das Rolf Reliefpuzzle Regenbogenstrahlen entdecke Gr\u00f6sse ist ein p\u00e4dagogisches Holzpuzzle, das Kindern das Unterscheidungsverm\u00f6gen f\u00fcr Gr\u00f6\u00dfen vermittelt.","breadcrumb":{"@id":"https:\/\/teiaeducation.ch\/de\/produkt\/relief-puzzle-regenbogenstrahlen-entdecke-groessen-rolf\/#breadcrumb"},"inLanguage":"de-CH","potentialAction":[{"@type":"ReadAction","target":["https:\/\/teiaeducation.ch\/de\/produkt\/relief-puzzle-regenbogenstrahlen-entdecke-groessen-rolf\/"]}]},{"@type":"ImageObject","inLanguage":"de-CH","@id":"https:\/\/teiaeducation.ch\/de\/produkt\/relief-puzzle-regenbogenstrahlen-entdecke-groessen-rolf\/#primaryimage","url":"https:\/\/teiaeducation.ch\/wp-content\/uploads\/2021\/09\/2203443.png","contentUrl":"https:\/\/teiaeducation.ch\/wp-content\/uploads\/2021\/09\/2203443.png","width":1000,"height":1068,"caption":"Relief Puzzle Regenbogenstrahlen entdecke Gr\u00f6\u00dfen Rolf"},{"@type":"BreadcrumbList","@id":"https:\/\/teiaeducation.ch\/de\/produkt\/relief-puzzle-regenbogenstrahlen-entdecke-groessen-rolf\/#breadcrumb","itemListElement":[{"@type":"ListItem","position":1,"name":"Home","item":"https:\/\/teiaeducation.ch\/de\/"},{"@type":"ListItem","position":2,"name":"Laden","item":"https:\/\/teiaeducation.ch\/de\/shop\/"},{"@type":"ListItem","position":3,"name":"Unsere Marken","item":"https:\/\/teiaeducation.ch\/de\/produkt-kategorie\/unsere-marken\/"},{"@type":"ListItem","position":4,"name":"Rolf","item":"https:\/\/teiaeducation.ch\/de\/produkt-kategorie\/unsere-marken\/rolf-de\/"},{"@type":"ListItem","position":5,"name":"Reliefpuzzle Regenbogenstrahlen entdecke Gr\u00f6sse &#8211; Rolf"}]},{"@type":"WebSite","@id":"https:\/\/teiaeducation.ch\/de\/#website","url":"https:\/\/teiaeducation.ch\/de\/","name":"Sustainable Educational Products &amp; Ecological Toys\u00a0","description":"Specialised Swiss shop selling sustainable educational toys and games, AMI certified Montessori materials, handmade ecological wooden Waldorf toys and arts &amp; crafts supplies, school supplies, children&#039;s furniture and Montessori reference and parenting books.","publisher":{"@id":"https:\/\/teiaeducation.ch\/de\/#organization"},"alternateName":"Teia Education & Play","potentialAction":[{"@type":"SearchAction","target":{"@type":"EntryPoint","urlTemplate":"https:\/\/teiaeducation.ch\/de\/?s={search_term_string}"},"query-input":{"@type":"PropertyValueSpecification","valueRequired":true,"valueName":"search_term_string"}}],"inLanguage":"de-CH"},{"@type":"Organization","@id":"https:\/\/teiaeducation.ch\/de\/#organization","name":"Teia Education & Play","url":"https:\/\/teiaeducation.ch\/de\/","logo":{"@type":"ImageObject","inLanguage":"de-CH","@id":"https:\/\/teiaeducation.ch\/de\/#\/schema\/logo\/image\/","url":"https:\/\/teiaeducation.ch\/wp-content\/uploads\/2020\/11\/Teia-Education-Switzerland-e1620156442216.jpg","contentUrl":"https:\/\/teiaeducation.ch\/wp-content\/uploads\/2020\/11\/Teia-Education-Switzerland-e1620156442216.jpg","width":166,"height":145,"caption":"Teia Education & Play"},"image":{"@id":"https:\/\/teiaeducation.ch\/de\/#\/schema\/logo\/image\/"},"sameAs":["https:\/\/www.facebook.com\/teiaeducation\/","https:\/\/x.com\/EducationTeia","https:\/\/www.instagram.com\/teia.education\/","https:\/\/www.linkedin.com\/company\/35501660","https:\/\/www.pinterest.ch\/TeiaEducation\/"]}]}},"_links":{"self":[{"href":"https:\/\/teiaeducation.ch\/de\/wp-json\/wp\/v2\/product\/61196","targetHints":{"allow":["GET"]}}],"collection":[{"href":"https:\/\/teiaeducation.ch\/de\/wp-json\/wp\/v2\/product"}],"about":[{"href":"https:\/\/teiaeducation.ch\/de\/wp-json\/wp\/v2\/types\/product"}],"replies":[{"embeddable":true,"href":"https:\/\/teiaeducation.ch\/de\/wp-json\/wp\/v2\/comments?post=61196"}],"wp:featuredmedia":[{"embeddable":true,"href":"https:\/\/teiaeducation.ch\/de\/wp-json\/wp\/v2\/media\/60174"}],"wp:attachment":[{"href":"https:\/\/teiaeducation.ch\/de\/wp-json\/wp\/v2\/media?parent=61196"}],"wp:term":[{"taxonomy":"product_brand","embeddable":true,"href":"https:\/\/teiaeducation.ch\/de\/wp-json\/wp\/v2\/product_brand?post=61196"},{"taxonomy":"product_cat","embeddable":true,"href":"https:\/\/teiaeducation.ch\/de\/wp-json\/wp\/v2\/product_cat?post=61196"},{"taxonomy":"product_tag","embeddable":true,"href":"https:\/\/teiaeducation.ch\/de\/wp-json\/wp\/v2\/product_tag?post=61196"}],"curies":[{"name":"wp","href":"https:\/\/api.w.org\/{rel}","templated":true}]}}