{"id":61204,"date":"2023-02-14T12:06:13","date_gmt":"2023-02-14T11:06:13","guid":{"rendered":"https:\/\/teiaeducation.ch\/product\/safari-toob-wildtiere-in-nordamerika-figuren-safari-ltd\/"},"modified":"2024-09-20T16:28:10","modified_gmt":"2024-09-20T14:28:10","slug":"safari-toob-wildtiere-in-nordamerika-figuren-safari-ltd","status":"publish","type":"product","link":"https:\/\/teiaeducation.ch\/de\/produkt\/safari-toob-wildtiere-in-nordamerika-figuren-safari-ltd\/","title":{"rendered":"Safari TOOB Wildtiere in Nordamerika Figuren &#8211; Safari Ltd"},"content":{"rendered":"<p>Die Safari TOOB mit realistischen Miniatur Wildtiere in Nordamerika Figuren mit einer gro\u00dfen Auswahl der ber\u00fchmtesten und ikonischsten Bewohner Nordamerikas ist ein wertvolles Montessori-<a href=\"https:\/\/teiaeducation.ch\/product-category\/learning-themes\/\">Lernspielzeug<\/a> f\u00fcr jedes Zuhause oder <a href=\"https:\/\/teiaeducation.ch\/school-supplies-switzerland\/\">Klassenzimmer<\/a>!<\/p>\n<p>Das Set enth\u00e4lt einen Bergl\u00f6wen, einen Wolf, einen Elch, einen gro\u00dfen Hornbock, einen Bison, einen Flussotter, einen Waschb\u00e4r, einen Pronghornbock, einen Elch, einen Grizzlyb\u00e4r, eine Bergziege und einen Biber. Die 12 detailgetreuen und naturgetreuen Tiermodelle helfen den Kindern, die Unterschiede zwischen den <a href=\"https:\/\/teiaeducation.ch\/product\/maxi-puzzle-north-america-with-animals-english-larsen\/\">Arten<\/a>, die auf diesem Kontinent zu Hause sind, zu erkennen, zu sch\u00e4tzen und wahrzunehmen.<\/p>\n<p>Dieses hochwertige und langlebige Safari TOOB Wildtiere in Nordamerika ist ein gro\u00dfartiges Lehrmittel und ein von <a href=\"https:\/\/teiaeducation.ch\/product-category\/hgh-quality-toys-play\/montessori-toys\/\">Montessori inspiriertes Spielzeug<\/a> zur Unterst\u00fctzung des Unterrichts \u00fcber die Kontinente und die verschiedenen nat\u00fcrlichen Lebensr\u00e4ume der <a href=\"https:\/\/teiaeducation.ch\/product\/puzzle-map-world-parts-nienhuis-montessori\/\">Welt<\/a>. Die Lernfiguren zum Anfassen eignen sich auch hervorragend zum Beobachten, zur Unterst\u00fctzung des Biologie-, <a href=\"https:\/\/teiaeducation.ch\/product-category\/learning-themes\/culture-science\/animal-geography-zoology\/\">Zoologie<\/a>&#8211; und Naturunterrichts, zur Klassifizierung sowie als wunderbare <a href=\"https:\/\/teiaeducation.ch\/product-category\/learning-themes\/literacy-language\/\">Sprach<\/a>&#8211; und <a href=\"https:\/\/teiaeducation.ch\/product-category\/play\/sensory-play\/\">Sinnes<\/a> Objekte zur Bereicherung des <a href=\"https:\/\/teiaeducation.ch\/product-category\/learning-themes\/literacy-language\/vocabulary-2\/\">Wortschatzes<\/a> und zum <a href=\"https:\/\/teiaeducation.ch\/product-category\/learning-themes\/literacy-language\/story-telling\/\">Geschichtenerz\u00e4hlen<\/a>.<\/p>\n<p>Vom feuchten S\u00fcden \u00fcber die ausgedehnten Ebenen des Mittleren Westens bis hin zum kalten Norden beherbergt <a href=\"https:\/\/teiaeducation.ch\/product\/puzzle-map-north-america-nienhuis-montessori\/\">Nordamerika<\/a> eine Vielzahl unterschiedlicher \u00d6kosysteme und ist einer der vielf\u00e4ltigsten Kontinente, was die Lebensr\u00e4ume angeht. Tats\u00e4chlich gibt es 15 gro\u00dfe \u00d6koregionen, d. h. ein gro\u00dfes \u00d6kosystem, das sich durch eine besondere Geographie auszeichnet. Aus diesem Grund beherbergt sie viele verschiedene Pflanzen- und Tierarten.<\/p>\n<p>Jede realistische Wildtierfigur aus diesem TOOB ist individuell mit wissenschaftlich genauen Details bemalt. Sie sind ungiftig, BPA-frei und f\u00fcr Kinder ab 3 Jahren geeignet. Der TOOB, der die Figuren h\u00e4lt, hat eine L\u00e4nge von 32,5 cm.<\/p>\n<p>Inhalt:<\/p>\n<p>12 Miniatur Figuren aus der nordamerikanischen Tierwelt<\/p>\n<h2>\u00dcber Safari Ltd<\/h2>\n<p>Die Amerikanische Familienmarke <a href=\"https:\/\/teiaeducation.ch\/product-category\/brands\/safari\/\">Safari Ltd\u00ae<\/a> stellt seit \u00fcber 30 Jahren wunderbar realistische <a href=\"https:\/\/teiaeducation.ch\/product-category\/play\/animals-farms\/\">Tierfiguren<\/a> und Lernhilfen her. Die sorgf\u00e4ltig gefertigten, hochwertigen und langlebigen Spielzeuge vermitteln Kindern die Bedeutung der <a href=\"https:\/\/teiaeducation.ch\/product-category\/play\/nature-play\/\">Natur<\/a> und des Naturschutzes durch die Freude am <a href=\"https:\/\/teiaeducation.ch\/product-category\/play\/imaginative-role-play\/\">fantasievollen Spiel<\/a> und k\u00f6nnen auf vielf\u00e4ltige Weise verwendet werden.<\/p>\n<p>Alle Produkte von Safari Ltd. sind ungiftig, <a href=\"https:\/\/en.wikipedia.org\/wiki\/Bisphenol_A\">BPA-frei<\/a>, bleifrei und phthalatfrei und werden strengen Sicherheitstests unterzogen, die alle weltweiten Vorschriften und Teststandards erf\u00fcllen und \u00fcbertreffen. Es werden umweltfreundliche Verpackungen verwendet, darunter recyceltes und wiederverwertbares Papier ohne UV-Lackierung, und in der gesamten Produktion werden umweltfreundliche Gesch\u00e4ftspraktiken angewandt.<\/p>\n","protected":false},"excerpt":{"rendered":"<p>Artikelnummer: S697004<\/p>\n<p>Safari&#8217;s TOOB mit realistischen Miniatur Nordamerika Wildtiere Figuren ist ein Montessori Lernspielzeug f\u00fcr jedes Zuhause oder Klassenzimmer!<\/p>\n","protected":false},"featured_media":51817,"comment_status":"open","ping_status":"closed","template":"","meta":[],"product_brand":[],"product_cat":[21445,21446,21524,21479,21690,21487,21491,21484,21535,21510,21509,21481,22182,21443,21689,21563,21665,21494,21495,21496,21695,21678,21680,21511,21482,21564,21520,21536],"product_tag":[29292,27381,29314,29305,29313,29315,21742,29295,29299,29296,29291,29312,29294,29293,29297,29316,29298],"class_list":{"0":"post-61204","1":"product","2":"type-product","3":"status-publish","4":"has-post-thumbnail","6":"product_cat-3-6-jahre-vorschule","7":"product_cat-6-12-jahre-grundschule","8":"product_cat-alphabetisierung-sprache","9":"product_cat-lernmaterialien-spielzeug-montessori-waldorf-steiner-froebel","10":"product_cat-spiele-mit-offenem-ende","11":"product_cat-geschenk-guide-3-6-jahre-vorschule","12":"product_cat-geschenk-guide-lerngeschenke","13":"product_cat-geschenk-guides","14":"product_cat-geschichtenerzaehlen","15":"product_cat-kultur-wissenschaft","16":"product_cat-lernthemen","17":"product_cat-montessori-paedagogik-material-spielzeug","18":"product_cat-montessori-spielzeug","19":"product_cat-nach-alter","20":"product_cat-naturspiel","21":"product_cat-neuheiten","22":"product_cat-safari-ltd","23":"product_cat-schulbedarf-fuer-zuhause","24":"product_cat-schulbedarf-fuer-zuhause-3-6-jahre","25":"product_cat-schulbedarf-fuer-zuhause-6-12-jahre","26":"product_cat-sinnliches-spiel","27":"product_cat-kinder-spielzeug","28":"product_cat-tiere-bauernhoefe","29":"product_cat-tiergeographie-zoologie","30":"product_cat-traditionelle-bildung","31":"product_cat-unsere-marken","32":"product_cat-wissenschaft","33":"product_cat-wortschatz","34":"product_tag-bpa-freies-spielzeug","35":"product_tag-lernspielzeug-de","36":"product_tag-montessori-realistische-nordamerikanische-wildtierfiguren","37":"product_tag-montessori-realistische-tierfiguren","38":"product_tag-montessori-lernspielzeug-nordamerikanische-wildtiere","39":"product_tag-montessori-lernspielzeug-wildtiere","40":"product_tag-montessori-spielzeug","41":"product_tag-montessori-spielzeug-fur-die-zoologie","42":"product_tag-realistische-miniatur-wildtierfiguren","43":"product_tag-safari-toob-de","44":"product_tag-safari-spielzeuge","45":"product_tag-schmetterlinge-toob-safari-ltd","46":"product_tag-ungiftige-tierfiguren","47":"product_tag-ungiftiges-spielzeug","48":"product_tag-wildtier-figuren-toob-safari","49":"product_tag-wildtiere-in-nordamerika-figuren-toob-safari","50":"product_tag-wildtiere-toob-safari-ltd","52":"first","53":"instock","54":"taxable","55":"shipping-taxable","56":"purchasable","57":"product-type-simple"},"yoast_head":"<!-- This site is optimized with the Yoast SEO Premium plugin v25.8 (Yoast SEO v27.4) - https:\/\/yoast.com\/product\/yoast-seo-premium-wordpress\/ -->\n<title>Safari TOOB Wildtiere in Nordamerika Figuren - Safari Ltd<\/title>\n<meta name=\"description\" content=\"Safari&#039;s TOOB mit realistischen Miniatur Nordamerika Wildtiere Figuren ist ein Montessori Lernspielzeug f\u00fcr jedes Zuhause oder Klassenzimmer!\" \/>\n<meta name=\"robots\" content=\"index, follow, max-snippet:-1, max-image-preview:large, max-video-preview:-1\" \/>\n<link rel=\"canonical\" href=\"https:\/\/teiaeducation.ch\/de\/produkt\/safari-toob-wildtiere-in-nordamerika-figuren-safari-ltd\/\" \/>\n<meta property=\"og:locale\" content=\"de_DE\" \/>\n<meta property=\"og:type\" content=\"article\" \/>\n<meta property=\"og:title\" content=\"Safari TOOB Wildtiere in Nordamerika Figuren - Safari Ltd\" \/>\n<meta property=\"og:description\" content=\"Safari&#039;s TOOB mit realistischen Miniatur Nordamerika Wildtiere Figuren ist ein Montessori Lernspielzeug f\u00fcr jedes Zuhause oder Klassenzimmer!\" \/>\n<meta property=\"og:url\" content=\"https:\/\/teiaeducation.ch\/de\/produkt\/safari-toob-wildtiere-in-nordamerika-figuren-safari-ltd\/\" \/>\n<meta property=\"og:site_name\" content=\"Sustainable Educational Products &amp; Ecological Toys\u00a0\" \/>\n<meta property=\"article:publisher\" content=\"https:\/\/www.facebook.com\/teiaeducation\/\" \/>\n<meta property=\"article:modified_time\" content=\"2024-09-20T14:28:10+00:00\" \/>\n<meta property=\"og:image\" content=\"https:\/\/teiaeducation.ch\/wp-content\/uploads\/2023\/02\/North-American-wildlife-TOOB-Realistic-miniature-figurines-Montessori-learning-toy-Safari-Ltd.jpg\" \/>\n\t<meta property=\"og:image:width\" content=\"1000\" \/>\n\t<meta property=\"og:image:height\" content=\"1000\" \/>\n\t<meta property=\"og:image:type\" content=\"image\/jpeg\" \/>\n<script type=\"application\/ld+json\" class=\"yoast-schema-graph\">{\"@context\":\"https:\\\/\\\/schema.org\",\"@graph\":[{\"@type\":\"WebPage\",\"@id\":\"https:\\\/\\\/teiaeducation.ch\\\/de\\\/produkt\\\/safari-toob-wildtiere-in-nordamerika-figuren-safari-ltd\\\/\",\"url\":\"https:\\\/\\\/teiaeducation.ch\\\/de\\\/produkt\\\/safari-toob-wildtiere-in-nordamerika-figuren-safari-ltd\\\/\",\"name\":\"Safari TOOB Wildtiere in Nordamerika Figuren - Safari Ltd\",\"isPartOf\":{\"@id\":\"https:\\\/\\\/teiaeducation.ch\\\/de\\\/#website\"},\"primaryImageOfPage\":{\"@id\":\"https:\\\/\\\/teiaeducation.ch\\\/de\\\/produkt\\\/safari-toob-wildtiere-in-nordamerika-figuren-safari-ltd\\\/#primaryimage\"},\"image\":{\"@id\":\"https:\\\/\\\/teiaeducation.ch\\\/de\\\/produkt\\\/safari-toob-wildtiere-in-nordamerika-figuren-safari-ltd\\\/#primaryimage\"},\"thumbnailUrl\":\"https:\\\/\\\/teiaeducation.ch\\\/wp-content\\\/uploads\\\/2023\\\/02\\\/North-American-wildlife-TOOB-Realistic-miniature-figurines-Montessori-learning-toy-Safari-Ltd.jpg\",\"datePublished\":\"2023-02-14T11:06:13+00:00\",\"dateModified\":\"2024-09-20T14:28:10+00:00\",\"description\":\"Safari's TOOB mit realistischen Miniatur Nordamerika Wildtiere Figuren ist ein Montessori Lernspielzeug f\u00fcr jedes Zuhause oder Klassenzimmer!\",\"breadcrumb\":{\"@id\":\"https:\\\/\\\/teiaeducation.ch\\\/de\\\/produkt\\\/safari-toob-wildtiere-in-nordamerika-figuren-safari-ltd\\\/#breadcrumb\"},\"inLanguage\":\"de-CH\",\"potentialAction\":[{\"@type\":\"ReadAction\",\"target\":[\"https:\\\/\\\/teiaeducation.ch\\\/de\\\/produkt\\\/safari-toob-wildtiere-in-nordamerika-figuren-safari-ltd\\\/\"]}]},{\"@type\":\"ImageObject\",\"inLanguage\":\"de-CH\",\"@id\":\"https:\\\/\\\/teiaeducation.ch\\\/de\\\/produkt\\\/safari-toob-wildtiere-in-nordamerika-figuren-safari-ltd\\\/#primaryimage\",\"url\":\"https:\\\/\\\/teiaeducation.ch\\\/wp-content\\\/uploads\\\/2023\\\/02\\\/North-American-wildlife-TOOB-Realistic-miniature-figurines-Montessori-learning-toy-Safari-Ltd.jpg\",\"contentUrl\":\"https:\\\/\\\/teiaeducation.ch\\\/wp-content\\\/uploads\\\/2023\\\/02\\\/North-American-wildlife-TOOB-Realistic-miniature-figurines-Montessori-learning-toy-Safari-Ltd.jpg\",\"width\":1000,\"height\":1000,\"caption\":\"realistischen Safari TOOB Wildtiere in Nordamerika Figuren - Safari Ltd\"},{\"@type\":\"BreadcrumbList\",\"@id\":\"https:\\\/\\\/teiaeducation.ch\\\/de\\\/produkt\\\/safari-toob-wildtiere-in-nordamerika-figuren-safari-ltd\\\/#breadcrumb\",\"itemListElement\":[{\"@type\":\"ListItem\",\"position\":1,\"name\":\"Home\",\"item\":\"https:\\\/\\\/teiaeducation.ch\\\/de\\\/\"},{\"@type\":\"ListItem\",\"position\":2,\"name\":\"Laden\",\"item\":\"https:\\\/\\\/teiaeducation.ch\\\/de\\\/shop\\\/\"},{\"@type\":\"ListItem\",\"position\":3,\"name\":\"Unsere Marken\",\"item\":\"https:\\\/\\\/teiaeducation.ch\\\/de\\\/produkt-kategorie\\\/unsere-marken\\\/\"},{\"@type\":\"ListItem\",\"position\":4,\"name\":\"Safari Ltd\",\"item\":\"https:\\\/\\\/teiaeducation.ch\\\/de\\\/produkt-kategorie\\\/unsere-marken\\\/safari-ltd\\\/\"},{\"@type\":\"ListItem\",\"position\":5,\"name\":\"Safari TOOB Wildtiere in Nordamerika Figuren &#8211; Safari Ltd\"}]},{\"@type\":\"WebSite\",\"@id\":\"https:\\\/\\\/teiaeducation.ch\\\/de\\\/#website\",\"url\":\"https:\\\/\\\/teiaeducation.ch\\\/de\\\/\",\"name\":\"Sustainable Educational Products &amp; Ecological Toys\u00a0\",\"description\":\"Specialised Swiss shop selling sustainable educational toys and games, AMI certified Montessori materials, handmade ecological wooden Waldorf toys and arts &amp; crafts supplies, school supplies, children&#039;s furniture and Montessori reference and parenting books.\",\"publisher\":{\"@id\":\"https:\\\/\\\/teiaeducation.ch\\\/de\\\/#organization\"},\"alternateName\":\"Teia Education & Play\",\"potentialAction\":[{\"@type\":\"SearchAction\",\"target\":{\"@type\":\"EntryPoint\",\"urlTemplate\":\"https:\\\/\\\/teiaeducation.ch\\\/de\\\/?s={search_term_string}\"},\"query-input\":{\"@type\":\"PropertyValueSpecification\",\"valueRequired\":true,\"valueName\":\"search_term_string\"}}],\"inLanguage\":\"de-CH\"},{\"@type\":\"Organization\",\"@id\":\"https:\\\/\\\/teiaeducation.ch\\\/de\\\/#organization\",\"name\":\"Teia Education & Play\",\"url\":\"https:\\\/\\\/teiaeducation.ch\\\/de\\\/\",\"logo\":{\"@type\":\"ImageObject\",\"inLanguage\":\"de-CH\",\"@id\":\"https:\\\/\\\/teiaeducation.ch\\\/de\\\/#\\\/schema\\\/logo\\\/image\\\/\",\"url\":\"https:\\\/\\\/teiaeducation.ch\\\/wp-content\\\/uploads\\\/2020\\\/11\\\/Teia-Education-Switzerland-e1620156442216.jpg\",\"contentUrl\":\"https:\\\/\\\/teiaeducation.ch\\\/wp-content\\\/uploads\\\/2020\\\/11\\\/Teia-Education-Switzerland-e1620156442216.jpg\",\"width\":166,\"height\":145,\"caption\":\"Teia Education & Play\"},\"image\":{\"@id\":\"https:\\\/\\\/teiaeducation.ch\\\/de\\\/#\\\/schema\\\/logo\\\/image\\\/\"},\"sameAs\":[\"https:\\\/\\\/www.facebook.com\\\/teiaeducation\\\/\",\"https:\\\/\\\/x.com\\\/EducationTeia\",\"https:\\\/\\\/www.instagram.com\\\/teia.education\\\/\",\"https:\\\/\\\/www.linkedin.com\\\/company\\\/35501660\",\"https:\\\/\\\/www.pinterest.ch\\\/TeiaEducation\\\/\"]}]}<\/script>\n<meta property=\"product:price:amount\" content=\"18.90\" \/>\n<meta property=\"product:price:currency\" content=\"CHF\" \/>\n<meta property=\"og:availability\" content=\"instock\" \/>\n<meta property=\"product:availability\" content=\"instock\" \/>\n<meta property=\"product:retailer_item_id\" content=\"000000000000000000000000000000000000000000000340455-1\" \/>\n<meta property=\"product:condition\" content=\"new\" \/>\n<!-- \/ Yoast SEO Premium plugin. -->","yoast_head_json":{"title":"Safari TOOB Wildtiere in Nordamerika Figuren - Safari Ltd","description":"Safari's TOOB mit realistischen Miniatur Nordamerika Wildtiere Figuren ist ein Montessori Lernspielzeug f\u00fcr jedes Zuhause oder Klassenzimmer!","robots":{"index":"index","follow":"follow","max-snippet":"max-snippet:-1","max-image-preview":"max-image-preview:large","max-video-preview":"max-video-preview:-1"},"canonical":"https:\/\/teiaeducation.ch\/de\/produkt\/safari-toob-wildtiere-in-nordamerika-figuren-safari-ltd\/","og_locale":"de_DE","og_type":"article","og_title":"Safari TOOB Wildtiere in Nordamerika Figuren - Safari Ltd","og_description":"Safari's TOOB mit realistischen Miniatur Nordamerika Wildtiere Figuren ist ein Montessori Lernspielzeug f\u00fcr jedes Zuhause oder Klassenzimmer!","og_url":"https:\/\/teiaeducation.ch\/de\/produkt\/safari-toob-wildtiere-in-nordamerika-figuren-safari-ltd\/","og_site_name":"Sustainable Educational Products &amp; Ecological Toys\u00a0","article_publisher":"https:\/\/www.facebook.com\/teiaeducation\/","article_modified_time":"2024-09-20T14:28:10+00:00","og_image":[{"width":1000,"height":1000,"url":"https:\/\/teiaeducation.ch\/wp-content\/uploads\/2023\/02\/North-American-wildlife-TOOB-Realistic-miniature-figurines-Montessori-learning-toy-Safari-Ltd.jpg","type":"image\/jpeg"}],"schema":{"@context":"https:\/\/schema.org","@graph":[{"@type":"WebPage","@id":"https:\/\/teiaeducation.ch\/de\/produkt\/safari-toob-wildtiere-in-nordamerika-figuren-safari-ltd\/","url":"https:\/\/teiaeducation.ch\/de\/produkt\/safari-toob-wildtiere-in-nordamerika-figuren-safari-ltd\/","name":"Safari TOOB Wildtiere in Nordamerika Figuren - Safari Ltd","isPartOf":{"@id":"https:\/\/teiaeducation.ch\/de\/#website"},"primaryImageOfPage":{"@id":"https:\/\/teiaeducation.ch\/de\/produkt\/safari-toob-wildtiere-in-nordamerika-figuren-safari-ltd\/#primaryimage"},"image":{"@id":"https:\/\/teiaeducation.ch\/de\/produkt\/safari-toob-wildtiere-in-nordamerika-figuren-safari-ltd\/#primaryimage"},"thumbnailUrl":"https:\/\/teiaeducation.ch\/wp-content\/uploads\/2023\/02\/North-American-wildlife-TOOB-Realistic-miniature-figurines-Montessori-learning-toy-Safari-Ltd.jpg","datePublished":"2023-02-14T11:06:13+00:00","dateModified":"2024-09-20T14:28:10+00:00","description":"Safari's TOOB mit realistischen Miniatur Nordamerika Wildtiere Figuren ist ein Montessori Lernspielzeug f\u00fcr jedes Zuhause oder Klassenzimmer!","breadcrumb":{"@id":"https:\/\/teiaeducation.ch\/de\/produkt\/safari-toob-wildtiere-in-nordamerika-figuren-safari-ltd\/#breadcrumb"},"inLanguage":"de-CH","potentialAction":[{"@type":"ReadAction","target":["https:\/\/teiaeducation.ch\/de\/produkt\/safari-toob-wildtiere-in-nordamerika-figuren-safari-ltd\/"]}]},{"@type":"ImageObject","inLanguage":"de-CH","@id":"https:\/\/teiaeducation.ch\/de\/produkt\/safari-toob-wildtiere-in-nordamerika-figuren-safari-ltd\/#primaryimage","url":"https:\/\/teiaeducation.ch\/wp-content\/uploads\/2023\/02\/North-American-wildlife-TOOB-Realistic-miniature-figurines-Montessori-learning-toy-Safari-Ltd.jpg","contentUrl":"https:\/\/teiaeducation.ch\/wp-content\/uploads\/2023\/02\/North-American-wildlife-TOOB-Realistic-miniature-figurines-Montessori-learning-toy-Safari-Ltd.jpg","width":1000,"height":1000,"caption":"realistischen Safari TOOB Wildtiere in Nordamerika Figuren - Safari Ltd"},{"@type":"BreadcrumbList","@id":"https:\/\/teiaeducation.ch\/de\/produkt\/safari-toob-wildtiere-in-nordamerika-figuren-safari-ltd\/#breadcrumb","itemListElement":[{"@type":"ListItem","position":1,"name":"Home","item":"https:\/\/teiaeducation.ch\/de\/"},{"@type":"ListItem","position":2,"name":"Laden","item":"https:\/\/teiaeducation.ch\/de\/shop\/"},{"@type":"ListItem","position":3,"name":"Unsere Marken","item":"https:\/\/teiaeducation.ch\/de\/produkt-kategorie\/unsere-marken\/"},{"@type":"ListItem","position":4,"name":"Safari Ltd","item":"https:\/\/teiaeducation.ch\/de\/produkt-kategorie\/unsere-marken\/safari-ltd\/"},{"@type":"ListItem","position":5,"name":"Safari TOOB Wildtiere in Nordamerika Figuren &#8211; Safari Ltd"}]},{"@type":"WebSite","@id":"https:\/\/teiaeducation.ch\/de\/#website","url":"https:\/\/teiaeducation.ch\/de\/","name":"Sustainable Educational Products &amp; Ecological Toys\u00a0","description":"Specialised Swiss shop selling sustainable educational toys and games, AMI certified Montessori materials, handmade ecological wooden Waldorf toys and arts &amp; crafts supplies, school supplies, children&#039;s furniture and Montessori reference and parenting books.","publisher":{"@id":"https:\/\/teiaeducation.ch\/de\/#organization"},"alternateName":"Teia Education & Play","potentialAction":[{"@type":"SearchAction","target":{"@type":"EntryPoint","urlTemplate":"https:\/\/teiaeducation.ch\/de\/?s={search_term_string}"},"query-input":{"@type":"PropertyValueSpecification","valueRequired":true,"valueName":"search_term_string"}}],"inLanguage":"de-CH"},{"@type":"Organization","@id":"https:\/\/teiaeducation.ch\/de\/#organization","name":"Teia Education & Play","url":"https:\/\/teiaeducation.ch\/de\/","logo":{"@type":"ImageObject","inLanguage":"de-CH","@id":"https:\/\/teiaeducation.ch\/de\/#\/schema\/logo\/image\/","url":"https:\/\/teiaeducation.ch\/wp-content\/uploads\/2020\/11\/Teia-Education-Switzerland-e1620156442216.jpg","contentUrl":"https:\/\/teiaeducation.ch\/wp-content\/uploads\/2020\/11\/Teia-Education-Switzerland-e1620156442216.jpg","width":166,"height":145,"caption":"Teia Education & Play"},"image":{"@id":"https:\/\/teiaeducation.ch\/de\/#\/schema\/logo\/image\/"},"sameAs":["https:\/\/www.facebook.com\/teiaeducation\/","https:\/\/x.com\/EducationTeia","https:\/\/www.instagram.com\/teia.education\/","https:\/\/www.linkedin.com\/company\/35501660","https:\/\/www.pinterest.ch\/TeiaEducation\/"]}]},"product_price_amount":"18.90","product_price_currency":"CHF","og_availability":"instock","product_availability":"instock","product_retailer_item_id":"000000000000000000000000000000000000000000000340455-1","product_condition":"new"},"_links":{"self":[{"href":"https:\/\/teiaeducation.ch\/de\/wp-json\/wp\/v2\/product\/61204","targetHints":{"allow":["GET"]}}],"collection":[{"href":"https:\/\/teiaeducation.ch\/de\/wp-json\/wp\/v2\/product"}],"about":[{"href":"https:\/\/teiaeducation.ch\/de\/wp-json\/wp\/v2\/types\/product"}],"replies":[{"embeddable":true,"href":"https:\/\/teiaeducation.ch\/de\/wp-json\/wp\/v2\/comments?post=61204"}],"wp:featuredmedia":[{"embeddable":true,"href":"https:\/\/teiaeducation.ch\/de\/wp-json\/wp\/v2\/media\/51817"}],"wp:attachment":[{"href":"https:\/\/teiaeducation.ch\/de\/wp-json\/wp\/v2\/media?parent=61204"}],"wp:term":[{"taxonomy":"product_brand","embeddable":true,"href":"https:\/\/teiaeducation.ch\/de\/wp-json\/wp\/v2\/product_brand?post=61204"},{"taxonomy":"product_cat","embeddable":true,"href":"https:\/\/teiaeducation.ch\/de\/wp-json\/wp\/v2\/product_cat?post=61204"},{"taxonomy":"product_tag","embeddable":true,"href":"https:\/\/teiaeducation.ch\/de\/wp-json\/wp\/v2\/product_tag?post=61204"}],"curies":[{"name":"wp","href":"https:\/\/api.w.org\/{rel}","templated":true}]}}