{"id":61205,"date":"2023-02-14T12:22:06","date_gmt":"2023-02-14T11:22:06","guid":{"rendered":"https:\/\/teiaeducation.ch\/product\/safari-toob-arktis-figuren-safari-ltd\/"},"modified":"2025-12-26T16:13:59","modified_gmt":"2025-12-26T15:13:59","slug":"safari-toob-arktis-figuren-safari-ltd","status":"publish","type":"product","link":"https:\/\/teiaeducation.ch\/de\/produkt\/safari-toob-arktis-figuren-safari-ltd\/","title":{"rendered":"Safari TOOB Arktis Figuren &#8211; Safari Ltd"},"content":{"rendered":"<p>Die TOOB mit realistische Miniatur Artis Figuren Set mit einigen der einzigartigsten Tiere der Arktis ist ein wertvolles Montessori-<a href=\"https:\/\/teiaeducation.ch\/product-category\/learning-themes\/\">Lernspielzeug<\/a> f\u00fcr jedes Zuhause oder <a href=\"https:\/\/teiaeducation.ch\/school-supplies-switzerland\/\">Klassenzimmer<\/a>!<\/p>\n<p>Das Set enth\u00e4lt eine Sattelrobbe, einen Husky, ein Karibu, ein arktisches Kaninchen, einen Killerwal, ein Walross, einen Polarfuchs, einen Belugawal und einen Eisb\u00e4ren sowie ein Iglu, in dem du \u00fcbernachten kannst. Die 10 detailgetreuen und naturgetreuen Modelle von arktischen Bewohnern und Tieren helfen Kindern, die Unterschiede zwischen den Arten, die in dieser Region zu Hause sind, zu erkennen und zu sch\u00e4tzen.<\/p>\n<p>Dieses hochwertige und langlebige Safari TOOB Arktis ist ein gro\u00dfartiges Lehrmittel und ein von <a href=\"https:\/\/teiaeducation.ch\/product-category\/hgh-quality-toys-play\/montessori-toys\/\">Montessori inspiriertes Spielzeug<\/a> zur Unterst\u00fctzung des Unterrichts \u00fcber die Kontinente und die verschiedenen nat\u00fcrlichen Lebensr\u00e4ume der <a href=\"https:\/\/teiaeducation.ch\/product\/puzzle-map-world-parts-nienhuis-montessori\/\">Welt<\/a>. Die Lernfiguren zum Anfassen eignen sich auch hervorragend zum Beobachten, zur Unterst\u00fctzung des Biologie-, <a href=\"https:\/\/teiaeducation.ch\/product-category\/learning-themes\/culture-science\/animal-geography-zoology\/\">Zoologie<\/a>&#8211; und Naturunterrichts, zur Klassifizierung sowie als wunderbare <a href=\"https:\/\/teiaeducation.ch\/product-category\/learning-themes\/literacy-language\/\">Sprach<\/a>&#8211; und <a href=\"https:\/\/teiaeducation.ch\/product-category\/play\/sensory-play\/\">Sinnes<\/a> Objekte zur Bereicherung des <a href=\"https:\/\/teiaeducation.ch\/product-category\/learning-themes\/literacy-language\/vocabulary-2\/\">Wortschatzes<\/a> und zum <a href=\"https:\/\/teiaeducation.ch\/product-category\/learning-themes\/literacy-language\/story-telling\/\">Geschichtenerz\u00e4hlen<\/a>.<\/p>\n<p>Die Arktis zeichnet sich vor allem durch kalte Winter und k\u00fchle Sommer aus, und die meisten Niederschl\u00e4ge fallen in Form von Schnee. Die Region ist an sich schon kalt genug, aber es ist auch unglaublich windig, mit Windchills von bis zu -90 Grad Fahrenheit (-68 Celsius). Aus diesem Grund und wegen des relativen Mangels an Fauna in Regionen au\u00dferhalb der Tundra sind viele \u00fcberrascht zu erfahren, dass die Arktis tats\u00e4chlich eine gro\u00dfe Anzahl von Arten beherbergt.<\/p>\n<p>Auch wenn es auf den ersten Blick nicht so aussieht, weil sie so karg ist, ist die Arktis ein gut besiedeltes \u00d6kosystem. Dieser Toob hilft den Kindern, all die erstaunlichen Anpassungen kennen zu lernen, die die Arten entwickelt haben, um in einer so rauen, unbarmherzigen Umgebung zu leben.<\/p>\n<p>Jede realistische Arktis Figur aus diesem TOOB ist einzeln mit wissenschaftlich genauen Details bemalt. Sie sind ungiftig, BPA-frei und f\u00fcr Kinder ab 3 Jahren geeignet. Der TOOB, der die Figuren h\u00e4lt, hat eine L\u00e4nge von 32,5 cm.<\/p>\n<p>Inhalt:<\/p>\n<p>10 Miniatur Arktis Figuren<\/p>\n<h2>\u00dcber Safari Ltd<\/h2>\n<p>Die Amerikanische Familienmarke <a href=\"https:\/\/teiaeducation.ch\/product-category\/brands\/safari\/\">Safari Ltd\u00ae<\/a> stellt seit \u00fcber 30 Jahren wunderbar realistische <a href=\"https:\/\/teiaeducation.ch\/product-category\/play\/animals-farms\/\">Tierfiguren<\/a> und Lernhilfen her. Die sorgf\u00e4ltig gefertigten, hochwertigen und langlebigen Spielzeuge vermitteln Kindern die Bedeutung der <a href=\"https:\/\/teiaeducation.ch\/product-category\/play\/nature-play\/\">Natur<\/a> und des Naturschutzes durch die Freude am <a href=\"https:\/\/teiaeducation.ch\/product-category\/play\/imaginative-role-play\/\">fantasievollen Spiel<\/a> und k\u00f6nnen auf vielf\u00e4ltige Weise verwendet werden.<\/p>\n<p>Alle Produkte von Safari Ltd. sind ungiftig, <a href=\"https:\/\/en.wikipedia.org\/wiki\/Bisphenol_A\">BPA-frei<\/a>, bleifrei und phthalatfrei und werden strengen Sicherheitstests unterzogen, die alle weltweiten Vorschriften und Teststandards erf\u00fcllen und \u00fcbertreffen. Es werden umweltfreundliche Verpackungen verwendet, darunter recyceltes und wiederverwertbares Papier ohne UV-Lackierung, und in der gesamten Produktion werden umweltfreundliche Gesch\u00e4ftspraktiken angewandt.<\/p>\n","protected":false},"excerpt":{"rendered":"<p>Artikelnummer: S681604<\/p>\n<p>Die Safari TOOB mit realistische Miniatur Arktis Figuren Set mit einigen der einzigartigsten Tiere der Arktis ist ein wertvolles Montessori Lernspielzeug!<\/p>\n","protected":false},"featured_media":51831,"comment_status":"open","ping_status":"closed","template":"","meta":[],"product_brand":[],"product_cat":[21445,21446,21524,21479,21690,21488,21484,21535,21510,21509,21481,22182,21443,21563,21665,22362,21494,21495,21496,21695,21678,21680,21511,21523,21482,21564,22363,21520,21536],"product_tag":[29319,29292,27381,29320,29318,29305,29317,21742,29295,29321,29299,29296,29291,29322,29294,29293,29297,29298],"class_list":{"0":"post-61205","1":"product","2":"type-product","3":"status-publish","4":"has-post-thumbnail","6":"product_cat-3-6-jahre-vorschule","7":"product_cat-6-12-jahre-grundschule","8":"product_cat-alphabetisierung-sprache","9":"product_cat-lernmaterialien-spielzeug-montessori-waldorf-steiner-froebel","10":"product_cat-spiele-mit-offenem-ende","11":"product_cat-geschenk-guide-6-12-jahre-grundschule","12":"product_cat-geschenk-guides","13":"product_cat-geschichtenerzaehlen","14":"product_cat-kultur-wissenschaft","15":"product_cat-lernthemen","16":"product_cat-montessori-paedagogik-material-spielzeug","17":"product_cat-montessori-spielzeug","18":"product_cat-nach-alter","19":"product_cat-neuheiten","20":"product_cat-safari-ltd","21":"product_cat-saisonale-kollektionen","22":"product_cat-schulbedarf-fuer-zuhause","23":"product_cat-schulbedarf-fuer-zuhause-3-6-jahre","24":"product_cat-schulbedarf-fuer-zuhause-6-12-jahre","25":"product_cat-sinnliches-spiel","26":"product_cat-kinder-spielzeug","27":"product_cat-tiere-bauernhoefe","28":"product_cat-tiergeographie-zoologie","29":"product_cat-topographie-de","30":"product_cat-traditionelle-bildung","31":"product_cat-unsere-marken","32":"product_cat-winter-kollektion","33":"product_cat-wissenschaft","34":"product_cat-wortschatz","35":"product_tag-arktische-wildtierfiguren-toob-safari","36":"product_tag-bpa-freies-spielzeug","37":"product_tag-lernspielzeug-de","38":"product_tag-montessori-realistische-arktis-figuren","39":"product_tag-montessori-realistische-arktische-wildtierfiguren","40":"product_tag-montessori-realistische-tierfiguren","41":"product_tag-montessori-lernspielzeug-arktisch","42":"product_tag-montessori-spielzeug","43":"product_tag-montessori-spielzeug-fur-die-zoologie","44":"product_tag-realistische-miniatur-arktis-figuren","45":"product_tag-realistische-miniatur-wildtierfiguren","46":"product_tag-safari-toob-de","47":"product_tag-safari-spielzeuge","48":"product_tag-toob-arktis-figuren-safari","49":"product_tag-ungiftige-tierfiguren","50":"product_tag-ungiftiges-spielzeug","51":"product_tag-wildtier-figuren-toob-safari","52":"product_tag-wildtiere-toob-safari-ltd","54":"first","55":"instock","56":"taxable","57":"shipping-taxable","58":"purchasable","59":"product-type-simple"},"yoast_head":"<!-- This site is optimized with the Yoast SEO plugin v27.3 - https:\/\/yoast.com\/product\/yoast-seo-wordpress\/ -->\n<title>Safari TOOB Arktis Figuren - Safari Ltd<\/title>\n<meta name=\"description\" content=\"Die Safari TOOB mit realistische Miniatur Arktis Figuren Set mit einigen der einzigartigsten Tiere der Arktis ist ein wertvolles Montessori Lernspielzeug!\" \/>\n<meta name=\"robots\" content=\"index, follow, max-snippet:-1, max-image-preview:large, max-video-preview:-1\" \/>\n<link rel=\"canonical\" href=\"https:\/\/teiaeducation.ch\/de\/produkt\/safari-toob-arktis-figuren-safari-ltd\/\" \/>\n<meta property=\"og:locale\" content=\"de_DE\" \/>\n<meta property=\"og:type\" content=\"article\" \/>\n<meta property=\"og:title\" content=\"Safari TOOB Arktis Figuren - Safari Ltd\" \/>\n<meta property=\"og:description\" content=\"Die Safari TOOB mit realistische Miniatur Arktis Figuren Set mit einigen der einzigartigsten Tiere der Arktis ist ein wertvolles Montessori Lernspielzeug!\" \/>\n<meta property=\"og:url\" content=\"https:\/\/teiaeducation.ch\/de\/produkt\/safari-toob-arktis-figuren-safari-ltd\/\" \/>\n<meta property=\"og:site_name\" content=\"Sustainable Educational Products &amp; Ecological Toys\u00a0\" \/>\n<meta property=\"article:publisher\" content=\"https:\/\/www.facebook.com\/teiaeducation\/\" \/>\n<meta property=\"article:modified_time\" content=\"2025-12-26T15:13:59+00:00\" \/>\n<meta property=\"og:image\" content=\"https:\/\/teiaeducation.ch\/wp-content\/uploads\/2023\/02\/Arctic-TOOB-Realistic-miniature-figurines-Montessori-learning-toy-Safari-Ltd-3-scaled.jpg\" \/>\n\t<meta property=\"og:image:width\" content=\"2048\" \/>\n\t<meta property=\"og:image:height\" content=\"2048\" \/>\n\t<meta property=\"og:image:type\" content=\"image\/jpeg\" \/>\n<script type=\"application\/ld+json\" class=\"yoast-schema-graph\">{\"@context\":\"https:\\\/\\\/schema.org\",\"@graph\":[{\"@type\":\"WebPage\",\"@id\":\"https:\\\/\\\/teiaeducation.ch\\\/de\\\/produkt\\\/safari-toob-arktis-figuren-safari-ltd\\\/\",\"url\":\"https:\\\/\\\/teiaeducation.ch\\\/de\\\/produkt\\\/safari-toob-arktis-figuren-safari-ltd\\\/\",\"name\":\"Safari TOOB Arktis Figuren - Safari Ltd\",\"isPartOf\":{\"@id\":\"https:\\\/\\\/teiaeducation.ch\\\/de\\\/#website\"},\"primaryImageOfPage\":{\"@id\":\"https:\\\/\\\/teiaeducation.ch\\\/de\\\/produkt\\\/safari-toob-arktis-figuren-safari-ltd\\\/#primaryimage\"},\"image\":{\"@id\":\"https:\\\/\\\/teiaeducation.ch\\\/de\\\/produkt\\\/safari-toob-arktis-figuren-safari-ltd\\\/#primaryimage\"},\"thumbnailUrl\":\"https:\\\/\\\/teiaeducation.ch\\\/wp-content\\\/uploads\\\/2023\\\/02\\\/Arctic-TOOB-Realistic-miniature-figurines-Montessori-learning-toy-Safari-Ltd-3-scaled.jpg\",\"datePublished\":\"2023-02-14T11:22:06+00:00\",\"dateModified\":\"2025-12-26T15:13:59+00:00\",\"description\":\"Die Safari TOOB mit realistische Miniatur Arktis Figuren Set mit einigen der einzigartigsten Tiere der Arktis ist ein wertvolles Montessori Lernspielzeug!\",\"breadcrumb\":{\"@id\":\"https:\\\/\\\/teiaeducation.ch\\\/de\\\/produkt\\\/safari-toob-arktis-figuren-safari-ltd\\\/#breadcrumb\"},\"inLanguage\":\"de-CH\",\"potentialAction\":[{\"@type\":\"ReadAction\",\"target\":[\"https:\\\/\\\/teiaeducation.ch\\\/de\\\/produkt\\\/safari-toob-arktis-figuren-safari-ltd\\\/\"]}]},{\"@type\":\"ImageObject\",\"inLanguage\":\"de-CH\",\"@id\":\"https:\\\/\\\/teiaeducation.ch\\\/de\\\/produkt\\\/safari-toob-arktis-figuren-safari-ltd\\\/#primaryimage\",\"url\":\"https:\\\/\\\/teiaeducation.ch\\\/wp-content\\\/uploads\\\/2023\\\/02\\\/Arctic-TOOB-Realistic-miniature-figurines-Montessori-learning-toy-Safari-Ltd-3-scaled.jpg\",\"contentUrl\":\"https:\\\/\\\/teiaeducation.ch\\\/wp-content\\\/uploads\\\/2023\\\/02\\\/Arctic-TOOB-Realistic-miniature-figurines-Montessori-learning-toy-Safari-Ltd-3-scaled.jpg\",\"width\":2048,\"height\":2048,\"caption\":\"Arktis TOOB Realistische Miniaturfiguren Montessori-Lernspielzeug Safari Ltd\"},{\"@type\":\"BreadcrumbList\",\"@id\":\"https:\\\/\\\/teiaeducation.ch\\\/de\\\/produkt\\\/safari-toob-arktis-figuren-safari-ltd\\\/#breadcrumb\",\"itemListElement\":[{\"@type\":\"ListItem\",\"position\":1,\"name\":\"Home\",\"item\":\"https:\\\/\\\/teiaeducation.ch\\\/de\\\/\"},{\"@type\":\"ListItem\",\"position\":2,\"name\":\"Laden\",\"item\":\"https:\\\/\\\/teiaeducation.ch\\\/de\\\/shop\\\/\"},{\"@type\":\"ListItem\",\"position\":3,\"name\":\"Unsere Marken\",\"item\":\"https:\\\/\\\/teiaeducation.ch\\\/de\\\/produkt-kategorie\\\/unsere-marken\\\/\"},{\"@type\":\"ListItem\",\"position\":4,\"name\":\"Safari Ltd\",\"item\":\"https:\\\/\\\/teiaeducation.ch\\\/de\\\/produkt-kategorie\\\/unsere-marken\\\/safari-ltd\\\/\"},{\"@type\":\"ListItem\",\"position\":5,\"name\":\"Safari TOOB Arktis Figuren &#8211; Safari Ltd\"}]},{\"@type\":\"WebSite\",\"@id\":\"https:\\\/\\\/teiaeducation.ch\\\/de\\\/#website\",\"url\":\"https:\\\/\\\/teiaeducation.ch\\\/de\\\/\",\"name\":\"Sustainable Educational Products &amp; Ecological Toys\u00a0\",\"description\":\"Specialised Swiss shop selling sustainable educational toys and games, AMI certified Montessori materials, handmade ecological wooden Waldorf toys and arts &amp; crafts supplies, school supplies, children&#039;s furniture and Montessori reference and parenting books.\",\"publisher\":{\"@id\":\"https:\\\/\\\/teiaeducation.ch\\\/de\\\/#organization\"},\"alternateName\":\"Teia Education & Play\",\"potentialAction\":[{\"@type\":\"SearchAction\",\"target\":{\"@type\":\"EntryPoint\",\"urlTemplate\":\"https:\\\/\\\/teiaeducation.ch\\\/de\\\/?s={search_term_string}\"},\"query-input\":{\"@type\":\"PropertyValueSpecification\",\"valueRequired\":true,\"valueName\":\"search_term_string\"}}],\"inLanguage\":\"de-CH\"},{\"@type\":\"Organization\",\"@id\":\"https:\\\/\\\/teiaeducation.ch\\\/de\\\/#organization\",\"name\":\"Teia Education & Play\",\"url\":\"https:\\\/\\\/teiaeducation.ch\\\/de\\\/\",\"logo\":{\"@type\":\"ImageObject\",\"inLanguage\":\"de-CH\",\"@id\":\"https:\\\/\\\/teiaeducation.ch\\\/de\\\/#\\\/schema\\\/logo\\\/image\\\/\",\"url\":\"https:\\\/\\\/teiaeducation.ch\\\/wp-content\\\/uploads\\\/2020\\\/11\\\/Teia-Education-Switzerland-e1620156442216.jpg\",\"contentUrl\":\"https:\\\/\\\/teiaeducation.ch\\\/wp-content\\\/uploads\\\/2020\\\/11\\\/Teia-Education-Switzerland-e1620156442216.jpg\",\"width\":166,\"height\":145,\"caption\":\"Teia Education & Play\"},\"image\":{\"@id\":\"https:\\\/\\\/teiaeducation.ch\\\/de\\\/#\\\/schema\\\/logo\\\/image\\\/\"},\"sameAs\":[\"https:\\\/\\\/www.facebook.com\\\/teiaeducation\\\/\",\"https:\\\/\\\/x.com\\\/EducationTeia\",\"https:\\\/\\\/www.instagram.com\\\/teia.education\\\/\",\"https:\\\/\\\/www.linkedin.com\\\/company\\\/35501660\",\"https:\\\/\\\/www.pinterest.ch\\\/TeiaEducation\\\/\"]}]}<\/script>\n<!-- \/ Yoast SEO plugin. -->","yoast_head_json":{"title":"Safari TOOB Arktis Figuren - Safari Ltd","description":"Die Safari TOOB mit realistische Miniatur Arktis Figuren Set mit einigen der einzigartigsten Tiere der Arktis ist ein wertvolles Montessori Lernspielzeug!","robots":{"index":"index","follow":"follow","max-snippet":"max-snippet:-1","max-image-preview":"max-image-preview:large","max-video-preview":"max-video-preview:-1"},"canonical":"https:\/\/teiaeducation.ch\/de\/produkt\/safari-toob-arktis-figuren-safari-ltd\/","og_locale":"de_DE","og_type":"article","og_title":"Safari TOOB Arktis Figuren - Safari Ltd","og_description":"Die Safari TOOB mit realistische Miniatur Arktis Figuren Set mit einigen der einzigartigsten Tiere der Arktis ist ein wertvolles Montessori Lernspielzeug!","og_url":"https:\/\/teiaeducation.ch\/de\/produkt\/safari-toob-arktis-figuren-safari-ltd\/","og_site_name":"Sustainable Educational Products &amp; Ecological Toys\u00a0","article_publisher":"https:\/\/www.facebook.com\/teiaeducation\/","article_modified_time":"2025-12-26T15:13:59+00:00","og_image":[{"width":2048,"height":2048,"url":"https:\/\/teiaeducation.ch\/wp-content\/uploads\/2023\/02\/Arctic-TOOB-Realistic-miniature-figurines-Montessori-learning-toy-Safari-Ltd-3-scaled.jpg","type":"image\/jpeg"}],"schema":{"@context":"https:\/\/schema.org","@graph":[{"@type":"WebPage","@id":"https:\/\/teiaeducation.ch\/de\/produkt\/safari-toob-arktis-figuren-safari-ltd\/","url":"https:\/\/teiaeducation.ch\/de\/produkt\/safari-toob-arktis-figuren-safari-ltd\/","name":"Safari TOOB Arktis Figuren - Safari Ltd","isPartOf":{"@id":"https:\/\/teiaeducation.ch\/de\/#website"},"primaryImageOfPage":{"@id":"https:\/\/teiaeducation.ch\/de\/produkt\/safari-toob-arktis-figuren-safari-ltd\/#primaryimage"},"image":{"@id":"https:\/\/teiaeducation.ch\/de\/produkt\/safari-toob-arktis-figuren-safari-ltd\/#primaryimage"},"thumbnailUrl":"https:\/\/teiaeducation.ch\/wp-content\/uploads\/2023\/02\/Arctic-TOOB-Realistic-miniature-figurines-Montessori-learning-toy-Safari-Ltd-3-scaled.jpg","datePublished":"2023-02-14T11:22:06+00:00","dateModified":"2025-12-26T15:13:59+00:00","description":"Die Safari TOOB mit realistische Miniatur Arktis Figuren Set mit einigen der einzigartigsten Tiere der Arktis ist ein wertvolles Montessori Lernspielzeug!","breadcrumb":{"@id":"https:\/\/teiaeducation.ch\/de\/produkt\/safari-toob-arktis-figuren-safari-ltd\/#breadcrumb"},"inLanguage":"de-CH","potentialAction":[{"@type":"ReadAction","target":["https:\/\/teiaeducation.ch\/de\/produkt\/safari-toob-arktis-figuren-safari-ltd\/"]}]},{"@type":"ImageObject","inLanguage":"de-CH","@id":"https:\/\/teiaeducation.ch\/de\/produkt\/safari-toob-arktis-figuren-safari-ltd\/#primaryimage","url":"https:\/\/teiaeducation.ch\/wp-content\/uploads\/2023\/02\/Arctic-TOOB-Realistic-miniature-figurines-Montessori-learning-toy-Safari-Ltd-3-scaled.jpg","contentUrl":"https:\/\/teiaeducation.ch\/wp-content\/uploads\/2023\/02\/Arctic-TOOB-Realistic-miniature-figurines-Montessori-learning-toy-Safari-Ltd-3-scaled.jpg","width":2048,"height":2048,"caption":"Arktis TOOB Realistische Miniaturfiguren Montessori-Lernspielzeug Safari Ltd"},{"@type":"BreadcrumbList","@id":"https:\/\/teiaeducation.ch\/de\/produkt\/safari-toob-arktis-figuren-safari-ltd\/#breadcrumb","itemListElement":[{"@type":"ListItem","position":1,"name":"Home","item":"https:\/\/teiaeducation.ch\/de\/"},{"@type":"ListItem","position":2,"name":"Laden","item":"https:\/\/teiaeducation.ch\/de\/shop\/"},{"@type":"ListItem","position":3,"name":"Unsere Marken","item":"https:\/\/teiaeducation.ch\/de\/produkt-kategorie\/unsere-marken\/"},{"@type":"ListItem","position":4,"name":"Safari Ltd","item":"https:\/\/teiaeducation.ch\/de\/produkt-kategorie\/unsere-marken\/safari-ltd\/"},{"@type":"ListItem","position":5,"name":"Safari TOOB Arktis Figuren &#8211; Safari Ltd"}]},{"@type":"WebSite","@id":"https:\/\/teiaeducation.ch\/de\/#website","url":"https:\/\/teiaeducation.ch\/de\/","name":"Sustainable Educational Products &amp; Ecological Toys\u00a0","description":"Specialised Swiss shop selling sustainable educational toys and games, AMI certified Montessori materials, handmade ecological wooden Waldorf toys and arts &amp; crafts supplies, school supplies, children&#039;s furniture and Montessori reference and parenting books.","publisher":{"@id":"https:\/\/teiaeducation.ch\/de\/#organization"},"alternateName":"Teia Education & Play","potentialAction":[{"@type":"SearchAction","target":{"@type":"EntryPoint","urlTemplate":"https:\/\/teiaeducation.ch\/de\/?s={search_term_string}"},"query-input":{"@type":"PropertyValueSpecification","valueRequired":true,"valueName":"search_term_string"}}],"inLanguage":"de-CH"},{"@type":"Organization","@id":"https:\/\/teiaeducation.ch\/de\/#organization","name":"Teia Education & Play","url":"https:\/\/teiaeducation.ch\/de\/","logo":{"@type":"ImageObject","inLanguage":"de-CH","@id":"https:\/\/teiaeducation.ch\/de\/#\/schema\/logo\/image\/","url":"https:\/\/teiaeducation.ch\/wp-content\/uploads\/2020\/11\/Teia-Education-Switzerland-e1620156442216.jpg","contentUrl":"https:\/\/teiaeducation.ch\/wp-content\/uploads\/2020\/11\/Teia-Education-Switzerland-e1620156442216.jpg","width":166,"height":145,"caption":"Teia Education & Play"},"image":{"@id":"https:\/\/teiaeducation.ch\/de\/#\/schema\/logo\/image\/"},"sameAs":["https:\/\/www.facebook.com\/teiaeducation\/","https:\/\/x.com\/EducationTeia","https:\/\/www.instagram.com\/teia.education\/","https:\/\/www.linkedin.com\/company\/35501660","https:\/\/www.pinterest.ch\/TeiaEducation\/"]}]}},"_links":{"self":[{"href":"https:\/\/teiaeducation.ch\/de\/wp-json\/wp\/v2\/product\/61205","targetHints":{"allow":["GET"]}}],"collection":[{"href":"https:\/\/teiaeducation.ch\/de\/wp-json\/wp\/v2\/product"}],"about":[{"href":"https:\/\/teiaeducation.ch\/de\/wp-json\/wp\/v2\/types\/product"}],"replies":[{"embeddable":true,"href":"https:\/\/teiaeducation.ch\/de\/wp-json\/wp\/v2\/comments?post=61205"}],"wp:featuredmedia":[{"embeddable":true,"href":"https:\/\/teiaeducation.ch\/de\/wp-json\/wp\/v2\/media\/51831"}],"wp:attachment":[{"href":"https:\/\/teiaeducation.ch\/de\/wp-json\/wp\/v2\/media?parent=61205"}],"wp:term":[{"taxonomy":"product_brand","embeddable":true,"href":"https:\/\/teiaeducation.ch\/de\/wp-json\/wp\/v2\/product_brand?post=61205"},{"taxonomy":"product_cat","embeddable":true,"href":"https:\/\/teiaeducation.ch\/de\/wp-json\/wp\/v2\/product_cat?post=61205"},{"taxonomy":"product_tag","embeddable":true,"href":"https:\/\/teiaeducation.ch\/de\/wp-json\/wp\/v2\/product_tag?post=61205"}],"curies":[{"name":"wp","href":"https:\/\/api.w.org\/{rel}","templated":true}]}}