{"id":61210,"date":"2021-03-31T14:52:05","date_gmt":"2021-03-31T12:52:05","guid":{"rendered":"https:\/\/teiaeducation.ch\/product\/safari-toob-baeume-figuren-safari-ltd\/"},"modified":"2024-09-20T16:45:21","modified_gmt":"2024-09-20T14:45:21","slug":"safari-toob-baeume-figuren-safari-ltd","status":"publish","type":"product","link":"https:\/\/teiaeducation.ch\/de\/produkt\/safari-toob-baeume-figuren-safari-ltd\/","title":{"rendered":"Safari TOOB B\u00e4ume Figuren &#8211; Safari Ltd"},"content":{"rendered":"<p>Die Safari TOOB mit realistischen Miniatur B\u00e4ume Figuren mit den am h\u00e4ufigsten vorkommenden und leicht identifizierbaren Baumarten ist ein wertvolles Montessori-<a href=\"https:\/\/teiaeducation.ch\/product-category\/learning-themes\/\">Lernspielzeug<\/a> f\u00fcr jedes Zuhause oder <a href=\"https:\/\/teiaeducation.ch\/school-supplies-switzerland\/\">Klassenzimmer<\/a>!<\/p>\n<p>Das Set enth\u00e4lt eine Kiefer, eine Ulme, einen Wacholder, ein Affenpuzzle, eine Baumkrone, einen Petticoat, eine Espe und 2 Ahornb\u00e4ume. Die 9 detailgetreuen und naturgetreuen Baummodelle helfen Kindern, die Unterschiede zwischen diesen wichtigen Arten zu erkennen, zu sch\u00e4tzen und zu bemerken.<\/p>\n<p>Dieses hochwertige und langlebige Safari TOOB B\u00e4ume ist ein gro\u00dfartiges Lehrmittel und ein von <a href=\"https:\/\/teiaeducation.ch\/product-category\/hgh-quality-toys-play\/montessori-toys\/\">Montessori inspiriertes Spielzeug<\/a>. Die praktischen Lernfiguren eignen sich perfekt zur Unterst\u00fctzung des Unterrichts in Biologie und <a href=\"https:\/\/teiaeducation.ch\/product-category\/learning-themes\/culture-science\/botany\/\">Botanik<\/a>, Klassifizierung, Natur und Pflanzenwelt sowie als wunderbare\u00a0<a href=\"https:\/\/teiaeducation.ch\/product-category\/learning-themes\/literacy-language\/\">Sprach<\/a>&#8211; und <a href=\"https:\/\/teiaeducation.ch\/product-category\/play\/sensory-play\/\">Sinnes<\/a> Objekte zur Bereicherung des <a href=\"https:\/\/teiaeducation.ch\/product-category\/learning-themes\/literacy-language\/vocabulary-2\/\">Wortschatzes<\/a> und zum <a href=\"https:\/\/teiaeducation.ch\/product-category\/learning-themes\/literacy-language\/story-telling\/\">Geschichtenerz\u00e4hlen<\/a>.<\/p>\n<p>Der Unterricht mit diesen Baumfiguren kann sich auf die Tatsache konzentrieren, dass B\u00e4ume unsere Luft atembar halten und ohne sie die Luft voller Kohlendioxid w\u00e4re. B\u00e4ume werden seit jeher genutzt und verehrt. B\u00e4ume waren nicht nur unersetzlich wichtig f\u00fcr den Bau von H\u00e4usern, Schiffen, Waffen, landwirtschaftlichen Konstruktionen und vielem mehr, sondern werden auch von vielen Religionen und Kulturen besonders gesch\u00e4tzt. In der Keltischen, Griechischen und Nordischen Mythologie wurden B\u00e4ume zur Darstellung des Lebens verwendet, und einige Kulturen glaubten sogar, dass ein gro\u00dfer zentraler Baum die Unterwelt, die nat\u00fcrliche Welt und den Himmel miteinander verband.<\/p>\n<p>Jede realistische Baumfigur aus diesem TOOB ist einzeln mit wissenschaftlich genauen Details bemalt. Sie sind ungiftig, BPA-frei und f\u00fcr Kinder ab 3 Jahren geeignet. Der TOOB, der die Figuren h\u00e4lt, hat eine L\u00e4nge von 32,5 cm.<\/p>\n<p>Inhalt:<\/p>\n<p>9 Miniatur B\u00e4ume Figuren<\/p>\n<h2>\u00dcber Safari Ltd<\/h2>\n<p>Die Amerikanische Familienmarke <a href=\"https:\/\/teiaeducation.ch\/product-category\/brands\/safari\/\">Safari Ltd\u00ae<\/a> stellt seit \u00fcber 30 Jahren wunderbar realistische <a href=\"https:\/\/teiaeducation.ch\/product-category\/play\/animals-farms\/\">Tier<\/a>figuren und Lernhilfen her. Die sorgf\u00e4ltig gefertigten, hochwertigen und langlebigen Spielzeuge vermitteln Kindern die Bedeutung der <a href=\"https:\/\/teiaeducation.ch\/product-category\/play\/nature-play\/\">Natur<\/a> und des Naturschutzes durch die Freude am <a href=\"https:\/\/teiaeducation.ch\/product-category\/play\/imaginative-role-play\/\">fantasievollen Spiel<\/a> und k\u00f6nnen auf vielf\u00e4ltige Weise verwendet werden.<\/p>\n<p>Alle Produkte von Safari Ltd. sind ungiftig, <a href=\"https:\/\/en.wikipedia.org\/wiki\/Bisphenol_A\">BPA-frei<\/a>, bleifrei und phthalatfrei und werden strengen Sicherheitstests unterzogen, die alle weltweiten Vorschriften und Teststandards erf\u00fcllen und \u00fcbertreffen. Es werden umweltfreundliche Verpackungen verwendet, darunter recyceltes und wiederverwertbares Papier ohne UV-Lackierung, und in der gesamten Produktion werden umweltfreundliche Gesch\u00e4ftspraktiken angewandt.<\/p>\n","protected":false},"excerpt":{"rendered":"<p>Artikelnummer: S684304<\/p>\n<p>Die Safari TOOB mit realistischen Miniatur B\u00e4ume Figuren ist ein wertvolles Montessori Lernspielzeug f\u00fcr jedes Zuhause oder Klassenzimmer!<\/p>\n","protected":false},"featured_media":61211,"comment_status":"open","ping_status":"closed","template":"","meta":[],"product_brand":[],"product_cat":[21445,21446,21524,23651,21479,21512,21690,21670,21453,21488,21484,22422,21535,21464,21447,21510,21509,21481,22182,21443,21689,21563,21665,22362,21494,21495,21496,21695,23636,21678,21482,21564,22363,21536],"product_tag":[29330,29292,27381,29327,29305,29332,29331,29328,21742,29295,29329,29296,29291,29294,29293],"class_list":{"0":"post-61210","1":"product","2":"type-product","3":"status-publish","4":"has-post-thumbnail","6":"product_cat-3-6-jahre-vorschule","7":"product_cat-6-12-jahre-grundschule","8":"product_cat-alphabetisierung-sprache","9":"product_cat-back-to-school-de","10":"product_cat-lernmaterialien-spielzeug-montessori-waldorf-steiner-froebel","11":"product_cat-botanik","12":"product_cat-spiele-mit-offenem-ende","13":"product_cat-fruehjahrskollektion","14":"product_cat-gartnern","15":"product_cat-geschenk-guide-6-12-jahre-grundschule","16":"product_cat-geschenk-guides","17":"product_cat-geschenke-fuer-das-osterkoerbchen","18":"product_cat-geschichtenerzaehlen","19":"product_cat-herbstkollektion","20":"product_cat-malen-basteln","21":"product_cat-kultur-wissenschaft","22":"product_cat-lernthemen","23":"product_cat-montessori-paedagogik-material-spielzeug","24":"product_cat-montessori-spielzeug","25":"product_cat-nach-alter","26":"product_cat-naturspiel","27":"product_cat-neuheiten","28":"product_cat-safari-ltd","29":"product_cat-saisonale-kollektionen","30":"product_cat-schulbedarf-fuer-zuhause","31":"product_cat-schulbedarf-fuer-zuhause-3-6-jahre","32":"product_cat-schulbedarf-fuer-zuhause-6-12-jahre","33":"product_cat-sinnliches-spiel","34":"product_cat-sommer-kollektion","35":"product_cat-kinder-spielzeug","36":"product_cat-traditionelle-bildung","37":"product_cat-unsere-marken","38":"product_cat-winter-kollektion","39":"product_cat-wortschatz","40":"product_tag-baume-figuren-toob-safari","41":"product_tag-bpa-freies-spielzeug","42":"product_tag-lernspielzeug-de","43":"product_tag-montessori-realistische-baume-figurinen-safari","44":"product_tag-montessori-realistische-tierfiguren","45":"product_tag-montessori-botanik-baum-figuren","46":"product_tag-montessori-botanik-spielzeug","47":"product_tag-montessori-lernspielzeug-baume-figurinen","48":"product_tag-montessori-spielzeug","49":"product_tag-montessori-spielzeug-fur-die-zoologie","50":"product_tag-realistische-miniatur-baumfiguren","51":"product_tag-safari-toob-de","52":"product_tag-safari-spielzeuge","53":"product_tag-ungiftige-tierfiguren","54":"product_tag-ungiftiges-spielzeug","56":"first","57":"instock","58":"taxable","59":"shipping-taxable","60":"purchasable","61":"product-type-simple"},"yoast_head":"<!-- This site is optimized with the Yoast SEO Premium plugin v25.8 (Yoast SEO v27.4) - https:\/\/yoast.com\/product\/yoast-seo-premium-wordpress\/ -->\n<title>Safari TOOB B\u00e4ume Figuren - Safari Ltd<\/title>\n<meta name=\"description\" content=\"Die Safari TOOB mit realistischen Miniatur B\u00e4ume Figuren ist ein wertvolles Montessori Lernspielzeug f\u00fcr jedes Zuhause oder Klassenzimmer!\" \/>\n<meta name=\"robots\" content=\"index, follow, max-snippet:-1, max-image-preview:large, max-video-preview:-1\" \/>\n<link rel=\"canonical\" href=\"https:\/\/teiaeducation.ch\/de\/produkt\/safari-toob-baeume-figuren-safari-ltd\/\" \/>\n<meta property=\"og:locale\" content=\"de_DE\" \/>\n<meta property=\"og:type\" content=\"article\" \/>\n<meta property=\"og:title\" content=\"Safari TOOB B\u00e4ume Figuren - Safari Ltd\" \/>\n<meta property=\"og:description\" content=\"Die Safari TOOB mit realistischen Miniatur B\u00e4ume Figuren ist ein wertvolles Montessori Lernspielzeug f\u00fcr jedes Zuhause oder Klassenzimmer!\" \/>\n<meta property=\"og:url\" content=\"https:\/\/teiaeducation.ch\/de\/produkt\/safari-toob-baeume-figuren-safari-ltd\/\" \/>\n<meta property=\"og:site_name\" content=\"Sustainable Educational Products &amp; Ecological Toys\u00a0\" \/>\n<meta property=\"article:publisher\" content=\"https:\/\/www.facebook.com\/teiaeducation\/\" \/>\n<meta property=\"article:modified_time\" content=\"2024-09-20T14:45:21+00:00\" \/>\n<meta property=\"og:image\" content=\"https:\/\/teiaeducation.ch\/wp-content\/uploads\/2021\/03\/Trees-TOOB-Realistic-miniature-trees-figurines-Montessori-learning-toy-Safari-Ltd.jpg\" \/>\n\t<meta property=\"og:image:width\" content=\"1000\" \/>\n\t<meta property=\"og:image:height\" content=\"1000\" \/>\n\t<meta property=\"og:image:type\" content=\"image\/jpeg\" \/>\n<script type=\"application\/ld+json\" class=\"yoast-schema-graph\">{\"@context\":\"https:\\\/\\\/schema.org\",\"@graph\":[{\"@type\":\"WebPage\",\"@id\":\"https:\\\/\\\/teiaeducation.ch\\\/de\\\/produkt\\\/safari-toob-baeume-figuren-safari-ltd\\\/\",\"url\":\"https:\\\/\\\/teiaeducation.ch\\\/de\\\/produkt\\\/safari-toob-baeume-figuren-safari-ltd\\\/\",\"name\":\"Safari TOOB B\u00e4ume Figuren - Safari Ltd\",\"isPartOf\":{\"@id\":\"https:\\\/\\\/teiaeducation.ch\\\/de\\\/#website\"},\"primaryImageOfPage\":{\"@id\":\"https:\\\/\\\/teiaeducation.ch\\\/de\\\/produkt\\\/safari-toob-baeume-figuren-safari-ltd\\\/#primaryimage\"},\"image\":{\"@id\":\"https:\\\/\\\/teiaeducation.ch\\\/de\\\/produkt\\\/safari-toob-baeume-figuren-safari-ltd\\\/#primaryimage\"},\"thumbnailUrl\":\"https:\\\/\\\/teiaeducation.ch\\\/wp-content\\\/uploads\\\/2021\\\/03\\\/Trees-TOOB-Realistic-miniature-trees-figurines-Montessori-learning-toy-Safari-Ltd.jpg\",\"datePublished\":\"2021-03-31T12:52:05+00:00\",\"dateModified\":\"2024-09-20T14:45:21+00:00\",\"description\":\"Die Safari TOOB mit realistischen Miniatur B\u00e4ume Figuren ist ein wertvolles Montessori Lernspielzeug f\u00fcr jedes Zuhause oder Klassenzimmer!\",\"breadcrumb\":{\"@id\":\"https:\\\/\\\/teiaeducation.ch\\\/de\\\/produkt\\\/safari-toob-baeume-figuren-safari-ltd\\\/#breadcrumb\"},\"inLanguage\":\"de-CH\",\"potentialAction\":[{\"@type\":\"ReadAction\",\"target\":[\"https:\\\/\\\/teiaeducation.ch\\\/de\\\/produkt\\\/safari-toob-baeume-figuren-safari-ltd\\\/\"]}]},{\"@type\":\"ImageObject\",\"inLanguage\":\"de-CH\",\"@id\":\"https:\\\/\\\/teiaeducation.ch\\\/de\\\/produkt\\\/safari-toob-baeume-figuren-safari-ltd\\\/#primaryimage\",\"url\":\"https:\\\/\\\/teiaeducation.ch\\\/wp-content\\\/uploads\\\/2021\\\/03\\\/Trees-TOOB-Realistic-miniature-trees-figurines-Montessori-learning-toy-Safari-Ltd.jpg\",\"contentUrl\":\"https:\\\/\\\/teiaeducation.ch\\\/wp-content\\\/uploads\\\/2021\\\/03\\\/Trees-TOOB-Realistic-miniature-trees-figurines-Montessori-learning-toy-Safari-Ltd.jpg\",\"width\":1000,\"height\":1000,\"caption\":\"B\u00e4ume TOOB : Realistische Miniatur-Baumfiguren Montessori-Lernspielzeug - Safari Ltd\"},{\"@type\":\"BreadcrumbList\",\"@id\":\"https:\\\/\\\/teiaeducation.ch\\\/de\\\/produkt\\\/safari-toob-baeume-figuren-safari-ltd\\\/#breadcrumb\",\"itemListElement\":[{\"@type\":\"ListItem\",\"position\":1,\"name\":\"Home\",\"item\":\"https:\\\/\\\/teiaeducation.ch\\\/de\\\/\"},{\"@type\":\"ListItem\",\"position\":2,\"name\":\"Laden\",\"item\":\"https:\\\/\\\/teiaeducation.ch\\\/de\\\/shop\\\/\"},{\"@type\":\"ListItem\",\"position\":3,\"name\":\"Lernthemen\",\"item\":\"https:\\\/\\\/teiaeducation.ch\\\/de\\\/produkt-kategorie\\\/lernthemen\\\/\"},{\"@type\":\"ListItem\",\"position\":4,\"name\":\"Kultur &amp; Wissenschaft\",\"item\":\"https:\\\/\\\/teiaeducation.ch\\\/de\\\/produkt-kategorie\\\/lernthemen\\\/kultur-wissenschaft\\\/\"},{\"@type\":\"ListItem\",\"position\":5,\"name\":\"Botanik\",\"item\":\"https:\\\/\\\/teiaeducation.ch\\\/de\\\/produkt-kategorie\\\/lernthemen\\\/kultur-wissenschaft\\\/botanik\\\/\"},{\"@type\":\"ListItem\",\"position\":6,\"name\":\"Safari TOOB B\u00e4ume Figuren &#8211; Safari Ltd\"}]},{\"@type\":\"WebSite\",\"@id\":\"https:\\\/\\\/teiaeducation.ch\\\/de\\\/#website\",\"url\":\"https:\\\/\\\/teiaeducation.ch\\\/de\\\/\",\"name\":\"Sustainable Educational Products &amp; Ecological Toys\u00a0\",\"description\":\"Specialised Swiss shop selling sustainable educational toys and games, AMI certified Montessori materials, handmade ecological wooden Waldorf toys and arts &amp; crafts supplies, school supplies, children&#039;s furniture and Montessori reference and parenting books.\",\"publisher\":{\"@id\":\"https:\\\/\\\/teiaeducation.ch\\\/de\\\/#organization\"},\"alternateName\":\"Teia Education & Play\",\"potentialAction\":[{\"@type\":\"SearchAction\",\"target\":{\"@type\":\"EntryPoint\",\"urlTemplate\":\"https:\\\/\\\/teiaeducation.ch\\\/de\\\/?s={search_term_string}\"},\"query-input\":{\"@type\":\"PropertyValueSpecification\",\"valueRequired\":true,\"valueName\":\"search_term_string\"}}],\"inLanguage\":\"de-CH\"},{\"@type\":\"Organization\",\"@id\":\"https:\\\/\\\/teiaeducation.ch\\\/de\\\/#organization\",\"name\":\"Teia Education & Play\",\"url\":\"https:\\\/\\\/teiaeducation.ch\\\/de\\\/\",\"logo\":{\"@type\":\"ImageObject\",\"inLanguage\":\"de-CH\",\"@id\":\"https:\\\/\\\/teiaeducation.ch\\\/de\\\/#\\\/schema\\\/logo\\\/image\\\/\",\"url\":\"https:\\\/\\\/teiaeducation.ch\\\/wp-content\\\/uploads\\\/2020\\\/11\\\/Teia-Education-Switzerland-e1620156442216.jpg\",\"contentUrl\":\"https:\\\/\\\/teiaeducation.ch\\\/wp-content\\\/uploads\\\/2020\\\/11\\\/Teia-Education-Switzerland-e1620156442216.jpg\",\"width\":166,\"height\":145,\"caption\":\"Teia Education & Play\"},\"image\":{\"@id\":\"https:\\\/\\\/teiaeducation.ch\\\/de\\\/#\\\/schema\\\/logo\\\/image\\\/\"},\"sameAs\":[\"https:\\\/\\\/www.facebook.com\\\/teiaeducation\\\/\",\"https:\\\/\\\/x.com\\\/EducationTeia\",\"https:\\\/\\\/www.instagram.com\\\/teia.education\\\/\",\"https:\\\/\\\/www.linkedin.com\\\/company\\\/35501660\",\"https:\\\/\\\/www.pinterest.ch\\\/TeiaEducation\\\/\"]}]}<\/script>\n<meta property=\"product:price:amount\" content=\"18.90\" \/>\n<meta property=\"product:price:currency\" content=\"CHF\" \/>\n<meta property=\"og:availability\" content=\"instock\" \/>\n<meta property=\"product:availability\" content=\"instock\" \/>\n<meta property=\"product:retailer_item_id\" content=\"00000000000000000000000000000000000000000000034049\" \/>\n<meta property=\"product:condition\" content=\"new\" \/>\n<!-- \/ Yoast SEO Premium plugin. -->","yoast_head_json":{"title":"Safari TOOB B\u00e4ume Figuren - Safari Ltd","description":"Die Safari TOOB mit realistischen Miniatur B\u00e4ume Figuren ist ein wertvolles Montessori Lernspielzeug f\u00fcr jedes Zuhause oder Klassenzimmer!","robots":{"index":"index","follow":"follow","max-snippet":"max-snippet:-1","max-image-preview":"max-image-preview:large","max-video-preview":"max-video-preview:-1"},"canonical":"https:\/\/teiaeducation.ch\/de\/produkt\/safari-toob-baeume-figuren-safari-ltd\/","og_locale":"de_DE","og_type":"article","og_title":"Safari TOOB B\u00e4ume Figuren - Safari Ltd","og_description":"Die Safari TOOB mit realistischen Miniatur B\u00e4ume Figuren ist ein wertvolles Montessori Lernspielzeug f\u00fcr jedes Zuhause oder Klassenzimmer!","og_url":"https:\/\/teiaeducation.ch\/de\/produkt\/safari-toob-baeume-figuren-safari-ltd\/","og_site_name":"Sustainable Educational Products &amp; Ecological Toys\u00a0","article_publisher":"https:\/\/www.facebook.com\/teiaeducation\/","article_modified_time":"2024-09-20T14:45:21+00:00","og_image":[{"width":1000,"height":1000,"url":"https:\/\/teiaeducation.ch\/wp-content\/uploads\/2021\/03\/Trees-TOOB-Realistic-miniature-trees-figurines-Montessori-learning-toy-Safari-Ltd.jpg","type":"image\/jpeg"}],"schema":{"@context":"https:\/\/schema.org","@graph":[{"@type":"WebPage","@id":"https:\/\/teiaeducation.ch\/de\/produkt\/safari-toob-baeume-figuren-safari-ltd\/","url":"https:\/\/teiaeducation.ch\/de\/produkt\/safari-toob-baeume-figuren-safari-ltd\/","name":"Safari TOOB B\u00e4ume Figuren - Safari Ltd","isPartOf":{"@id":"https:\/\/teiaeducation.ch\/de\/#website"},"primaryImageOfPage":{"@id":"https:\/\/teiaeducation.ch\/de\/produkt\/safari-toob-baeume-figuren-safari-ltd\/#primaryimage"},"image":{"@id":"https:\/\/teiaeducation.ch\/de\/produkt\/safari-toob-baeume-figuren-safari-ltd\/#primaryimage"},"thumbnailUrl":"https:\/\/teiaeducation.ch\/wp-content\/uploads\/2021\/03\/Trees-TOOB-Realistic-miniature-trees-figurines-Montessori-learning-toy-Safari-Ltd.jpg","datePublished":"2021-03-31T12:52:05+00:00","dateModified":"2024-09-20T14:45:21+00:00","description":"Die Safari TOOB mit realistischen Miniatur B\u00e4ume Figuren ist ein wertvolles Montessori Lernspielzeug f\u00fcr jedes Zuhause oder Klassenzimmer!","breadcrumb":{"@id":"https:\/\/teiaeducation.ch\/de\/produkt\/safari-toob-baeume-figuren-safari-ltd\/#breadcrumb"},"inLanguage":"de-CH","potentialAction":[{"@type":"ReadAction","target":["https:\/\/teiaeducation.ch\/de\/produkt\/safari-toob-baeume-figuren-safari-ltd\/"]}]},{"@type":"ImageObject","inLanguage":"de-CH","@id":"https:\/\/teiaeducation.ch\/de\/produkt\/safari-toob-baeume-figuren-safari-ltd\/#primaryimage","url":"https:\/\/teiaeducation.ch\/wp-content\/uploads\/2021\/03\/Trees-TOOB-Realistic-miniature-trees-figurines-Montessori-learning-toy-Safari-Ltd.jpg","contentUrl":"https:\/\/teiaeducation.ch\/wp-content\/uploads\/2021\/03\/Trees-TOOB-Realistic-miniature-trees-figurines-Montessori-learning-toy-Safari-Ltd.jpg","width":1000,"height":1000,"caption":"B\u00e4ume TOOB : Realistische Miniatur-Baumfiguren Montessori-Lernspielzeug - Safari Ltd"},{"@type":"BreadcrumbList","@id":"https:\/\/teiaeducation.ch\/de\/produkt\/safari-toob-baeume-figuren-safari-ltd\/#breadcrumb","itemListElement":[{"@type":"ListItem","position":1,"name":"Home","item":"https:\/\/teiaeducation.ch\/de\/"},{"@type":"ListItem","position":2,"name":"Laden","item":"https:\/\/teiaeducation.ch\/de\/shop\/"},{"@type":"ListItem","position":3,"name":"Lernthemen","item":"https:\/\/teiaeducation.ch\/de\/produkt-kategorie\/lernthemen\/"},{"@type":"ListItem","position":4,"name":"Kultur &amp; Wissenschaft","item":"https:\/\/teiaeducation.ch\/de\/produkt-kategorie\/lernthemen\/kultur-wissenschaft\/"},{"@type":"ListItem","position":5,"name":"Botanik","item":"https:\/\/teiaeducation.ch\/de\/produkt-kategorie\/lernthemen\/kultur-wissenschaft\/botanik\/"},{"@type":"ListItem","position":6,"name":"Safari TOOB B\u00e4ume Figuren &#8211; Safari Ltd"}]},{"@type":"WebSite","@id":"https:\/\/teiaeducation.ch\/de\/#website","url":"https:\/\/teiaeducation.ch\/de\/","name":"Sustainable Educational Products &amp; Ecological Toys\u00a0","description":"Specialised Swiss shop selling sustainable educational toys and games, AMI certified Montessori materials, handmade ecological wooden Waldorf toys and arts &amp; crafts supplies, school supplies, children&#039;s furniture and Montessori reference and parenting books.","publisher":{"@id":"https:\/\/teiaeducation.ch\/de\/#organization"},"alternateName":"Teia Education & Play","potentialAction":[{"@type":"SearchAction","target":{"@type":"EntryPoint","urlTemplate":"https:\/\/teiaeducation.ch\/de\/?s={search_term_string}"},"query-input":{"@type":"PropertyValueSpecification","valueRequired":true,"valueName":"search_term_string"}}],"inLanguage":"de-CH"},{"@type":"Organization","@id":"https:\/\/teiaeducation.ch\/de\/#organization","name":"Teia Education & Play","url":"https:\/\/teiaeducation.ch\/de\/","logo":{"@type":"ImageObject","inLanguage":"de-CH","@id":"https:\/\/teiaeducation.ch\/de\/#\/schema\/logo\/image\/","url":"https:\/\/teiaeducation.ch\/wp-content\/uploads\/2020\/11\/Teia-Education-Switzerland-e1620156442216.jpg","contentUrl":"https:\/\/teiaeducation.ch\/wp-content\/uploads\/2020\/11\/Teia-Education-Switzerland-e1620156442216.jpg","width":166,"height":145,"caption":"Teia Education & Play"},"image":{"@id":"https:\/\/teiaeducation.ch\/de\/#\/schema\/logo\/image\/"},"sameAs":["https:\/\/www.facebook.com\/teiaeducation\/","https:\/\/x.com\/EducationTeia","https:\/\/www.instagram.com\/teia.education\/","https:\/\/www.linkedin.com\/company\/35501660","https:\/\/www.pinterest.ch\/TeiaEducation\/"]}]},"product_price_amount":"18.90","product_price_currency":"CHF","og_availability":"instock","product_availability":"instock","product_retailer_item_id":"00000000000000000000000000000000000000000000034049","product_condition":"new"},"_links":{"self":[{"href":"https:\/\/teiaeducation.ch\/de\/wp-json\/wp\/v2\/product\/61210","targetHints":{"allow":["GET"]}}],"collection":[{"href":"https:\/\/teiaeducation.ch\/de\/wp-json\/wp\/v2\/product"}],"about":[{"href":"https:\/\/teiaeducation.ch\/de\/wp-json\/wp\/v2\/types\/product"}],"replies":[{"embeddable":true,"href":"https:\/\/teiaeducation.ch\/de\/wp-json\/wp\/v2\/comments?post=61210"}],"wp:featuredmedia":[{"embeddable":true,"href":"https:\/\/teiaeducation.ch\/de\/wp-json\/wp\/v2\/media\/61211"}],"wp:attachment":[{"href":"https:\/\/teiaeducation.ch\/de\/wp-json\/wp\/v2\/media?parent=61210"}],"wp:term":[{"taxonomy":"product_brand","embeddable":true,"href":"https:\/\/teiaeducation.ch\/de\/wp-json\/wp\/v2\/product_brand?post=61210"},{"taxonomy":"product_cat","embeddable":true,"href":"https:\/\/teiaeducation.ch\/de\/wp-json\/wp\/v2\/product_cat?post=61210"},{"taxonomy":"product_tag","embeddable":true,"href":"https:\/\/teiaeducation.ch\/de\/wp-json\/wp\/v2\/product_tag?post=61210"}],"curies":[{"name":"wp","href":"https:\/\/api.w.org\/{rel}","templated":true}]}}