{"id":61227,"date":"2021-03-31T14:31:11","date_gmt":"2021-03-31T12:31:11","guid":{"rendered":"https:\/\/teiaeducation.ch\/product\/safari-toob-menschen-bei-den-arbeit-figuren-safari-ltd\/"},"modified":"2024-09-20T16:52:00","modified_gmt":"2024-09-20T14:52:00","slug":"safari-toob-menschen-bei-den-arbeit-figuren-safari-ltd","status":"publish","type":"product","link":"https:\/\/teiaeducation.ch\/de\/produkt\/safari-toob-menschen-bei-den-arbeit-figuren-safari-ltd\/","title":{"rendered":"Safari TOOB Menschen bei den Arbeit Figuren &#8211; Safari Ltd"},"content":{"rendered":"<p>Die Safari Designer TOOB Set mit realistischen Menschen bei der Arbeit Miniatur Figuren zum Thema Berufe zeigt die unbesungenen Helden, die die Welt in Schwung bringen und nie nach Anerkennung fragen! Die Figuren sind ein wertvolles Montessori-<a href=\"https:\/\/teiaeducation.ch\/product-category\/learning-themes\/\">Lernspielzeug<\/a> f\u00fcr jedes Haus oder <a href=\"https:\/\/teiaeducation.ch\/school-supplies-switzerland\/\">Klassenzimmer<\/a>!<\/p>\n<p>Das Set enth\u00e4lt Nachbildungen eines Bauarbeiters mit Schutzhelm und Werkzeugkasten, eines Polizisten, eines Postboten mit Brieftr\u00e4ger und Post, eines Piloten, eines Kochs, eines Feuerwehrmanns mit Schlauch und Axt und eines Tierarztes mit Welpe. Die 7 detailgetreuen und naturgetreuen Modelle verschiedener Figuren bei ihrer t\u00e4glichen Arbeit mit komplizierten Merkmalen helfen den Kindern, jeden Beruf zu erkennen und die Welt ihrer Fantasie zum Leben zu erwecken.<\/p>\n<p>Dieses hochwertige und langlebige Safari TOOB Menschen bei den Arbeit ist ein gro\u00dfartiges Lehrmittel und ein von <a href=\"https:\/\/teiaeducation.ch\/product-category\/hgh-quality-toys-play\/montessori-toys\/\">Montessori inspiriertes Spielzeug<\/a>. Die Figuren mit realistischem Arbeitsmotiv eignen sich hervorragend zur Unterst\u00fctzung des Unterrichts \u00fcber die <a href=\"https:\/\/teiaeducation.ch\/product-category\/learning-themes\/culture-science\/human-geography-culture\/\">menschliche Kultur<\/a>, zum Verst\u00e4ndnis der verschiedenen Dienstleistungsberufe, zur Ausstellung in einem Diorama sowie als \u00a0wunderbare\u00a0<a href=\"https:\/\/teiaeducation.ch\/product-category\/learning-themes\/literacy-language\/\">Sprach<\/a>&#8211; und <a href=\"https:\/\/teiaeducation.ch\/product-category\/play\/sensory-play\/\">Sinnes<\/a> Objekte zur Bereicherung des <a href=\"https:\/\/teiaeducation.ch\/product-category\/learning-themes\/literacy-language\/vocabulary-2\/\">Wortschatzes<\/a> und zum <a href=\"https:\/\/teiaeducation.ch\/product-category\/learning-themes\/literacy-language\/story-telling\/\">Geschichtenerz\u00e4hlen<\/a>. Sie sind auch eine sch\u00f6ne Erg\u00e4nzung f\u00fcr das freie Spiel in der kleinen Welt und f\u00fcr Displays.<\/p>\n<p>Jede realistische Figur ist individuell handbemalt und so gestaltet, dass sie zu den g\u00e4ngigsten Uniformen der jeweiligen Berufe passt, darunter der gelbe Flammschutzanzug und der rote Helm des Feuerwehrmanns sowie die marineblaue Uniform des Polizisten. Sie sind ungiftig, BPA-frei und f\u00fcr Kinder ab 3 Jahren geeignet. Der TOOB, in dem sich die Figuren befinden, ist 32,5 cm lang und verf\u00fcgt \u00fcber einen kreisenden Globus und lehrreiche Fakten im Inneren.<\/p>\n<p>Inhalt:<\/p>\n<p>7 Miniatur Figuren zum Thema Menschen bei der Arbeit<\/p>\n<h2>\u00dcber Safari Ltd<\/h2>\n<p>Die Amerikanische Familienmarke <a href=\"https:\/\/teiaeducation.ch\/product-category\/brands\/safari\/\">Safari Ltd\u00ae<\/a> stellt seit \u00fcber 30 Jahren wunderbar realistische <a href=\"https:\/\/teiaeducation.ch\/product-category\/play\/animals-farms\/\">Tier<\/a>figuren und Lernhilfen her. Die sorgf\u00e4ltig gefertigten, hochwertigen und langlebigen Spielzeuge vermitteln Kindern die Bedeutung der <a href=\"https:\/\/teiaeducation.ch\/product-category\/play\/nature-play\/\">Natur<\/a> und des Naturschutzes durch die Freude am <a href=\"https:\/\/teiaeducation.ch\/product-category\/play\/imaginative-role-play\/\">fantasievollen Spiel<\/a> und k\u00f6nnen auf vielf\u00e4ltige Weise verwendet werden.<\/p>\n<p>Alle Produkte von Safari Ltd. sind ungiftig, <a href=\"https:\/\/en.wikipedia.org\/wiki\/Bisphenol_A\">BPA-frei<\/a>, bleifrei und phthalatfrei und werden strengen Sicherheitstests unterzogen, die alle weltweiten Vorschriften und Teststandards erf\u00fcllen und \u00fcbertreffen. Es werden umweltfreundliche Verpackungen verwendet, darunter recyceltes und wiederverwertbares Papier ohne UV-Lackierung, und in der gesamten Produktion werden umweltfreundliche Gesch\u00e4ftspraktiken angewandt.<\/p>\n","protected":false},"excerpt":{"rendered":"<p>Artikelnummer: S682304<\/p>\n<p>Das Safari Designer TOOB mit realistischen Figuren zum Thema Menschen bei den Arbeit ist ein wertvolles Montessori Lernspielzeug f\u00fcr jedes Zuhause oder Klassenzimmer!<\/p>\n","protected":false},"featured_media":61228,"comment_status":"open","ping_status":"closed","template":"","meta":[],"product_brand":[],"product_cat":[21445,21446,22033,21500,21524,23651,21479,21690,21491,21484,21535,21517,21510,21509,21499,21481,22182,21443,21563,21665,22362,21494,21495,21496,21678,21482,21564,21536],"product_tag":[29336,29292,29338,27381,29333,29305,29335,21742,29295,29337,29296,29291,29334,29293],"class_list":{"0":"post-61227","1":"product","2":"type-product","3":"status-publish","4":"has-post-thumbnail","6":"product_cat-3-6-jahre-vorschule","7":"product_cat-6-12-jahre-grundschule","8":"product_cat-adventskalender-geschenke-strumpffueller","9":"product_cat-aktivitaetssets","10":"product_cat-alphabetisierung-sprache","11":"product_cat-back-to-school-de","12":"product_cat-lernmaterialien-spielzeug-montessori-waldorf-steiner-froebel","13":"product_cat-spiele-mit-offenem-ende","14":"product_cat-geschenk-guide-lerngeschenke","15":"product_cat-geschenk-guides","16":"product_cat-geschichtenerzaehlen","17":"product_cat-humangeographie-kultur","18":"product_cat-kultur-wissenschaft","19":"product_cat-lernthemen","20":"product_cat-lernunterstuetzung","21":"product_cat-montessori-paedagogik-material-spielzeug","22":"product_cat-montessori-spielzeug","23":"product_cat-nach-alter","24":"product_cat-neuheiten","25":"product_cat-safari-ltd","26":"product_cat-saisonale-kollektionen","27":"product_cat-schulbedarf-fuer-zuhause","28":"product_cat-schulbedarf-fuer-zuhause-3-6-jahre","29":"product_cat-schulbedarf-fuer-zuhause-6-12-jahre","30":"product_cat-kinder-spielzeug","31":"product_cat-traditionelle-bildung","32":"product_cat-unsere-marken","33":"product_cat-wortschatz","34":"product_tag-berufe-figurinen-montessori","35":"product_tag-bpa-freies-spielzeug","36":"product_tag-designer-toob-safari-figurinen","37":"product_tag-lernspielzeug-de","38":"product_tag-menschen-bei-der-arbeit-figuren-safari","39":"product_tag-montessori-realistische-tierfiguren","40":"product_tag-montessori-figuren-menschen-bei-der-arbeit","41":"product_tag-montessori-spielzeug","42":"product_tag-montessori-spielzeug-fur-die-zoologie","43":"product_tag-realistische-arbeitsthemen-figuren","44":"product_tag-safari-toob-de","45":"product_tag-safari-spielzeuge","46":"product_tag-toob-menschen-bei-den-arbeit-figuren-safari","47":"product_tag-ungiftiges-spielzeug","49":"first","50":"instock","51":"taxable","52":"shipping-taxable","53":"purchasable","54":"product-type-simple"},"yoast_head":"<!-- This site is optimized with the Yoast SEO plugin v27.1.1 - https:\/\/yoast.com\/product\/yoast-seo-wordpress\/ -->\n<title>Safari TOOB Menschen bei den Arbeit Figuren - Safari Ltd<\/title>\n<meta name=\"description\" content=\"Das Safari TOOB mit realistischen Figuren zum Thema Menschen bei den Arbeit ist ein wertvolles Montessori Lernspielzeug f\u00fcr jedes Zuhause oder Klassenzimmer\" \/>\n<meta name=\"robots\" content=\"index, follow, max-snippet:-1, max-image-preview:large, max-video-preview:-1\" \/>\n<link rel=\"canonical\" href=\"https:\/\/teiaeducation.ch\/de\/produkt\/safari-toob-menschen-bei-den-arbeit-figuren-safari-ltd\/\" \/>\n<meta property=\"og:locale\" content=\"de_DE\" \/>\n<meta property=\"og:type\" content=\"article\" \/>\n<meta property=\"og:title\" content=\"Safari TOOB Menschen bei den Arbeit Figuren - Safari Ltd\" \/>\n<meta property=\"og:description\" content=\"Das Safari TOOB mit realistischen Figuren zum Thema Menschen bei den Arbeit ist ein wertvolles Montessori Lernspielzeug f\u00fcr jedes Zuhause oder Klassenzimmer\" \/>\n<meta property=\"og:url\" content=\"https:\/\/teiaeducation.ch\/de\/produkt\/safari-toob-menschen-bei-den-arbeit-figuren-safari-ltd\/\" \/>\n<meta property=\"og:site_name\" content=\"Sustainable Educational Products &amp; Ecological Toys\u00a0\" \/>\n<meta property=\"article:publisher\" content=\"https:\/\/www.facebook.com\/teiaeducation\/\" \/>\n<meta property=\"article:modified_time\" content=\"2024-09-20T14:52:00+00:00\" \/>\n<meta property=\"og:image\" content=\"https:\/\/teiaeducation.ch\/wp-content\/uploads\/2021\/03\/People-at-work-designer-TOOB-Realistic-miniature-professions-themed-figurines-Montessori-learning-toy-Safari-Ltd.jpg\" \/>\n\t<meta property=\"og:image:width\" content=\"1000\" \/>\n\t<meta property=\"og:image:height\" content=\"1000\" \/>\n\t<meta property=\"og:image:type\" content=\"image\/jpeg\" \/>\n<script type=\"application\/ld+json\" class=\"yoast-schema-graph\">{\"@context\":\"https:\/\/schema.org\",\"@graph\":[{\"@type\":\"WebPage\",\"@id\":\"https:\/\/teiaeducation.ch\/de\/produkt\/safari-toob-menschen-bei-den-arbeit-figuren-safari-ltd\/\",\"url\":\"https:\/\/teiaeducation.ch\/de\/produkt\/safari-toob-menschen-bei-den-arbeit-figuren-safari-ltd\/\",\"name\":\"Safari TOOB Menschen bei den Arbeit Figuren - Safari Ltd\",\"isPartOf\":{\"@id\":\"https:\/\/teiaeducation.ch\/de\/#website\"},\"primaryImageOfPage\":{\"@id\":\"https:\/\/teiaeducation.ch\/de\/produkt\/safari-toob-menschen-bei-den-arbeit-figuren-safari-ltd\/#primaryimage\"},\"image\":{\"@id\":\"https:\/\/teiaeducation.ch\/de\/produkt\/safari-toob-menschen-bei-den-arbeit-figuren-safari-ltd\/#primaryimage\"},\"thumbnailUrl\":\"https:\/\/teiaeducation.ch\/wp-content\/uploads\/2021\/03\/People-at-work-designer-TOOB-Realistic-miniature-professions-themed-figurines-Montessori-learning-toy-Safari-Ltd.jpg\",\"datePublished\":\"2021-03-31T12:31:11+00:00\",\"dateModified\":\"2024-09-20T14:52:00+00:00\",\"description\":\"Das Safari TOOB mit realistischen Figuren zum Thema Menschen bei den Arbeit ist ein wertvolles Montessori Lernspielzeug f\u00fcr jedes Zuhause oder Klassenzimmer\",\"breadcrumb\":{\"@id\":\"https:\/\/teiaeducation.ch\/de\/produkt\/safari-toob-menschen-bei-den-arbeit-figuren-safari-ltd\/#breadcrumb\"},\"inLanguage\":\"de-CH\",\"potentialAction\":[{\"@type\":\"ReadAction\",\"target\":[\"https:\/\/teiaeducation.ch\/de\/produkt\/safari-toob-menschen-bei-den-arbeit-figuren-safari-ltd\/\"]}]},{\"@type\":\"ImageObject\",\"inLanguage\":\"de-CH\",\"@id\":\"https:\/\/teiaeducation.ch\/de\/produkt\/safari-toob-menschen-bei-den-arbeit-figuren-safari-ltd\/#primaryimage\",\"url\":\"https:\/\/teiaeducation.ch\/wp-content\/uploads\/2021\/03\/People-at-work-designer-TOOB-Realistic-miniature-professions-themed-figurines-Montessori-learning-toy-Safari-Ltd.jpg\",\"contentUrl\":\"https:\/\/teiaeducation.ch\/wp-content\/uploads\/2021\/03\/People-at-work-designer-TOOB-Realistic-miniature-professions-themed-figurines-Montessori-learning-toy-Safari-Ltd.jpg\",\"width\":1000,\"height\":1000,\"caption\":\"Menschen bei der Arbeit Designer TOOB \/ Realistische Miniatur-Figuren zum Thema Berufe Montessori-Lernspielzeug - Safari Ltd\"},{\"@type\":\"BreadcrumbList\",\"@id\":\"https:\/\/teiaeducation.ch\/de\/produkt\/safari-toob-menschen-bei-den-arbeit-figuren-safari-ltd\/#breadcrumb\",\"itemListElement\":[{\"@type\":\"ListItem\",\"position\":1,\"name\":\"Home\",\"item\":\"https:\/\/teiaeducation.ch\/de\/\"},{\"@type\":\"ListItem\",\"position\":2,\"name\":\"Laden\",\"item\":\"https:\/\/teiaeducation.ch\/de\/shop\/\"},{\"@type\":\"ListItem\",\"position\":3,\"name\":\"Unsere Marken\",\"item\":\"https:\/\/teiaeducation.ch\/de\/produkt-kategorie\/unsere-marken\/\"},{\"@type\":\"ListItem\",\"position\":4,\"name\":\"Safari Ltd\",\"item\":\"https:\/\/teiaeducation.ch\/de\/produkt-kategorie\/unsere-marken\/safari-ltd\/\"},{\"@type\":\"ListItem\",\"position\":5,\"name\":\"Safari TOOB Menschen bei den Arbeit Figuren &#8211; Safari Ltd\"}]},{\"@type\":\"WebSite\",\"@id\":\"https:\/\/teiaeducation.ch\/de\/#website\",\"url\":\"https:\/\/teiaeducation.ch\/de\/\",\"name\":\"Sustainable Educational Products &amp; Ecological Toys\u00a0\",\"description\":\"Specialised Swiss shop selling sustainable educational toys and games, AMI certified Montessori materials, handmade ecological wooden Waldorf toys and arts &amp; crafts supplies, school supplies, children&#039;s furniture and Montessori reference and parenting books.\",\"publisher\":{\"@id\":\"https:\/\/teiaeducation.ch\/de\/#organization\"},\"alternateName\":\"Teia Education & Play\",\"potentialAction\":[{\"@type\":\"SearchAction\",\"target\":{\"@type\":\"EntryPoint\",\"urlTemplate\":\"https:\/\/teiaeducation.ch\/de\/?s={search_term_string}\"},\"query-input\":{\"@type\":\"PropertyValueSpecification\",\"valueRequired\":true,\"valueName\":\"search_term_string\"}}],\"inLanguage\":\"de-CH\"},{\"@type\":\"Organization\",\"@id\":\"https:\/\/teiaeducation.ch\/de\/#organization\",\"name\":\"Teia Education & Play\",\"url\":\"https:\/\/teiaeducation.ch\/de\/\",\"logo\":{\"@type\":\"ImageObject\",\"inLanguage\":\"de-CH\",\"@id\":\"https:\/\/teiaeducation.ch\/de\/#\/schema\/logo\/image\/\",\"url\":\"https:\/\/teiaeducation.ch\/wp-content\/uploads\/2020\/11\/Teia-Education-Switzerland-e1620156442216.jpg\",\"contentUrl\":\"https:\/\/teiaeducation.ch\/wp-content\/uploads\/2020\/11\/Teia-Education-Switzerland-e1620156442216.jpg\",\"width\":166,\"height\":145,\"caption\":\"Teia Education & Play\"},\"image\":{\"@id\":\"https:\/\/teiaeducation.ch\/de\/#\/schema\/logo\/image\/\"},\"sameAs\":[\"https:\/\/www.facebook.com\/teiaeducation\/\",\"https:\/\/x.com\/EducationTeia\",\"https:\/\/www.instagram.com\/teia.education\/\",\"https:\/\/www.linkedin.com\/company\/35501660\",\"https:\/\/www.pinterest.ch\/TeiaEducation\/\"]}]}<\/script>\n<!-- \/ Yoast SEO plugin. -->","yoast_head_json":{"title":"Safari TOOB Menschen bei den Arbeit Figuren - Safari Ltd","description":"Das Safari TOOB mit realistischen Figuren zum Thema Menschen bei den Arbeit ist ein wertvolles Montessori Lernspielzeug f\u00fcr jedes Zuhause oder Klassenzimmer","robots":{"index":"index","follow":"follow","max-snippet":"max-snippet:-1","max-image-preview":"max-image-preview:large","max-video-preview":"max-video-preview:-1"},"canonical":"https:\/\/teiaeducation.ch\/de\/produkt\/safari-toob-menschen-bei-den-arbeit-figuren-safari-ltd\/","og_locale":"de_DE","og_type":"article","og_title":"Safari TOOB Menschen bei den Arbeit Figuren - Safari Ltd","og_description":"Das Safari TOOB mit realistischen Figuren zum Thema Menschen bei den Arbeit ist ein wertvolles Montessori Lernspielzeug f\u00fcr jedes Zuhause oder Klassenzimmer","og_url":"https:\/\/teiaeducation.ch\/de\/produkt\/safari-toob-menschen-bei-den-arbeit-figuren-safari-ltd\/","og_site_name":"Sustainable Educational Products &amp; Ecological Toys\u00a0","article_publisher":"https:\/\/www.facebook.com\/teiaeducation\/","article_modified_time":"2024-09-20T14:52:00+00:00","og_image":[{"width":1000,"height":1000,"url":"https:\/\/teiaeducation.ch\/wp-content\/uploads\/2021\/03\/People-at-work-designer-TOOB-Realistic-miniature-professions-themed-figurines-Montessori-learning-toy-Safari-Ltd.jpg","type":"image\/jpeg"}],"schema":{"@context":"https:\/\/schema.org","@graph":[{"@type":"WebPage","@id":"https:\/\/teiaeducation.ch\/de\/produkt\/safari-toob-menschen-bei-den-arbeit-figuren-safari-ltd\/","url":"https:\/\/teiaeducation.ch\/de\/produkt\/safari-toob-menschen-bei-den-arbeit-figuren-safari-ltd\/","name":"Safari TOOB Menschen bei den Arbeit Figuren - Safari Ltd","isPartOf":{"@id":"https:\/\/teiaeducation.ch\/de\/#website"},"primaryImageOfPage":{"@id":"https:\/\/teiaeducation.ch\/de\/produkt\/safari-toob-menschen-bei-den-arbeit-figuren-safari-ltd\/#primaryimage"},"image":{"@id":"https:\/\/teiaeducation.ch\/de\/produkt\/safari-toob-menschen-bei-den-arbeit-figuren-safari-ltd\/#primaryimage"},"thumbnailUrl":"https:\/\/teiaeducation.ch\/wp-content\/uploads\/2021\/03\/People-at-work-designer-TOOB-Realistic-miniature-professions-themed-figurines-Montessori-learning-toy-Safari-Ltd.jpg","datePublished":"2021-03-31T12:31:11+00:00","dateModified":"2024-09-20T14:52:00+00:00","description":"Das Safari TOOB mit realistischen Figuren zum Thema Menschen bei den Arbeit ist ein wertvolles Montessori Lernspielzeug f\u00fcr jedes Zuhause oder Klassenzimmer","breadcrumb":{"@id":"https:\/\/teiaeducation.ch\/de\/produkt\/safari-toob-menschen-bei-den-arbeit-figuren-safari-ltd\/#breadcrumb"},"inLanguage":"de-CH","potentialAction":[{"@type":"ReadAction","target":["https:\/\/teiaeducation.ch\/de\/produkt\/safari-toob-menschen-bei-den-arbeit-figuren-safari-ltd\/"]}]},{"@type":"ImageObject","inLanguage":"de-CH","@id":"https:\/\/teiaeducation.ch\/de\/produkt\/safari-toob-menschen-bei-den-arbeit-figuren-safari-ltd\/#primaryimage","url":"https:\/\/teiaeducation.ch\/wp-content\/uploads\/2021\/03\/People-at-work-designer-TOOB-Realistic-miniature-professions-themed-figurines-Montessori-learning-toy-Safari-Ltd.jpg","contentUrl":"https:\/\/teiaeducation.ch\/wp-content\/uploads\/2021\/03\/People-at-work-designer-TOOB-Realistic-miniature-professions-themed-figurines-Montessori-learning-toy-Safari-Ltd.jpg","width":1000,"height":1000,"caption":"Menschen bei der Arbeit Designer TOOB \/ Realistische Miniatur-Figuren zum Thema Berufe Montessori-Lernspielzeug - Safari Ltd"},{"@type":"BreadcrumbList","@id":"https:\/\/teiaeducation.ch\/de\/produkt\/safari-toob-menschen-bei-den-arbeit-figuren-safari-ltd\/#breadcrumb","itemListElement":[{"@type":"ListItem","position":1,"name":"Home","item":"https:\/\/teiaeducation.ch\/de\/"},{"@type":"ListItem","position":2,"name":"Laden","item":"https:\/\/teiaeducation.ch\/de\/shop\/"},{"@type":"ListItem","position":3,"name":"Unsere Marken","item":"https:\/\/teiaeducation.ch\/de\/produkt-kategorie\/unsere-marken\/"},{"@type":"ListItem","position":4,"name":"Safari Ltd","item":"https:\/\/teiaeducation.ch\/de\/produkt-kategorie\/unsere-marken\/safari-ltd\/"},{"@type":"ListItem","position":5,"name":"Safari TOOB Menschen bei den Arbeit Figuren &#8211; Safari Ltd"}]},{"@type":"WebSite","@id":"https:\/\/teiaeducation.ch\/de\/#website","url":"https:\/\/teiaeducation.ch\/de\/","name":"Sustainable Educational Products &amp; Ecological Toys\u00a0","description":"Specialised Swiss shop selling sustainable educational toys and games, AMI certified Montessori materials, handmade ecological wooden Waldorf toys and arts &amp; crafts supplies, school supplies, children&#039;s furniture and Montessori reference and parenting books.","publisher":{"@id":"https:\/\/teiaeducation.ch\/de\/#organization"},"alternateName":"Teia Education & Play","potentialAction":[{"@type":"SearchAction","target":{"@type":"EntryPoint","urlTemplate":"https:\/\/teiaeducation.ch\/de\/?s={search_term_string}"},"query-input":{"@type":"PropertyValueSpecification","valueRequired":true,"valueName":"search_term_string"}}],"inLanguage":"de-CH"},{"@type":"Organization","@id":"https:\/\/teiaeducation.ch\/de\/#organization","name":"Teia Education & Play","url":"https:\/\/teiaeducation.ch\/de\/","logo":{"@type":"ImageObject","inLanguage":"de-CH","@id":"https:\/\/teiaeducation.ch\/de\/#\/schema\/logo\/image\/","url":"https:\/\/teiaeducation.ch\/wp-content\/uploads\/2020\/11\/Teia-Education-Switzerland-e1620156442216.jpg","contentUrl":"https:\/\/teiaeducation.ch\/wp-content\/uploads\/2020\/11\/Teia-Education-Switzerland-e1620156442216.jpg","width":166,"height":145,"caption":"Teia Education & Play"},"image":{"@id":"https:\/\/teiaeducation.ch\/de\/#\/schema\/logo\/image\/"},"sameAs":["https:\/\/www.facebook.com\/teiaeducation\/","https:\/\/x.com\/EducationTeia","https:\/\/www.instagram.com\/teia.education\/","https:\/\/www.linkedin.com\/company\/35501660","https:\/\/www.pinterest.ch\/TeiaEducation\/"]}]}},"_links":{"self":[{"href":"https:\/\/teiaeducation.ch\/de\/wp-json\/wp\/v2\/product\/61227","targetHints":{"allow":["GET"]}}],"collection":[{"href":"https:\/\/teiaeducation.ch\/de\/wp-json\/wp\/v2\/product"}],"about":[{"href":"https:\/\/teiaeducation.ch\/de\/wp-json\/wp\/v2\/types\/product"}],"replies":[{"embeddable":true,"href":"https:\/\/teiaeducation.ch\/de\/wp-json\/wp\/v2\/comments?post=61227"}],"wp:featuredmedia":[{"embeddable":true,"href":"https:\/\/teiaeducation.ch\/de\/wp-json\/wp\/v2\/media\/61228"}],"wp:attachment":[{"href":"https:\/\/teiaeducation.ch\/de\/wp-json\/wp\/v2\/media?parent=61227"}],"wp:term":[{"taxonomy":"product_brand","embeddable":true,"href":"https:\/\/teiaeducation.ch\/de\/wp-json\/wp\/v2\/product_brand?post=61227"},{"taxonomy":"product_cat","embeddable":true,"href":"https:\/\/teiaeducation.ch\/de\/wp-json\/wp\/v2\/product_cat?post=61227"},{"taxonomy":"product_tag","embeddable":true,"href":"https:\/\/teiaeducation.ch\/de\/wp-json\/wp\/v2\/product_tag?post=61227"}],"curies":[{"name":"wp","href":"https:\/\/api.w.org\/{rel}","templated":true}]}}