{"id":61230,"date":"2021-03-31T13:33:43","date_gmt":"2021-03-31T11:33:43","guid":{"rendered":"https:\/\/teiaeducation.ch\/product\/evolution-der-menschen-figuren-safari-ltd\/"},"modified":"2024-09-20T16:56:14","modified_gmt":"2024-09-20T14:56:14","slug":"evolution-der-menschen-figuren-safari-ltd","status":"publish","type":"product","link":"https:\/\/teiaeducation.ch\/de\/produkt\/evolution-der-menschen-figuren-safari-ltd\/","title":{"rendered":"Evolution der Menschen Figuren &#8211; Safari Ltd"},"content":{"rendered":"<p>Das Figuren Set Evolution des Menschen von Safari Ltd. ist ein wertvolles Montessori-<a href=\"https:\/\/teiaeducation.ch\/product-category\/learning-themes\/\">Lernspielzeug<\/a> f\u00fcr jedes Zuhause oder <a href=\"https:\/\/teiaeducation.ch\/school-supplies-switzerland\/\">Klassenzimmer<\/a>!<\/p>\n<p>Die 5 detailgetreuen und naturgetreuen Figuren helfen den Kindern, die verschiedenen Phasen der menschlichen Entwicklung und die Geschichte der Evolution visuell und greifbar zu verstehen. Mit diesen f\u00fcnf Figuren wird die <a href=\"https:\/\/teiaeducation.ch\/product\/evolution-time-line-english-nienhuis-montessori\/\">Zeitachse<\/a> unserer Entwicklung greifbar und kann in visueller, anfassbarer Form erz\u00e4hlt werden. Die Serie folgt der Evolution, beginnend mit dem affen\u00e4hnlichen Australopithecus afarensis und schreitet 2 Millionen Jahre oder mehr bis zum Homo sapiens sapiens, dem sehr klugen Menschen, voran.<\/p>\n<p>Jede der f\u00fcnf Figuren in diesem Set steht f\u00fcr einen bestimmten Punkt in der Millionen Jahre w\u00e4hrenden menschlichen Evolution, und jede Figur ist mit Gegenst\u00e4nden oder Kleidungsst\u00fccken ausgestattet, die die jeweilige Entwicklungsstufe illustrieren. Dazu geh\u00f6ren Australopithecus afarensis, Homo habilis, Homo erectus, Homo neanderthalis und Homo sapiens sapiens.<\/p>\n<p>Dieses hochwertige und langlebige Safariologie Set ist ein gro\u00dfartiges Lehrmittel und ein von <a href=\"https:\/\/teiaeducation.ch\/product-category\/hgh-quality-toys-play\/montessori-toys\/\">Montessori inspiriertes Spielzeug<\/a>. Die spielerischen Lernfiguren eignen sich hervorragend zur Unterst\u00fctzung des Unterrichts \u00fcber die <a href=\"https:\/\/teiaeducation.ch\/product-category\/learning-themes\/culture-science\/human-geography-culture\/\">menschliche Kultur<\/a> und <a href=\"https:\/\/teiaeducation.ch\/product-category\/learning-themes\/culture-science\/science\/\">Wissenschaft<\/a>, die <a href=\"https:\/\/teiaeducation.ch\/product-category\/learning-themes\/culture-science\/earth-universe\/\">Erde<\/a>, die <a href=\"https:\/\/teiaeducation.ch\/product-category\/learning-themes\/culture-science\/prehistory\/\">Vorgeschichte<\/a> und die <a href=\"https:\/\/teiaeducation.ch\/product-category\/learning-themes\/culture-science\/time-lines\/\">Zeitlinien<\/a> sowie als wunderbare <a href=\"https:\/\/teiaeducation.ch\/product-category\/learning-themes\/literacy-language\/\">Sprach<\/a>&#8211; und Sinnesbeh\u00e4lterobjekte zur Bereicherung des <a href=\"https:\/\/teiaeducation.ch\/product-category\/learning-themes\/literacy-language\/vocabulary-2\/\">Wortschatzes<\/a> und des <a href=\"https:\/\/teiaeducation.ch\/product-category\/learning-themes\/literacy-language\/story-telling\/\">Geschichtenerz\u00e4hlens<\/a>.<\/p>\n<p>Jede Figur ist hochdetailliert, wissenschaftlich genau und realistisch in Ma\u00dfstab und Textur, da die haarigen, affen\u00e4hnlichen K\u00f6rper moderneren Gesichts- und K\u00f6rperstrukturen weichen. Die Figuren sind zwischen 6,35 cm (Australopithecus afarensis) und 7,6 cm (Homo sapiens sapiens) gro\u00df, ungiftig, BPA-frei und f\u00fcr Kinder ab 3 Jahren geeignet.<\/p>\n<p>Inhalt:<\/p>\n<p>5 Evolution der Menschen Figuren<\/p>\n<h2>\u00dcber Safari Ltd<\/h2>\n<p>Die Amerikanische Familienmarke <a href=\"https:\/\/teiaeducation.ch\/product-category\/brands\/safari\/\">Safari Ltd\u00ae<\/a> stellt seit \u00fcber 30 Jahren wunderbar realistische <a href=\"https:\/\/teiaeducation.ch\/product-category\/play\/animals-farms\/\">Tierfiguren<\/a> und Lernhilfen her. Die sorgf\u00e4ltig gefertigten, hochwertigen und langlebigen Spielzeuge vermitteln Kindern die Bedeutung der <a href=\"https:\/\/teiaeducation.ch\/product-category\/play\/nature-play\/\">Natur<\/a> und des Naturschutzes durch die Freude am <a href=\"https:\/\/teiaeducation.ch\/product-category\/play\/imaginative-role-play\/\">fantasievollen Spiel<\/a> und k\u00f6nnen auf vielf\u00e4ltige Weise verwendet werden.<\/p>\n<p>Alle Produkte von Safari Ltd. sind ungiftig, <a href=\"https:\/\/en.wikipedia.org\/wiki\/Bisphenol_A\">BPA-frei<\/a>, bleifrei und phthalatfrei und werden strengen Sicherheitstests unterzogen, die alle weltweiten Vorschriften und Teststandards erf\u00fcllen und \u00fcbertreffen. Es werden umweltfreundliche Verpackungen verwendet, darunter recyceltes und wiederverwertbares Papier ohne UV-Lackierung, und in der gesamten Produktion werden umweltfreundliche Gesch\u00e4ftspraktiken angewandt.<\/p>\n","protected":false},"excerpt":{"rendered":"<p>Artikelnummer: S663816<\/p>\n<p>Die Evolution der Menschen Figuren von Safari stellen visuell die verschiedenen Stadien der menschlichen Entwicklung und die Geschichte der Evolution.<\/p>\n","protected":false},"featured_media":61231,"comment_status":"open","ping_status":"closed","template":"","meta":[],"product_brand":[],"product_cat":[21445,21446,21500,21524,23651,21479,21515,21690,21535,21517,21510,21509,21499,21481,22182,21443,21563,21665,22362,21494,21495,21496,21678,21482,21564,21519,21536,21522],"product_tag":[29292,29345,29341,29343,29146,27381,29340,29342,29305,21742,29344,29291,29339,29294,29293,26645],"class_list":{"0":"post-61230","1":"product","2":"type-product","3":"status-publish","4":"has-post-thumbnail","6":"product_cat-3-6-jahre-vorschule","7":"product_cat-6-12-jahre-grundschule","8":"product_cat-aktivitaetssets","9":"product_cat-alphabetisierung-sprache","10":"product_cat-back-to-school-de","11":"product_cat-lernmaterialien-spielzeug-montessori-waldorf-steiner-froebel","12":"product_cat-erde-universum","13":"product_cat-spiele-mit-offenem-ende","14":"product_cat-geschichtenerzaehlen","15":"product_cat-humangeographie-kultur","16":"product_cat-kultur-wissenschaft","17":"product_cat-lernthemen","18":"product_cat-lernunterstuetzung","19":"product_cat-montessori-paedagogik-material-spielzeug","20":"product_cat-montessori-spielzeug","21":"product_cat-nach-alter","22":"product_cat-neuheiten","23":"product_cat-safari-ltd","24":"product_cat-saisonale-kollektionen","25":"product_cat-schulbedarf-fuer-zuhause","26":"product_cat-schulbedarf-fuer-zuhause-3-6-jahre","27":"product_cat-schulbedarf-fuer-zuhause-6-12-jahre","28":"product_cat-kinder-spielzeug","29":"product_cat-traditionelle-bildung","30":"product_cat-unsere-marken","31":"product_cat-vorgeschichte","32":"product_cat-wortschatz","33":"product_cat-zeitlinien","34":"product_tag-bpa-freies-spielzeug","35":"product_tag-evolution-der-menschenfiguren-safari","36":"product_tag-evolution-der-menschenfiguren-safari-ltd","37":"product_tag-evolution-mann-lernspielzeug-figurinen","38":"product_tag-lebenszyklus-spielzeug","39":"product_tag-lernspielzeug-de","40":"product_tag-modell-pupa","41":"product_tag-montessori-evolution-der-menschenfiguren","42":"product_tag-montessori-realistische-tierfiguren","43":"product_tag-montessori-spielzeug","44":"product_tag-safari-lernspielzeug-menschliche-evolution","45":"product_tag-safari-spielzeuge","46":"product_tag-safariologie-sets","47":"product_tag-ungiftige-tierfiguren","48":"product_tag-ungiftiges-spielzeug","49":"product_tag-zoologie-montessori-de","51":"first","52":"instock","53":"taxable","54":"shipping-taxable","55":"purchasable","56":"product-type-simple"},"yoast_head":"<!-- This site is optimized with the Yoast SEO plugin v27.3 - https:\/\/yoast.com\/product\/yoast-seo-wordpress\/ -->\n<title>Evolution der Menschen Figuren - Safari Ltd<\/title>\n<meta name=\"description\" content=\"Die Evolution der Menschen Figuren von Safari stellen visuell die verschiedenen Stadien der menschlichen Entwicklung und die Geschichte der Evolution.\" \/>\n<meta name=\"robots\" content=\"index, follow, max-snippet:-1, max-image-preview:large, max-video-preview:-1\" \/>\n<link rel=\"canonical\" href=\"https:\/\/teiaeducation.ch\/de\/produkt\/evolution-der-menschen-figuren-safari-ltd\/\" \/>\n<meta property=\"og:locale\" content=\"de_DE\" \/>\n<meta property=\"og:type\" content=\"article\" \/>\n<meta property=\"og:title\" content=\"Evolution der Menschen Figuren - Safari Ltd\" \/>\n<meta property=\"og:description\" content=\"Die Evolution der Menschen Figuren von Safari stellen visuell die verschiedenen Stadien der menschlichen Entwicklung und die Geschichte der Evolution.\" \/>\n<meta property=\"og:url\" content=\"https:\/\/teiaeducation.ch\/de\/produkt\/evolution-der-menschen-figuren-safari-ltd\/\" \/>\n<meta property=\"og:site_name\" content=\"Sustainable Educational Products &amp; Ecological Toys\u00a0\" \/>\n<meta property=\"article:publisher\" content=\"https:\/\/www.facebook.com\/teiaeducation\/\" \/>\n<meta property=\"article:modified_time\" content=\"2024-09-20T14:56:14+00:00\" \/>\n<meta property=\"og:image\" content=\"https:\/\/teiaeducation.ch\/wp-content\/uploads\/2021\/03\/story-of-evolution-learning-toy-Evolution-of-Man-figurines-set-Safari-Ltd.jpg\" \/>\n\t<meta property=\"og:image:width\" content=\"1000\" \/>\n\t<meta property=\"og:image:height\" content=\"1000\" \/>\n\t<meta property=\"og:image:type\" content=\"image\/jpeg\" \/>\n<script type=\"application\/ld+json\" class=\"yoast-schema-graph\">{\"@context\":\"https:\\\/\\\/schema.org\",\"@graph\":[{\"@type\":\"WebPage\",\"@id\":\"https:\\\/\\\/teiaeducation.ch\\\/de\\\/produkt\\\/evolution-der-menschen-figuren-safari-ltd\\\/\",\"url\":\"https:\\\/\\\/teiaeducation.ch\\\/de\\\/produkt\\\/evolution-der-menschen-figuren-safari-ltd\\\/\",\"name\":\"Evolution der Menschen Figuren - Safari Ltd\",\"isPartOf\":{\"@id\":\"https:\\\/\\\/teiaeducation.ch\\\/de\\\/#website\"},\"primaryImageOfPage\":{\"@id\":\"https:\\\/\\\/teiaeducation.ch\\\/de\\\/produkt\\\/evolution-der-menschen-figuren-safari-ltd\\\/#primaryimage\"},\"image\":{\"@id\":\"https:\\\/\\\/teiaeducation.ch\\\/de\\\/produkt\\\/evolution-der-menschen-figuren-safari-ltd\\\/#primaryimage\"},\"thumbnailUrl\":\"https:\\\/\\\/teiaeducation.ch\\\/wp-content\\\/uploads\\\/2021\\\/03\\\/story-of-evolution-learning-toy-Evolution-of-Man-figurines-set-Safari-Ltd.jpg\",\"datePublished\":\"2021-03-31T11:33:43+00:00\",\"dateModified\":\"2024-09-20T14:56:14+00:00\",\"description\":\"Die Evolution der Menschen Figuren von Safari stellen visuell die verschiedenen Stadien der menschlichen Entwicklung und die Geschichte der Evolution.\",\"breadcrumb\":{\"@id\":\"https:\\\/\\\/teiaeducation.ch\\\/de\\\/produkt\\\/evolution-der-menschen-figuren-safari-ltd\\\/#breadcrumb\"},\"inLanguage\":\"de-CH\",\"potentialAction\":[{\"@type\":\"ReadAction\",\"target\":[\"https:\\\/\\\/teiaeducation.ch\\\/de\\\/produkt\\\/evolution-der-menschen-figuren-safari-ltd\\\/\"]}]},{\"@type\":\"ImageObject\",\"inLanguage\":\"de-CH\",\"@id\":\"https:\\\/\\\/teiaeducation.ch\\\/de\\\/produkt\\\/evolution-der-menschen-figuren-safari-ltd\\\/#primaryimage\",\"url\":\"https:\\\/\\\/teiaeducation.ch\\\/wp-content\\\/uploads\\\/2021\\\/03\\\/story-of-evolution-learning-toy-Evolution-of-Man-figurines-set-Safari-Ltd.jpg\",\"contentUrl\":\"https:\\\/\\\/teiaeducation.ch\\\/wp-content\\\/uploads\\\/2021\\\/03\\\/story-of-evolution-learning-toy-Evolution-of-Man-figurines-set-Safari-Ltd.jpg\",\"width\":1000,\"height\":1000,\"caption\":\"Geschichte der Evolution Lernspielzeug Evolution des Menschen Figurenset - Safari Ltd\"},{\"@type\":\"BreadcrumbList\",\"@id\":\"https:\\\/\\\/teiaeducation.ch\\\/de\\\/produkt\\\/evolution-der-menschen-figuren-safari-ltd\\\/#breadcrumb\",\"itemListElement\":[{\"@type\":\"ListItem\",\"position\":1,\"name\":\"Home\",\"item\":\"https:\\\/\\\/teiaeducation.ch\\\/de\\\/\"},{\"@type\":\"ListItem\",\"position\":2,\"name\":\"Laden\",\"item\":\"https:\\\/\\\/teiaeducation.ch\\\/de\\\/shop\\\/\"},{\"@type\":\"ListItem\",\"position\":3,\"name\":\"Unsere Marken\",\"item\":\"https:\\\/\\\/teiaeducation.ch\\\/de\\\/produkt-kategorie\\\/unsere-marken\\\/\"},{\"@type\":\"ListItem\",\"position\":4,\"name\":\"Safari Ltd\",\"item\":\"https:\\\/\\\/teiaeducation.ch\\\/de\\\/produkt-kategorie\\\/unsere-marken\\\/safari-ltd\\\/\"},{\"@type\":\"ListItem\",\"position\":5,\"name\":\"Evolution der Menschen Figuren &#8211; Safari Ltd\"}]},{\"@type\":\"WebSite\",\"@id\":\"https:\\\/\\\/teiaeducation.ch\\\/de\\\/#website\",\"url\":\"https:\\\/\\\/teiaeducation.ch\\\/de\\\/\",\"name\":\"Sustainable Educational Products &amp; Ecological Toys\u00a0\",\"description\":\"Specialised Swiss shop selling sustainable educational toys and games, AMI certified Montessori materials, handmade ecological wooden Waldorf toys and arts &amp; crafts supplies, school supplies, children&#039;s furniture and Montessori reference and parenting books.\",\"publisher\":{\"@id\":\"https:\\\/\\\/teiaeducation.ch\\\/de\\\/#organization\"},\"alternateName\":\"Teia Education & Play\",\"potentialAction\":[{\"@type\":\"SearchAction\",\"target\":{\"@type\":\"EntryPoint\",\"urlTemplate\":\"https:\\\/\\\/teiaeducation.ch\\\/de\\\/?s={search_term_string}\"},\"query-input\":{\"@type\":\"PropertyValueSpecification\",\"valueRequired\":true,\"valueName\":\"search_term_string\"}}],\"inLanguage\":\"de-CH\"},{\"@type\":\"Organization\",\"@id\":\"https:\\\/\\\/teiaeducation.ch\\\/de\\\/#organization\",\"name\":\"Teia Education & Play\",\"url\":\"https:\\\/\\\/teiaeducation.ch\\\/de\\\/\",\"logo\":{\"@type\":\"ImageObject\",\"inLanguage\":\"de-CH\",\"@id\":\"https:\\\/\\\/teiaeducation.ch\\\/de\\\/#\\\/schema\\\/logo\\\/image\\\/\",\"url\":\"https:\\\/\\\/teiaeducation.ch\\\/wp-content\\\/uploads\\\/2020\\\/11\\\/Teia-Education-Switzerland-e1620156442216.jpg\",\"contentUrl\":\"https:\\\/\\\/teiaeducation.ch\\\/wp-content\\\/uploads\\\/2020\\\/11\\\/Teia-Education-Switzerland-e1620156442216.jpg\",\"width\":166,\"height\":145,\"caption\":\"Teia Education & Play\"},\"image\":{\"@id\":\"https:\\\/\\\/teiaeducation.ch\\\/de\\\/#\\\/schema\\\/logo\\\/image\\\/\"},\"sameAs\":[\"https:\\\/\\\/www.facebook.com\\\/teiaeducation\\\/\",\"https:\\\/\\\/x.com\\\/EducationTeia\",\"https:\\\/\\\/www.instagram.com\\\/teia.education\\\/\",\"https:\\\/\\\/www.linkedin.com\\\/company\\\/35501660\",\"https:\\\/\\\/www.pinterest.ch\\\/TeiaEducation\\\/\"]}]}<\/script>\n<!-- \/ Yoast SEO plugin. -->","yoast_head_json":{"title":"Evolution der Menschen Figuren - Safari Ltd","description":"Die Evolution der Menschen Figuren von Safari stellen visuell die verschiedenen Stadien der menschlichen Entwicklung und die Geschichte der Evolution.","robots":{"index":"index","follow":"follow","max-snippet":"max-snippet:-1","max-image-preview":"max-image-preview:large","max-video-preview":"max-video-preview:-1"},"canonical":"https:\/\/teiaeducation.ch\/de\/produkt\/evolution-der-menschen-figuren-safari-ltd\/","og_locale":"de_DE","og_type":"article","og_title":"Evolution der Menschen Figuren - Safari Ltd","og_description":"Die Evolution der Menschen Figuren von Safari stellen visuell die verschiedenen Stadien der menschlichen Entwicklung und die Geschichte der Evolution.","og_url":"https:\/\/teiaeducation.ch\/de\/produkt\/evolution-der-menschen-figuren-safari-ltd\/","og_site_name":"Sustainable Educational Products &amp; Ecological Toys\u00a0","article_publisher":"https:\/\/www.facebook.com\/teiaeducation\/","article_modified_time":"2024-09-20T14:56:14+00:00","og_image":[{"width":1000,"height":1000,"url":"https:\/\/teiaeducation.ch\/wp-content\/uploads\/2021\/03\/story-of-evolution-learning-toy-Evolution-of-Man-figurines-set-Safari-Ltd.jpg","type":"image\/jpeg"}],"schema":{"@context":"https:\/\/schema.org","@graph":[{"@type":"WebPage","@id":"https:\/\/teiaeducation.ch\/de\/produkt\/evolution-der-menschen-figuren-safari-ltd\/","url":"https:\/\/teiaeducation.ch\/de\/produkt\/evolution-der-menschen-figuren-safari-ltd\/","name":"Evolution der Menschen Figuren - Safari Ltd","isPartOf":{"@id":"https:\/\/teiaeducation.ch\/de\/#website"},"primaryImageOfPage":{"@id":"https:\/\/teiaeducation.ch\/de\/produkt\/evolution-der-menschen-figuren-safari-ltd\/#primaryimage"},"image":{"@id":"https:\/\/teiaeducation.ch\/de\/produkt\/evolution-der-menschen-figuren-safari-ltd\/#primaryimage"},"thumbnailUrl":"https:\/\/teiaeducation.ch\/wp-content\/uploads\/2021\/03\/story-of-evolution-learning-toy-Evolution-of-Man-figurines-set-Safari-Ltd.jpg","datePublished":"2021-03-31T11:33:43+00:00","dateModified":"2024-09-20T14:56:14+00:00","description":"Die Evolution der Menschen Figuren von Safari stellen visuell die verschiedenen Stadien der menschlichen Entwicklung und die Geschichte der Evolution.","breadcrumb":{"@id":"https:\/\/teiaeducation.ch\/de\/produkt\/evolution-der-menschen-figuren-safari-ltd\/#breadcrumb"},"inLanguage":"de-CH","potentialAction":[{"@type":"ReadAction","target":["https:\/\/teiaeducation.ch\/de\/produkt\/evolution-der-menschen-figuren-safari-ltd\/"]}]},{"@type":"ImageObject","inLanguage":"de-CH","@id":"https:\/\/teiaeducation.ch\/de\/produkt\/evolution-der-menschen-figuren-safari-ltd\/#primaryimage","url":"https:\/\/teiaeducation.ch\/wp-content\/uploads\/2021\/03\/story-of-evolution-learning-toy-Evolution-of-Man-figurines-set-Safari-Ltd.jpg","contentUrl":"https:\/\/teiaeducation.ch\/wp-content\/uploads\/2021\/03\/story-of-evolution-learning-toy-Evolution-of-Man-figurines-set-Safari-Ltd.jpg","width":1000,"height":1000,"caption":"Geschichte der Evolution Lernspielzeug Evolution des Menschen Figurenset - Safari Ltd"},{"@type":"BreadcrumbList","@id":"https:\/\/teiaeducation.ch\/de\/produkt\/evolution-der-menschen-figuren-safari-ltd\/#breadcrumb","itemListElement":[{"@type":"ListItem","position":1,"name":"Home","item":"https:\/\/teiaeducation.ch\/de\/"},{"@type":"ListItem","position":2,"name":"Laden","item":"https:\/\/teiaeducation.ch\/de\/shop\/"},{"@type":"ListItem","position":3,"name":"Unsere Marken","item":"https:\/\/teiaeducation.ch\/de\/produkt-kategorie\/unsere-marken\/"},{"@type":"ListItem","position":4,"name":"Safari Ltd","item":"https:\/\/teiaeducation.ch\/de\/produkt-kategorie\/unsere-marken\/safari-ltd\/"},{"@type":"ListItem","position":5,"name":"Evolution der Menschen Figuren &#8211; Safari Ltd"}]},{"@type":"WebSite","@id":"https:\/\/teiaeducation.ch\/de\/#website","url":"https:\/\/teiaeducation.ch\/de\/","name":"Sustainable Educational Products &amp; Ecological Toys\u00a0","description":"Specialised Swiss shop selling sustainable educational toys and games, AMI certified Montessori materials, handmade ecological wooden Waldorf toys and arts &amp; crafts supplies, school supplies, children&#039;s furniture and Montessori reference and parenting books.","publisher":{"@id":"https:\/\/teiaeducation.ch\/de\/#organization"},"alternateName":"Teia Education & Play","potentialAction":[{"@type":"SearchAction","target":{"@type":"EntryPoint","urlTemplate":"https:\/\/teiaeducation.ch\/de\/?s={search_term_string}"},"query-input":{"@type":"PropertyValueSpecification","valueRequired":true,"valueName":"search_term_string"}}],"inLanguage":"de-CH"},{"@type":"Organization","@id":"https:\/\/teiaeducation.ch\/de\/#organization","name":"Teia Education & Play","url":"https:\/\/teiaeducation.ch\/de\/","logo":{"@type":"ImageObject","inLanguage":"de-CH","@id":"https:\/\/teiaeducation.ch\/de\/#\/schema\/logo\/image\/","url":"https:\/\/teiaeducation.ch\/wp-content\/uploads\/2020\/11\/Teia-Education-Switzerland-e1620156442216.jpg","contentUrl":"https:\/\/teiaeducation.ch\/wp-content\/uploads\/2020\/11\/Teia-Education-Switzerland-e1620156442216.jpg","width":166,"height":145,"caption":"Teia Education & Play"},"image":{"@id":"https:\/\/teiaeducation.ch\/de\/#\/schema\/logo\/image\/"},"sameAs":["https:\/\/www.facebook.com\/teiaeducation\/","https:\/\/x.com\/EducationTeia","https:\/\/www.instagram.com\/teia.education\/","https:\/\/www.linkedin.com\/company\/35501660","https:\/\/www.pinterest.ch\/TeiaEducation\/"]}]}},"_links":{"self":[{"href":"https:\/\/teiaeducation.ch\/de\/wp-json\/wp\/v2\/product\/61230","targetHints":{"allow":["GET"]}}],"collection":[{"href":"https:\/\/teiaeducation.ch\/de\/wp-json\/wp\/v2\/product"}],"about":[{"href":"https:\/\/teiaeducation.ch\/de\/wp-json\/wp\/v2\/types\/product"}],"replies":[{"embeddable":true,"href":"https:\/\/teiaeducation.ch\/de\/wp-json\/wp\/v2\/comments?post=61230"}],"wp:featuredmedia":[{"embeddable":true,"href":"https:\/\/teiaeducation.ch\/de\/wp-json\/wp\/v2\/media\/61231"}],"wp:attachment":[{"href":"https:\/\/teiaeducation.ch\/de\/wp-json\/wp\/v2\/media?parent=61230"}],"wp:term":[{"taxonomy":"product_brand","embeddable":true,"href":"https:\/\/teiaeducation.ch\/de\/wp-json\/wp\/v2\/product_brand?post=61230"},{"taxonomy":"product_cat","embeddable":true,"href":"https:\/\/teiaeducation.ch\/de\/wp-json\/wp\/v2\/product_cat?post=61230"},{"taxonomy":"product_tag","embeddable":true,"href":"https:\/\/teiaeducation.ch\/de\/wp-json\/wp\/v2\/product_tag?post=61230"}],"curies":[{"name":"wp","href":"https:\/\/api.w.org\/{rel}","templated":true}]}}