{"id":61233,"date":"2021-03-11T10:53:16","date_gmt":"2021-03-11T09:53:16","guid":{"rendered":"https:\/\/teiaeducation.ch\/product\/becherlupe-safari-ltd\/"},"modified":"2024-09-20T17:00:03","modified_gmt":"2024-09-20T15:00:03","slug":"becherlupe-safari-ltd","status":"publish","type":"product","link":"https:\/\/teiaeducation.ch\/de\/produkt\/becherlupe-safari-ltd\/","title":{"rendered":"Becherlupe &#8211; Safari Ltd"},"content":{"rendered":"<p>Die weltbeste Becherlupe f\u00fcr Insektensammlung und Beobachtung von Safari ist Teil der Safariology\u00ae-Kollektion und eine wertvolle Erg\u00e4nzung f\u00fcr die Werkzeugkiste eines jeden jungen Entdeckers sowie ein Montessori-<a href=\"https:\/\/teiaeducation.ch\/product-category\/learning-themes\/\">Lernspielzeug<\/a> f\u00fcr jedes Zuhause oder <a href=\"https:\/\/teiaeducation.ch\/school-supplies-switzerland\/\">Klassenzimme<\/a>r!<\/p>\n<p>Die Becherlupe ist stabil und f\u00fcr kleine H\u00e4nde konzipiert und bringt das Sammeln und Beobachten von Insekten auf ein neues Niveau. Sie ist mit einem gelben Deckel ausgestattet, der eine 2-fache Vergr\u00f6\u00dferung erm\u00f6glicht, und verf\u00fcgt au\u00dferdem \u00fcber eine gr\u00fcne Klapplupe f\u00fcr eine 4-fache Vergr\u00f6\u00dferung. Der Schnappdeckel bleibt beim Sammeln und Transportieren von Wanzen sicher, so dass die Proben nicht verloren gehen k\u00f6nnen. Der gerasterte Boden erm\u00f6glicht einen Gr\u00f6\u00dfenvergleich der Insekten, und die mitgelieferte Spinnenfigur ist ma\u00dfstabsgerecht und realistisch.<\/p>\n<p>Die hochwertige und langlebige Becherlupe ist ein gro\u00dfartiges Lehrmittel und ein von <a href=\"https:\/\/teiaeducation.ch\/product-category\/hgh-quality-toys-play\/montessori-toys\/\">Montessori inspiriertes Spielzeug<\/a>. Dieses praktische Werkzeug unterst\u00fctzt den Unterricht in Naturwissenschaften, Biologie, <a href=\"https:\/\/teiaeducation.ch\/product-category\/learning-themes\/culture-science\/botany\/\">Botanik<\/a> und <a href=\"https:\/\/teiaeducation.ch\/product-category\/learning-themes\/culture-science\/science\/\">Wissenschaft<\/a>. Das Set ist auch eine sch\u00f6ne Erg\u00e4nzung f\u00fcr den Werkzeugkasten des Naturforschers mit <a href=\"https:\/\/teiaeducation.ch\/product-category\/hgh-quality-toys-play\/outdoor-toys\/\">Outdoor-Spielzeug<\/a>.<\/p>\n<p>Die Becherlupe, das ungef\u00e4hr so gro\u00df ist wie ein einzelner Joghurtbeh\u00e4lter, ist ungiftig, BPA-frei und f\u00fcr Kinder ab 3 Jahren geeignet.<\/p>\n<p>Inhalt:<\/p>\n<p>1 Becherlupe<br \/>\n1 Spinnenfigur<\/p>\n<h2>\u00dcber Safari Ltd<\/h2>\n<p>Die Amerikanische Familienmarke <a href=\"https:\/\/teiaeducation.ch\/product-category\/brands\/safari\/\">Safari Ltd\u00ae<\/a> stellt seit \u00fcber 30 Jahren wunderbar realistische <a href=\"https:\/\/teiaeducation.ch\/product-category\/play\/animals-farms\/\">Tier<\/a>figuren und Lernhilfen her. Die sorgf\u00e4ltig gefertigten, hochwertigen und langlebigen Spielzeuge vermitteln Kindern die Bedeutung der <a href=\"https:\/\/teiaeducation.ch\/product-category\/play\/nature-play\/\">Natur<\/a> und des Naturschutzes durch die Freude am <a href=\"https:\/\/teiaeducation.ch\/product-category\/play\/imaginative-role-play\/\">fantasievollen Spiel<\/a> und k\u00f6nnen auf vielf\u00e4ltige Weise verwendet werden.<\/p>\n<p>Alle Produkte von Safari Ltd. sind ungiftig, <a href=\"https:\/\/en.wikipedia.org\/wiki\/Bisphenol_A\">BPA-frei<\/a>, bleifrei und phthalatfrei und werden strengen Sicherheitstests unterzogen, die alle weltweiten Vorschriften und Teststandards erf\u00fcllen und \u00fcbertreffen. Es werden umweltfreundliche Verpackungen verwendet, darunter recyceltes und wiederverwertbares Papier ohne UV-Lackierung, und in der gesamten Produktion werden umweltfreundliche Gesch\u00e4ftspraktiken angewandt.<\/p>\n","protected":false},"excerpt":{"rendered":"<p>Artikelnummer: S621016<\/p>\n<p>Die Safari weltbeste Becherlupe f\u00fcr Insektensammlung und Beobachtung ist ein Lernspielzeug und eine wertvolle Erg\u00e4nzung f\u00fcr jeden jungen Entdecker!<\/p>\n","protected":false},"featured_media":61234,"comment_status":"open","ping_status":"closed","template":"","meta":[],"product_brand":[],"product_cat":[21445,21446,21479,21670,21491,21484,22422,21464,21510,21509,21481,22182,21443,21689,21563,21665,22362,21494,21495,21496,23636,21678,23133,21511,21482,21564,21520],"product_tag":[29349,29348,29292,27381,29347,29305,21742,29295,29296,29291,29294,29293,29346],"class_list":{"0":"post-61233","1":"product","2":"type-product","3":"status-publish","4":"has-post-thumbnail","6":"product_cat-3-6-jahre-vorschule","7":"product_cat-6-12-jahre-grundschule","8":"product_cat-lernmaterialien-spielzeug-montessori-waldorf-steiner-froebel","9":"product_cat-fruehjahrskollektion","10":"product_cat-geschenk-guide-lerngeschenke","11":"product_cat-geschenk-guides","12":"product_cat-geschenke-fuer-das-osterkoerbchen","13":"product_cat-herbstkollektion","14":"product_cat-kultur-wissenschaft","15":"product_cat-lernthemen","16":"product_cat-montessori-paedagogik-material-spielzeug","17":"product_cat-montessori-spielzeug","18":"product_cat-nach-alter","19":"product_cat-naturspiel","20":"product_cat-neuheiten","21":"product_cat-safari-ltd","22":"product_cat-saisonale-kollektionen","23":"product_cat-schulbedarf-fuer-zuhause","24":"product_cat-schulbedarf-fuer-zuhause-3-6-jahre","25":"product_cat-schulbedarf-fuer-zuhause-6-12-jahre","26":"product_cat-sommer-kollektion","27":"product_cat-kinder-spielzeug","28":"product_cat-spielzeug-fuer-draussen","29":"product_cat-tiergeographie-zoologie","30":"product_cat-traditionelle-bildung","31":"product_cat-unsere-marken","32":"product_cat-wissenschaft","33":"product_tag-becherlupe-safari","34":"product_tag-beobachtungsglas-fur-die-insektensammlung","35":"product_tag-bpa-freies-spielzeug","36":"product_tag-lernspielzeug-de","37":"product_tag-lernspielzeug-bug-jar-safari","38":"product_tag-montessori-realistische-tierfiguren","39":"product_tag-montessori-spielzeug","40":"product_tag-montessori-spielzeug-fur-die-zoologie","41":"product_tag-safari-toob-de","42":"product_tag-safari-spielzeuge","43":"product_tag-ungiftige-tierfiguren","44":"product_tag-ungiftiges-spielzeug","45":"product_tag-werkzeugkasten-fur-junge-entdecker-bug-jar-safari","47":"first","48":"instock","49":"taxable","50":"shipping-taxable","51":"purchasable","52":"product-type-simple"},"yoast_head":"<!-- This site is optimized with the Yoast SEO plugin v27.1.1 - https:\/\/yoast.com\/product\/yoast-seo-wordpress\/ -->\n<title>Becherlupe - Safari Ltd - Teia Education &amp; Play<\/title>\n<meta name=\"description\" content=\"Die Safari weltbeste Becherlupe f\u00fcr Insektensammlung und Beobachtung ist ein Lernspielzeug und eine wertvolle Erg\u00e4nzung f\u00fcr jeden jungen Entdecker!\" \/>\n<meta name=\"robots\" content=\"index, follow, max-snippet:-1, max-image-preview:large, max-video-preview:-1\" \/>\n<link rel=\"canonical\" href=\"https:\/\/teiaeducation.ch\/de\/produkt\/becherlupe-safari-ltd\/\" \/>\n<meta property=\"og:locale\" content=\"de_DE\" \/>\n<meta property=\"og:type\" content=\"article\" \/>\n<meta property=\"og:title\" content=\"Becherlupe - Safari Ltd - Teia Education &amp; Play\" \/>\n<meta property=\"og:description\" content=\"Die Safari weltbeste Becherlupe f\u00fcr Insektensammlung und Beobachtung ist ein Lernspielzeug und eine wertvolle Erg\u00e4nzung f\u00fcr jeden jungen Entdecker!\" \/>\n<meta property=\"og:url\" content=\"https:\/\/teiaeducation.ch\/de\/produkt\/becherlupe-safari-ltd\/\" \/>\n<meta property=\"og:site_name\" content=\"Sustainable Educational Products &amp; Ecological Toys\u00a0\" \/>\n<meta property=\"article:publisher\" content=\"https:\/\/www.facebook.com\/teiaeducation\/\" \/>\n<meta property=\"article:modified_time\" content=\"2024-09-20T15:00:03+00:00\" \/>\n<meta property=\"og:image\" content=\"https:\/\/teiaeducation.ch\/wp-content\/uploads\/2021\/03\/Worlds-Best-Bug-Jar-Insect-collection-and-observation-jar-and-learning-toy-for-the-young-explorers-toolkit-Safari-Ltd.jpg\" \/>\n\t<meta property=\"og:image:width\" content=\"1000\" \/>\n\t<meta property=\"og:image:height\" content=\"1000\" \/>\n\t<meta property=\"og:image:type\" content=\"image\/jpeg\" \/>\n<script type=\"application\/ld+json\" class=\"yoast-schema-graph\">{\"@context\":\"https:\/\/schema.org\",\"@graph\":[{\"@type\":\"WebPage\",\"@id\":\"https:\/\/teiaeducation.ch\/de\/produkt\/becherlupe-safari-ltd\/\",\"url\":\"https:\/\/teiaeducation.ch\/de\/produkt\/becherlupe-safari-ltd\/\",\"name\":\"Becherlupe - Safari Ltd - Teia Education & Play\",\"isPartOf\":{\"@id\":\"https:\/\/teiaeducation.ch\/de\/#website\"},\"primaryImageOfPage\":{\"@id\":\"https:\/\/teiaeducation.ch\/de\/produkt\/becherlupe-safari-ltd\/#primaryimage\"},\"image\":{\"@id\":\"https:\/\/teiaeducation.ch\/de\/produkt\/becherlupe-safari-ltd\/#primaryimage\"},\"thumbnailUrl\":\"https:\/\/teiaeducation.ch\/wp-content\/uploads\/2021\/03\/Worlds-Best-Bug-Jar-Insect-collection-and-observation-jar-and-learning-toy-for-the-young-explorers-toolkit-Safari-Ltd.jpg\",\"datePublished\":\"2021-03-11T09:53:16+00:00\",\"dateModified\":\"2024-09-20T15:00:03+00:00\",\"description\":\"Die Safari weltbeste Becherlupe f\u00fcr Insektensammlung und Beobachtung ist ein Lernspielzeug und eine wertvolle Erg\u00e4nzung f\u00fcr jeden jungen Entdecker!\",\"breadcrumb\":{\"@id\":\"https:\/\/teiaeducation.ch\/de\/produkt\/becherlupe-safari-ltd\/#breadcrumb\"},\"inLanguage\":\"de-CH\",\"potentialAction\":[{\"@type\":\"ReadAction\",\"target\":[\"https:\/\/teiaeducation.ch\/de\/produkt\/becherlupe-safari-ltd\/\"]}]},{\"@type\":\"ImageObject\",\"inLanguage\":\"de-CH\",\"@id\":\"https:\/\/teiaeducation.ch\/de\/produkt\/becherlupe-safari-ltd\/#primaryimage\",\"url\":\"https:\/\/teiaeducation.ch\/wp-content\/uploads\/2021\/03\/Worlds-Best-Bug-Jar-Insect-collection-and-observation-jar-and-learning-toy-for-the-young-explorers-toolkit-Safari-Ltd.jpg\",\"contentUrl\":\"https:\/\/teiaeducation.ch\/wp-content\/uploads\/2021\/03\/Worlds-Best-Bug-Jar-Insect-collection-and-observation-jar-and-learning-toy-for-the-young-explorers-toolkit-Safari-Ltd.jpg\",\"width\":1000,\"height\":1000,\"caption\":\"Becherlupe Insektensammel- und -beobachtungsglas und Lernspielzeug f\u00fcr die Werkzeugkiste des jungen Entdeckers - Safari Ltd\"},{\"@type\":\"BreadcrumbList\",\"@id\":\"https:\/\/teiaeducation.ch\/de\/produkt\/becherlupe-safari-ltd\/#breadcrumb\",\"itemListElement\":[{\"@type\":\"ListItem\",\"position\":1,\"name\":\"Home\",\"item\":\"https:\/\/teiaeducation.ch\/de\/\"},{\"@type\":\"ListItem\",\"position\":2,\"name\":\"Laden\",\"item\":\"https:\/\/teiaeducation.ch\/de\/shop\/\"},{\"@type\":\"ListItem\",\"position\":3,\"name\":\"Unsere Marken\",\"item\":\"https:\/\/teiaeducation.ch\/de\/produkt-kategorie\/unsere-marken\/\"},{\"@type\":\"ListItem\",\"position\":4,\"name\":\"Safari Ltd\",\"item\":\"https:\/\/teiaeducation.ch\/de\/produkt-kategorie\/unsere-marken\/safari-ltd\/\"},{\"@type\":\"ListItem\",\"position\":5,\"name\":\"Becherlupe &#8211; Safari Ltd\"}]},{\"@type\":\"WebSite\",\"@id\":\"https:\/\/teiaeducation.ch\/de\/#website\",\"url\":\"https:\/\/teiaeducation.ch\/de\/\",\"name\":\"Sustainable Educational Products &amp; Ecological Toys\u00a0\",\"description\":\"Specialised Swiss shop selling sustainable educational toys and games, AMI certified Montessori materials, handmade ecological wooden Waldorf toys and arts &amp; crafts supplies, school supplies, children&#039;s furniture and Montessori reference and parenting books.\",\"publisher\":{\"@id\":\"https:\/\/teiaeducation.ch\/de\/#organization\"},\"alternateName\":\"Teia Education & Play\",\"potentialAction\":[{\"@type\":\"SearchAction\",\"target\":{\"@type\":\"EntryPoint\",\"urlTemplate\":\"https:\/\/teiaeducation.ch\/de\/?s={search_term_string}\"},\"query-input\":{\"@type\":\"PropertyValueSpecification\",\"valueRequired\":true,\"valueName\":\"search_term_string\"}}],\"inLanguage\":\"de-CH\"},{\"@type\":\"Organization\",\"@id\":\"https:\/\/teiaeducation.ch\/de\/#organization\",\"name\":\"Teia Education & Play\",\"url\":\"https:\/\/teiaeducation.ch\/de\/\",\"logo\":{\"@type\":\"ImageObject\",\"inLanguage\":\"de-CH\",\"@id\":\"https:\/\/teiaeducation.ch\/de\/#\/schema\/logo\/image\/\",\"url\":\"https:\/\/teiaeducation.ch\/wp-content\/uploads\/2020\/11\/Teia-Education-Switzerland-e1620156442216.jpg\",\"contentUrl\":\"https:\/\/teiaeducation.ch\/wp-content\/uploads\/2020\/11\/Teia-Education-Switzerland-e1620156442216.jpg\",\"width\":166,\"height\":145,\"caption\":\"Teia Education & Play\"},\"image\":{\"@id\":\"https:\/\/teiaeducation.ch\/de\/#\/schema\/logo\/image\/\"},\"sameAs\":[\"https:\/\/www.facebook.com\/teiaeducation\/\",\"https:\/\/x.com\/EducationTeia\",\"https:\/\/www.instagram.com\/teia.education\/\",\"https:\/\/www.linkedin.com\/company\/35501660\",\"https:\/\/www.pinterest.ch\/TeiaEducation\/\"]}]}<\/script>\n<!-- \/ Yoast SEO plugin. -->","yoast_head_json":{"title":"Becherlupe - Safari Ltd - Teia Education & Play","description":"Die Safari weltbeste Becherlupe f\u00fcr Insektensammlung und Beobachtung ist ein Lernspielzeug und eine wertvolle Erg\u00e4nzung f\u00fcr jeden jungen Entdecker!","robots":{"index":"index","follow":"follow","max-snippet":"max-snippet:-1","max-image-preview":"max-image-preview:large","max-video-preview":"max-video-preview:-1"},"canonical":"https:\/\/teiaeducation.ch\/de\/produkt\/becherlupe-safari-ltd\/","og_locale":"de_DE","og_type":"article","og_title":"Becherlupe - Safari Ltd - Teia Education & Play","og_description":"Die Safari weltbeste Becherlupe f\u00fcr Insektensammlung und Beobachtung ist ein Lernspielzeug und eine wertvolle Erg\u00e4nzung f\u00fcr jeden jungen Entdecker!","og_url":"https:\/\/teiaeducation.ch\/de\/produkt\/becherlupe-safari-ltd\/","og_site_name":"Sustainable Educational Products &amp; Ecological Toys\u00a0","article_publisher":"https:\/\/www.facebook.com\/teiaeducation\/","article_modified_time":"2024-09-20T15:00:03+00:00","og_image":[{"width":1000,"height":1000,"url":"https:\/\/teiaeducation.ch\/wp-content\/uploads\/2021\/03\/Worlds-Best-Bug-Jar-Insect-collection-and-observation-jar-and-learning-toy-for-the-young-explorers-toolkit-Safari-Ltd.jpg","type":"image\/jpeg"}],"schema":{"@context":"https:\/\/schema.org","@graph":[{"@type":"WebPage","@id":"https:\/\/teiaeducation.ch\/de\/produkt\/becherlupe-safari-ltd\/","url":"https:\/\/teiaeducation.ch\/de\/produkt\/becherlupe-safari-ltd\/","name":"Becherlupe - Safari Ltd - Teia Education & Play","isPartOf":{"@id":"https:\/\/teiaeducation.ch\/de\/#website"},"primaryImageOfPage":{"@id":"https:\/\/teiaeducation.ch\/de\/produkt\/becherlupe-safari-ltd\/#primaryimage"},"image":{"@id":"https:\/\/teiaeducation.ch\/de\/produkt\/becherlupe-safari-ltd\/#primaryimage"},"thumbnailUrl":"https:\/\/teiaeducation.ch\/wp-content\/uploads\/2021\/03\/Worlds-Best-Bug-Jar-Insect-collection-and-observation-jar-and-learning-toy-for-the-young-explorers-toolkit-Safari-Ltd.jpg","datePublished":"2021-03-11T09:53:16+00:00","dateModified":"2024-09-20T15:00:03+00:00","description":"Die Safari weltbeste Becherlupe f\u00fcr Insektensammlung und Beobachtung ist ein Lernspielzeug und eine wertvolle Erg\u00e4nzung f\u00fcr jeden jungen Entdecker!","breadcrumb":{"@id":"https:\/\/teiaeducation.ch\/de\/produkt\/becherlupe-safari-ltd\/#breadcrumb"},"inLanguage":"de-CH","potentialAction":[{"@type":"ReadAction","target":["https:\/\/teiaeducation.ch\/de\/produkt\/becherlupe-safari-ltd\/"]}]},{"@type":"ImageObject","inLanguage":"de-CH","@id":"https:\/\/teiaeducation.ch\/de\/produkt\/becherlupe-safari-ltd\/#primaryimage","url":"https:\/\/teiaeducation.ch\/wp-content\/uploads\/2021\/03\/Worlds-Best-Bug-Jar-Insect-collection-and-observation-jar-and-learning-toy-for-the-young-explorers-toolkit-Safari-Ltd.jpg","contentUrl":"https:\/\/teiaeducation.ch\/wp-content\/uploads\/2021\/03\/Worlds-Best-Bug-Jar-Insect-collection-and-observation-jar-and-learning-toy-for-the-young-explorers-toolkit-Safari-Ltd.jpg","width":1000,"height":1000,"caption":"Becherlupe Insektensammel- und -beobachtungsglas und Lernspielzeug f\u00fcr die Werkzeugkiste des jungen Entdeckers - Safari Ltd"},{"@type":"BreadcrumbList","@id":"https:\/\/teiaeducation.ch\/de\/produkt\/becherlupe-safari-ltd\/#breadcrumb","itemListElement":[{"@type":"ListItem","position":1,"name":"Home","item":"https:\/\/teiaeducation.ch\/de\/"},{"@type":"ListItem","position":2,"name":"Laden","item":"https:\/\/teiaeducation.ch\/de\/shop\/"},{"@type":"ListItem","position":3,"name":"Unsere Marken","item":"https:\/\/teiaeducation.ch\/de\/produkt-kategorie\/unsere-marken\/"},{"@type":"ListItem","position":4,"name":"Safari Ltd","item":"https:\/\/teiaeducation.ch\/de\/produkt-kategorie\/unsere-marken\/safari-ltd\/"},{"@type":"ListItem","position":5,"name":"Becherlupe &#8211; Safari Ltd"}]},{"@type":"WebSite","@id":"https:\/\/teiaeducation.ch\/de\/#website","url":"https:\/\/teiaeducation.ch\/de\/","name":"Sustainable Educational Products &amp; Ecological Toys\u00a0","description":"Specialised Swiss shop selling sustainable educational toys and games, AMI certified Montessori materials, handmade ecological wooden Waldorf toys and arts &amp; crafts supplies, school supplies, children&#039;s furniture and Montessori reference and parenting books.","publisher":{"@id":"https:\/\/teiaeducation.ch\/de\/#organization"},"alternateName":"Teia Education & Play","potentialAction":[{"@type":"SearchAction","target":{"@type":"EntryPoint","urlTemplate":"https:\/\/teiaeducation.ch\/de\/?s={search_term_string}"},"query-input":{"@type":"PropertyValueSpecification","valueRequired":true,"valueName":"search_term_string"}}],"inLanguage":"de-CH"},{"@type":"Organization","@id":"https:\/\/teiaeducation.ch\/de\/#organization","name":"Teia Education & Play","url":"https:\/\/teiaeducation.ch\/de\/","logo":{"@type":"ImageObject","inLanguage":"de-CH","@id":"https:\/\/teiaeducation.ch\/de\/#\/schema\/logo\/image\/","url":"https:\/\/teiaeducation.ch\/wp-content\/uploads\/2020\/11\/Teia-Education-Switzerland-e1620156442216.jpg","contentUrl":"https:\/\/teiaeducation.ch\/wp-content\/uploads\/2020\/11\/Teia-Education-Switzerland-e1620156442216.jpg","width":166,"height":145,"caption":"Teia Education & Play"},"image":{"@id":"https:\/\/teiaeducation.ch\/de\/#\/schema\/logo\/image\/"},"sameAs":["https:\/\/www.facebook.com\/teiaeducation\/","https:\/\/x.com\/EducationTeia","https:\/\/www.instagram.com\/teia.education\/","https:\/\/www.linkedin.com\/company\/35501660","https:\/\/www.pinterest.ch\/TeiaEducation\/"]}]}},"_links":{"self":[{"href":"https:\/\/teiaeducation.ch\/de\/wp-json\/wp\/v2\/product\/61233","targetHints":{"allow":["GET"]}}],"collection":[{"href":"https:\/\/teiaeducation.ch\/de\/wp-json\/wp\/v2\/product"}],"about":[{"href":"https:\/\/teiaeducation.ch\/de\/wp-json\/wp\/v2\/types\/product"}],"replies":[{"embeddable":true,"href":"https:\/\/teiaeducation.ch\/de\/wp-json\/wp\/v2\/comments?post=61233"}],"wp:featuredmedia":[{"embeddable":true,"href":"https:\/\/teiaeducation.ch\/de\/wp-json\/wp\/v2\/media\/61234"}],"wp:attachment":[{"href":"https:\/\/teiaeducation.ch\/de\/wp-json\/wp\/v2\/media?parent=61233"}],"wp:term":[{"taxonomy":"product_brand","embeddable":true,"href":"https:\/\/teiaeducation.ch\/de\/wp-json\/wp\/v2\/product_brand?post=61233"},{"taxonomy":"product_cat","embeddable":true,"href":"https:\/\/teiaeducation.ch\/de\/wp-json\/wp\/v2\/product_cat?post=61233"},{"taxonomy":"product_tag","embeddable":true,"href":"https:\/\/teiaeducation.ch\/de\/wp-json\/wp\/v2\/product_tag?post=61233"}],"curies":[{"name":"wp","href":"https:\/\/api.w.org\/{rel}","templated":true}]}}