{"id":61238,"date":"2021-03-09T17:39:55","date_gmt":"2021-03-09T16:39:55","guid":{"rendered":"https:\/\/teiaeducation.ch\/product\/figuren-des-sonnensystems-safari-ltd\/"},"modified":"2024-09-20T17:13:25","modified_gmt":"2024-09-20T15:13:25","slug":"figuren-des-sonnensystems-safari-ltd","status":"publish","type":"product","link":"https:\/\/teiaeducation.ch\/de\/produkt\/figuren-des-sonnensystems-safari-ltd\/","title":{"rendered":"Figuren des Sonnensystems &#8211; Safari Ltd"},"content":{"rendered":"<p>Due Figuren des Sonnensystems von Safari mit realistischen Miniatur Nachbildungen der Sonne, der Erde und der Planeten in unserem Sonnensystem ist Teil der Safariology\u00ae-Sammlung und ein wertvolles visuelles Montessori-<a href=\"https:\/\/teiaeducation.ch\/product-category\/learning-themes\/\">Lernspielzeug<\/a> f\u00fcr jedes Zuhause oder <a href=\"https:\/\/teiaeducation.ch\/school-supplies-switzerland\/\">Klassenzimmer<\/a>!<\/p>\n<p>Das Set enth\u00e4lt Nachbildungen der Sonne, der Erde und der Planeten Merkur, Venus, Mars, Jupiter, Uranus, Saturn und Neptun sowie ein Acetat-Tablett. Die 9 wundersch\u00f6n detaillierten und naturgetreuen Modelle mit komplizierten Merkmalen helfen den Kindern zu verstehen, wie sich die einzelnen Planeten im Verh\u00e4ltnis zur Sonne bewegen. Selbst die kleinsten Details wie der Jupitersturm, das Polareis der Erde und die Ringmuster des Saturn sind in dieser Sammlung sichtbar, und die Gr\u00f6\u00dfenunterschiede zwischen den Planeten sind erkennbar, was einen zus\u00e4tzlichen Bildungswert darstellt.<\/p>\n<p>Dieses hochwertige und langlebige Sonnensystems Set ist ein gro\u00dfartiges Lehrmittel und ein von <a href=\"https:\/\/teiaeducation.ch\/product-category\/hgh-quality-toys-play\/montessori-toys\/\">Montessori inspiriertes Spielzeug<\/a>. Die praktischen Lernfiguren eignen sich hervorragend zur Unterst\u00fctzung des naturwissenschaftlichen Unterrichts, der <a href=\"https:\/\/teiaeducation.ch\/product-category\/learning-themes\/culture-science\/earth-universe\/\">Erde und des Universums<\/a> sowie der Geschichte der Weltraumforschung, zur Darstellung in einem Diorama sowie als wunderbare <a href=\"https:\/\/teiaeducation.ch\/product-category\/learning-themes\/literacy-language\/\">Sprach<\/a>&#8211; und <a href=\"https:\/\/teiaeducation.ch\/product-category\/play\/sensory-play\/\">Sinnes<\/a> Beh\u00e4lterobjekte zur Bereicherung des <a href=\"https:\/\/teiaeducation.ch\/product-category\/learning-themes\/literacy-language\/vocabulary-2\/\">Wortschatzes<\/a> und des <a href=\"https:\/\/teiaeducation.ch\/product-category\/learning-themes\/literacy-language\/story-telling\/\">Erz\u00e4hlens von Geschichten<\/a>. Sie sind auch eine sch\u00f6ne Erg\u00e4nzung f\u00fcr das freie Spiel in der kleinen Welt und f\u00fcr Displays.<\/p>\n<p>Jedes realistische Figur aus diesem Set ist individuell handbemalt. Sie sind ungiftig, BPA-frei und f\u00fcr Kinder ab 3 Jahren geeignet.<\/p>\n<p>Die Safari Figuren des Sonnensystems sind f\u00fcr Kinder ab 3 Jahren geeignet.<\/p>\n<p>Inhalt:<\/p>\n<p>9 Miniatur Figuren des Sonnensystems<\/p>\n<h2>\u00dcber Safari Ltd<\/h2>\n<p>Die Amerikanische Familienmarke <a href=\"https:\/\/teiaeducation.ch\/product-category\/brands\/safari\/\">Safari Ltd\u00ae<\/a> stellt seit \u00fcber 30 Jahren wunderbar realistische <a href=\"https:\/\/teiaeducation.ch\/product-category\/play\/animals-farms\/\">Tierfiguren<\/a> und Lernhilfen her. Die sorgf\u00e4ltig gefertigten, hochwertigen und langlebigen Spielzeuge vermitteln Kindern die Bedeutung der <a href=\"https:\/\/teiaeducation.ch\/product-category\/play\/nature-play\/\">Natur<\/a> und des Naturschutzes durch die Freude am <a href=\"https:\/\/teiaeducation.ch\/product-category\/play\/imaginative-role-play\/\">fantasievollen Spiel<\/a> und k\u00f6nnen auf vielf\u00e4ltige Weise verwendet werden.<\/p>\n<p>Alle Produkte von Safari Ltd. sind ungiftig, <a href=\"https:\/\/en.wikipedia.org\/wiki\/Bisphenol_A\">BPA-frei<\/a>, bleifrei und phthalatfrei und werden strengen Sicherheitstests unterzogen, die alle weltweiten Vorschriften und Teststandards erf\u00fcllen und \u00fcbertreffen. Es werden umweltfreundliche Verpackungen verwendet, darunter recyceltes und wiederverwertbares Papier ohne UV-Lackierung, und in der gesamten Produktion werden umweltfreundliche Gesch\u00e4ftspraktiken angewandt.<\/p>\n","protected":false},"excerpt":{"rendered":"<p>Artikelnummer: S663616<\/p>\n<p>Die Figuren des Sonnensystems von Safari mit realistischen Miniatur Nachbildungen der Sonne, der Erde und der Planeten ist ein Montessori Lernspielzeug!<\/p>\n","protected":false},"featured_media":61239,"comment_status":"open","ping_status":"closed","template":"","meta":[],"product_brand":[],"product_cat":[21445,21446,21500,21524,23651,21479,21515,21488,21491,21484,21535,21510,21509,21499,21481,22182,21443,21563,21665,22362,21494,21495,21496,21678,21482,21564,21520,21536],"product_tag":[29292,29362,27381,29305,29359,29363,29360,21742,29295,29353,29364,29350,29296,29351,29361,29291,29352,29294,29293,29358],"class_list":{"0":"post-61238","1":"product","2":"type-product","3":"status-publish","4":"has-post-thumbnail","6":"product_cat-3-6-jahre-vorschule","7":"product_cat-6-12-jahre-grundschule","8":"product_cat-aktivitaetssets","9":"product_cat-alphabetisierung-sprache","10":"product_cat-back-to-school-de","11":"product_cat-lernmaterialien-spielzeug-montessori-waldorf-steiner-froebel","12":"product_cat-erde-universum","13":"product_cat-geschenk-guide-6-12-jahre-grundschule","14":"product_cat-geschenk-guide-lerngeschenke","15":"product_cat-geschenk-guides","16":"product_cat-geschichtenerzaehlen","17":"product_cat-kultur-wissenschaft","18":"product_cat-lernthemen","19":"product_cat-lernunterstuetzung","20":"product_cat-montessori-paedagogik-material-spielzeug","21":"product_cat-montessori-spielzeug","22":"product_cat-nach-alter","23":"product_cat-neuheiten","24":"product_cat-safari-ltd","25":"product_cat-saisonale-kollektionen","26":"product_cat-schulbedarf-fuer-zuhause","27":"product_cat-schulbedarf-fuer-zuhause-3-6-jahre","28":"product_cat-schulbedarf-fuer-zuhause-6-12-jahre","29":"product_cat-kinder-spielzeug","30":"product_cat-traditionelle-bildung","31":"product_cat-unsere-marken","32":"product_cat-wissenschaft","33":"product_cat-wortschatz","34":"product_tag-bpa-freies-spielzeug","35":"product_tag-figuren-des-sonnensystems-safari","36":"product_tag-lernspielzeug-de","37":"product_tag-montessori-realistische-tierfiguren","38":"product_tag-montessori-solar-system-figurinen","39":"product_tag-montessori-figuren-fur-die-sprache","40":"product_tag-montessori-lernspielzeug-sonnensystem","41":"product_tag-montessori-spielzeug","42":"product_tag-montessori-spielzeug-fur-die-zoologie","43":"product_tag-nordamerikanisches-vogelspielzeug","44":"product_tag-objekte-der-montessori-sprache","45":"product_tag-realistische-vogelmodelle","46":"product_tag-safari-toob-de","47":"product_tag-safari-vogel-im-hinterhof-toob","48":"product_tag-safari-miniatur-nachbildungen-des-sonnensystems","49":"product_tag-safari-spielzeuge","50":"product_tag-safari-vogel","51":"product_tag-ungiftige-tierfiguren","52":"product_tag-ungiftiges-spielzeug","53":"product_tag-vogel-spielset","55":"first","56":"outofstock","57":"taxable","58":"shipping-taxable","59":"purchasable","60":"product-type-simple"},"yoast_head":"<!-- This site is optimized with the Yoast SEO plugin v27.1.1 - https:\/\/yoast.com\/product\/yoast-seo-wordpress\/ -->\n<title>Figuren des Sonnensystems - Safari Ltd<\/title>\n<meta name=\"description\" content=\"Die Figuren des Sonnensystems von Safari mit realistischen Miniatur Nachbildungen der Sonne, der Erde und der Planeten ist ein Montessori Lernspielzeug.\" \/>\n<meta name=\"robots\" content=\"index, follow, max-snippet:-1, max-image-preview:large, max-video-preview:-1\" \/>\n<link rel=\"canonical\" href=\"https:\/\/teiaeducation.ch\/de\/produkt\/figuren-des-sonnensystems-safari-ltd\/\" \/>\n<meta property=\"og:locale\" content=\"de_DE\" \/>\n<meta property=\"og:type\" content=\"article\" \/>\n<meta property=\"og:title\" content=\"Figuren des Sonnensystems - Safari Ltd\" \/>\n<meta property=\"og:description\" content=\"Die Figuren des Sonnensystems von Safari mit realistischen Miniatur Nachbildungen der Sonne, der Erde und der Planeten ist ein Montessori Lernspielzeug.\" \/>\n<meta property=\"og:url\" content=\"https:\/\/teiaeducation.ch\/de\/produkt\/figuren-des-sonnensystems-safari-ltd\/\" \/>\n<meta property=\"og:site_name\" content=\"Sustainable Educational Products &amp; Ecological Toys\u00a0\" \/>\n<meta property=\"article:publisher\" content=\"https:\/\/www.facebook.com\/teiaeducation\/\" \/>\n<meta property=\"article:modified_time\" content=\"2024-09-20T15:13:25+00:00\" \/>\n<meta property=\"og:image\" content=\"https:\/\/teiaeducation.ch\/wp-content\/uploads\/2021\/03\/The-Solar-System-Realistic-miniature-solar-system-figurines-Montessori-learning-toy-Safari-Ltd2.jpg\" \/>\n\t<meta property=\"og:image:width\" content=\"1000\" \/>\n\t<meta property=\"og:image:height\" content=\"1000\" \/>\n\t<meta property=\"og:image:type\" content=\"image\/jpeg\" \/>\n<script type=\"application\/ld+json\" class=\"yoast-schema-graph\">{\"@context\":\"https:\/\/schema.org\",\"@graph\":[{\"@type\":\"WebPage\",\"@id\":\"https:\/\/teiaeducation.ch\/de\/produkt\/figuren-des-sonnensystems-safari-ltd\/\",\"url\":\"https:\/\/teiaeducation.ch\/de\/produkt\/figuren-des-sonnensystems-safari-ltd\/\",\"name\":\"Figuren des Sonnensystems - Safari Ltd\",\"isPartOf\":{\"@id\":\"https:\/\/teiaeducation.ch\/de\/#website\"},\"primaryImageOfPage\":{\"@id\":\"https:\/\/teiaeducation.ch\/de\/produkt\/figuren-des-sonnensystems-safari-ltd\/#primaryimage\"},\"image\":{\"@id\":\"https:\/\/teiaeducation.ch\/de\/produkt\/figuren-des-sonnensystems-safari-ltd\/#primaryimage\"},\"thumbnailUrl\":\"https:\/\/teiaeducation.ch\/wp-content\/uploads\/2021\/03\/The-Solar-System-Realistic-miniature-solar-system-figurines-Montessori-learning-toy-Safari-Ltd2.jpg\",\"datePublished\":\"2021-03-09T16:39:55+00:00\",\"dateModified\":\"2024-09-20T15:13:25+00:00\",\"description\":\"Die Figuren des Sonnensystems von Safari mit realistischen Miniatur Nachbildungen der Sonne, der Erde und der Planeten ist ein Montessori Lernspielzeug.\",\"breadcrumb\":{\"@id\":\"https:\/\/teiaeducation.ch\/de\/produkt\/figuren-des-sonnensystems-safari-ltd\/#breadcrumb\"},\"inLanguage\":\"de-CH\",\"potentialAction\":[{\"@type\":\"ReadAction\",\"target\":[\"https:\/\/teiaeducation.ch\/de\/produkt\/figuren-des-sonnensystems-safari-ltd\/\"]}]},{\"@type\":\"ImageObject\",\"inLanguage\":\"de-CH\",\"@id\":\"https:\/\/teiaeducation.ch\/de\/produkt\/figuren-des-sonnensystems-safari-ltd\/#primaryimage\",\"url\":\"https:\/\/teiaeducation.ch\/wp-content\/uploads\/2021\/03\/The-Solar-System-Realistic-miniature-solar-system-figurines-Montessori-learning-toy-Safari-Ltd2.jpg\",\"contentUrl\":\"https:\/\/teiaeducation.ch\/wp-content\/uploads\/2021\/03\/The-Solar-System-Realistic-miniature-solar-system-figurines-Montessori-learning-toy-Safari-Ltd2.jpg\",\"width\":1000,\"height\":1000,\"caption\":\"Das Sonnensystem : Realistische Miniaturfiguren des Sonnensystems Montessori-Lernspielzeug - Safari Ltd 2\"},{\"@type\":\"BreadcrumbList\",\"@id\":\"https:\/\/teiaeducation.ch\/de\/produkt\/figuren-des-sonnensystems-safari-ltd\/#breadcrumb\",\"itemListElement\":[{\"@type\":\"ListItem\",\"position\":1,\"name\":\"Home\",\"item\":\"https:\/\/teiaeducation.ch\/de\/\"},{\"@type\":\"ListItem\",\"position\":2,\"name\":\"Laden\",\"item\":\"https:\/\/teiaeducation.ch\/de\/shop\/\"},{\"@type\":\"ListItem\",\"position\":3,\"name\":\"Unsere Marken\",\"item\":\"https:\/\/teiaeducation.ch\/de\/produkt-kategorie\/unsere-marken\/\"},{\"@type\":\"ListItem\",\"position\":4,\"name\":\"Safari Ltd\",\"item\":\"https:\/\/teiaeducation.ch\/de\/produkt-kategorie\/unsere-marken\/safari-ltd\/\"},{\"@type\":\"ListItem\",\"position\":5,\"name\":\"Figuren des Sonnensystems &#8211; Safari Ltd\"}]},{\"@type\":\"WebSite\",\"@id\":\"https:\/\/teiaeducation.ch\/de\/#website\",\"url\":\"https:\/\/teiaeducation.ch\/de\/\",\"name\":\"Sustainable Educational Products &amp; Ecological Toys\u00a0\",\"description\":\"Specialised Swiss shop selling sustainable educational toys and games, AMI certified Montessori materials, handmade ecological wooden Waldorf toys and arts &amp; crafts supplies, school supplies, children&#039;s furniture and Montessori reference and parenting books.\",\"publisher\":{\"@id\":\"https:\/\/teiaeducation.ch\/de\/#organization\"},\"alternateName\":\"Teia Education & Play\",\"potentialAction\":[{\"@type\":\"SearchAction\",\"target\":{\"@type\":\"EntryPoint\",\"urlTemplate\":\"https:\/\/teiaeducation.ch\/de\/?s={search_term_string}\"},\"query-input\":{\"@type\":\"PropertyValueSpecification\",\"valueRequired\":true,\"valueName\":\"search_term_string\"}}],\"inLanguage\":\"de-CH\"},{\"@type\":\"Organization\",\"@id\":\"https:\/\/teiaeducation.ch\/de\/#organization\",\"name\":\"Teia Education & Play\",\"url\":\"https:\/\/teiaeducation.ch\/de\/\",\"logo\":{\"@type\":\"ImageObject\",\"inLanguage\":\"de-CH\",\"@id\":\"https:\/\/teiaeducation.ch\/de\/#\/schema\/logo\/image\/\",\"url\":\"https:\/\/teiaeducation.ch\/wp-content\/uploads\/2020\/11\/Teia-Education-Switzerland-e1620156442216.jpg\",\"contentUrl\":\"https:\/\/teiaeducation.ch\/wp-content\/uploads\/2020\/11\/Teia-Education-Switzerland-e1620156442216.jpg\",\"width\":166,\"height\":145,\"caption\":\"Teia Education & Play\"},\"image\":{\"@id\":\"https:\/\/teiaeducation.ch\/de\/#\/schema\/logo\/image\/\"},\"sameAs\":[\"https:\/\/www.facebook.com\/teiaeducation\/\",\"https:\/\/x.com\/EducationTeia\",\"https:\/\/www.instagram.com\/teia.education\/\",\"https:\/\/www.linkedin.com\/company\/35501660\",\"https:\/\/www.pinterest.ch\/TeiaEducation\/\"]}]}<\/script>\n<!-- \/ Yoast SEO plugin. -->","yoast_head_json":{"title":"Figuren des Sonnensystems - Safari Ltd","description":"Die Figuren des Sonnensystems von Safari mit realistischen Miniatur Nachbildungen der Sonne, der Erde und der Planeten ist ein Montessori Lernspielzeug.","robots":{"index":"index","follow":"follow","max-snippet":"max-snippet:-1","max-image-preview":"max-image-preview:large","max-video-preview":"max-video-preview:-1"},"canonical":"https:\/\/teiaeducation.ch\/de\/produkt\/figuren-des-sonnensystems-safari-ltd\/","og_locale":"de_DE","og_type":"article","og_title":"Figuren des Sonnensystems - Safari Ltd","og_description":"Die Figuren des Sonnensystems von Safari mit realistischen Miniatur Nachbildungen der Sonne, der Erde und der Planeten ist ein Montessori Lernspielzeug.","og_url":"https:\/\/teiaeducation.ch\/de\/produkt\/figuren-des-sonnensystems-safari-ltd\/","og_site_name":"Sustainable Educational Products &amp; Ecological Toys\u00a0","article_publisher":"https:\/\/www.facebook.com\/teiaeducation\/","article_modified_time":"2024-09-20T15:13:25+00:00","og_image":[{"width":1000,"height":1000,"url":"https:\/\/teiaeducation.ch\/wp-content\/uploads\/2021\/03\/The-Solar-System-Realistic-miniature-solar-system-figurines-Montessori-learning-toy-Safari-Ltd2.jpg","type":"image\/jpeg"}],"schema":{"@context":"https:\/\/schema.org","@graph":[{"@type":"WebPage","@id":"https:\/\/teiaeducation.ch\/de\/produkt\/figuren-des-sonnensystems-safari-ltd\/","url":"https:\/\/teiaeducation.ch\/de\/produkt\/figuren-des-sonnensystems-safari-ltd\/","name":"Figuren des Sonnensystems - Safari Ltd","isPartOf":{"@id":"https:\/\/teiaeducation.ch\/de\/#website"},"primaryImageOfPage":{"@id":"https:\/\/teiaeducation.ch\/de\/produkt\/figuren-des-sonnensystems-safari-ltd\/#primaryimage"},"image":{"@id":"https:\/\/teiaeducation.ch\/de\/produkt\/figuren-des-sonnensystems-safari-ltd\/#primaryimage"},"thumbnailUrl":"https:\/\/teiaeducation.ch\/wp-content\/uploads\/2021\/03\/The-Solar-System-Realistic-miniature-solar-system-figurines-Montessori-learning-toy-Safari-Ltd2.jpg","datePublished":"2021-03-09T16:39:55+00:00","dateModified":"2024-09-20T15:13:25+00:00","description":"Die Figuren des Sonnensystems von Safari mit realistischen Miniatur Nachbildungen der Sonne, der Erde und der Planeten ist ein Montessori Lernspielzeug.","breadcrumb":{"@id":"https:\/\/teiaeducation.ch\/de\/produkt\/figuren-des-sonnensystems-safari-ltd\/#breadcrumb"},"inLanguage":"de-CH","potentialAction":[{"@type":"ReadAction","target":["https:\/\/teiaeducation.ch\/de\/produkt\/figuren-des-sonnensystems-safari-ltd\/"]}]},{"@type":"ImageObject","inLanguage":"de-CH","@id":"https:\/\/teiaeducation.ch\/de\/produkt\/figuren-des-sonnensystems-safari-ltd\/#primaryimage","url":"https:\/\/teiaeducation.ch\/wp-content\/uploads\/2021\/03\/The-Solar-System-Realistic-miniature-solar-system-figurines-Montessori-learning-toy-Safari-Ltd2.jpg","contentUrl":"https:\/\/teiaeducation.ch\/wp-content\/uploads\/2021\/03\/The-Solar-System-Realistic-miniature-solar-system-figurines-Montessori-learning-toy-Safari-Ltd2.jpg","width":1000,"height":1000,"caption":"Das Sonnensystem : Realistische Miniaturfiguren des Sonnensystems Montessori-Lernspielzeug - Safari Ltd 2"},{"@type":"BreadcrumbList","@id":"https:\/\/teiaeducation.ch\/de\/produkt\/figuren-des-sonnensystems-safari-ltd\/#breadcrumb","itemListElement":[{"@type":"ListItem","position":1,"name":"Home","item":"https:\/\/teiaeducation.ch\/de\/"},{"@type":"ListItem","position":2,"name":"Laden","item":"https:\/\/teiaeducation.ch\/de\/shop\/"},{"@type":"ListItem","position":3,"name":"Unsere Marken","item":"https:\/\/teiaeducation.ch\/de\/produkt-kategorie\/unsere-marken\/"},{"@type":"ListItem","position":4,"name":"Safari Ltd","item":"https:\/\/teiaeducation.ch\/de\/produkt-kategorie\/unsere-marken\/safari-ltd\/"},{"@type":"ListItem","position":5,"name":"Figuren des Sonnensystems &#8211; Safari Ltd"}]},{"@type":"WebSite","@id":"https:\/\/teiaeducation.ch\/de\/#website","url":"https:\/\/teiaeducation.ch\/de\/","name":"Sustainable Educational Products &amp; Ecological Toys\u00a0","description":"Specialised Swiss shop selling sustainable educational toys and games, AMI certified Montessori materials, handmade ecological wooden Waldorf toys and arts &amp; crafts supplies, school supplies, children&#039;s furniture and Montessori reference and parenting books.","publisher":{"@id":"https:\/\/teiaeducation.ch\/de\/#organization"},"alternateName":"Teia Education & Play","potentialAction":[{"@type":"SearchAction","target":{"@type":"EntryPoint","urlTemplate":"https:\/\/teiaeducation.ch\/de\/?s={search_term_string}"},"query-input":{"@type":"PropertyValueSpecification","valueRequired":true,"valueName":"search_term_string"}}],"inLanguage":"de-CH"},{"@type":"Organization","@id":"https:\/\/teiaeducation.ch\/de\/#organization","name":"Teia Education & Play","url":"https:\/\/teiaeducation.ch\/de\/","logo":{"@type":"ImageObject","inLanguage":"de-CH","@id":"https:\/\/teiaeducation.ch\/de\/#\/schema\/logo\/image\/","url":"https:\/\/teiaeducation.ch\/wp-content\/uploads\/2020\/11\/Teia-Education-Switzerland-e1620156442216.jpg","contentUrl":"https:\/\/teiaeducation.ch\/wp-content\/uploads\/2020\/11\/Teia-Education-Switzerland-e1620156442216.jpg","width":166,"height":145,"caption":"Teia Education & Play"},"image":{"@id":"https:\/\/teiaeducation.ch\/de\/#\/schema\/logo\/image\/"},"sameAs":["https:\/\/www.facebook.com\/teiaeducation\/","https:\/\/x.com\/EducationTeia","https:\/\/www.instagram.com\/teia.education\/","https:\/\/www.linkedin.com\/company\/35501660","https:\/\/www.pinterest.ch\/TeiaEducation\/"]}]}},"_links":{"self":[{"href":"https:\/\/teiaeducation.ch\/de\/wp-json\/wp\/v2\/product\/61238","targetHints":{"allow":["GET"]}}],"collection":[{"href":"https:\/\/teiaeducation.ch\/de\/wp-json\/wp\/v2\/product"}],"about":[{"href":"https:\/\/teiaeducation.ch\/de\/wp-json\/wp\/v2\/types\/product"}],"replies":[{"embeddable":true,"href":"https:\/\/teiaeducation.ch\/de\/wp-json\/wp\/v2\/comments?post=61238"}],"wp:featuredmedia":[{"embeddable":true,"href":"https:\/\/teiaeducation.ch\/de\/wp-json\/wp\/v2\/media\/61239"}],"wp:attachment":[{"href":"https:\/\/teiaeducation.ch\/de\/wp-json\/wp\/v2\/media?parent=61238"}],"wp:term":[{"taxonomy":"product_brand","embeddable":true,"href":"https:\/\/teiaeducation.ch\/de\/wp-json\/wp\/v2\/product_brand?post=61238"},{"taxonomy":"product_cat","embeddable":true,"href":"https:\/\/teiaeducation.ch\/de\/wp-json\/wp\/v2\/product_cat?post=61238"},{"taxonomy":"product_tag","embeddable":true,"href":"https:\/\/teiaeducation.ch\/de\/wp-json\/wp\/v2\/product_tag?post=61238"}],"curies":[{"name":"wp","href":"https:\/\/api.w.org\/{rel}","templated":true}]}}