{"id":61396,"date":"2021-03-09T15:33:50","date_gmt":"2021-03-09T14:33:50","guid":{"rendered":"https:\/\/teiaeducation.ch\/product\/toob-wahrzeichen-der-welt-figuren-safari-ltd\/"},"modified":"2024-09-23T10:05:48","modified_gmt":"2024-09-23T08:05:48","slug":"toob-wahrzeichen-der-welt-figuren-safari-ltd","status":"publish","type":"product","link":"https:\/\/teiaeducation.ch\/de\/produkt\/toob-wahrzeichen-der-welt-figuren-safari-ltd\/","title":{"rendered":"TOOB Wahrzeichen der Welt Figuren &#8211; Safari Ltd"},"content":{"rendered":"<p>Das Safari TOOB Set mit realistischen Miniatur Wahrzeichen der Welt Figuren, von denen einige als Wunder des Mittelalters gelten, ist ein wertvolles Montessori <a href=\"https:\/\/teiaeducation.ch\/product-category\/learning-themes\/\">Lernspielzeug<\/a> f\u00fcr jedes Zuhause oder <a href=\"https:\/\/teiaeducation.ch\/school-supplies-switzerland\/\">Klassenzimmer<\/a>!<\/p>\n<p>Das Set enth\u00e4lt:<\/p>\n<p>&#8211; Mount Rushmore in den Black Hills in South Dakota, Vereinigte Staaten von Amerika<br \/>\n&#8211; Die Chinesische Mauer, die entlang der historischen Nordgrenzen der alten chinesischen Staaten und des kaiserlichen Chinas errichtet wurde<br \/>\n&#8211; Der Buddha von Lantau in Ngong Ping, Lantau Island, in Hongkong<br \/>\n&#8211; Die Osterinsel, eine Insel und ein Sondergebiet Chiles im s\u00fcd\u00f6stlichen Pazifik, Das Kolosseum in Rom, Italien<br \/>\n&#8211; Die Gro\u00dfe Sphinx von Gizeh in Gizeh, \u00c4gypten<br \/>\n&#8211; Stonehenge in der Salisbury-Ebene in Wiltshire, England Stonehenge<\/p>\n<p>Das Kolosseum und die Chinesische Mauer wurden aufgrund ihrer kulturellen und historischen Bedeutung als Wunder des Mittelalters eingestuft.<\/p>\n<p>W\u00e4hrend die Geschichte vieler dieser Wahrzeichen gut bekannt ist, sind die K\u00f6pfe der Osterinsel und Stonehenge noch immer von Geheimnissen umh\u00fcllt.<\/p>\n<p>Die 7 professionell gefertigten und naturgetreuen Modelle helfen den Kindern, jede Sehensw\u00fcrdigkeit zu erkennen und sind perfekt, um etwas \u00fcber <a href=\"https:\/\/teiaeducation.ch\/product-category\/learning-themes\/culture-science\/human-geography-culture\/\">Geografie und Kultur<\/a> zu lernen! Dieses hochwertige und langlebige TOOB-Set ist ein gro\u00dfartiges Lehrmittel und ein von <a href=\"https:\/\/teiaeducation.ch\/product-category\/hgh-quality-toys-play\/montessori-toys\/\">Montessori inspiriertes Spielzeug<\/a>.<\/p>\n<p>Die praktischen Lernfiguren eignen sich hervorragend zur Unterst\u00fctzung des Unterrichts in den Bereichen Natur <a href=\"https:\/\/teiaeducation.ch\/product-category\/learning-themes\/culture-science\/science\/\">Wissenschaften<\/a>, Architektur und <a href=\"https:\/\/teiaeducation.ch\/product-category\/learning-themes\/culture-science\/topography\/\">Topografie <\/a>sowie als wunderbare Sprachobjekte zur Bereicherung des <a href=\"https:\/\/teiaeducation.ch\/product-category\/learning-themes\/literacy-language\/vocabulary-2\/\">Wortschatzes<\/a> und des <a href=\"https:\/\/teiaeducation.ch\/product-category\/learning-themes\/literacy-language\/story-telling\/\">Geschichtenerz\u00e4hlens<\/a>. Sie sind auch eine sch\u00f6ne Erg\u00e4nzung f\u00fcr das freie Spiel in der kleinen Welt und f\u00fcr Displays.<\/p>\n<p>Jede realistische Weltwahrzeichen-Figur aus diesem TOOB ist einzeln handbemalt. Sie sind ungiftig, BPA-frei und f\u00fcr Kinder ab 3 Jahren geeignet. Der TOOB, der die Figuren h\u00e4lt, hat eine L\u00e4nge von 32,5 cm.<\/p>\n<p>Die Safari TOOB-Figuren sind f\u00fcr Kinder ab 3 Jahren geeignet.<\/p>\n<p>Inhalt:<\/p>\n<p>7 symboltr\u00e4chtige Figuren aus aller Welt<\/p>\n<h2>\u00dcber Safari Ltd<\/h2>\n<p>Die Amerikanische Familienmarke <a href=\"https:\/\/teiaeducation.ch\/product-category\/brands\/safari\/\">Safari Ltd\u00ae<\/a> stellt seit \u00fcber 30 Jahren wunderbar realistische <a href=\"https:\/\/teiaeducation.ch\/product-category\/play\/animals-farms\/\">Tierfiguren<\/a> und Lernhilfen her. Die sorgf\u00e4ltig gefertigten, hochwertigen und langlebigen Spielzeuge vermitteln Kindern die Bedeutung der <a href=\"https:\/\/teiaeducation.ch\/product-category\/play\/nature-play\/\">Natur<\/a> und des Naturschutzes durch die Freude am <a href=\"https:\/\/teiaeducation.ch\/product-category\/play\/imaginative-role-play\/\">fantasievollen Spiel<\/a> und k\u00f6nnen auf vielf\u00e4ltige Weise verwendet werden.<\/p>\n<p>Alle Produkte von Safari Ltd. sind ungiftig, <a href=\"https:\/\/en.wikipedia.org\/wiki\/Bisphenol_A\">BPA-frei<\/a>, bleifrei und phthalatfrei und werden strengen Sicherheitstests unterzogen, die alle weltweiten Vorschriften und Teststandards erf\u00fcllen und \u00fcbertreffen. Es werden umweltfreundliche Verpackungen verwendet, darunter recyceltes und wiederverwertbares Papier ohne UV-Lackierung, und in der gesamten Produktion werden umweltfreundliche Gesch\u00e4ftspraktiken angewandt.<\/p>\n","protected":false},"excerpt":{"rendered":"<p>Artikelnummer: S678204<\/p>\n<p>Das Safari TOOB Set mit realistischen Miniatur Wahrzeichen der Welt Figuren ist ein wertvolles Montessori Lernspielzeug f\u00fcr jedes Klassenzimmer!<\/p>\n","protected":false},"featured_media":61397,"comment_status":"open","ping_status":"closed","template":"","meta":[],"product_brand":[],"product_cat":[21445,21446,22033,21524,21479,21690,21488,21484,21535,21517,21510,21509,21481,22182,21443,21563,21665,21494,21495,21496,21678,21523,21482,21564,21520,21536],"product_tag":[29292,27381,29381,29305,29363,21742,29295,29353,29364,29350,29383,29296,29351,29291,29352,29382,29384,29294,29293,29358],"class_list":{"0":"post-61396","1":"product","2":"type-product","3":"status-publish","4":"has-post-thumbnail","6":"product_cat-3-6-jahre-vorschule","7":"product_cat-6-12-jahre-grundschule","8":"product_cat-adventskalender-geschenke-strumpffueller","9":"product_cat-alphabetisierung-sprache","10":"product_cat-lernmaterialien-spielzeug-montessori-waldorf-steiner-froebel","11":"product_cat-spiele-mit-offenem-ende","12":"product_cat-geschenk-guide-6-12-jahre-grundschule","13":"product_cat-geschenk-guides","14":"product_cat-geschichtenerzaehlen","15":"product_cat-humangeographie-kultur","16":"product_cat-kultur-wissenschaft","17":"product_cat-lernthemen","18":"product_cat-montessori-paedagogik-material-spielzeug","19":"product_cat-montessori-spielzeug","20":"product_cat-nach-alter","21":"product_cat-neuheiten","22":"product_cat-safari-ltd","23":"product_cat-schulbedarf-fuer-zuhause","24":"product_cat-schulbedarf-fuer-zuhause-3-6-jahre","25":"product_cat-schulbedarf-fuer-zuhause-6-12-jahre","26":"product_cat-kinder-spielzeug","27":"product_cat-topographie-de","28":"product_cat-traditionelle-bildung","29":"product_cat-unsere-marken","30":"product_cat-wissenschaft","31":"product_cat-wortschatz","32":"product_tag-bpa-freies-spielzeug","33":"product_tag-lernspielzeug-de","34":"product_tag-montessori-lernspielzeug-wahrzeichen-der-welt","35":"product_tag-montessori-realistische-tierfiguren","36":"product_tag-montessori-figuren-fur-die-sprache","37":"product_tag-montessori-spielzeug","38":"product_tag-montessori-spielzeug-fur-die-zoologie","39":"product_tag-nordamerikanisches-vogelspielzeug","40":"product_tag-objekte-der-montessori-sprache","41":"product_tag-realistische-vogelmodelle","42":"product_tag-realistische-wahrzeichen-der-welt-figuren","43":"product_tag-safari-toob-de","44":"product_tag-safari-vogel-im-hinterhof-toob","45":"product_tag-safari-spielzeuge","46":"product_tag-safari-vogel","47":"product_tag-toob-wahrzeichen-der-welt-figuren","48":"product_tag-toob-wahrzeichen-der-welt-figuren-safari","49":"product_tag-ungiftige-tierfiguren","50":"product_tag-ungiftiges-spielzeug","51":"product_tag-vogel-spielset","53":"first","54":"instock","55":"taxable","56":"shipping-taxable","57":"purchasable","58":"product-type-simple"},"yoast_head":"<!-- This site is optimized with the Yoast SEO plugin v27.1.1 - https:\/\/yoast.com\/product\/yoast-seo-wordpress\/ -->\n<title>TOOB Wahrzeichen der Welt Figuren - Safari Ltd<\/title>\n<meta name=\"description\" content=\"Das Safari TOOB Set mit realistischen Miniatur Wahrzeichen der Welt Figuren ist ein wertvolles Montessori Lernspielzeug f\u00fcr jedes Klassenzimmer!\" \/>\n<meta name=\"robots\" content=\"index, follow, max-snippet:-1, max-image-preview:large, max-video-preview:-1\" \/>\n<link rel=\"canonical\" href=\"https:\/\/teiaeducation.ch\/de\/produkt\/toob-wahrzeichen-der-welt-figuren-safari-ltd\/\" \/>\n<meta property=\"og:locale\" content=\"de_DE\" \/>\n<meta property=\"og:type\" content=\"article\" \/>\n<meta property=\"og:title\" content=\"TOOB Wahrzeichen der Welt Figuren - Safari Ltd\" \/>\n<meta property=\"og:description\" content=\"Das Safari TOOB Set mit realistischen Miniatur Wahrzeichen der Welt Figuren ist ein wertvolles Montessori Lernspielzeug f\u00fcr jedes Klassenzimmer!\" \/>\n<meta property=\"og:url\" content=\"https:\/\/teiaeducation.ch\/de\/produkt\/toob-wahrzeichen-der-welt-figuren-safari-ltd\/\" \/>\n<meta property=\"og:site_name\" content=\"Sustainable Educational Products &amp; Ecological Toys\u00a0\" \/>\n<meta property=\"article:publisher\" content=\"https:\/\/www.facebook.com\/teiaeducation\/\" \/>\n<meta property=\"article:modified_time\" content=\"2024-09-23T08:05:48+00:00\" \/>\n<meta property=\"og:image\" content=\"https:\/\/teiaeducation.ch\/wp-content\/uploads\/2021\/03\/World-Landmarks-TOOB-Realistic-miniature-landmark-figurines-Montessori-learning-toy-Safari-Ltd.jpg\" \/>\n\t<meta property=\"og:image:width\" content=\"1000\" \/>\n\t<meta property=\"og:image:height\" content=\"1000\" \/>\n\t<meta property=\"og:image:type\" content=\"image\/jpeg\" \/>\n<script type=\"application\/ld+json\" class=\"yoast-schema-graph\">{\"@context\":\"https:\/\/schema.org\",\"@graph\":[{\"@type\":\"WebPage\",\"@id\":\"https:\/\/teiaeducation.ch\/de\/produkt\/toob-wahrzeichen-der-welt-figuren-safari-ltd\/\",\"url\":\"https:\/\/teiaeducation.ch\/de\/produkt\/toob-wahrzeichen-der-welt-figuren-safari-ltd\/\",\"name\":\"TOOB Wahrzeichen der Welt Figuren - Safari Ltd\",\"isPartOf\":{\"@id\":\"https:\/\/teiaeducation.ch\/de\/#website\"},\"primaryImageOfPage\":{\"@id\":\"https:\/\/teiaeducation.ch\/de\/produkt\/toob-wahrzeichen-der-welt-figuren-safari-ltd\/#primaryimage\"},\"image\":{\"@id\":\"https:\/\/teiaeducation.ch\/de\/produkt\/toob-wahrzeichen-der-welt-figuren-safari-ltd\/#primaryimage\"},\"thumbnailUrl\":\"https:\/\/teiaeducation.ch\/wp-content\/uploads\/2021\/03\/World-Landmarks-TOOB-Realistic-miniature-landmark-figurines-Montessori-learning-toy-Safari-Ltd.jpg\",\"datePublished\":\"2021-03-09T14:33:50+00:00\",\"dateModified\":\"2024-09-23T08:05:48+00:00\",\"description\":\"Das Safari TOOB Set mit realistischen Miniatur Wahrzeichen der Welt Figuren ist ein wertvolles Montessori Lernspielzeug f\u00fcr jedes Klassenzimmer!\",\"breadcrumb\":{\"@id\":\"https:\/\/teiaeducation.ch\/de\/produkt\/toob-wahrzeichen-der-welt-figuren-safari-ltd\/#breadcrumb\"},\"inLanguage\":\"de-CH\",\"potentialAction\":[{\"@type\":\"ReadAction\",\"target\":[\"https:\/\/teiaeducation.ch\/de\/produkt\/toob-wahrzeichen-der-welt-figuren-safari-ltd\/\"]}]},{\"@type\":\"ImageObject\",\"inLanguage\":\"de-CH\",\"@id\":\"https:\/\/teiaeducation.ch\/de\/produkt\/toob-wahrzeichen-der-welt-figuren-safari-ltd\/#primaryimage\",\"url\":\"https:\/\/teiaeducation.ch\/wp-content\/uploads\/2021\/03\/World-Landmarks-TOOB-Realistic-miniature-landmark-figurines-Montessori-learning-toy-Safari-Ltd.jpg\",\"contentUrl\":\"https:\/\/teiaeducation.ch\/wp-content\/uploads\/2021\/03\/World-Landmarks-TOOB-Realistic-miniature-landmark-figurines-Montessori-learning-toy-Safari-Ltd.jpg\",\"width\":1000,\"height\":1000,\"caption\":\"TOOB Wahrzeichen der Welt: Realistische Miniatur-Wahrzeichen-Figuren Montessori-Lernspielzeug - Safari Ltd\"},{\"@type\":\"BreadcrumbList\",\"@id\":\"https:\/\/teiaeducation.ch\/de\/produkt\/toob-wahrzeichen-der-welt-figuren-safari-ltd\/#breadcrumb\",\"itemListElement\":[{\"@type\":\"ListItem\",\"position\":1,\"name\":\"Home\",\"item\":\"https:\/\/teiaeducation.ch\/de\/\"},{\"@type\":\"ListItem\",\"position\":2,\"name\":\"Laden\",\"item\":\"https:\/\/teiaeducation.ch\/de\/shop\/\"},{\"@type\":\"ListItem\",\"position\":3,\"name\":\"Unsere Marken\",\"item\":\"https:\/\/teiaeducation.ch\/de\/produkt-kategorie\/unsere-marken\/\"},{\"@type\":\"ListItem\",\"position\":4,\"name\":\"Safari Ltd\",\"item\":\"https:\/\/teiaeducation.ch\/de\/produkt-kategorie\/unsere-marken\/safari-ltd\/\"},{\"@type\":\"ListItem\",\"position\":5,\"name\":\"TOOB Wahrzeichen der Welt Figuren &#8211; Safari Ltd\"}]},{\"@type\":\"WebSite\",\"@id\":\"https:\/\/teiaeducation.ch\/de\/#website\",\"url\":\"https:\/\/teiaeducation.ch\/de\/\",\"name\":\"Sustainable Educational Products &amp; Ecological Toys\u00a0\",\"description\":\"Specialised Swiss shop selling sustainable educational toys and games, AMI certified Montessori materials, handmade ecological wooden Waldorf toys and arts &amp; crafts supplies, school supplies, children&#039;s furniture and Montessori reference and parenting books.\",\"publisher\":{\"@id\":\"https:\/\/teiaeducation.ch\/de\/#organization\"},\"alternateName\":\"Teia Education & Play\",\"potentialAction\":[{\"@type\":\"SearchAction\",\"target\":{\"@type\":\"EntryPoint\",\"urlTemplate\":\"https:\/\/teiaeducation.ch\/de\/?s={search_term_string}\"},\"query-input\":{\"@type\":\"PropertyValueSpecification\",\"valueRequired\":true,\"valueName\":\"search_term_string\"}}],\"inLanguage\":\"de-CH\"},{\"@type\":\"Organization\",\"@id\":\"https:\/\/teiaeducation.ch\/de\/#organization\",\"name\":\"Teia Education & Play\",\"url\":\"https:\/\/teiaeducation.ch\/de\/\",\"logo\":{\"@type\":\"ImageObject\",\"inLanguage\":\"de-CH\",\"@id\":\"https:\/\/teiaeducation.ch\/de\/#\/schema\/logo\/image\/\",\"url\":\"https:\/\/teiaeducation.ch\/wp-content\/uploads\/2020\/11\/Teia-Education-Switzerland-e1620156442216.jpg\",\"contentUrl\":\"https:\/\/teiaeducation.ch\/wp-content\/uploads\/2020\/11\/Teia-Education-Switzerland-e1620156442216.jpg\",\"width\":166,\"height\":145,\"caption\":\"Teia Education & Play\"},\"image\":{\"@id\":\"https:\/\/teiaeducation.ch\/de\/#\/schema\/logo\/image\/\"},\"sameAs\":[\"https:\/\/www.facebook.com\/teiaeducation\/\",\"https:\/\/x.com\/EducationTeia\",\"https:\/\/www.instagram.com\/teia.education\/\",\"https:\/\/www.linkedin.com\/company\/35501660\",\"https:\/\/www.pinterest.ch\/TeiaEducation\/\"]}]}<\/script>\n<!-- \/ Yoast SEO plugin. -->","yoast_head_json":{"title":"TOOB Wahrzeichen der Welt Figuren - Safari Ltd","description":"Das Safari TOOB Set mit realistischen Miniatur Wahrzeichen der Welt Figuren ist ein wertvolles Montessori Lernspielzeug f\u00fcr jedes Klassenzimmer!","robots":{"index":"index","follow":"follow","max-snippet":"max-snippet:-1","max-image-preview":"max-image-preview:large","max-video-preview":"max-video-preview:-1"},"canonical":"https:\/\/teiaeducation.ch\/de\/produkt\/toob-wahrzeichen-der-welt-figuren-safari-ltd\/","og_locale":"de_DE","og_type":"article","og_title":"TOOB Wahrzeichen der Welt Figuren - Safari Ltd","og_description":"Das Safari TOOB Set mit realistischen Miniatur Wahrzeichen der Welt Figuren ist ein wertvolles Montessori Lernspielzeug f\u00fcr jedes Klassenzimmer!","og_url":"https:\/\/teiaeducation.ch\/de\/produkt\/toob-wahrzeichen-der-welt-figuren-safari-ltd\/","og_site_name":"Sustainable Educational Products &amp; Ecological Toys\u00a0","article_publisher":"https:\/\/www.facebook.com\/teiaeducation\/","article_modified_time":"2024-09-23T08:05:48+00:00","og_image":[{"width":1000,"height":1000,"url":"https:\/\/teiaeducation.ch\/wp-content\/uploads\/2021\/03\/World-Landmarks-TOOB-Realistic-miniature-landmark-figurines-Montessori-learning-toy-Safari-Ltd.jpg","type":"image\/jpeg"}],"schema":{"@context":"https:\/\/schema.org","@graph":[{"@type":"WebPage","@id":"https:\/\/teiaeducation.ch\/de\/produkt\/toob-wahrzeichen-der-welt-figuren-safari-ltd\/","url":"https:\/\/teiaeducation.ch\/de\/produkt\/toob-wahrzeichen-der-welt-figuren-safari-ltd\/","name":"TOOB Wahrzeichen der Welt Figuren - Safari Ltd","isPartOf":{"@id":"https:\/\/teiaeducation.ch\/de\/#website"},"primaryImageOfPage":{"@id":"https:\/\/teiaeducation.ch\/de\/produkt\/toob-wahrzeichen-der-welt-figuren-safari-ltd\/#primaryimage"},"image":{"@id":"https:\/\/teiaeducation.ch\/de\/produkt\/toob-wahrzeichen-der-welt-figuren-safari-ltd\/#primaryimage"},"thumbnailUrl":"https:\/\/teiaeducation.ch\/wp-content\/uploads\/2021\/03\/World-Landmarks-TOOB-Realistic-miniature-landmark-figurines-Montessori-learning-toy-Safari-Ltd.jpg","datePublished":"2021-03-09T14:33:50+00:00","dateModified":"2024-09-23T08:05:48+00:00","description":"Das Safari TOOB Set mit realistischen Miniatur Wahrzeichen der Welt Figuren ist ein wertvolles Montessori Lernspielzeug f\u00fcr jedes Klassenzimmer!","breadcrumb":{"@id":"https:\/\/teiaeducation.ch\/de\/produkt\/toob-wahrzeichen-der-welt-figuren-safari-ltd\/#breadcrumb"},"inLanguage":"de-CH","potentialAction":[{"@type":"ReadAction","target":["https:\/\/teiaeducation.ch\/de\/produkt\/toob-wahrzeichen-der-welt-figuren-safari-ltd\/"]}]},{"@type":"ImageObject","inLanguage":"de-CH","@id":"https:\/\/teiaeducation.ch\/de\/produkt\/toob-wahrzeichen-der-welt-figuren-safari-ltd\/#primaryimage","url":"https:\/\/teiaeducation.ch\/wp-content\/uploads\/2021\/03\/World-Landmarks-TOOB-Realistic-miniature-landmark-figurines-Montessori-learning-toy-Safari-Ltd.jpg","contentUrl":"https:\/\/teiaeducation.ch\/wp-content\/uploads\/2021\/03\/World-Landmarks-TOOB-Realistic-miniature-landmark-figurines-Montessori-learning-toy-Safari-Ltd.jpg","width":1000,"height":1000,"caption":"TOOB Wahrzeichen der Welt: Realistische Miniatur-Wahrzeichen-Figuren Montessori-Lernspielzeug - Safari Ltd"},{"@type":"BreadcrumbList","@id":"https:\/\/teiaeducation.ch\/de\/produkt\/toob-wahrzeichen-der-welt-figuren-safari-ltd\/#breadcrumb","itemListElement":[{"@type":"ListItem","position":1,"name":"Home","item":"https:\/\/teiaeducation.ch\/de\/"},{"@type":"ListItem","position":2,"name":"Laden","item":"https:\/\/teiaeducation.ch\/de\/shop\/"},{"@type":"ListItem","position":3,"name":"Unsere Marken","item":"https:\/\/teiaeducation.ch\/de\/produkt-kategorie\/unsere-marken\/"},{"@type":"ListItem","position":4,"name":"Safari Ltd","item":"https:\/\/teiaeducation.ch\/de\/produkt-kategorie\/unsere-marken\/safari-ltd\/"},{"@type":"ListItem","position":5,"name":"TOOB Wahrzeichen der Welt Figuren &#8211; Safari Ltd"}]},{"@type":"WebSite","@id":"https:\/\/teiaeducation.ch\/de\/#website","url":"https:\/\/teiaeducation.ch\/de\/","name":"Sustainable Educational Products &amp; Ecological Toys\u00a0","description":"Specialised Swiss shop selling sustainable educational toys and games, AMI certified Montessori materials, handmade ecological wooden Waldorf toys and arts &amp; crafts supplies, school supplies, children&#039;s furniture and Montessori reference and parenting books.","publisher":{"@id":"https:\/\/teiaeducation.ch\/de\/#organization"},"alternateName":"Teia Education & Play","potentialAction":[{"@type":"SearchAction","target":{"@type":"EntryPoint","urlTemplate":"https:\/\/teiaeducation.ch\/de\/?s={search_term_string}"},"query-input":{"@type":"PropertyValueSpecification","valueRequired":true,"valueName":"search_term_string"}}],"inLanguage":"de-CH"},{"@type":"Organization","@id":"https:\/\/teiaeducation.ch\/de\/#organization","name":"Teia Education & Play","url":"https:\/\/teiaeducation.ch\/de\/","logo":{"@type":"ImageObject","inLanguage":"de-CH","@id":"https:\/\/teiaeducation.ch\/de\/#\/schema\/logo\/image\/","url":"https:\/\/teiaeducation.ch\/wp-content\/uploads\/2020\/11\/Teia-Education-Switzerland-e1620156442216.jpg","contentUrl":"https:\/\/teiaeducation.ch\/wp-content\/uploads\/2020\/11\/Teia-Education-Switzerland-e1620156442216.jpg","width":166,"height":145,"caption":"Teia Education & Play"},"image":{"@id":"https:\/\/teiaeducation.ch\/de\/#\/schema\/logo\/image\/"},"sameAs":["https:\/\/www.facebook.com\/teiaeducation\/","https:\/\/x.com\/EducationTeia","https:\/\/www.instagram.com\/teia.education\/","https:\/\/www.linkedin.com\/company\/35501660","https:\/\/www.pinterest.ch\/TeiaEducation\/"]}]}},"_links":{"self":[{"href":"https:\/\/teiaeducation.ch\/de\/wp-json\/wp\/v2\/product\/61396","targetHints":{"allow":["GET"]}}],"collection":[{"href":"https:\/\/teiaeducation.ch\/de\/wp-json\/wp\/v2\/product"}],"about":[{"href":"https:\/\/teiaeducation.ch\/de\/wp-json\/wp\/v2\/types\/product"}],"replies":[{"embeddable":true,"href":"https:\/\/teiaeducation.ch\/de\/wp-json\/wp\/v2\/comments?post=61396"}],"wp:featuredmedia":[{"embeddable":true,"href":"https:\/\/teiaeducation.ch\/de\/wp-json\/wp\/v2\/media\/61397"}],"wp:attachment":[{"href":"https:\/\/teiaeducation.ch\/de\/wp-json\/wp\/v2\/media?parent=61396"}],"wp:term":[{"taxonomy":"product_brand","embeddable":true,"href":"https:\/\/teiaeducation.ch\/de\/wp-json\/wp\/v2\/product_brand?post=61396"},{"taxonomy":"product_cat","embeddable":true,"href":"https:\/\/teiaeducation.ch\/de\/wp-json\/wp\/v2\/product_cat?post=61396"},{"taxonomy":"product_tag","embeddable":true,"href":"https:\/\/teiaeducation.ch\/de\/wp-json\/wp\/v2\/product_tag?post=61396"}],"curies":[{"name":"wp","href":"https:\/\/api.w.org\/{rel}","templated":true}]}}