{"id":61400,"date":"2021-03-09T15:16:26","date_gmt":"2021-03-09T14:16:26","guid":{"rendered":"https:\/\/teiaeducation.ch\/product\/toob-rund-um-die-welt-figuren-safari-ltd\/"},"modified":"2024-10-03T08:46:25","modified_gmt":"2024-10-03T06:46:25","slug":"toob-rund-um-die-welt-figuren-safari-ltd","status":"publish","type":"product","link":"https:\/\/teiaeducation.ch\/de\/produkt\/toob-rund-um-die-welt-figuren-safari-ltd\/","title":{"rendered":"TOOB rund um die Welt Figuren &#8211; Safari Ltd"},"content":{"rendered":"<p>Das Safari TOOB Set mit realistischen Miniatur rund um die Welt Figuren der wichtigsten Wahrzeichen der Welt ist ein wertvolles Montessori-<a href=\"https:\/\/teiaeducation.ch\/product-category\/learning-themes\/\">Lernspielzeug<\/a> f\u00fcr jedes Zuhause oder <a href=\"https:\/\/teiaeducation.ch\/school-supplies-switzerland\/\">Klassenzimmer<\/a>!<\/p>\n<p>Das Set enth\u00e4lt:<\/p>\n<p>&#8211; Der schiefe Turm von Pisa in Pisa, Italien<br \/>\n&#8211; Der Eiffelturm in Paris, Frankreich<br \/>\n&#8211; Das Taj Mahal in Agra, Indien<br \/>\n&#8211; Der Triumphbogen in Paris, Frankreich<br \/>\n&#8211; Die Freiheitsstatue in New York, Vereinigte Staaten von Amerika<br \/>\n&#8211; Der Tempel der Inschriften in Palenque, Mexiko<br \/>\n&#8211; Die Pyramiden von Gizeh im Gro\u00dfraum Kairo, \u00c4gypten<br \/>\n&#8211; Das Empire State Building in New York, Vereinigte Staaten von Amerika<br \/>\n&#8211; Der Big Ben in London, England<br \/>\n&#8211; Der Parthenon in Athen, Griechenland<\/p>\n<p>Die 10 professionell gefertigten und naturgetreuen Modelle helfen den Kindern, jedes Wahrzeichen wiederzuerkennen, und eignen sich perfekt zum Lernen \u00fcber <a href=\"https:\/\/teiaeducation.ch\/product-category\/learning-themes\/culture-science\/human-geography-culture\/\">Geographie und Kultur<\/a>!<\/p>\n<p>Dieses hochwertige und langlebige TOOB-Set ist ein gro\u00dfartiges Lehrmittel und ein von <a href=\"https:\/\/teiaeducation.ch\/product-category\/hgh-quality-toys-play\/montessori-toys\/\">Montessori inspiriertes Spielzeug<\/a>. Die praktischen Lernfiguren eignen sich hervorragend zur Unterst\u00fctzung des Unterrichts in den Bereichen Naturwissenschaften, Architektur und <a href=\"https:\/\/teiaeducation.ch\/product-category\/learning-themes\/culture-science\/topography\/\">Topografie <\/a>sowie als wunderbare Sprachobjekte zur Bereicherung des <a href=\"https:\/\/teiaeducation.ch\/product-category\/learning-themes\/literacy-language\/vocabulary-2\/\">Wortschatzes<\/a> und des <a href=\"https:\/\/teiaeducation.ch\/product-category\/learning-themes\/literacy-language\/story-telling\/\">Geschichtenerz\u00e4hlens<\/a>.<\/p>\n<p>Sie sind auch eine sch\u00f6ne Erg\u00e4nzung f\u00fcr das freie Spiel in der kleinen Welt und f\u00fcr Displays.<\/p>\n<p>Jedes realistische Wahrzeichen der Welt aus dieser TOOB-Figur ist individuell handbemalt. Sie sind ungiftig, BPA-frei und f\u00fcr Kinder ab 3 Jahren geeignet. Der TOOB, der die Figuren h\u00e4lt, hat eine L\u00e4nge von 32,5 cm.<\/p>\n<p>Die Safari TOOB-Figuren sind f\u00fcr Kinder ab 3 Jahren geeignet.<\/p>\n<p>Inhalt:<\/p>\n<p>10 symboltr\u00e4chtige Figuren aus aller Welt<\/p>\n<h2>\u00dcber Safari Ltd<\/h2>\n<p>Die Amerikanische Familienmarke <a href=\"https:\/\/teiaeducation.ch\/product-category\/brands\/safari\/\">Safari Ltd\u00ae<\/a> stellt seit \u00fcber 30 Jahren wunderbar realistische <a href=\"https:\/\/teiaeducation.ch\/product-category\/play\/animals-farms\/\">Tierfiguren<\/a> und Lernhilfen her. Die sorgf\u00e4ltig gefertigten, hochwertigen und langlebigen Spielzeuge vermitteln Kindern die Bedeutung der <a href=\"https:\/\/teiaeducation.ch\/product-category\/play\/nature-play\/\">Natur<\/a> und des Naturschutzes durch die Freude am <a href=\"https:\/\/teiaeducation.ch\/product-category\/play\/imaginative-role-play\/\">fantasievollen Spiel<\/a> und k\u00f6nnen auf vielf\u00e4ltige Weise verwendet werden.<\/p>\n<p>Alle Produkte von Safari Ltd. sind ungiftig, <a href=\"https:\/\/en.wikipedia.org\/wiki\/Bisphenol_A\">BPA-frei<\/a>, bleifrei und phthalatfrei und werden strengen Sicherheitstests unterzogen, die alle weltweiten Vorschriften und Teststandards erf\u00fcllen und \u00fcbertreffen. Es werden umweltfreundliche Verpackungen verwendet, darunter recyceltes und wiederverwertbares Papier ohne UV-Lackierung, und in der gesamten Produktion werden umweltfreundliche Gesch\u00e4ftspraktiken angewandt.<\/p>\n","protected":false},"excerpt":{"rendered":"<p>Artikelnummer: S679604<\/p>\n<p>Das Safari TOOB Set rund um die Welt Figuren von Safari mit realistischen Miniatur Figuren von Wahrzeichen ist ein wertvolles Montessori Lernspielzeug!<\/p>\n","protected":false},"featured_media":61401,"comment_status":"open","ping_status":"closed","template":"","meta":[],"product_brand":[],"product_cat":[21445,21446,21524,21479,21690,21535,21517,21510,21509,21481,22182,21443,21689,21563,21665,21494,21495,21496,21678,21523,21482,21564,21520,21536],"product_tag":[29292,27381,29381,29305,29363,21742,29295,29353,29364,29385,29388,29350,29387,29386,29296,29351,29291,29352,29389,29294,29293],"class_list":{"0":"post-61400","1":"product","2":"type-product","3":"status-publish","4":"has-post-thumbnail","6":"product_cat-3-6-jahre-vorschule","7":"product_cat-6-12-jahre-grundschule","8":"product_cat-alphabetisierung-sprache","9":"product_cat-lernmaterialien-spielzeug-montessori-waldorf-steiner-froebel","10":"product_cat-spiele-mit-offenem-ende","11":"product_cat-geschichtenerzaehlen","12":"product_cat-humangeographie-kultur","13":"product_cat-kultur-wissenschaft","14":"product_cat-lernthemen","15":"product_cat-montessori-paedagogik-material-spielzeug","16":"product_cat-montessori-spielzeug","17":"product_cat-nach-alter","18":"product_cat-naturspiel","19":"product_cat-neuheiten","20":"product_cat-safari-ltd","21":"product_cat-schulbedarf-fuer-zuhause","22":"product_cat-schulbedarf-fuer-zuhause-3-6-jahre","23":"product_cat-schulbedarf-fuer-zuhause-6-12-jahre","24":"product_cat-kinder-spielzeug","25":"product_cat-topographie-de","26":"product_cat-traditionelle-bildung","27":"product_cat-unsere-marken","28":"product_cat-wissenschaft","29":"product_cat-wortschatz","30":"product_tag-bpa-freies-spielzeug","31":"product_tag-lernspielzeug-de","32":"product_tag-montessori-lernspielzeug-wahrzeichen-der-welt","33":"product_tag-montessori-realistische-tierfiguren","34":"product_tag-montessori-figuren-fur-die-sprache","35":"product_tag-montessori-spielzeug","36":"product_tag-montessori-spielzeug-fur-die-zoologie","37":"product_tag-nordamerikanisches-vogelspielzeug","38":"product_tag-objekte-der-montessori-sprache","39":"product_tag-realistische-montessori-toob-rund-um-die-welt-figuren","40":"product_tag-realistische-rund-um-die-welt-figuren","41":"product_tag-realistische-vogelmodelle","42":"product_tag-safari-lernspielzeug-wahrzeichen-der-welt","43":"product_tag-safari-rund-um-die-welt-realistische-figuren","44":"product_tag-safari-toob-de","45":"product_tag-safari-vogel-im-hinterhof-toob","46":"product_tag-safari-spielzeuge","47":"product_tag-safari-vogel","48":"product_tag-toob-rund-um-die-welt-figuren-safari","49":"product_tag-ungiftige-tierfiguren","50":"product_tag-ungiftiges-spielzeug","52":"first","53":"instock","54":"taxable","55":"shipping-taxable","56":"purchasable","57":"product-type-simple"},"yoast_head":"<!-- This site is optimized with the Yoast SEO plugin v27.3 - https:\/\/yoast.com\/product\/yoast-seo-wordpress\/ -->\n<title>TOOB rund um die Welt Figuren - Safari Ltd<\/title>\n<meta name=\"description\" content=\"Das Safari TOOB Set rund um die Welt Figuren von Safari mit realistischen Miniatur Figuren von Wahrzeichen ist ein wertvolles Montessori Lernspielzeug.\" \/>\n<meta name=\"robots\" content=\"index, follow, max-snippet:-1, max-image-preview:large, max-video-preview:-1\" \/>\n<link rel=\"canonical\" href=\"https:\/\/teiaeducation.ch\/de\/produkt\/toob-rund-um-die-welt-figuren-safari-ltd\/\" \/>\n<meta property=\"og:locale\" content=\"de_DE\" \/>\n<meta property=\"og:type\" content=\"article\" \/>\n<meta property=\"og:title\" content=\"TOOB rund um die Welt Figuren - Safari Ltd\" \/>\n<meta property=\"og:description\" content=\"Das Safari TOOB Set rund um die Welt Figuren von Safari mit realistischen Miniatur Figuren von Wahrzeichen ist ein wertvolles Montessori Lernspielzeug.\" \/>\n<meta property=\"og:url\" content=\"https:\/\/teiaeducation.ch\/de\/produkt\/toob-rund-um-die-welt-figuren-safari-ltd\/\" \/>\n<meta property=\"og:site_name\" content=\"Sustainable Educational Products &amp; Ecological Toys\u00a0\" \/>\n<meta property=\"article:publisher\" content=\"https:\/\/www.facebook.com\/teiaeducation\/\" \/>\n<meta property=\"article:modified_time\" content=\"2024-10-03T06:46:25+00:00\" \/>\n<meta property=\"og:image\" content=\"https:\/\/teiaeducation.ch\/wp-content\/uploads\/2021\/03\/Around-the-world-TOOB-Realistic-miniature-landmark-figurines-Montessori-learning-toy-Safari-Ltd.jpg\" \/>\n\t<meta property=\"og:image:width\" content=\"1000\" \/>\n\t<meta property=\"og:image:height\" content=\"1000\" \/>\n\t<meta property=\"og:image:type\" content=\"image\/jpeg\" \/>\n<script type=\"application\/ld+json\" class=\"yoast-schema-graph\">{\"@context\":\"https:\\\/\\\/schema.org\",\"@graph\":[{\"@type\":\"WebPage\",\"@id\":\"https:\\\/\\\/teiaeducation.ch\\\/de\\\/produkt\\\/toob-rund-um-die-welt-figuren-safari-ltd\\\/\",\"url\":\"https:\\\/\\\/teiaeducation.ch\\\/de\\\/produkt\\\/toob-rund-um-die-welt-figuren-safari-ltd\\\/\",\"name\":\"TOOB rund um die Welt Figuren - Safari Ltd\",\"isPartOf\":{\"@id\":\"https:\\\/\\\/teiaeducation.ch\\\/de\\\/#website\"},\"primaryImageOfPage\":{\"@id\":\"https:\\\/\\\/teiaeducation.ch\\\/de\\\/produkt\\\/toob-rund-um-die-welt-figuren-safari-ltd\\\/#primaryimage\"},\"image\":{\"@id\":\"https:\\\/\\\/teiaeducation.ch\\\/de\\\/produkt\\\/toob-rund-um-die-welt-figuren-safari-ltd\\\/#primaryimage\"},\"thumbnailUrl\":\"https:\\\/\\\/teiaeducation.ch\\\/wp-content\\\/uploads\\\/2021\\\/03\\\/Around-the-world-TOOB-Realistic-miniature-landmark-figurines-Montessori-learning-toy-Safari-Ltd.jpg\",\"datePublished\":\"2021-03-09T14:16:26+00:00\",\"dateModified\":\"2024-10-03T06:46:25+00:00\",\"description\":\"Das Safari TOOB Set rund um die Welt Figuren von Safari mit realistischen Miniatur Figuren von Wahrzeichen ist ein wertvolles Montessori Lernspielzeug.\",\"breadcrumb\":{\"@id\":\"https:\\\/\\\/teiaeducation.ch\\\/de\\\/produkt\\\/toob-rund-um-die-welt-figuren-safari-ltd\\\/#breadcrumb\"},\"inLanguage\":\"de-CH\",\"potentialAction\":[{\"@type\":\"ReadAction\",\"target\":[\"https:\\\/\\\/teiaeducation.ch\\\/de\\\/produkt\\\/toob-rund-um-die-welt-figuren-safari-ltd\\\/\"]}]},{\"@type\":\"ImageObject\",\"inLanguage\":\"de-CH\",\"@id\":\"https:\\\/\\\/teiaeducation.ch\\\/de\\\/produkt\\\/toob-rund-um-die-welt-figuren-safari-ltd\\\/#primaryimage\",\"url\":\"https:\\\/\\\/teiaeducation.ch\\\/wp-content\\\/uploads\\\/2021\\\/03\\\/Around-the-world-TOOB-Realistic-miniature-landmark-figurines-Montessori-learning-toy-Safari-Ltd.jpg\",\"contentUrl\":\"https:\\\/\\\/teiaeducation.ch\\\/wp-content\\\/uploads\\\/2021\\\/03\\\/Around-the-world-TOOB-Realistic-miniature-landmark-figurines-Montessori-learning-toy-Safari-Ltd.jpg\",\"width\":1000,\"height\":1000,\"caption\":\"TOOB rund um die Welt Figuren : Realistische Miniatur-Landmark-Figuren Montessori-Lernspielzeug - Safari Ltd\"},{\"@type\":\"BreadcrumbList\",\"@id\":\"https:\\\/\\\/teiaeducation.ch\\\/de\\\/produkt\\\/toob-rund-um-die-welt-figuren-safari-ltd\\\/#breadcrumb\",\"itemListElement\":[{\"@type\":\"ListItem\",\"position\":1,\"name\":\"Home\",\"item\":\"https:\\\/\\\/teiaeducation.ch\\\/de\\\/\"},{\"@type\":\"ListItem\",\"position\":2,\"name\":\"Laden\",\"item\":\"https:\\\/\\\/teiaeducation.ch\\\/de\\\/shop\\\/\"},{\"@type\":\"ListItem\",\"position\":3,\"name\":\"Unsere Marken\",\"item\":\"https:\\\/\\\/teiaeducation.ch\\\/de\\\/produkt-kategorie\\\/unsere-marken\\\/\"},{\"@type\":\"ListItem\",\"position\":4,\"name\":\"Safari Ltd\",\"item\":\"https:\\\/\\\/teiaeducation.ch\\\/de\\\/produkt-kategorie\\\/unsere-marken\\\/safari-ltd\\\/\"},{\"@type\":\"ListItem\",\"position\":5,\"name\":\"TOOB rund um die Welt Figuren &#8211; Safari Ltd\"}]},{\"@type\":\"WebSite\",\"@id\":\"https:\\\/\\\/teiaeducation.ch\\\/de\\\/#website\",\"url\":\"https:\\\/\\\/teiaeducation.ch\\\/de\\\/\",\"name\":\"Sustainable Educational Products &amp; Ecological Toys\u00a0\",\"description\":\"Specialised Swiss shop selling sustainable educational toys and games, AMI certified Montessori materials, handmade ecological wooden Waldorf toys and arts &amp; crafts supplies, school supplies, children&#039;s furniture and Montessori reference and parenting books.\",\"publisher\":{\"@id\":\"https:\\\/\\\/teiaeducation.ch\\\/de\\\/#organization\"},\"alternateName\":\"Teia Education & Play\",\"potentialAction\":[{\"@type\":\"SearchAction\",\"target\":{\"@type\":\"EntryPoint\",\"urlTemplate\":\"https:\\\/\\\/teiaeducation.ch\\\/de\\\/?s={search_term_string}\"},\"query-input\":{\"@type\":\"PropertyValueSpecification\",\"valueRequired\":true,\"valueName\":\"search_term_string\"}}],\"inLanguage\":\"de-CH\"},{\"@type\":\"Organization\",\"@id\":\"https:\\\/\\\/teiaeducation.ch\\\/de\\\/#organization\",\"name\":\"Teia Education & Play\",\"url\":\"https:\\\/\\\/teiaeducation.ch\\\/de\\\/\",\"logo\":{\"@type\":\"ImageObject\",\"inLanguage\":\"de-CH\",\"@id\":\"https:\\\/\\\/teiaeducation.ch\\\/de\\\/#\\\/schema\\\/logo\\\/image\\\/\",\"url\":\"https:\\\/\\\/teiaeducation.ch\\\/wp-content\\\/uploads\\\/2020\\\/11\\\/Teia-Education-Switzerland-e1620156442216.jpg\",\"contentUrl\":\"https:\\\/\\\/teiaeducation.ch\\\/wp-content\\\/uploads\\\/2020\\\/11\\\/Teia-Education-Switzerland-e1620156442216.jpg\",\"width\":166,\"height\":145,\"caption\":\"Teia Education & Play\"},\"image\":{\"@id\":\"https:\\\/\\\/teiaeducation.ch\\\/de\\\/#\\\/schema\\\/logo\\\/image\\\/\"},\"sameAs\":[\"https:\\\/\\\/www.facebook.com\\\/teiaeducation\\\/\",\"https:\\\/\\\/x.com\\\/EducationTeia\",\"https:\\\/\\\/www.instagram.com\\\/teia.education\\\/\",\"https:\\\/\\\/www.linkedin.com\\\/company\\\/35501660\",\"https:\\\/\\\/www.pinterest.ch\\\/TeiaEducation\\\/\"]}]}<\/script>\n<!-- \/ Yoast SEO plugin. -->","yoast_head_json":{"title":"TOOB rund um die Welt Figuren - Safari Ltd","description":"Das Safari TOOB Set rund um die Welt Figuren von Safari mit realistischen Miniatur Figuren von Wahrzeichen ist ein wertvolles Montessori Lernspielzeug.","robots":{"index":"index","follow":"follow","max-snippet":"max-snippet:-1","max-image-preview":"max-image-preview:large","max-video-preview":"max-video-preview:-1"},"canonical":"https:\/\/teiaeducation.ch\/de\/produkt\/toob-rund-um-die-welt-figuren-safari-ltd\/","og_locale":"de_DE","og_type":"article","og_title":"TOOB rund um die Welt Figuren - Safari Ltd","og_description":"Das Safari TOOB Set rund um die Welt Figuren von Safari mit realistischen Miniatur Figuren von Wahrzeichen ist ein wertvolles Montessori Lernspielzeug.","og_url":"https:\/\/teiaeducation.ch\/de\/produkt\/toob-rund-um-die-welt-figuren-safari-ltd\/","og_site_name":"Sustainable Educational Products &amp; Ecological Toys\u00a0","article_publisher":"https:\/\/www.facebook.com\/teiaeducation\/","article_modified_time":"2024-10-03T06:46:25+00:00","og_image":[{"width":1000,"height":1000,"url":"https:\/\/teiaeducation.ch\/wp-content\/uploads\/2021\/03\/Around-the-world-TOOB-Realistic-miniature-landmark-figurines-Montessori-learning-toy-Safari-Ltd.jpg","type":"image\/jpeg"}],"schema":{"@context":"https:\/\/schema.org","@graph":[{"@type":"WebPage","@id":"https:\/\/teiaeducation.ch\/de\/produkt\/toob-rund-um-die-welt-figuren-safari-ltd\/","url":"https:\/\/teiaeducation.ch\/de\/produkt\/toob-rund-um-die-welt-figuren-safari-ltd\/","name":"TOOB rund um die Welt Figuren - Safari Ltd","isPartOf":{"@id":"https:\/\/teiaeducation.ch\/de\/#website"},"primaryImageOfPage":{"@id":"https:\/\/teiaeducation.ch\/de\/produkt\/toob-rund-um-die-welt-figuren-safari-ltd\/#primaryimage"},"image":{"@id":"https:\/\/teiaeducation.ch\/de\/produkt\/toob-rund-um-die-welt-figuren-safari-ltd\/#primaryimage"},"thumbnailUrl":"https:\/\/teiaeducation.ch\/wp-content\/uploads\/2021\/03\/Around-the-world-TOOB-Realistic-miniature-landmark-figurines-Montessori-learning-toy-Safari-Ltd.jpg","datePublished":"2021-03-09T14:16:26+00:00","dateModified":"2024-10-03T06:46:25+00:00","description":"Das Safari TOOB Set rund um die Welt Figuren von Safari mit realistischen Miniatur Figuren von Wahrzeichen ist ein wertvolles Montessori Lernspielzeug.","breadcrumb":{"@id":"https:\/\/teiaeducation.ch\/de\/produkt\/toob-rund-um-die-welt-figuren-safari-ltd\/#breadcrumb"},"inLanguage":"de-CH","potentialAction":[{"@type":"ReadAction","target":["https:\/\/teiaeducation.ch\/de\/produkt\/toob-rund-um-die-welt-figuren-safari-ltd\/"]}]},{"@type":"ImageObject","inLanguage":"de-CH","@id":"https:\/\/teiaeducation.ch\/de\/produkt\/toob-rund-um-die-welt-figuren-safari-ltd\/#primaryimage","url":"https:\/\/teiaeducation.ch\/wp-content\/uploads\/2021\/03\/Around-the-world-TOOB-Realistic-miniature-landmark-figurines-Montessori-learning-toy-Safari-Ltd.jpg","contentUrl":"https:\/\/teiaeducation.ch\/wp-content\/uploads\/2021\/03\/Around-the-world-TOOB-Realistic-miniature-landmark-figurines-Montessori-learning-toy-Safari-Ltd.jpg","width":1000,"height":1000,"caption":"TOOB rund um die Welt Figuren : Realistische Miniatur-Landmark-Figuren Montessori-Lernspielzeug - Safari Ltd"},{"@type":"BreadcrumbList","@id":"https:\/\/teiaeducation.ch\/de\/produkt\/toob-rund-um-die-welt-figuren-safari-ltd\/#breadcrumb","itemListElement":[{"@type":"ListItem","position":1,"name":"Home","item":"https:\/\/teiaeducation.ch\/de\/"},{"@type":"ListItem","position":2,"name":"Laden","item":"https:\/\/teiaeducation.ch\/de\/shop\/"},{"@type":"ListItem","position":3,"name":"Unsere Marken","item":"https:\/\/teiaeducation.ch\/de\/produkt-kategorie\/unsere-marken\/"},{"@type":"ListItem","position":4,"name":"Safari Ltd","item":"https:\/\/teiaeducation.ch\/de\/produkt-kategorie\/unsere-marken\/safari-ltd\/"},{"@type":"ListItem","position":5,"name":"TOOB rund um die Welt Figuren &#8211; Safari Ltd"}]},{"@type":"WebSite","@id":"https:\/\/teiaeducation.ch\/de\/#website","url":"https:\/\/teiaeducation.ch\/de\/","name":"Sustainable Educational Products &amp; Ecological Toys\u00a0","description":"Specialised Swiss shop selling sustainable educational toys and games, AMI certified Montessori materials, handmade ecological wooden Waldorf toys and arts &amp; crafts supplies, school supplies, children&#039;s furniture and Montessori reference and parenting books.","publisher":{"@id":"https:\/\/teiaeducation.ch\/de\/#organization"},"alternateName":"Teia Education & Play","potentialAction":[{"@type":"SearchAction","target":{"@type":"EntryPoint","urlTemplate":"https:\/\/teiaeducation.ch\/de\/?s={search_term_string}"},"query-input":{"@type":"PropertyValueSpecification","valueRequired":true,"valueName":"search_term_string"}}],"inLanguage":"de-CH"},{"@type":"Organization","@id":"https:\/\/teiaeducation.ch\/de\/#organization","name":"Teia Education & Play","url":"https:\/\/teiaeducation.ch\/de\/","logo":{"@type":"ImageObject","inLanguage":"de-CH","@id":"https:\/\/teiaeducation.ch\/de\/#\/schema\/logo\/image\/","url":"https:\/\/teiaeducation.ch\/wp-content\/uploads\/2020\/11\/Teia-Education-Switzerland-e1620156442216.jpg","contentUrl":"https:\/\/teiaeducation.ch\/wp-content\/uploads\/2020\/11\/Teia-Education-Switzerland-e1620156442216.jpg","width":166,"height":145,"caption":"Teia Education & Play"},"image":{"@id":"https:\/\/teiaeducation.ch\/de\/#\/schema\/logo\/image\/"},"sameAs":["https:\/\/www.facebook.com\/teiaeducation\/","https:\/\/x.com\/EducationTeia","https:\/\/www.instagram.com\/teia.education\/","https:\/\/www.linkedin.com\/company\/35501660","https:\/\/www.pinterest.ch\/TeiaEducation\/"]}]}},"_links":{"self":[{"href":"https:\/\/teiaeducation.ch\/de\/wp-json\/wp\/v2\/product\/61400","targetHints":{"allow":["GET"]}}],"collection":[{"href":"https:\/\/teiaeducation.ch\/de\/wp-json\/wp\/v2\/product"}],"about":[{"href":"https:\/\/teiaeducation.ch\/de\/wp-json\/wp\/v2\/types\/product"}],"replies":[{"embeddable":true,"href":"https:\/\/teiaeducation.ch\/de\/wp-json\/wp\/v2\/comments?post=61400"}],"wp:featuredmedia":[{"embeddable":true,"href":"https:\/\/teiaeducation.ch\/de\/wp-json\/wp\/v2\/media\/61401"}],"wp:attachment":[{"href":"https:\/\/teiaeducation.ch\/de\/wp-json\/wp\/v2\/media?parent=61400"}],"wp:term":[{"taxonomy":"product_brand","embeddable":true,"href":"https:\/\/teiaeducation.ch\/de\/wp-json\/wp\/v2\/product_brand?post=61400"},{"taxonomy":"product_cat","embeddable":true,"href":"https:\/\/teiaeducation.ch\/de\/wp-json\/wp\/v2\/product_cat?post=61400"},{"taxonomy":"product_tag","embeddable":true,"href":"https:\/\/teiaeducation.ch\/de\/wp-json\/wp\/v2\/product_tag?post=61400"}],"curies":[{"name":"wp","href":"https:\/\/api.w.org\/{rel}","templated":true}]}}