{"id":61408,"date":"2023-11-10T14:16:11","date_gmt":"2023-11-10T13:16:11","guid":{"rendered":"https:\/\/teiaeducation.ch\/product\/startaler-ostheimer\/"},"modified":"2025-02-25T15:06:14","modified_gmt":"2025-02-25T14:06:14","slug":"startaler-ostheimer","status":"publish","type":"product","link":"https:\/\/teiaeducation.ch\/de\/produkt\/startaler-ostheimer\/","title":{"rendered":"Startaler &#8211; Ostheimer"},"content":{"rendered":"<p>Die sch\u00f6ne handgefertigte Holzspielzeugfigur Startaler M\u00e4dchen aus dem Ostheimer M\u00e4rchenwelten Sortiment wird Ihrem kleinen Tr\u00e4umer sicher gefallen!<\/p>\n<p>Kinder lieben es in die fantasievolle Welt der M\u00e4rchen einzutauchen und lauschen atemlos den Erz\u00e4hlungen von <a href=\"https:\/\/teiaeducation.ch\/de\/product\/snow-white-ostheimer\/\">Schneewittchen<\/a> und <a href=\"https:\/\/teiaeducation.ch\/product\/red-riding-hood-ostheimer\/\">Rotk\u00e4ppchen<\/a>, von <a href=\"https:\/\/teiaeducation.ch\/de\/produkt\/prinz-ostheimer\/\">Prinzen<\/a> und <a href=\"https:\/\/teiaeducation.ch\/product\/princess-ostheimer\/\">Prinzessinnen.<\/a> Mit den sorgf\u00e4ltig handgefertigten Ostheimer Holzfiguren k\u00f6nnen Kinder die geh\u00f6rten Geschichten nacherleben. Das Design der sch\u00f6nen M\u00e4rchenfiguren spiegelt deren Sch\u00f6nheit und fantasievollen Charakter wider.<\/p>\n<p>Diese Ostheimer Holzspielzeugfigur erz\u00e4hlt die Geschichte des <a href=\"https:\/\/teiaeducation.ch\/product\/an-illustrated-treasury-of-grimms-fairy-tales-jacob-and-wilhelm-grimm\/\">Grimmschen M\u00e4rchens<\/a> \u201eSterntaler&#8221;: Ein gutherziges Waisenm\u00e4dchen hat nur ihre Kleider und einen Laib Brot, den ihr eine gute Seele geschenkt hat. Sie gibt einem hungrigen Bettler ihr Brot, und drei frierenden Kindern schenkt sie ihre Winterm\u00fctze, ihre Jacke und ihr Kleid. Nachdem sie in einen Wald gegangen ist, sieht sie ein nacktes Kind, das um ein Unterkleid bettelt, und da es dunkel ist und sie nicht gesehen werden kann, gibt sie ihr eigenes weg. Als sie so dasteht und nichts mehr hat, fallen pl\u00f6tzlich Sterne vor ihr auf die Erde, die sich in Taler (Silberm\u00fcnzen) verwandeln, und sie findet sich in einem neuen Kleid aus feinstem Leinen wieder. Die Geschichte endet damit, dass sie reich ist. (<a href=\"https:\/\/en.wikipedia.org\/wiki\/The_Star_Money\">Quelle<\/a>)<\/p>\n<p>Ostheimer Holzspielzeug wird zu 100 % in Handarbeit in Deutschland aus zertifizierten Materialien hergestellt, was die Sicherheit f\u00fcr Kinder beim Spielen garantiert.<\/p>\n<p>Die Ostheimer Startaler Holzspielzeugfigur ist 10 cm gro\u00df und wird f\u00fcr Kinder ab 3 Jahren empfohlen.<\/p>\n<p>Inhalte:<\/p>\n<p>1 h\u00f6lzerne Startaler Holzspielzeugfigur<\/p>\n<h2>\u00dcber Ostheimer<\/h2>\n<p>Ostheimer Holzspielzeug regt Kinder dazu an, die Welt mit allen Sinnen zu erfassen und sich im kreativen und <a href=\"https:\/\/teiaeducation.ch\/product-category\/play\/imaginative-role-play\/\">phantasievollen Spiel<\/a> frei zu entfalten, was f\u00fcr ein gesundes Aufwachsen so wichtig ist.<\/p>\n<p>Als unverzichtbare <a href=\"https:\/\/teiaeducation.ch\/product-category\/hgh-quality-toys-play\/waldorf-toys\/\">Waldorfspielzeugmarke<\/a> stellt Ostheimer seit \u00fcber 80 Jahren sorgf\u00e4ltig <a href=\"https:\/\/teiaeducation.ch\/product-category\/play\/wooden-figures\/\">Holzfiguren<\/a> und <a href=\"https:\/\/teiaeducation.ch\/product-category\/play\/animals-farms\/\">Holztiere<\/a> her. Individuell von Hand gefertigt, bieten die hochwertigen Ostheimer Holzspielzeug Kinder mit einem sch\u00f6nen und angenehmen Bild von Menschen und Tieren. Sie sind so geformt, dass kleine H\u00e4nde die volle taktile und <a href=\"https:\/\/teiaeducation.ch\/product-category\/play\/sensory-play\/\">sensorische<\/a> Erfahrung des nat\u00fcrlichen Holzes erleben k\u00f6nnen.<\/p>\n<p>Jedes <a href=\"https:\/\/teiaeducation.ch\/product-category\/brands\/ostheimer\/\">Ostheimer<\/a> Holzspielzeug ist mit sorgf\u00e4ltig ausgew\u00e4hlten Farben bemalt, die speichelfest sind und keine sch\u00e4dlichen Substanzen enthalten. Sie werden mit Bio-\u00d6l behandelt, um die nat\u00fcrlichen Eigenschaften des Holzes zu erhalten und die Holzstruktur durchscheinen zu lassen.<\/p>\n","protected":false},"excerpt":{"rendered":"<p>Artikelnummer: OST25071<\/p>\n<p>Die liebevoll handgefertigte Holzspielzeugfigur Startaler M\u00e4dchen aus dem Ostheimer M\u00e4rchenwelten Sortiment erz\u00e4hlt die Geschichte des Grimmschen M\u00e4rchens Startaler!<\/p>\n","protected":false},"featured_media":57106,"comment_status":"open","ping_status":"closed","template":"","meta":[],"product_brand":[],"product_cat":[21445,21446,22033,21479,21465,21690,21488,21484,22422,23075,21705,29458,21443,21563,23820,22351,21678,21564,21483,22919],"product_tag":[27763,27762,26834,26835,26833,27759,27723,27725,27724,27760,27761,23844,23956],"class_list":{"0":"post-61408","1":"product","2":"type-product","3":"status-publish","4":"has-post-thumbnail","6":"product_cat-3-6-jahre-vorschule","7":"product_cat-6-12-jahre-grundschule","8":"product_cat-adventskalender-geschenke-strumpffueller","9":"product_cat-lernmaterialien-spielzeug-montessori-waldorf-steiner-froebel","10":"product_cat-feier-festlichkeiten","11":"product_cat-spiele-mit-offenem-ende","12":"product_cat-geschenk-guide-6-12-jahre-grundschule","13":"product_cat-geschenk-guides","14":"product_cat-geschenke-fuer-das-osterkoerbchen","15":"product_cat-handgefertigtes-holzspielzeug","16":"product_cat-holzfiguren","17":"product_cat-maerchenwelt","18":"product_cat-nach-alter","19":"product_cat-neuheiten","20":"product_cat-ostheimer-de","21":"product_cat-rituale-adventszeit","22":"product_cat-kinder-spielzeug","23":"product_cat-unsere-marken","24":"product_cat-waldorf-steiner-paedagogik","25":"product_cat-waldorfspielzeug","26":"product_tag-grimms-marchen-startaler-ostheimer","27":"product_tag-ostheimer-grimms-startaler-figur","28":"product_tag-ostheimer-konig","29":"product_tag-ostheimer-konig-spielzeugfigur","30":"product_tag-ostheimer-marchen-konig","31":"product_tag-ostheimer-marchen-startaler","32":"product_tag-ostheimer-marchenprinz","33":"product_tag-ostheimer-prinz","34":"product_tag-ostheimer-prinz-spielzeugfigur","35":"product_tag-ostheimer-startaler-de","36":"product_tag-ostheimer-startaler-spielzeugfigur","37":"product_tag-ostheimer-waldorf-holzspielzeug","38":"product_tag-ostheimer-zauberhafte-marchenwelt-sortiment","40":"first","41":"instock","42":"taxable","43":"shipping-taxable","44":"purchasable","45":"product-type-simple"},"yoast_head":"<!-- This site is optimized with the Yoast SEO plugin v27.1.1 - https:\/\/yoast.com\/product\/yoast-seo-wordpress\/ -->\n<title>Startaler - Ostheimer - Teia Education &amp; Play<\/title>\n<meta name=\"description\" content=\"Die handgefertigte Holzspielzeugfigur Startaler M\u00e4dchen aus dem Ostheimer M\u00e4rchenwelten Sortiment erz\u00e4hlt die Geschichte des Grimmschen M\u00e4rchens Sterntaler.\" \/>\n<meta name=\"robots\" content=\"index, follow, max-snippet:-1, max-image-preview:large, max-video-preview:-1\" \/>\n<link rel=\"canonical\" href=\"https:\/\/teiaeducation.ch\/de\/produkt\/startaler-ostheimer\/\" \/>\n<meta property=\"og:locale\" content=\"de_DE\" \/>\n<meta property=\"og:type\" content=\"article\" \/>\n<meta property=\"og:title\" content=\"Startaler - Ostheimer - Teia Education &amp; Play\" \/>\n<meta property=\"og:description\" content=\"Die handgefertigte Holzspielzeugfigur Startaler M\u00e4dchen aus dem Ostheimer M\u00e4rchenwelten Sortiment erz\u00e4hlt die Geschichte des Grimmschen M\u00e4rchens Sterntaler.\" \/>\n<meta property=\"og:url\" content=\"https:\/\/teiaeducation.ch\/de\/produkt\/startaler-ostheimer\/\" \/>\n<meta property=\"og:site_name\" content=\"Sustainable Educational Products &amp; Ecological Toys\u00a0\" \/>\n<meta property=\"article:publisher\" content=\"https:\/\/www.facebook.com\/teiaeducation\/\" \/>\n<meta property=\"article:modified_time\" content=\"2025-02-25T14:06:14+00:00\" \/>\n<meta property=\"og:image\" content=\"https:\/\/teiaeducation.ch\/wp-content\/uploads\/2023\/11\/Ostheimer-fairy-tale-worlds-range-figures-Wooden-toy-startaler.jpg\" \/>\n\t<meta property=\"og:image:width\" content=\"800\" \/>\n\t<meta property=\"og:image:height\" content=\"800\" \/>\n\t<meta property=\"og:image:type\" content=\"image\/jpeg\" \/>\n<script type=\"application\/ld+json\" class=\"yoast-schema-graph\">{\"@context\":\"https:\/\/schema.org\",\"@graph\":[{\"@type\":\"WebPage\",\"@id\":\"https:\/\/teiaeducation.ch\/de\/produkt\/startaler-ostheimer\/\",\"url\":\"https:\/\/teiaeducation.ch\/de\/produkt\/startaler-ostheimer\/\",\"name\":\"Startaler - Ostheimer - Teia Education & Play\",\"isPartOf\":{\"@id\":\"https:\/\/teiaeducation.ch\/de\/#website\"},\"primaryImageOfPage\":{\"@id\":\"https:\/\/teiaeducation.ch\/de\/produkt\/startaler-ostheimer\/#primaryimage\"},\"image\":{\"@id\":\"https:\/\/teiaeducation.ch\/de\/produkt\/startaler-ostheimer\/#primaryimage\"},\"thumbnailUrl\":\"https:\/\/teiaeducation.ch\/wp-content\/uploads\/2023\/11\/Ostheimer-fairy-tale-worlds-range-figures-Wooden-toy-startaler.jpg\",\"datePublished\":\"2023-11-10T13:16:11+00:00\",\"dateModified\":\"2025-02-25T14:06:14+00:00\",\"description\":\"Die handgefertigte Holzspielzeugfigur Startaler M\u00e4dchen aus dem Ostheimer M\u00e4rchenwelten Sortiment erz\u00e4hlt die Geschichte des Grimmschen M\u00e4rchens Sterntaler.\",\"breadcrumb\":{\"@id\":\"https:\/\/teiaeducation.ch\/de\/produkt\/startaler-ostheimer\/#breadcrumb\"},\"inLanguage\":\"de-CH\",\"potentialAction\":[{\"@type\":\"ReadAction\",\"target\":[\"https:\/\/teiaeducation.ch\/de\/produkt\/startaler-ostheimer\/\"]}]},{\"@type\":\"ImageObject\",\"inLanguage\":\"de-CH\",\"@id\":\"https:\/\/teiaeducation.ch\/de\/produkt\/startaler-ostheimer\/#primaryimage\",\"url\":\"https:\/\/teiaeducation.ch\/wp-content\/uploads\/2023\/11\/Ostheimer-fairy-tale-worlds-range-figures-Wooden-toy-startaler.jpg\",\"contentUrl\":\"https:\/\/teiaeducation.ch\/wp-content\/uploads\/2023\/11\/Ostheimer-fairy-tale-worlds-range-figures-Wooden-toy-startaler.jpg\",\"width\":800,\"height\":800,\"caption\":\"Ostheimer M\u00e4rchenwelten Sortiment Holzspielzeug Startaler Figur\"},{\"@type\":\"BreadcrumbList\",\"@id\":\"https:\/\/teiaeducation.ch\/de\/produkt\/startaler-ostheimer\/#breadcrumb\",\"itemListElement\":[{\"@type\":\"ListItem\",\"position\":1,\"name\":\"Home\",\"item\":\"https:\/\/teiaeducation.ch\/de\/\"},{\"@type\":\"ListItem\",\"position\":2,\"name\":\"Laden\",\"item\":\"https:\/\/teiaeducation.ch\/de\/shop\/\"},{\"@type\":\"ListItem\",\"position\":3,\"name\":\"Unsere Marken\",\"item\":\"https:\/\/teiaeducation.ch\/de\/produkt-kategorie\/unsere-marken\/\"},{\"@type\":\"ListItem\",\"position\":4,\"name\":\"Ostheimer\",\"item\":\"https:\/\/teiaeducation.ch\/de\/produkt-kategorie\/unsere-marken\/ostheimer-de\/\"},{\"@type\":\"ListItem\",\"position\":5,\"name\":\"Startaler &#8211; Ostheimer\"}]},{\"@type\":\"WebSite\",\"@id\":\"https:\/\/teiaeducation.ch\/de\/#website\",\"url\":\"https:\/\/teiaeducation.ch\/de\/\",\"name\":\"Sustainable Educational Products &amp; Ecological Toys\u00a0\",\"description\":\"Specialised Swiss shop selling sustainable educational toys and games, AMI certified Montessori materials, handmade ecological wooden Waldorf toys and arts &amp; crafts supplies, school supplies, children&#039;s furniture and Montessori reference and parenting books.\",\"publisher\":{\"@id\":\"https:\/\/teiaeducation.ch\/de\/#organization\"},\"alternateName\":\"Teia Education & Play\",\"potentialAction\":[{\"@type\":\"SearchAction\",\"target\":{\"@type\":\"EntryPoint\",\"urlTemplate\":\"https:\/\/teiaeducation.ch\/de\/?s={search_term_string}\"},\"query-input\":{\"@type\":\"PropertyValueSpecification\",\"valueRequired\":true,\"valueName\":\"search_term_string\"}}],\"inLanguage\":\"de-CH\"},{\"@type\":\"Organization\",\"@id\":\"https:\/\/teiaeducation.ch\/de\/#organization\",\"name\":\"Teia Education & Play\",\"url\":\"https:\/\/teiaeducation.ch\/de\/\",\"logo\":{\"@type\":\"ImageObject\",\"inLanguage\":\"de-CH\",\"@id\":\"https:\/\/teiaeducation.ch\/de\/#\/schema\/logo\/image\/\",\"url\":\"https:\/\/teiaeducation.ch\/wp-content\/uploads\/2020\/11\/Teia-Education-Switzerland-e1620156442216.jpg\",\"contentUrl\":\"https:\/\/teiaeducation.ch\/wp-content\/uploads\/2020\/11\/Teia-Education-Switzerland-e1620156442216.jpg\",\"width\":166,\"height\":145,\"caption\":\"Teia Education & Play\"},\"image\":{\"@id\":\"https:\/\/teiaeducation.ch\/de\/#\/schema\/logo\/image\/\"},\"sameAs\":[\"https:\/\/www.facebook.com\/teiaeducation\/\",\"https:\/\/x.com\/EducationTeia\",\"https:\/\/www.instagram.com\/teia.education\/\",\"https:\/\/www.linkedin.com\/company\/35501660\",\"https:\/\/www.pinterest.ch\/TeiaEducation\/\"]}]}<\/script>\n<!-- \/ Yoast SEO plugin. -->","yoast_head_json":{"title":"Startaler - Ostheimer - Teia Education & Play","description":"Die handgefertigte Holzspielzeugfigur Startaler M\u00e4dchen aus dem Ostheimer M\u00e4rchenwelten Sortiment erz\u00e4hlt die Geschichte des Grimmschen M\u00e4rchens Sterntaler.","robots":{"index":"index","follow":"follow","max-snippet":"max-snippet:-1","max-image-preview":"max-image-preview:large","max-video-preview":"max-video-preview:-1"},"canonical":"https:\/\/teiaeducation.ch\/de\/produkt\/startaler-ostheimer\/","og_locale":"de_DE","og_type":"article","og_title":"Startaler - Ostheimer - Teia Education & Play","og_description":"Die handgefertigte Holzspielzeugfigur Startaler M\u00e4dchen aus dem Ostheimer M\u00e4rchenwelten Sortiment erz\u00e4hlt die Geschichte des Grimmschen M\u00e4rchens Sterntaler.","og_url":"https:\/\/teiaeducation.ch\/de\/produkt\/startaler-ostheimer\/","og_site_name":"Sustainable Educational Products &amp; Ecological Toys\u00a0","article_publisher":"https:\/\/www.facebook.com\/teiaeducation\/","article_modified_time":"2025-02-25T14:06:14+00:00","og_image":[{"width":800,"height":800,"url":"https:\/\/teiaeducation.ch\/wp-content\/uploads\/2023\/11\/Ostheimer-fairy-tale-worlds-range-figures-Wooden-toy-startaler.jpg","type":"image\/jpeg"}],"schema":{"@context":"https:\/\/schema.org","@graph":[{"@type":"WebPage","@id":"https:\/\/teiaeducation.ch\/de\/produkt\/startaler-ostheimer\/","url":"https:\/\/teiaeducation.ch\/de\/produkt\/startaler-ostheimer\/","name":"Startaler - Ostheimer - Teia Education & Play","isPartOf":{"@id":"https:\/\/teiaeducation.ch\/de\/#website"},"primaryImageOfPage":{"@id":"https:\/\/teiaeducation.ch\/de\/produkt\/startaler-ostheimer\/#primaryimage"},"image":{"@id":"https:\/\/teiaeducation.ch\/de\/produkt\/startaler-ostheimer\/#primaryimage"},"thumbnailUrl":"https:\/\/teiaeducation.ch\/wp-content\/uploads\/2023\/11\/Ostheimer-fairy-tale-worlds-range-figures-Wooden-toy-startaler.jpg","datePublished":"2023-11-10T13:16:11+00:00","dateModified":"2025-02-25T14:06:14+00:00","description":"Die handgefertigte Holzspielzeugfigur Startaler M\u00e4dchen aus dem Ostheimer M\u00e4rchenwelten Sortiment erz\u00e4hlt die Geschichte des Grimmschen M\u00e4rchens Sterntaler.","breadcrumb":{"@id":"https:\/\/teiaeducation.ch\/de\/produkt\/startaler-ostheimer\/#breadcrumb"},"inLanguage":"de-CH","potentialAction":[{"@type":"ReadAction","target":["https:\/\/teiaeducation.ch\/de\/produkt\/startaler-ostheimer\/"]}]},{"@type":"ImageObject","inLanguage":"de-CH","@id":"https:\/\/teiaeducation.ch\/de\/produkt\/startaler-ostheimer\/#primaryimage","url":"https:\/\/teiaeducation.ch\/wp-content\/uploads\/2023\/11\/Ostheimer-fairy-tale-worlds-range-figures-Wooden-toy-startaler.jpg","contentUrl":"https:\/\/teiaeducation.ch\/wp-content\/uploads\/2023\/11\/Ostheimer-fairy-tale-worlds-range-figures-Wooden-toy-startaler.jpg","width":800,"height":800,"caption":"Ostheimer M\u00e4rchenwelten Sortiment Holzspielzeug Startaler Figur"},{"@type":"BreadcrumbList","@id":"https:\/\/teiaeducation.ch\/de\/produkt\/startaler-ostheimer\/#breadcrumb","itemListElement":[{"@type":"ListItem","position":1,"name":"Home","item":"https:\/\/teiaeducation.ch\/de\/"},{"@type":"ListItem","position":2,"name":"Laden","item":"https:\/\/teiaeducation.ch\/de\/shop\/"},{"@type":"ListItem","position":3,"name":"Unsere Marken","item":"https:\/\/teiaeducation.ch\/de\/produkt-kategorie\/unsere-marken\/"},{"@type":"ListItem","position":4,"name":"Ostheimer","item":"https:\/\/teiaeducation.ch\/de\/produkt-kategorie\/unsere-marken\/ostheimer-de\/"},{"@type":"ListItem","position":5,"name":"Startaler &#8211; Ostheimer"}]},{"@type":"WebSite","@id":"https:\/\/teiaeducation.ch\/de\/#website","url":"https:\/\/teiaeducation.ch\/de\/","name":"Sustainable Educational Products &amp; Ecological Toys\u00a0","description":"Specialised Swiss shop selling sustainable educational toys and games, AMI certified Montessori materials, handmade ecological wooden Waldorf toys and arts &amp; crafts supplies, school supplies, children&#039;s furniture and Montessori reference and parenting books.","publisher":{"@id":"https:\/\/teiaeducation.ch\/de\/#organization"},"alternateName":"Teia Education & Play","potentialAction":[{"@type":"SearchAction","target":{"@type":"EntryPoint","urlTemplate":"https:\/\/teiaeducation.ch\/de\/?s={search_term_string}"},"query-input":{"@type":"PropertyValueSpecification","valueRequired":true,"valueName":"search_term_string"}}],"inLanguage":"de-CH"},{"@type":"Organization","@id":"https:\/\/teiaeducation.ch\/de\/#organization","name":"Teia Education & Play","url":"https:\/\/teiaeducation.ch\/de\/","logo":{"@type":"ImageObject","inLanguage":"de-CH","@id":"https:\/\/teiaeducation.ch\/de\/#\/schema\/logo\/image\/","url":"https:\/\/teiaeducation.ch\/wp-content\/uploads\/2020\/11\/Teia-Education-Switzerland-e1620156442216.jpg","contentUrl":"https:\/\/teiaeducation.ch\/wp-content\/uploads\/2020\/11\/Teia-Education-Switzerland-e1620156442216.jpg","width":166,"height":145,"caption":"Teia Education & Play"},"image":{"@id":"https:\/\/teiaeducation.ch\/de\/#\/schema\/logo\/image\/"},"sameAs":["https:\/\/www.facebook.com\/teiaeducation\/","https:\/\/x.com\/EducationTeia","https:\/\/www.instagram.com\/teia.education\/","https:\/\/www.linkedin.com\/company\/35501660","https:\/\/www.pinterest.ch\/TeiaEducation\/"]}]}},"_links":{"self":[{"href":"https:\/\/teiaeducation.ch\/de\/wp-json\/wp\/v2\/product\/61408","targetHints":{"allow":["GET"]}}],"collection":[{"href":"https:\/\/teiaeducation.ch\/de\/wp-json\/wp\/v2\/product"}],"about":[{"href":"https:\/\/teiaeducation.ch\/de\/wp-json\/wp\/v2\/types\/product"}],"replies":[{"embeddable":true,"href":"https:\/\/teiaeducation.ch\/de\/wp-json\/wp\/v2\/comments?post=61408"}],"wp:featuredmedia":[{"embeddable":true,"href":"https:\/\/teiaeducation.ch\/de\/wp-json\/wp\/v2\/media\/57106"}],"wp:attachment":[{"href":"https:\/\/teiaeducation.ch\/de\/wp-json\/wp\/v2\/media?parent=61408"}],"wp:term":[{"taxonomy":"product_brand","embeddable":true,"href":"https:\/\/teiaeducation.ch\/de\/wp-json\/wp\/v2\/product_brand?post=61408"},{"taxonomy":"product_cat","embeddable":true,"href":"https:\/\/teiaeducation.ch\/de\/wp-json\/wp\/v2\/product_cat?post=61408"},{"taxonomy":"product_tag","embeddable":true,"href":"https:\/\/teiaeducation.ch\/de\/wp-json\/wp\/v2\/product_tag?post=61408"}],"curies":[{"name":"wp","href":"https:\/\/api.w.org\/{rel}","templated":true}]}}