{"id":61414,"date":"2021-03-09T11:45:53","date_gmt":"2021-03-09T10:45:53","guid":{"rendered":"https:\/\/teiaeducation.ch\/product\/toob-antike-fossilien-figuren-safari-ltd\/"},"modified":"2024-10-03T08:58:13","modified_gmt":"2024-10-03T06:58:13","slug":"toob-antike-fossilien-figuren-safari-ltd","status":"publish","type":"product","link":"https:\/\/teiaeducation.ch\/de\/produkt\/toob-antike-fossilien-figuren-safari-ltd\/","title":{"rendered":"TOOB Antike Fossilien Figuren &#8211; Safari Ltd"},"content":{"rendered":"<p>Das Safari TOOB Set mit realistischen Antike Fossilien Miniatur Figuren der h\u00e4ufigsten, bisher entdeckten Fossilienarten ist ein wertvolles Montessori <a href=\"https:\/\/teiaeducation.ch\/product-category\/learning-themes\/\">Lernspielzeug<\/a> f\u00fcr jedes Zuhause oder <a href=\"https:\/\/teiaeducation.ch\/school-supplies-switzerland\/\">Klassenzimmer<\/a>!<\/p>\n<p>Das Set enth\u00e4lt einen Dinosaurier-Fu\u00dfabdruck, eine Riesenkrabbe, einen Ammoniten, eine Raptor-Kralle, einen versteinerten Frosch, einen Trilobiten, einen T-Rex-Zahn, einen versteinerten Fisch, eine Dinosaurierhaut und einen Seeskorpion.<\/p>\n<p>Die 10 professionell gefertigten und wissenschaftlich exakten Figuren helfen den Kindern, die Unterschiede zwischen den Fossilien zu erkennen, zu sch\u00e4tzen und zu bemerken. Sie sind f\u00fcr jeden geeignet, vom einfachen Enthusiasten bis zum echten Pal\u00e4ontologen! Im Mittelpunkt der Pal\u00e4ontologie stehen Fossilien, die vor allem im Hinblick auf ihr Alter, ihre Entstehungsgeschichte und die Erkenntnisse, die sie uns \u00fcber die aktuelle Taxonomie der Arten liefern, untersucht werden.<\/p>\n<p>Dieses hochwertige und langlebige TOOB-Set ist ein gro\u00dfartiges Lehrmittel und ein von <a href=\"https:\/\/teiaeducation.ch\/product-category\/hgh-quality-toys-play\/montessori-toys\/\">Montessori inspiriertes Spielzeug<\/a>.<\/p>\n<p>Die Lernfiguren zum Anfassen eignen sich hervorragend zur Unterst\u00fctzung des Unterrichts in den Bereichen <a href=\"https:\/\/teiaeducation.ch\/product-category\/learning-themes\/culture-science\/science\/\">Wissenschaft<\/a>, Pal\u00e4ontologie und <a href=\"https:\/\/teiaeducation.ch\/product-category\/learning-themes\/culture-science\/prehistory\/\">Vorgeschichte<\/a> sowie als wunderbare Sprachobjekte zur Bereicherung des <a href=\"https:\/\/teiaeducation.ch\/product-category\/learning-themes\/literacy-language\/vocabulary-2\/\">Wortschatzes<\/a> und zum <a href=\"https:\/\/teiaeducation.ch\/product-category\/learning-themes\/literacy-language\/story-telling\/\">Erz\u00e4hlen von Geschichten<\/a>. Sie sind auch eine wunderbare Erg\u00e4nzung f\u00fcr das freie Spiel in der kleinen Welt und die Naturausstellung.<\/p>\n<p>Jede realistische Fossil Figur aus diesem TOOB ist einzeln handbemalt. Sie sind ungiftig, BPA-frei und f\u00fcr Kinder ab 3 Jahren geeignet. Der TOOB, der die Figuren h\u00e4lt, hat eine L\u00e4nge von 32,5 cm.<\/p>\n<p>Inhalt:<\/p>\n<p>10 Miniatur Fossil Figuren<\/p>\n<h2>\u00dcber Safari Ltd<\/h2>\n<p>Die Amerikanische Familienmarke <a href=\"https:\/\/teiaeducation.ch\/product-category\/brands\/safari\/\">Safari Ltd\u00ae<\/a> stellt seit \u00fcber 30 Jahren wunderbar realistische <a href=\"https:\/\/teiaeducation.ch\/product-category\/play\/animals-farms\/\">Tierfiguren<\/a> und Lernhilfen her. Die sorgf\u00e4ltig gefertigten, hochwertigen und langlebigen Spielzeuge vermitteln Kindern die Bedeutung der <a href=\"https:\/\/teiaeducation.ch\/product-category\/play\/nature-play\/\">Natur<\/a> und des Naturschutzes durch die Freude am <a href=\"https:\/\/teiaeducation.ch\/product-category\/play\/imaginative-role-play\/\">fantasievollen Spiel<\/a> und k\u00f6nnen auf vielf\u00e4ltige Weise verwendet werden.<\/p>\n<p>Alle Produkte von Safari Ltd. sind ungiftig, <a href=\"https:\/\/en.wikipedia.org\/wiki\/Bisphenol_A\">BPA-frei<\/a>, bleifrei und phthalatfrei und werden strengen Sicherheitstests unterzogen, die alle weltweiten Vorschriften und Teststandards erf\u00fcllen und \u00fcbertreffen. Es werden umweltfreundliche Verpackungen verwendet, darunter recyceltes und wiederverwertbares Papier ohne UV-Lackierung, und in der gesamten Produktion werden umweltfreundliche Gesch\u00e4ftspraktiken angewandt.<\/p>\n","protected":false},"excerpt":{"rendered":"<p>Artikelnummer: S684804<\/p>\n<p>Das Safari TOOB Set Antike Fossilien von Safari mit realistischen Miniatur Figuren von Fossilien aus der Antike ist ein wertvolles Montessori Lernspielzeug!<\/p>\n","protected":false},"featured_media":61415,"comment_status":"open","ping_status":"closed","template":"","meta":[],"product_brand":[],"product_cat":[21445,21446,21524,21479,21514,21690,21535,21510,21509,21498,21481,22182,21443,21689,21563,21665,21494,21495,21496,21678,21680,21511,21482,21564,21519,21520,21536,21522],"product_tag":[29292,27381,29394,29305,29363,29395,21742,29295,29353,29364,29396,29350,29296,29351,29291,29352,29398,29397,29294,29293,29358],"class_list":{"0":"post-61414","1":"product","2":"type-product","3":"status-publish","4":"has-post-thumbnail","6":"product_cat-3-6-jahre-vorschule","7":"product_cat-6-12-jahre-grundschule","8":"product_cat-alphabetisierung-sprache","9":"product_cat-lernmaterialien-spielzeug-montessori-waldorf-steiner-froebel","10":"product_cat-dinosaurier","11":"product_cat-spiele-mit-offenem-ende","12":"product_cat-geschichtenerzaehlen","13":"product_cat-kultur-wissenschaft","14":"product_cat-lernthemen","15":"product_cat-montessori-materialien-fuer-zuhause-schulbedarf-fuer-zuhause","16":"product_cat-montessori-paedagogik-material-spielzeug","17":"product_cat-montessori-spielzeug","18":"product_cat-nach-alter","19":"product_cat-naturspiel","20":"product_cat-neuheiten","21":"product_cat-safari-ltd","22":"product_cat-schulbedarf-fuer-zuhause","23":"product_cat-schulbedarf-fuer-zuhause-3-6-jahre","24":"product_cat-schulbedarf-fuer-zuhause-6-12-jahre","25":"product_cat-kinder-spielzeug","26":"product_cat-tiere-bauernhoefe","27":"product_cat-tiergeographie-zoologie","28":"product_cat-traditionelle-bildung","29":"product_cat-unsere-marken","30":"product_cat-vorgeschichte","31":"product_cat-wissenschaft","32":"product_cat-wortschatz","33":"product_cat-zeitlinien","34":"product_tag-bpa-freies-spielzeug","35":"product_tag-lernspielzeug-de","36":"product_tag-montessori-realistische-antike-fossilien-figuren","37":"product_tag-montessori-realistische-tierfiguren","38":"product_tag-montessori-figuren-fur-die-sprache","39":"product_tag-montessori-lernspielzeug-alte-fossilien","40":"product_tag-montessori-spielzeug","41":"product_tag-montessori-spielzeug-fur-die-zoologie","42":"product_tag-nordamerikanisches-vogelspielzeug","43":"product_tag-objekte-der-montessori-sprache","44":"product_tag-realistische-antike-fossilien-figuren","45":"product_tag-realistische-vogelmodelle","46":"product_tag-safari-toob-de","47":"product_tag-safari-vogel-im-hinterhof-toob","48":"product_tag-safari-spielzeuge","49":"product_tag-safari-vogel","50":"product_tag-toob-antike-fossilien-figuren-safari","51":"product_tag-toob-antike-fossilien-safari","52":"product_tag-ungiftige-tierfiguren","53":"product_tag-ungiftiges-spielzeug","54":"product_tag-vogel-spielset","56":"first","57":"instock","58":"taxable","59":"shipping-taxable","60":"purchasable","61":"product-type-simple"},"yoast_head":"<!-- This site is optimized with the Yoast SEO plugin v27.3 - https:\/\/yoast.com\/product\/yoast-seo-wordpress\/ -->\n<title>TOOB Antike Fossilien Figuren - Safari Ltd<\/title>\n<meta name=\"description\" content=\"Das Safari TOOB Set Antike Fossilien von Safari mit realistischen Miniatur Figuren von Fossilien aus der Antike ist ein wertvolles Montessori Lernspielzeug.\" \/>\n<meta name=\"robots\" content=\"index, follow, max-snippet:-1, max-image-preview:large, max-video-preview:-1\" \/>\n<link rel=\"canonical\" href=\"https:\/\/teiaeducation.ch\/de\/produkt\/toob-antike-fossilien-figuren-safari-ltd\/\" \/>\n<meta property=\"og:locale\" content=\"de_DE\" \/>\n<meta property=\"og:type\" content=\"article\" \/>\n<meta property=\"og:title\" content=\"TOOB Antike Fossilien Figuren - Safari Ltd\" \/>\n<meta property=\"og:description\" content=\"Das Safari TOOB Set Antike Fossilien von Safari mit realistischen Miniatur Figuren von Fossilien aus der Antike ist ein wertvolles Montessori Lernspielzeug.\" \/>\n<meta property=\"og:url\" content=\"https:\/\/teiaeducation.ch\/de\/produkt\/toob-antike-fossilien-figuren-safari-ltd\/\" \/>\n<meta property=\"og:site_name\" content=\"Sustainable Educational Products &amp; Ecological Toys\u00a0\" \/>\n<meta property=\"article:publisher\" content=\"https:\/\/www.facebook.com\/teiaeducation\/\" \/>\n<meta property=\"article:modified_time\" content=\"2024-10-03T06:58:13+00:00\" \/>\n<meta property=\"og:image\" content=\"https:\/\/teiaeducation.ch\/wp-content\/uploads\/2021\/03\/Ancient-fossils-TOOB-Realistic-miniature-insect-figurines-Montessori-learning-toy-Safari-Ltd.jpg\" \/>\n\t<meta property=\"og:image:width\" content=\"1000\" \/>\n\t<meta property=\"og:image:height\" content=\"1000\" \/>\n\t<meta property=\"og:image:type\" content=\"image\/jpeg\" \/>\n<script type=\"application\/ld+json\" class=\"yoast-schema-graph\">{\"@context\":\"https:\\\/\\\/schema.org\",\"@graph\":[{\"@type\":\"WebPage\",\"@id\":\"https:\\\/\\\/teiaeducation.ch\\\/de\\\/produkt\\\/toob-antike-fossilien-figuren-safari-ltd\\\/\",\"url\":\"https:\\\/\\\/teiaeducation.ch\\\/de\\\/produkt\\\/toob-antike-fossilien-figuren-safari-ltd\\\/\",\"name\":\"TOOB Antike Fossilien Figuren - Safari Ltd\",\"isPartOf\":{\"@id\":\"https:\\\/\\\/teiaeducation.ch\\\/de\\\/#website\"},\"primaryImageOfPage\":{\"@id\":\"https:\\\/\\\/teiaeducation.ch\\\/de\\\/produkt\\\/toob-antike-fossilien-figuren-safari-ltd\\\/#primaryimage\"},\"image\":{\"@id\":\"https:\\\/\\\/teiaeducation.ch\\\/de\\\/produkt\\\/toob-antike-fossilien-figuren-safari-ltd\\\/#primaryimage\"},\"thumbnailUrl\":\"https:\\\/\\\/teiaeducation.ch\\\/wp-content\\\/uploads\\\/2021\\\/03\\\/Ancient-fossils-TOOB-Realistic-miniature-insect-figurines-Montessori-learning-toy-Safari-Ltd.jpg\",\"datePublished\":\"2021-03-09T10:45:53+00:00\",\"dateModified\":\"2024-10-03T06:58:13+00:00\",\"description\":\"Das Safari TOOB Set Antike Fossilien von Safari mit realistischen Miniatur Figuren von Fossilien aus der Antike ist ein wertvolles Montessori Lernspielzeug.\",\"breadcrumb\":{\"@id\":\"https:\\\/\\\/teiaeducation.ch\\\/de\\\/produkt\\\/toob-antike-fossilien-figuren-safari-ltd\\\/#breadcrumb\"},\"inLanguage\":\"de-CH\",\"potentialAction\":[{\"@type\":\"ReadAction\",\"target\":[\"https:\\\/\\\/teiaeducation.ch\\\/de\\\/produkt\\\/toob-antike-fossilien-figuren-safari-ltd\\\/\"]}]},{\"@type\":\"ImageObject\",\"inLanguage\":\"de-CH\",\"@id\":\"https:\\\/\\\/teiaeducation.ch\\\/de\\\/produkt\\\/toob-antike-fossilien-figuren-safari-ltd\\\/#primaryimage\",\"url\":\"https:\\\/\\\/teiaeducation.ch\\\/wp-content\\\/uploads\\\/2021\\\/03\\\/Ancient-fossils-TOOB-Realistic-miniature-insect-figurines-Montessori-learning-toy-Safari-Ltd.jpg\",\"contentUrl\":\"https:\\\/\\\/teiaeducation.ch\\\/wp-content\\\/uploads\\\/2021\\\/03\\\/Ancient-fossils-TOOB-Realistic-miniature-insect-figurines-Montessori-learning-toy-Safari-Ltd.jpg\",\"width\":1000,\"height\":1000,\"caption\":\"TOOB Antike Fossilien: Realistische Miniatur-Insektenfiguren Montessori-Lernspielzeug - Safari Ltd\"},{\"@type\":\"BreadcrumbList\",\"@id\":\"https:\\\/\\\/teiaeducation.ch\\\/de\\\/produkt\\\/toob-antike-fossilien-figuren-safari-ltd\\\/#breadcrumb\",\"itemListElement\":[{\"@type\":\"ListItem\",\"position\":1,\"name\":\"Home\",\"item\":\"https:\\\/\\\/teiaeducation.ch\\\/de\\\/\"},{\"@type\":\"ListItem\",\"position\":2,\"name\":\"Laden\",\"item\":\"https:\\\/\\\/teiaeducation.ch\\\/de\\\/shop\\\/\"},{\"@type\":\"ListItem\",\"position\":3,\"name\":\"Unsere Marken\",\"item\":\"https:\\\/\\\/teiaeducation.ch\\\/de\\\/produkt-kategorie\\\/unsere-marken\\\/\"},{\"@type\":\"ListItem\",\"position\":4,\"name\":\"Safari Ltd\",\"item\":\"https:\\\/\\\/teiaeducation.ch\\\/de\\\/produkt-kategorie\\\/unsere-marken\\\/safari-ltd\\\/\"},{\"@type\":\"ListItem\",\"position\":5,\"name\":\"TOOB Antike Fossilien Figuren &#8211; Safari Ltd\"}]},{\"@type\":\"WebSite\",\"@id\":\"https:\\\/\\\/teiaeducation.ch\\\/de\\\/#website\",\"url\":\"https:\\\/\\\/teiaeducation.ch\\\/de\\\/\",\"name\":\"Sustainable Educational Products &amp; Ecological Toys\u00a0\",\"description\":\"Specialised Swiss shop selling sustainable educational toys and games, AMI certified Montessori materials, handmade ecological wooden Waldorf toys and arts &amp; crafts supplies, school supplies, children&#039;s furniture and Montessori reference and parenting books.\",\"publisher\":{\"@id\":\"https:\\\/\\\/teiaeducation.ch\\\/de\\\/#organization\"},\"alternateName\":\"Teia Education & Play\",\"potentialAction\":[{\"@type\":\"SearchAction\",\"target\":{\"@type\":\"EntryPoint\",\"urlTemplate\":\"https:\\\/\\\/teiaeducation.ch\\\/de\\\/?s={search_term_string}\"},\"query-input\":{\"@type\":\"PropertyValueSpecification\",\"valueRequired\":true,\"valueName\":\"search_term_string\"}}],\"inLanguage\":\"de-CH\"},{\"@type\":\"Organization\",\"@id\":\"https:\\\/\\\/teiaeducation.ch\\\/de\\\/#organization\",\"name\":\"Teia Education & Play\",\"url\":\"https:\\\/\\\/teiaeducation.ch\\\/de\\\/\",\"logo\":{\"@type\":\"ImageObject\",\"inLanguage\":\"de-CH\",\"@id\":\"https:\\\/\\\/teiaeducation.ch\\\/de\\\/#\\\/schema\\\/logo\\\/image\\\/\",\"url\":\"https:\\\/\\\/teiaeducation.ch\\\/wp-content\\\/uploads\\\/2020\\\/11\\\/Teia-Education-Switzerland-e1620156442216.jpg\",\"contentUrl\":\"https:\\\/\\\/teiaeducation.ch\\\/wp-content\\\/uploads\\\/2020\\\/11\\\/Teia-Education-Switzerland-e1620156442216.jpg\",\"width\":166,\"height\":145,\"caption\":\"Teia Education & Play\"},\"image\":{\"@id\":\"https:\\\/\\\/teiaeducation.ch\\\/de\\\/#\\\/schema\\\/logo\\\/image\\\/\"},\"sameAs\":[\"https:\\\/\\\/www.facebook.com\\\/teiaeducation\\\/\",\"https:\\\/\\\/x.com\\\/EducationTeia\",\"https:\\\/\\\/www.instagram.com\\\/teia.education\\\/\",\"https:\\\/\\\/www.linkedin.com\\\/company\\\/35501660\",\"https:\\\/\\\/www.pinterest.ch\\\/TeiaEducation\\\/\"]}]}<\/script>\n<!-- \/ Yoast SEO plugin. -->","yoast_head_json":{"title":"TOOB Antike Fossilien Figuren - Safari Ltd","description":"Das Safari TOOB Set Antike Fossilien von Safari mit realistischen Miniatur Figuren von Fossilien aus der Antike ist ein wertvolles Montessori Lernspielzeug.","robots":{"index":"index","follow":"follow","max-snippet":"max-snippet:-1","max-image-preview":"max-image-preview:large","max-video-preview":"max-video-preview:-1"},"canonical":"https:\/\/teiaeducation.ch\/de\/produkt\/toob-antike-fossilien-figuren-safari-ltd\/","og_locale":"de_DE","og_type":"article","og_title":"TOOB Antike Fossilien Figuren - Safari Ltd","og_description":"Das Safari TOOB Set Antike Fossilien von Safari mit realistischen Miniatur Figuren von Fossilien aus der Antike ist ein wertvolles Montessori Lernspielzeug.","og_url":"https:\/\/teiaeducation.ch\/de\/produkt\/toob-antike-fossilien-figuren-safari-ltd\/","og_site_name":"Sustainable Educational Products &amp; Ecological Toys\u00a0","article_publisher":"https:\/\/www.facebook.com\/teiaeducation\/","article_modified_time":"2024-10-03T06:58:13+00:00","og_image":[{"width":1000,"height":1000,"url":"https:\/\/teiaeducation.ch\/wp-content\/uploads\/2021\/03\/Ancient-fossils-TOOB-Realistic-miniature-insect-figurines-Montessori-learning-toy-Safari-Ltd.jpg","type":"image\/jpeg"}],"schema":{"@context":"https:\/\/schema.org","@graph":[{"@type":"WebPage","@id":"https:\/\/teiaeducation.ch\/de\/produkt\/toob-antike-fossilien-figuren-safari-ltd\/","url":"https:\/\/teiaeducation.ch\/de\/produkt\/toob-antike-fossilien-figuren-safari-ltd\/","name":"TOOB Antike Fossilien Figuren - Safari Ltd","isPartOf":{"@id":"https:\/\/teiaeducation.ch\/de\/#website"},"primaryImageOfPage":{"@id":"https:\/\/teiaeducation.ch\/de\/produkt\/toob-antike-fossilien-figuren-safari-ltd\/#primaryimage"},"image":{"@id":"https:\/\/teiaeducation.ch\/de\/produkt\/toob-antike-fossilien-figuren-safari-ltd\/#primaryimage"},"thumbnailUrl":"https:\/\/teiaeducation.ch\/wp-content\/uploads\/2021\/03\/Ancient-fossils-TOOB-Realistic-miniature-insect-figurines-Montessori-learning-toy-Safari-Ltd.jpg","datePublished":"2021-03-09T10:45:53+00:00","dateModified":"2024-10-03T06:58:13+00:00","description":"Das Safari TOOB Set Antike Fossilien von Safari mit realistischen Miniatur Figuren von Fossilien aus der Antike ist ein wertvolles Montessori Lernspielzeug.","breadcrumb":{"@id":"https:\/\/teiaeducation.ch\/de\/produkt\/toob-antike-fossilien-figuren-safari-ltd\/#breadcrumb"},"inLanguage":"de-CH","potentialAction":[{"@type":"ReadAction","target":["https:\/\/teiaeducation.ch\/de\/produkt\/toob-antike-fossilien-figuren-safari-ltd\/"]}]},{"@type":"ImageObject","inLanguage":"de-CH","@id":"https:\/\/teiaeducation.ch\/de\/produkt\/toob-antike-fossilien-figuren-safari-ltd\/#primaryimage","url":"https:\/\/teiaeducation.ch\/wp-content\/uploads\/2021\/03\/Ancient-fossils-TOOB-Realistic-miniature-insect-figurines-Montessori-learning-toy-Safari-Ltd.jpg","contentUrl":"https:\/\/teiaeducation.ch\/wp-content\/uploads\/2021\/03\/Ancient-fossils-TOOB-Realistic-miniature-insect-figurines-Montessori-learning-toy-Safari-Ltd.jpg","width":1000,"height":1000,"caption":"TOOB Antike Fossilien: Realistische Miniatur-Insektenfiguren Montessori-Lernspielzeug - Safari Ltd"},{"@type":"BreadcrumbList","@id":"https:\/\/teiaeducation.ch\/de\/produkt\/toob-antike-fossilien-figuren-safari-ltd\/#breadcrumb","itemListElement":[{"@type":"ListItem","position":1,"name":"Home","item":"https:\/\/teiaeducation.ch\/de\/"},{"@type":"ListItem","position":2,"name":"Laden","item":"https:\/\/teiaeducation.ch\/de\/shop\/"},{"@type":"ListItem","position":3,"name":"Unsere Marken","item":"https:\/\/teiaeducation.ch\/de\/produkt-kategorie\/unsere-marken\/"},{"@type":"ListItem","position":4,"name":"Safari Ltd","item":"https:\/\/teiaeducation.ch\/de\/produkt-kategorie\/unsere-marken\/safari-ltd\/"},{"@type":"ListItem","position":5,"name":"TOOB Antike Fossilien Figuren &#8211; Safari Ltd"}]},{"@type":"WebSite","@id":"https:\/\/teiaeducation.ch\/de\/#website","url":"https:\/\/teiaeducation.ch\/de\/","name":"Sustainable Educational Products &amp; Ecological Toys\u00a0","description":"Specialised Swiss shop selling sustainable educational toys and games, AMI certified Montessori materials, handmade ecological wooden Waldorf toys and arts &amp; crafts supplies, school supplies, children&#039;s furniture and Montessori reference and parenting books.","publisher":{"@id":"https:\/\/teiaeducation.ch\/de\/#organization"},"alternateName":"Teia Education & Play","potentialAction":[{"@type":"SearchAction","target":{"@type":"EntryPoint","urlTemplate":"https:\/\/teiaeducation.ch\/de\/?s={search_term_string}"},"query-input":{"@type":"PropertyValueSpecification","valueRequired":true,"valueName":"search_term_string"}}],"inLanguage":"de-CH"},{"@type":"Organization","@id":"https:\/\/teiaeducation.ch\/de\/#organization","name":"Teia Education & Play","url":"https:\/\/teiaeducation.ch\/de\/","logo":{"@type":"ImageObject","inLanguage":"de-CH","@id":"https:\/\/teiaeducation.ch\/de\/#\/schema\/logo\/image\/","url":"https:\/\/teiaeducation.ch\/wp-content\/uploads\/2020\/11\/Teia-Education-Switzerland-e1620156442216.jpg","contentUrl":"https:\/\/teiaeducation.ch\/wp-content\/uploads\/2020\/11\/Teia-Education-Switzerland-e1620156442216.jpg","width":166,"height":145,"caption":"Teia Education & Play"},"image":{"@id":"https:\/\/teiaeducation.ch\/de\/#\/schema\/logo\/image\/"},"sameAs":["https:\/\/www.facebook.com\/teiaeducation\/","https:\/\/x.com\/EducationTeia","https:\/\/www.instagram.com\/teia.education\/","https:\/\/www.linkedin.com\/company\/35501660","https:\/\/www.pinterest.ch\/TeiaEducation\/"]}]}},"_links":{"self":[{"href":"https:\/\/teiaeducation.ch\/de\/wp-json\/wp\/v2\/product\/61414","targetHints":{"allow":["GET"]}}],"collection":[{"href":"https:\/\/teiaeducation.ch\/de\/wp-json\/wp\/v2\/product"}],"about":[{"href":"https:\/\/teiaeducation.ch\/de\/wp-json\/wp\/v2\/types\/product"}],"replies":[{"embeddable":true,"href":"https:\/\/teiaeducation.ch\/de\/wp-json\/wp\/v2\/comments?post=61414"}],"wp:featuredmedia":[{"embeddable":true,"href":"https:\/\/teiaeducation.ch\/de\/wp-json\/wp\/v2\/media\/61415"}],"wp:attachment":[{"href":"https:\/\/teiaeducation.ch\/de\/wp-json\/wp\/v2\/media?parent=61414"}],"wp:term":[{"taxonomy":"product_brand","embeddable":true,"href":"https:\/\/teiaeducation.ch\/de\/wp-json\/wp\/v2\/product_brand?post=61414"},{"taxonomy":"product_cat","embeddable":true,"href":"https:\/\/teiaeducation.ch\/de\/wp-json\/wp\/v2\/product_cat?post=61414"},{"taxonomy":"product_tag","embeddable":true,"href":"https:\/\/teiaeducation.ch\/de\/wp-json\/wp\/v2\/product_tag?post=61414"}],"curies":[{"name":"wp","href":"https:\/\/api.w.org\/{rel}","templated":true}]}}